{"id":164992,"date":"2024-02-28T14:24:10","date_gmt":"2024-02-28T13:24:10","guid":{"rendered":"https:\/\/www.printmaps.net\/123map-de-vs-printmaps\/"},"modified":"2024-10-04T14:33:17","modified_gmt":"2024-10-04T13:33:17","slug":"123map-de-vs-printmaps","status":"publish","type":"page","link":"https:\/\/www.printmaps.net\/fr\/123map-de-vs-printmaps\/","title":{"rendered":"Alternative \u00e0 Map-Machine : Printmaps.net"},"content":{"rendered":"\n<div class=\"wp-block-columns is-layout-flex wp-container-core-columns-is-layout-9d6595d7 wp-block-columns-is-layout-flex\">\n<div class=\"wp-block-column is-layout-flow wp-block-column-is-layout-flow\" style=\"flex-basis:66.66%\">\n<p><p>Si vous avez de l&rsquo;exp\u00e9rience avec <a href=\"https:\/\/www.map-machine.com\/\">Map-Machine.com<\/a> (de 123map), vous pourriez \u00eatre int\u00e9ress\u00e9 \u00e0 comparer Printmaps.net avec Map-machine ou 123map.<\/p><\/p>\n\n\n\n<p><p>Nous avons pr\u00e9par\u00e9 le tableau de comparaison suivant pour donner un aper\u00e7u rapide de certaines des <a href=\"\/fr\/features\/\">fonctionnalit\u00e9s les plus importantes de l&rsquo;\u00e9diteur Printmaps<\/a> et de leur comparaison avec 123map. Assurez-vous \u00e9galement d&rsquo;explorer des exemples de l&rsquo;utilisation actuelle de Printmaps.net ci-dessous notre tableau de comparaison. (<a href=\"\/fr\/\">Essayez l&rsquo;\u00e9diteur ici<\/a>.)<\/p><\/p>\n<\/div>\n\n\n\n<div class=\"wp-block-column is-layout-flow wp-block-column-is-layout-flow\" style=\"flex-basis:33.33%\"><div class=\"wp-block-image\">\n<figure class=\"aligncenter size-large is-resized\"><img fetchpriority=\"high\" fetchpriority=\"high\" decoding=\"async\" width=\"251\" height=\"320\" src=\"https:\/\/www.printmaps.net\/wp-content\/uploads\/2019\/09\/123map-landkarten-stadtplaene.png\" alt=\"\" class=\"wp-image-46134\" style=\"width:176px;height:224px\" srcset=\"https:\/\/www.printmaps.net\/wp-content\/uploads\/2019\/09\/123map-landkarten-stadtplaene.png 251w, https:\/\/www.printmaps.net\/wp-content\/uploads\/2019\/09\/123map-landkarten-stadtplaene-235x300.png 235w\" sizes=\"(max-width: 251px) 100vw, 251px\" \/><\/figure><\/div><\/div>\n<\/div>\n\n<figure class=\"wp-block-table is-style-stripes\"><table class=\"has-fixed-layout\"><thead><tr><th><\/th><th>Printmaps<\/th><th>123map.de<\/th><\/tr><\/thead><tbody><tr><td><em>Format<\/em><\/td><td>SVG, PSD, PNG<\/td><td>SVG, JPG<\/td><\/tr><tr><td><p><em>Prix<\/em><\/p><\/td><td><p>Le prix d\u00e9pend du format du fichier et du nombre de copies de la carte. <br\/>Par exemple : PNG en A5, 1000 exemplaires = 7,14 \u20ac (TVA incluse) : PNG en A5, 1000 exemplaires = 7,14 \u20ac (TVA incluse)<\/p><\/td><td><p>Le prix d\u00e9pend de la taille.<br\/>Par exemple : JPG en A5 = 57,54 \u20ac (TVA incluse)<\/p><\/td><\/tr><tr><td><p><em>Donn\u00e9es personnalis\u00e9es<\/em><\/p><\/td><td><p>* \u00c9diteur d&rsquo;itin\u00e9raires<br\/>* Formes g\u00e9ographiques<br\/>* Chargement de fichiers<br\/>* POIs (manuellement ou copier\/coller \u00e0 partir d&rsquo;Excel)<\/p><\/td><td><p>* \u00c9diteur complet<br\/>(y compris les t\u00e9l\u00e9chargements de fichiers pour les clients \u00e0 gros volume sur demande)<br\/><br\/><\/p><\/td><\/tr><tr><td><p><em>Afficher\/masquer les caract\u00e9ristiques de la carte ?<\/em><\/p><\/td><td>Oui<\/td><td>Oui<\/td><\/tr><tr><td><p><em>Rotation de la carte ?<\/em><\/p><\/td><td>Oui<\/td><td>Non<\/td><\/tr><\/tbody><\/table><\/figure>\n<div style=\"height:100px\" aria-hidden=\"true\" class=\"wp-block-spacer\"><\/div>\n\n<h2 class=\"wp-block-heading has-text-align-center\">Certains des moyens d&rsquo;utilisation de nos cartes imprimables sont les suivants :<\/h2>\n\n<div class=\"wp-block-group\"><div class=\"wp-block-group__inner-container is-layout-constrained wp-block-group-is-layout-constrained\">\n<div class=\"wp-block-columns is-layout-flex wp-container-core-columns-is-layout-9d6595d7 wp-block-columns-is-layout-flex\">\n<div class=\"wp-block-column is-vertically-aligned-top is-layout-flow wp-block-column-is-layout-flow\"><div class=\"wp-block-image is-style-default\">\n<figure class=\"alignright size-full is-resized\"><img decoding=\"async\" src=\"https:\/\/www.printmaps.net\/wp-content\/uploads\/2020\/10\/Layers-big.png\" alt=\"\" class=\"wp-image-70211\" width=\"765\" height=\"531\" srcset=\"https:\/\/www.printmaps.net\/wp-content\/uploads\/2020\/10\/Layers-big.png 765w, https:\/\/www.printmaps.net\/wp-content\/uploads\/2020\/10\/Layers-big-480x333.png 480w\" sizes=\"(min-width: 0px) and (max-width: 480px) 480px, (min-width: 481px) 765px, 100vw\" \/><\/figure><\/div><\/div>\n\n\n\n<div class=\"wp-block-column is-vertically-aligned-top is-layout-flow wp-block-column-is-layout-flow\" style=\"flex-basis:380px\">\n<p>L&rsquo;\u00e9diteur Printmaps produit des cartes haute r\u00e9solution de 300 dpi au format PNG, PSD (Photoshop) et SVG. Toutes les caract\u00e9ristiques de la carte sont pr\u00e9sent\u00e9es dans des couches s\u00e9par\u00e9es, ce qui vous permet de modifier les caract\u00e9ristiques de la carte sans endommager celles qui se trouvent en dessous.<\/p>\n<\/div>\n<\/div>\n\n\n\n<div class=\"wp-block-columns is-layout-flex wp-container-core-columns-is-layout-9d6595d7 wp-block-columns-is-layout-flex\">\n<div class=\"wp-block-column is-vertically-aligned-top is-layout-flow wp-block-column-is-layout-flow\"><div class=\"wp-block-image is-style-default\">\n<figure class=\"alignright size-full\"><img decoding=\"async\" width=\"765\" height=\"531\" src=\"https:\/\/www.printmaps.net\/wp-content\/uploads\/2020\/10\/bodensee-karte.jpg\" alt=\"\" class=\"wp-image-70212\" srcset=\"https:\/\/www.printmaps.net\/wp-content\/uploads\/2020\/10\/bodensee-karte.jpg 765w, https:\/\/www.printmaps.net\/wp-content\/uploads\/2020\/10\/bodensee-karte-480x333.jpg 480w\" sizes=\"(min-width: 0px) and (max-width: 480px) 480px, (min-width: 481px) 765px, 100vw\" \/><\/figure><\/div><\/div>\n\n\n\n<div class=\"wp-block-column is-vertically-aligned-top is-layout-flow wp-block-column-is-layout-flow\" style=\"flex-basis:380px\">\n<p>Nos clients utilisent l&rsquo;\u00e9diteur de Printmaps pour cartographier facilement des itin\u00e9raires &#8211; itin\u00e9raires de voyage, sentiers de randonn\u00e9e et de v\u00e9lo, promenades en ville ou simplement des directions &#8211; et superposer leurs points d&rsquo;int\u00e9r\u00eat sur une carte. L&rsquo;\u00e9diteur facilite vraiment la cr\u00e9ation de cartes pliables, de cartes pour des dossiers touristiques et des brochures, ou des cartes de guide.<\/p>\n<\/div>\n<\/div>\n\n\n\n<div class=\"wp-block-columns is-layout-flex wp-container-core-columns-is-layout-9d6595d7 wp-block-columns-is-layout-flex\">\n<div class=\"wp-block-column is-vertically-aligned-top is-layout-flow wp-block-column-is-layout-flow\"><div class=\"wp-block-image is-style-default\">\n<figure class=\"alignright size-full\"><img loading=\"lazy\" loading=\"lazy\" decoding=\"async\" width=\"765\" height=\"531\" src=\"https:\/\/www.printmaps.net\/wp-content\/uploads\/2020\/10\/immo-expose.jpg\" alt=\"\" class=\"wp-image-70213\" srcset=\"https:\/\/www.printmaps.net\/wp-content\/uploads\/2020\/10\/immo-expose.jpg 765w, https:\/\/www.printmaps.net\/wp-content\/uploads\/2020\/10\/immo-expose-480x333.jpg 480w\" sizes=\"auto, (min-width: 0px) and (max-width: 480px) 480px, (min-width: 481px) 765px, 100vw\" \/><\/figure><\/div><\/div>\n\n\n\n<div class=\"wp-block-column is-vertically-aligned-top is-layout-flow wp-block-column-is-layout-flow\" style=\"flex-basis:380px\">\n<p><p>Nos <a href=\"\/fr\/tarification\/\">prix<\/a> d&rsquo;entr\u00e9e de gamme permettent aux clients dont les tirages sont tr\u00e8s faibles de s&rsquo;offrir nos cartes. Parmi les exemples typiques, citons les expositions immobili\u00e8res et les livres de photos, imprim\u00e9s en faible quantit\u00e9 mais n\u00e9cessitant des cartes de localisation ou d&rsquo;itin\u00e9raire de haute qualit\u00e9.<\/p><\/p>\n<\/div>\n<\/div>\n\n\n\n<div class=\"wp-block-columns is-layout-flex wp-container-core-columns-is-layout-9d6595d7 wp-block-columns-is-layout-flex\">\n<div class=\"wp-block-column is-vertically-aligned-top is-layout-flow wp-block-column-is-layout-flow\"><div class=\"wp-block-image is-style-default\">\n<figure class=\"alignright size-full\"><img loading=\"lazy\" loading=\"lazy\" decoding=\"async\" width=\"765\" height=\"531\" src=\"https:\/\/www.printmaps.net\/wp-content\/uploads\/2020\/10\/mallorca.jpg\" alt=\"\" class=\"wp-image-70214\" srcset=\"https:\/\/www.printmaps.net\/wp-content\/uploads\/2020\/10\/mallorca.jpg 765w, https:\/\/www.printmaps.net\/wp-content\/uploads\/2020\/10\/mallorca-480x333.jpg 480w\" sizes=\"auto, (min-width: 0px) and (max-width: 480px) 480px, (min-width: 481px) 765px, 100vw\" \/><\/figure><\/div><\/div>\n\n\n\n<div class=\"wp-block-column is-vertically-aligned-top is-layout-flow wp-block-column-is-layout-flow\" style=\"flex-basis:380px\">\n<p>De nombreux \u00e9diteurs de guides de voyage illustrent enti\u00e8rement leurs guides de voyage et guides de randonn\u00e9e avec des cartes de Printmaps. Vous pouvez satisfaire tous les besoins typiques en mati\u00e8re de cartographie avec nos cartes, allant des cartes g\u00e9n\u00e9rales et de localisation aux cartes d&rsquo;activit\u00e9s avec des itin\u00e9raires de randonn\u00e9e ou de v\u00e9lo, en passant par les plans de ville \/ plans de rue et les cartes d&rsquo;orientation.<\/p>\n<\/div>\n<\/div>\n<\/div><\/div>\n","protected":false},"excerpt":{"rendered":"<p>Si vous avez de l&rsquo;exp\u00e9rience avec Map-Machine.com (de 123map), vous pourriez \u00eatre int\u00e9ress\u00e9 \u00e0 comparer Printmaps.net avec Map-machine ou 123map. Nous avons pr\u00e9par\u00e9 le tableau de comparaison suivant pour donner un aper\u00e7u rapide de certaines des fonctionnalit\u00e9s les plus importantes de l&rsquo;\u00e9diteur Printmaps et de leur comparaison avec 123map. Assurez-vous \u00e9galement d&rsquo;explorer des exemples de [&hellip;]<\/p>\n","protected":false},"author":6,"featured_media":0,"parent":0,"menu_order":0,"comment_status":"closed","ping_status":"closed","template":"","meta":{"_et_pb_use_builder":"off","_et_pb_old_content":"","_et_gb_content_width":"","footnotes":""},"class_list":["post-164992","page","type-page","status-publish","hentry"],"_links":{"self":[{"href":"https:\/\/www.printmaps.net\/fr\/wp-json\/wp\/v2\/pages\/164992","targetHints":{"allow":["GET"]}}],"collection":[{"href":"https:\/\/www.printmaps.net\/fr\/wp-json\/wp\/v2\/pages"}],"about":[{"href":"https:\/\/www.printmaps.net\/fr\/wp-json\/wp\/v2\/types\/page"}],"author":[{"embeddable":true,"href":"https:\/\/www.printmaps.net\/fr\/wp-json\/wp\/v2\/users\/6"}],"replies":[{"embeddable":true,"href":"https:\/\/www.printmaps.net\/fr\/wp-json\/wp\/v2\/comments?post=164992"}],"version-history":[{"count":9,"href":"https:\/\/www.printmaps.net\/fr\/wp-json\/wp\/v2\/pages\/164992\/revisions"}],"predecessor-version":[{"id":183898,"href":"https:\/\/www.printmaps.net\/fr\/wp-json\/wp\/v2\/pages\/164992\/revisions\/183898"}],"wp:attachment":[{"href":"https:\/\/www.printmaps.net\/fr\/wp-json\/wp\/v2\/media?parent=164992"}],"curies":[{"name":"wp","href":"https:\/\/api.w.org\/{rel}","templated":true}]}}