{"id":165455,"date":"2024-03-04T14:08:20","date_gmt":"2024-03-04T13:08:20","guid":{"rendered":"https:\/\/www.printmaps.net\/mairdumont-hubermedia-falk-vs-printmaps\/"},"modified":"2024-07-10T16:23:26","modified_gmt":"2024-07-10T15:23:26","slug":"mairdumont-hubermedia-falk-vs-printmaps","status":"publish","type":"page","link":"https:\/\/www.printmaps.net\/fr\/mairdumont-hubermedia-falk-vs-printmaps\/","title":{"rendered":"Alternative MairDumont \/ Hubermedia : Printmaps.net"},"content":{"rendered":"\n<p><p>Si vous avez cr\u00e9\u00e9 des cartes avec l&rsquo;\u00e9diteur de cartes de <a href=\"http:\/\/kartenserver.mairdumont.com\/\">MairDumont Business Solutions<\/a> ou des \u00e9diteurs similaires de <a href=\"https:\/\/www.hubermedia.de\/\">Hubermedia et4<\/a>, vous serez int\u00e9ress\u00e9 de voir comment Printmaps.net se compare \u00e0 eux.<\/p><\/p>\n\n<p><p>Nous avons cr\u00e9\u00e9 le tableau de comparaison ci-dessous pour vous donner un aper\u00e7u rapide de certaines des <strong>f<a href=\"\/fr\/fonctionnalites\">onctionnalit\u00e9s les plus importantes de l&rsquo;\u00e9diteur de cartes Printmaps<\/a><\/strong> et de leur comparaison avec MairDumont \/ Hubermedia \/ Falk.de \/ Kompass \/ Destination.one. Assurez-vous de jeter un \u0153il \u00e0 nos exemples d&rsquo;utilisation de Printmaps.net sous notre tableau de comparaison. (Essayez l&rsquo;\u00e9diteur ici.)<\/p><\/p>\n\n<div style=\"height:48px\" aria-hidden=\"true\" class=\"wp-block-spacer\"><\/div>\n\n<figure class=\"wp-block-table is-style-stripes\"><table class=\"has-fixed-layout\"><thead><tr><th><\/th><th>Printmaps<\/th><th>MairDumont \/ Hubermedia<\/th><\/tr><\/thead><tbody><tr><td><em>Format<\/em><\/td><td>SVG, PSD, PNG<\/td><td>TIFF, PNG, TFW (cartes matricielles) ou TIFF, PNG, SVG, PDF (cartes vectorielles)<\/td><\/tr><tr><td><em>Niveau de prix<\/em><\/td><td>Les prix d\u00e9pendent du format et du tirage. Ils commencent \u00e0 7,14 euros (TVA incluse).<\/td><td>Les prix d\u00e9pendent du style de carte, du format, de la taille et du tirage. Ils commencent \u00e0 68,43 \u20ac (TVA incluse).<\/td><\/tr><tr><td><em>Donn\u00e9es personnalis\u00e9es<\/em><\/td><td>* \u00c9diteur d&rsquo;itin\u00e9raires<br\/>* Formes g\u00e9ographiques<br\/>* T\u00e9l\u00e9chargement de fichiers (gpx\/kml)<br\/>* POIs (manuellement ou copier\/coller depuis Excel)<\/td><td>L&rsquo;\u00e9diteur ne permet pas d&rsquo;ajouter des donn\u00e9es personnalis\u00e9es<\/td><\/tr><tr><td><em>Taille de la sortie<\/em><\/td><td>Maximum 133 x 133cm (15712 x 15712px)<\/td><td>Maximum environ 30 x 30cm<\/td><\/tr><tr><td><em>Afficher\/masquer les caract\u00e9ristiques de la carte ?<\/em><\/td><td>Oui<\/td><td>Non<\/td><\/tr><\/tbody><\/table><\/figure>\n<div style=\"height:150px\" aria-hidden=\"true\" class=\"wp-block-spacer\"><\/div>\n\n<h3 class=\"wp-block-heading\">Certains des moyens d&rsquo;utilisation de nos cartes imprimables sont les suivants :<\/h3>\n\n<div class=\"wp-block-columns is-layout-flex wp-container-core-columns-is-layout-9d6595d7 wp-block-columns-is-layout-flex\">\n<div class=\"wp-block-column is-layout-flow wp-block-column-is-layout-flow\" style=\"flex-basis:66.66%\">\n<div class=\"wp-block-group\"><div class=\"wp-block-group__inner-container is-layout-flow wp-block-group-is-layout-flow\">\n<figure class=\"wp-block-image size-large\"><img fetchpriority=\"high\" fetchpriority=\"high\" decoding=\"async\" width=\"765\" height=\"531\" src=\"https:\/\/www.printmaps.net\/wp-content\/uploads\/2017\/09\/Layers-big.png\" alt=\"\" class=\"wp-image-26345\" srcset=\"https:\/\/www.printmaps.net\/wp-content\/uploads\/2017\/09\/Layers-big.png 765w, https:\/\/www.printmaps.net\/wp-content\/uploads\/2017\/09\/Layers-big-300x208.png 300w\" sizes=\"(max-width: 765px) 100vw, 765px\" \/><\/figure><\/div><\/div>\n<\/div>\n\n\n\n<div class=\"wp-block-column is-layout-flow wp-block-column-is-layout-flow\" style=\"flex-basis:33.33%\">\n<p>L&rsquo;\u00e9diteur Printmaps produit des cartes haute r\u00e9solution en 300 dpi au format PNG et PSD (Photoshop), ainsi que des cartes vectorielles SVG \u00e9volutives. Les caract\u00e9ristiques de la carte dans les fichiers SVG et PSD sont pr\u00e9sent\u00e9es dans des couches s\u00e9par\u00e9es, vous permettant de modifier les caract\u00e9ristiques de la carte sans endommager les caract\u00e9ristiques situ\u00e9es en dessous.<\/p>\n<\/div>\n<\/div>\n\n<div class=\"wp-block-columns is-layout-flex wp-container-core-columns-is-layout-9d6595d7 wp-block-columns-is-layout-flex\">\n<div class=\"wp-block-column is-layout-flow wp-block-column-is-layout-flow\" style=\"flex-basis:66.66%\">\n<figure class=\"wp-block-image size-large\"><img decoding=\"async\" width=\"765\" height=\"531\" src=\"https:\/\/www.printmaps.net\/wp-content\/uploads\/2017\/09\/bodensee-karte.jpg\" alt=\"\" class=\"wp-image-26301\"\/><\/figure><\/div>\n\n\n\n<div class=\"wp-block-column is-layout-flow wp-block-column-is-layout-flow\" style=\"flex-basis:33.33%\">\n<p>Nos clients utilisent l&rsquo;\u00e9diteur de Printmaps pour cartographier facilement des itin\u00e9raires &#8211; itin\u00e9raires de voyage, sentiers de randonn\u00e9e et de v\u00e9lo, promenades en ville ou simplement des directions &#8211; et superposer leurs points d&rsquo;int\u00e9r\u00eat sur une carte. L&rsquo;\u00e9diteur facilite vraiment la cr\u00e9ation de cartes pliables, de cartes pour des dossiers touristiques et des brochures, ou des cartes de guide.<\/p>\n<\/div>\n<\/div>\n\n<div class=\"wp-block-columns is-layout-flex wp-container-core-columns-is-layout-9d6595d7 wp-block-columns-is-layout-flex\">\n<div class=\"wp-block-column is-layout-flow wp-block-column-is-layout-flow\" style=\"flex-basis:66.66%\">\n<figure class=\"wp-block-image size-large\"><img decoding=\"async\" width=\"765\" height=\"531\" src=\"https:\/\/www.printmaps.net\/wp-content\/uploads\/2017\/09\/immo-expose.jpg\" alt=\"\" class=\"wp-image-26308\"\/><\/figure>\n\n\n<p><\/p>\n<\/div>\n\n\n\n<div class=\"wp-block-column is-layout-flow wp-block-column-is-layout-flow\" style=\"flex-basis:33.33%\">\n<p><p>Notre<a href=\"\/fr\/tarification\/\"> tarification<\/a> d&rsquo;entr\u00e9e de gamme abordable permet aux clients avec des tirages tr\u00e8s faibles de pouvoir se procurer nos cartes. Des exemples typiques incluent des expositions immobili\u00e8res et des livres photo, imprim\u00e9s en faibles quantit\u00e9s mais n\u00e9cessitant des cartes de localisation ou d&rsquo;itin\u00e9raires de haute qualit\u00e9.<\/p><\/p>\n<\/div>\n<\/div>\n\n<div class=\"wp-block-columns is-layout-flex wp-container-core-columns-is-layout-9d6595d7 wp-block-columns-is-layout-flex\">\n<div class=\"wp-block-column is-layout-flow wp-block-column-is-layout-flow\" style=\"flex-basis:66.66%\">\n<figure class=\"wp-block-image size-large\"><img loading=\"lazy\" loading=\"lazy\" decoding=\"async\" width=\"765\" height=\"531\" src=\"https:\/\/www.printmaps.net\/wp-content\/uploads\/2017\/07\/mallorca.jpg\" alt=\"\" class=\"wp-image-60813\" srcset=\"https:\/\/www.printmaps.net\/wp-content\/uploads\/2017\/07\/mallorca.jpg 765w, https:\/\/www.printmaps.net\/wp-content\/uploads\/2017\/07\/mallorca-300x208.jpg 300w\" sizes=\"auto, (max-width: 765px) 100vw, 765px\" \/><\/figure>\n\n\n<p><\/p>\n<\/div>\n\n\n\n<div class=\"wp-block-column is-layout-flow wp-block-column-is-layout-flow\" style=\"flex-basis:33.33%\">\n<p>De nombreux \u00e9diteurs de guides de voyage illustrent enti\u00e8rement leurs guides de voyage et guides de randonn\u00e9e avec des cartes de Printmaps. Vous pouvez satisfaire tous les besoins typiques en mati\u00e8re de cartographie avec nos cartes, allant des cartes g\u00e9n\u00e9rales et de localisation aux cartes d&rsquo;activit\u00e9s avec des itin\u00e9raires de randonn\u00e9e ou de v\u00e9lo, en passant par les plans de ville \/ plans de rue et les cartes d&rsquo;orientation.<\/p>\n<\/div>\n<\/div>\n\n<div style=\"height:100px\" aria-hidden=\"true\" class=\"wp-block-spacer\"><\/div>\n\n<div class=\"wp-block-group\"><div class=\"wp-block-group__inner-container is-layout-constrained wp-block-group-is-layout-constrained\">\n<h2 class=\"wp-block-heading has-text-align-center has-large-font-size\" style=\"font-style:normal;font-weight:700\">Essayez Printmaps<\/h2>\n\n\n\n<p class=\"has-text-align-center has-medium-font-size\">Notre\u00a0\u00e9diteur de cartes vous permet de cr\u00e9er des cartes imprimables dans le monde entier en un rien de temps.<\/p>\n\n\n\n<div style=\"height:15px\" aria-hidden=\"true\" class=\"wp-block-spacer\"><\/div>\n\n\n\n<div class=\"wp-block-buttons is-content-justification-center is-layout-flex wp-container-core-buttons-is-layout-16018d1d wp-block-buttons-is-layout-flex\">\n<div class=\"wp-block-button has-custom-font-size\" style=\"font-size:18px\"><a class=\"wp-block-button__link has-background wp-element-button\" href=\"https:\/\/www.printmaps.net\/fr\/\" style=\"border-radius:10px;background-color:#e5017e\"><strong>Cr\u00e9ez votre premi\u00e8re carte maintenant<\/strong><\/a><\/div>\n<\/div>\n<\/div><\/div>\n\n<div style=\"height:150px\" aria-hidden=\"true\" class=\"wp-block-spacer\"><\/div>\n","protected":false},"excerpt":{"rendered":"<p>Si vous avez cr\u00e9\u00e9 des cartes avec l&rsquo;\u00e9diteur de cartes de MairDumont Business Solutions ou des \u00e9diteurs similaires de Hubermedia et4, vous serez int\u00e9ress\u00e9 de voir comment Printmaps.net se compare \u00e0 eux. Nous avons cr\u00e9\u00e9 le tableau de comparaison ci-dessous pour vous donner un aper\u00e7u rapide de certaines des fonctionnalit\u00e9s les plus importantes de l&rsquo;\u00e9diteur [&hellip;]<\/p>\n","protected":false},"author":5,"featured_media":0,"parent":0,"menu_order":0,"comment_status":"closed","ping_status":"closed","template":"","meta":{"_et_pb_use_builder":"off","_et_pb_old_content":"","_et_gb_content_width":"","footnotes":""},"class_list":["post-165455","page","type-page","status-publish","hentry"],"_links":{"self":[{"href":"https:\/\/www.printmaps.net\/fr\/wp-json\/wp\/v2\/pages\/165455","targetHints":{"allow":["GET"]}}],"collection":[{"href":"https:\/\/www.printmaps.net\/fr\/wp-json\/wp\/v2\/pages"}],"about":[{"href":"https:\/\/www.printmaps.net\/fr\/wp-json\/wp\/v2\/types\/page"}],"author":[{"embeddable":true,"href":"https:\/\/www.printmaps.net\/fr\/wp-json\/wp\/v2\/users\/5"}],"replies":[{"embeddable":true,"href":"https:\/\/www.printmaps.net\/fr\/wp-json\/wp\/v2\/comments?post=165455"}],"version-history":[{"count":4,"href":"https:\/\/www.printmaps.net\/fr\/wp-json\/wp\/v2\/pages\/165455\/revisions"}],"predecessor-version":[{"id":172800,"href":"https:\/\/www.printmaps.net\/fr\/wp-json\/wp\/v2\/pages\/165455\/revisions\/172800"}],"wp:attachment":[{"href":"https:\/\/www.printmaps.net\/fr\/wp-json\/wp\/v2\/media?parent=165455"}],"curies":[{"name":"wp","href":"https:\/\/api.w.org\/{rel}","templated":true}]}}