{"id":167625,"date":"2024-03-25T13:27:51","date_gmt":"2024-03-25T12:27:51","guid":{"rendered":"https:\/\/www.printmaps.net\/google-maps-vs-printmaps\/"},"modified":"2024-07-10T15:59:08","modified_gmt":"2024-07-10T14:59:08","slug":"google-maps-vs-printmaps","status":"publish","type":"page","link":"https:\/\/www.printmaps.net\/fr\/google-maps-vs-printmaps\/","title":{"rendered":"Alternative \u00e0 l&rsquo;impression de Google Maps : Printmaps.net"},"content":{"rendered":"\n<div style=\"height:20px\" aria-hidden=\"true\" class=\"wp-block-spacer\"><\/div>\n\n<p>Si vous avez utilis\u00e9 des captures d&rsquo;\u00e9cran de <a href=\"http:\/\/maps.google.com\/\">maps.google.com<\/a>\u00a0pour obtenir vos cartes imprimables jusqu&rsquo;\u00e0 pr\u00e9sent, vous serez int\u00e9ress\u00e9 de voir comment Printmaps.net se compare \u00e0 l&rsquo;impression de Google Maps.<\/p>\n\n<p>Nous avons cr\u00e9\u00e9 le tableau de comparaison ci-dessous pour vous donner un aper\u00e7u rapide de certaines des <a href=\"\/fr\/features\/\"><strong>fonctionnalit\u00e9s les plus importantes de l&rsquo;\u00e9diteur Printmaps<\/strong><\/a>\u00a0et de la mani\u00e8re dont elles se comparent \u00e0 l&rsquo;utilisation de captures d&rsquo;\u00e9cran de Google Maps pour vos cartes imprimables. (<a href=\"https:\/\/www.printmaps.net\/fr\/\">Essayez l&rsquo;\u00e9diteur ici.<\/a>)<\/p>\n\n<div style=\"height:73px\" aria-hidden=\"true\" class=\"wp-block-spacer\"><\/div>\n\n<figure class=\"wp-block-table is-style-stripes\"><table class=\"has-fixed-layout\"><thead><tr><th><\/th><th>Printmaps<\/th><th>Captures d&rsquo;\u00e9cran de Google Maps<\/th><\/tr><\/thead><tbody><tr><td><em>R\u00e9solution<\/em><\/td><td>300dpi, ce qui correspond \u00e0 la haute r\u00e9solution couramment utilis\u00e9e pour les produits imprim\u00e9s. Enti\u00e8rement modulables au format SVG<\/td><td>La r\u00e9solution des captures d&rsquo;\u00e9cran n&rsquo;a pas \u00e9t\u00e9 con\u00e7ue pour des produits imprim\u00e9s, les cartes r\u00e9sultantes sont donc g\u00e9n\u00e9ralement floues \u00e0 l&rsquo;impression<\/td><\/tr><tr><td><em>L\u00e9galit\u00e9<\/em><\/td><td>La cr\u00e9ation de cartes imprimables avec Printmaps est enti\u00e8rement l\u00e9gale<\/td><td>L&rsquo;utilisation commerciale de captures d&rsquo;\u00e9cran de Google Maps sans l&rsquo;autorisation de Google est contraire aux conditions d&rsquo;utilisation de Google Maps, en particulier lorsqu&rsquo;elles sont utilis\u00e9es comme mat\u00e9riel de navigation imprim\u00e9.<\/td><\/tr><tr><td><em>Niveau de prix<\/em><\/td><td>Les cartes commencent \u00e0 environ 7 euros<\/td><td>Gratuit (mais risque de cons\u00e9quences juridiques)<\/td><\/tr><tr><td><em>Format<\/em><\/td><td>SVG, PSD, PNG<\/td><td>PNG ou JPEG \u00e0 faible r\u00e9solution<\/td><\/tr><tr><td><em>Outils de donn\u00e9es personnalis\u00e9s<\/em><\/td><td>* \u00c9diteur d&rsquo;itin\u00e9raires<br\/>* Formes g\u00e9ographiques<br\/>* T\u00e9l\u00e9chargement de fichiers (GPX\/KML\/GeoJSON)<br\/>* POIs (manuellement ou copier\/coller depuis Excel)<\/td><td>* Routage et points d&rsquo;int\u00e9r\u00eat standard de Google Maps<\/td><\/tr><tr><td><em>Afficher\/masquer les caract\u00e9ristiques de la carte ?<\/em><\/td><td>Oui<\/td><td>Non<\/td><\/tr><tr><td><em>Rotation ou inclinaison de la carte ?<\/em><\/td><td>Oui<\/td><td>Seulement sur les appareils mobiles<\/td><\/tr><\/tbody><\/table><\/figure>\n<div style=\"height:71px\" aria-hidden=\"true\" class=\"wp-block-spacer\"><\/div>\n\n<h3 class=\"wp-block-heading has-text-align-center\">Certains des moyens d&rsquo;utilisation de nos cartes imprimables sont les suivants :<\/h3>\n\n<div class=\"wp-block-group\"><div class=\"wp-block-group__inner-container is-layout-constrained wp-block-group-is-layout-constrained\">\n<div class=\"wp-block-columns is-layout-flex wp-container-core-columns-is-layout-9d6595d7 wp-block-columns-is-layout-flex\">\n<div class=\"wp-block-column is-vertically-aligned-top is-layout-flow wp-block-column-is-layout-flow\"><div class=\"wp-block-image is-style-default\">\n<figure class=\"alignright size-full is-resized\"><img fetchpriority=\"high\" fetchpriority=\"high\" decoding=\"async\" src=\"https:\/\/www.printmaps.net\/wp-content\/uploads\/2020\/10\/Layers-big.png\" alt=\"\" class=\"wp-image-70211\" width=\"765\" height=\"531\" srcset=\"https:\/\/www.printmaps.net\/wp-content\/uploads\/2020\/10\/Layers-big.png 765w, https:\/\/www.printmaps.net\/wp-content\/uploads\/2020\/10\/Layers-big-480x333.png 480w\" sizes=\"(min-width: 0px) and (max-width: 480px) 480px, (min-width: 481px) 765px, 100vw\" \/><\/figure><\/div><\/div>\n\n\n\n<div class=\"wp-block-column is-vertically-aligned-top is-layout-flow wp-block-column-is-layout-flow\" style=\"flex-basis:380px\">\n<p>L&rsquo;\u00e9diteur Printmaps produit des cartes haute r\u00e9solution de 300 dpi au format PNG, PSD (Photoshop) et SVG. Toutes les caract\u00e9ristiques de la carte sont pr\u00e9sent\u00e9es dans des couches s\u00e9par\u00e9es, ce qui vous permet de modifier les caract\u00e9ristiques de la carte sans endommager celles qui se trouvent en dessous.<\/p>\n<\/div>\n<\/div>\n\n\n\n<div class=\"wp-block-columns is-layout-flex wp-container-core-columns-is-layout-9d6595d7 wp-block-columns-is-layout-flex\">\n<div class=\"wp-block-column is-vertically-aligned-top is-layout-flow wp-block-column-is-layout-flow\"><div class=\"wp-block-image is-style-default\">\n<figure class=\"alignright size-full\"><img decoding=\"async\" width=\"765\" height=\"531\" src=\"https:\/\/www.printmaps.net\/wp-content\/uploads\/2020\/10\/bodensee-karte.jpg\" alt=\"\" class=\"wp-image-70212\" srcset=\"https:\/\/www.printmaps.net\/wp-content\/uploads\/2020\/10\/bodensee-karte.jpg 765w, https:\/\/www.printmaps.net\/wp-content\/uploads\/2020\/10\/bodensee-karte-480x333.jpg 480w\" sizes=\"(min-width: 0px) and (max-width: 480px) 480px, (min-width: 481px) 765px, 100vw\" \/><\/figure><\/div><\/div>\n\n\n\n<div class=\"wp-block-column is-vertically-aligned-top is-layout-flow wp-block-column-is-layout-flow\" style=\"flex-basis:380px\">\n<p>Nos clients utilisent l&rsquo;\u00e9diteur de Printmaps pour cartographier facilement des itin\u00e9raires &#8211; itin\u00e9raires de voyage, sentiers de randonn\u00e9e et de v\u00e9lo, promenades en ville ou simplement des directions &#8211; et superposer leurs points d&rsquo;int\u00e9r\u00eat sur une carte. L&rsquo;\u00e9diteur facilite vraiment la cr\u00e9ation de cartes pliables, de cartes pour des dossiers touristiques et des brochures, ou des cartes de guide.<\/p>\n<\/div>\n<\/div>\n\n\n\n<div class=\"wp-block-columns is-layout-flex wp-container-core-columns-is-layout-9d6595d7 wp-block-columns-is-layout-flex\">\n<div class=\"wp-block-column is-vertically-aligned-top is-layout-flow wp-block-column-is-layout-flow\"><div class=\"wp-block-image is-style-default\">\n<figure class=\"alignright size-full\"><img decoding=\"async\" width=\"765\" height=\"531\" src=\"https:\/\/www.printmaps.net\/wp-content\/uploads\/2020\/10\/immo-expose.jpg\" alt=\"\" class=\"wp-image-70213\" srcset=\"https:\/\/www.printmaps.net\/wp-content\/uploads\/2020\/10\/immo-expose.jpg 765w, https:\/\/www.printmaps.net\/wp-content\/uploads\/2020\/10\/immo-expose-480x333.jpg 480w\" sizes=\"(min-width: 0px) and (max-width: 480px) 480px, (min-width: 481px) 765px, 100vw\" \/><\/figure><\/div><\/div>\n\n\n\n<div class=\"wp-block-column is-vertically-aligned-top is-layout-flow wp-block-column-is-layout-flow\" style=\"flex-basis:380px\">\n<p><p>Nos <a href=\"\/fr\/tarification\/\">prix<\/a> d&rsquo;entr\u00e9e de gamme permettent aux clients dont les tirages sont tr\u00e8s faibles de s&rsquo;offrir nos cartes. Parmi les exemples typiques, citons les expositions immobili\u00e8res et les livres de photos, imprim\u00e9s en faible quantit\u00e9 mais n\u00e9cessitant des cartes de localisation ou d&rsquo;itin\u00e9raire de haute qualit\u00e9.<\/p><\/p>\n<\/div>\n<\/div>\n\n\n\n<div class=\"wp-block-columns is-layout-flex wp-container-core-columns-is-layout-9d6595d7 wp-block-columns-is-layout-flex\">\n<div class=\"wp-block-column is-vertically-aligned-top is-layout-flow wp-block-column-is-layout-flow\"><div class=\"wp-block-image is-style-default\">\n<figure class=\"alignright size-full\"><img loading=\"lazy\" loading=\"lazy\" decoding=\"async\" width=\"765\" height=\"531\" src=\"https:\/\/www.printmaps.net\/wp-content\/uploads\/2020\/10\/mallorca.jpg\" alt=\"\" class=\"wp-image-70214\" srcset=\"https:\/\/www.printmaps.net\/wp-content\/uploads\/2020\/10\/mallorca.jpg 765w, https:\/\/www.printmaps.net\/wp-content\/uploads\/2020\/10\/mallorca-480x333.jpg 480w\" sizes=\"auto, (min-width: 0px) and (max-width: 480px) 480px, (min-width: 481px) 765px, 100vw\" \/><\/figure><\/div><\/div>\n\n\n\n<div class=\"wp-block-column is-vertically-aligned-top is-layout-flow wp-block-column-is-layout-flow\" style=\"flex-basis:380px\">\n<p>De nombreux \u00e9diteurs de guides de voyage illustrent enti\u00e8rement leurs guides de voyage et guides de randonn\u00e9e avec des cartes de Printmaps. Vous pouvez satisfaire tous les besoins typiques en mati\u00e8re de cartographie avec nos cartes, allant des cartes g\u00e9n\u00e9rales et de localisation aux cartes d&rsquo;activit\u00e9s avec des itin\u00e9raires de randonn\u00e9e ou de v\u00e9lo, en passant par les plans de ville \/ plans de rue et les cartes d&rsquo;orientation.<\/p>\n<\/div>\n<\/div>\n<\/div><\/div>\n\n<p><\/p>\n\n<div style=\"height:100px\" aria-hidden=\"true\" class=\"wp-block-spacer\"><\/div>\n\n<div class=\"wp-block-group\"><div class=\"wp-block-group__inner-container is-layout-constrained wp-block-group-is-layout-constrained\">\n<h2 class=\"wp-block-heading has-text-align-center has-large-font-size\" style=\"font-style:normal;font-weight:700\">Essayez Printmaps<\/h2>\n\n\n\n<p class=\"has-text-align-center has-medium-font-size\">Notre\u00a0\u00e9diteur de cartes vous permet de cr\u00e9er des cartes imprimables dans le monde entier en un rien de temps.<\/p>\n\n\n\n<div style=\"height:15px\" aria-hidden=\"true\" class=\"wp-block-spacer\"><\/div>\n\n\n\n<div class=\"wp-block-buttons is-content-justification-center is-layout-flex wp-container-core-buttons-is-layout-16018d1d wp-block-buttons-is-layout-flex\">\n<div class=\"wp-block-button has-custom-font-size\" style=\"font-size:18px\"><a class=\"wp-block-button__link has-background wp-element-button\" href=\"https:\/\/www.printmaps.net\/fr\/\" style=\"border-radius:10px;background-color:#e5017e\"><strong>Cr\u00e9ez votre premi\u00e8re carte maintenant<\/strong><\/a><\/div>\n<\/div>\n<\/div><\/div>\n\n<p><\/p>\n\n<div style=\"height:150px\" aria-hidden=\"true\" class=\"wp-block-spacer\"><\/div>\n","protected":false},"excerpt":{"rendered":"<p>Si vous avez utilis\u00e9 des captures d&rsquo;\u00e9cran de maps.google.com\u00a0pour obtenir vos cartes imprimables jusqu&rsquo;\u00e0 pr\u00e9sent, vous serez int\u00e9ress\u00e9 de voir comment Printmaps.net se compare \u00e0 l&rsquo;impression de Google Maps. Nous avons cr\u00e9\u00e9 le tableau de comparaison ci-dessous pour vous donner un aper\u00e7u rapide de certaines des fonctionnalit\u00e9s les plus importantes de l&rsquo;\u00e9diteur Printmaps\u00a0et de la [&hellip;]<\/p>\n","protected":false},"author":5,"featured_media":0,"parent":0,"menu_order":0,"comment_status":"closed","ping_status":"closed","template":"","meta":{"_et_pb_use_builder":"off","_et_pb_old_content":"","_et_gb_content_width":"","footnotes":""},"class_list":["post-167625","page","type-page","status-publish","hentry"],"_links":{"self":[{"href":"https:\/\/www.printmaps.net\/fr\/wp-json\/wp\/v2\/pages\/167625","targetHints":{"allow":["GET"]}}],"collection":[{"href":"https:\/\/www.printmaps.net\/fr\/wp-json\/wp\/v2\/pages"}],"about":[{"href":"https:\/\/www.printmaps.net\/fr\/wp-json\/wp\/v2\/types\/page"}],"author":[{"embeddable":true,"href":"https:\/\/www.printmaps.net\/fr\/wp-json\/wp\/v2\/users\/5"}],"replies":[{"embeddable":true,"href":"https:\/\/www.printmaps.net\/fr\/wp-json\/wp\/v2\/comments?post=167625"}],"version-history":[{"count":1,"href":"https:\/\/www.printmaps.net\/fr\/wp-json\/wp\/v2\/pages\/167625\/revisions"}],"predecessor-version":[{"id":167626,"href":"https:\/\/www.printmaps.net\/fr\/wp-json\/wp\/v2\/pages\/167625\/revisions\/167626"}],"wp:attachment":[{"href":"https:\/\/www.printmaps.net\/fr\/wp-json\/wp\/v2\/media?parent=167625"}],"curies":[{"name":"wp","href":"https:\/\/api.w.org\/{rel}","templated":true}]}}