{"id":167653,"date":"2024-03-25T15:10:20","date_gmt":"2024-03-25T14:10:20","guid":{"rendered":"https:\/\/www.printmaps.net\/printmaps-vs-stepmap\/"},"modified":"2024-07-10T15:33:48","modified_gmt":"2024-07-10T14:33:48","slug":"printmaps-vs-stepmap","status":"publish","type":"page","link":"https:\/\/www.printmaps.net\/fr\/printmaps-vs-stepmap\/","title":{"rendered":"Alternative \u00e0 Stepmap : Printmaps.net"},"content":{"rendered":"\n<p>Si vous avez travaill\u00e9 avec <a href=\"http:\/\/stepmap.de\/\">Stepmap.de<\/a>, vous serez int\u00e9ress\u00e9 de voir comment Printmaps.net se compare \u00e0 Stepmap.<\/p>\n\n<p>Nous avons cr\u00e9\u00e9 le tableau de comparaison ci-dessous pour vous donner un aper\u00e7u rapide de certaines des<a href=\"\/fr\/fonctionnalites\"><strong> fonctionnalit\u00e9s les plus importantes de l&rsquo;\u00e9diteur de cartes Printmaps<\/strong><\/a> et de leur comparaison avec Stepmap. Assurez-vous de jeter un \u0153il \u00e0 nos exemples d&rsquo;utilisation de Printmaps.net sous notre tableau de comparaison. (<a href=\"\/fr\/\">Essayez l&rsquo;\u00e9diteur ici<\/a>.)<\/p>\n\n<div style=\"height:79px\" aria-hidden=\"true\" class=\"wp-block-spacer\"><\/div>\n\n<figure class=\"wp-block-table is-style-stripes\"><table class=\"has-fixed-layout\"><thead><tr><th><\/th><th>Printmaps<\/th><th>Stepmap.de<\/th><\/tr><\/thead><tbody><tr><td><em>Format<\/em><\/td><td>SVG, PSD, PNG<\/td><td>SVG, JPG, PNG<\/td><\/tr><tr><td><em>Taille maximale<\/em><\/td><td>15712 x 15712px<\/td><td>3000 x 3000px<\/td><\/tr><tr><td><em>Tarification<\/em><\/td><td>* Les prix commencent \u00e0 7,14 \u20ac (TVA incluse). Des remises sur le volume sont possibles.<br\/>* Prix en fonction du nombre d&rsquo;exemplaires imprim\u00e9s<\/td><td>* Les prix commencent \u00e0 5 euros (usage priv\u00e9) et \u00e0 22,61 euros (usage commercial), TVA incluse. Des remises sur le volume sont possibles.<br\/>* Prix plus \u00e9lev\u00e9s pour les cartes sans logo Stepmap<\/td><\/tr><tr><td><em>Donn\u00e9es personnalis\u00e9es<\/em><\/td><td>* \u00c9diteur d&rsquo;itin\u00e9raires<br\/>* Formes g\u00e9ographiques<br\/>* T\u00e9l\u00e9chargement de fichiers (GPX\/KML\/GeoJSON)<br\/>* POIs (manuellement ou copier\/coller depuis Excel)<\/td><td>* Etiquettes propres<br\/>* Formes g\u00e9ographiques<br\/>* POI (manuellement ou copier\/coller \u00e0 partir d&rsquo;Excel)<br\/>* L&rsquo;\u00e9diteur Stepmap dispose d&rsquo;un grand nombre de caract\u00e9ristiques et de fonctions suppl\u00e9mentaires<\/td><\/tr><tr><td><em>Itin\u00e9raires personnalis\u00e9s<\/em><\/td><td>Dessin magn\u00e9tique et t\u00e9l\u00e9chargement d&rsquo;itin\u00e9raires aux formats GPX, GeoJSON et KML possibles<\/td><td>T\u00e9l\u00e9chargement GPX<\/td><\/tr><tr><td><em>Afficher\/masquer les caract\u00e9ristiques de la carte ?<\/em><\/td><td>Oui<\/td><td>Oui<\/td><\/tr><tr><td><em>Rotation de la carte ?<\/em><\/td><td>Oui<\/td><td>Oui<\/td><\/tr><\/tbody><\/table><\/figure>\n<div style=\"height:79px\" aria-hidden=\"true\" class=\"wp-block-spacer\"><\/div>\n\n<h2 class=\"wp-block-heading has-text-align-center\">Certains des moyens d&rsquo;utilisation de nos cartes imprimables sont les suivants :<\/h2>\n\n<div class=\"wp-block-group\"><div class=\"wp-block-group__inner-container is-layout-constrained wp-block-group-is-layout-constrained\">\n<div class=\"wp-block-columns is-layout-flex wp-container-core-columns-is-layout-9d6595d7 wp-block-columns-is-layout-flex\">\n<div class=\"wp-block-column is-vertically-aligned-top is-layout-flow wp-block-column-is-layout-flow\"><div class=\"wp-block-image is-style-default\">\n<figure class=\"alignright size-full is-resized\"><img fetchpriority=\"high\" fetchpriority=\"high\" decoding=\"async\" src=\"https:\/\/www.printmaps.net\/wp-content\/uploads\/2020\/10\/Layers-big.png\" alt=\"\" class=\"wp-image-70211\" width=\"765\" height=\"531\" srcset=\"https:\/\/www.printmaps.net\/wp-content\/uploads\/2020\/10\/Layers-big.png 765w, https:\/\/www.printmaps.net\/wp-content\/uploads\/2020\/10\/Layers-big-480x333.png 480w\" sizes=\"(min-width: 0px) and (max-width: 480px) 480px, (min-width: 481px) 765px, 100vw\" \/><\/figure><\/div><\/div>\n\n\n\n<div class=\"wp-block-column is-vertically-aligned-top is-layout-flow wp-block-column-is-layout-flow\" style=\"flex-basis:380px\">\n<p>L&rsquo;\u00e9diteur Printmaps produit des cartes haute r\u00e9solution de 300 dpi au format PNG, PSD (Photoshop) et SVG. Toutes les caract\u00e9ristiques de la carte sont pr\u00e9sent\u00e9es dans des couches s\u00e9par\u00e9es, ce qui vous permet de modifier les caract\u00e9ristiques de la carte sans endommager celles qui se trouvent en dessous.<\/p>\n<\/div>\n<\/div>\n\n\n\n<div class=\"wp-block-columns is-layout-flex wp-container-core-columns-is-layout-9d6595d7 wp-block-columns-is-layout-flex\">\n<div class=\"wp-block-column is-vertically-aligned-top is-layout-flow wp-block-column-is-layout-flow\"><div class=\"wp-block-image is-style-default\">\n<figure class=\"alignright size-full\"><img decoding=\"async\" width=\"765\" height=\"531\" src=\"https:\/\/www.printmaps.net\/wp-content\/uploads\/2020\/10\/bodensee-karte.jpg\" alt=\"\" class=\"wp-image-70212\" srcset=\"https:\/\/www.printmaps.net\/wp-content\/uploads\/2020\/10\/bodensee-karte.jpg 765w, https:\/\/www.printmaps.net\/wp-content\/uploads\/2020\/10\/bodensee-karte-480x333.jpg 480w\" sizes=\"(min-width: 0px) and (max-width: 480px) 480px, (min-width: 481px) 765px, 100vw\" \/><\/figure><\/div><\/div>\n\n\n\n<div class=\"wp-block-column is-vertically-aligned-top is-layout-flow wp-block-column-is-layout-flow\" style=\"flex-basis:380px\">\n<p>Nos clients utilisent l&rsquo;\u00e9diteur de Printmaps pour cartographier facilement des itin\u00e9raires &#8211; itin\u00e9raires de voyage, sentiers de randonn\u00e9e et de v\u00e9lo, promenades en ville ou simplement des directions &#8211; et superposer leurs points d&rsquo;int\u00e9r\u00eat sur une carte. L&rsquo;\u00e9diteur facilite vraiment la cr\u00e9ation de cartes pliables, de cartes pour des dossiers touristiques et des brochures, ou des cartes de guide.<\/p>\n<\/div>\n<\/div>\n\n\n\n<div class=\"wp-block-columns is-layout-flex wp-container-core-columns-is-layout-9d6595d7 wp-block-columns-is-layout-flex\">\n<div class=\"wp-block-column is-vertically-aligned-top is-layout-flow wp-block-column-is-layout-flow\"><div class=\"wp-block-image is-style-default\">\n<figure class=\"alignright size-full\"><img decoding=\"async\" width=\"765\" height=\"531\" src=\"https:\/\/www.printmaps.net\/wp-content\/uploads\/2020\/10\/immo-expose.jpg\" alt=\"\" class=\"wp-image-70213\" srcset=\"https:\/\/www.printmaps.net\/wp-content\/uploads\/2020\/10\/immo-expose.jpg 765w, https:\/\/www.printmaps.net\/wp-content\/uploads\/2020\/10\/immo-expose-480x333.jpg 480w\" sizes=\"(min-width: 0px) and (max-width: 480px) 480px, (min-width: 481px) 765px, 100vw\" \/><\/figure><\/div><\/div>\n\n\n\n<div class=\"wp-block-column is-vertically-aligned-top is-layout-flow wp-block-column-is-layout-flow\" style=\"flex-basis:380px\">\n<p><p>Nos <a href=\"\/fr\/tarification\/\">prix<\/a> d&rsquo;entr\u00e9e de gamme permettent aux clients dont les tirages sont tr\u00e8s faibles de s&rsquo;offrir nos cartes. Parmi les exemples typiques, citons les expositions immobili\u00e8res et les livres de photos, imprim\u00e9s en faible quantit\u00e9 mais n\u00e9cessitant des cartes de localisation ou d&rsquo;itin\u00e9raire de haute qualit\u00e9.<\/p><\/p>\n<\/div>\n<\/div>\n\n\n\n<div class=\"wp-block-columns is-layout-flex wp-container-core-columns-is-layout-9d6595d7 wp-block-columns-is-layout-flex\">\n<div class=\"wp-block-column is-vertically-aligned-top is-layout-flow wp-block-column-is-layout-flow\"><div class=\"wp-block-image is-style-default\">\n<figure class=\"alignright size-full\"><img loading=\"lazy\" loading=\"lazy\" decoding=\"async\" width=\"765\" height=\"531\" src=\"https:\/\/www.printmaps.net\/wp-content\/uploads\/2020\/10\/mallorca.jpg\" alt=\"\" class=\"wp-image-70214\" srcset=\"https:\/\/www.printmaps.net\/wp-content\/uploads\/2020\/10\/mallorca.jpg 765w, https:\/\/www.printmaps.net\/wp-content\/uploads\/2020\/10\/mallorca-480x333.jpg 480w\" sizes=\"auto, (min-width: 0px) and (max-width: 480px) 480px, (min-width: 481px) 765px, 100vw\" \/><\/figure><\/div><\/div>\n\n\n\n<div class=\"wp-block-column is-vertically-aligned-top is-layout-flow wp-block-column-is-layout-flow\" style=\"flex-basis:380px\">\n<p>De nombreux \u00e9diteurs de guides de voyage illustrent enti\u00e8rement leurs guides de voyage et guides de randonn\u00e9e avec des cartes de Printmaps. Vous pouvez satisfaire tous les besoins typiques en mati\u00e8re de cartographie avec nos cartes, allant des cartes g\u00e9n\u00e9rales et de localisation aux cartes d&rsquo;activit\u00e9s avec des itin\u00e9raires de randonn\u00e9e ou de v\u00e9lo, en passant par les plans de ville \/ plans de rue et les cartes d&rsquo;orientation.<\/p>\n<\/div>\n<\/div>\n<\/div><\/div>\n\n<div style=\"height:47px\" aria-hidden=\"true\" class=\"wp-block-spacer\"><\/div>\n","protected":false},"excerpt":{"rendered":"<p>Si vous avez travaill\u00e9 avec Stepmap.de, vous serez int\u00e9ress\u00e9 de voir comment Printmaps.net se compare \u00e0 Stepmap. Nous avons cr\u00e9\u00e9 le tableau de comparaison ci-dessous pour vous donner un aper\u00e7u rapide de certaines des fonctionnalit\u00e9s les plus importantes de l&rsquo;\u00e9diteur de cartes Printmaps et de leur comparaison avec Stepmap. Assurez-vous de jeter un \u0153il \u00e0 [&hellip;]<\/p>\n","protected":false},"author":5,"featured_media":0,"parent":0,"menu_order":0,"comment_status":"closed","ping_status":"closed","template":"","meta":{"_et_pb_use_builder":"off","_et_pb_old_content":"","_et_gb_content_width":"","footnotes":""},"class_list":["post-167653","page","type-page","status-publish","hentry"],"_links":{"self":[{"href":"https:\/\/www.printmaps.net\/fr\/wp-json\/wp\/v2\/pages\/167653","targetHints":{"allow":["GET"]}}],"collection":[{"href":"https:\/\/www.printmaps.net\/fr\/wp-json\/wp\/v2\/pages"}],"about":[{"href":"https:\/\/www.printmaps.net\/fr\/wp-json\/wp\/v2\/types\/page"}],"author":[{"embeddable":true,"href":"https:\/\/www.printmaps.net\/fr\/wp-json\/wp\/v2\/users\/5"}],"replies":[{"embeddable":true,"href":"https:\/\/www.printmaps.net\/fr\/wp-json\/wp\/v2\/comments?post=167653"}],"version-history":[{"count":5,"href":"https:\/\/www.printmaps.net\/fr\/wp-json\/wp\/v2\/pages\/167653\/revisions"}],"predecessor-version":[{"id":176235,"href":"https:\/\/www.printmaps.net\/fr\/wp-json\/wp\/v2\/pages\/167653\/revisions\/176235"}],"wp:attachment":[{"href":"https:\/\/www.printmaps.net\/fr\/wp-json\/wp\/v2\/media?parent=167653"}],"curies":[{"name":"wp","href":"https:\/\/api.w.org\/{rel}","templated":true}]}}