{"id":174769,"date":"2024-06-21T15:42:02","date_gmt":"2024-06-21T14:42:02","guid":{"rendered":"https:\/\/www.printmaps.net\/wordpress-extension-static-maps-editor\/"},"modified":"2024-06-25T22:06:48","modified_gmt":"2024-06-25T21:06:48","slug":"wordpress-extension-static-maps-editor","status":"publish","type":"page","link":"https:\/\/www.printmaps.net\/fr\/wordpress-extension-static-maps-editor\/","title":{"rendered":"Extension gratuite de WordPress : Static Maps Editor"},"content":{"rendered":"\n<p>La Static Maps Editor Extension vous permet de cr\u00e9er facilement des cartes \u00ab\u00a0statiques\u00a0\u00bb personnalis\u00e9es et non interactives. Changez le style de la carte, ajoutez des itin\u00e9raires, des points d&rsquo;int\u00e9r\u00eat et des formes g\u00e9ographiques \u00e0 vos cartes enti\u00e8rement personnalisables en utilisant l&rsquo;\u00e9diteur de cartes h\u00e9berg\u00e9 par <a href=\"https:\/\/printmaps.net\/fr\">Printmaps.net<\/a> et int\u00e9grez-les rapidement \u00e0 votre site WordPress. Continuez \u00e0 lire pour d\u00e9couvrir ce que la Static Maps Editor peut faire pour vous ou acc\u00e9dez au t\u00e9l\u00e9chargement de l&rsquo;extension WordPress via le bouton ci-dessous.<\/p>\n\n<div class=\"wp-block-buttons is-content-justification-center is-layout-flex wp-container-core-buttons-is-layout-16018d1d wp-block-buttons-is-layout-flex\">\n<div class=\"wp-block-button is-style-fill\"><a class=\"wp-block-button__link has-vivid-red-background-color has-background wp-element-button\" href=\"https:\/\/fr.wordpress.org\/plugins\/static-maps-editor\/\" style=\"border-radius:20px\"><p><strong>T\u00e9l\u00e9chargez gratuitement depuis le r\u00e9pertoire des extensions WordPress !<\/strong><\/p><\/a><\/div>\n<\/div>\n\n<div style=\"height:37px\" aria-hidden=\"true\" class=\"wp-block-spacer\"><\/div>\n\n<figure class=\"wp-block-image size-large\"><img fetchpriority=\"high\" fetchpriority=\"high\" decoding=\"async\" width=\"1024\" height=\"556\" src=\"https:\/\/www.printmaps.net\/wp-content\/uploads\/2023\/09\/wordpress-plugin-static-maps-editor-1024x556.png\" alt=\"Extension WordPress Static Maps Editor\" class=\"wp-image-153617\" srcset=\"https:\/\/www.printmaps.net\/wp-content\/uploads\/2023\/09\/wordpress-plugin-static-maps-editor-980x532.png 980w, https:\/\/www.printmaps.net\/wp-content\/uploads\/2023\/09\/wordpress-plugin-static-maps-editor-480x261.png 480w\" sizes=\"(min-width: 0px) and (max-width: 480px) 480px, (min-width: 481px) and (max-width: 980px) 980px, (min-width: 981px) 1024px, 100vw\" \/><\/figure>\n<p><\/p>\n\n<h2 class=\"wp-block-heading\">Pourquoi devrais-je utiliser Static Maps Editor ?<\/h2>\n\n<p><\/p>\n\n<h3 class=\"wp-block-heading\">1. La premi\u00e8re extension WordPress pour \u00e9diter des cartes non interactives<\/h3>\n\n<p>Bien qu&rsquo;il existe des dizaines d&rsquo;extensions sur WordPress pour r\u00e9pondre \u00e0 vos besoins en mati\u00e8re de cartes interactives, la Static Maps Editor est la premi\u00e8re extension qui vous permet d&rsquo;\u00e9diter des cartes directement dans l&rsquo;interface d&rsquo;administration de votre WordPress.<\/p>\n\n<p><\/p>\n\n<h3 class=\"wp-block-heading\">2. Gagnez du temps sans perdre en qualit\u00e9<\/h3>\n\n<p>Si vous avez souvent besoin de cartes pour votre blog de voyage, vos annonces immobili\u00e8res ou votre site web de tourisme, vous pouvez r\u00e9duire consid\u00e9rablement le temps n\u00e9cessaire en \u00e9liminant les \u00e9tapes suppl\u00e9mentaires. Cr\u00e9er des cartes avec la Static Maps Editor est simple et rapide. Utilisez tout ce temps gagn\u00e9 pour affiner vos cartes autant que vous le souhaitez et cr\u00e9er des \u0153uvres accrocheuses au b\u00e9n\u00e9fice de votre audience ou de vos clients.<\/p>\n\n<p><\/p>\n\n<h3 class=\"wp-block-heading\">3. Ajoutez de la valeur \u00e0 votre contenu<\/h3>\n\n<p>Des cartes statiques attrayantes peuvent am\u00e9liorer l&rsquo;exp\u00e9rience du lecteur en fournissant un contexte visuel \u00e0 vos articles, aidant ainsi les lecteurs \u00e0 visualiser les lieux mentionn\u00e9s. Elles peuvent simplifier des informations complexes, montrer des itin\u00e9raires de voyage, mettre en valeur des emplacements g\u00e9ographiques et rendre le contenu plus captivant.<\/p>\n\n<p><\/p>\n\n<h3 class=\"wp-block-heading\">4. G\u00e9n\u00e9rez plus de trafic pour votre site<\/h3>\n\n<p>Le r\u00e9f\u00e9rencement (SEO) est un sujet important pour les propri\u00e9taires de sites web qui souhaitent augmenter ou maintenir leur trafic. Si c&rsquo;est fait correctement, les cartes statiques peuvent vous aider \u00e0 atteindre cet objectif. Les cartes finies sont enregistr\u00e9es dans votre biblioth\u00e8que multim\u00e9dia WordPress sous forme de fichiers PNG, que vous pouvez int\u00e9grer dans vos pages en haut de page pour offrir une vari\u00e9t\u00e9 de contenu au moteur de recherche Google et y ajouter un texte alternatif pour renforcer les mots-cl\u00e9s par lesquels votre site peut \u00eatre trouv\u00e9. De plus, les cartes statiques appara\u00eetront dans la recherche d&rsquo;images Google, offrant ainsi une voie suppl\u00e9mentaire pour attirer des lecteurs potentiels.<\/p>\n\n<p><\/p>\n\n<h3 class=\"wp-block-heading\">5. Maintenez la rapidit\u00e9 de votre site web<\/h3>\n\n<p>Comme nous le savons, rien ne d\u00e9courage plus rapidement un lecteur motiv\u00e9 qu&rsquo;un site web qui ne se charge pas rapidement. Les cartes statiques se chargent aussi rapidement que n&rsquo;importe quel autre fichier PNG, elles n&rsquo;alourdissent pas inutilement votre site et le maintiennent aussi rapide qu&rsquo;avant.<\/p>\n\n<p><\/p>\n\n<h2 class=\"wp-block-heading\">Comment utiliser Static Maps Editor :<\/h2>\n\n<ul class=\"wp-block-list\">\n<li><p>Suivez les instructions de t\u00e9l\u00e9chargement dans le <a href=\"https:\/\/fr.wordpress.org\/plugins\/static-maps-editor\/\">r\u00e9pertoire des extensions WordPress<\/a><\/p><\/li>\n\n\n\n<li>Cr\u00e9ez et personnalisez des cartes selon vos envies<\/li>\n\n\n\n<li><p>Les images des cartes sont stock\u00e9es et h\u00e9berg\u00e9es par votre installation WordPress, dans votre <strong>m\u00e9diath\u00e8que<\/strong><\/p><\/li>\n\n\n\n<li>Toutes les images sont stock\u00e9es localement dans votre dossier de t\u00e9l\u00e9chargement, comme d&rsquo;habitude<\/li>\n<\/ul>\n\n<p><\/p>\n\n<h3 class=\"wp-block-heading\">Fonctionnalit\u00e9s de l&rsquo;\u00e9diteur :<\/h3>\n\n<ul class=\"wp-block-list\">\n<li>Cartographier \u00e0 l\u2019\u00e9chelle mondiale<\/li>\n\n\n\n<li>Choisir entre diff\u00e9rents styles de carte<\/li>\n\n\n\n<li>Cr\u00e9er des itin\u00e9raires<\/li>\n\n\n\n<li>Marquer des points sur la carte avec des \u00e9pingles<\/li>\n\n\n\n<li>Mettre en valeur des zones g\u00e9ographiques<\/li>\n\n\n\n<li>Afficher l&rsquo;altitude<\/li>\n\n\n\n<li>Personnaliser le design<\/li>\n\n\n\n<li>Incliner ou faire pivoter<\/li>\n<\/ul>\n\n<p>Static Maps Editor est compatible avec toutes les autres extensions qui g\u00e8rent les images et est conforme \u00e0 100% au RGPD.<\/p>\n\n<p><\/p>\n\n<h3 class=\"wp-block-heading\">Exemples cr\u00e9\u00e9s avec l&rsquo;extension Static Maps Editor :<\/h3>\n\n<figure class=\"wp-block-gallery has-nested-images columns-default is-cropped wp-block-gallery-1 is-layout-flex wp-block-gallery-is-layout-flex\">\n<figure class=\"wp-block-image size-large\"><img decoding=\"async\" width=\"1024\" height=\"665\" data-id=\"63054\" src=\"https:\/\/www.printmaps.net\/wp-content\/uploads\/2020\/05\/Real-Estate-Flyers-1024x665.png\" alt=\"Capture d'&#xE9;cran de la carte avec des points d'int&#xE9;r&#xEA;t\" class=\"wp-image-63054\" srcset=\"https:\/\/www.printmaps.net\/wp-content\/uploads\/2020\/05\/Real-Estate-Flyers-980x636.png 980w, https:\/\/www.printmaps.net\/wp-content\/uploads\/2020\/05\/Real-Estate-Flyers-480x312.png 480w\" sizes=\"(min-width: 0px) and (max-width: 480px) 480px, (min-width: 481px) and (max-width: 980px) 980px, (min-width: 981px) 1024px, 100vw\" \/><\/figure>\n\n\n<figure class=\"wp-block-image size-large\"><img decoding=\"async\" width=\"1024\" height=\"722\" data-id=\"70205\" src=\"https:\/\/www.printmaps.net\/wp-content\/uploads\/2020\/10\/printable-maps-photobook-1-1024x722.png\" alt=\"Capture d'&#xE9;cran de la carte d'itin&#xE9;raire\" class=\"wp-image-70205\" srcset=\"https:\/\/www.printmaps.net\/wp-content\/uploads\/2020\/10\/printable-maps-photobook-1-980x691.png 980w, https:\/\/www.printmaps.net\/wp-content\/uploads\/2020\/10\/printable-maps-photobook-1-480x339.png 480w\" sizes=\"(min-width: 0px) and (max-width: 480px) 480px, (min-width: 481px) and (max-width: 980px) 980px, (min-width: 981px) 1024px, 100vw\" \/><\/figure>\n\n\n<figure class=\"wp-block-image size-large\"><img loading=\"lazy\" loading=\"lazy\" decoding=\"async\" width=\"1024\" height=\"768\" data-id=\"70226\" src=\"https:\/\/www.printmaps.net\/wp-content\/uploads\/2020\/10\/800x600@2x-1024x768.png\" alt=\"Capture d'&#xE9;cran de la carte monochrome\" class=\"wp-image-70226\" srcset=\"https:\/\/www.printmaps.net\/wp-content\/uploads\/2020\/10\/800x600@2x-980x735.png 980w, https:\/\/www.printmaps.net\/wp-content\/uploads\/2020\/10\/800x600@2x-480x360.png 480w\" sizes=\"auto, (min-width: 0px) and (max-width: 480px) 480px, (min-width: 481px) and (max-width: 980px) 980px, (min-width: 981px) 1024px, 100vw\" \/><\/figure>\n\n\n<figure class=\"wp-block-image size-large\"><img loading=\"lazy\" loading=\"lazy\" decoding=\"async\" width=\"1024\" height=\"714\" data-id=\"70195\" src=\"https:\/\/www.printmaps.net\/wp-content\/uploads\/2020\/10\/photobook-travel-map-1024x714.png\" alt=\"Capture d'&#xE9;cran de une carte avec un itin&#xE9;raire\" class=\"wp-image-70195\" srcset=\"https:\/\/www.printmaps.net\/wp-content\/uploads\/2020\/10\/photobook-travel-map-980x683.png 980w, https:\/\/www.printmaps.net\/wp-content\/uploads\/2020\/10\/photobook-travel-map-480x335.png 480w\" sizes=\"auto, (min-width: 0px) and (max-width: 480px) 480px, (min-width: 481px) and (max-width: 980px) 980px, (min-width: 981px) 1024px, 100vw\" \/><\/figure><\/figure>\n\n<div style=\"height:55px\" aria-hidden=\"true\" class=\"wp-block-spacer\"><\/div>\n\n<div class=\"wp-block-buttons is-content-justification-center is-layout-flex wp-container-core-buttons-is-layout-16018d1d wp-block-buttons-is-layout-flex\">\n<div class=\"wp-block-button is-style-fill\"><a class=\"wp-block-button__link has-vivid-red-background-color has-background wp-element-button\" href=\"https:\/\/fr.wordpress.org\/plugins\/static-maps-editor\/\" style=\"border-radius:20px\"><strong>Commencez \u00e0 cartographier en quelques clics !<\/strong><\/a><\/div>\n<\/div>\n\n<div style=\"height:49px\" aria-hidden=\"true\" class=\"wp-block-spacer\"><\/div>\n","protected":false},"excerpt":{"rendered":"<p>La Static Maps Editor Extension vous permet de cr\u00e9er facilement des cartes \u00ab\u00a0statiques\u00a0\u00bb personnalis\u00e9es et non interactives. Changez le style de la carte, ajoutez des itin\u00e9raires, des points d&rsquo;int\u00e9r\u00eat et des formes g\u00e9ographiques \u00e0 vos cartes enti\u00e8rement personnalisables en utilisant l&rsquo;\u00e9diteur de cartes h\u00e9berg\u00e9 par Printmaps.net et int\u00e9grez-les rapidement \u00e0 votre site WordPress. Continuez \u00e0 [&hellip;]<\/p>\n","protected":false},"author":5,"featured_media":0,"parent":0,"menu_order":0,"comment_status":"closed","ping_status":"closed","template":"","meta":{"_et_pb_use_builder":"","_et_pb_old_content":"","_et_gb_content_width":"","footnotes":""},"class_list":["post-174769","page","type-page","status-publish","hentry"],"_links":{"self":[{"href":"https:\/\/www.printmaps.net\/fr\/wp-json\/wp\/v2\/pages\/174769","targetHints":{"allow":["GET"]}}],"collection":[{"href":"https:\/\/www.printmaps.net\/fr\/wp-json\/wp\/v2\/pages"}],"about":[{"href":"https:\/\/www.printmaps.net\/fr\/wp-json\/wp\/v2\/types\/page"}],"author":[{"embeddable":true,"href":"https:\/\/www.printmaps.net\/fr\/wp-json\/wp\/v2\/users\/5"}],"replies":[{"embeddable":true,"href":"https:\/\/www.printmaps.net\/fr\/wp-json\/wp\/v2\/comments?post=174769"}],"version-history":[{"count":2,"href":"https:\/\/www.printmaps.net\/fr\/wp-json\/wp\/v2\/pages\/174769\/revisions"}],"predecessor-version":[{"id":175103,"href":"https:\/\/www.printmaps.net\/fr\/wp-json\/wp\/v2\/pages\/174769\/revisions\/175103"}],"wp:attachment":[{"href":"https:\/\/www.printmaps.net\/fr\/wp-json\/wp\/v2\/media?parent=174769"}],"curies":[{"name":"wp","href":"https:\/\/api.w.org\/{rel}","templated":true}]}}