{"id":200140,"date":"2025-03-05T17:05:22","date_gmt":"2025-03-05T16:05:22","guid":{"rendered":"https:\/\/www.printmaps.net\/carte-d-analyse-de-site\/"},"modified":"2025-10-24T13:20:37","modified_gmt":"2025-10-24T12:20:37","slug":"carte-d-analyse-de-site","status":"publish","type":"page","link":"https:\/\/www.printmaps.net\/fr\/carte-d-analyse-de-site\/","title":{"rendered":"Carte d\u2019analyse de site \u2013 \u00c9diteur en ligne pour l\u2019architecture et le design"},"content":{"rendered":"\n<div class=\"wp-block-columns is-layout-flex wp-container-core-columns-is-layout-9d6595d7 wp-block-columns-is-layout-flex\">\n<div class=\"wp-block-column is-layout-flow wp-block-column-is-layout-flow\" style=\"flex-basis:66.66%\">\n<figure class=\"wp-block-image size-large\"><img fetchpriority=\"high\" fetchpriority=\"high\" decoding=\"async\" width=\"564\" height=\"752\" src=\"https:\/\/www.printmaps.net\/wp-content\/uploads\/2020\/05\/Image-from-FRPO-Rodriguez-Oriol-Architects.jpg\" alt=\"Carte d&#x2019;analyse de site\" class=\"wp-image-62577\" srcset=\"https:\/\/www.printmaps.net\/wp-content\/uploads\/2020\/05\/Image-from-FRPO-Rodriguez-Oriol-Architects.jpg 564w, https:\/\/www.printmaps.net\/wp-content\/uploads\/2020\/05\/Image-from-FRPO-Rodriguez-Oriol-Architects-480x640.jpg 480w\" sizes=\"(min-width: 0px) and (max-width: 480px) 480px, (min-width: 481px) 564px, 100vw\" \/><\/figure>\n\n\n<div style=\"height:143px\" aria-hidden=\"true\" class=\"wp-block-spacer\"><\/div>\n<\/div>\n\n\n\n<div class=\"wp-block-column is-layout-flow wp-block-column-is-layout-flow\" style=\"flex-basis:33.33%\">\n<p><p>Les <strong>professionnels de l\u2019architecture et du design<\/strong> utilisent une carte pour l\u2019analyse de site de plusieurs mani\u00e8res. Aujourd\u2019hui, il n\u2019est plus souhaitable de pr\u00e9senter \u00e0 vos clients et coll\u00e8gues des donn\u00e9es sous forme de longs textes et chiffres. Utiliser des cartes visuellement inspirantes permet \u00e0 la fois <strong>d\u2019informer plus efficacement<\/strong> et de stimuler le processus cr\u00e9atif lors de votre<strong> analyse de site<\/strong>.<\/p><\/p>\n\n\n\n<p><p>L\u2019\u00e9diteur Printmaps importe des donn\u00e9es d\u2019<a href=\"https:\/\/www.openstreetmap.org\/\">OpenStreetMap<\/a> et les rend facilement accessibles dans l\u2019\u00e9diteur, o\u00f9 vous pouvez ajouter des formes, filtrer les calques, tracer des itin\u00e9raires et marquer des points d\u2019int\u00e9r\u00eat. Vous pouvez t\u00e9l\u00e9charger le r\u00e9sultat en PNG haute r\u00e9solution ou en fichier PSD ou SVG avec calques.<\/p><\/p>\n\n\n\n<p><p>D\u00e9couvrez les <a href=\"\/fr\/fonctionnalites\/\">fonctionnalit\u00e9s de notre \u00e9diteur en ligne<\/a> et comment les utiliser.<\/p><\/p>\n\n\n\n<div style=\"height:100px\" aria-hidden=\"true\" class=\"wp-block-spacer\"><\/div>\n\n\n\n<div class=\"wp-block-buttons is-content-justification-center is-layout-flex wp-container-core-buttons-is-layout-16018d1d wp-block-buttons-is-layout-flex\">\n<div class=\"wp-block-button has-custom-font-size\" style=\"font-size:18px\"><a class=\"wp-block-button__link has-background wp-element-button\" href=\"https:\/\/www.printmaps.net\/fr\/\" style=\"border-radius:10px;background-color:#e5017e\"><p><strong>Commencez \u00e0 cartographier d\u00e8s maintenant, sans inscription<\/strong><\/p><\/a><\/div>\n<\/div>\n<\/div>\n<\/div>\n\n<div style=\"height:43px\" aria-hidden=\"true\" class=\"wp-block-spacer\"><\/div>\n\n<div class=\"wp-block-columns is-layout-flex wp-container-core-columns-is-layout-9d6595d7 wp-block-columns-is-layout-flex\">\n<div class=\"wp-block-column is-layout-flow wp-block-column-is-layout-flow\" style=\"flex-basis:33.33%\">\n<p><\/p>\n\n\n\n<h3 class=\"wp-block-heading\">Utilisez une carte avec calques de notre outil d\u2019analyse de site<\/h3>\n\n\n\n<p><p>Les professionnels de l\u2019architecture et du design disposent de plusieurs m\u00e9thodes pour pr\u00e9senter leur analyse de site, et toutes impliquent l\u2019utilisation de cartes. <strong>Adobe Illustrator<\/strong> ou <strong>Photoshop<\/strong> \u00e9tant probablement d\u00e9j\u00e0 un outil familier dans votre processus de visualisation de donn\u00e9es, la question reste : o\u00f9 obtenir une <strong>carte haute r\u00e9solution<\/strong>, d\u00e9j\u00e0 <strong>calqu\u00e9e et annot\u00e9e<\/strong> ?<\/p><\/p>\n<\/div>\n\n\n\n<div class=\"wp-block-column is-layout-flow wp-block-column-is-layout-flow\" style=\"flex-basis:66.66%\"><div class=\"wp-block-image\">\n<figure class=\"alignright size-large\"><img decoding=\"async\" width=\"564\" height=\"534\" src=\"https:\/\/www.printmaps.net\/wp-content\/uploads\/2020\/05\/Image-from-Marlon-Blackwell-Architects.jpg\" alt=\"outil d&#x2019;analyse de site\" class=\"wp-image-62578\" srcset=\"https:\/\/www.printmaps.net\/wp-content\/uploads\/2020\/05\/Image-from-Marlon-Blackwell-Architects.jpg 564w, https:\/\/www.printmaps.net\/wp-content\/uploads\/2020\/05\/Image-from-Marlon-Blackwell-Architects-480x454.jpg 480w\" sizes=\"(min-width: 0px) and (max-width: 480px) 480px, (min-width: 481px) 564px, 100vw\" \/><\/figure><\/div>\n\n\n<div style=\"height:100px\" aria-hidden=\"true\" class=\"wp-block-spacer\"><\/div>\n<\/div>\n<\/div>\n\n<div style=\"height:60px\" aria-hidden=\"true\" class=\"wp-block-spacer\"><\/div>\n\n<div class=\"wp-block-columns is-layout-flex wp-container-core-columns-is-layout-9d6595d7 wp-block-columns-is-layout-flex\">\n<div class=\"wp-block-column is-layout-flow wp-block-column-is-layout-flow\" style=\"flex-basis:66.66%\">\n<figure class=\"wp-block-image size-large\"><img decoding=\"async\" src=\"https:\/\/www.printmaps.net\/wp-content\/uploads\/2020\/06\/layered-map-in-illustrator.png\" alt=\"carte pour l'analyse du site\" class=\"wp-image-64211\"\/><\/figure><\/div>\n\n\n\n<div class=\"wp-block-column is-layout-flow wp-block-column-is-layout-flow\" style=\"flex-basis:33.33%\">\n<h3 class=\"wp-block-heading\">C\u2019est l\u00e0 que Printmaps intervient<\/h3>\n\n\n\n<p><p>En quelques minutes, vous pouvez t\u00e9l\u00e9charger une carte avec calques. Gr\u00e2ce \u00e0 l\u2019\u00e9diteur de cartes en ligne, <strong>s\u00e9lectionnez un site, appliquez des filtres et ajoutez des formes et du contenu<\/strong>. Recevez un fichier PSD ou SVG avec calques et commencez \u00e0 travailler dans votre logiciel pr\u00e9f\u00e9r\u00e9.<\/p><\/p>\n\n\n\n<p>Le r\u00e9sultat final est en haute r\u00e9solution et adapt\u00e9 \u00e0 l\u2019impression de qualit\u00e9, jusqu\u2019\u00e0 une taille maximale de 1330mm x 1330mm.<\/p>\n\n\n\n<p>C\u2019est pourquoi une Printmap constitue la base id\u00e9ale pour une analyse de site.<\/p>\n\n\n\n<p><p>Contactez-nous pour conna\u00eetre <strong>nos options \u00e0 prix fixe<\/strong>.<\/p><\/p>\n<\/div>\n<\/div>\n\n<div style=\"height:72px\" aria-hidden=\"true\" class=\"wp-block-spacer\"><\/div>\n\n<div class=\"wp-block-group\"><div class=\"wp-block-group__inner-container is-layout-constrained wp-block-group-is-layout-constrained\">\n<h2 class=\"wp-block-heading has-text-align-center has-large-font-size\" style=\"font-style:normal;font-weight:700\">Essayez Printmaps<\/h2>\n\n\n\n<p class=\"has-text-align-center has-medium-font-size\">Notre\u00a0\u00e9diteur de cartes vous permet de cr\u00e9er des cartes imprimables dans le monde entier en un rien de temps.<\/p>\n\n\n\n<div style=\"height:15px\" aria-hidden=\"true\" class=\"wp-block-spacer\"><\/div>\n\n\n\n<div class=\"wp-block-buttons is-content-justification-center is-layout-flex wp-container-core-buttons-is-layout-16018d1d wp-block-buttons-is-layout-flex\">\n<div class=\"wp-block-button has-custom-font-size\" style=\"font-size:18px\"><a class=\"wp-block-button__link has-background wp-element-button\" href=\"https:\/\/www.printmaps.net\/fr\/\" style=\"border-radius:10px;background-color:#e5017e\"><strong>Cr\u00e9ez votre premi\u00e8re carte maintenant<\/strong><\/a><\/div>\n<\/div>\n<\/div><\/div>\n\n<div style=\"height:77px\" aria-hidden=\"true\" class=\"wp-block-spacer\"><\/div>\n\n<div class=\"schema-faq wp-block-yoast-faq-block\"><div class=\"schema-faq-section\" id=\"faq-question-1750417966569\"><strong class=\"schema-faq-question\">Comment cr\u00e9er une carte d\u2019analyse de site ?<\/strong> <p class=\"schema-faq-answer\">Commencez par d\u00e9finir clairement la zone de carte \u00e0 afficher. Choisissez le niveau de zoom et la taille de la carte selon votre cas d\u2019usage, c\u2019est-\u00e0-dire une vue rapproch\u00e9e du quartier ou une vue \u00e9largie de l\u2019environnement. S\u00e9lectionnez les \u00e9l\u00e9ments les plus pertinents \u00e0 mettre en avant pour votre cas d\u2019usage. Cela peut aller de facteurs environnementaux, comme la trajectoire du soleil ou l\u2019orientation au vent par rapport au bien, \u00e0 la mise en \u00e9vidence des limites de propri\u00e9t\u00e9, des b\u00e2timents existants et des \u00e9l\u00e9ments naturels de la zone.<\/p> <\/div> <div class=\"schema-faq-section\" id=\"faq-question-1757673170091\"><strong class=\"schema-faq-question\">Qu\u2019est-ce qu\u2019une carte d\u2019analyse de site ?<\/strong> <p class=\"schema-faq-answer\">Dans le contexte de l\u2019architecture, une carte d\u2019analyse de site est une synth\u00e8se visuelle d\u2019un site de projet et de son contexte qui oriente les d\u00e9cisions de conception initiales. Elle montre g\u00e9n\u00e9ralement les limites, les acc\u00e8s, les b\u00e2timents, l\u2019occupation du sol, la topographie, l\u2019hydrologie, la v\u00e9g\u00e9tation, les r\u00e9seaux et les contraintes r\u00e9glementaires.<\/p> <\/div> <div class=\"schema-faq-section\" id=\"faq-question-1757676678010\"><strong class=\"schema-faq-question\">La carte inclut-elle des b\u00e2timents et d\u2019autres couches de base ?<\/strong> <p class=\"schema-faq-answer\">Oui. L\u2019\u00e9diteur utilise les donn\u00e9es OpenStreetMap et conserve des couches cartographiques (par ex. routes, b\u00e2timents) que vous pouvez afficher\/masquer ou simplifier.<\/p> <\/div> <div class=\"schema-faq-section\" id=\"faq-question-1757679315520\"><strong class=\"schema-faq-question\">Puis-je simplifier la carte de base pour r\u00e9duire l\u2019encombrement ?<\/strong> <p class=\"schema-faq-answer\">Oui. Affichez\/masquez des entit\u00e9s et r\u00e9duisez le niveau de d\u00e9tail de la carte. Vous contr\u00f4lez \u00e0 quel point la base est minimale ou riche.<\/p> <\/div> <\/div>\n","protected":false},"excerpt":{"rendered":"<p>Les professionnels de l\u2019architecture et du design utilisent une carte pour l\u2019analyse de site de plusieurs mani\u00e8res. Aujourd\u2019hui, il n\u2019est plus souhaitable de pr\u00e9senter \u00e0 vos clients et coll\u00e8gues des donn\u00e9es sous forme de longs textes et chiffres. Utiliser des cartes visuellement inspirantes permet \u00e0 la fois d\u2019informer plus efficacement et de stimuler le processus [&hellip;]<\/p>\n","protected":false},"author":19,"featured_media":0,"parent":0,"menu_order":0,"comment_status":"closed","ping_status":"closed","template":"","meta":{"_et_pb_use_builder":"off","_et_pb_old_content":"","_et_gb_content_width":"","footnotes":""},"class_list":["post-200140","page","type-page","status-publish","hentry"],"_links":{"self":[{"href":"https:\/\/www.printmaps.net\/fr\/wp-json\/wp\/v2\/pages\/200140","targetHints":{"allow":["GET"]}}],"collection":[{"href":"https:\/\/www.printmaps.net\/fr\/wp-json\/wp\/v2\/pages"}],"about":[{"href":"https:\/\/www.printmaps.net\/fr\/wp-json\/wp\/v2\/types\/page"}],"author":[{"embeddable":true,"href":"https:\/\/www.printmaps.net\/fr\/wp-json\/wp\/v2\/users\/19"}],"replies":[{"embeddable":true,"href":"https:\/\/www.printmaps.net\/fr\/wp-json\/wp\/v2\/comments?post=200140"}],"version-history":[{"count":8,"href":"https:\/\/www.printmaps.net\/fr\/wp-json\/wp\/v2\/pages\/200140\/revisions"}],"predecessor-version":[{"id":222109,"href":"https:\/\/www.printmaps.net\/fr\/wp-json\/wp\/v2\/pages\/200140\/revisions\/222109"}],"wp:attachment":[{"href":"https:\/\/www.printmaps.net\/fr\/wp-json\/wp\/v2\/media?parent=200140"}],"curies":[{"name":"wp","href":"https:\/\/api.w.org\/{rel}","templated":true}]}}