{"id":211602,"date":"2025-06-28T13:10:26","date_gmt":"2025-06-28T12:10:26","guid":{"rendered":"https:\/\/www.printmaps.net\/creer-des-cartes-vactorielles\/"},"modified":"2025-06-28T13:10:27","modified_gmt":"2025-06-28T12:10:27","slug":"creer-des-cartes-vactorielles","status":"publish","type":"page","link":"https:\/\/www.printmaps.net\/fr\/creer-des-cartes-vactorielles\/","title":{"rendered":"Cr\u00e9er des cartes vectorielles pour le design graphique"},"content":{"rendered":"\n<p><p><a href=\"\/fr\/\">Printmaps<\/a>, l&rsquo;outil en ligne pour cr\u00e9er des cartes vectorielles, vous permet de concevoir facilement des cartes personnalis\u00e9es en haute r\u00e9solution, sans connaissances en SIG ou en cartographie. Exporte vos cartes aux formats SVG vectoriel avec calques ou PSD, pr\u00eates pour le post-traitement dans <strong>Adobe Illustrator, InDesign, Photoshop ou Figma<\/strong>. Rejoignez la <a href=\"\/fr\/agences\/\">longue liste de graphistes<\/a> qui utilisent d\u00e9j\u00e0 Printmaps.<\/p><\/p>\n\n<div style=\"height:37px\" aria-hidden=\"true\" class=\"wp-block-spacer\"><\/div>\n\n<div class=\"wp-block-buttons is-content-justification-center is-layout-flex wp-container-core-buttons-is-layout-16018d1d wp-block-buttons-is-layout-flex\">\n<div class=\"wp-block-button has-custom-font-size\" style=\"font-size:18px\"><a class=\"wp-block-button__link has-background wp-element-button\" href=\"https:\/\/www.printmaps.net\/fr\/\" style=\"border-radius:10px;background-color:#e5017e\"><p><strong>Commencez \u00e0 cartographier d\u00e8s maintenant, sans inscription<\/strong><\/p><\/a><\/div>\n<\/div>\n\n<div style=\"height:70px\" aria-hidden=\"true\" class=\"wp-block-spacer\"><\/div>\n<div class=\"wp-block-image\">\n<figure class=\"alignright size-full is-resized\"><img fetchpriority=\"high\" fetchpriority=\"high\" decoding=\"async\" width=\"834\" height=\"670\" src=\"https:\/\/www.printmaps.net\/wp-content\/uploads\/2020\/06\/layered-map-in-illustrator.png\" alt=\"carte svg en illustrator\" class=\"wp-image-63982\" style=\"width:620px;height:auto\" srcset=\"https:\/\/www.printmaps.net\/wp-content\/uploads\/2020\/06\/layered-map-in-illustrator.png 834w, https:\/\/www.printmaps.net\/wp-content\/uploads\/2020\/06\/layered-map-in-illustrator-480x386.png 480w\" sizes=\"(min-width: 0px) and (max-width: 480px) 480px, (min-width: 481px) 834px, 100vw\" \/><\/figure><\/div>\n<h2 class=\"wp-block-heading\"><p><strong>Pourquoi les cartes vectorielles sont id\u00e9ales pour le design graphique<\/strong><\/p><\/h2>\n\n<p><p>Pour vos cr\u00e9ations professionnelles, qu&rsquo;elles soient destin\u00e9es au num\u00e9rique ou \u00e0 l&rsquo;impression, disposer de fichiers cartographiques enti\u00e8rement personnalisables rend le processus de design beaucoup plus flexible. Les cartes vectorielles au format SVG s&rsquo;int\u00e8grent naturellement dans des outils comme <strong>Illustrator, InDesign ou Figma<\/strong>, permettant de redimensionner, styliser et affiner chaque \u00e9l\u00e9ment sans compromis.<br\/>Pour les projets n\u00e9cessitant une \u00e9dition pixel par pixel, les exports PSD avec calques offrent le m\u00eame niveau de contr\u00f4le dans Photoshop. Toutefois, pour la majorit\u00e9 des flux de travail graphiques, les cartes vectorielles restent l&rsquo;option la plus polyvalente.<\/p><\/p>\n\n<p><p><strong>Formats pris en charge :<\/strong><\/p><\/p>\n\n<ul class=\"wp-block-list\">\n<li>PNG (300 dpi) jusqu&rsquo;\u00e0 220 mm x 220 mm<\/li>\n\n\n\n<li>PSD (300 dpi) jusqu&rsquo;\u00e0 660 mm x 660 mm<\/li>\n\n\n\n<li>SVG (dpi \u00e9volutif)<\/li>\n<\/ul>\n\n<div style=\"height:112px\" aria-hidden=\"true\" class=\"wp-block-spacer\"><\/div>\n<div class=\"wp-block-image\">\n<figure class=\"alignleft size-full is-resized\"><img decoding=\"async\" width=\"765\" height=\"531\" src=\"https:\/\/www.printmaps.net\/wp-content\/uploads\/2020\/10\/mallorca.jpg\" alt=\"Exemple de carte vectorielle\" class=\"wp-image-70214\" style=\"width:700px;height:auto\" srcset=\"https:\/\/www.printmaps.net\/wp-content\/uploads\/2020\/10\/mallorca.jpg 765w, https:\/\/www.printmaps.net\/wp-content\/uploads\/2020\/10\/mallorca-480x333.jpg 480w\" sizes=\"(min-width: 0px) and (max-width: 480px) 480px, (min-width: 481px) 765px, 100vw\" \/><\/figure><\/div>\n<h2 class=\"wp-block-heading\">Flexible pour tous vos besoins graphiques<\/h2>\n\n<p><p>Notre outil de cr\u00e9ation de cartes vectorielles est utilis\u00e9 par des graphistes dans de nombreux secteurs. De la mise en page \u00e9ditoriale aux supports marketing, les cartes vectorielles constituent une base polyvalente pour une grande vari\u00e9t\u00e9 de projets graphiques. Les mises en page de magazines s\u2019appuient souvent sur des visuels clairs et g\u00e9olocalis\u00e9s pour illustrer des articles ou des reportages. Les affiches d&rsquo;\u00e9v\u00e9nements b\u00e9n\u00e9ficient de cartes simples et lisibles qui orientent les participants. Dans les infographies, les cartes renforcent le storytelling en visualisant des donn\u00e9es par r\u00e9gion, en mettant en \u00e9vidence des tendances ou en facilitant les comparaisons en un coup d&rsquo;\u0153il.<\/p><\/p>\n\n<div style=\"height:124px\" aria-hidden=\"true\" class=\"wp-block-spacer\"><\/div>\n<div class=\"wp-block-image\">\n<figure class=\"alignright size-large is-resized\"><img decoding=\"async\" width=\"1024\" height=\"576\" src=\"https:\/\/www.printmaps.net\/wp-content\/uploads\/2024\/09\/print-map-1-1024x576.png\" alt=\"cr&#xE9;er des cartes vectorielles\" class=\"wp-image-183002\" style=\"width:762px;height:auto\" srcset=\"https:\/\/www.printmaps.net\/wp-content\/uploads\/2024\/09\/print-map-1-980x551.png 980w, https:\/\/www.printmaps.net\/wp-content\/uploads\/2024\/09\/print-map-1-480x270.png 480w\" sizes=\"(min-width: 0px) and (max-width: 480px) 480px, (min-width: 481px) and (max-width: 980px) 980px, (min-width: 981px) 1024px, 100vw\" \/><\/figure><\/div>\n<h2 class=\"wp-block-heading has-text-align-left\">Fonctionnalit\u00e9s de notre outil de cr\u00e9ation de cartes vectorielles<\/h2>\n\n<ul class=\"wp-block-list\">\n<li>\u00c9diteur en ligne avec couverture mondiale<\/li>\n\n\n\n<li>Choix entre plusieurs styles de cartes<\/li>\n\n\n\n<li>Affichage ou masquage des \u00e9l\u00e9ments et des labels<\/li>\n\n\n\n<li>Ajout de marqueurs, itin\u00e9raires et formes g\u00e9ographiques<\/li>\n\n\n\n<li>Import de fichiers GPX, KML ou GeoJSON<\/li>\n\n\n\n<li><p>Lire plus de d\u00e9tails <a href=\"\/fr\/fonctionnalites\/\">ici<\/a><\/p><\/li>\n<\/ul>\n\n<div style=\"height:118px\" aria-hidden=\"true\" class=\"wp-block-spacer\"><\/div>\n\n<div class=\"wp-block-group\"><div class=\"wp-block-group__inner-container is-layout-constrained wp-block-group-is-layout-constrained\">\n<h2 class=\"wp-block-heading has-text-align-center has-large-font-size\" style=\"font-style:normal;font-weight:700\">Essayez Printmaps<\/h2>\n\n\n\n<p class=\"has-text-align-center has-medium-font-size\">Notre\u00a0\u00e9diteur de cartes vous permet de cr\u00e9er des cartes imprimables dans le monde entier en un rien de temps.<\/p>\n\n\n\n<div style=\"height:15px\" aria-hidden=\"true\" class=\"wp-block-spacer\"><\/div>\n\n\n\n<div class=\"wp-block-buttons is-content-justification-center is-layout-flex wp-container-core-buttons-is-layout-16018d1d wp-block-buttons-is-layout-flex\">\n<div class=\"wp-block-button has-custom-font-size\" style=\"font-size:18px\"><a class=\"wp-block-button__link has-background wp-element-button\" href=\"https:\/\/www.printmaps.net\/fr\/\" style=\"border-radius:10px;background-color:#e5017e\"><strong>Cr\u00e9ez votre premi\u00e8re carte maintenant<\/strong><\/a><\/div>\n<\/div>\n<\/div><\/div>\n\n<div style=\"height:137px\" aria-hidden=\"true\" class=\"wp-block-spacer\"><\/div>\n","protected":false},"excerpt":{"rendered":"<p>Printmaps, l&rsquo;outil en ligne pour cr\u00e9er des cartes vectorielles, vous permet de concevoir facilement des cartes personnalis\u00e9es en haute r\u00e9solution, sans connaissances en SIG ou en cartographie. Exporte vos cartes aux formats SVG vectoriel avec calques ou PSD, pr\u00eates pour le post-traitement dans Adobe Illustrator, InDesign, Photoshop ou Figma. Rejoignez la longue liste de graphistes [&hellip;]<\/p>\n","protected":false},"author":23,"featured_media":0,"parent":0,"menu_order":0,"comment_status":"closed","ping_status":"closed","template":"","meta":{"_et_pb_use_builder":"","_et_pb_old_content":"","_et_gb_content_width":"","footnotes":""},"class_list":["post-211602","page","type-page","status-publish","hentry"],"_links":{"self":[{"href":"https:\/\/www.printmaps.net\/fr\/wp-json\/wp\/v2\/pages\/211602","targetHints":{"allow":["GET"]}}],"collection":[{"href":"https:\/\/www.printmaps.net\/fr\/wp-json\/wp\/v2\/pages"}],"about":[{"href":"https:\/\/www.printmaps.net\/fr\/wp-json\/wp\/v2\/types\/page"}],"author":[{"embeddable":true,"href":"https:\/\/www.printmaps.net\/fr\/wp-json\/wp\/v2\/users\/23"}],"replies":[{"embeddable":true,"href":"https:\/\/www.printmaps.net\/fr\/wp-json\/wp\/v2\/comments?post=211602"}],"version-history":[{"count":1,"href":"https:\/\/www.printmaps.net\/fr\/wp-json\/wp\/v2\/pages\/211602\/revisions"}],"predecessor-version":[{"id":211603,"href":"https:\/\/www.printmaps.net\/fr\/wp-json\/wp\/v2\/pages\/211602\/revisions\/211603"}],"wp:attachment":[{"href":"https:\/\/www.printmaps.net\/fr\/wp-json\/wp\/v2\/media?parent=211602"}],"curies":[{"name":"wp","href":"https:\/\/api.w.org\/{rel}","templated":true}]}}