{"id":164698,"date":"2024-02-26T13:43:26","date_gmt":"2024-02-26T12:43:26","guid":{"rendered":"https:\/\/www.printmaps.net\/volantini-immobiliari\/"},"modified":"2025-10-24T10:22:37","modified_gmt":"2025-10-24T09:22:37","slug":"volantini-immobiliari","status":"publish","type":"page","link":"https:\/\/www.printmaps.net\/it\/volantini-immobiliari\/","title":{"rendered":"Mappe immobiliari per i Suoi volantini e dossier immobiliari"},"content":{"rendered":"\n<div style=\"height:32px\" aria-hidden=\"true\" class=\"wp-block-spacer\"><\/div>\n<div class=\"wp-block-image\">\n<figure class=\"alignleft size-large is-resized\"><img fetchpriority=\"high\" fetchpriority=\"high\" decoding=\"async\" width=\"1024\" height=\"729\" src=\"https:\/\/www.printmaps.net\/wp-content\/uploads\/2020\/05\/images2-1-1024x729.png\" alt=\"Volantini immobiliari\" class=\"wp-image-63048\" style=\"width:680px;height:484px\" srcset=\"https:\/\/www.printmaps.net\/wp-content\/uploads\/2020\/05\/images2-1-1024x729.png 1024w, https:\/\/www.printmaps.net\/wp-content\/uploads\/2020\/05\/images2-1-980x698.png 980w, https:\/\/www.printmaps.net\/wp-content\/uploads\/2020\/05\/images2-1-480x342.png 480w\" sizes=\"(min-width: 0px) and (max-width: 480px) 480px, (min-width: 481px) and (max-width: 980px) 980px, (min-width: 981px) 1024px, 100vw\" \/><\/figure><\/div>\n<p><p>I <strong>volantini immobiliari<\/strong> pi\u00f9 efficaci includono spesso <strong>mappe immobiliari<\/strong> meticolosamente realizzate. Che Lei sia un agente immobiliare esperto che punta ad aumentare le vendite o un designer specializzato in <strong>marketing immobiliare<\/strong>, il Suo obiettivo \u00e8 creare dossier e <strong>volantini immobiliari<\/strong> accattivanti che attirino e informino i potenziali acquirenti. \u00c8 qui che entra in gioco Printmaps. Il nostro editor di mappe Le consente di personalizzare facilmente le mappe, arricchendo i Suoi inviti per open house, aggiornamenti di mercato, annunci di vendite concluse e volantini per nuove inserzioni.<\/p><\/p>\n\n<p><p>Scopra le <a href=\"\/it\/funzioni\/\">numerose funzionalit\u00e0 dell&#8217;editor di Printmaps<\/a> per sbloccare tutto il suo potenziale per i suoi sforzi di marketing immobiliare!<\/p><\/p>\n\n<div class=\"wp-block-buttons is-content-justification-center is-layout-flex wp-container-core-buttons-is-layout-16018d1d wp-block-buttons-is-layout-flex\">\n<div class=\"wp-block-button has-custom-font-size\" style=\"font-size:18px\"><a class=\"wp-block-button__link has-background wp-element-button\" href=\"https:\/\/www.printmaps.net\/it\/\" style=\"border-radius:10px;background-color:#e5017e\"><p><strong>Iniziare a mappare ora, senza bisogno di iscriversi<\/strong><\/p><\/a><\/div>\n<\/div>\n\n<div style=\"height:54px\" aria-hidden=\"true\" class=\"wp-block-spacer\"><\/div>\n\n<h2 class=\"wp-block-heading\">Il ruolo delle mappe nei volantini immobiliari<\/h2>\n\n<p><p>Nel panorama immobiliare odierno, volantini e <strong>dossier<\/strong> rimangono strumenti potenti per presentare open house, rapporti di mercato e vendite passate. Offrono una straordinaria opportunit\u00e0 per presentare direttamente il Suo marchio attraverso fotografie di alta qualit\u00e0, l&#8217;uso coerente dei colori del marchio e, soprattutto, <strong>mappe immobiliari<\/strong> personalizzate.<\/p><\/p>\n\n<p><p>Con Printmaps, pu\u00f2 scaricare <strong>mappe ad alta risoluzione<\/strong> di qualsiasi localit\u00e0 a 300 dpi e includere i punti di interesse essenziali nei quartieri. Ci\u00f2 garantisce che la qualit\u00e0 delle mappe rimanga inalterata quando vengono utilizzate in stampa per i Suoi <strong>volantini o dossier immobiliari<\/strong>.<\/p><\/p>\n\n<h2 class=\"wp-block-heading\">Esempi di volantini immobiliari con mappe<\/h2>\n<div class=\"wp-block-image\">\n<figure class=\"aligncenter size-large\"><img decoding=\"async\" width=\"1024\" height=\"458\" src=\"https:\/\/www.printmaps.net\/wp-content\/uploads\/2020\/05\/images-1024x458.png\" alt=\"volantini creativi\" class=\"wp-image-63047\" srcset=\"https:\/\/www.printmaps.net\/wp-content\/uploads\/2020\/05\/images-980x439.png 980w, https:\/\/www.printmaps.net\/wp-content\/uploads\/2020\/05\/images-480x215.png 480w\" sizes=\"(min-width: 0px) and (max-width: 480px) 480px, (min-width: 481px) and (max-width: 980px) 980px, (min-width: 981px) 1024px, 100vw\" \/><\/figure><\/div>\n<p><p>Per i volantini immobiliari, le brochure o le descrizioni delle propriet\u00e0, \u00e8 cruciale che le immagini delle mappe siano ad alta risoluzione. Questo garantisce chiarezza e previene la stampa di mappe pixelate. Quando si <a href=\"https:\/\/www.zillow.com\/blog\/15-words-that-add-value-171182\/\" target=\"_blank\" rel=\"noreferrer noopener\">ottimizzano i volantini immobiliari<\/a>, l&#8217;uso strategico di parole come &#8220;lusso&#8221; pu\u00f2 migliorare significativamente i prezzi di vendita. Naturalmente, non si vorrebbe compromettere il valore dei volantini immobiliari di lusso con immagini di bassa qualit\u00e0.<\/p><\/p>\n\n<div style=\"height:44px\" aria-hidden=\"true\" class=\"wp-block-spacer\"><\/div>\n<div class=\"wp-block-image\">\n<figure class=\"alignleft size-large is-resized\"><img decoding=\"async\" width=\"1024\" height=\"665\" src=\"https:\/\/www.printmaps.net\/wp-content\/uploads\/2020\/05\/Real-Estate-Flyers-1024x665.png\" alt=\"volantini creativi\" class=\"wp-image-63054\" style=\"width:617px;height:401px\" srcset=\"https:\/\/www.printmaps.net\/wp-content\/uploads\/2020\/05\/Real-Estate-Flyers-980x636.png 980w, https:\/\/www.printmaps.net\/wp-content\/uploads\/2020\/05\/Real-Estate-Flyers-480x312.png 480w\" sizes=\"(min-width: 0px) and (max-width: 480px) 480px, (min-width: 481px) and (max-width: 980px) 980px, (min-width: 981px) 1024px, 100vw\" \/><\/figure><\/div>\n<h3 class=\"wp-block-heading\">L&#8217;importanza delle mappe nei volantini immobiliari<\/h3>\n\n<p><p>Le mappe immobiliari costituiscono un elemento imprescindibile nel marketing immobiliare. Le persone in cerca di una nuova casa sono interessate a conoscere l&#8217;ambiente circostante del loro potenziale nuovo immobile. Esempi di ci\u00f2 che desiderano sapere includono: la presenza di buone <strong>scuole<\/strong> nelle vicinanze dove i loro figli potranno frequentare, la disponibilit\u00e0 di <strong>parchi<\/strong> per passeggiare con il cane e quali <strong>ristoranti<\/strong> sono presenti nel quartiere. Inoltre, cercano informazioni <strong>sull&#8217;ospedale<\/strong> pi\u00f9 vicino, sulla rete stradale e sulla facilit\u00e0 di accesso al lavoro. Per la realizzazione di volantini immobiliari di alta qualit\u00e0, \u00e8 fondamentale includere mappe dettagliate dell&#8217;ambiente circostante.<\/p><\/p>\n\n<p><\/p>\n\n<div style=\"height:44px\" aria-hidden=\"true\" class=\"wp-block-spacer\"><\/div>\n\n<h3 class=\"wp-block-heading\">Infinita creativit\u00e0 durante l&#8217;editing in Illustrator o Photoshop<\/h3>\n\n<p><p>Quando si mira a volantini immobiliari davvero eccezionali e che catturano l&#8217;attenzione, optare per un formato standard scelto dai Suoi concorrenti non basta. \u00c8 probabile che Lei stia gi\u00e0 utilizzando strumenti di editing come Illustrator o Photoshop. Con Printmaps, Lei pu\u00f2 scaricare facilmente un file PSD o SVG stratificato, che poi pu\u00f2 aprire in Illustrator o Photoshop per <strong>personalizzare la mappa a suo piacimento<\/strong>.<\/p><\/p>\n\n<p>Se Lei non \u00e8 familiare con questi programmi ma desidera comunque un design di mappa semplice e raffinato, Printmaps ha la soluzione per Lei. Pu\u00f2 finalizzare la mappa direttamente nell&#8217;editor di Printmaps e scaricarla come PNG. Incorpori questa nel volantino del quartiere immobiliare, e vedr\u00e0 come catturer\u00e0 l&#8217;attenzione di innumerevoli potenziali acquirenti, accendendo il loro interesse e ammirazione.<\/p>\n<div class=\"wp-block-image\">\n<figure class=\"aligncenter size-large\"><img decoding=\"async\" src=\"https:\/\/www.printmaps.net\/wp-content\/uploads\/2020\/06\/layered-map-in-illustrator.png\" alt=\"volantini agenzie immobiliari\" class=\"wp-image-64211\"\/><\/figure><\/div>\n<div style=\"height:51px\" aria-hidden=\"true\" class=\"wp-block-spacer\"><\/div>\n\n<div class=\"wp-block-group\"><div class=\"wp-block-group__inner-container is-layout-constrained wp-block-group-is-layout-constrained\">\n<h2 class=\"wp-block-heading has-text-align-center has-large-font-size\" style=\"font-style:normal;font-weight:700\">Provate Printmaps<\/h2>\n\n\n\n<p class=\"has-text-align-center has-medium-font-size\">Il nostro\u00a0editor di mappe vi permette di creare mappe stampabili in tutto il mondo in pochissimo tempo.<\/p>\n\n\n\n<div style=\"height:15px\" aria-hidden=\"true\" class=\"wp-block-spacer\"><\/div>\n\n\n\n<div class=\"wp-block-buttons is-content-justification-center is-layout-flex wp-container-core-buttons-is-layout-16018d1d wp-block-buttons-is-layout-flex\">\n<div class=\"wp-block-button has-custom-font-size\" style=\"font-size:18px\"><a class=\"wp-block-button__link has-background wp-element-button\" href=\"https:\/\/www.printmaps.net\/it\/\" style=\"border-radius:10px;background-color:#e5017e\"><p><strong>Create ora la vostra prima mappa<\/strong><\/p><\/a><\/div>\n<\/div>\n<\/div><\/div>\n<div class=\"wp-block-image\">\n<figure class=\"alignright size-large is-resized\"><img decoding=\"async\" src=\"https:\/\/www.printmaps.net\/wp-content\/uploads\/2020\/05\/Real-Estate-expose2-1024x746.png\" alt=\"\" class=\"wp-image-63051\" style=\"width:667px;height:486px\"\/><\/figure><\/div>\n<p><p>Sebbene la stampa rimanga uno strumento vitale per il marketing immobiliare, le strategie moderne spesso coinvolgono una combinazione di approcci. Il <strong>marketing via email<\/strong>, in particolare, pu\u00f2 dimostrarsi altamente efficace nel <a href=\"https:\/\/www.wordstream.com\/blog\/ws\/2015\/04\/16\/real-estate-marketing\">coltivare le relazioni con i clienti<\/a> all&#8217;interno dell&#8217;industria immobiliare. Ad esempio, fare seguito con una newsletter dopo che un potenziale acquirente visita una delle Sue case aperte presenta un&#8217;ottima opportunit\u00e0 per mostrare altre propriet\u00e0 disponibili nello stesso quartiere.<\/p><\/p>\n\n<p>Migliorare le Sue newsletter con mappe immobiliari di alta qualit\u00e0 aggiunge un ulteriore livello di coinvolgimento e attrattiva visiva, mostrando efficacemente le case aperte, le inserzioni e i quartieri circostanti.<\/p>\n\n<div style=\"height:100px\" aria-hidden=\"true\" class=\"wp-block-spacer\"><\/div>\n<div class=\"wp-block-image\">\n<figure class=\"alignleft size-large is-resized\"><img loading=\"lazy\" loading=\"lazy\" decoding=\"async\" width=\"1024\" height=\"665\" src=\"https:\/\/www.printmaps.net\/wp-content\/uploads\/2020\/05\/biking-route-map-1024x665.png\" alt=\"volantini accattivanti\" class=\"wp-image-62793\" style=\"width:593px;height:385px\" srcset=\"https:\/\/www.printmaps.net\/wp-content\/uploads\/2020\/05\/biking-route-map-980x636.png 980w, https:\/\/www.printmaps.net\/wp-content\/uploads\/2020\/05\/biking-route-map-480x312.png 480w\" sizes=\"auto, (min-width: 0px) and (max-width: 480px) 480px, (min-width: 481px) and (max-width: 980px) 980px, (min-width: 981px) 1024px, 100vw\" \/><\/figure><\/div>\n<h3 class=\"wp-block-heading\">Use the editor to show directions<\/h3>\n\n<p>Il nostro editor di percorsi offre pi\u00f9 della semplice capacit\u00e0 di disegnare percorsi a mano libera. Dispone di una procedura guidata che si aggancia magneticamente alle strade esistenti, consentendole di creare percorsi in pochi secondi. Questo strumento innovativo non solo mostra i punti di interesse nel quartiere o nella rete stradale per illustrare la raggiungibilit\u00e0, ma facilita anche l&#8217;inclusione di indicazioni nei volantini immobiliari.<\/p>\n\n<p>Incorporando le indicazioni nei Suoi volantini, si assicura che i potenziali acquirenti abbiano indicazioni chiare su come trovarla, migliorando la loro esperienza complessiva e riducendo eventuali confusioni.<\/p>\n\n<div style=\"height:100px\" aria-hidden=\"true\" class=\"wp-block-spacer\"><\/div>\n\n<p class=\"has-large-font-size\">\u00c8 ci\u00f2 che si fa di esso<\/p>\n\n<p>Creare mappe stampabili per le pubblicazioni implica pi\u00f9 che avere gli strumenti geografici giusti; si tratta di sfruttare i propri disegni e idee. Con Printmaps, Lei ha completa flessibilit\u00e0, sia che si tratti di scegliere il tipo di cartografia o selezionare le caratteristiche da includere nella sua mappa.<\/p>\n\n<p>Ma la personalizzazione non si ferma qui. Una volta creata e scaricata la sua mappa, le possibilit\u00e0 sono infinite. Vuole migliorare i punti di interesse con dettagli aggiuntivi? Aggiungere i propri loghi, grafiche o testo? Le nostre mappe sono fornite in formato PSD stratificato, consentendole di modificare ogni aspetto, fino ai singoli punti di interesse.<\/p>\n\n<p>Perch\u00e9 non provare il nostro editor e scoprire come pu\u00f2 trasformare senza sforzo le Sue idee nella mappa perfetta adatta alla pubblicazione?<\/p>\n\n<div style=\"height:97px\" aria-hidden=\"true\" class=\"wp-block-spacer\"><\/div>\n\n<div class=\"wp-block-group\"><div class=\"wp-block-group__inner-container is-layout-constrained wp-block-group-is-layout-constrained\">\n<h2 class=\"wp-block-heading has-text-align-center has-large-font-size\" style=\"font-style:normal;font-weight:700\">Provate Printmaps<\/h2>\n\n\n\n<p class=\"has-text-align-center has-medium-font-size\">Il nostro\u00a0editor di mappe vi permette di creare mappe stampabili in tutto il mondo in pochissimo tempo.<\/p>\n\n\n\n<div style=\"height:15px\" aria-hidden=\"true\" class=\"wp-block-spacer\"><\/div>\n\n\n\n<div class=\"wp-block-buttons is-content-justification-center is-layout-flex wp-container-core-buttons-is-layout-16018d1d wp-block-buttons-is-layout-flex\">\n<div class=\"wp-block-button has-custom-font-size\" style=\"font-size:18px\"><a class=\"wp-block-button__link has-background wp-element-button\" href=\"https:\/\/www.printmaps.net\/it\/\" style=\"border-radius:10px;background-color:#e5017e\"><p><strong>Create ora la vostra prima mappa<\/strong><\/p><\/a><\/div>\n<\/div>\n<\/div><\/div>\n\n<div style=\"height:155px\" aria-hidden=\"true\" class=\"wp-block-spacer\"><\/div>\n\n<h3 class=\"wp-block-heading has-text-align-center\">Domande frequenti<\/h3>\n\n<div class=\"schema-faq wp-block-yoast-faq-block\"><div class=\"schema-faq-section\" id=\"faq-question-1759748884275\"><strong class=\"schema-faq-question\">Qual \u00e8 il modo pi\u00f9 rapido per aggiungere scuole, parchi, trasporti e ospedali a una mappa promozionale?<\/strong> <p class=\"schema-faq-answer\">Il nostro strumento per i pin consente di utilizzare diversi simboli per rappresentare i luoghi che desidera evidenziare. Per aggiungere un pin, basta trascinarlo sulla mappa e poi modificare colore, forma e simbolo per dare chiarezza visiva alle diverse localit\u00e0.<\/p> <\/div> <div class=\"schema-faq-section\" id=\"faq-question-1759748912351\"><strong class=\"schema-faq-question\">Quali elementi di mappa su un volantino influenzano maggiormente l\u2019interesse e le conversioni degli acquirenti?<\/strong> <p class=\"schema-faq-answer\">Un indicatore di propriet\u00e0 ben visibile e un set selezionato di 4\u20138 POI mirati (scuole, trasporti, parchi, supermercati) influenzano maggiormente l\u2019interesse degli acquirenti. Usi icone semplici, con colori differenziati e etichette concise, in modo che il pin della propriet\u00e0 resti l\u2019elemento visivo principale.<\/p> <\/div> <div class=\"schema-faq-section\" id=\"faq-question-1759748923929\"><strong class=\"schema-faq-question\">Come pu\u00f2 incollare pi\u00f9 indirizzi di propriet\u00e0 per creare rapidamente i pin?<\/strong> <p class=\"schema-faq-answer\"><p>Pu\u00f2 creare un file Excel che segua il layout del nostro batch-geocoder e incollarlo per creare rapidamente i pin. Legga <a href=\"\/it\/stampare-mappa-con-piu-posizioni\/\">questo articolo<\/a> per saperne di pi\u00f9.<\/p><\/p> <\/div> <\/div>\n\n<div class=\"wp-block-group\"><div class=\"wp-block-group__inner-container is-layout-constrained wp-block-group-is-layout-constrained\">\n<div style=\"height:130px\" aria-hidden=\"true\" class=\"wp-block-spacer\"><\/div>\n\n\n\n<h2 class=\"wp-block-heading has-x-large-font-size\" style=\"font-style:normal;font-weight:700\">Avete ancora bisogno di aiuto? Inviateci un messaggio!<\/h2>\n\n\n\n<p style=\"font-size:22px\"><p><a href=\"https:\/\/support.printmaps.net\/it\/support\/tickets\/new\">Ci invii un ticket sulla nostra piattaforma di supporto<\/a><\/p><\/p>\n\n\n\n<div style=\"height:150px\" aria-hidden=\"true\" class=\"wp-block-spacer\"><\/div>\n<\/div><\/div>\n","protected":false},"excerpt":{"rendered":"<p>I volantini immobiliari pi\u00f9 efficaci includono spesso mappe immobiliari meticolosamente realizzate. Che Lei sia un agente immobiliare esperto che punta ad aumentare le vendite o un designer specializzato in marketing immobiliare, il Suo obiettivo \u00e8 creare dossier e volantini immobiliari accattivanti che attirino e informino i potenziali acquirenti. \u00c8 qui che entra in gioco Printmaps. [&hellip;]<\/p>\n","protected":false},"author":19,"featured_media":0,"parent":0,"menu_order":0,"comment_status":"closed","ping_status":"closed","template":"","meta":{"_et_pb_use_builder":"off","_et_pb_old_content":"","_et_gb_content_width":"","footnotes":""},"class_list":["post-164698","page","type-page","status-publish","hentry"],"_links":{"self":[{"href":"https:\/\/www.printmaps.net\/it\/wp-json\/wp\/v2\/pages\/164698","targetHints":{"allow":["GET"]}}],"collection":[{"href":"https:\/\/www.printmaps.net\/it\/wp-json\/wp\/v2\/pages"}],"about":[{"href":"https:\/\/www.printmaps.net\/it\/wp-json\/wp\/v2\/types\/page"}],"author":[{"embeddable":true,"href":"https:\/\/www.printmaps.net\/it\/wp-json\/wp\/v2\/users\/19"}],"replies":[{"embeddable":true,"href":"https:\/\/www.printmaps.net\/it\/wp-json\/wp\/v2\/comments?post=164698"}],"version-history":[{"count":13,"href":"https:\/\/www.printmaps.net\/it\/wp-json\/wp\/v2\/pages\/164698\/revisions"}],"predecessor-version":[{"id":222081,"href":"https:\/\/www.printmaps.net\/it\/wp-json\/wp\/v2\/pages\/164698\/revisions\/222081"}],"wp:attachment":[{"href":"https:\/\/www.printmaps.net\/it\/wp-json\/wp\/v2\/media?parent=164698"}],"curies":[{"name":"wp","href":"https:\/\/api.w.org\/{rel}","templated":true}]}}