{"id":164717,"date":"2024-02-26T15:00:08","date_gmt":"2024-02-26T14:00:08","guid":{"rendered":"https:\/\/www.printmaps.net\/crea-un-poster-cartografico\/"},"modified":"2025-10-21T12:13:17","modified_gmt":"2025-10-21T11:13:17","slug":"crea-un-poster-cartografico","status":"publish","type":"page","link":"https:\/\/www.printmaps.net\/it\/crea-un-poster-cartografico\/","title":{"rendered":"Crea un poster cartografico con l&#8217;editor di Printmaps"},"content":{"rendered":"\n<div style=\"height:100px\" aria-hidden=\"true\" class=\"wp-block-spacer\"><\/div>\n\n<div class=\"wp-block-columns is-layout-flex wp-container-core-columns-is-layout-9d6595d7 wp-block-columns-is-layout-flex\">\n<div class=\"wp-block-column is-layout-flow wp-block-column-is-layout-flow\" style=\"flex-basis:66.66%\">\n<figure class=\"wp-block-image size-large is-resized\"><img fetchpriority=\"high\" fetchpriority=\"high\" decoding=\"async\" width=\"887\" height=\"1024\" src=\"https:\/\/www.printmaps.net\/wp-content\/uploads\/2020\/04\/create-map-poster-887x1024.png\" alt=\"crea un poster cartografico\" class=\"wp-image-61074\" style=\"width:451px;height:520px\"\/><\/figure>\n\n\n<p><\/p>\n\n\n\n<div style=\"height:20px\" aria-hidden=\"true\" class=\"wp-block-spacer\"><\/div>\n<\/div>\n\n\n\n<div class=\"wp-block-column is-layout-flow wp-block-column-is-layout-flow\" style=\"flex-basis:33.33%\">\n<p>Con l&#8217;editor di mappe online di Printmaps, creare un poster di una mappa \u00e8 semplice come una passeggiata rilassata al parco &#8211; o come raffigurarne una! Che tu stia tracciando itinerari, sentieri o percorsi panoramici, o caricando dati geografici per mostrare percorsi esistenti, il nostro editor semplifica il processo.<\/p>\n\n\n\n<p><p>Ideale per designer di stampa, professionisti del turismo e individui allo stesso modo, l&#8217;editor di Printmaps offre versatilit\u00e0 per applicazioni personali e professionali. Produce <strong>poster di mappe sorprendenti ad alta risoluzione<\/strong> su misura per le Sue esigenze con facilit\u00e0.<\/p><\/p>\n\n\n\n<p><p>Esplori le <a href=\"\/it\/funzioni\/\">funzionalit\u00e0 dell&#8217;editor di Printmaps<\/a> e impari come sfruttare tutto il suo potenziale per i suoi progetti di poster di mappe.<\/p><\/p>\n\n\n\n<div style=\"height:55px\" aria-hidden=\"true\" class=\"wp-block-spacer\"><\/div>\n\n\n\n<div class=\"wp-block-buttons is-content-justification-center is-layout-flex wp-container-core-buttons-is-layout-16018d1d wp-block-buttons-is-layout-flex\">\n<div class=\"wp-block-button has-custom-font-size\" style=\"font-size:18px\"><a class=\"wp-block-button__link has-background wp-element-button\" href=\"https:\/\/www.printmaps.net\/it\/\" style=\"border-radius:10px;background-color:#e5017e\"><p><strong>Iniziare a mappare ora, senza bisogno di iscriversi<\/strong><\/p><\/a><\/div>\n<\/div>\n<\/div>\n<\/div>\n\n<div style=\"height:45px\" aria-hidden=\"true\" class=\"wp-block-spacer\"><\/div>\n<div class=\"wp-block-image\">\n<figure class=\"alignright size-large is-resized\"><img decoding=\"async\" width=\"1024\" height=\"683\" src=\"https:\/\/www.printmaps.net\/wp-content\/uploads\/2020\/04\/Map-poster-1024x683.jpeg\" alt=\"\" class=\"wp-image-60865\" style=\"width:599px;height:400px\" srcset=\"https:\/\/www.printmaps.net\/wp-content\/uploads\/2020\/04\/Map-poster-980x653.jpeg 980w, https:\/\/www.printmaps.net\/wp-content\/uploads\/2020\/04\/Map-poster-480x320.jpeg 480w\" sizes=\"(min-width: 0px) and (max-width: 480px) 480px, (min-width: 481px) and (max-width: 980px) 980px, (min-width: 981px) 1024px, 100vw\" \/><\/figure><\/div>\n<h3 class=\"wp-block-heading\">Poster con descrizione del percorso e mappa del percorso<\/h3>\n\n<p><p>I clienti si affidano a Printmaps per mostrare efficacemente indicazioni e percorsi. Con il nostro editor facile da usare, regolare le dimensioni di stampa \u00e8 un gioco da ragazzi, garantendo al contempo una qualit\u00e0 di stampa impeccabile. Pu\u00f2 adattare le dimensioni di stampa alle Sue esigenze, con la flessibilit\u00e0 di arrivare fino a un <strong>massimo di 1330x1330mm<\/strong>.<\/p><\/p>\n\n<p>Le mappe con dimensioni superiori a 220mm per lato non sono disponibili come file PNG. Invece, verranno fornite in un file PSD stratificato (Photoshop) o SVG (Illustrator), consentendo una personalizzazione senza soluzione di continuit\u00e0 e preservando la qualit\u00e0.<\/p>\n\n<div style=\"height:100px\" aria-hidden=\"true\" class=\"wp-block-spacer\"><\/div>\n<div class=\"wp-block-image\">\n<figure class=\"alignleft size-large is-resized\"><img decoding=\"async\" width=\"621\" height=\"438\" src=\"https:\/\/www.printmaps.net\/wp-content\/uploads\/2020\/04\/Make-a-poster-map.png\" alt=\"\" class=\"wp-image-60849\" style=\"width:522px;height:368px\" srcset=\"https:\/\/www.printmaps.net\/wp-content\/uploads\/2020\/04\/Make-a-poster-map.png 621w, https:\/\/www.printmaps.net\/wp-content\/uploads\/2020\/04\/Make-a-poster-map-480x339.png 480w\" sizes=\"(min-width: 0px) and (max-width: 480px) 480px, (min-width: 481px) 621px, 100vw\" \/><\/figure><\/div>\n<h3 class=\"wp-block-heading\">Poster di mappe cittadine<\/h3>\n\n<p><p>Crea facilmente mappe di percorsi con punti di riferimento, per mostrare escursioni o percorsi in bicicletta, o semplicemente indicazioni. Disegna linee sulle strade esistenti, sulle piste ciclabili e pedonali. <strong>Inclina la mappa<\/strong> per ottenere la prospettiva ideale della mappa della citt\u00e0.<\/p><\/p>\n\n<p><p><a href=\"https:\/\/www.printmaps.net\/it\/disegnare-percorso-su-mappa\/\">Crea facilmente una mappa del percorso<\/a> con l&#8217;editor del percorso che disegna sulle strade esatte che hai percorso!<\/p><\/p>\n\n<div style=\"height:70px\" aria-hidden=\"true\" class=\"wp-block-spacer\"><\/div>\n<div class=\"wp-block-image\">\n<figure class=\"alignright size-large is-resized\"><img loading=\"lazy\" loading=\"lazy\" decoding=\"async\" width=\"1024\" height=\"932\" src=\"https:\/\/www.printmaps.net\/wp-content\/uploads\/2020\/04\/Poster-map-1024x932.png\" alt=\"\" class=\"wp-image-60855\" style=\"width:353px;height:321px\" srcset=\"https:\/\/www.printmaps.net\/wp-content\/uploads\/2020\/04\/Poster-map-980x892.png 980w, https:\/\/www.printmaps.net\/wp-content\/uploads\/2020\/04\/Poster-map-480x437.png 480w\" sizes=\"auto, (min-width: 0px) and (max-width: 480px) 480px, (min-width: 481px) and (max-width: 980px) 980px, (min-width: 981px) 1024px, 100vw\" \/><\/figure><\/div>\n<h3 class=\"wp-block-heading\">Cartografia dei luoghi di rilevanza per Lei<\/h3>\n\n<p>Siano essi ricordi preziosi, esperienze straordinarie o semplicemente il senso di casa, certi luoghi hanno un immenso valore personale. Crei un poster di una mappa del Suo luogo felice per abbellire la decorazione della casa o da regalare a qualcuno di speciale.<\/p>\n\n<p><p>L&#8217;editor di Printmaps attinge i suoi dati da <a href=\"https:\/\/www.openstreetmap.org\/\" target=\"_blank\" rel=\"noreferrer noopener\">OpenStreetMap<\/a>, consentendole di personalizzare facilmente il suo poster di mappa. Aggiunga o rimuova facilmente strati come nomi di citt\u00e0 o strade, applichi vari stili di mappa e incorpori forme colorate. Questa flessibilit\u00e0 Le permette di creare un poster di mappa che riflette perfettamente le Sue preferenze, che preferisca un design dettagliato o minimalista.<\/p><\/p>\n\n<p><\/p>\n\n<p><\/p>\n\n<div style=\"height:67px\" aria-hidden=\"true\" class=\"wp-block-spacer\"><\/div>\n\n<div class=\"wp-block-group\"><div class=\"wp-block-group__inner-container is-layout-constrained wp-block-group-is-layout-constrained\">\n<h2 class=\"wp-block-heading has-text-align-center has-large-font-size\" style=\"font-style:normal;font-weight:700\">Provate Printmaps<\/h2>\n\n\n\n<p class=\"has-text-align-center has-medium-font-size\">Il nostro\u00a0editor di mappe vi permette di creare mappe stampabili in tutto il mondo in pochissimo tempo.<\/p>\n\n\n\n<div style=\"height:15px\" aria-hidden=\"true\" class=\"wp-block-spacer\"><\/div>\n\n\n\n<div class=\"wp-block-buttons is-content-justification-center is-layout-flex wp-container-core-buttons-is-layout-16018d1d wp-block-buttons-is-layout-flex\">\n<div class=\"wp-block-button has-custom-font-size\" style=\"font-size:18px\"><a class=\"wp-block-button__link has-background wp-element-button\" href=\"https:\/\/www.printmaps.net\/it\/\" style=\"border-radius:10px;background-color:#e5017e\"><p><strong>Create ora la vostra prima mappa<\/strong><\/p><\/a><\/div>\n<\/div>\n<\/div><\/div>\n\n<div style=\"height:150px\" aria-hidden=\"true\" class=\"wp-block-spacer\"><\/div>\n\n<h3 class=\"wp-block-heading\">Domande frequenti<\/h3>\n\n<div class=\"schema-faq wp-block-yoast-faq-block\"><div class=\"schema-faq-section\" id=\"faq-question-1757951802995\"><strong class=\"schema-faq-question\">Qual \u00e8 il formato di poster e il DPI migliori per una mappa stampabile di alta qualit\u00e0?<\/strong> <p class=\"schema-faq-answer\">La prassi migliore \u00e8 scegliere prima un formato di cornice e poi adattare la mappa alla cornice. Pu\u00f2 farlo facilmente impostando le lunghezze dei lati nell\u2019angolo in alto a sinistra dell\u2019editor di mappe. Le nostre mappe sono fornite a 300 dpi per PNG e PSD, ottimali per la stampa. Gli SVG sono scalabili; pu\u00f2 scegliere liberamente il valore di dpi.<\/p> <\/div> <div class=\"schema-faq-section\" id=\"faq-question-1757952097323\"><strong class=\"schema-faq-question\">Come scegliere tra PNG, PSD e SVG per un poster della mappa?<\/strong> <p class=\"schema-faq-answer\">Dipende da alcuni fattori. Se desidera personalizzare ampiamente la mappa in post-produzione, i PSD e gli SVG sono l\u2019opzione migliore, perch\u00e9 ogni elemento \u00e8 modificabile come livello separato. I PNG sono adatti fino a 22 cm \u00d7 22 cm, i PSD fino a 66 cm \u00d7 66 cm, mentre gli SVG possono essere usati a qualsiasi dimensione grazie alla loro scalabilit\u00e0.<\/p> <\/div> <div class=\"schema-faq-section\" id=\"faq-question-1757952313290\"><strong class=\"schema-faq-question\">Posso evidenziare determinate aree sulla mappa?<\/strong> <p class=\"schema-faq-answer\">S\u00ec. Con lo strumento \u201cAggiungere una geo-forma\u201d pu\u00f2 evidenziare confini amministrativi di qualsiasi livello, che si tratti di distretto, citt\u00e0, regione o paese. Pu\u00f2 poi invertire la selezione e scegliere colore e opacit\u00e0.<\/p> <\/div> <div class=\"schema-faq-section\" id=\"faq-question-1757952489628\"><strong class=\"schema-faq-question\">Posso creare un poster minimalista che nasconda strade, etichette o punti?<\/strong> <p class=\"schema-faq-answer\">S\u00ec. Nelle impostazioni avanzate di stile dell\u2019editor pu\u00f2 decidere, per ciascuna etichetta e per ciascun elemento della mappa, se mostrarlo o nasconderlo.<\/p> <\/div> <\/div>\n\n<div class=\"schema-how-to wp-block-yoast-how-to-block\"><p class=\"schema-how-to-description\">Come creare un poster con mappa con Printmaps<\/p> <ol class=\"schema-how-to-steps\"><li class=\"schema-how-to-step\" id=\"how-to-step-1750419063043\"><strong class=\"schema-how-to-step-name\">Scegli la dimensione desiderata per il poster<\/strong> <p class=\"schema-how-to-step-text\">Il nostro editor offre formati standard predefiniti (A5, A4, A3, &#8230;) oppure puoi inserire misure personalizzate fino a 1330 mm. Queste misure indicano quanto grande potrai stampare la mappa mantenendo un&#8217;alta risoluzione anche da vicino.<\/p> <\/li><li class=\"schema-how-to-step\" id=\"how-to-step-1750419288154\"><strong class=\"schema-how-to-step-name\">Definisci l&#8217;area della mappa e il livello di zoom<\/strong> <p class=\"schema-how-to-step-text\">Seleziona l&#8217;area desiderata inserendo la localit\u00e0 nella barra di ricerca oppure spostando la mappa con il mouse e utilizzando lo zoom. Con livelli di zoom pi\u00f9 alti visualizzerai pi\u00f9 dettagli.<\/p> <\/li><li class=\"schema-how-to-step\" id=\"how-to-step-1750419407511\"><strong class=\"schema-how-to-step-name\">Scegli lo stile della mappa e i dettagli da mostrare<\/strong> <p class=\"schema-how-to-step-text\">Puoi scegliere tra diversi stili predefiniti e nel tab \u201cProgettare la mappa\u201d decidere quali elementi visualizzare attivando o disattivando le caselle. Puoi anche rimuovere le etichette se desiderato.<\/p> <\/li><li class=\"schema-how-to-step\" id=\"how-to-step-1750419532387\"><strong class=\"schema-how-to-step-name\">Aggiungi percorsi, pin o forme geografiche<\/strong> <p class=\"schema-how-to-step-text\">Evidenzia i tuoi luoghi preferiti con i pin nella scheda \u201cAggiungi contenuti\u201d, mostra i percorsi effettuati e evidenzia citt\u00e0, regioni o paesi.<\/p> <\/li><li class=\"schema-how-to-step\" id=\"how-to-step-1750419661403\"><strong class=\"schema-how-to-step-name\">Acquista la tua mappa e stampala in una tipografia<\/strong> <p class=\"schema-how-to-step-text\"><\/p> <\/li><\/ol><\/div>\n\n<div style=\"height:95px\" aria-hidden=\"true\" class=\"wp-block-spacer\"><\/div>\n","protected":false},"excerpt":{"rendered":"<p>Con l&#8217;editor di mappe online di Printmaps, creare un poster di una mappa \u00e8 semplice come una passeggiata rilassata al parco &#8211; o come raffigurarne una! Che tu stia tracciando itinerari, sentieri o percorsi panoramici, o caricando dati geografici per mostrare percorsi esistenti, il nostro editor semplifica il processo. Ideale per designer di stampa, professionisti [&hellip;]<\/p>\n","protected":false},"author":19,"featured_media":0,"parent":0,"menu_order":0,"comment_status":"closed","ping_status":"closed","template":"","meta":{"_et_pb_use_builder":"off","_et_pb_old_content":"","_et_gb_content_width":"","footnotes":""},"class_list":["post-164717","page","type-page","status-publish","hentry"],"_links":{"self":[{"href":"https:\/\/www.printmaps.net\/it\/wp-json\/wp\/v2\/pages\/164717","targetHints":{"allow":["GET"]}}],"collection":[{"href":"https:\/\/www.printmaps.net\/it\/wp-json\/wp\/v2\/pages"}],"about":[{"href":"https:\/\/www.printmaps.net\/it\/wp-json\/wp\/v2\/types\/page"}],"author":[{"embeddable":true,"href":"https:\/\/www.printmaps.net\/it\/wp-json\/wp\/v2\/users\/19"}],"replies":[{"embeddable":true,"href":"https:\/\/www.printmaps.net\/it\/wp-json\/wp\/v2\/comments?post=164717"}],"version-history":[{"count":16,"href":"https:\/\/www.printmaps.net\/it\/wp-json\/wp\/v2\/pages\/164717\/revisions"}],"predecessor-version":[{"id":221701,"href":"https:\/\/www.printmaps.net\/it\/wp-json\/wp\/v2\/pages\/164717\/revisions\/221701"}],"wp:attachment":[{"href":"https:\/\/www.printmaps.net\/it\/wp-json\/wp\/v2\/media?parent=164717"}],"curies":[{"name":"wp","href":"https:\/\/api.w.org\/{rel}","templated":true}]}}