{"id":164726,"date":"2024-02-26T15:18:25","date_gmt":"2024-02-26T14:18:25","guid":{"rendered":"https:\/\/www.printmaps.net\/mappa-di-viaggio-fotolibro\/"},"modified":"2025-10-21T14:22:13","modified_gmt":"2025-10-21T13:22:13","slug":"mappa-viaggio-fotolibro","status":"publish","type":"page","link":"https:\/\/www.printmaps.net\/it\/mappa-viaggio-fotolibro\/","title":{"rendered":"Crea una mappa di viaggio per il fotolibro"},"content":{"rendered":"\n<div style=\"height:30px\" aria-hidden=\"true\" class=\"wp-block-spacer\"><\/div>\n<div class=\"wp-block-image\">\n<figure class=\"alignleft size-large is-resized\"><img fetchpriority=\"high\" fetchpriority=\"high\" decoding=\"async\" width=\"1024\" height=\"714\" src=\"https:\/\/www.printmaps.net\/wp-content\/uploads\/2020\/06\/photobook-travel-map-1024x714.png\" alt=\"mappa viaggio fotolibro\" class=\"wp-image-63746\" style=\"width:479px;height:332px\" srcset=\"https:\/\/www.printmaps.net\/wp-content\/uploads\/2020\/06\/photobook-travel-map-980x683.png 980w, https:\/\/www.printmaps.net\/wp-content\/uploads\/2020\/06\/photobook-travel-map-480x335.png 480w\" sizes=\"(min-width: 0px) and (max-width: 480px) 480px, (min-width: 481px) and (max-width: 980px) 980px, (min-width: 981px) 1024px, 100vw\" \/><\/figure><\/div>\n<p>Volete creare una mappa di viaggio per il vostro fotolibro o blog di viaggio? Raccogliere tutti i bei ricordi dei vostri viaggi \u00e8 un ottimo modo per conservare queste preziose esperienze. Ripercorrete il vostro viaggio e le vostre avventure con una mappa personalizzata che mostra l&#8217;esatto percorso del vostro viaggio.<\/p>\n\n<p><p>Con l&#8217;editor di mappe online di Printmaps, puoi disegnare facilmente un percorso su strade esistenti nell&#8217;area mappa selezionata. Puoi aggiungere punti di interesse, forme di paesi e citt\u00e0 in diversi colori e ricevere una mappa ad alta risoluzione, pronta per ulteriori modifiche e stampa. Scopri le <a href=\"\/it\/funzioni\/\" data-mce-href=\"\/it\/funzioni\/\">funzionalit\u00e0 dell&#8217;editor di Printmaps<\/a> e come utilizzarle.<\/p><\/p>\n\n<div style=\"height:20px\" aria-hidden=\"true\" class=\"wp-block-spacer\"><\/div>\n\n<p><\/p>\n\n<p><\/p>\n\n<div class=\"wp-block-buttons is-content-justification-center is-layout-flex wp-container-core-buttons-is-layout-16018d1d wp-block-buttons-is-layout-flex\">\n<div class=\"wp-block-button has-custom-font-size\" style=\"font-size:18px\"><a class=\"wp-block-button__link has-background wp-element-button\" href=\"https:\/\/www.printmaps.net\/it\/\" style=\"border-radius:10px;background-color:#e5017e\"><p><strong>Iniziare a mappare ora, senza bisogno di iscriversi<\/strong><\/p><\/a><\/div>\n<\/div>\n\n<div style=\"height:100px\" aria-hidden=\"true\" class=\"wp-block-spacer\"><\/div>\n\n<p class=\"has-text-align-center\">Siamo felici di condividere alcune idee e suggerimenti per aiutarti a rendere la tua mappa di viaggio altrettanto fantastica quanto il viaggio stesso!<\/p>\n\n<div style=\"height:44px\" aria-hidden=\"true\" class=\"wp-block-spacer\"><\/div>\n<div class=\"wp-block-image\">\n<figure class=\"alignright size-large is-resized\"><img decoding=\"async\" width=\"1024\" height=\"722\" src=\"https:\/\/www.printmaps.net\/wp-content\/uploads\/2020\/04\/printable-maps-photobook-1024x722.png\" alt=\"mappa viaggio\" class=\"wp-image-60401\" style=\"width:399px;height:281px\" srcset=\"https:\/\/www.printmaps.net\/wp-content\/uploads\/2020\/04\/printable-maps-photobook-980x691.png 980w, https:\/\/www.printmaps.net\/wp-content\/uploads\/2020\/04\/printable-maps-photobook-480x339.png 480w\" sizes=\"(min-width: 0px) and (max-width: 480px) 480px, (min-width: 481px) and (max-width: 980px) 980px, (min-width: 981px) 1024px, 100vw\" \/><\/figure><\/div>\n<h3 class=\"wp-block-heading\">Progetta la mappa del tuo fotolibro di viaggio con forme colorate<\/h3>\n\n<p>Aggiungi la forma di un paese e scegli &#8220;inverti&#8221;. In questo modo, con un solo clic, i dintorni del paese, sia l&#8217;acqua che la terra, si coloreranno con il colore da te scelto. Ad esempio, puoi renderli del colore dell&#8217;acqua (RGB, 173, 255, 209), o bianchi, per separare il paese dai paesi vicini e creare un effetto fluttuante. Con l&#8217;opzione per regolare la trasparenza della forma, puoi colorare i paesi senza perdere la visualizzazione di strade, fiumi e montagne. Vorresti creare una mappa del mondo e mostrare tutti i paesi che hai visitato? Dai a ognuno di essi un colore diverso.<\/p>\n\n<p><\/p>\n\n<p><\/p>\n\n<div style=\"height:30px\" aria-hidden=\"true\" class=\"wp-block-spacer\"><\/div>\n\n<div style=\"height:20px\" aria-hidden=\"true\" class=\"wp-block-spacer\"><\/div>\n<div class=\"wp-block-image\">\n<figure class=\"alignleft size-large is-resized\"><img decoding=\"async\" width=\"1024\" height=\"722\" src=\"https:\/\/www.printmaps.net\/wp-content\/uploads\/2020\/04\/Travel-map-for-photobook-1024x722.png\" alt=\"crea mappa viaggio\" class=\"wp-image-60420\" style=\"width:493px;height:348px\" srcset=\"https:\/\/www.printmaps.net\/wp-content\/uploads\/2020\/04\/Travel-map-for-photobook-980x691.png 980w, https:\/\/www.printmaps.net\/wp-content\/uploads\/2020\/04\/Travel-map-for-photobook-480x338.png 480w\" sizes=\"(min-width: 0px) and (max-width: 480px) 480px, (min-width: 481px) and (max-width: 980px) 980px, (min-width: 981px) 1024px, 100vw\" \/><\/figure><\/div>\n<h3 class=\"wp-block-heading\">Usa diversi marcatori di punti di interesse per fissare viaggi diversi<\/h3>\n\n<p>Puoi contrassegnare i tuoi punti di interesse con punti, quadrati o qualsiasi delle forme standard fornite nell&#8217;editor. Aggiungi un&#8217;etichetta ai marcatori o numerali per visualizzare l&#8217;ordine cronologico del tuo viaggio. Oppure, visualizza l&#8217;etichetta senza un marcatore circostante, come un aereo o un traghetto. Contrassegna i tuoi ristoranti preferiti, escursioni o spiagge. Se non trovi ci\u00f2 che stai cercando nell&#8217;editor, carica facilmente i tuoi marcatori personalizzati!<\/p>\n\n<p><p><a href=\"\/it\/disegnare-percorso-su-mappa\/\">Crea facilmente una mappa del percorso<\/a>\u00a0con l&#8217;editor di percorsi che disegna sulle strade esatte che hai percorso!<\/p><\/p>\n\n<div style=\"height:100px\" aria-hidden=\"true\" class=\"wp-block-spacer\"><\/div>\n<div class=\"wp-block-image\">\n<figure class=\"alignright size-large is-resized\"><img loading=\"lazy\" loading=\"lazy\" decoding=\"async\" width=\"1024\" height=\"722\" src=\"https:\/\/www.printmaps.net\/wp-content\/uploads\/2020\/04\/Create-map-with-pins-1024x722.png\" alt=\"mappe viaggi\" class=\"wp-image-60651\" style=\"width:494px;height:348px\" srcset=\"https:\/\/www.printmaps.net\/wp-content\/uploads\/2020\/04\/Create-map-with-pins-980x691.png 980w, https:\/\/www.printmaps.net\/wp-content\/uploads\/2020\/04\/Create-map-with-pins-480x338.png 480w\" sizes=\"auto, (min-width: 0px) and (max-width: 480px) 480px, (min-width: 481px) and (max-width: 980px) 980px, (min-width: 981px) 1024px, 100vw\" \/><\/figure><\/div>\n<h3 class=\"wp-block-heading\">Combina Printmaps per mostrare i tuoi viaggi in una visualizzazione mondiale<\/h3>\n\n<p>Se desideri mostrare un ingrandimento del tuo percorso di viaggio e una vista mondiale con la tua destinazione evidenziata, allora combina due Printmaps! Dopo aver creato le tue mappe, riceverai un file pronto per essere modificato in Photoshop o Illustrator, o in qualsiasi altro programma di editing tu possa utilizzare, per aggiungere gli ultimi dettagli alle mappe e unirle in una fantastica mappa di viaggio personalizzata.<\/p>\n\n<p><\/p>\n\n<p><\/p>\n\n<p><\/p>\n\n<div style=\"height:48px\" aria-hidden=\"true\" class=\"wp-block-spacer\"><\/div>\n\n<div class=\"wp-block-group\"><div class=\"wp-block-group__inner-container is-layout-constrained wp-block-group-is-layout-constrained\">\n<h2 class=\"wp-block-heading has-text-align-center has-large-font-size\" style=\"font-style:normal;font-weight:700\">Provate Printmaps<\/h2>\n\n\n\n<p class=\"has-text-align-center has-medium-font-size\">Il nostro\u00a0editor di mappe vi permette di creare mappe stampabili in tutto il mondo in pochissimo tempo.<\/p>\n\n\n\n<div style=\"height:15px\" aria-hidden=\"true\" class=\"wp-block-spacer\"><\/div>\n\n\n\n<div class=\"wp-block-buttons is-content-justification-center is-layout-flex wp-container-core-buttons-is-layout-16018d1d wp-block-buttons-is-layout-flex\">\n<div class=\"wp-block-button has-custom-font-size\" style=\"font-size:18px\"><a class=\"wp-block-button__link has-background wp-element-button\" href=\"https:\/\/www.printmaps.net\/it\/\" style=\"border-radius:10px;background-color:#e5017e\"><p><strong>Create ora la vostra prima mappa<\/strong><\/p><\/a><\/div>\n<\/div>\n<\/div><\/div>\n\n<div style=\"height:150px\" aria-hidden=\"true\" class=\"wp-block-spacer\"><\/div>\n\n<div class=\"schema-faq wp-block-yoast-faq-block\"><div class=\"schema-faq-section\" id=\"faq-question-1756799870664\"><strong class=\"schema-faq-question\">Che cos\u2019\u00e8 una mappa di viaggio?<\/strong> <p class=\"schema-faq-answer\">Una mappa di viaggio \u00e8 una rappresentazione visiva di un percorso su una mappa. Pu\u00f2 includere elementi come aree evidenziate, indicatori dei punti di interesse o tracciati. Pu\u00f2 fungere da diario continuo per la documentazione, da piano per viaggi futuri o da ricordo di un viaggio completato.<\/p> <\/div> <div class=\"schema-faq-section\" id=\"faq-question-1756802782886\"><strong class=\"schema-faq-question\"><\/strong> <p class=\"schema-faq-answer\"><\/p> <\/div> <\/div>\n","protected":false},"excerpt":{"rendered":"<p>Volete creare una mappa di viaggio per il vostro fotolibro o blog di viaggio? Raccogliere tutti i bei ricordi dei vostri viaggi \u00e8 un ottimo modo per conservare queste preziose esperienze. Ripercorrete il vostro viaggio e le vostre avventure con una mappa personalizzata che mostra l&#8217;esatto percorso del vostro viaggio. Con l&#8217;editor di mappe online [&hellip;]<\/p>\n","protected":false},"author":19,"featured_media":0,"parent":0,"menu_order":0,"comment_status":"closed","ping_status":"closed","template":"","meta":{"_et_pb_use_builder":"off","_et_pb_old_content":"","_et_gb_content_width":"","footnotes":""},"class_list":["post-164726","page","type-page","status-publish","hentry"],"_links":{"self":[{"href":"https:\/\/www.printmaps.net\/it\/wp-json\/wp\/v2\/pages\/164726","targetHints":{"allow":["GET"]}}],"collection":[{"href":"https:\/\/www.printmaps.net\/it\/wp-json\/wp\/v2\/pages"}],"about":[{"href":"https:\/\/www.printmaps.net\/it\/wp-json\/wp\/v2\/types\/page"}],"author":[{"embeddable":true,"href":"https:\/\/www.printmaps.net\/it\/wp-json\/wp\/v2\/users\/19"}],"replies":[{"embeddable":true,"href":"https:\/\/www.printmaps.net\/it\/wp-json\/wp\/v2\/comments?post=164726"}],"version-history":[{"count":15,"href":"https:\/\/www.printmaps.net\/it\/wp-json\/wp\/v2\/pages\/164726\/revisions"}],"predecessor-version":[{"id":221728,"href":"https:\/\/www.printmaps.net\/it\/wp-json\/wp\/v2\/pages\/164726\/revisions\/221728"}],"wp:attachment":[{"href":"https:\/\/www.printmaps.net\/it\/wp-json\/wp\/v2\/media?parent=164726"}],"curies":[{"name":"wp","href":"https:\/\/api.w.org\/{rel}","templated":true}]}}