{"id":164730,"date":"2024-02-26T15:33:26","date_gmt":"2024-02-26T14:33:26","guid":{"rendered":"https:\/\/www.printmaps.net\/creazione-di-mappe-per-guide-turistiche\/"},"modified":"2025-10-23T11:29:14","modified_gmt":"2025-10-23T10:29:14","slug":"creare-mappe-turistiche-da-stampare","status":"publish","type":"page","link":"https:\/\/www.printmaps.net\/it\/creare-mappe-turistiche-da-stampare\/","title":{"rendered":"Creare mappe turistiche da stampare"},"content":{"rendered":"\n<div style=\"height:32px\" aria-hidden=\"true\" class=\"wp-block-spacer\"><\/div>\n<div class=\"wp-block-image\">\n<figure class=\"alignleft size-large is-resized\"><img fetchpriority=\"high\" fetchpriority=\"high\" decoding=\"async\" width=\"953\" height=\"718\" src=\"https:\/\/www.printmaps.net\/wp-content\/uploads\/2018\/03\/touristmap.png\" alt=\"mappe turistiche\" class=\"wp-image-28689\" style=\"width:648px;height:486px\"\/><figcaption class=\"wp-element-caption\">\u00a9 Maremonto<\/figcaption><\/figure><\/div>\n<p>Esatto! Le mappe turistiche sono fondamentali per orientarsi in luoghi sconosciuti e scoprire le attrazioni principali. Forniscono informazioni cruciali su punti di interesse, percorsi consigliati e altre informazioni utili per i viaggiatori.<\/p>\n\n<p>In questa guida, ti mostreremo come creare le mappe guida turistiche perfette<\/p>\n\n<div style=\"height:60px\" aria-hidden=\"true\" class=\"wp-block-spacer\"><\/div>\n\n<div class=\"wp-block-buttons is-content-justification-center is-layout-flex wp-container-core-buttons-is-layout-16018d1d wp-block-buttons-is-layout-flex\">\n<div class=\"wp-block-button has-custom-font-size\" style=\"font-size:18px\"><a class=\"wp-block-button__link has-background wp-element-button\" href=\"https:\/\/www.printmaps.net\/it\/\" style=\"border-radius:10px;background-color:#e5017e\"><p><strong>Iniziare a mappare ora, senza bisogno di iscriversi<\/strong><\/p><\/a><\/div>\n<\/div>\n\n<div style=\"height:150px\" aria-hidden=\"true\" class=\"wp-block-spacer\"><\/div>\n\n<h3 class=\"wp-block-heading\">Cosa vedere in una mappa turistica<\/h3>\n\n<p>Punti di interesse sono luoghi generalmente indicati da un marcatore sulla mappa. Nel turismo, i punti di interesse sono fondamentali poich\u00e9 mostrano ai turisti dove trovare attrazioni, ristoranti o alloggi.<\/p>\n<div class=\"wp-block-image\">\n<figure class=\"alignright size-large is-resized\"><img decoding=\"async\" width=\"765\" height=\"531\" src=\"https:\/\/www.printmaps.net\/wp-content\/uploads\/2020\/10\/bodensee-karte.jpg\" alt=\"\" class=\"wp-image-70212\" style=\"width:483px;height:335px\" srcset=\"https:\/\/www.printmaps.net\/wp-content\/uploads\/2020\/10\/bodensee-karte.jpg 765w, https:\/\/www.printmaps.net\/wp-content\/uploads\/2020\/10\/bodensee-karte-480x333.jpg 480w\" sizes=\"(min-width: 0px) and (max-width: 480px) 480px, (min-width: 481px) 765px, 100vw\" \/><\/figure><\/div>\n<p>Come per qualsiasi mappa che dovrebbe aiutare le persone a orientarsi, la cartografia di base utilizzata dovrebbe includere almeno la rete stradale e i nomi dei luoghi, consentendo alle persone di vedere in un colpo d&#8217;occhio come arrivarci. La topografia, come il rilievo e simili, \u00e8 di importanza secondaria in questo senso.<\/p>\n\n<p>Inoltre, per indicare rapidamente il tipo di punti di interesse che \u00e8 e segnarne il ruolo con l&#8217;icona giusta \u00e8 vitale. Per fare ci\u00f2, assicurati di utilizzare simboli comunemente riconoscibili, come un aereo per gli aeroporti, un hamburger per un luogo dove mangiare, o per coloro pi\u00f9 interessati a nutrirsi con bevande, una bottiglia di vino con un bicchiere per i luoghi dove bere.<\/p>\n\n<div style=\"height:100px\" aria-hidden=\"true\" class=\"wp-block-spacer\"><\/div>\n<div class=\"wp-block-image\">\n<figure class=\"alignleft size-large is-resized\"><img decoding=\"async\" width=\"621\" height=\"438\" src=\"https:\/\/www.printmaps.net\/wp-content\/uploads\/2018\/03\/FreeWebImage-8.png\" alt=\"creare mappa con punti di interesse\" class=\"wp-image-28695\" style=\"width:614px;height:433px\"\/><\/figure><\/div>\n<h3 class=\"wp-block-heading\">Percorsi escursionistici<\/h3>\n\n<p>Molti luoghi turistici sono visitati da persone che desiderano uscire e godersi la natura. Per trovare i migliori percorsi per escursioni o passeggiate, \u00e8 un&#8217;ottima idea tracciare le rotte. A differenza delle mappe sopra descritte per i punti di interesse, la cosa pi\u00f9 importante in questi tipi di mappe \u00e8 l&#8217;inclusione della topografia, in modo che i visitatori possano vedere, con un rapido sguardo, se dovranno camminare in salita o lungo un piano che non metter\u00e0 alla prova la loro forma fisica.<\/p>\n\n<div style=\"height:44px\" aria-hidden=\"true\" class=\"wp-block-spacer\"><\/div>\n\n<h3 class=\"wp-block-heading\">Sfruttare Printmaps<\/h3>\n\n<p><p>Oltre alle numerose altre funzionalit\u00e0 offerte da Printmaps, abbiamo anche un geocodificatore integrato che ti consente di caricare in batch e convertire gli indirizzi nei rispettivi coordinate. \u00c8 davvero semplice come copiare e incollare i dati da un foglio di calcolo o da una colonna del database. Basta fare clic su questo pulsante nell&#8217;editor:\u00a0<img loading=\"lazy\" loading=\"lazy\" decoding=\"async\" src=\"https:\/\/www.printmaps.net\/wp-content\/uploads\/2018\/03\/poibutton.png\" alt=\"\" width=\"58\" height=\"51\"\/>e ti troverai di fronte a una vista familiare. Tutto ci\u00f2 che devi fare \u00e8 incollare i tuoi contenuti nei campi corrispondenti e Printmaps far\u00e0 il resto.<\/p><\/p>\n<div class=\"wp-block-image\">\n<figure class=\"aligncenter size-large\"><img loading=\"lazy\" loading=\"lazy\" decoding=\"async\" width=\"1024\" height=\"517\" src=\"https:\/\/www.printmaps.net\/wp-content\/uploads\/2019\/07\/printable-map-batch-geocode-addresses-excel-2-1024x517.gif\" alt=\"mappe turistiche\" class=\"wp-image-37475\" srcset=\"https:\/\/www.printmaps.net\/wp-content\/uploads\/2019\/07\/printable-map-batch-geocode-addresses-excel-2-1024x517.gif 1024w, https:\/\/www.printmaps.net\/wp-content\/uploads\/2019\/07\/printable-map-batch-geocode-addresses-excel-2-980x495.gif 980w, https:\/\/www.printmaps.net\/wp-content\/uploads\/2019\/07\/printable-map-batch-geocode-addresses-excel-2-480x242.gif 480w\" sizes=\"auto, (min-width: 0px) and (max-width: 480px) 480px, (min-width: 481px) and (max-width: 980px) 980px, (min-width: 981px) 1024px, 100vw\" \/><\/figure><\/div>\n<p>Una volta che il nostro motore di geocodifica ha convertito gli indirizzi nei rispettivi coordinate, puoi procedere e cambiare il tipo di marcatore, il colore, l&#8217;icona o le loro dimensioni. Tutti i punti di interesse saranno salvati in un layer separato, quindi una volta scaricata la tua mappa in formato Photoshop, potrai aprirla e regolare con precisione la posizione dei tuoi punti di interesse.<\/p>\n\n<div style=\"height:30px\" aria-hidden=\"true\" class=\"wp-block-spacer\"><\/div>\n\n<h3 class=\"wp-block-heading\">Ma aspetta, c&#8217;\u00e8 di pi\u00f9<\/h3>\n\n<p><p>Oltre alla possibilit\u00e0 di posizionare quanti punti di interesse desideri, Printmaps fornisce una variet\u00e0 di strumenti per semplificare la tua esperienza. Ad esempio, se desideri attirare l&#8217;attenzione su un paese o un&#8217;area municipale specifica, puoi utilizzare lo strumento di forme di Printmaps. Basta fare clic su questo pulsante <img loading=\"lazy\" loading=\"lazy\" decoding=\"async\" src=\"https:\/\/www.printmaps.net\/wp-content\/uploads\/2018\/03\/shapesButton.png\" alt=\"\" width=\"57\" height=\"50\"\/> e cercare ci\u00f2 di cui hai bisogno.<\/p><\/p>\n\n<figure class=\"wp-block-image size-large\"><img loading=\"lazy\" loading=\"lazy\" decoding=\"async\" width=\"993\" height=\"580\" src=\"https:\/\/www.printmaps.net\/wp-content\/uploads\/2018\/03\/shapetool.png\" alt=\"\" class=\"wp-image-61153\"\/><\/figure>\n<div style=\"height:100px\" aria-hidden=\"true\" class=\"wp-block-spacer\"><\/div>\n<div class=\"wp-block-image\">\n<figure class=\"alignright size-large\"><img loading=\"lazy\" loading=\"lazy\" decoding=\"async\" width=\"621\" height=\"438\" src=\"https:\/\/www.printmaps.net\/wp-content\/uploads\/2018\/03\/FreeWebImage-4.png\" alt=\"\" class=\"wp-image-28655\"\/><\/figure><\/div>\n<p>Utilizzare le forme non solo aiuter\u00e0 a guidare l&#8217;attenzione dello spettatore verso l&#8217;area che desideri mostrare, ma rimuover\u00e0 anche le aree che non vuoi siano visibili sulla tua mappa, per qualsiasi motivo tu abbia.<\/p>\n\n<div style=\"height:100px\" aria-hidden=\"true\" class=\"wp-block-spacer\"><\/div>\n<div class=\"wp-block-image\">\n<figure class=\"alignleft size-large is-resized\"><img loading=\"lazy\" loading=\"lazy\" decoding=\"async\" width=\"1200\" height=\"800\" src=\"https:\/\/www.printmaps.net\/wp-content\/uploads\/2018\/01\/bodensee-karte.jpg\" alt=\"creare mappa con punti di interesse\" class=\"wp-image-27849\" style=\"width:579px;height:385px\"\/><\/figure><\/div>\n<h3 class=\"wp-block-heading\">Creazione di percorsi con pochi clic<\/h3>\n\n<p>Aggiungere mappe con percorsi escursionistici \u00e8 un gioco da ragazzi. Il nostro editor di percorsi non solo ti consente di disegnare i tuoi percorsi a mano libera, ma utilizza anche una guida che si aggancia magneticamente alle strade esistenti, consentendoti di creare percorsi letteralmente in pochi secondi.<\/p>\n\n<p>Ma non \u00e8 tutto. Se hai mai registrato i tuoi percorsi con un dispositivo GPS abilitato, puoi caricare questi file &#8211; di solito in formato GPX &#8211; nell&#8217;editor e verranno quindi visualizzati sulla tua mappa. Un&#8217;altra cosa fantastica: puoi caricare quanti percorsi desideri &#8211; e che possono stare sulla tua mappa.<\/p>\n\n<div style=\"height:100px\" aria-hidden=\"true\" class=\"wp-block-spacer\"><\/div>\n\n<p class=\"has-large-font-size\">\u00c8 ci\u00f2 che si fa di esso<\/p>\n\n<p>Creare mappe stampabili per pubblicazioni implica molto pi\u00f9 che semplicemente avere gli strumenti geografici giusti; si tratta di sfruttare i propri disegni e idee. Con Printmaps, si ha completa flessibilit\u00e0, che si tratti di scegliere il tipo di cartografia o di selezionare le caratteristiche da includere nella propria mappa.<\/p>\n\n<p>Ma la personalizzazione non si ferma qui. Una volta che hai creato e scaricato la tua mappa, le possibilit\u00e0 sono infinite. Vuoi arricchire i punti di interesse con dettagli aggiuntivi? Aggiungere i tuoi loghi, grafiche o testo? Le nostre mappe sono fornite in formato PSD stratificato, che ti permette di modificare ogni aspetto, fino ai singoli punti di interesse.<\/p>\n\n<p>Perch\u00e9 non provare il nostro editor e scoprire come puoi trasformare senza sforzo le tue idee nella mappa perfetta adatta alla pubblicazione?<\/p>\n\n<div style=\"height:48px\" aria-hidden=\"true\" class=\"wp-block-spacer\"><\/div>\n\n<div class=\"wp-block-group\"><div class=\"wp-block-group__inner-container is-layout-constrained wp-block-group-is-layout-constrained\">\n<h2 class=\"wp-block-heading has-text-align-center has-large-font-size\" style=\"font-style:normal;font-weight:700\">Provate Printmaps<\/h2>\n\n\n\n<p class=\"has-text-align-center has-medium-font-size\">Il nostro\u00a0editor di mappe vi permette di creare mappe stampabili in tutto il mondo in pochissimo tempo.<\/p>\n\n\n\n<div style=\"height:15px\" aria-hidden=\"true\" class=\"wp-block-spacer\"><\/div>\n\n\n\n<div class=\"wp-block-buttons is-content-justification-center is-layout-flex wp-container-core-buttons-is-layout-16018d1d wp-block-buttons-is-layout-flex\">\n<div class=\"wp-block-button has-custom-font-size\" style=\"font-size:18px\"><a class=\"wp-block-button__link has-background wp-element-button\" href=\"https:\/\/www.printmaps.net\/it\/\" style=\"border-radius:10px;background-color:#e5017e\"><p><strong>Create ora la vostra prima mappa<\/strong><\/p><\/a><\/div>\n<\/div>\n<\/div><\/div>\n\n<div style=\"height:150px\" aria-hidden=\"true\" class=\"wp-block-spacer\"><\/div>\n\n<div class=\"schema-faq wp-block-yoast-faq-block\"><div class=\"schema-faq-section\" id=\"faq-question-1757946994908\"><strong class=\"schema-faq-question\">Pu\u00f2 creare la stessa mappa in pi\u00f9 lingue?<\/strong> <p class=\"schema-faq-answer\">S\u00ec. Usi semplicemente le funzioni \u201cSalva\u201d e \u201cApri\u201d in alto a destra nell\u2019editor per riaprire la stessa mappa. Poi pu\u00f2 cambiare la lingua delle etichette in \u201cImpostazioni di stile avanzate\u201d. Se le etichette non sono disponibili nella lingua selezionata, verranno mostrate nella lingua locale.<\/p> <\/div> <div class=\"schema-faq-section\" id=\"faq-question-1757947141133\"><strong class=\"schema-faq-question\"><strong>Come visualizzare insieme percorsi a piedi e trasporti?<\/strong><\/strong> <p class=\"schema-faq-answer\">Pu\u00f2 mostrare diversi mezzi di trasporto nella stessa rotta visualizzando, tramite un\u2019icona, il mezzo accanto alla rotta. \u00c8 facile con lo strumento di disegno delle rotte del nostro editor. Selezioni il mezzo, attivi \u201cMostra icone\u201d e disegni la rotta. Pu\u00f2 mostrare mezzi diversi per segmenti diversi. Per le rotte disegnate con lo strumento magnet sono disponibili le icone pedone, bici e auto. Con lo strumento arc-line sono disponibili aerei, navi e treni. Con lo strumento straight line pu\u00f2 selezionare tutti i mezzi.<\/p> <\/div> <div class=\"schema-faq-section\" id=\"faq-question-1757947701254\"><strong class=\"schema-faq-question\">Cosa aiuta di pi\u00f9 i visitatori per la prima volta su una mappa pedonale?<\/strong> <p class=\"schema-faq-answer\">Gerarchia chiara: POI numerati, nomi brevi, forme di icone coerenti e legenda semplice. Fornisca stime di tempo tra gruppi, non minuti esatti.<\/p> <\/div> <div class=\"schema-faq-section\" id=\"faq-question-1757948908032\"><strong class=\"schema-faq-question\">Come posso evidenziare con gusto l\u2019area di interesse?<\/strong> <p class=\"schema-faq-answer\">Il modo pi\u00f9 semplice \u00e8 evidenziare l\u2019area amministrativa con lo strumento \u201cGeo-Shape\u201d e invertire la selezione. Poi cambi il colore in bianco (o quello che preferisce) e regoli l\u2019opacit\u00e0 modificando il valore \u201cA\u201d nello strumento colore. Schiarendo le altre aree, quella di interesse risulter\u00e0 pi\u00f9 prominente.<\/p> <\/div> <\/div>\n","protected":false},"excerpt":{"rendered":"<p>Esatto! Le mappe turistiche sono fondamentali per orientarsi in luoghi sconosciuti e scoprire le attrazioni principali. Forniscono informazioni cruciali su punti di interesse, percorsi consigliati e altre informazioni utili per i viaggiatori. In questa guida, ti mostreremo come creare le mappe guida turistiche perfette Cosa vedere in una mappa turistica Punti di interesse sono luoghi [&hellip;]<\/p>\n","protected":false},"author":6,"featured_media":0,"parent":0,"menu_order":0,"comment_status":"closed","ping_status":"closed","template":"","meta":{"_et_pb_use_builder":"off","_et_pb_old_content":"","_et_gb_content_width":"","footnotes":""},"class_list":["post-164730","page","type-page","status-publish","hentry"],"_links":{"self":[{"href":"https:\/\/www.printmaps.net\/it\/wp-json\/wp\/v2\/pages\/164730","targetHints":{"allow":["GET"]}}],"collection":[{"href":"https:\/\/www.printmaps.net\/it\/wp-json\/wp\/v2\/pages"}],"about":[{"href":"https:\/\/www.printmaps.net\/it\/wp-json\/wp\/v2\/types\/page"}],"author":[{"embeddable":true,"href":"https:\/\/www.printmaps.net\/it\/wp-json\/wp\/v2\/users\/6"}],"replies":[{"embeddable":true,"href":"https:\/\/www.printmaps.net\/it\/wp-json\/wp\/v2\/comments?post=164730"}],"version-history":[{"count":8,"href":"https:\/\/www.printmaps.net\/it\/wp-json\/wp\/v2\/pages\/164730\/revisions"}],"predecessor-version":[{"id":221922,"href":"https:\/\/www.printmaps.net\/it\/wp-json\/wp\/v2\/pages\/164730\/revisions\/221922"}],"wp:attachment":[{"href":"https:\/\/www.printmaps.net\/it\/wp-json\/wp\/v2\/media?parent=164730"}],"curies":[{"name":"wp","href":"https:\/\/api.w.org\/{rel}","templated":true}]}}