{"id":164737,"date":"2024-02-26T15:54:47","date_gmt":"2024-02-26T14:54:47","guid":{"rendered":"https:\/\/www.printmaps.net\/crea-mappa-con-punti\/"},"modified":"2025-10-23T15:00:13","modified_gmt":"2025-10-23T14:00:13","slug":"crea-mappa-con-puntine","status":"publish","type":"page","link":"https:\/\/www.printmaps.net\/it\/crea-mappa-con-puntine\/","title":{"rendered":"Crea facilmente una mappa con puntine con l&#8217;editor di Printmaps"},"content":{"rendered":"\n<div class=\"wp-block-columns is-layout-flex wp-container-core-columns-is-layout-9d6595d7 wp-block-columns-is-layout-flex\">\n<div class=\"wp-block-column is-layout-flow wp-block-column-is-layout-flow\" style=\"flex-basis:66.66%\"><div class=\"wp-block-image\">\n<figure class=\"alignright size-large is-resized\"><img fetchpriority=\"high\" fetchpriority=\"high\" decoding=\"async\" width=\"1024\" height=\"722\" src=\"https:\/\/www.printmaps.net\/wp-content\/uploads\/2020\/04\/Create-map-with-pins-1-1024x722.png\" alt=\"Mappa con punti\" class=\"wp-image-60669\" style=\"width:621px\" srcset=\"https:\/\/www.printmaps.net\/wp-content\/uploads\/2020\/04\/Create-map-with-pins-1-980x691.png 980w, https:\/\/www.printmaps.net\/wp-content\/uploads\/2020\/04\/Create-map-with-pins-1-480x339.png 480w\" sizes=\"(min-width: 0px) and (max-width: 480px) 480px, (min-width: 481px) and (max-width: 980px) 980px, (min-width: 981px) 1024px, 100vw\" \/><\/figure><\/div><\/div>\n\n\n\n<div class=\"wp-block-column is-layout-flow wp-block-column-is-layout-flow\" style=\"flex-basis:33.33%\">\n<p>Marchiare i punti di interesse per creare una mappa con puntine pu\u00f2 essere un lavoro che richiede tempo e il risultato a volte \u00e8 deludente. Modificare le schermate di stampa pu\u00f2 causare problemi nel preservare la qualit\u00e0 dell&#8217;immagine quando viene utilizzata sul web o in stampa. Mentre vorresti semplicemente fissare quei punti di interesse nella loro esatta posizione, mostrare l&#8217;ordine cronologico di un percorso e specificare i pin con indicatori e etichette adatti.<\/p>\n\n\n\n<p>L&#8217;editor di Printmaps rende tutto possibile.<\/p>\n\n\n\n<div class=\"wp-block-buttons is-content-justification-center is-layout-flex wp-container-core-buttons-is-layout-16018d1d wp-block-buttons-is-layout-flex\">\n<div class=\"wp-block-button has-custom-font-size\" style=\"font-size:18px\"><a class=\"wp-block-button__link has-background wp-element-button\" href=\"https:\/\/www.printmaps.net\/it\/\" style=\"border-radius:10px;background-color:#e5017e\"><p><strong>Iniziare a mappare ora, senza bisogno di iscriversi<\/strong><\/p><\/a><\/div>\n<\/div>\n<\/div>\n<\/div>\n\n<div style=\"height:68px\" aria-hidden=\"true\" class=\"wp-block-spacer\"><\/div>\n\n<div class=\"wp-block-columns is-layout-flex wp-container-core-columns-is-layout-9d6595d7 wp-block-columns-is-layout-flex\">\n<div class=\"wp-block-column is-layout-flow wp-block-column-is-layout-flow\" style=\"flex-basis:33.33%\">\n<h3 class=\"wp-block-heading\" id=\"mark-your-business-locations-on-the-map-with-pins\">Segni le posizioni della Sua attivit\u00e0 sulla mappa con delle puntine.<\/h3>\n\n\n\n<p><p>L&#8217;editor \u00e8 molto utile per le aziende che desiderano <a href=\"\/it\/stampare-mappa-con-piu-posizioni\/\">marcare pi\u00f9 posizioni<\/a> o negozi su una mappa ad alta risoluzione da stampare o utilizzare online. L&#8217;editor consente di copiare gli indirizzi postali in un uploader di geocoding di massa e saranno tutti convertiti nelle relative coordinate geografiche. In questo modo le posizioni dell&#8217;azienda vengono visualizzate sulla mappa con i tuoi marcatori personalizzati o uno dei marcatori standard etichettati.<\/p><\/p>\n<\/div>\n\n\n\n<div class=\"wp-block-column is-layout-flow wp-block-column-is-layout-flow\" style=\"flex-basis:66.66%\"><div class=\"wp-block-image\">\n<figure class=\"alignleft size-full\"><img decoding=\"async\" width=\"621\" height=\"438\" src=\"https:\/\/www.printmaps.net\/wp-content\/uploads\/2020\/04\/Map-with-pins.png\" alt=\"Creare mappa con marcatori\" class=\"wp-image-60641\" srcset=\"https:\/\/www.printmaps.net\/wp-content\/uploads\/2020\/04\/Map-with-pins.png 621w, https:\/\/www.printmaps.net\/wp-content\/uploads\/2020\/04\/Map-with-pins-480x339.png 480w\" sizes=\"(min-width: 0px) and (max-width: 480px) 480px, (min-width: 481px) 621px, 100vw\" \/><\/figure><\/div><\/div>\n<\/div>\n\n<div style=\"height:56px\" aria-hidden=\"true\" class=\"wp-block-spacer\"><\/div>\n\n<div class=\"wp-block-columns is-layout-flex wp-container-core-columns-is-layout-9d6595d7 wp-block-columns-is-layout-flex\">\n<div class=\"wp-block-column is-layout-flow wp-block-column-is-layout-flow\" style=\"flex-basis:66.66%\"><div class=\"wp-block-image\">\n<figure class=\"alignright size-large is-resized\"><img decoding=\"async\" width=\"1024\" height=\"722\" src=\"https:\/\/www.printmaps.net\/wp-content\/uploads\/2020\/04\/Create-map-with-pins-2-1024x722.png\" alt=\"Creare una mappa con marcatori\" class=\"wp-image-60689\" style=\"width:621px\" srcset=\"https:\/\/www.printmaps.net\/wp-content\/uploads\/2020\/04\/Create-map-with-pins-2-980x691.png 980w, https:\/\/www.printmaps.net\/wp-content\/uploads\/2020\/04\/Create-map-with-pins-2-480x339.png 480w\" sizes=\"(min-width: 0px) and (max-width: 480px) 480px, (min-width: 481px) and (max-width: 980px) 980px, (min-width: 981px) 1024px, 100vw\" \/><\/figure><\/div><\/div>\n\n\n\n<div class=\"wp-block-column is-layout-flow wp-block-column-is-layout-flow\" style=\"flex-basis:33.33%\">\n<h3 class=\"wp-block-heading\" id=\"mark-routes-on-existing-roads\">Segnare percorsi su strade esistenti<\/h3>\n\n\n\n<p><p>I nostri clienti <a href=\"\/it\/creare-percorso-su-mappa\/\">creano mappe dei percorsi<\/a> con punti di interesse, per mostrare escursioni o percorsi in bicicletta, o semplicemente indicazioni. \u00c8 possibile disegnare facilmente linee sulle strade esistenti, piste ciclabili e percorsi pedonali. Con l&#8217;opzione di contrassegnare i punti di interesse con numeri, diventa facile mostrare la direzione del percorso.<\/p><\/p>\n\n\n\n<p><p>Scopri di pi\u00f9 su <a href=\"\/it\/funzioni\/\">come funziona l&#8217;editor<\/a> e sulle sue caratteristiche.<\/p><\/p>\n<\/div>\n<\/div>\n\n<div style=\"height:66px\" aria-hidden=\"true\" class=\"wp-block-spacer\"><\/div>\n\n<div class=\"wp-block-columns is-layout-flex wp-container-core-columns-is-layout-9d6595d7 wp-block-columns-is-layout-flex\">\n<div class=\"wp-block-column is-layout-flow wp-block-column-is-layout-flow\" style=\"flex-basis:33.33%\">\n<h3 class=\"wp-block-heading\" id=\"create-a-travel-map-for-your-photobook\">Crei una mappa di viaggio per il Suo fotolibro<\/h3>\n\n\n\n<p><p>Segni le posizioni esatte che ha visitato durante quel viaggio indimenticabile. Pu\u00f2 contrassegnare i Suoi punti di interesse con puntine, quadrati o una qualsiasi delle forme standard fornite nell&#8217;editor. Oppure visualizzi l&#8217;etichetta senza un marcatore circostante, come un aereo o un traghetto. Segni i Suoi ristoranti preferiti, escursioni o spiagge. Con i diversi stili di mappa e l&#8217;opzione per aggiungere forme colorate di paesi, pu\u00f2 facilmente creare la sua mappa di viaggio personalizzata per il Suo fotolibro.<\/p><\/p>\n<\/div>\n\n\n\n<div class=\"wp-block-column is-layout-flow wp-block-column-is-layout-flow\" style=\"flex-basis:66.66%\">\n<figure class=\"wp-block-image size-large is-resized\"><img loading=\"lazy\" loading=\"lazy\" decoding=\"async\" width=\"1024\" height=\"722\" src=\"https:\/\/www.printmaps.net\/wp-content\/uploads\/2020\/10\/Create-map-with-pins-1-1024x722.png\" alt=\"\" class=\"wp-image-70246\" style=\"width:621px\" srcset=\"https:\/\/www.printmaps.net\/wp-content\/uploads\/2020\/10\/Create-map-with-pins-1-980x691.png 980w, https:\/\/www.printmaps.net\/wp-content\/uploads\/2020\/10\/Create-map-with-pins-1-480x338.png 480w\" sizes=\"auto, (min-width: 0px) and (max-width: 480px) 480px, (min-width: 481px) and (max-width: 980px) 980px, (min-width: 981px) 1024px, 100vw\" \/><\/figure><\/div>\n<\/div>\n\n<div class=\"wp-block-group\"><div class=\"wp-block-group__inner-container is-layout-constrained wp-block-group-is-layout-constrained\">\n<div style=\"height:130px\" aria-hidden=\"true\" class=\"wp-block-spacer\"><\/div>\n\n\n\n<h2 class=\"wp-block-heading has-x-large-font-size\" style=\"font-style:normal;font-weight:700\">Avete ancora bisogno di aiuto? Inviateci un messaggio!<\/h2>\n\n\n\n<p style=\"font-size:22px\"><p><a href=\"https:\/\/support.printmaps.net\/it\/support\/tickets\/new\">Ci invii un ticket sulla nostra piattaforma di supporto<\/a><\/p><\/p>\n\n\n\n<div style=\"height:150px\" aria-hidden=\"true\" class=\"wp-block-spacer\"><\/div>\n<\/div><\/div>\n\n<div style=\"height:80px\" aria-hidden=\"true\" class=\"wp-block-spacer\"><\/div>\n\n<h3 class=\"wp-block-heading\">Domande frequenti<\/h3>\n\n<div class=\"schema-faq wp-block-yoast-faq-block\"><div class=\"schema-faq-section\" id=\"faq-question-1757925419641\"><strong class=\"schema-faq-question\"><p><strong>Pu\u00f2 importare coordinate invece di indirizzi?<\/strong><\/p><\/strong> <p class=\"schema-faq-answer\"><p>S\u00ec. Pu\u00f2 <a href=\"https:\/\/support.printmaps.net\/it\/support\/solutions\/articles\/204000000551-ho-un-elenco-di-indirizzi-in-excel-posso-convertirli-in-punti-sulla-mappa-\">incollare valori decimali di longitudine e latitudine direttamente nell\u2019importatore di fogli di calcolo<\/a>. Ogni elemento diventa un livello separato e nominato nel file scaricato se lo scarica come SVG o PSD.<\/p><\/p> <\/div> <div class=\"schema-faq-section\" id=\"faq-question-1757942421299\"><strong class=\"schema-faq-question\">Pu\u00f2 personalizzare i pin nell\u2019editor?<\/strong> <p class=\"schema-faq-answer\">S\u00ec. Offriamo diverse forme tra cui scegliere per la parte esterna e interna, e i colori di entrambe possono essere impostati liberamente. Tra le forme interne ci sono molte icone che pu\u00f2 usare per mostrare il tema del luogo di interesse, ad esempio un carrello per un supermercato o una figura che corre per un centro sportivo.<\/p> <\/div> <div class=\"schema-faq-section\" id=\"faq-question-1757942575893\"><strong class=\"schema-faq-question\">Pu\u00f2 importare i pin caricando un file?<\/strong> <p class=\"schema-faq-answer\">S\u00ec. Pu\u00f2 caricare file GPX, KML o GeoJSON nel nostro editor. Questi file possono contenere percorsi, pin o forme e verranno importati nella mappa immediatamente. Ogni elemento pu\u00f2 poi essere personalizzato, come quelli aggiunti manualmente.<\/p> <\/div> <div class=\"schema-faq-section\" id=\"faq-question-1757943989629\"><strong class=\"schema-faq-question\">La mappa pu\u00f2 essere inclinata o ruotata?<\/strong> <p class=\"schema-faq-answer\">S\u00ec. Pu\u00f2 regolare il livello di inclinazione o rotazione in alto a sinistra nell\u2019editor. Tuttavia, se lo fa, la mappa non sar\u00e0 disponibile come SVG per motivi tecnici.<\/p> <\/div> <div class=\"schema-faq-section\" id=\"faq-question-1757944170878\"><strong class=\"schema-faq-question\"><p><strong>Quale formato di esportazione deve usare per stampa e web?<\/strong><\/p><\/strong> <p class=\"schema-faq-answer\">I PNG sono sufficienti per web e stampa se non \u00e8 necessaria molta post-produzione e, nel caso della stampa, se non si desidera superare i 22 cm \u00d7 22 cm. Se vuole personalizzare completamente la mappa o stamparla in formato pi\u00f9 grande, i PSD e SVG sono pi\u00f9 adatti.<\/p> <\/div> <div class=\"schema-faq-section\" id=\"faq-question-1757945617450\"><strong class=\"schema-faq-question\">Pu\u00f2 inserire un\u2019etichetta sulla mappa senza pin?<\/strong> <p class=\"schema-faq-answer\">S\u00ec. Per farlo, basta rendere trasparenti i colori della forma esterna e interna del pin.<\/p> <\/div> <\/div>\n\n<div style=\"height:66px\" aria-hidden=\"true\" class=\"wp-block-spacer\"><\/div>\n","protected":false},"excerpt":{"rendered":"<p>Marchiare i punti di interesse per creare una mappa con puntine pu\u00f2 essere un lavoro che richiede tempo e il risultato a volte \u00e8 deludente. Modificare le schermate di stampa pu\u00f2 causare problemi nel preservare la qualit\u00e0 dell&#8217;immagine quando viene utilizzata sul web o in stampa. Mentre vorresti semplicemente fissare quei punti di interesse nella [&hellip;]<\/p>\n","protected":false},"author":8,"featured_media":0,"parent":0,"menu_order":0,"comment_status":"closed","ping_status":"closed","template":"","meta":{"_et_pb_use_builder":"","_et_pb_old_content":"","_et_gb_content_width":"","footnotes":""},"class_list":["post-164737","page","type-page","status-publish","hentry"],"_links":{"self":[{"href":"https:\/\/www.printmaps.net\/it\/wp-json\/wp\/v2\/pages\/164737","targetHints":{"allow":["GET"]}}],"collection":[{"href":"https:\/\/www.printmaps.net\/it\/wp-json\/wp\/v2\/pages"}],"about":[{"href":"https:\/\/www.printmaps.net\/it\/wp-json\/wp\/v2\/types\/page"}],"author":[{"embeddable":true,"href":"https:\/\/www.printmaps.net\/it\/wp-json\/wp\/v2\/users\/8"}],"replies":[{"embeddable":true,"href":"https:\/\/www.printmaps.net\/it\/wp-json\/wp\/v2\/comments?post=164737"}],"version-history":[{"count":9,"href":"https:\/\/www.printmaps.net\/it\/wp-json\/wp\/v2\/pages\/164737\/revisions"}],"predecessor-version":[{"id":221973,"href":"https:\/\/www.printmaps.net\/it\/wp-json\/wp\/v2\/pages\/164737\/revisions\/221973"}],"wp:attachment":[{"href":"https:\/\/www.printmaps.net\/it\/wp-json\/wp\/v2\/media?parent=164737"}],"curies":[{"name":"wp","href":"https:\/\/api.w.org\/{rel}","templated":true}]}}