{"id":165441,"date":"2024-03-04T12:45:37","date_gmt":"2024-03-04T11:45:37","guid":{"rendered":"https:\/\/www.printmaps.net\/stampare-mappa-con-piu-posizioni\/"},"modified":"2024-07-10T14:03:36","modified_gmt":"2024-07-10T13:03:36","slug":"stampare-mappa-con-piu-posizioni","status":"publish","type":"page","link":"https:\/\/www.printmaps.net\/it\/stampare-mappa-con-piu-posizioni\/","title":{"rendered":"Come stampare una mappa con pi\u00f9 posizioni"},"content":{"rendered":"\n<div style=\"height:29px\" aria-hidden=\"true\" class=\"wp-block-spacer\"><\/div>\n\n<div class=\"wp-block-columns is-layout-flex wp-container-core-columns-is-layout-9d6595d7 wp-block-columns-is-layout-flex\">\n<div class=\"wp-block-column is-layout-flow wp-block-column-is-layout-flow\" style=\"flex-basis:66.66%\">\n<figure class=\"wp-block-image size-large\"><img fetchpriority=\"high\" fetchpriority=\"high\" decoding=\"async\" width=\"621\" height=\"438\" src=\"https:\/\/www.printmaps.net\/wp-content\/uploads\/2018\/03\/FreeWebImage-1.png\" alt=\"Stampi una mappa con pi&#xF9; posizioni\" class=\"wp-image-61156\"\/><\/figure><\/div>\n\n\n\n<div class=\"wp-block-column is-layout-flow wp-block-column-is-layout-flow\" style=\"flex-basis:33.33%\">\n<p>Quando si tratta di mappare pi\u00f9 posizioni, ci sono alcune cose da prendere in considerazione. In primo luogo, come fissare le posizioni della sua attivit\u00e0, negozi e altri punti di interesse importanti nel modo pi\u00f9 rapido ed efficiente possibile sulla mappa. In secondo luogo, come preservare la qualit\u00e0 della mappa in modo che possa essere stampata in alta risoluzione. Stampare una mappa con pi\u00f9 posizioni per la sua attivit\u00e0 pu\u00f2 facilmente diventare un&#8217;attivit\u00e0 noiosa e costosa. Specialmente se la sua attivit\u00e0 comprende molti negozi fisici, visualizzarli tutti su una mappa richieder\u00e0 tempo, conoscenza e molta pazienza.<\/p>\n<\/div>\n<\/div>\n\n<div style=\"height:23px\" aria-hidden=\"true\" class=\"wp-block-spacer\"><\/div>\n\n<div class=\"wp-block-buttons is-content-justification-center is-layout-flex wp-container-core-buttons-is-layout-16018d1d wp-block-buttons-is-layout-flex\">\n<div class=\"wp-block-button has-custom-font-size\" style=\"font-size:18px\"><a class=\"wp-block-button__link has-background wp-element-button\" href=\"https:\/\/www.printmaps.net\/it\/\" style=\"border-radius:10px;background-color:#e5017e\"><p><strong>Iniziare a mappare ora, senza bisogno di iscriversi<\/strong><\/p><\/a><\/div>\n<\/div>\n\n<div style=\"height:100px\" aria-hidden=\"true\" class=\"wp-block-spacer\"><\/div>\n\n<p><p><strong>In questo articolo spiegheremo come ridurre drasticamente il tempo necessario per creare un file di mappa per stampare una mappa con pi\u00f9 posizioni, mostrandoti anche come rendere il tutto piacevole alla vista.<\/strong><\/p><\/p>\n\n<h3 class=\"wp-block-heading\" id=\"plot-several-locations-at-once\">Tracci le posizioni di pi\u00f9 luoghi contemporaneamente.<\/h3>\n\n<p>Potrebbe essere familiare con l&#8217;idea che acquistare all&#8217;ingrosso sia sempre una buona idea. Ma sapeva che caricare i suoi dati geografici in blocco pu\u00f2 essere altrettanto vantaggioso?<\/p>\n\n<p>Spesso, le aziende non hanno solo uno o due o forse tre negozi fisici. Potrebbero essercene cos\u00ec tanti che l&#8217;idea di trovare le loro coordinate per localizzarli su una mappa a fini di stampa o presentazione sembra il compito pi\u00f9 ingrato. Ecco dove entra in gioco la geocodifica in blocco.<\/p>\n\n<div class=\"wp-block-columns is-layout-flex wp-container-core-columns-is-layout-9d6595d7 wp-block-columns-is-layout-flex\">\n<div class=\"wp-block-column is-layout-flow wp-block-column-is-layout-flow\" style=\"flex-basis:33.33%\">\n<p><p>Semplicemente copiando gli indirizzi postali in un <strong>uploader per la geocodifica in blocco<\/strong>, tutti gli indirizzi postali verranno convertiti nelle rispettive coordinate geografiche. Un buon strumento per la geocodifica in blocco ti permetter\u00e0 di utilizzare le informazioni copiate e incollate da un database o da un foglio di calcolo come Microsoft Excel o Libreoffice Calc e di fare tutto il lavoro pesante per te. Il risultato saranno tutti i tuoi punti di interesse (POI) posizionati sulla mappa in pochi minuti.<\/p><\/p>\n<\/div>\n\n\n\n<div class=\"wp-block-column is-layout-flow wp-block-column-is-layout-flow\" style=\"flex-basis:66.66%\">\n<figure class=\"wp-block-image size-large\"><img decoding=\"async\" width=\"621\" height=\"438\" src=\"https:\/\/www.printmaps.net\/wp-content\/uploads\/2018\/03\/FreeWebImage-3.png\" alt=\"Stampi una mappa con pi&#xF9; posizioni\" class=\"wp-image-61158\"\/><\/figure><\/div>\n<\/div>\n\n<div style=\"height:38px\" aria-hidden=\"true\" class=\"wp-block-spacer\"><\/div>\n\n<h3 class=\"wp-block-heading\" id=\"easily-pin-multiple-locations-on-the-print-map\"><p>Aggiunga facilmente pi\u00f9 posizioni sulla mappa stampata<\/p><\/h3>\n\n<p><p>Oltre alle molte altre funzionalit\u00e0 offerte da Printmaps, abbiamo anche un geocodificatore integrato che ti consente di caricare in blocco e convertire i tuoi indirizzi nelle rispettive coordinate. \u00c8 davvero semplice come copiare e incollare i dati da un foglio di calcolo o da una colonna del database. Basta fare clic su questo pulsante nell&#8217;editor: <img decoding=\"async\" src=\"https:\/\/www.printmaps.net\/wp-content\/uploads\/2018\/03\/poibutton.png\" alt=\"\" width=\"58\" height=\"51\"\/> e avrai davanti a te una vista familiare. Tutto ci\u00f2 che devi fare \u00e8 incollare i tuoi contenuti nei campi rispettivi e Printmaps far\u00e0 il resto. Basta copiare e incollare se desideri <span style=\"text-decoration: underline;\">mappare pi\u00f9 posizioni da Excel<\/span>.<\/p><\/p>\n\n<div style=\"height:43px\" aria-hidden=\"true\" class=\"wp-block-spacer\"><\/div>\n\n<figure class=\"wp-block-image size-large\"><img loading=\"lazy\" loading=\"lazy\" decoding=\"async\" width=\"1024\" height=\"517\" src=\"https:\/\/www.printmaps.net\/wp-content\/uploads\/2019\/09\/printable-map-batch-geocode-addresses-excel-1024x517.gif\" alt=\"\" class=\"wp-image-37457\" srcset=\"https:\/\/www.printmaps.net\/wp-content\/uploads\/2019\/09\/printable-map-batch-geocode-addresses-excel-1024x517.gif 1024w, https:\/\/www.printmaps.net\/wp-content\/uploads\/2019\/09\/printable-map-batch-geocode-addresses-excel-980x495.gif 980w, https:\/\/www.printmaps.net\/wp-content\/uploads\/2019\/09\/printable-map-batch-geocode-addresses-excel-480x242.gif 480w\" sizes=\"auto, (min-width: 0px) and (max-width: 480px) 480px, (min-width: 481px) and (max-width: 980px) 980px, (min-width: 981px) 1024px, 100vw\" \/><\/figure>\n<div style=\"height:20px\" aria-hidden=\"true\" class=\"wp-block-spacer\"><\/div>\n\n<p>Una volta che il nostro motore di geocodifica ha convertito gli indirizzi nelle rispettive coordinate, lei pu\u00f2 procedere e cambiare il tipo di marcatore, il colore, l&#8217;icona o le loro dimensioni. Tutti i punti di interesse saranno salvati in un layer separato, quindi una volta scaricata la sua mappa in formato Photoshop, lei pu\u00f2 aprirla e perfezionare la posizione dei suoi punti di interesse.<\/p>\n\n<div style=\"height:20px\" aria-hidden=\"true\" class=\"wp-block-spacer\"><\/div>\n\n<h3 class=\"wp-block-heading\" id=\"add-custom-pins-to-your-multiple-locations-map\">Aggiunga puntine personalizzate alla sua mappa con pi\u00f9 posizioni.<\/h3>\n\n<p><p>Se desidera stampare una mappa con pi\u00f9 posizioni, forse vuole fissare queste posizioni con puntine che mostrano il logo della sua azienda. All&#8217;interno dell&#8217;editor ha l&#8217;opzione di caricare le sue proprie puntine personalizzate e fissarle immediatamente sulla sua mappa. Pu\u00f2 anche decidere di aggiungere le sue puntine personalizzate in seguito mentre modifica in Photoshop o Illustrator.<\/p><\/p>\n\n<h2 class=\"wp-block-heading\" id=\"but-wait-there-s-more\">Ma aspetta, c&#8217;\u00e8 di pi\u00f9<\/h2>\n\n<p><p>Oltre alla possibilit\u00e0 di posizionare quanti POI desideri, Printmaps offre una vasta gamma di strumenti per semplificarti la vita. Immagina di voler disegnare un bordo intorno al paese o all&#8217;area municipale che desideri enfatizzare? A questo serve lo strumento delle forme di Printmaps. Clicca su questo pulsante <img loading=\"lazy\" loading=\"lazy\" decoding=\"async\" src=\"https:\/\/www.printmaps.net\/wp-content\/uploads\/2018\/03\/shapesButton.png\" alt=\"\" width=\"57\" height=\"50\"\/> e quindi cerca semplicemente ci\u00f2 che stai cercando.<\/p><\/p>\n\n<figure class=\"wp-block-image size-large\"><img loading=\"lazy\" loading=\"lazy\" decoding=\"async\" width=\"529\" height=\"417\" src=\"https:\/\/www.printmaps.net\/wp-content\/uploads\/2019\/07\/printable-map-draw-geographic-shape-administrative-1.gif\" alt=\"Selezioni forme geografiche\/amministrative\" class=\"wp-image-37476\"\/><\/figure>\n<div style=\"height:61px\" aria-hidden=\"true\" class=\"wp-block-spacer\"><\/div>\n\n<div class=\"wp-block-columns is-layout-flex wp-container-core-columns-is-layout-9d6595d7 wp-block-columns-is-layout-flex\">\n<div class=\"wp-block-column is-layout-flow wp-block-column-is-layout-flow\" style=\"flex-basis:33.33%\">\n<p>Utilizzare le forme non solo aiuter\u00e0 a guidare l&#8217;attenzione dello spettatore verso l&#8217;area che desideri mostrare, ma rimuover\u00e0 anche le aree che non vuoi siano visibili sulla sua mappa, per qualsiasi motivo tu abbia.<\/p>\n<\/div>\n\n\n\n<div class=\"wp-block-column is-layout-flow wp-block-column-is-layout-flow\" style=\"flex-basis:66.66%\">\n<figure class=\"wp-block-image size-large\"><img loading=\"lazy\" loading=\"lazy\" decoding=\"async\" width=\"621\" height=\"438\" src=\"https:\/\/www.printmaps.net\/wp-content\/uploads\/2018\/03\/FreeWebImage-4.png\" alt=\"Stampi una mappa con pi&#xF9; posizioni\" class=\"wp-image-61152\"\/><\/figure>\n\n\n<p><\/p>\n<\/div>\n<\/div>\n\n<div style=\"height:27px\" aria-hidden=\"true\" class=\"wp-block-spacer\"><\/div>\n\n<div class=\"wp-block-columns is-layout-flex wp-container-core-columns-is-layout-9d6595d7 wp-block-columns-is-layout-flex\">\n<div class=\"wp-block-column is-layout-flow wp-block-column-is-layout-flow\" style=\"flex-basis:66.66%\">\n<figure class=\"wp-block-image size-large\"><img loading=\"lazy\" loading=\"lazy\" decoding=\"async\" width=\"621\" height=\"438\" src=\"https:\/\/www.printmaps.net\/wp-content\/uploads\/2018\/03\/FreeWebImage-5.png\" alt=\"Stampi una mappa con pi&#xF9; posizioni\" class=\"wp-image-28654\"\/><\/figure><\/div>\n\n\n\n<div class=\"wp-block-column is-layout-flow wp-block-column-is-layout-flow\" style=\"flex-basis:33.33%\">\n<p>Un altro strumento di disegno importante e utile \u00e8 l&#8217;editor di percorsi. Ha un percorso tra luoghi che desidera mostrare sulla mappa? Lei pu\u00f2 semplicemente disegnarlo o, se lo ha come file GPX, caricarlo e verr\u00e0 aggiunto alla mappa. E s\u00ec, naturalmente pu\u00f2 disegnare pi\u00f9 di un percorso sulla mappa.<\/p>\n<\/div>\n<\/div>\n\n<div style=\"height:61px\" aria-hidden=\"true\" class=\"wp-block-spacer\"><\/div>\n\n<div class=\"wp-block-group\"><div class=\"wp-block-group__inner-container is-layout-constrained wp-block-group-is-layout-constrained\">\n<h2 class=\"wp-block-heading has-text-align-center has-large-font-size\" style=\"font-style:normal;font-weight:700\">Provate Printmaps<\/h2>\n\n\n\n<p class=\"has-text-align-center has-medium-font-size\">Il nostro\u00a0editor di mappe vi permette di creare mappe stampabili in tutto il mondo in pochissimo tempo.<\/p>\n\n\n\n<div style=\"height:15px\" aria-hidden=\"true\" class=\"wp-block-spacer\"><\/div>\n\n\n\n<div class=\"wp-block-buttons is-content-justification-center is-layout-flex wp-container-core-buttons-is-layout-16018d1d wp-block-buttons-is-layout-flex\">\n<div class=\"wp-block-button has-custom-font-size\" style=\"font-size:18px\"><a class=\"wp-block-button__link has-background wp-element-button\" href=\"https:\/\/www.printmaps.net\/it\/\" style=\"border-radius:10px;background-color:#e5017e\"><p><strong>Create ora la vostra prima mappa<\/strong><\/p><\/a><\/div>\n<\/div>\n<\/div><\/div>\n\n<div style=\"height:150px\" aria-hidden=\"true\" class=\"wp-block-spacer\"><\/div>\n","protected":false},"excerpt":{"rendered":"<p>Quando si tratta di mappare pi\u00f9 posizioni, ci sono alcune cose da prendere in considerazione. In primo luogo, come fissare le posizioni della sua attivit\u00e0, negozi e altri punti di interesse importanti nel modo pi\u00f9 rapido ed efficiente possibile sulla mappa. In secondo luogo, come preservare la qualit\u00e0 della mappa in modo che possa essere [&hellip;]<\/p>\n","protected":false},"author":19,"featured_media":0,"parent":0,"menu_order":0,"comment_status":"closed","ping_status":"closed","template":"","meta":{"_et_pb_use_builder":"off","_et_pb_old_content":"","_et_gb_content_width":"","footnotes":""},"class_list":["post-165441","page","type-page","status-publish","hentry"],"_links":{"self":[{"href":"https:\/\/www.printmaps.net\/it\/wp-json\/wp\/v2\/pages\/165441","targetHints":{"allow":["GET"]}}],"collection":[{"href":"https:\/\/www.printmaps.net\/it\/wp-json\/wp\/v2\/pages"}],"about":[{"href":"https:\/\/www.printmaps.net\/it\/wp-json\/wp\/v2\/types\/page"}],"author":[{"embeddable":true,"href":"https:\/\/www.printmaps.net\/it\/wp-json\/wp\/v2\/users\/19"}],"replies":[{"embeddable":true,"href":"https:\/\/www.printmaps.net\/it\/wp-json\/wp\/v2\/comments?post=165441"}],"version-history":[{"count":5,"href":"https:\/\/www.printmaps.net\/it\/wp-json\/wp\/v2\/pages\/165441\/revisions"}],"predecessor-version":[{"id":176223,"href":"https:\/\/www.printmaps.net\/it\/wp-json\/wp\/v2\/pages\/165441\/revisions\/176223"}],"wp:attachment":[{"href":"https:\/\/www.printmaps.net\/it\/wp-json\/wp\/v2\/media?parent=165441"}],"curies":[{"name":"wp","href":"https:\/\/api.w.org\/{rel}","templated":true}]}}