{"id":165500,"date":"2024-03-04T17:57:29","date_gmt":"2024-03-04T16:57:29","guid":{"rendered":"https:\/\/www.printmaps.net\/stampa-percorsi-strava\/"},"modified":"2024-07-10T13:13:49","modified_gmt":"2024-07-10T12:13:49","slug":"stampa-percorsi-strava","status":"publish","type":"page","link":"https:\/\/www.printmaps.net\/it\/stampa-percorsi-strava\/","title":{"rendered":"Stampa un percorso Strava e rendi eterno il tuo percorso in bicicletta, sentiero escursionistico o mappa della maratona"},"content":{"rendered":"\n<p class=\"has-text-align-center\">Lei pu\u00f2 creare facilmente da sola arte murale per sentieri escursionistici, percorsi in bicicletta o mappe di maratona con l&#8217;editor di Printmaps. Carichi il suo percorso e crei stampe personalizzate dell&#8217;app di corsa.<\/p>\n\n<hr class=\"wp-block-separator has-css-opacity\"\/>\n\n<div style=\"height:55px\" aria-hidden=\"true\" class=\"wp-block-spacer\"><\/div>\n\n<div class=\"wp-block-columns is-layout-flex wp-container-core-columns-is-layout-9d6595d7 wp-block-columns-is-layout-flex\">\n<div class=\"wp-block-column is-layout-flow wp-block-column-is-layout-flow\">\n<p class=\"has-drop-cap\"><p>Il ritmo dei Suoi passi sul sentiero, la fresca brezza del bosco nei Suoi polmoni, il tranquillo silenzio interrotto dal canto degli uccelli: quante volte i Suoi pensieri si perdono nella Sua corsa preferita? Solo l&#8217;idea \u00e8 estremamente gratificante, vero? Forse vale la pena ricordarsi e premiarsi di pi\u00f9 per i Suoi sforzi. Perch\u00e9 non immortalare le stampe del percorso su Strava in una cornice o sul muro di casa Sua? Includa il Suo miglior tempo, celebri il Suo successo e trovi ispirazione a casa. Chiss\u00e0? Potrebbe ravvivare la Sua motivazione a percorrere il sentiero pi\u00f9 frequentemente!<\/p><\/p>\n\n\n\n<div style=\"height:49px\" aria-hidden=\"true\" class=\"wp-block-spacer\"><\/div>\n\n\n\n<p><p>Mentre alcuni servizi aiutano i clienti a visualizzare creativamente i loro percorsi su Strava, con Printmaps Lei ha il potere di farlo da sola! Il nostro editor Le consente di caricare percorsi registrati (KML, GPX, GeoJSON) per creare mappe ad alta risoluzione adatte alla stampa. Scegli lo stile della mappa dalla Sua app preferita e stampa il percorso esattamente come mostrato l\u00ec. Vuole stampare il Suo tour in bicicletta in Francia? Basta scaricare il GPX da Bikemap e caricarlo nell&#8217;editor di Printmaps. Lo stesso vale per le stampe dei tour su Komoot o la Sua corsa preferita nel quartiere registrata su Strava. Poich\u00e9 le mappe di Printmaps sono a 300 dpi, possono essere stampate in formato poster senza perdere alcun dettaglio della mappa.<\/p><\/p>\n\n\n\n<div style=\"height:16px\" aria-hidden=\"true\" class=\"wp-block-spacer\"><\/div>\n<\/div>\n\n\n\n<div class=\"wp-block-column is-layout-flow wp-block-column-is-layout-flow\">\n<figure class=\"wp-block-image size-large is-resized\"><img fetchpriority=\"high\" fetchpriority=\"high\" decoding=\"async\" width=\"819\" height=\"1024\" src=\"https:\/\/www.printmaps.net\/wp-content\/uploads\/2021\/03\/strava-prints-819x1024.jpg\" alt=\"stampe di mappe di maratona\" class=\"wp-image-80974\" style=\"width:523px;height:653px\"\/><\/figure>\n\n\n<p><\/p>\n<\/div>\n<\/div>\n\n<div style=\"height:50px\" aria-hidden=\"true\" class=\"wp-block-spacer\"><\/div>\n\n<div class=\"wp-block-group\"><div class=\"wp-block-group__inner-container is-layout-constrained wp-block-group-is-layout-constrained\">\n<h2 class=\"wp-block-heading has-text-align-center has-large-font-size\" style=\"font-style:normal;font-weight:700\">Provate Printmaps<\/h2>\n\n\n\n<p class=\"has-text-align-center has-medium-font-size\">Il nostro\u00a0editor di mappe vi permette di creare mappe stampabili in tutto il mondo in pochissimo tempo.<\/p>\n\n\n\n<div style=\"height:15px\" aria-hidden=\"true\" class=\"wp-block-spacer\"><\/div>\n\n\n\n<div class=\"wp-block-buttons is-content-justification-center is-layout-flex wp-container-core-buttons-is-layout-16018d1d wp-block-buttons-is-layout-flex\">\n<div class=\"wp-block-button has-custom-font-size\" style=\"font-size:18px\"><a class=\"wp-block-button__link has-background wp-element-button\" href=\"https:\/\/www.printmaps.net\/it\/\" style=\"border-radius:10px;background-color:#e5017e\"><p><strong>Create ora la vostra prima mappa<\/strong><\/p><\/a><\/div>\n<\/div>\n<\/div><\/div>\n\n<div style=\"height:100px\" aria-hidden=\"true\" class=\"wp-block-spacer\"><\/div>\n\n<h2 class=\"wp-block-heading has-text-align-center\">Crea la Sua stampa della mappa della maratona o qualsiasi altra stampa del percorso Strava in 5 semplici passaggi:<\/h2>\n\n<div style=\"height:34px\" aria-hidden=\"true\" class=\"wp-block-spacer\"><\/div>\n\n<hr class=\"wp-block-separator has-css-opacity\"\/>\n\n<div style=\"height:50px\" aria-hidden=\"true\" class=\"wp-block-spacer\"><\/div>\n\n<div class=\"wp-block-columns is-layout-flex wp-container-core-columns-is-layout-9d6595d7 wp-block-columns-is-layout-flex\">\n<div class=\"wp-block-column is-layout-flow wp-block-column-is-layout-flow\">\n<p><\/p>\n\n\n\n<h3 class=\"wp-block-heading\">1. Registri il suo percorso o scarichi un percorso registrato sul suo computer<\/h3>\n\n\n\n<p><\/p>\n\n\n\n<h3 class=\"wp-block-heading\">2. Carichi quel percorso sulla mappa nell&#8217;editor di Printmaps<\/h3>\n\n\n\n<p><\/p>\n\n\n\n<h3 class=\"wp-block-heading\">3. Concluda la sua mappa nell&#8217;editor<\/h3>\n\n\n\n<p><\/p>\n\n\n\n<h3 class=\"wp-block-heading\">4. Faccia stampare la sua mappa, su tela o in formato piatto<\/h3>\n\n\n\n<p><\/p>\n\n\n\n<h3 class=\"wp-block-heading\">5. Incornici la mappa e appendila al muro<\/h3>\n<\/div>\n\n\n\n<div class=\"wp-block-column is-layout-flow wp-block-column-is-layout-flow\"><div class=\"wp-block-image\">\n<figure class=\"aligncenter size-large is-resized\"><img decoding=\"async\" width=\"1024\" height=\"683\" src=\"https:\/\/www.printmaps.net\/wp-content\/uploads\/2021\/03\/map-wall-art-1024x683.jpg\" alt=\"stampe di Strava\" class=\"wp-image-80994\" style=\"width:1094px;height:729px\" srcset=\"https:\/\/www.printmaps.net\/wp-content\/uploads\/2021\/03\/map-wall-art-980x653.jpg 980w, https:\/\/www.printmaps.net\/wp-content\/uploads\/2021\/03\/map-wall-art-480x320.jpg 480w\" sizes=\"(min-width: 0px) and (max-width: 480px) 480px, (min-width: 481px) and (max-width: 980px) 980px, (min-width: 981px) 1024px, 100vw\" \/><\/figure><\/div><\/div>\n<\/div>\n\n<div style=\"height:41px\" aria-hidden=\"true\" class=\"wp-block-spacer\"><\/div>\n\n<hr class=\"wp-block-separator has-css-opacity\"\/>\n\n<div style=\"height:81px\" aria-hidden=\"true\" class=\"wp-block-spacer\"><\/div>\n\n<p><p>Come caricare file GPX, KML o GeoJSON sulla mappa, ad esempio con un percorso registrato. <a href=\"\/it\/funzioni\/\">Scopri le altre funzionalit\u00e0<\/a>.<\/p><\/p>\n\n<figure class=\"wp-block-embed is-type-video is-provider-youtube wp-block-embed-youtube wp-embed-aspect-16-9 wp-has-aspect-ratio\"><div class=\"wp-block-embed__wrapper\">\r\n<iframe title=\"Upload GPX route on high resolution map in the Printmaps editor | No need for Google maps\" width=\"1080\" height=\"608\" src=\"https:\/\/www.youtube.com\/embed\/aM5W250xMYU?feature=oembed\"  allow=\"accelerometer; autoplay; clipboard-write; encrypted-media; gyroscope; picture-in-picture; web-share\" allowfullscreen><\/iframe>\r\n<\/div><\/figure>\r\n\n<div style=\"height:30px\" aria-hidden=\"true\" class=\"wp-block-spacer\"><\/div>\n\n<p><\/p>\n\n<div style=\"height:66px\" aria-hidden=\"true\" class=\"wp-block-spacer\"><\/div>\n\n<div style=\"height:22px\" aria-hidden=\"true\" class=\"wp-block-spacer\"><\/div>\n\n<div class=\"wp-block-columns is-layout-flex wp-container-core-columns-is-layout-9d6595d7 wp-block-columns-is-layout-flex\"><\/div>\n","protected":false},"excerpt":{"rendered":"<p>Lei pu\u00f2 creare facilmente da sola arte murale per sentieri escursionistici, percorsi in bicicletta o mappe di maratona con l&#8217;editor di Printmaps. Carichi il suo percorso e crei stampe personalizzate dell&#8217;app di corsa. Il ritmo dei Suoi passi sul sentiero, la fresca brezza del bosco nei Suoi polmoni, il tranquillo silenzio interrotto dal canto degli [&hellip;]<\/p>\n","protected":false},"author":19,"featured_media":0,"parent":0,"menu_order":0,"comment_status":"closed","ping_status":"closed","template":"","meta":{"_et_pb_use_builder":"","_et_pb_old_content":"","_et_gb_content_width":"","footnotes":""},"class_list":["post-165500","page","type-page","status-publish","hentry"],"_links":{"self":[{"href":"https:\/\/www.printmaps.net\/it\/wp-json\/wp\/v2\/pages\/165500","targetHints":{"allow":["GET"]}}],"collection":[{"href":"https:\/\/www.printmaps.net\/it\/wp-json\/wp\/v2\/pages"}],"about":[{"href":"https:\/\/www.printmaps.net\/it\/wp-json\/wp\/v2\/types\/page"}],"author":[{"embeddable":true,"href":"https:\/\/www.printmaps.net\/it\/wp-json\/wp\/v2\/users\/19"}],"replies":[{"embeddable":true,"href":"https:\/\/www.printmaps.net\/it\/wp-json\/wp\/v2\/comments?post=165500"}],"version-history":[{"count":3,"href":"https:\/\/www.printmaps.net\/it\/wp-json\/wp\/v2\/pages\/165500\/revisions"}],"predecessor-version":[{"id":176199,"href":"https:\/\/www.printmaps.net\/it\/wp-json\/wp\/v2\/pages\/165500\/revisions\/176199"}],"wp:attachment":[{"href":"https:\/\/www.printmaps.net\/it\/wp-json\/wp\/v2\/media?parent=165500"}],"curies":[{"name":"wp","href":"https:\/\/api.w.org\/{rel}","templated":true}]}}