{"id":174948,"date":"2024-06-24T17:07:01","date_gmt":"2024-06-24T16:07:01","guid":{"rendered":"https:\/\/www.printmaps.net\/wordpress-plugin-static-maps-editor\/"},"modified":"2024-06-25T22:07:23","modified_gmt":"2024-06-25T21:07:23","slug":"wordpress-plugin-static-maps-editor","status":"publish","type":"page","link":"https:\/\/www.printmaps.net\/it\/wordpress-plugin-static-maps-editor\/","title":{"rendered":"Plugin WordPress Gratuito: Static Maps Editor"},"content":{"rendered":"\n<p><p>Il Plugin Static Maps Editor consente di creare facilmente mappe &#8220;statiche&#8221; personalizzate e non interattive. Modifichi lo stile della mappa, aggiunga percorsi, punti di interesse e forme geografiche alle sue mappe completamente personalizzabili utilizzando l&#8217;editor di mappe ospitato da <a href=\"\/it\/\">Printmaps.net<\/a>, e le integri nel suo sito WordPress in pochissimo tempo. Continui a leggere per scoprire cosa pu\u00f2 fare per Lei il Static Maps Editor o acceda al download del plugin per WordPress tramite il pulsante sottostante.<\/p><\/p>\n\n<div class=\"wp-block-buttons is-content-justification-center is-layout-flex wp-container-core-buttons-is-layout-16018d1d wp-block-buttons-is-layout-flex\">\n<div class=\"wp-block-button is-style-fill\"><a class=\"wp-block-button__link has-vivid-red-background-color has-background wp-element-button\" href=\"https:\/\/it.wordpress.org\/plugins\/static-maps-editor\/\" style=\"border-radius:20px\"><p><strong>Scarichi gratuitamente dalla WordPress Plugin Directory!<\/strong><\/p><\/a><\/div>\n<\/div>\n\n<div style=\"height:37px\" aria-hidden=\"true\" class=\"wp-block-spacer\"><\/div>\n\n<figure class=\"wp-block-image size-large\"><img fetchpriority=\"high\" fetchpriority=\"high\" decoding=\"async\" width=\"1024\" height=\"556\" src=\"https:\/\/www.printmaps.net\/wp-content\/uploads\/2023\/09\/wordpress-plugin-static-maps-editor-1024x556.png\" alt=\"Wordpress Plugin Static Maps Editor\" class=\"wp-image-153617\" srcset=\"https:\/\/www.printmaps.net\/wp-content\/uploads\/2023\/09\/wordpress-plugin-static-maps-editor-980x532.png 980w, https:\/\/www.printmaps.net\/wp-content\/uploads\/2023\/09\/wordpress-plugin-static-maps-editor-480x261.png 480w\" sizes=\"(min-width: 0px) and (max-width: 480px) 480px, (min-width: 481px) and (max-width: 980px) 980px, (min-width: 981px) 1024px, 100vw\" \/><\/figure>\n<p><\/p>\n\n<h2 class=\"wp-block-heading\">Perch\u00e9 dovrei usare il Static Maps Editor?<\/h2>\n\n<p><\/p>\n\n<h3 class=\"wp-block-heading\">1. Il Primo Plugin WordPress per Modificare Mappe Non Interattive<\/h3>\n\n<p>Mentre su WordPress ci sono dozzine di plugin tra cui scegliere per soddisfare le Sue esigenze di mappe interattive, il Static Maps Editor \u00e8 il primo plugin che consente di modificare le mappe interamente all&#8217;interno del back-end di WordPress.<\/p>\n\n<p><\/p>\n\n<h3 class=\"wp-block-heading\">2. Risparmi Tempo Senza Perdere Qualit\u00e0<\/h3>\n\n<p>Se ha bisogno spesso di mappe per il Suo blog di viaggi, annunci immobiliari o sito web di turismo, pu\u00f2 risparmiare una quantit\u00e0 significativa di tempo nei Suoi processi eliminando i passaggi intermedi. Creare mappe con il Static Maps Editor \u00e8 semplice e veloce. Utilizzi il tempo risparmiato per perfezionare le Sue mappe come desidera e creare opere accattivanti per il Suo pubblico o i Suoi clienti.<\/p>\n\n<p><\/p>\n\n<h3 class=\"wp-block-heading\">3. Aggiunga Valore ai Suoi Contenuti<\/h3>\n\n<p>Le mappe statiche accattivanti possono migliorare l&#8217;esperienza del lettore fornendo un contesto visivo ai Suoi articoli, aiutando i lettori a visualizzare i luoghi menzionati. Possono semplificare informazioni complesse, mostrare percorsi di viaggio, evidenziare localit\u00e0 geografiche e rendere i contenuti pi\u00f9 coinvolgenti.<\/p>\n\n<p><\/p>\n\n<h3 class=\"wp-block-heading\">4. Generi Pi\u00f9 Traffico per il Suo Sito<\/h3>\n\n<p>La SEO \u00e8 un tema importante per i proprietari di siti web che desiderano aumentare o mantenere il traffico. Se eseguita correttamente, le mappe statiche possono aiutarla a raggiungere questo obiettivo. Le mappe finalizzate vengono salvate nella Sua Libreria dei Media di WordPress come file PNG, che pu\u00f2 integrare nelle Sue pagine sopra la piega per offrire variet\u00e0 di contenuti all&#8217;algoritmo di ricerca di Google e aggiungere un testo alternativo per rafforzare le parole chiave per cui il Suo sito pu\u00f2 essere trovato. Inoltre, le mappe statiche appariranno nella ricerca di Google Immagini, offrendo un&#8217;ulteriore via per attrarre potenziali lettori.<\/p>\n\n<p><\/p>\n\n<h3 class=\"wp-block-heading\">5. Mantenga Veloce il Suo Sito Web<\/h3>\n\n<p>Come sappiamo, nulla scoraggia un lettore interessato pi\u00f9 rapidamente di un sito web che non si carica velocemente. Le mappe statiche si caricano velocemente come qualsiasi altro file PNG e non sovraccaricano inutilmente il Suo sito, mantenendolo rapido come sempre.<\/p>\n\n<p><\/p>\n\n<h2 class=\"wp-block-heading\">Come utilizzare il Static Maps Editor:<\/h2>\n\n<ul class=\"wp-block-list\">\n<li><p>Segua le istruzioni di download nella WordPress Plugin Directory<\/p><\/li>\n\n\n\n<li>Crei e personalizzi le mappe secondo i Suoi desideri<\/li>\n\n\n\n<li><p>Le immagini delle mappe vengono archiviate e ospitate dalla Sua installazione di WordPress, all&#8217;interno della Sua <strong>Libreria dei Media<\/strong><\/p><\/li>\n\n\n\n<li>Tutte le immagini sono archiviate localmente nella Sua cartella di upload, come di consueto.<\/li>\n<\/ul>\n\n<p><\/p>\n\n<h3 class=\"wp-block-heading\">Funzionalit\u00e0 dell&#8217;Editor:<\/h3>\n\n<ul class=\"wp-block-list\">\n<li>Creare mappe a livello globale<\/li>\n\n\n\n<li>Scegliere tra diversi stili di mappa<\/li>\n\n\n\n<li>Creare percorsi<\/li>\n\n\n\n<li>Contrassegnare i punti sulla mappa con i pin<\/li>\n\n\n\n<li>Evidenziare le aree geografiche<\/li>\n\n\n\n<li>Mostrare l&#8217;elevazione<\/li>\n\n\n\n<li>Personalizzare il design<\/li>\n\n\n\n<li>Inclinare o ruotare<\/li>\n<\/ul>\n\n<p>Static Maps Editor \u00e8 compatibile con tutti gli altri plugin che gestiscono le immagini e conforme al 100% al GDPR.<\/p>\n\n<p><\/p>\n\n<h3 class=\"wp-block-heading\">Esempi creati con il plugin Static Maps Editor:<\/h3>\n\n<figure class=\"wp-block-gallery has-nested-images columns-default is-cropped wp-block-gallery-1 is-layout-flex wp-block-gallery-is-layout-flex\">\n<figure class=\"wp-block-image size-large\"><img decoding=\"async\" width=\"1024\" height=\"665\" data-id=\"63054\" src=\"https:\/\/www.printmaps.net\/wp-content\/uploads\/2020\/05\/Real-Estate-Flyers-1024x665.png\" alt=\"Schermata Mappa POI\" class=\"wp-image-63054\" srcset=\"https:\/\/www.printmaps.net\/wp-content\/uploads\/2020\/05\/Real-Estate-Flyers-980x636.png 980w, https:\/\/www.printmaps.net\/wp-content\/uploads\/2020\/05\/Real-Estate-Flyers-480x312.png 480w\" sizes=\"(min-width: 0px) and (max-width: 480px) 480px, (min-width: 481px) and (max-width: 980px) 980px, (min-width: 981px) 1024px, 100vw\" \/><\/figure>\n\n\n<figure class=\"wp-block-image size-large\"><img decoding=\"async\" width=\"1024\" height=\"722\" data-id=\"70205\" src=\"https:\/\/www.printmaps.net\/wp-content\/uploads\/2020\/10\/printable-maps-photobook-1-1024x722.png\" alt=\"Schermata mappa del percorso\" class=\"wp-image-70205\" srcset=\"https:\/\/www.printmaps.net\/wp-content\/uploads\/2020\/10\/printable-maps-photobook-1-980x691.png 980w, https:\/\/www.printmaps.net\/wp-content\/uploads\/2020\/10\/printable-maps-photobook-1-480x339.png 480w\" sizes=\"(min-width: 0px) and (max-width: 480px) 480px, (min-width: 481px) and (max-width: 980px) 980px, (min-width: 981px) 1024px, 100vw\" \/><\/figure>\n\n\n<figure class=\"wp-block-image size-large\"><img loading=\"lazy\" loading=\"lazy\" decoding=\"async\" width=\"1024\" height=\"768\" data-id=\"70226\" src=\"https:\/\/www.printmaps.net\/wp-content\/uploads\/2020\/10\/800x600@2x-1024x768.png\" alt=\"Schermata mappa monocromatica\" class=\"wp-image-70226\" srcset=\"https:\/\/www.printmaps.net\/wp-content\/uploads\/2020\/10\/800x600@2x-980x735.png 980w, https:\/\/www.printmaps.net\/wp-content\/uploads\/2020\/10\/800x600@2x-480x360.png 480w\" sizes=\"auto, (min-width: 0px) and (max-width: 480px) 480px, (min-width: 481px) and (max-width: 980px) 980px, (min-width: 981px) 1024px, 100vw\" \/><\/figure>\n\n\n<figure class=\"wp-block-image size-large\"><img loading=\"lazy\" loading=\"lazy\" decoding=\"async\" width=\"1024\" height=\"714\" data-id=\"70195\" src=\"https:\/\/www.printmaps.net\/wp-content\/uploads\/2020\/10\/photobook-travel-map-1024x714.png\" alt=\"schermata mappa del percorso\" class=\"wp-image-70195\" srcset=\"https:\/\/www.printmaps.net\/wp-content\/uploads\/2020\/10\/photobook-travel-map-980x683.png 980w, https:\/\/www.printmaps.net\/wp-content\/uploads\/2020\/10\/photobook-travel-map-480x335.png 480w\" sizes=\"auto, (min-width: 0px) and (max-width: 480px) 480px, (min-width: 481px) and (max-width: 980px) 980px, (min-width: 981px) 1024px, 100vw\" \/><\/figure><\/figure>\n\n<div style=\"height:55px\" aria-hidden=\"true\" class=\"wp-block-spacer\"><\/div>\n\n<div class=\"wp-block-buttons is-content-justification-center is-layout-flex wp-container-core-buttons-is-layout-16018d1d wp-block-buttons-is-layout-flex\">\n<div class=\"wp-block-button is-style-fill\"><a class=\"wp-block-button__link has-vivid-red-background-color has-background wp-element-button\" href=\"https:\/\/it.wordpress.org\/plugins\/static-maps-editor\/\" style=\"border-radius:20px\"><p><strong>Inizi a creare mappe in pochi clic!<\/strong><\/p><\/a><\/div>\n<\/div>\n\n<div style=\"height:49px\" aria-hidden=\"true\" class=\"wp-block-spacer\"><\/div>\n","protected":false},"excerpt":{"rendered":"<p>Il Plugin Static Maps Editor consente di creare facilmente mappe &#8220;statiche&#8221; personalizzate e non interattive. Modifichi lo stile della mappa, aggiunga percorsi, punti di interesse e forme geografiche alle sue mappe completamente personalizzabili utilizzando l&#8217;editor di mappe ospitato da Printmaps.net, e le integri nel suo sito WordPress in pochissimo tempo. Continui a leggere per scoprire [&hellip;]<\/p>\n","protected":false},"author":5,"featured_media":0,"parent":0,"menu_order":0,"comment_status":"closed","ping_status":"closed","template":"","meta":{"_et_pb_use_builder":"","_et_pb_old_content":"","_et_gb_content_width":"","footnotes":""},"class_list":["post-174948","page","type-page","status-publish","hentry"],"_links":{"self":[{"href":"https:\/\/www.printmaps.net\/it\/wp-json\/wp\/v2\/pages\/174948","targetHints":{"allow":["GET"]}}],"collection":[{"href":"https:\/\/www.printmaps.net\/it\/wp-json\/wp\/v2\/pages"}],"about":[{"href":"https:\/\/www.printmaps.net\/it\/wp-json\/wp\/v2\/types\/page"}],"author":[{"embeddable":true,"href":"https:\/\/www.printmaps.net\/it\/wp-json\/wp\/v2\/users\/5"}],"replies":[{"embeddable":true,"href":"https:\/\/www.printmaps.net\/it\/wp-json\/wp\/v2\/comments?post=174948"}],"version-history":[{"count":1,"href":"https:\/\/www.printmaps.net\/it\/wp-json\/wp\/v2\/pages\/174948\/revisions"}],"predecessor-version":[{"id":174949,"href":"https:\/\/www.printmaps.net\/it\/wp-json\/wp\/v2\/pages\/174948\/revisions\/174949"}],"wp:attachment":[{"href":"https:\/\/www.printmaps.net\/it\/wp-json\/wp\/v2\/media?parent=174948"}],"curies":[{"name":"wp","href":"https:\/\/api.w.org\/{rel}","templated":true}]}}