{"id":184180,"date":"2024-10-07T18:34:50","date_gmt":"2024-10-07T17:34:50","guid":{"rendered":"https:\/\/www.printmaps.net\/makelaar-flyers\/"},"modified":"2025-10-24T10:12:01","modified_gmt":"2025-10-24T09:12:01","slug":"makelaar-flyers","status":"publish","type":"page","link":"https:\/\/www.printmaps.net\/nl\/makelaar-flyers\/","title":{"rendered":"Vastgoedkaarten voor uw makelaar flyers en vastgoedexpos\u00e9s"},"content":{"rendered":"\n<div style=\"height:32px\" aria-hidden=\"true\" class=\"wp-block-spacer\"><\/div>\n<div class=\"wp-block-image\">\n<figure class=\"alignleft size-large is-resized\"><img fetchpriority=\"high\" fetchpriority=\"high\" decoding=\"async\" width=\"1024\" height=\"729\" src=\"https:\/\/www.printmaps.net\/wp-content\/uploads\/2020\/05\/images2-1-1024x729.png\" alt=\"makelaar flyers\" class=\"wp-image-63048\" style=\"width:680px;height:484px\" srcset=\"https:\/\/www.printmaps.net\/wp-content\/uploads\/2020\/05\/images2-1-1024x729.png 1024w, https:\/\/www.printmaps.net\/wp-content\/uploads\/2020\/05\/images2-1-980x698.png 980w, https:\/\/www.printmaps.net\/wp-content\/uploads\/2020\/05\/images2-1-480x342.png 480w\" sizes=\"(min-width: 0px) and (max-width: 480px) 480px, (min-width: 481px) and (max-width: 980px) 980px, (min-width: 981px) 1024px, 100vw\" \/><\/figure><\/div>\n<p><p>De meest effectieve <strong>makelaar flyers<\/strong> bevatten vaak zorgvuldig ontworpen <strong>vastgoedkaarten<\/strong>. Of u nu een ervaren makelaar bent die de verkoop wil verhogen of een grafisch ontwerper die gespecialiseerd is in <strong>vastgoedmarketing<\/strong>, uw doel is het cre\u00ebren van boeiende <strong>makelaar expos\u00e9s<\/strong> en flyers die zowel potenti\u00eble kopers aantrekken als informeren. Hier komt Printmaps om de hoek kijken. Onze kaarteneditor stelt u in staat om moeiteloos kaarten aan te passen, waardoor u uw uitnodigingen voor open huizen, marktupdates, aankondigingen van verkochte huizen en flyers voor nieuwe aanbiedingen kunt verbeteren.<\/p><\/p>\n\n<p><p>Ontdek de <a href=\"\/nl\/hoe-werkt-het-de-printmaps-kaarteneditor\/\">uitgebreide functies van de Printmaps editor<\/a> en benut het volledige potentieel voor uw vastgoedmarketing!<\/p><\/p>\n\n<div class=\"wp-block-buttons is-content-justification-center is-layout-flex wp-container-core-buttons-is-layout-16018d1d wp-block-buttons-is-layout-flex\">\n<div class=\"wp-block-button has-custom-font-size\" style=\"font-size:18px\"><a class=\"wp-block-button__link has-background wp-element-button\" href=\"https:\/\/www.printmaps.net\/nl\/\" style=\"border-radius:10px;background-color:#e5017e\"><p><strong>Begin nu met in kaart brengen, aanmelden niet nodig<\/strong><\/p><\/a><\/div>\n<\/div>\n\n<div style=\"height:54px\" aria-hidden=\"true\" class=\"wp-block-spacer\"><\/div>\n\n<h2 class=\"wp-block-heading\">De rol van kaarten in makelaar flyers<\/h2>\n\n<p><p>In het huidige vastgoedlandschap blijven flyers en makelaar <strong>expos\u00e9s<\/strong> krachtige middelen om open huizen, marktverslagen en eerdere verkopen te presenteren. Ze bieden een uitstekende gelegenheid om uw merk direct te presenteren via hoogwaardige foto\u2019s, consequent gebruik van merk- of huiskleuren en vooral gepersonaliseerde <strong>vastgoedkaarten<\/strong>.<\/p><\/p>\n\n<p><p>Met Printmaps kunt u <strong>kaarten<\/strong> van elke locatie <strong>in hoge resolutie<\/strong> van 300 dpi downloaden en belangrijke punten van interesse in de buurt opnemen. Dit garandeert dat de kwaliteit van de kaarten intact blijft wanneer ze worden gebruikt in drukwerk voor uw <strong>makelaar flyers<\/strong> of <strong>makelaar expos\u00e9s<\/strong>.<\/p><\/p>\n\n<h2 class=\"wp-block-heading\">Makelaar flyer voorbeelden met kaarten<\/h2>\n<div class=\"wp-block-image\">\n<figure class=\"aligncenter size-large\"><img decoding=\"async\" width=\"1024\" height=\"458\" src=\"https:\/\/www.printmaps.net\/wp-content\/uploads\/2020\/05\/images-1024x458.png\" alt=\"Vastgoedkaarten\" class=\"wp-image-63047\" srcset=\"https:\/\/www.printmaps.net\/wp-content\/uploads\/2020\/05\/images-980x439.png 980w, https:\/\/www.printmaps.net\/wp-content\/uploads\/2020\/05\/images-480x215.png 480w\" sizes=\"(min-width: 0px) and (max-width: 480px) 480px, (min-width: 481px) and (max-width: 980px) 980px, (min-width: 981px) 1024px, 100vw\" \/><\/figure><\/div>\n<p><p>Voor makelaar flyers, brochures of vastgoedbeschrijvingen is het cruciaal dat de kaartafbeeldingen van hoge resolutie zijn. Dit garandeert duidelijkheid en voorkomt het afdrukken van gepixeleerde kaarten. Bij het <a href=\"https:\/\/www.zillow.com\/blog\/15-words-that-add-value-171182\/\">optimaliseren van uw makelaar flyers<\/a> kan het strategisch gebruik van woorden zoals &#8220;luxueus&#8221; de verkoopprijzen aanzienlijk verhogen. Natuurlijk wilt u de waarde van uw luxe makelaar flyers niet aantasten met afbeeldingen van lage kwaliteit.<\/p><\/p>\n\n<div style=\"height:44px\" aria-hidden=\"true\" class=\"wp-block-spacer\"><\/div>\n<div class=\"wp-block-image\">\n<figure class=\"alignleft size-large is-resized\"><img decoding=\"async\" width=\"1024\" height=\"665\" src=\"https:\/\/www.printmaps.net\/wp-content\/uploads\/2020\/05\/Real-Estate-Flyers-1024x665.png\" alt=\"Vastgoedkaarten\" class=\"wp-image-63054\" style=\"width:617px;height:401px\" srcset=\"https:\/\/www.printmaps.net\/wp-content\/uploads\/2020\/05\/Real-Estate-Flyers-980x636.png 980w, https:\/\/www.printmaps.net\/wp-content\/uploads\/2020\/05\/Real-Estate-Flyers-480x312.png 480w\" sizes=\"(min-width: 0px) and (max-width: 480px) 480px, (min-width: 481px) and (max-width: 980px) 980px, (min-width: 981px) 1024px, 100vw\" \/><\/figure><\/div>\n<h3 class=\"wp-block-heading\">Het belang van kaarten in makelaar flyers<\/h3>\n\n<p><p>Vastgoedkaarten zijn een onmisbaar onderdeel van vastgoedmarketing. Mensen die op zoek zijn naar een nieuw huis zijn vaak nieuwsgierig naar de omgeving van hun potenti\u00eble nieuwe woning. Voorbeelden van wat ze willen weten zijn: Is er een goede <strong>school<\/strong> in de buurt voor hun kinderen? Is er een <strong>park<\/strong> om hun hond uit te laten? Welke <strong>restaurants<\/strong> zijn er in de buurt? Waar is het dichtstbijzijnde <strong>ziekenhuis<\/strong>? Hoe is het wegennetwerk? Kunnen ze gemakkelijk hun werk bereiken? Als u geweldige makelaar flyers wilt maken, is het belangrijk om de omgeving in kaart te brengen.<\/p><\/p>\n\n<p><\/p>\n\n<div style=\"height:44px\" aria-hidden=\"true\" class=\"wp-block-spacer\"><\/div>\n\n<h3 class=\"wp-block-heading\">Oneindige creativiteit bij het bewerken in Illustrator of Photoshop<\/h3>\n\n<p><p>Als u streeft naar echt opvallende en creatieve makelaar flyers, is het kiezen van een standaardformaat, zoals uw concurrenten doen, niet voldoende. U gebruikt waarschijnlijk al bewerkingsprogramma&#8217;s zoals Illustrator of Photoshop. Met Printmaps kunt u eenvoudig een gelaagd PSD- of SVG-bestand downloaden, dat u vervolgens in Illustrator of Photoshop kunt openen om de <strong>kaart naar eigen wens aan te passen<\/strong>.<\/p><\/p>\n\n<p>Bent u niet bekend met deze programma\u2019s, maar wilt u toch een eenvoudige en strakke kaart? Printmaps biedt een oplossing. U kunt de kaart direct in de Printmaps editor finaliseren en als PNG downloaden. Voeg deze toe aan uw makelaar flyer en zie hoe het de aandacht trekt van potenti\u00eble kopers en hun interesse wekt.<\/p>\n<div class=\"wp-block-image\">\n<figure class=\"aligncenter size-large\"><img decoding=\"async\" src=\"https:\/\/www.printmaps.net\/wp-content\/uploads\/2020\/06\/layered-map-in-illustrator.png\" alt=\"Gelaagde kaart\" class=\"wp-image-64211\"\/><\/figure><\/div>\n<div style=\"height:51px\" aria-hidden=\"true\" class=\"wp-block-spacer\"><\/div>\n\n<div class=\"wp-block-group\"><div class=\"wp-block-group__inner-container is-layout-constrained wp-block-group-is-layout-constrained\">\n<h2 class=\"wp-block-heading has-text-align-center has-large-font-size\" style=\"font-style:normal;font-weight:700\">Probeer Printmaps<\/h2>\n\n\n\n<p class=\"has-text-align-center has-medium-font-size\">Met onze\u00a0kaarteneditor maak je landkaarten voor print wereldwijd in een handomdraai.<\/p>\n\n\n\n<div style=\"height:15px\" aria-hidden=\"true\" class=\"wp-block-spacer\"><\/div>\n\n\n\n<div class=\"wp-block-buttons is-content-justification-center is-layout-flex wp-container-core-buttons-is-layout-16018d1d wp-block-buttons-is-layout-flex\">\n<div class=\"wp-block-button has-custom-font-size\" style=\"font-size:18px\"><a class=\"wp-block-button__link has-background wp-element-button\" href=\"https:\/\/www.printmaps.net\/nl\/\" style=\"border-radius:10px;background-color:#e5017e\"><strong>Maak je eerste kaart now<\/strong><\/a><\/div>\n<\/div>\n<\/div><\/div>\n<div class=\"wp-block-image\">\n<figure class=\"alignright size-large is-resized\"><img decoding=\"async\" src=\"https:\/\/www.printmaps.net\/wp-content\/uploads\/2020\/05\/Real-Estate-expose2-1024x746.png\" alt=\"\" class=\"wp-image-63051\" style=\"width:667px;height:486px\"\/><\/figure><\/div>\n<p><p>Hoewel drukwerk een essentieel hulpmiddel blijft in vastgoedmarketing, maken moderne strategie\u00ebn vaak gebruik van een combinatie van benaderingen. <strong>E-mailmarketing<\/strong> kan bijvoorbeeld zeer effectief zijn bij het <a href=\"https:\/\/www.wordstream.com\/blog\/ws\/2015\/04\/16\/real-estate-marketing\">onderhouden van klantrelaties<\/a> binnen de vastgoedsector. Een nieuwsbrief sturen na een bezoek van een potenti\u00eble koper aan een open huis biedt een uitstekende kans om andere beschikbare woningen in dezelfde buurt te presenteren.<\/p><\/p>\n\n<p>Het toevoegen van vastgoedkaarten van hoge kwaliteit aan uw nieuwsbrieven verhoogt de betrokkenheid en de visuele aantrekkingskracht, en laat op effectieve wijze open huizen, aanbiedingen en de omliggende wijken zien.<\/p>\n\n<div style=\"height:100px\" aria-hidden=\"true\" class=\"wp-block-spacer\"><\/div>\n<div class=\"wp-block-image\">\n<figure class=\"alignleft size-large is-resized\"><img loading=\"lazy\" loading=\"lazy\" decoding=\"async\" width=\"1024\" height=\"665\" src=\"https:\/\/www.printmaps.net\/wp-content\/uploads\/2020\/05\/biking-route-map-1024x665.png\" alt=\"Maak een routekaart\" class=\"wp-image-62793\" style=\"width:593px;height:385px\" srcset=\"https:\/\/www.printmaps.net\/wp-content\/uploads\/2020\/05\/biking-route-map-980x636.png 980w, https:\/\/www.printmaps.net\/wp-content\/uploads\/2020\/05\/biking-route-map-480x312.png 480w\" sizes=\"auto, (min-width: 0px) and (max-width: 480px) 480px, (min-width: 481px) and (max-width: 980px) 980px, (min-width: 981px) 1024px, 100vw\" \/><\/figure><\/div>\n<h3 class=\"wp-block-heading\">Gebruik de editor om routes te tonen<\/h3>\n\n<p>Onze route-editor biedt meer dan alleen de mogelijkheid om routes met de hand te tekenen. Het bevat een wizard die magnetisch op bestaande wegen klikt, waardoor u in slechts enkele seconden routes kunt maken. Deze innovatieve tool toont niet alleen interessante punten in de buurt of het wegennetwerk om bereikbaarheid te illustreren, maar helpt ook bij het opnemen van routebeschrijvingen in uw makelaar flyers.<\/p>\n\n<p>Door routebeschrijvingen toe te voegen aan uw flyers, zorgt u ervoor dat potenti\u00eble kopers duidelijke instructies hebben over hoe ze u kunnen vinden, waardoor hun algehele ervaring wordt verbeterd en eventuele verwarring wordt voorkomen.<\/p>\n\n<div style=\"height:100px\" aria-hidden=\"true\" class=\"wp-block-spacer\"><\/div>\n\n<p class=\"has-large-font-size\">Het is wat jij er zelf van maakt<\/p>\n\n<p>Het maken van afdrukbare kaarten voor publicaties vereist meer dan alleen de juiste geo-tools; het gaat erom gebruik te maken van uw eigen ontwerpen en idee\u00ebn. Met Printmaps heeft u volledige flexibiliteit, of het nu gaat om het kiezen van het type cartografie of het selecteren van de functies die u in uw kaart wilt opnemen.<\/p>\n\n<p>Maar de aanpassingsmogelijkheden eindigen daar niet. Nadat u uw kaart heeft gemaakt en gedownload, zijn de mogelijkheden eindeloos. Wilt u punten van interesse versterken met aanvullende details? Voeg uw eigen logo&#8217;s, afbeeldingen of tekst toe? Onze kaarten worden geleverd in een gelaagd PSD-formaat, waardoor u elk aspect kunt aanpassen, tot aan individuele punten van interesse.<\/p>\n\n<p>Waarom probeert u onze editor niet uit en ontdekt u hoe u moeiteloos uw idee\u00ebn kunt omzetten in de perfecte kaart op maat voor publicatie?<\/p>\n\n<div style=\"height:97px\" aria-hidden=\"true\" class=\"wp-block-spacer\"><\/div>\n\n<div class=\"wp-block-group\"><div class=\"wp-block-group__inner-container is-layout-constrained wp-block-group-is-layout-constrained\">\n<h2 class=\"wp-block-heading has-text-align-center has-large-font-size\" style=\"font-style:normal;font-weight:700\">Probeer Printmaps<\/h2>\n\n\n\n<p class=\"has-text-align-center has-medium-font-size\">Met onze\u00a0kaarteneditor maak je landkaarten voor print wereldwijd in een handomdraai.<\/p>\n\n\n\n<div style=\"height:15px\" aria-hidden=\"true\" class=\"wp-block-spacer\"><\/div>\n\n\n\n<div class=\"wp-block-buttons is-content-justification-center is-layout-flex wp-container-core-buttons-is-layout-16018d1d wp-block-buttons-is-layout-flex\">\n<div class=\"wp-block-button has-custom-font-size\" style=\"font-size:18px\"><a class=\"wp-block-button__link has-background wp-element-button\" href=\"https:\/\/www.printmaps.net\/nl\/\" style=\"border-radius:10px;background-color:#e5017e\"><strong>Maak je eerste kaart now<\/strong><\/a><\/div>\n<\/div>\n<\/div><\/div>\n\n<div style=\"height:155px\" aria-hidden=\"true\" class=\"wp-block-spacer\"><\/div>\n\n<h3 class=\"wp-block-heading has-text-align-center\">Veelgestelde vragen<\/h3>\n\n<div class=\"schema-faq wp-block-yoast-faq-block\"><div class=\"schema-faq-section\" id=\"faq-question-1759748884275\"><strong class=\"schema-faq-question\">Wat is de snelste manier om scholen, parken, openbaar vervoer en ziekenhuizen aan een flyer-kaart toe te voegen?<\/strong> <p class=\"schema-faq-answer\">Met onze pin-tool kunt u verschillende symbolen gebruiken om de context van de locaties die u wilt markeren aan te geven. Om een pin toe te voegen, plaatst u deze eenvoudig op de kaart door hem te slepen. Vervolgens kunt u de kleur, vorm en het symbool van de pin aanpassen om de verschillende locaties op de kaart visueel duidelijk te onderscheiden.<\/p> <\/div> <div class=\"schema-faq-section\" id=\"faq-question-1759748912351\"><strong class=\"schema-faq-question\">Welke kaartelementen op een flyer be\u00efnvloeden het koopinteresse en de conversie het meest?<\/strong> <p class=\"schema-faq-answer\">Een opvallende markering van het pand en een zorgvuldig geselecteerde set van 4\u20138 doelgroepgerichte POI\u2019s (scholen, openbaar vervoer, parken, supermarkten) hebben de grootste invloed op de interesse van kopers. Gebruik eenvoudige, kleurgecodeerde pictogrammen en korte labels, zodat de pin van het pand het visuele middelpunt blijft.<\/p> <\/div> <div class=\"schema-faq-section\" id=\"faq-question-1759748923929\"><strong class=\"schema-faq-question\">Hoe kan ik meerdere adressen van panden plakken om snel pins aan te maken?<\/strong> <p class=\"schema-faq-answer\"><p>U kunt een Excel-bestand maken dat de indeling van onze spreadsheet-batch-geocoder volgt en dit vervolgens plakken om snel pins aan te maken. Lees <a href=\"\/nl\/print-een-landkaart-met-meerdere-locaties\/\">dit artikel<\/a> als u hier meer over wilt weten.<\/p><\/p> <\/div> <\/div>\n\n<div class=\"wp-block-group\"><div class=\"wp-block-group__inner-container is-layout-constrained wp-block-group-is-layout-constrained\">\n<div style=\"height:130px\" aria-hidden=\"true\" class=\"wp-block-spacer\"><\/div>\n\n\n\n<h2 class=\"wp-block-heading has-x-large-font-size\" style=\"font-style:normal;font-weight:700\">Nog hulp nodig? Stuur ons een berichtje!<\/h2>\n\n\n\n<p style=\"font-size:22px\"><p><a href=\"https:\/\/support.printmaps.net\/nl\/support\/tickets\/new\">Stuur ons een ticket via ons supportplatform<\/a><\/p><\/p>\n\n\n\n<div style=\"height:150px\" aria-hidden=\"true\" class=\"wp-block-spacer\"><\/div>\n<\/div><\/div>\n","protected":false},"excerpt":{"rendered":"<p>De meest effectieve makelaar flyers bevatten vaak zorgvuldig ontworpen vastgoedkaarten. Of u nu een ervaren makelaar bent die de verkoop wil verhogen of een grafisch ontwerper die gespecialiseerd is in vastgoedmarketing, uw doel is het cre\u00ebren van boeiende makelaar expos\u00e9s en flyers die zowel potenti\u00eble kopers aantrekken als informeren. Hier komt Printmaps om de hoek [&hellip;]<\/p>\n","protected":false},"author":19,"featured_media":0,"parent":0,"menu_order":0,"comment_status":"closed","ping_status":"closed","template":"","meta":{"_et_pb_use_builder":"off","_et_pb_old_content":"","_et_gb_content_width":"","footnotes":""},"class_list":["post-184180","page","type-page","status-publish","hentry"],"_links":{"self":[{"href":"https:\/\/www.printmaps.net\/nl\/wp-json\/wp\/v2\/pages\/184180","targetHints":{"allow":["GET"]}}],"collection":[{"href":"https:\/\/www.printmaps.net\/nl\/wp-json\/wp\/v2\/pages"}],"about":[{"href":"https:\/\/www.printmaps.net\/nl\/wp-json\/wp\/v2\/types\/page"}],"author":[{"embeddable":true,"href":"https:\/\/www.printmaps.net\/nl\/wp-json\/wp\/v2\/users\/19"}],"replies":[{"embeddable":true,"href":"https:\/\/www.printmaps.net\/nl\/wp-json\/wp\/v2\/comments?post=184180"}],"version-history":[{"count":2,"href":"https:\/\/www.printmaps.net\/nl\/wp-json\/wp\/v2\/pages\/184180\/revisions"}],"predecessor-version":[{"id":222074,"href":"https:\/\/www.printmaps.net\/nl\/wp-json\/wp\/v2\/pages\/184180\/revisions\/222074"}],"wp:attachment":[{"href":"https:\/\/www.printmaps.net\/nl\/wp-json\/wp\/v2\/media?parent=184180"}],"curies":[{"name":"wp","href":"https:\/\/api.w.org\/{rel}","templated":true}]}}