{"id":90367,"date":"2021-06-20T14:57:21","date_gmt":"2021-06-20T12:57:21","guid":{"rendered":"https:\/\/www.printmaps.net\/print-een-landkaart-met-meerdere-locaties\/"},"modified":"2024-06-04T12:48:26","modified_gmt":"2024-06-04T11:48:26","slug":"print-een-landkaart-met-meerdere-locaties","status":"publish","type":"page","link":"https:\/\/www.printmaps.net\/nl\/print-een-landkaart-met-meerdere-locaties\/","title":{"rendered":"Een landkaart printen met meerdere locaties"},"content":{"rendered":"\n<div style=\"height:29px\" aria-hidden=\"true\" class=\"wp-block-spacer\"><\/div>\n\n<div class=\"wp-block-columns is-layout-flex wp-container-core-columns-is-layout-9d6595d7 wp-block-columns-is-layout-flex\">\n<div class=\"wp-block-column is-layout-flow wp-block-column-is-layout-flow\" style=\"flex-basis:66.66%\">\n<figure class=\"wp-block-image size-large\"><img fetchpriority=\"high\" fetchpriority=\"high\" decoding=\"async\" width=\"621\" height=\"438\" src=\"https:\/\/www.printmaps.net\/wp-content\/uploads\/2018\/03\/FreeWebImage-1.png\" alt=\"Print een kaart met meerdere locaties\" class=\"wp-image-61156\"\/><\/figure><\/div>\n\n\n\n<div class=\"wp-block-column is-layout-flow wp-block-column-is-layout-flow\" style=\"flex-basis:33.33%\">\n<p>Als het aankomt op het in kaart brengen van meerdere locaties zijn er een aantal dingen van belang om rekening mee te houden. Ten eerste, wil je jouw bedrijfslocaties, winkels, en elke andere belangrijke Point of Interests, zo snel en effici\u00ebnt mogelijk pinnen op hun juiste locatie op de kaart. Ten tweede, wil je de kwaliteit te behouden van de kaart zodat deze geprint kan worden in hoge resolutie. Kaarten printen met meerdere locaties kan al gauw een tijdrovende, dure aangelegenheid worden. In het bijzonder, als je bedrijf beschikt over een groot aantal gebouwen kan het om deze allemaal weer te geven op een landkaart veel tijd, kennis en een behoorlijke dosis geduld kosten.<\/p>\n<\/div>\n<\/div>\n\n<div style=\"height:23px\" aria-hidden=\"true\" class=\"wp-block-spacer\"><\/div>\n\n<div class=\"wp-block-buttons is-content-justification-center is-layout-flex wp-container-core-buttons-is-layout-16018d1d wp-block-buttons-is-layout-flex\">\n<div class=\"wp-block-button has-custom-font-size\" style=\"font-size:18px\"><a class=\"wp-block-button__link has-background wp-element-button\" href=\"https:\/\/www.printmaps.net\/nl\/\" style=\"border-radius:10px;background-color:#e5017e\"><p><strong>Begin nu met in kaart brengen, aanmelden niet nodig<\/strong><\/p><\/a><\/div>\n<\/div>\n\n<div style=\"height:100px\" aria-hidden=\"true\" class=\"wp-block-spacer\"><\/div>\n\n<p><strong>In dit artikel leggen we je uit hoe je de tijd besteed aan het cre\u00ebren van een kaartenbestand met meerdere locaties voor print drastisch kunt verminderen, terwijl je tegelijkertijd zorgt dat je kaart er prachtig uitziet.<\/strong><\/p>\n\n<h3 class=\"wp-block-heading\" id=\"plot-several-locations-at-once\">Plot meerdere locaties tegelijkertijd<\/h3>\n\n<p>Je bent misschien bekend met de uitspraak dat in bulk inkopen altijd een goed idee is, maar wist je ook dat het uploaden van je geo-data net zo voordelig kan zijn?<\/p>\n\n<p>Het is vaak het geval dat het bij organisaties niet bij \u00e9\u00e9n of twee of drie fysieke gebouwen blijft. Meestal zijn het er zoveel dat het verzamelen van hun co\u00f6rdinaten om deze vervolgens te plaatsen op een kaart voor printpresentatie een onmogelijk tijdrovende taak lijkt. Dit is waar bulk-geocoding van pas komt.<\/p>\n\n<div class=\"wp-block-columns is-layout-flex wp-container-core-columns-is-layout-9d6595d7 wp-block-columns-is-layout-flex\">\n<div class=\"wp-block-column is-layout-flow wp-block-column-is-layout-flow\" style=\"flex-basis:33.33%\">\n<p>Door simpelweg de adressen te kopi\u00ebren in een\u00a0<strong>bulk-geocoding uploader<\/strong>, worden alle adressen geconverteerd naar hun juiste geografische co\u00f6rdinaten. Een goede bulk-geocoding tool laat je informatie gebruiken gekopieerd vanuit een databse of spreadsheet zoals Microsoft&#8217;s Excel of Libreoffice&#8217;s Calc en doet al het zware werk voor je. Het resultaat: al jouw Point of Interests (POIs) binnen een paar minuten op de kaart geplaatst.<\/p>\n<\/div>\n\n\n\n<div class=\"wp-block-column is-layout-flow wp-block-column-is-layout-flow\" style=\"flex-basis:66.66%\">\n<figure class=\"wp-block-image size-large\"><img decoding=\"async\" width=\"621\" height=\"438\" src=\"https:\/\/www.printmaps.net\/wp-content\/uploads\/2018\/03\/FreeWebImage-3.png\" alt=\"Print een kaart met meerdere locaties\" class=\"wp-image-61158\"\/><\/figure><\/div>\n<\/div>\n\n<div style=\"height:38px\" aria-hidden=\"true\" class=\"wp-block-spacer\"><\/div>\n\n<h3 class=\"wp-block-heading\" id=\"easily-pin-multiple-locations-on-the-print-map\">Pin met gemak meerdere locaties op de landkaart voor print<br\/>.<\/h3>\n\n<p>Buiten de andere functionaliteiten die Printmaps aanbiedt, hebben we een ingebouwde geo-coder die je laat batch-uploaden en je adressen naar hun bijpassende co\u00f6rdinaten converteert.<\/p>\n\n<div style=\"height:43px\" aria-hidden=\"true\" class=\"wp-block-spacer\"><\/div>\n\n<figure class=\"wp-block-image size-large\"><img decoding=\"async\" width=\"1024\" height=\"517\" src=\"https:\/\/www.printmaps.net\/wp-content\/uploads\/2019\/09\/printable-map-batch-geocode-addresses-excel-1024x517.gif\" alt=\"\" class=\"wp-image-37457\" srcset=\"https:\/\/www.printmaps.net\/wp-content\/uploads\/2019\/09\/printable-map-batch-geocode-addresses-excel-1024x517.gif 1024w, https:\/\/www.printmaps.net\/wp-content\/uploads\/2019\/09\/printable-map-batch-geocode-addresses-excel-980x495.gif 980w, https:\/\/www.printmaps.net\/wp-content\/uploads\/2019\/09\/printable-map-batch-geocode-addresses-excel-480x242.gif 480w\" sizes=\"(min-width: 0px) and (max-width: 480px) 480px, (min-width: 481px) and (max-width: 980px) 980px, (min-width: 981px) 1024px, 100vw\" \/><\/figure>\n<div style=\"height:20px\" aria-hidden=\"true\" class=\"wp-block-spacer\"><\/div>\n\n<p>Zodra onze geocoding motor de adressen geconverteerd heeft naar de bijpassende co\u00f6rdinaten, kun je het type marker aanpassen, zowel als de kleur, het icoon en de grootte. Alle POIs worden opgeslagen in een aparte laag, dus wanneer je de kaart gedownload hebt als Photoshop bestand (PSD), kun je het openen en de posities van je POIs fine-tunen.<\/p>\n\n<div style=\"height:20px\" aria-hidden=\"true\" class=\"wp-block-spacer\"><\/div>\n\n<h3 class=\"wp-block-heading\" id=\"add-custom-pins-to-your-multiple-locations-map\">Voeg custom markers toe aan je kaart met meerdere locaties<\/h3>\n\n<p>Als je een kaart wil printen met meerdere locaties, wil je deze locaties misschien wel aangeven met pinnen met je bedrijfslogo\u00a0<a href=\"https:\/\/www.printmaps.net\/create-map-with-pins\/\">upload je eigen custom pinnen<\/a>, en plaats ze direct op je kaart. Je kunt er ook voor kiezen om je custom markers later toe te voegen terwijl je bewerkt in Photoshop of Illustrator.<\/p>\n\n<h2 class=\"wp-block-heading\" id=\"but-wait-there-s-more\">Maar wacht, er is meer<\/h2>\n\n<p>Naast dat het mogelijk is om zoveel mogelijk POIs als je wilt te plaatsen, biedt Printmaps een breed scala aan tools om je leven nog gemakkelijker te maken. Zeg dat je een grens om een land of gemeente wilt belichten? Daar kun je de Printmaps vormentool voor gebruiken. Klik hier <img loading=\"lazy\" loading=\"lazy\" decoding=\"async\" width=\"57\" height=\"50\" src=\"https:\/\/www.printmaps.net\/wp-content\/uploads\/2018\/03\/shapesButton.png\" alt=\"\"\/>\u00a0en vindt dan simpelweg de vorm waar je naar op zoek bent.<\/p>\n\n<figure class=\"wp-block-image size-large\"><img loading=\"lazy\" loading=\"lazy\" decoding=\"async\" width=\"529\" height=\"417\" src=\"https:\/\/www.printmaps.net\/wp-content\/uploads\/2019\/07\/printable-map-draw-geographic-shape-administrative-1.gif\" alt=\"Selecteer geografische\/administratieve vormen\" class=\"wp-image-37476\"\/><\/figure>\n<div style=\"height:61px\" aria-hidden=\"true\" class=\"wp-block-spacer\"><\/div>\n\n<div class=\"wp-block-columns is-layout-flex wp-container-core-columns-is-layout-9d6595d7 wp-block-columns-is-layout-flex\">\n<div class=\"wp-block-column is-layout-flow wp-block-column-is-layout-flow\" style=\"flex-basis:33.33%\">\n<p>Het gebruik van vormen helpt je niet alleen om de focus van de lezer naar het gebied dat je belicht te trekken, maar kan ook gebieden die je niet wilt tonen op je kaart verwijderen.<\/p>\n<\/div>\n\n\n\n<div class=\"wp-block-column is-layout-flow wp-block-column-is-layout-flow\" style=\"flex-basis:66.66%\">\n<figure class=\"wp-block-image size-large\"><img loading=\"lazy\" loading=\"lazy\" decoding=\"async\" width=\"621\" height=\"438\" src=\"https:\/\/www.printmaps.net\/wp-content\/uploads\/2018\/03\/FreeWebImage-4.png\" alt=\"Print een kaart met meerdere locaties\" class=\"wp-image-61152\"\/><\/figure>\n\n\n<p><\/p>\n<\/div>\n<\/div>\n\n<div style=\"height:27px\" aria-hidden=\"true\" class=\"wp-block-spacer\"><\/div>\n\n<div class=\"wp-block-columns is-layout-flex wp-container-core-columns-is-layout-9d6595d7 wp-block-columns-is-layout-flex\">\n<div class=\"wp-block-column is-layout-flow wp-block-column-is-layout-flow\" style=\"flex-basis:66.66%\">\n<figure class=\"wp-block-image size-large\"><img loading=\"lazy\" loading=\"lazy\" decoding=\"async\" width=\"621\" height=\"438\" src=\"https:\/\/www.printmaps.net\/wp-content\/uploads\/2018\/03\/FreeWebImage-5.png\" alt=\"Print een kaart met meerdere locaties\" class=\"wp-image-28654\"\/><\/figure><\/div>\n\n\n\n<div class=\"wp-block-column is-layout-flow wp-block-column-is-layout-flow\" style=\"flex-basis:33.33%\">\n<p>Een ander belangrijk en nuttige tekentool is de route editor. Wil je graag een route tonen op je kaart? Teken het, of als je een GPX bestand hebt, upload deze en de route wordt toegevoegd aan je kaart. En ja, je kunt natuurlijk meer dan \u00e9\u00e9n route tekenen op je kaart.<\/p>\n<\/div>\n<\/div>\n\n<div style=\"height:61px\" aria-hidden=\"true\" class=\"wp-block-spacer\"><\/div>\n\n<div class=\"wp-block-group\"><div class=\"wp-block-group__inner-container is-layout-constrained wp-block-group-is-layout-constrained\">\n<h2 class=\"wp-block-heading has-text-align-center has-large-font-size\" style=\"font-style:normal;font-weight:700\">Probeer Printmaps<\/h2>\n\n\n\n<p class=\"has-text-align-center has-medium-font-size\">Met onze\u00a0kaarteneditor maak je landkaarten voor print wereldwijd in een handomdraai.<\/p>\n\n\n\n<div style=\"height:15px\" aria-hidden=\"true\" class=\"wp-block-spacer\"><\/div>\n\n\n\n<div class=\"wp-block-buttons is-content-justification-center is-layout-flex wp-container-core-buttons-is-layout-16018d1d wp-block-buttons-is-layout-flex\">\n<div class=\"wp-block-button has-custom-font-size\" style=\"font-size:18px\"><a class=\"wp-block-button__link has-background wp-element-button\" href=\"https:\/\/www.printmaps.net\/nl\/\" style=\"border-radius:10px;background-color:#e5017e\"><strong>Maak je eerste kaart now<\/strong><\/a><\/div>\n<\/div>\n<\/div><\/div>\n\n<div style=\"height:150px\" aria-hidden=\"true\" class=\"wp-block-spacer\"><\/div>\n","protected":false},"excerpt":{"rendered":"<p>Als het aankomt op het in kaart brengen van meerdere locaties zijn er een aantal dingen van belang om rekening mee te houden. Ten eerste, wil je jouw bedrijfslocaties, winkels, en elke andere belangrijke Point of Interests, zo snel en effici\u00ebnt mogelijk pinnen op hun juiste locatie op de kaart. Ten tweede, wil je de [&hellip;]<\/p>\n","protected":false},"author":19,"featured_media":0,"parent":0,"menu_order":0,"comment_status":"closed","ping_status":"closed","template":"","meta":{"_et_pb_use_builder":"off","_et_pb_old_content":"","_et_gb_content_width":"","footnotes":""},"class_list":["post-90367","page","type-page","status-publish","hentry"],"_links":{"self":[{"href":"https:\/\/www.printmaps.net\/nl\/wp-json\/wp\/v2\/pages\/90367","targetHints":{"allow":["GET"]}}],"collection":[{"href":"https:\/\/www.printmaps.net\/nl\/wp-json\/wp\/v2\/pages"}],"about":[{"href":"https:\/\/www.printmaps.net\/nl\/wp-json\/wp\/v2\/types\/page"}],"author":[{"embeddable":true,"href":"https:\/\/www.printmaps.net\/nl\/wp-json\/wp\/v2\/users\/19"}],"replies":[{"embeddable":true,"href":"https:\/\/www.printmaps.net\/nl\/wp-json\/wp\/v2\/comments?post=90367"}],"version-history":[{"count":9,"href":"https:\/\/www.printmaps.net\/nl\/wp-json\/wp\/v2\/pages\/90367\/revisions"}],"predecessor-version":[{"id":173424,"href":"https:\/\/www.printmaps.net\/nl\/wp-json\/wp\/v2\/pages\/90367\/revisions\/173424"}],"wp:attachment":[{"href":"https:\/\/www.printmaps.net\/nl\/wp-json\/wp\/v2\/media?parent=90367"}],"curies":[{"name":"wp","href":"https:\/\/api.w.org\/{rel}","templated":true}]}}