{"id":179238,"date":"2024-08-19T16:35:10","date_gmt":"2024-08-19T15:35:10","guid":{"rendered":"https:\/\/www.printmaps.net\/123map-de-vs-printmaps\/"},"modified":"2024-10-09T12:24:19","modified_gmt":"2024-10-09T11:24:19","slug":"123map-de-vs-printmaps","status":"publish","type":"page","link":"https:\/\/www.printmaps.net\/pl\/123map-de-vs-printmaps\/","title":{"rendered":"Alternatywa dla Map-machine: Printmaps.net"},"content":{"rendered":"\n<div class=\"wp-block-columns is-layout-flex wp-container-core-columns-is-layout-9d6595d7 wp-block-columns-is-layout-flex\">\n<div class=\"wp-block-column is-layout-flow wp-block-column-is-layout-flow\" style=\"flex-basis:66.66%\">\n<p><p>Je\u015bli masz do\u015bwiadczenie z <a href=\"http:\/\/Map-Machine.com\">Map-Machine.com<\/a> (przez 123map), mo\u017ce Ci\u0119 zainteresowa\u0107 por\u00f3wnanie Printmaps.net z Map-machine lub wydawc\u0119 123map.<\/p><\/p>\n\n\n\n<p><p>Przygotowali\u015bmy poni\u017csz\u0105 tabel\u0119 por\u00f3wnawcz\u0105, aby szybko zaprezentowa\u0107 <a href=\"\/pl\/funkcje\"><strong>najwa\u017cniejsze cechy edytora Printmaps<\/strong><\/a> i ich por\u00f3wnanie z 123map. Zach\u0119camy r\u00f3wnie\u017c do zapoznania si\u0119 z przyk\u0142adami aktualnego wykorzystania Printmaps.net poni\u017cej naszej tabeli por\u00f3wnawczej. (<a href=\"\/pl\/\">Wypr\u00f3buj edytor tutaj.<\/a>)<\/p><\/p>\n<\/div>\n\n\n\n<div class=\"wp-block-column is-layout-flow wp-block-column-is-layout-flow\" style=\"flex-basis:33.33%\"><div class=\"wp-block-image\">\n<figure class=\"aligncenter size-large is-resized\"><img fetchpriority=\"high\" fetchpriority=\"high\" decoding=\"async\" width=\"251\" height=\"320\" src=\"https:\/\/www.printmaps.net\/wp-content\/uploads\/2019\/09\/123map-landkarten-stadtplaene.png\" alt=\"\" class=\"wp-image-46134\" style=\"width:176px;height:224px\" srcset=\"https:\/\/www.printmaps.net\/wp-content\/uploads\/2019\/09\/123map-landkarten-stadtplaene.png 251w, https:\/\/www.printmaps.net\/wp-content\/uploads\/2019\/09\/123map-landkarten-stadtplaene-235x300.png 235w\" sizes=\"(max-width: 251px) 100vw, 251px\" \/><\/figure><\/div><\/div>\n<\/div>\n\n<figure class=\"wp-block-table is-style-stripes\"><table class=\"has-fixed-layout\"><thead><tr><th><\/th><th>Printmaps<\/th><th>123map.de<\/th><\/tr><\/thead><tbody><tr><td><p><em>Format<\/em><\/p><\/td><td>SVG, PSD, PNG<\/td><td>SVG, JPG<\/td><\/tr><tr><td><p><em>Punkt cenowy<\/em><\/p><\/td><td><p>Cena zale\u017cy od formatu pliku i liczby kopii, w kt\u00f3rych mapa jest u\u017cywana.<br\/>Np.: PNG w formacie A5, 1000 kopii = 7,14 \u20ac (z VAT)<\/p><\/td><td><p>Cena zale\u017cy od rozmiaru.<br\/>Np.: JPG w formacie A5 = 57,54 \u20ac (z VAT)<\/p><\/td><\/tr><tr><td><p><em>Dane niestandardowe<\/em><\/p><\/td><td><p>* Edytor tras<br\/>* Kszta\u0142ty geograficzne<br\/>* Przesy\u0142anie plik\u00f3w<br\/>* Punkty zainteresowania (r\u0119cznie lub kopiuj\/wklej z Excela)<\/p><\/td><td><p>* Rozbudowany edytor<br\/>(w tym przesy\u0142anie plik\u00f3w dla klient\u00f3w o du\u017cych wolumenach na \u017c\u0105danie)<br\/><br\/><\/p><\/td><\/tr><tr><td><p><em>Poka\u017c\/Ukryj funkcje mapy?<\/em><\/p><\/td><td>Tak<\/td><td>Tak<\/td><\/tr><tr><td><p><em>Obr\u00f3\u0107 map\u0119?<\/em><\/p><\/td><td>Tak<\/td><td>Nie<\/td><\/tr><\/tbody><\/table><\/figure>\n<div style=\"height:100px\" aria-hidden=\"true\" class=\"wp-block-spacer\"><\/div>\n\n<h2 class=\"wp-block-heading has-text-align-center\">Niekt\u00f3re sposoby wykorzystania naszych map do druku<\/h2>\n\n<div class=\"wp-block-group\"><div class=\"wp-block-group__inner-container is-layout-constrained wp-block-group-is-layout-constrained\">\n<div class=\"wp-block-columns is-layout-flex wp-container-core-columns-is-layout-9d6595d7 wp-block-columns-is-layout-flex\">\n<div class=\"wp-block-column is-vertically-aligned-top is-layout-flow wp-block-column-is-layout-flow\"><div class=\"wp-block-image is-style-default\">\n<figure class=\"alignright size-full is-resized\"><img decoding=\"async\" src=\"https:\/\/www.printmaps.net\/wp-content\/uploads\/2020\/10\/Layers-big.png\" alt=\"\" class=\"wp-image-70211\" width=\"765\" height=\"531\" srcset=\"https:\/\/www.printmaps.net\/wp-content\/uploads\/2020\/10\/Layers-big.png 765w, https:\/\/www.printmaps.net\/wp-content\/uploads\/2020\/10\/Layers-big-480x333.png 480w\" sizes=\"(min-width: 0px) and (max-width: 480px) 480px, (min-width: 481px) 765px, 100vw\" \/><\/figure><\/div><\/div>\n\n\n\n<div class=\"wp-block-column is-vertically-aligned-top is-layout-flow wp-block-column-is-layout-flow\" style=\"flex-basis:380px\">\n<p>Edytor Printmaps tworzy mapy w wysokiej rozdzielczo\u015bci 300 dpi w formatach PNG, PSD (Photoshop) i SVG. Wszystkie elementy mapy s\u0105 umieszczone na osobnych warstwach, co pozwala na ich edycj\u0119 bez uszkadzania innych element\u00f3w. Zobacz nasz screencast, aby uzyska\u0107 wi\u0119cej szczeg\u00f3\u0142\u00f3w.<\/p>\n<\/div>\n<\/div>\n\n\n\n<div class=\"wp-block-columns is-layout-flex wp-container-core-columns-is-layout-9d6595d7 wp-block-columns-is-layout-flex\">\n<div class=\"wp-block-column is-vertically-aligned-top is-layout-flow wp-block-column-is-layout-flow\"><div class=\"wp-block-image is-style-default\">\n<figure class=\"alignright size-full\"><img decoding=\"async\" width=\"765\" height=\"531\" src=\"https:\/\/www.printmaps.net\/wp-content\/uploads\/2020\/10\/bodensee-karte.jpg\" alt=\"\" class=\"wp-image-70212\" srcset=\"https:\/\/www.printmaps.net\/wp-content\/uploads\/2020\/10\/bodensee-karte.jpg 765w, https:\/\/www.printmaps.net\/wp-content\/uploads\/2020\/10\/bodensee-karte-480x333.jpg 480w\" sizes=\"(min-width: 0px) and (max-width: 480px) 480px, (min-width: 481px) 765px, 100vw\" \/><\/figure><\/div><\/div>\n\n\n\n<div class=\"wp-block-column is-vertically-aligned-top is-layout-flow wp-block-column-is-layout-flow\" style=\"flex-basis:380px\">\n<p>Nasi klienci korzystaj\u0105 z edytora Printmaps, aby z \u0142atwo\u015bci\u0105 mapowa\u0107 trasy \u2013 plany podr\u00f3\u017cy, szlaki piesze i rowerowe, spacery po mie\u015bcie lub po prostu wskaz\u00f3wki dojazdu \u2013 oraz nak\u0142ada\u0107 swoje punkty zainteresowania na map\u0119. Edytor sprawia, \u017ce tworzenie map sk\u0142adanych, map do folder\u00f3w turystycznych i broszur lub map do przewodnik\u00f3w jest naprawd\u0119 proste.<\/p>\n<\/div>\n<\/div>\n\n\n\n<div class=\"wp-block-columns is-layout-flex wp-container-core-columns-is-layout-9d6595d7 wp-block-columns-is-layout-flex\">\n<div class=\"wp-block-column is-vertically-aligned-top is-layout-flow wp-block-column-is-layout-flow\"><div class=\"wp-block-image is-style-default\">\n<figure class=\"alignright size-full\"><img loading=\"lazy\" loading=\"lazy\" decoding=\"async\" width=\"765\" height=\"531\" src=\"https:\/\/www.printmaps.net\/wp-content\/uploads\/2020\/10\/immo-expose.jpg\" alt=\"\" class=\"wp-image-70213\" srcset=\"https:\/\/www.printmaps.net\/wp-content\/uploads\/2020\/10\/immo-expose.jpg 765w, https:\/\/www.printmaps.net\/wp-content\/uploads\/2020\/10\/immo-expose-480x333.jpg 480w\" sizes=\"auto, (min-width: 0px) and (max-width: 480px) 480px, (min-width: 481px) 765px, 100vw\" \/><\/figure><\/div><\/div>\n\n\n\n<div class=\"wp-block-column is-vertically-aligned-top is-layout-flow wp-block-column-is-layout-flow\" style=\"flex-basis:380px\">\n<p><p>Nasze korzystne <a href=\"\/pl\/ceny\">ceny<\/a> na poziomie podstawowym pozwalaj\u0105 klientom z bardzo niskim nak\u0142adem druku na zakup naszych map. Typowe przyk\u0142ady to oferty nieruchomo\u015bci i fotoksi\u0105\u017cki, drukowane w niewielkich ilo\u015bciach, ale wymagaj\u0105ce wysokiej jako\u015bci map lokalizacyjnych lub tras.<\/p><\/p>\n<\/div>\n<\/div>\n\n\n\n<div class=\"wp-block-columns is-layout-flex wp-container-core-columns-is-layout-9d6595d7 wp-block-columns-is-layout-flex\">\n<div class=\"wp-block-column is-vertically-aligned-top is-layout-flow wp-block-column-is-layout-flow\"><div class=\"wp-block-image is-style-default\">\n<figure class=\"alignright size-full\"><img loading=\"lazy\" loading=\"lazy\" decoding=\"async\" width=\"765\" height=\"531\" src=\"https:\/\/www.printmaps.net\/wp-content\/uploads\/2020\/10\/mallorca.jpg\" alt=\"\" class=\"wp-image-70214\" srcset=\"https:\/\/www.printmaps.net\/wp-content\/uploads\/2020\/10\/mallorca.jpg 765w, https:\/\/www.printmaps.net\/wp-content\/uploads\/2020\/10\/mallorca-480x333.jpg 480w\" sizes=\"auto, (min-width: 0px) and (max-width: 480px) 480px, (min-width: 481px) 765px, 100vw\" \/><\/figure><\/div><\/div>\n\n\n\n<div class=\"wp-block-column is-vertically-aligned-top is-layout-flow wp-block-column-is-layout-flow\" style=\"flex-basis:380px\">\n<p>Wielu wydawc\u00f3w przewodnik\u00f3w ilustruje swoje przewodniki turystyczne i przewodniki pieszych w\u0119dr\u00f3wek wy\u0142\u0105cznie za pomoc\u0105 map Printmaps. Nasze mapy zaspokoj\u0105 wszystkie typowe potrzeby kartograficzne, pocz\u0105wszy od map przegl\u0105dowych i map og\u00f3lnych lokalizacji, po mapy aktywno\u015bci z trasami pieszymi lub rowerowymi, mapy miast\/ulic, a\u017c po mapy z kierunkami.<\/p>\n<\/div>\n<\/div>\n<\/div><\/div>\n","protected":false},"excerpt":{"rendered":"<p>Je\u015bli masz do\u015bwiadczenie z Map-Machine.com (przez 123map), mo\u017ce Ci\u0119 zainteresowa\u0107 por\u00f3wnanie Printmaps.net z Map-machine lub wydawc\u0119 123map. Przygotowali\u015bmy poni\u017csz\u0105 tabel\u0119 por\u00f3wnawcz\u0105, aby szybko zaprezentowa\u0107 najwa\u017cniejsze cechy edytora Printmaps i ich por\u00f3wnanie z 123map. Zach\u0119camy r\u00f3wnie\u017c do zapoznania si\u0119 z przyk\u0142adami aktualnego wykorzystania Printmaps.net poni\u017cej naszej tabeli por\u00f3wnawczej. (Wypr\u00f3buj edytor tutaj.) Niekt\u00f3re sposoby wykorzystania naszych map [&hellip;]<\/p>\n","protected":false},"author":6,"featured_media":0,"parent":0,"menu_order":0,"comment_status":"closed","ping_status":"closed","template":"","meta":{"_et_pb_use_builder":"off","_et_pb_old_content":"","_et_gb_content_width":"","footnotes":""},"class_list":["post-179238","page","type-page","status-publish","hentry"],"_links":{"self":[{"href":"https:\/\/www.printmaps.net\/pl\/wp-json\/wp\/v2\/pages\/179238","targetHints":{"allow":["GET"]}}],"collection":[{"href":"https:\/\/www.printmaps.net\/pl\/wp-json\/wp\/v2\/pages"}],"about":[{"href":"https:\/\/www.printmaps.net\/pl\/wp-json\/wp\/v2\/types\/page"}],"author":[{"embeddable":true,"href":"https:\/\/www.printmaps.net\/pl\/wp-json\/wp\/v2\/users\/6"}],"replies":[{"embeddable":true,"href":"https:\/\/www.printmaps.net\/pl\/wp-json\/wp\/v2\/comments?post=179238"}],"version-history":[{"count":7,"href":"https:\/\/www.printmaps.net\/pl\/wp-json\/wp\/v2\/pages\/179238\/revisions"}],"predecessor-version":[{"id":184390,"href":"https:\/\/www.printmaps.net\/pl\/wp-json\/wp\/v2\/pages\/179238\/revisions\/184390"}],"wp:attachment":[{"href":"https:\/\/www.printmaps.net\/pl\/wp-json\/wp\/v2\/media?parent=179238"}],"curies":[{"name":"wp","href":"https:\/\/api.w.org\/{rel}","templated":true}]}}