{"id":179245,"date":"2024-08-19T17:20:23","date_gmt":"2024-08-19T16:20:23","guid":{"rendered":"https:\/\/www.printmaps.net\/ulotki-nieruchomosci\/"},"modified":"2025-10-24T10:27:45","modified_gmt":"2025-10-24T09:27:45","slug":"ulotki-nieruchomosci","status":"publish","type":"page","link":"https:\/\/www.printmaps.net\/pl\/ulotki-nieruchomosci\/","title":{"rendered":"Mapy nieruchomo\u015bci do Twoich ulotek i ofert"},"content":{"rendered":"\n<div style=\"height:32px\" aria-hidden=\"true\" class=\"wp-block-spacer\"><\/div>\n<div class=\"wp-block-image\">\n<figure class=\"alignleft size-large is-resized\"><img fetchpriority=\"high\" fetchpriority=\"high\" decoding=\"async\" width=\"1024\" height=\"729\" src=\"https:\/\/www.printmaps.net\/wp-content\/uploads\/2020\/05\/images2-1-1024x729.png\" alt=\"ulotki nieruchomo&#x15B;ci\" class=\"wp-image-63048\" style=\"width:680px;height:484px\" srcset=\"https:\/\/www.printmaps.net\/wp-content\/uploads\/2020\/05\/images2-1-1024x729.png 1024w, https:\/\/www.printmaps.net\/wp-content\/uploads\/2020\/05\/images2-1-980x698.png 980w, https:\/\/www.printmaps.net\/wp-content\/uploads\/2020\/05\/images2-1-480x342.png 480w\" sizes=\"(min-width: 0px) and (max-width: 480px) 480px, (min-width: 481px) and (max-width: 980px) 980px, (min-width: 981px) 1024px, 100vw\" \/><\/figure><\/div>\n<p><p>Najskuteczniejsze <strong>ulotki nieruchomo\u015bci<\/strong> cz\u0119sto zawieraj\u0105 starannie wykonane <strong>mapy nieruchomo\u015bci<\/strong>. Niezale\u017cnie od tego, czy jeste\u015b do\u015bwiadczonym agentem nieruchomo\u015bci, kt\u00f3ry chce zwi\u0119kszy\u0107 sprzeda\u017c, czy projektantem specjalizuj\u0105cym si\u0119 w <strong>marketingu nieruchomo\u015bci<\/strong>, Twoim celem jest tworzenie atrakcyjnych ofert i <strong>ulotek<\/strong>, kt\u00f3re przyci\u0105gn\u0105 i poinformuj\u0105 potencjalnych nabywc\u00f3w. W tym miejscu pojawia si\u0119 Printmaps. Nasz edytor map umo\u017cliwia \u0142atwe dostosowanie map, wzbogacaj\u0105c zaproszenia na dni otwarte, aktualizacje rynkowe, og\u0142oszenia o sprzeda\u017cy i ulotki z nowymi ofertami.<\/p><\/p>\n\n<p><p>Odkryj <a href=\"\/pl\/funkcje\"><strong>bogate funkcje edytora Printmaps<\/strong><\/a>, aby w pe\u0142ni wykorzysta\u0107 jego potencja\u0142 w Twoich dzia\u0142aniach marketingowych na rynku nieruchomo\u015bci!<\/p><\/p>\n\n<div class=\"wp-block-buttons is-content-justification-center is-layout-flex wp-container-core-buttons-is-layout-16018d1d wp-block-buttons-is-layout-flex\">\n<div class=\"wp-block-button has-custom-font-size\" style=\"font-size:18px\"><a class=\"wp-block-button__link has-background wp-element-button\" href=\"https:\/\/www.printmaps.net\/pl\/\" style=\"border-radius:10px;background-color:#e5017e\"><strong>Rozpocznij mapowanie teraz, bez konieczno\u015bci rejestracji<\/strong><\/a><\/div>\n<\/div>\n\n<div style=\"height:54px\" aria-hidden=\"true\" class=\"wp-block-spacer\"><\/div>\n\n<h2 class=\"wp-block-heading\">Rola map w ulotkach nieruchomo\u015bci<\/h2>\n\n<p><p>W dzisiejszym rynku nieruchomo\u015bci ulotki i <strong>oferty<\/strong> pozostaj\u0105 pot\u0119\u017cnymi narz\u0119dziami do prezentacji dni otwartych, raport\u00f3w rynkowych i wcze\u015bniejszych sprzeda\u017cy. Oferuj\u0105 doskona\u0142\u0105 okazj\u0119 do bezpo\u015bredniego przedstawienia Twojej marki poprzez wysokiej jako\u015bci zdj\u0119cia, sp\u00f3jne u\u017cycie kolor\u00f3w marki oraz, co wa\u017cne, spersonalizowane <strong>mapy nieruchomo\u015bci<\/strong>.<\/p><\/p>\n\n<p><p>Dzi\u0119ki Printmaps mo\u017cesz pobiera\u0107 <strong>mapy wysokiej rozdzielczo\u015bci<\/strong> dowolnej lokalizacji w 300 dpi i w\u0142\u0105cza\u0107 kluczowe punkty zainteresowania w okolicach. Gwarantuje to, \u017ce jako\u015b\u0107 map pozostaje niezmieniona podczas ich wykorzystania w druku do <strong>ulotek <\/strong>lub <strong>ofert nieruchomo\u015bci<\/strong>.<\/p><\/p>\n\n<h2 class=\"wp-block-heading\">Przyk\u0142ady ulotek nieruchomo\u015bci z mapami<\/h2>\n<div class=\"wp-block-image\">\n<figure class=\"aligncenter size-large\"><img decoding=\"async\" width=\"1024\" height=\"458\" src=\"https:\/\/www.printmaps.net\/wp-content\/uploads\/2020\/05\/images-1024x458.png\" alt=\"Mapy nieruchomo&#x15B;ci\" class=\"wp-image-63047\" srcset=\"https:\/\/www.printmaps.net\/wp-content\/uploads\/2020\/05\/images-980x439.png 980w, https:\/\/www.printmaps.net\/wp-content\/uploads\/2020\/05\/images-480x215.png 480w\" sizes=\"(min-width: 0px) and (max-width: 480px) 480px, (min-width: 481px) and (max-width: 980px) 980px, (min-width: 981px) 1024px, 100vw\" \/><\/figure><\/div>\n<p><p>W przypadku ulotek nieruchomo\u015bci, broszur czy opis\u00f3w nieruchomo\u015bci kluczowe jest, aby obrazy map by\u0142y w wysokiej rozdzielczo\u015bci. Zapewnia to ich czytelno\u015b\u0107 i zapobiega drukowaniu map z widocznymi pikselami. <a href=\"https:\/\/www.zillow.com\/blog\/15-words-that-add-value-171182\/\" target=\"_blank\" rel=\"noreferrer noopener\">Optymalizuj\u0105c ulotki nieruchomo\u015bci<\/a>, strategiczne u\u017cycie s\u0142\u00f3w takich jak \u201eluksusowy\u201d mo\u017ce znacz\u0105co podnie\u015b\u0107 ceny sprzeda\u017cy. Oczywi\u015bcie, nie chcia\u0142by\u015b obni\u017ca\u0107 warto\u015bci swoich luksusowych ulotek nieruchomo\u015bci poprzez u\u017cycie niskiej jako\u015bci obraz\u00f3w.<\/p><\/p>\n\n<div style=\"height:44px\" aria-hidden=\"true\" class=\"wp-block-spacer\"><\/div>\n<div class=\"wp-block-image\">\n<figure class=\"alignleft size-large is-resized\"><img decoding=\"async\" width=\"1024\" height=\"665\" src=\"https:\/\/www.printmaps.net\/wp-content\/uploads\/2020\/05\/Real-Estate-Flyers-1024x665.png\" alt=\"Mapy nieruchomo&#x15B;ci\" class=\"wp-image-63054\" style=\"width:617px;height:401px\" srcset=\"https:\/\/www.printmaps.net\/wp-content\/uploads\/2020\/05\/Real-Estate-Flyers-980x636.png 980w, https:\/\/www.printmaps.net\/wp-content\/uploads\/2020\/05\/Real-Estate-Flyers-480x312.png 480w\" sizes=\"(min-width: 0px) and (max-width: 480px) 480px, (min-width: 481px) and (max-width: 980px) 980px, (min-width: 981px) 1024px, 100vw\" \/><\/figure><\/div>\n<h3 class=\"wp-block-heading\">Znaczenie map w ulotkach nieruchomo\u015bci<\/h3>\n\n<p><p>Mapy nieruchomo\u015bci s\u0105 niezast\u0105pionym elementem marketingu nieruchomo\u015bci. Osoby poszukuj\u0105ce nowego domu s\u0105 ciekawe, aby dowiedzie\u0107 si\u0119 wi\u0119cej o otoczeniu swojego potencjalnego nowego domu. Chc\u0105 wiedzie\u0107 na przyk\u0142ad: Czy w pobli\u017cu jest dobra szko\u0142a, do kt\u00f3rej mog\u0105 chodzi\u0107 ich dzieci? Czy jest <strong>park<\/strong>, w kt\u00f3rym mog\u0105 spacerowa\u0107 z psem? Jakie <strong>restauracje<\/strong> znajduj\u0105 si\u0119 w okolicy? Gdzie jest najbli\u017cszy <strong>szpital<\/strong>? Jak wygl\u0105da sie\u0107 dr\u00f3g? Czy \u0142atwo dotr\u0105 do pracy? Je\u015bli chcesz tworzy\u0107 doskona\u0142e ulotki nieruchomo\u015bci, bardzo wa\u017cne jest mapowanie otoczenia.<\/p><\/p>\n\n<p><\/p>\n\n<div style=\"height:44px\" aria-hidden=\"true\" class=\"wp-block-spacer\"><\/div>\n\n<h3 class=\"wp-block-heading\">Niesko\u0144czona kreatywno\u015b\u0107 podczas edycji w Illustratorze lub Photoshopie<\/h3>\n\n<p><p>Je\u015bli d\u0105\u017cysz do stworzenia naprawd\u0119 wyj\u0105tkowych i przyci\u0105gaj\u0105cych uwag\u0119 kreatywnych ulotek nieruchomo\u015bci, wyb\u00f3r standardowego formatu, kt\u00f3ry wybieraj\u0105 Twoi konkurenci, nie wystarczy. Prawdopodobnie ju\u017c korzystasz z narz\u0119dzi do edycji, takich jak Illustrator lub Photoshop. Dzi\u0119ki Printmaps mo\u017cesz bez trudu pobra\u0107 plik warstwowy w formacie PSD lub SVG, kt\u00f3ry nast\u0119pnie otworzysz w Illustratorze lub Photoshopie, aby <strong>dostosowa\u0107 map\u0119 wed\u0142ug w\u0142asnych potrzeb<\/strong>.<\/p><\/p>\n\n<p>Je\u015bli nie znasz tych program\u00f3w, ale nadal chcesz uzyska\u0107 prosty i elegancki design mapy, Printmaps jest tu, aby pom\u00f3c. Mo\u017cesz doko\u0144czy\u0107 map\u0119 bezpo\u015brednio w edytorze Printmaps i pobra\u0107 j\u0105 jako plik PNG. W\u0142\u0105cz j\u0105 do swojej ulotki przedstawiaj\u0105cej okolic\u0119 nieruchomo\u015bci, a zobaczysz, jak przyci\u0105gnie uwag\u0119 wielu potencjalnych nabywc\u00f3w, wzbudzaj\u0105c ich zainteresowanie i podziw.<\/p>\n<div class=\"wp-block-image\">\n<figure class=\"aligncenter size-large\"><img decoding=\"async\" src=\"https:\/\/www.printmaps.net\/wp-content\/uploads\/2020\/06\/layered-map-in-illustrator.png\" alt=\"mapa warstwowa\" class=\"wp-image-64211\"\/><\/figure><\/div>\n<div style=\"height:51px\" aria-hidden=\"true\" class=\"wp-block-spacer\"><\/div>\n\n<div class=\"wp-block-group\"><div class=\"wp-block-group__inner-container is-layout-constrained wp-block-group-is-layout-constrained\">\n<h2 class=\"wp-block-heading has-text-align-center has-large-font-size\" style=\"font-style:normal;font-weight:700\">Wypr\u00f3buj Printmaps<\/h2>\n\n\n\n<p class=\"has-text-align-center has-medium-font-size\">Nasz edytor map pozwala tworzy\u0107 mapy do druku na ca\u0142ym \u015bwiecie w mgnieniu oka.<\/p>\n\n\n\n<div style=\"height:15px\" aria-hidden=\"true\" class=\"wp-block-spacer\"><\/div>\n\n\n\n<div class=\"wp-block-buttons is-content-justification-center is-layout-flex wp-container-core-buttons-is-layout-16018d1d wp-block-buttons-is-layout-flex\">\n<div class=\"wp-block-button has-custom-font-size\" style=\"font-size:18px\"><a class=\"wp-block-button__link has-background wp-element-button\" href=\"https:\/\/www.printmaps.net\/pl\/\" style=\"border-radius:10px;background-color:#e5017e\"><p><strong>Stw\u00f3rz swoj\u0105 pierwsz\u0105 map\u0119 teraz<\/strong><\/p><\/a><\/div>\n<\/div>\n<\/div><\/div>\n<div class=\"wp-block-image\">\n<figure class=\"alignright size-large is-resized\"><img decoding=\"async\" src=\"https:\/\/www.printmaps.net\/wp-content\/uploads\/2020\/05\/Real-Estate-expose2-1024x746.png\" alt=\"\" class=\"wp-image-63051\" style=\"width:667px;height:486px\"\/><\/figure><\/div>\n<p><p>Chocia\u017c druk pozostaje istotnym narz\u0119dziem w marketingu nieruchomo\u015bci, nowoczesne strategie cz\u0119sto obejmuj\u0105 kombinacj\u0119 r\u00f3\u017cnych podej\u015b\u0107. Szczeg\u00f3lnie skuteczny mo\u017ce okaza\u0107 si\u0119 <strong>email marketing<\/strong>, <a href=\"https:\/\/www.wordstream.com\/blog\/ws\/2015\/04\/16\/real-estate-marketing\">kt\u00f3ry pomaga w budowaniu relacji z klientami w bran\u017cy nieruchomo\u015bci<\/a>. Na przyk\u0142ad, wysy\u0142ka newslettera po wizycie potencjalnego nabywcy na dniu otwartym to doskona\u0142a okazja, aby zaprezentowa\u0107 inne dost\u0119pne nieruchomo\u015bci w tej samej okolicy.<\/p><\/p>\n\n<p>Wzbogacenie Twoich newsletter\u00f3w o wysokiej jako\u015bci mapy nieruchomo\u015bci dodaje dodatkow\u0105 warstw\u0119 zaanga\u017cowania i atrakcyjno\u015bci wizualnej, skutecznie prezentuj\u0105c dni otwarte, oferty oraz okolic\u0119.<\/p>\n\n<div style=\"height:100px\" aria-hidden=\"true\" class=\"wp-block-spacer\"><\/div>\n<div class=\"wp-block-image\">\n<figure class=\"alignleft size-large is-resized\"><img loading=\"lazy\" loading=\"lazy\" decoding=\"async\" width=\"1024\" height=\"665\" src=\"https:\/\/www.printmaps.net\/wp-content\/uploads\/2020\/05\/biking-route-map-1024x665.png\" alt=\"stw&#xF3;rz map&#x119; trasy\" class=\"wp-image-62793\" style=\"width:593px;height:385px\" srcset=\"https:\/\/www.printmaps.net\/wp-content\/uploads\/2020\/05\/biking-route-map-980x636.png 980w, https:\/\/www.printmaps.net\/wp-content\/uploads\/2020\/05\/biking-route-map-480x312.png 480w\" sizes=\"auto, (min-width: 0px) and (max-width: 480px) 480px, (min-width: 481px) and (max-width: 980px) 980px, (min-width: 981px) 1024px, 100vw\" \/><\/figure><\/div>\n<h3 class=\"wp-block-heading\">U\u017cyj edytora, aby pokaza\u0107 wskaz\u00f3wki dojazdu<\/h3>\n\n<p>Nasz edytor tras oferuje wi\u0119cej ni\u017c tylko mo\u017cliwo\u015b\u0107 rysowania tras odr\u0119cznie. Posiada kreator, kt\u00f3ry magnetycznie przyci\u0105ga do istniej\u0105cych dr\u00f3g, umo\u017cliwiaj\u0105c tworzenie tras w kilka sekund. To innowacyjne narz\u0119dzie nie tylko pozwala na prezentacj\u0119 punkt\u00f3w zainteresowania w okolicy lub sieci drogowej w celu zilustrowania dost\u0119pno\u015bci, ale tak\u017ce u\u0142atwia dodawanie wskaz\u00f3wek dojazdu w ulotkach nieruchomo\u015bci.<\/p>\n\n<p>Dodaj\u0105c wskaz\u00f3wki dojazdu do swoich ulotek, zapewniasz potencjalnym nabywcom jasne instrukcje, jak do Ciebie dotrze\u0107, co poprawia ich og\u00f3lne do\u015bwiadczenie i zmniejsza ryzyko ewentualnych nieporozumie\u0144.<\/p>\n\n<div style=\"height:100px\" aria-hidden=\"true\" class=\"wp-block-spacer\"><\/div>\n\n<p class=\"has-large-font-size\">To zale\u017cy od Ciebie<\/p>\n\n<p>Tworzenie map do druku na potrzeby publikacji to nie tylko kwestia posiadania odpowiednich narz\u0119dzi geograficznych; chodzi o wykorzystanie w\u0142asnych projekt\u00f3w i pomys\u0142\u00f3w. Dzi\u0119ki Printmaps masz pe\u0142n\u0105 elastyczno\u015b\u0107, zar\u00f3wno w wyborze rodzaju kartografii, jak i w doborze element\u00f3w, kt\u00f3re chcesz uwzgl\u0119dni\u0107 na swojej mapie.<\/p>\n\n<p>Ale personalizacja na tym si\u0119 nie ko\u0144czy. Gdy ju\u017c stworzysz i pobierzesz swoj\u0105 map\u0119, mo\u017cliwo\u015bci s\u0105 nieograniczone. Chcesz wzbogaci\u0107 punkty zainteresowania o dodatkowe szczeg\u00f3\u0142y? Doda\u0107 w\u0142asne logotypy, grafiki lub tekst? Nasze mapy s\u0105 dostarczane w formacie PSD z warstwami, co pozwala na modyfikacj\u0119 ka\u017cdego aspektu, a\u017c po indywidualne punkty zainteresowania.<\/p>\n\n<p>Dlaczego nie spr\u00f3bowa\u0107 naszego edytora i odkry\u0107, jak \u0142atwo mo\u017cesz przekszta\u0142ci\u0107 swoje pomys\u0142y w idealn\u0105 map\u0119 dostosowan\u0105 do publikacji?<\/p>\n\n<div style=\"height:97px\" aria-hidden=\"true\" class=\"wp-block-spacer\"><\/div>\n\n<div class=\"wp-block-group\"><div class=\"wp-block-group__inner-container is-layout-constrained wp-block-group-is-layout-constrained\">\n<h2 class=\"wp-block-heading has-text-align-center has-large-font-size\" style=\"font-style:normal;font-weight:700\">Wypr\u00f3buj Printmaps<\/h2>\n\n\n\n<p class=\"has-text-align-center has-medium-font-size\">Nasz edytor map pozwala tworzy\u0107 mapy do druku na ca\u0142ym \u015bwiecie w mgnieniu oka.<\/p>\n\n\n\n<div style=\"height:15px\" aria-hidden=\"true\" class=\"wp-block-spacer\"><\/div>\n\n\n\n<div class=\"wp-block-buttons is-content-justification-center is-layout-flex wp-container-core-buttons-is-layout-16018d1d wp-block-buttons-is-layout-flex\">\n<div class=\"wp-block-button has-custom-font-size\" style=\"font-size:18px\"><a class=\"wp-block-button__link has-background wp-element-button\" href=\"https:\/\/www.printmaps.net\/pl\/\" style=\"border-radius:10px;background-color:#e5017e\"><p><strong>Stw\u00f3rz swoj\u0105 pierwsz\u0105 map\u0119 teraz<\/strong><\/p><\/a><\/div>\n<\/div>\n<\/div><\/div>\n\n<div style=\"height:155px\" aria-hidden=\"true\" class=\"wp-block-spacer\"><\/div>\n\n<h3 class=\"wp-block-heading has-text-align-center\">Najcz\u0119\u015bciej zadawane pytania<\/h3>\n\n<div class=\"schema-faq wp-block-yoast-faq-block\"><div class=\"schema-faq-section\" id=\"faq-question-1759748884275\"><strong class=\"schema-faq-question\">Jaki jest najszybszy spos\u00f3b dodania szk\u00f3\u0142, park\u00f3w, komunikacji i szpitali na mapie ulotki?<\/strong> <p class=\"schema-faq-answer\">Nasze narz\u0119dzie do pinezek pozwala u\u017cywa\u0107 r\u00f3\u017cnych symboli, aby pokaza\u0107 kontekst miejsc, kt\u00f3re chcesz wyr\u00f3\u017cni\u0107. Aby doda\u0107 pinezk\u0119, po prostu umie\u015b\u0107 j\u0105 na mapie, przeci\u0105gaj\u0105c mysz\u0105, a nast\u0119pnie zmie\u0144 jej kolor, kszta\u0142t i ikon\u0119, by nada\u0107 mapie przejrzysto\u015b\u0107 wizualn\u0105.<\/p> <\/div> <div class=\"schema-faq-section\" id=\"faq-question-1759748912351\"><strong class=\"schema-faq-question\">Kt\u00f3re elementy mapy na ulotce najbardziej wp\u0142ywaj\u0105 na zainteresowanie kupuj\u0105cych i konwersj\u0119?<\/strong> <p class=\"schema-faq-answer\">Wyra\u017any znacznik nieruchomo\u015bci i dobrany zestaw 4\u20138 dopasowanych POI (szko\u0142y, transport, parki, sklepy) maj\u0105 najwi\u0119kszy wp\u0142yw na zainteresowanie kupuj\u0105cych. U\u017cywaj prostych, kolorystycznie zr\u00f3\u017cnicowanych ikon i kr\u00f3tkich etykiet, aby znacznik nieruchomo\u015bci pozosta\u0142 punktem centralnym.<\/p> <\/div> <div class=\"schema-faq-section\" id=\"faq-question-1759748923929\"><strong class=\"schema-faq-question\">Jak mog\u0119 wklei\u0107 wiele adres\u00f3w nieruchomo\u015bci, aby szybko utworzy\u0107 pinezki?<\/strong> <p class=\"schema-faq-answer\"><p>Mo\u017cesz utworzy\u0107 plik Excel zgodny z uk\u0142adem naszego narz\u0119dzia batch-geocoder i wklei\u0107 dane, aby szybko utworzy\u0107 pinezki. Przeczytaj <a href=\"\/pl\/wydrukuj-mape-z-wieloma-lokalizacjami\/\">ten artyku\u0142<\/a>, je\u015bli chcesz dowiedzie\u0107 si\u0119 wi\u0119cej.<\/p><\/p> <\/div> <\/div>\n\n<div class=\"wp-block-group\"><div class=\"wp-block-group__inner-container is-layout-constrained wp-block-group-is-layout-constrained\">\n<div style=\"height:130px\" aria-hidden=\"true\" class=\"wp-block-spacer\"><\/div>\n\n\n\n<h2 class=\"wp-block-heading has-x-large-font-size\" style=\"font-style:normal;font-weight:700\">Wci\u0105\u017c potrzebujesz pomocy? Napisz do nas!<\/h2>\n\n\n\n<p style=\"font-size:22px\"><p><a href=\"https:\/\/support.printmaps.net\/pl\/support\/tickets\/new\">Wy\u015blij nam ticket na naszej platformie wsparcia<\/a><\/p><\/p>\n\n\n\n<div style=\"height:150px\" aria-hidden=\"true\" class=\"wp-block-spacer\"><\/div>\n<\/div><\/div>\n","protected":false},"excerpt":{"rendered":"<p>Najskuteczniejsze ulotki nieruchomo\u015bci cz\u0119sto zawieraj\u0105 starannie wykonane mapy nieruchomo\u015bci. Niezale\u017cnie od tego, czy jeste\u015b do\u015bwiadczonym agentem nieruchomo\u015bci, kt\u00f3ry chce zwi\u0119kszy\u0107 sprzeda\u017c, czy projektantem specjalizuj\u0105cym si\u0119 w marketingu nieruchomo\u015bci, Twoim celem jest tworzenie atrakcyjnych ofert i ulotek, kt\u00f3re przyci\u0105gn\u0105 i poinformuj\u0105 potencjalnych nabywc\u00f3w. W tym miejscu pojawia si\u0119 Printmaps. Nasz edytor map umo\u017cliwia \u0142atwe dostosowanie map, [&hellip;]<\/p>\n","protected":false},"author":19,"featured_media":0,"parent":0,"menu_order":0,"comment_status":"closed","ping_status":"closed","template":"","meta":{"_et_pb_use_builder":"off","_et_pb_old_content":"","_et_gb_content_width":"","footnotes":""},"class_list":["post-179245","page","type-page","status-publish","hentry"],"_links":{"self":[{"href":"https:\/\/www.printmaps.net\/pl\/wp-json\/wp\/v2\/pages\/179245","targetHints":{"allow":["GET"]}}],"collection":[{"href":"https:\/\/www.printmaps.net\/pl\/wp-json\/wp\/v2\/pages"}],"about":[{"href":"https:\/\/www.printmaps.net\/pl\/wp-json\/wp\/v2\/types\/page"}],"author":[{"embeddable":true,"href":"https:\/\/www.printmaps.net\/pl\/wp-json\/wp\/v2\/users\/19"}],"replies":[{"embeddable":true,"href":"https:\/\/www.printmaps.net\/pl\/wp-json\/wp\/v2\/comments?post=179245"}],"version-history":[{"count":8,"href":"https:\/\/www.printmaps.net\/pl\/wp-json\/wp\/v2\/pages\/179245\/revisions"}],"predecessor-version":[{"id":222083,"href":"https:\/\/www.printmaps.net\/pl\/wp-json\/wp\/v2\/pages\/179245\/revisions\/222083"}],"wp:attachment":[{"href":"https:\/\/www.printmaps.net\/pl\/wp-json\/wp\/v2\/media?parent=179245"}],"curies":[{"name":"wp","href":"https:\/\/api.w.org\/{rel}","templated":true}]}}