{"id":179334,"date":"2024-08-20T13:12:16","date_gmt":"2024-08-20T12:12:16","guid":{"rendered":"https:\/\/www.printmaps.net\/stworz-plakat-z-mapa\/"},"modified":"2025-10-21T12:15:33","modified_gmt":"2025-10-21T11:15:33","slug":"stworz-plakat-z-mapa","status":"publish","type":"page","link":"https:\/\/www.printmaps.net\/pl\/stworz-plakat-z-mapa\/","title":{"rendered":"Stw\u00f3rz plakat mapy za pomoc\u0105 edytora Printmaps"},"content":{"rendered":"\n<div style=\"height:100px\" aria-hidden=\"true\" class=\"wp-block-spacer\"><\/div>\n\n<div class=\"wp-block-columns is-layout-flex wp-container-core-columns-is-layout-9d6595d7 wp-block-columns-is-layout-flex\">\n<div class=\"wp-block-column is-layout-flow wp-block-column-is-layout-flow\" style=\"flex-basis:66.66%\">\n<figure class=\"wp-block-image size-large is-resized\"><img fetchpriority=\"high\" fetchpriority=\"high\" decoding=\"async\" width=\"887\" height=\"1024\" src=\"https:\/\/www.printmaps.net\/wp-content\/uploads\/2020\/04\/create-map-poster-887x1024.png\" alt=\"stw&#xF3;rz plakat z map&#x105;\" class=\"wp-image-61074\" style=\"width:451px;height:520px\"\/><\/figure>\n\n\n<p><\/p>\n\n\n\n<div style=\"height:20px\" aria-hidden=\"true\" class=\"wp-block-spacer\"><\/div>\n<\/div>\n\n\n\n<div class=\"wp-block-column is-layout-flow wp-block-column-is-layout-flow\" style=\"flex-basis:33.33%\">\n<p>Z online&#8217;owym edytorem map Printmaps tworzenie plakatu z map\u0105 jest tak \u0142atwe, jak spacer po parku \u2014 lub jego przedstawienie! Niezale\u017cnie od tego, czy rysujesz trasy, szlaki, malownicze drogi, czy przesy\u0142asz dane geograficzne, aby pokaza\u0107 istniej\u0105ce trasy, nasz edytor u\u0142atwia ca\u0142y proces.<\/p>\n\n\n\n<p><p>Idealny dla projektant\u00f3w druku, profesjonalist\u00f3w z bran\u017cy turystycznej oraz os\u00f3b prywatnych, edytor Printmaps oferuje wszechstronno\u015b\u0107 zar\u00f3wno do zastosowa\u0144 osobistych, jak i zawodowych. Tw\u00f3rz <strong>imponuj\u0105ce, wysokiej rozdzielczo\u015bci plakaty z mapami<\/strong>, dostosowane do Twoich potrzeb, z \u0142atwo\u015bci\u0105.<\/p><\/p>\n\n\n\n<p><p>Odkryj <a href=\"\/pl\/funkcje\">funkcje edytora Printmaps<\/a> i dowiedz si\u0119, jak w pe\u0142ni wykorzysta\u0107 jego potencja\u0142 w swoich projektach plakat\u00f3w z mapami.<\/p><\/p>\n\n\n\n<div style=\"height:55px\" aria-hidden=\"true\" class=\"wp-block-spacer\"><\/div>\n\n\n\n<div class=\"wp-block-buttons is-content-justification-center is-layout-flex wp-container-core-buttons-is-layout-16018d1d wp-block-buttons-is-layout-flex\">\n<div class=\"wp-block-button has-custom-font-size\" style=\"font-size:18px\"><a class=\"wp-block-button__link has-background wp-element-button\" href=\"https:\/\/www.printmaps.net\/pl\/\" style=\"border-radius:10px;background-color:#e5017e\"><strong>Rozpocznij mapowanie teraz, bez konieczno\u015bci rejestracji<\/strong><\/a><\/div>\n<\/div>\n<\/div>\n<\/div>\n\n<div style=\"height:45px\" aria-hidden=\"true\" class=\"wp-block-spacer\"><\/div>\n<div class=\"wp-block-image\">\n<figure class=\"alignright size-large is-resized\"><img decoding=\"async\" width=\"1024\" height=\"683\" src=\"https:\/\/www.printmaps.net\/wp-content\/uploads\/2020\/04\/Map-poster-1024x683.jpeg\" alt=\"\" class=\"wp-image-60865\" style=\"width:599px;height:400px\" srcset=\"https:\/\/www.printmaps.net\/wp-content\/uploads\/2020\/04\/Map-poster-980x653.jpeg 980w, https:\/\/www.printmaps.net\/wp-content\/uploads\/2020\/04\/Map-poster-480x320.jpeg 480w\" sizes=\"(min-width: 0px) and (max-width: 480px) 480px, (min-width: 481px) and (max-width: 980px) 980px, (min-width: 981px) 1024px, 100vw\" \/><\/figure><\/div>\n<h3 class=\"wp-block-heading\">Plakat z map\u0105 tras i kierunk\u00f3w<\/h3>\n\n<p><p>Klienci polegaj\u0105 na Printmaps, aby skutecznie wy\u015bwietla\u0107 trasy i kierunki. Dzi\u0119ki naszemu przyjaznemu edytorowi dostosowanie rozmiaru wydruku jest dziecinnie proste, przy zachowaniu nienagannej jako\u015bci druku. Mo\u017cesz dostosowa\u0107 rozmiar wydruku do swoich potrzeb, z mo\u017cliwo\u015bci\u0105 powi\u0119kszenia do <strong>maksymalnie 1330&#215;1330 mm<\/strong>.<\/p><\/p>\n\n<p>Mapy o d\u0142ugo\u015bci boku wi\u0119kszej ni\u017c 220 mm nie s\u0105 dost\u0119pne jako pliki PNG. Zamiast tego b\u0119d\u0105 dostarczone w formacie PSD (Photoshop) z warstwami lub SVG (Illustrator), co umo\u017cliwia p\u0142ynn\u0105 personalizacj\u0119 i zachowanie jako\u015bci.<\/p>\n\n<div style=\"height:100px\" aria-hidden=\"true\" class=\"wp-block-spacer\"><\/div>\n<div class=\"wp-block-image\">\n<figure class=\"alignleft size-large is-resized\"><img decoding=\"async\" width=\"621\" height=\"438\" src=\"https:\/\/www.printmaps.net\/wp-content\/uploads\/2020\/04\/Make-a-poster-map.png\" alt=\"\" class=\"wp-image-60849\" style=\"width:522px;height:368px\" srcset=\"https:\/\/www.printmaps.net\/wp-content\/uploads\/2020\/04\/Make-a-poster-map.png 621w, https:\/\/www.printmaps.net\/wp-content\/uploads\/2020\/04\/Make-a-poster-map-480x339.png 480w\" sizes=\"(min-width: 0px) and (max-width: 480px) 480px, (min-width: 481px) 621px, 100vw\" \/><\/figure><\/div>\n<h3 class=\"wp-block-heading\">Plakaty z mapami miast<\/h3>\n\n<p><p>\u0141atwo tw\u00f3rz mapy tras z pinezkami, aby pokaza\u0107 szlaki piesze lub rowerowe, albo po prostu wskaz\u00f3wki dojazdu. Rysuj linie na istniej\u0105cych drogach, \u015bcie\u017ckach rowerowych i pieszych. <strong>Pochyl map\u0119<\/strong>, aby uzyska\u0107 idealn\u0105 perspektyw\u0119 mapy miasta.<\/p><\/p>\n\n<p><p>\u0141atwo <a href=\"\/pl\/planowanie-trasy-na-mapie\">zaplanuj tras\u0119 na mapie<\/a> za pomoc\u0105 edytora tras, kt\u00f3ry rysuje na dok\u0142adnie tych drogach, kt\u00f3rymi podr\u00f3\u017cowa\u0142e\u015b!<\/p><\/p>\n\n<div style=\"height:70px\" aria-hidden=\"true\" class=\"wp-block-spacer\"><\/div>\n<div class=\"wp-block-image\">\n<figure class=\"alignright size-large is-resized\"><img loading=\"lazy\" loading=\"lazy\" decoding=\"async\" width=\"1024\" height=\"932\" src=\"https:\/\/www.printmaps.net\/wp-content\/uploads\/2020\/04\/Poster-map-1024x932.png\" alt=\"\" class=\"wp-image-60855\" style=\"width:353px;height:321px\" srcset=\"https:\/\/www.printmaps.net\/wp-content\/uploads\/2020\/04\/Poster-map-980x892.png 980w, https:\/\/www.printmaps.net\/wp-content\/uploads\/2020\/04\/Poster-map-480x437.png 480w\" sizes=\"auto, (min-width: 0px) and (max-width: 480px) 480px, (min-width: 481px) and (max-width: 980px) 980px, (min-width: 981px) 1024px, 100vw\" \/><\/figure><\/div>\n<h3 class=\"wp-block-heading\">Zaznacz na mapie miejsca, kt\u00f3re s\u0105 dla Ciebie wa\u017cne<\/h3>\n\n<p>Niezale\u017cnie od tego, czy to cenne wspomnienia, niezwyk\u0142e prze\u017cycia, czy po prostu poczucie domu, niekt\u00f3re miejsca maj\u0105 ogromne osobiste znaczenie. Stw\u00f3rz plakat mapy swojego ulubionego miejsca, aby ozdobi\u0107 wn\u0119trze domu lub podarowa\u0107 komu\u015b bliskiemu.<\/p>\n\n<p><p>Edytor Printmaps korzysta z danych <a href=\"https:\/\/www.openstreetmap.org\/\" target=\"_blank\" rel=\"noreferrer noopener\">OpenStreetMap<\/a>, umo\u017cliwiaj\u0105c \u0142atw\u0105 personalizacj\u0119 plakatu mapy. Mo\u017cesz z \u0142atwo\u015bci\u0105 dodawa\u0107 lub usuwa\u0107 warstwy, takie jak nazwy miast czy dr\u00f3g, stosowa\u0107 r\u00f3\u017cne style mapy oraz dodawa\u0107 kolorowe kszta\u0142ty. Ta elastyczno\u015b\u0107 pozwala stworzy\u0107 plakat mapy, kt\u00f3ry idealnie odzwierciedla Twoje preferencje, niezale\u017cnie od tego, czy wolisz szczeg\u00f3\u0142owy, czy minimalistyczny design.<\/p><\/p>\n\n<p><\/p>\n\n<p><\/p>\n\n<div style=\"height:67px\" aria-hidden=\"true\" class=\"wp-block-spacer\"><\/div>\n\n<div class=\"wp-block-group\"><div class=\"wp-block-group__inner-container is-layout-constrained wp-block-group-is-layout-constrained\">\n<h2 class=\"wp-block-heading has-text-align-center has-large-font-size\" style=\"font-style:normal;font-weight:700\">Wypr\u00f3buj Printmaps<\/h2>\n\n\n\n<p class=\"has-text-align-center has-medium-font-size\">Nasz edytor map pozwala tworzy\u0107 mapy do druku na ca\u0142ym \u015bwiecie w mgnieniu oka.<\/p>\n\n\n\n<div style=\"height:15px\" aria-hidden=\"true\" class=\"wp-block-spacer\"><\/div>\n\n\n\n<div class=\"wp-block-buttons is-content-justification-center is-layout-flex wp-container-core-buttons-is-layout-16018d1d wp-block-buttons-is-layout-flex\">\n<div class=\"wp-block-button has-custom-font-size\" style=\"font-size:18px\"><a class=\"wp-block-button__link has-background wp-element-button\" href=\"https:\/\/www.printmaps.net\/pl\/\" style=\"border-radius:10px;background-color:#e5017e\"><p><strong>Stw\u00f3rz swoj\u0105 pierwsz\u0105 map\u0119 teraz<\/strong><\/p><\/a><\/div>\n<\/div>\n<\/div><\/div>\n\n<div style=\"height:150px\" aria-hidden=\"true\" class=\"wp-block-spacer\"><\/div>\n\n<h3 class=\"wp-block-heading\">Najcz\u0119\u015bciej zadawane pytania<\/h3>\n\n<div class=\"schema-faq wp-block-yoast-faq-block\"><div class=\"schema-faq-section\" id=\"faq-question-1757951802995\"><strong class=\"schema-faq-question\">Jaki jest najlepszy rozmiar plakatu i DPI dla wysokiej jako\u015bci mapy do druku?<\/strong> <p class=\"schema-faq-answer\">Najlepiej najpierw wybra\u0107 rozmiar ramy, a nast\u0119pnie dopasowa\u0107 do niej map\u0119. Zrobisz to \u0142atwo, ustawiaj\u0105c d\u0142ugo\u015bci bok\u00f3w w lewym g\u00f3rnym rogu edytora map. Nasze mapy maj\u0105 300 dpi dla plik\u00f3w PNG i PSD, co jest optymalne do druku. Pliki SVG s\u0105 skalowalne, wi\u0119c dpi mo\u017cesz dobra\u0107 samodzielnie.<\/p> <\/div> <div class=\"schema-faq-section\" id=\"faq-question-1757952097323\"><strong class=\"schema-faq-question\">Jak wybra\u0107 mi\u0119dzy PNG, PSD i SVG dla plakatu z map\u0105?<\/strong> <p class=\"schema-faq-answer\">To zale\u017cy od kilku czynnik\u00f3w. Je\u015bli chcesz szeroko personalizowa\u0107 map\u0119 w postprodukcji, najlepsze b\u0119d\u0105 PSD i SVG, poniewa\u017c ka\u017cdy element jest edytowalny jako osobna warstwa. PNG nadaj\u0105 si\u0119 do formatu wydruku do 22 cm \u00d7 22 cm, PSD do 66 cm \u00d7 66 cm, a SVG mo\u017cna u\u017cywa\u0107 w dowolnym rozmiarze dzi\u0119ki skalowalno\u015bci.<\/p> <\/div> <div class=\"schema-faq-section\" id=\"faq-question-1757952313290\"><strong class=\"schema-faq-question\">Czy mog\u0119 wyr\u00f3\u017cni\u0107 okre\u015blone obszary na mapie?<\/strong> <p class=\"schema-faq-answer\">Tak. Za pomoc\u0105 narz\u0119dzia \u201eDodaj kszta\u0142t geograficzny\u201d mo\u017cesz wyr\u00f3\u017cnia\u0107 jednostki administracyjne dowolnego poziomu, czy to dzielnic\u0119, miasto, wojew\u00f3dztwo, czy kraj. Nast\u0119pnie mo\u017cesz odwr\u00f3ci\u0107 zaznaczenie i wybra\u0107 kolor oraz krycie.<\/p> <\/div> <div class=\"schema-faq-section\" id=\"faq-question-1757952489628\"><strong class=\"schema-faq-question\">Czy mog\u0119 stworzy\u0107 minimalistyczny plakat mapy, kt\u00f3ry ukrywa drogi, etykiety lub punkty?<\/strong> <p class=\"schema-faq-answer\">Tak. W zaawansowanych ustawieniach stylu edytora mo\u017cesz zdecydowa\u0107 dla ka\u017cdej etykiety i ka\u017cdego elementu mapy, czy maj\u0105 by\u0107 widoczne, czy ukryte.<\/p> <\/div> <\/div>\n\n<div class=\"schema-how-to wp-block-yoast-how-to-block\"><p class=\"schema-how-to-description\">Jak stworzy\u0107 plakat z map\u0105 w Printmaps<\/p> <ol class=\"schema-how-to-steps\"><li class=\"schema-how-to-step\" id=\"how-to-step-1750419063043\"><strong class=\"schema-how-to-step-name\">Wybierz preferowany rozmiar plakatu<\/strong> <p class=\"schema-how-to-step-text\">Nasz edytor oferuje standardowe rozmiary (A5, A4, A3, &#8230;) lub mo\u017cesz ustawi\u0107 w\u0142asne wymiary do 1330 mm. Rozmiary wskazuj\u0105, jak du\u017cy mo\u017ce by\u0107 wydruk, zachowuj\u0105c wysok\u0105 rozdzielczo\u015b\u0107, nawet z bliska.<\/p> <\/li><li class=\"schema-how-to-step\" id=\"how-to-step-1750419288154\"><strong class=\"schema-how-to-step-name\">Okre\u015bl obszar mapy i poziom powi\u0119kszenia<\/strong> <p class=\"schema-how-to-step-text\">Wpisz lokalizacj\u0119 w pasku wyszukiwania lub przeci\u0105gnij map\u0119 myszk\u0105 i powi\u0119ksz\/zmniejsz, aby ustawi\u0107 widok. Wy\u017cszy poziom zoomu wy\u015bwietla wi\u0119cej szczeg\u00f3\u0142\u00f3w.<\/p> <\/li><li class=\"schema-how-to-step\" id=\"how-to-step-1750419407511\"><strong class=\"schema-how-to-step-name\">Wybierz styl mapy i szczeg\u00f3\u0142y do pokazania<\/strong> <p class=\"schema-how-to-step-text\">Mo\u017cesz wybra\u0107 spo\u015br\u00f3d kilku styl\u00f3w i w zak\u0142adce \u201eProjekt\u201d zaznaczy\u0107, co ma by\u0107 widoczne. Mo\u017cesz r\u00f3wnie\u017c wy\u0142\u0105czy\u0107 etykiety.<\/p> <\/li><li class=\"schema-how-to-step\" id=\"how-to-step-1750419532387\"><strong class=\"schema-how-to-step-name\">Dodaj trasy, pinezki lub kszta\u0142ty geograficzne<\/strong> <p class=\"schema-how-to-step-text\">Oznacz ulubione miejsca pinezkami w zak\u0142adce \u201eDodaj zawarto\u015b\u0107\u201d, poka\u017c przebyte trasy oraz wyr\u00f3\u017cnij miasta, regiony lub kraje.<\/p> <\/li><li class=\"schema-how-to-step\" id=\"how-to-step-1750419661403\"><strong class=\"schema-how-to-step-name\">Kup map\u0119 i wydrukuj j\u0105 w drukarni<\/strong> <p class=\"schema-how-to-step-text\"><\/p> <\/li><\/ol><\/div>\n\n<div style=\"height:95px\" aria-hidden=\"true\" class=\"wp-block-spacer\"><\/div>\n","protected":false},"excerpt":{"rendered":"<p>Z online&#8217;owym edytorem map Printmaps tworzenie plakatu z map\u0105 jest tak \u0142atwe, jak spacer po parku \u2014 lub jego przedstawienie! Niezale\u017cnie od tego, czy rysujesz trasy, szlaki, malownicze drogi, czy przesy\u0142asz dane geograficzne, aby pokaza\u0107 istniej\u0105ce trasy, nasz edytor u\u0142atwia ca\u0142y proces. Idealny dla projektant\u00f3w druku, profesjonalist\u00f3w z bran\u017cy turystycznej oraz os\u00f3b prywatnych, edytor Printmaps [&hellip;]<\/p>\n","protected":false},"author":19,"featured_media":0,"parent":0,"menu_order":0,"comment_status":"closed","ping_status":"closed","template":"","meta":{"_et_pb_use_builder":"off","_et_pb_old_content":"","_et_gb_content_width":"","footnotes":""},"class_list":["post-179334","page","type-page","status-publish","hentry"],"_links":{"self":[{"href":"https:\/\/www.printmaps.net\/pl\/wp-json\/wp\/v2\/pages\/179334","targetHints":{"allow":["GET"]}}],"collection":[{"href":"https:\/\/www.printmaps.net\/pl\/wp-json\/wp\/v2\/pages"}],"about":[{"href":"https:\/\/www.printmaps.net\/pl\/wp-json\/wp\/v2\/types\/page"}],"author":[{"embeddable":true,"href":"https:\/\/www.printmaps.net\/pl\/wp-json\/wp\/v2\/users\/19"}],"replies":[{"embeddable":true,"href":"https:\/\/www.printmaps.net\/pl\/wp-json\/wp\/v2\/comments?post=179334"}],"version-history":[{"count":8,"href":"https:\/\/www.printmaps.net\/pl\/wp-json\/wp\/v2\/pages\/179334\/revisions"}],"predecessor-version":[{"id":221702,"href":"https:\/\/www.printmaps.net\/pl\/wp-json\/wp\/v2\/pages\/179334\/revisions\/221702"}],"wp:attachment":[{"href":"https:\/\/www.printmaps.net\/pl\/wp-json\/wp\/v2\/media?parent=179334"}],"curies":[{"name":"wp","href":"https:\/\/api.w.org\/{rel}","templated":true}]}}