{"id":179342,"date":"2024-08-20T13:38:27","date_gmt":"2024-08-20T12:38:27","guid":{"rendered":"https:\/\/www.printmaps.net\/planowanie-trasy-na-mapie\/"},"modified":"2025-10-21T13:54:26","modified_gmt":"2025-10-21T12:54:26","slug":"planowanie-trasy-na-mapie","status":"publish","type":"page","link":"https:\/\/www.printmaps.net\/pl\/planowanie-trasy-na-mapie\/","title":{"rendered":"Zaplanuj tras\u0119 na mapie za pomoc\u0105 edytora Printmaps"},"content":{"rendered":"\n<div style=\"height:37px\" aria-hidden=\"true\" class=\"wp-block-spacer\"><\/div>\n\n<div class=\"wp-block-columns is-layout-flex wp-container-core-columns-is-layout-9d6595d7 wp-block-columns-is-layout-flex\">\n<div class=\"wp-block-column is-layout-flow wp-block-column-is-layout-flow\" style=\"flex-basis:66.66%\">\n<figure class=\"wp-block-image size-large is-resized\"><img fetchpriority=\"high\" fetchpriority=\"high\" decoding=\"async\" width=\"1024\" height=\"665\" src=\"https:\/\/www.printmaps.net\/wp-content\/uploads\/2020\/05\/biking-route-map-1024x665.png\" alt=\"planowanie trasy na mapie\" class=\"wp-image-62793\" style=\"width:693px;height:449px\" srcset=\"https:\/\/www.printmaps.net\/wp-content\/uploads\/2020\/05\/biking-route-map-980x636.png 980w, https:\/\/www.printmaps.net\/wp-content\/uploads\/2020\/05\/biking-route-map-480x312.png 480w\" sizes=\"(min-width: 0px) and (max-width: 480px) 480px, (min-width: 481px) and (max-width: 980px) 980px, (min-width: 981px) 1024px, 100vw\" \/><\/figure>\n\n\n<div style=\"height:35px\" aria-hidden=\"true\" class=\"wp-block-spacer\"><\/div>\n<\/div>\n\n\n\n<div class=\"wp-block-column is-layout-flow wp-block-column-is-layout-flow\" style=\"flex-basis:33.33%\">\n<p>Nasz edytor map pozwala na stworzenie trasy w ci\u0105gu kilku sekund. Za pomoc\u0105 edytora tras mo\u017cesz narysowa\u0107 tras\u0119 z punktu A do punktu B w dowolnym miejscu na mapie \u015bwiata. Wybierz, czy chcesz rysowa\u0107 tras\u0119 na drogach do pieszych w\u0119dr\u00f3wek, jazdy na rowerze lub samochodem.<\/p>\n\n\n\n<div style=\"height:100px\" aria-hidden=\"true\" class=\"wp-block-spacer\"><\/div>\n\n\n\n<div class=\"wp-block-buttons is-content-justification-center is-layout-flex wp-container-core-buttons-is-layout-16018d1d wp-block-buttons-is-layout-flex\">\n<div class=\"wp-block-button has-custom-font-size\" style=\"font-size:18px\"><a class=\"wp-block-button__link has-background wp-element-button\" href=\"https:\/\/www.printmaps.net\/pl\/\" style=\"border-radius:10px;background-color:#e5017e\"><strong>Rozpocznij mapowanie teraz, bez konieczno\u015bci rejestracji<\/strong><\/a><\/div>\n<\/div>\n<\/div>\n<\/div>\n\n<div style=\"height:71px\" aria-hidden=\"true\" class=\"wp-block-spacer\"><\/div>\n\n<h2 class=\"wp-block-heading\">Rysuj trasy na istniej\u0105cych drogach<\/h2>\n\n<div class=\"wp-block-columns is-layout-flex wp-container-core-columns-is-layout-9d6595d7 wp-block-columns-is-layout-flex\">\n<div class=\"wp-block-column is-layout-flow wp-block-column-is-layout-flow\" style=\"flex-basis:33.33%\">\n<p><p>Wybierz kolor i grubo\u015b\u0107 linii lub za\u0142aduj wcze\u015bniej zarejestrowan\u0105 tras\u0119. Nasz edytor tras nie tylko pozwala rysowa\u0107 trasy odr\u0119cznie, ale tak\u017ce wykorzystuje kreator, kt\u00f3ry magnetycznie przyci\u0105ga do istniej\u0105cych dr\u00f3g. W ten spos\u00f3b tworzysz dok\u0142adn\u0105 map\u0119 trasy.<\/p><\/p>\n<\/div>\n\n\n\n<div class=\"wp-block-column is-layout-flow wp-block-column-is-layout-flow\" style=\"flex-basis:66.66%\"><div class=\"wp-block-image\">\n<figure class=\"alignright size-large is-resized\"><img decoding=\"async\" width=\"1024\" height=\"666\" src=\"https:\/\/www.printmaps.net\/wp-content\/uploads\/2020\/05\/route-map-1024x666.png\" alt=\"planowanie trasy na mapie\" class=\"wp-image-62795\" style=\"width:690px;height:448px\" srcset=\"https:\/\/www.printmaps.net\/wp-content\/uploads\/2020\/05\/route-map-980x637.png 980w, https:\/\/www.printmaps.net\/wp-content\/uploads\/2020\/05\/route-map-480x312.png 480w\" sizes=\"(min-width: 0px) and (max-width: 480px) 480px, (min-width: 481px) and (max-width: 980px) 980px, (min-width: 981px) 1024px, 100vw\" \/><\/figure><\/div><\/div>\n<\/div>\n\n<div style=\"height:61px\" aria-hidden=\"true\" class=\"wp-block-spacer\"><\/div>\n\n<div class=\"wp-block-columns is-layout-flex wp-container-core-columns-is-layout-9d6595d7 wp-block-columns-is-layout-flex\">\n<div class=\"wp-block-column is-layout-flow wp-block-column-is-layout-flow\" style=\"flex-basis:66.66%\">\n<figure class=\"wp-block-image size-large\"><img decoding=\"async\" width=\"1024\" height=\"665\" src=\"https:\/\/www.printmaps.net\/wp-content\/uploads\/2020\/05\/create-a-route-map-1024x665.png\" alt=\"planowanie trasy na mapie\" class=\"wp-image-62794\" srcset=\"https:\/\/www.printmaps.net\/wp-content\/uploads\/2020\/05\/create-a-route-map-980x636.png 980w, https:\/\/www.printmaps.net\/wp-content\/uploads\/2020\/05\/create-a-route-map-480x312.png 480w\" sizes=\"(min-width: 0px) and (max-width: 480px) 480px, (min-width: 481px) and (max-width: 980px) 980px, (min-width: 981px) 1024px, 100vw\" \/><\/figure><\/div>\n\n\n\n<div class=\"wp-block-column is-layout-flow wp-block-column-is-layout-flow\" style=\"flex-basis:33.33%\">\n<h3 class=\"wp-block-heading\">Prze\u015blij w\u0142asne dane geograficzne<\/h3>\n\n\n\n<p>Czy Twoja trasa zosta\u0142a zarejestrowana za pomoc\u0105 urz\u0105dzenia z GPS? Mo\u017cesz za\u0142adowa\u0107 te pliki (GPX, KML, GeoJSON) do edytora, a zostan\u0105 one wy\u015bwietlone na Twojej mapie. Co wi\u0119cej, mo\u017cesz za\u0142adowa\u0107 dowoln\u0105 liczb\u0119 tras \u2013 tak wiele, jak tylko zmie\u015bci si\u0119 na mapie. To \u015bwietna opcja, na przyk\u0142ad, do pokazania trasy rowerowej!<\/p>\n<\/div>\n<\/div>\n\n<div style=\"height:84px\" aria-hidden=\"true\" class=\"wp-block-spacer\"><\/div>\n\n<div class=\"wp-block-columns is-layout-flex wp-container-core-columns-is-layout-9d6595d7 wp-block-columns-is-layout-flex\">\n<div class=\"wp-block-column is-layout-flow wp-block-column-is-layout-flow\" style=\"flex-basis:66.66%\">\n<figure class=\"wp-block-image size-large\"><img loading=\"lazy\" loading=\"lazy\" decoding=\"async\" width=\"1024\" height=\"714\" src=\"https:\/\/www.printmaps.net\/wp-content\/uploads\/2020\/06\/photobook-travel-map-1024x714.png\" alt=\"mapa podr&#xF3;&#x17C;y do fotoksi&#x105;&#x17C;ki\" class=\"wp-image-63746\" srcset=\"https:\/\/www.printmaps.net\/wp-content\/uploads\/2020\/06\/photobook-travel-map-980x683.png 980w, https:\/\/www.printmaps.net\/wp-content\/uploads\/2020\/06\/photobook-travel-map-480x335.png 480w\" sizes=\"auto, (min-width: 0px) and (max-width: 480px) 480px, (min-width: 481px) and (max-width: 980px) 980px, (min-width: 981px) 1024px, 100vw\" \/><\/figure><\/div>\n\n\n\n<div class=\"wp-block-column is-layout-flow wp-block-column-is-layout-flow\" style=\"flex-basis:33.33%\">\n<h3 class=\"wp-block-heading\">Po\u0142\u0105cz r\u00f3\u017cne \u015brodki transportu na jednej mapie trasy<\/h3>\n\n\n\n<p>Tworzenie mapy trasy nigdy nie by\u0142o tak proste. W edytorze mo\u017cesz po\u0142\u0105czy\u0107 r\u00f3\u017cne \u015brodki transportu i narysowa\u0107 tras\u0119 samochodem, statkiem lub poci\u0105giem.<\/p>\n<\/div>\n<\/div>\n\n<div style=\"height:63px\" aria-hidden=\"true\" class=\"wp-block-spacer\"><\/div>\n\n<h3 class=\"wp-block-heading\">Tworzenie mapy trasy nigdy nie by\u0142o tak proste. W edytorze mo\u017cesz po\u0142\u0105czy\u0107 r\u00f3\u017cne \u015brodki transportu i narysowa\u0107 tras\u0119 samochodem, statkiem lub poci\u0105giem.<\/h3>\n\n<p><p>Opr\u00f3cz wielu innych funkcji, kt\u00f3re oferuje Printmaps, mamy r\u00f3wnie\u017c wbudowany geokoder, kt\u00f3ry pozwala na masowe przesy\u0142anie i konwersj\u0119 adres\u00f3w na odpowiadaj\u0105ce im wsp\u00f3\u0142rz\u0119dne. To naprawd\u0119 proste \u2013 wystarczy skopiowa\u0107 i wklei\u0107 dane z arkusza kalkulacyjnego lub kolumny bazy danych. Wystarczy klikn\u0105\u0107 ten przycisk w edytorze: <img loading=\"lazy\" loading=\"lazy\" decoding=\"async\" src=\"https:\/\/www.printmaps.net\/wp-content\/uploads\/2018\/03\/poibutton.png\" alt=\"\" width=\"58\" height=\"51\"\/>\u00a0a znajomy widok pojawi si\u0119 przed Tob\u0105. Wystarczy wklei\u0107 swoje tre\u015bci w odpowiednie pola, a Printmaps zajmie si\u0119 reszt\u0105.<\/p><\/p>\n\n<p>Gdy nasz silnik geokodowania przekszta\u0142ci adresy na odpowiadaj\u0105ce im wsp\u00f3\u0142rz\u0119dne, mo\u017cesz zmieni\u0107 typ markera, kolor, ikon\u0119 lub ich rozmiar. Wszystkie POI zostan\u0105 zapisane w osobnej warstwie, wi\u0119c po pobraniu mapy w formacie Photoshop mo\u017cesz j\u0105 otworzy\u0107 i precyzyjnie dostosowa\u0107 pozycjonowanie swoich POI.<\/p>\n\n<div style=\"height:61px\" aria-hidden=\"true\" class=\"wp-block-spacer\"><\/div>\n\n<h3 class=\"wp-block-heading\">Pobierz swoj\u0105 map\u0119 trasy z warstwami<\/h3>\n\n<p><p>Pobierz swoj\u0105 map\u0119 trasy jako plik PSD lub SVG z warstwami i otw\u00f3rz go w <strong>Photoshopie lub Illustratorze<\/strong>. W ten spos\u00f3b mo\u017cesz \u0142atwo dostosowa\u0107, kt\u00f3re warstwy maj\u0105 by\u0107 widoczne na mapie i gdzie dok\u0142adnie je umie\u015bci\u0107. Usuwaj, przesuwaj lub dodawaj tekst, zmieniaj kolory oraz pokazuj lub ukrywaj warstwy. Opcje s\u0105 nieograniczone, a to, kt\u00f3re z nich b\u0119d\u0105 dla Ciebie korzystne, zale\u017cy od specyfiki Twojego projektu.<\/p><\/p>\n\n<div class=\"wp-block-columns is-layout-flex wp-container-core-columns-is-layout-9d6595d7 wp-block-columns-is-layout-flex\">\n<div class=\"wp-block-column is-layout-flow wp-block-column-is-layout-flow\">\n<figure class=\"wp-block-image size-large\"><img decoding=\"async\" src=\"https:\/\/www.printmaps.net\/wp-content\/uploads\/2020\/06\/layered-map-in-illustrator.png\" alt=\"mapa warstwowa\" class=\"wp-image-64211\"\/><\/figure><\/div>\n\n\n\n<div class=\"wp-block-column is-layout-flow wp-block-column-is-layout-flow\">\n<figure class=\"wp-block-image size-large is-resized\"><img loading=\"lazy\" loading=\"lazy\" decoding=\"async\" width=\"1024\" height=\"550\" src=\"https:\/\/www.printmaps.net\/wp-content\/uploads\/2020\/05\/london-map-with-layers-1024x550.png\" alt=\"Mapa z warstwami\" class=\"wp-image-63106\" style=\"width:824px;height:442px\" srcset=\"https:\/\/www.printmaps.net\/wp-content\/uploads\/2020\/05\/london-map-with-layers-980x526.png 980w, https:\/\/www.printmaps.net\/wp-content\/uploads\/2020\/05\/london-map-with-layers-480x258.png 480w\" sizes=\"auto, (min-width: 0px) and (max-width: 480px) 480px, (min-width: 481px) and (max-width: 980px) 980px, (min-width: 981px) 1024px, 100vw\" \/><\/figure><\/div>\n<\/div>\n\n<div style=\"height:69px\" aria-hidden=\"true\" class=\"wp-block-spacer\"><\/div>\n\n<h4 class=\"wp-block-heading\">To zale\u017cy od Ciebie<\/h4>\n\n<p>Tworzenie map do druku na potrzeby publikacji to nie tylko kwestia posiadania odpowiednich narz\u0119dzi geograficznych, ale tak\u017ce wykorzystania w\u0142asnych projekt\u00f3w i pomys\u0142\u00f3w. Dzi\u0119ki Printmaps masz pe\u0142n\u0105 elastyczno\u015b\u0107, zar\u00f3wno je\u015bli chodzi o rodzaj u\u017cytej kartografii, jak i o elementy uwzgl\u0119dnione na mapie. Po stworzeniu i pobraniu mapy, na tym si\u0119 nie ko\u0144czy. Chcesz doda\u0107 wi\u0119cej szczeg\u00f3\u0142\u00f3w do punkt\u00f3w POI, wstawi\u0107 w\u0142asne logotypy, dodatkowe grafiki lub tekst? Dlatego tworzymy Twoj\u0105 map\u0119 w formacie PSD z warstwami, co pozwala na zmian\u0119 praktycznie ka\u017cdego elementu, kt\u00f3ry dodasz do mapy, a\u017c do pojedynczych punkt\u00f3w POI. Dlaczego wi\u0119c nie wypr\u00f3bowa\u0107 naszego edytora i zobaczy\u0107, jak mo\u017cesz przekszta\u0142ci\u0107 swoje pomys\u0142y w idealn\u0105 map\u0119 gotow\u0105 do publikacji?<\/p>\n\n<div style=\"height:20px\" aria-hidden=\"true\" class=\"wp-block-spacer\"><\/div>\n\n<div style=\"height:38px\" aria-hidden=\"true\" class=\"wp-block-spacer\"><\/div>\n\n<div class=\"wp-block-group\"><div class=\"wp-block-group__inner-container is-layout-constrained wp-block-group-is-layout-constrained\">\n<h2 class=\"wp-block-heading has-text-align-center has-large-font-size\" style=\"font-style:normal;font-weight:700\">Wypr\u00f3buj Printmaps<\/h2>\n\n\n\n<p class=\"has-text-align-center has-medium-font-size\">Nasz edytor map pozwala tworzy\u0107 mapy do druku na ca\u0142ym \u015bwiecie w mgnieniu oka.<\/p>\n\n\n\n<div style=\"height:15px\" aria-hidden=\"true\" class=\"wp-block-spacer\"><\/div>\n\n\n\n<div class=\"wp-block-buttons is-content-justification-center is-layout-flex wp-container-core-buttons-is-layout-16018d1d wp-block-buttons-is-layout-flex\">\n<div class=\"wp-block-button has-custom-font-size\" style=\"font-size:18px\"><a class=\"wp-block-button__link has-background wp-element-button\" href=\"https:\/\/www.printmaps.net\/pl\/\" style=\"border-radius:10px;background-color:#e5017e\"><p><strong>Stw\u00f3rz swoj\u0105 pierwsz\u0105 map\u0119 teraz<\/strong><\/p><\/a><\/div>\n<\/div>\n<\/div><\/div>\n\n<div style=\"height:150px\" aria-hidden=\"true\" class=\"wp-block-spacer\"><\/div>\n\n<div class=\"schema-faq wp-block-yoast-faq-block\"><div class=\"schema-faq-section\" id=\"faq-question-1757594535611\"><strong class=\"schema-faq-question\">Jak utworzy\u0107 drukowaln\u0105 map\u0119 trasy z mojego GPX?<\/strong> <p class=\"schema-faq-answer\">Prze\u015blij sw\u00f3j GPX (lub KML\/GeoJSON) do edytora Printmaps, wystylizuj lini\u0119, dodaj punkty POI w razie potrzeby, a nast\u0119pnie pobierz plik PSD, SVG lub PNG w wysokiej rozdzielczo\u015bci do druku.<\/p> <\/div> <div class=\"schema-faq-section\" id=\"faq-question-1757594613061\"><strong class=\"schema-faq-question\">Czy mog\u0119 rysowa\u0107 trasy, kt\u00f3re nie biegn\u0105 po istniej\u0105cym \u015bladzie lub drodze?<\/strong> <p class=\"schema-faq-answer\">Tak. Mo\u017cesz rysowa\u0107 proste lub \u0142ukowe linie na mapie, po prostu klikaj\u0105c na map\u0119 w narz\u0119dziu tras.<\/p> <\/div> <div class=\"schema-faq-section\" id=\"faq-question-1757594734392\"><strong class=\"schema-faq-question\">W jakich formatach mog\u0119 eksportowa\u0107 pliki do profesjonalnego druku?<\/strong> <p class=\"schema-faq-answer\">Oferujemy nasze mapy jako PNG, PSD i SVG. Wszystkie formaty nadaj\u0105 si\u0119 do profesjonalnego druku, ale PSD\/SVG zachowuj\u0105 edytowalne warstwy do precyzyjnej obr\u00f3bki.<\/p> <\/div> <div class=\"schema-faq-section\" id=\"faq-question-1757594812985\"><strong class=\"schema-faq-question\">Jak\u0105 rozdzielczo\u015b\u0107 do druku dostarczacie?<\/strong> <p class=\"schema-faq-answer\">PNG i PSD maj\u0105 rozdzielczo\u015b\u0107 300 dpi, a SVG mo\u017cna skalowa\u0107 do dowolnego rozmiaru.<\/p> <\/div> <div class=\"schema-faq-section\" id=\"faq-question-1757596674420\"><strong class=\"schema-faq-question\">Czy mog\u0119 przes\u0142a\u0107 wiele tras na kilkudniow\u0105 wypraw\u0119?<\/strong> <p class=\"schema-faq-answer\">Tak, mo\u017cesz przes\u0142a\u0107 dowoln\u0105 liczb\u0119 tras. Po prostu unikaj nadmiernego zag\u0119szczenia, aby mapa pozosta\u0142a czytelna.<\/p> <\/div> <div class=\"schema-faq-section\" id=\"faq-question-1757596706754\"><strong class=\"schema-faq-question\">Jak wydrukowa\u0107 tras\u0119 ze Strava lub Komoot?<\/strong> <p class=\"schema-faq-answer\"><p>W obu przypadkach mo\u017cesz wyeksportowa\u0107 tras\u0119 jako GPX i wstawi\u0107 j\u0105 do naszego edytora map. W przypadku Komoot mo\u017cesz zalogowa\u0107 si\u0119 na swoje konto w edytorze i uzyska\u0107 dost\u0119p do zapisanych tras, co opisujemy szerzej <a href=\"\/pl\/drukuj-trasy-z-komoot\/\">w tym artykule<\/a>.<\/p><\/p> <\/div> <div class=\"schema-faq-section\" id=\"faq-question-1757596913662\"><strong class=\"schema-faq-question\">Czy edytor zachowuje warstwy dla etykiet, tras i kszta\u0142t\u00f3w?<\/strong> <p class=\"schema-faq-answer\">Tak. Ka\u017cdy element widoczny na mapie jest zapisywany w osobnej warstwie, je\u015bli wybierzesz PSD lub SVG. Dotyczy to element\u00f3w mapy, takich jak drogi, zbiorniki wodne czy rze\u017aba terenu, a tak\u017ce ka\u017cdego elementu dodanego przez Ciebie, jak trasy, pinezki czy kszta\u0142ty.<\/p> <\/div> <div class=\"schema-faq-section\" id=\"faq-question-1757597038576\"><strong class=\"schema-faq-question\">Czy mog\u0119 dostosowa\u0107 kolor, grubo\u015b\u0107 i styl trasy?<\/strong> <p class=\"schema-faq-answer\">Oczywi\u015bcie. Mo\u017cesz wybra\u0107 dowolny kolor przez klikni\u0119cie lub kod hex, zdefiniowa\u0107 grubo\u015b\u0107 linii oraz zdecydowa\u0107, czy ukry\u0107, czy wy\u015bwietla\u0107 tryb transportu u\u017cyty do pokonania trasy.<\/p> <\/div> <div class=\"schema-faq-section\" id=\"faq-question-1757598652999\"><strong class=\"schema-faq-question\">Jak doda\u0107 profil wysoko\u015bci do mojej mapy trasy?<\/strong> <p class=\"schema-faq-answer\"><p>Mo\u017cesz bezp\u0142atnie utworzy\u0107 profil wysoko\u015bci towarzysz\u0105cy Twojej mapie w naszym narz\u0119dziu <a href=\"\/pl\/edytor-profilu-wysokosci\/\">Generator Profili Wysoko\u015bciowych<\/a>. Mo\u017cesz przes\u0142a\u0107 tras\u0119 w formacie GPX, KML lub GeoJSON i otrzymasz wynik w formatach PNG, PDF i SVG. Przedtem mo\u017cesz go spersonalizowa\u0107.<\/p><\/p> <\/div> <\/div>\n","protected":false},"excerpt":{"rendered":"<p>Nasz edytor map pozwala na stworzenie trasy w ci\u0105gu kilku sekund. Za pomoc\u0105 edytora tras mo\u017cesz narysowa\u0107 tras\u0119 z punktu A do punktu B w dowolnym miejscu na mapie \u015bwiata. Wybierz, czy chcesz rysowa\u0107 tras\u0119 na drogach do pieszych w\u0119dr\u00f3wek, jazdy na rowerze lub samochodem. Rysuj trasy na istniej\u0105cych drogach Wybierz kolor i grubo\u015b\u0107 linii [&hellip;]<\/p>\n","protected":false},"author":19,"featured_media":0,"parent":0,"menu_order":0,"comment_status":"closed","ping_status":"closed","template":"","meta":{"_et_pb_use_builder":"off","_et_pb_old_content":"","_et_gb_content_width":"","footnotes":""},"class_list":["post-179342","page","type-page","status-publish","hentry"],"_links":{"self":[{"href":"https:\/\/www.printmaps.net\/pl\/wp-json\/wp\/v2\/pages\/179342","targetHints":{"allow":["GET"]}}],"collection":[{"href":"https:\/\/www.printmaps.net\/pl\/wp-json\/wp\/v2\/pages"}],"about":[{"href":"https:\/\/www.printmaps.net\/pl\/wp-json\/wp\/v2\/types\/page"}],"author":[{"embeddable":true,"href":"https:\/\/www.printmaps.net\/pl\/wp-json\/wp\/v2\/users\/19"}],"replies":[{"embeddable":true,"href":"https:\/\/www.printmaps.net\/pl\/wp-json\/wp\/v2\/comments?post=179342"}],"version-history":[{"count":5,"href":"https:\/\/www.printmaps.net\/pl\/wp-json\/wp\/v2\/pages\/179342\/revisions"}],"predecessor-version":[{"id":221720,"href":"https:\/\/www.printmaps.net\/pl\/wp-json\/wp\/v2\/pages\/179342\/revisions\/221720"}],"wp:attachment":[{"href":"https:\/\/www.printmaps.net\/pl\/wp-json\/wp\/v2\/media?parent=179342"}],"curies":[{"name":"wp","href":"https:\/\/api.w.org\/{rel}","templated":true}]}}