{"id":179354,"date":"2024-08-20T13:59:51","date_gmt":"2024-08-20T12:59:51","guid":{"rendered":"https:\/\/www.printmaps.net\/mapa-podrozy-do-fotoksiazki\/"},"modified":"2025-10-21T14:22:35","modified_gmt":"2025-10-21T13:22:35","slug":"mapa-podrozy-do-fotoksiazki","status":"publish","type":"page","link":"https:\/\/www.printmaps.net\/pl\/mapa-podrozy-do-fotoksiazki\/","title":{"rendered":"Stw\u00f3rz map\u0119 podr\u00f3\u017cy do swojej fotoksi\u0105\u017cki"},"content":{"rendered":"\n<div style=\"height:30px\" aria-hidden=\"true\" class=\"wp-block-spacer\"><\/div>\n<div class=\"wp-block-image\">\n<figure class=\"alignleft size-large is-resized\"><img fetchpriority=\"high\" fetchpriority=\"high\" decoding=\"async\" width=\"1024\" height=\"714\" src=\"https:\/\/www.printmaps.net\/wp-content\/uploads\/2020\/06\/photobook-travel-map-1024x714.png\" alt=\"mapa podr&#xF3;&#x17C;y do fotoksi&#x105;&#x17C;ki\" class=\"wp-image-63746\" style=\"width:479px;height:332px\" srcset=\"https:\/\/www.printmaps.net\/wp-content\/uploads\/2020\/06\/photobook-travel-map-980x683.png 980w, https:\/\/www.printmaps.net\/wp-content\/uploads\/2020\/06\/photobook-travel-map-480x335.png 480w\" sizes=\"(min-width: 0px) and (max-width: 480px) 480px, (min-width: 481px) and (max-width: 980px) 980px, (min-width: 981px) 1024px, 100vw\" \/><\/figure><\/div>\n<p>Szukasz sposobu na stworzenie mapy podr\u00f3\u017cy do swojej fotoksi\u0105\u017cki lub bloga podr\u00f3\u017cniczego? Zbieranie pi\u0119knych wspomnie\u0144 z podr\u00f3\u017cy to doskona\u0142y spos\u00f3b, aby zachowa\u0107 te cenne do\u015bwiadczenia. Sp\u00f3jrz wstecz na swoj\u0105 podr\u00f3\u017c i przygody z map\u0105 zaprojektowan\u0105 przez Ciebie, kt\u00f3ra dok\u0142adnie pokazuje Twoj\u0105 tras\u0119.<\/p>\n\n<p><p>Z pomoc\u0105 online&#8217;owego edytora map Printmaps mo\u017cesz \u0142atwo narysowa\u0107 tras\u0119 na istniej\u0105cych drogach w wybranym obszarze mapy. Dodaj punkty zainteresowania, kontury kraj\u00f3w i miast w r\u00f3\u017cnych kolorach i otrzymaj map\u0119 w wysokiej rozdzielczo\u015bci, gotow\u0105 do dalszej edycji i druku. Dowiedz si\u0119, jakie <a href=\"\/pl\/funkcje\">funkcje oferuje edytor Printmaps<\/a> i jak z nich korzysta\u0107.<\/p><\/p>\n\n<div style=\"height:20px\" aria-hidden=\"true\" class=\"wp-block-spacer\"><\/div>\n\n<p><\/p>\n\n<p><\/p>\n\n<div class=\"wp-block-buttons is-content-justification-center is-layout-flex wp-container-core-buttons-is-layout-16018d1d wp-block-buttons-is-layout-flex\">\n<div class=\"wp-block-button has-custom-font-size\" style=\"font-size:18px\"><a class=\"wp-block-button__link has-background wp-element-button\" href=\"https:\/\/www.printmaps.net\/pl\/\" style=\"border-radius:10px;background-color:#e5017e\"><strong>Rozpocznij mapowanie teraz, bez konieczno\u015bci rejestracji<\/strong><\/a><\/div>\n<\/div>\n\n<div style=\"height:100px\" aria-hidden=\"true\" class=\"wp-block-spacer\"><\/div>\n\n<p class=\"has-text-align-center\">Ch\u0119tnie podzielimy si\u0119 pomys\u0142ami i wskaz\u00f3wkami, kt\u00f3re pomog\u0105 Ci uczyni\u0107 map\u0119 podr\u00f3\u017cy tak niesamowit\u0105, jak sama podr\u00f3\u017c!<\/p>\n\n<div style=\"height:44px\" aria-hidden=\"true\" class=\"wp-block-spacer\"><\/div>\n<div class=\"wp-block-image\">\n<figure class=\"alignright size-large is-resized\"><img decoding=\"async\" width=\"1024\" height=\"722\" src=\"https:\/\/www.printmaps.net\/wp-content\/uploads\/2020\/04\/printable-maps-photobook-1024x722.png\" alt=\"mapa do fotoksi&#x105;&#x17C;ki\" class=\"wp-image-60401\" style=\"width:399px;height:281px\" srcset=\"https:\/\/www.printmaps.net\/wp-content\/uploads\/2020\/04\/printable-maps-photobook-980x691.png 980w, https:\/\/www.printmaps.net\/wp-content\/uploads\/2020\/04\/printable-maps-photobook-480x339.png 480w\" sizes=\"(min-width: 0px) and (max-width: 480px) 480px, (min-width: 481px) and (max-width: 980px) 980px, (min-width: 981px) 1024px, 100vw\" \/><\/figure><\/div>\n<h3 class=\"wp-block-heading\">Zaprojektuj map\u0119 podr\u00f3\u017cy do swojej fotoksi\u0105\u017cki, u\u017cywaj\u0105c kolorowych kszta\u0142t\u00f3w<\/h3>\n\n<p>Dodaj kszta\u0142t kraju i wybierz opcj\u0119 \u201eodwr\u00f3\u0107\u201d. W ten spos\u00f3b, jednym klikni\u0119ciem, otoczenie kraju, zar\u00f3wno woda, jak i l\u0105d, zmienia si\u0119 na wybrany przez Ciebie kolor. Na przyk\u0142ad, mo\u017cesz nada\u0107 im kolor wody (RGB 173, 255, 209) lub bia\u0142y, aby oddzieli\u0107 kraj od s\u0105siednich pa\u0144stw i stworzy\u0107 efekt unoszenia si\u0119. Dzi\u0119ki opcji regulacji przezroczysto\u015bci kszta\u0142tu, mo\u017cesz pokolorowa\u0107 kraje, nie trac\u0105c widoczno\u015bci dr\u00f3g, rzek i g\u00f3r. Chcia\u0142by\u015b stworzy\u0107 map\u0119 \u015bwiata i pokaza\u0107 wszystkie kraje, kt\u00f3re odwiedzi\u0142e\u015b? Nadaj ka\u017cdemu z nich inny kolor.<\/p>\n\n<p><\/p>\n\n<p><\/p>\n\n<div style=\"height:30px\" aria-hidden=\"true\" class=\"wp-block-spacer\"><\/div>\n\n<div style=\"height:20px\" aria-hidden=\"true\" class=\"wp-block-spacer\"><\/div>\n<div class=\"wp-block-image\">\n<figure class=\"alignleft size-large is-resized\"><img decoding=\"async\" width=\"1024\" height=\"722\" src=\"https:\/\/www.printmaps.net\/wp-content\/uploads\/2020\/04\/Travel-map-for-photobook-1024x722.png\" alt=\"Stw&#xF3;rz map&#x119; podr&#xF3;&#x17C;y\" class=\"wp-image-60420\" style=\"width:493px;height:348px\" srcset=\"https:\/\/www.printmaps.net\/wp-content\/uploads\/2020\/04\/Travel-map-for-photobook-980x691.png 980w, https:\/\/www.printmaps.net\/wp-content\/uploads\/2020\/04\/Travel-map-for-photobook-480x338.png 480w\" sizes=\"(min-width: 0px) and (max-width: 480px) 480px, (min-width: 481px) and (max-width: 980px) 980px, (min-width: 981px) 1024px, 100vw\" \/><\/figure><\/div>\n<h3 class=\"wp-block-heading\">U\u017cyj r\u00f3\u017cnych znacznik\u00f3w POI, aby oznaczy\u0107 r\u00f3\u017cne podr\u00f3\u017ce<\/h3>\n\n<p>Mo\u017cesz oznaczy\u0107 swoje punkty zainteresowania kropkami, kwadratami lub dowolnymi standardowymi kszta\u0142tami dost\u0119pnymi w edytorze. Dodaj etykiet\u0119 do znacznik\u00f3w lub ponumeruj je, aby pokaza\u0107 chronologi\u0119 swojej podr\u00f3\u017cy. Mo\u017cesz r\u00f3wnie\u017c wy\u015bwietli\u0107 etykiet\u0119 bez otaczaj\u0105cego znacznika, na przyk\u0142ad jako samolot lub prom. Oznacz swoje ulubione restauracje, szlaki piesze lub pla\u017ce. Je\u015bli nie znajdziesz tego, czego szukasz w edytorze, \u0142atwo za\u0142aduj w\u0142asne niestandardowe znaczniki!<\/p>\n\n<p><p>\u0141atwo <a href=\"\/pl\/planowanie-trasy-na-mapie\">zaplanuj tras\u0119 na mapie<\/a> za pomoc\u0105 edytora tras, kt\u00f3ry rysuje dok\u0142adnie na drogach, kt\u00f3rymi podr\u00f3\u017cowa\u0142e\u015b!<\/p><\/p>\n\n<div style=\"height:100px\" aria-hidden=\"true\" class=\"wp-block-spacer\"><\/div>\n<div class=\"wp-block-image\">\n<figure class=\"alignright size-large is-resized\"><img loading=\"lazy\" loading=\"lazy\" decoding=\"async\" width=\"1024\" height=\"722\" src=\"https:\/\/www.printmaps.net\/wp-content\/uploads\/2020\/04\/Create-map-with-pins-1024x722.png\" alt=\"mapa z pinezkami\" class=\"wp-image-60651\" style=\"width:494px;height:348px\" srcset=\"https:\/\/www.printmaps.net\/wp-content\/uploads\/2020\/04\/Create-map-with-pins-980x691.png 980w, https:\/\/www.printmaps.net\/wp-content\/uploads\/2020\/04\/Create-map-with-pins-480x338.png 480w\" sizes=\"auto, (min-width: 0px) and (max-width: 480px) 480px, (min-width: 481px) and (max-width: 980px) 980px, (min-width: 981px) 1024px, 100vw\" \/><\/figure><\/div>\n<h3 class=\"wp-block-heading\">Po\u0142\u0105cz mapy Printmaps, aby pokaza\u0107 swoj\u0105 podr\u00f3\u017c na mapie \u015bwiata<\/h3>\n\n<p>Je\u015bli chcesz pokaza\u0107 zbli\u017cenie swojej trasy podr\u00f3\u017cy oraz widok \u015bwiata z wyr\u00f3\u017cnionym celem podr\u00f3\u017cy, po\u0142\u0105cz dwie mapy Printmaps! Po stworzeniu map otrzymasz plik gotowy do edycji w Photoshopie, Illustratorze lub dowolnym innym programie do edycji, kt\u00f3rego u\u017cywasz, aby doda\u0107 ostatnie szlify do map i po\u0142\u0105czy\u0107 je w swoj\u0105 wyj\u0105tkow\u0105, spersonalizowan\u0105 map\u0119 podr\u00f3\u017cy.<\/p>\n\n<p><\/p>\n\n<p><\/p>\n\n<p><\/p>\n\n<div style=\"height:48px\" aria-hidden=\"true\" class=\"wp-block-spacer\"><\/div>\n\n<div class=\"wp-block-group\"><div class=\"wp-block-group__inner-container is-layout-constrained wp-block-group-is-layout-constrained\">\n<h2 class=\"wp-block-heading has-text-align-center has-large-font-size\" style=\"font-style:normal;font-weight:700\">Wypr\u00f3buj Printmaps<\/h2>\n\n\n\n<p class=\"has-text-align-center has-medium-font-size\">Nasz edytor map pozwala tworzy\u0107 mapy do druku na ca\u0142ym \u015bwiecie w mgnieniu oka.<\/p>\n\n\n\n<div style=\"height:15px\" aria-hidden=\"true\" class=\"wp-block-spacer\"><\/div>\n\n\n\n<div class=\"wp-block-buttons is-content-justification-center is-layout-flex wp-container-core-buttons-is-layout-16018d1d wp-block-buttons-is-layout-flex\">\n<div class=\"wp-block-button has-custom-font-size\" style=\"font-size:18px\"><a class=\"wp-block-button__link has-background wp-element-button\" href=\"https:\/\/www.printmaps.net\/pl\/\" style=\"border-radius:10px;background-color:#e5017e\"><p><strong>Stw\u00f3rz swoj\u0105 pierwsz\u0105 map\u0119 teraz<\/strong><\/p><\/a><\/div>\n<\/div>\n<\/div><\/div>\n\n<div style=\"height:150px\" aria-hidden=\"true\" class=\"wp-block-spacer\"><\/div>\n\n<div class=\"schema-faq wp-block-yoast-faq-block\"><div class=\"schema-faq-section\" id=\"faq-question-1756799870664\"><strong class=\"schema-faq-question\">Czym jest mapa podr\u00f3\u017cy?<\/strong> <p class=\"schema-faq-answer\">Mapa podr\u00f3\u017cy to wizualne przedstawienie wyprawy na mapie. Mo\u017ce zawiera\u0107 elementy takie jak wyr\u00f3\u017cnione obszary, znaczniki wskazuj\u0105ce interesuj\u0105ce miejsca lub trasy. Mo\u017ce s\u0142u\u017cy\u0107 jako bie\u017c\u0105cy dziennik do dokumentacji, plan przysz\u0142ych wyjazd\u00f3w lub pami\u0105tka po zako\u0144czonej podr\u00f3\u017cy.<\/p> <\/div> <div class=\"schema-faq-section\" id=\"faq-question-1756802782886\"><strong class=\"schema-faq-question\"><\/strong> <p class=\"schema-faq-answer\"><\/p> <\/div> <\/div>\n","protected":false},"excerpt":{"rendered":"<p>Szukasz sposobu na stworzenie mapy podr\u00f3\u017cy do swojej fotoksi\u0105\u017cki lub bloga podr\u00f3\u017cniczego? Zbieranie pi\u0119knych wspomnie\u0144 z podr\u00f3\u017cy to doskona\u0142y spos\u00f3b, aby zachowa\u0107 te cenne do\u015bwiadczenia. Sp\u00f3jrz wstecz na swoj\u0105 podr\u00f3\u017c i przygody z map\u0105 zaprojektowan\u0105 przez Ciebie, kt\u00f3ra dok\u0142adnie pokazuje Twoj\u0105 tras\u0119. Z pomoc\u0105 online&#8217;owego edytora map Printmaps mo\u017cesz \u0142atwo narysowa\u0107 tras\u0119 na istniej\u0105cych drogach [&hellip;]<\/p>\n","protected":false},"author":19,"featured_media":0,"parent":0,"menu_order":0,"comment_status":"closed","ping_status":"closed","template":"","meta":{"_et_pb_use_builder":"off","_et_pb_old_content":"","_et_gb_content_width":"","footnotes":""},"class_list":["post-179354","page","type-page","status-publish","hentry"],"_links":{"self":[{"href":"https:\/\/www.printmaps.net\/pl\/wp-json\/wp\/v2\/pages\/179354","targetHints":{"allow":["GET"]}}],"collection":[{"href":"https:\/\/www.printmaps.net\/pl\/wp-json\/wp\/v2\/pages"}],"about":[{"href":"https:\/\/www.printmaps.net\/pl\/wp-json\/wp\/v2\/types\/page"}],"author":[{"embeddable":true,"href":"https:\/\/www.printmaps.net\/pl\/wp-json\/wp\/v2\/users\/19"}],"replies":[{"embeddable":true,"href":"https:\/\/www.printmaps.net\/pl\/wp-json\/wp\/v2\/comments?post=179354"}],"version-history":[{"count":4,"href":"https:\/\/www.printmaps.net\/pl\/wp-json\/wp\/v2\/pages\/179354\/revisions"}],"predecessor-version":[{"id":221729,"href":"https:\/\/www.printmaps.net\/pl\/wp-json\/wp\/v2\/pages\/179354\/revisions\/221729"}],"wp:attachment":[{"href":"https:\/\/www.printmaps.net\/pl\/wp-json\/wp\/v2\/media?parent=179354"}],"curies":[{"name":"wp","href":"https:\/\/api.w.org\/{rel}","templated":true}]}}