{"id":179544,"date":"2024-08-22T13:17:38","date_gmt":"2024-08-22T12:17:38","guid":{"rendered":"https:\/\/www.printmaps.net\/stworz-mape-z-pinezkami\/"},"modified":"2025-10-23T15:13:52","modified_gmt":"2025-10-23T14:13:52","slug":"stworz-mape-z-pinezkami","status":"publish","type":"page","link":"https:\/\/www.printmaps.net\/pl\/stworz-mape-z-pinezkami\/","title":{"rendered":"\u0141atwo stw\u00f3rz map\u0119 z pinezkami za pomoc\u0105 edytora Printmaps"},"content":{"rendered":"\n<div class=\"wp-block-columns is-layout-flex wp-container-core-columns-is-layout-9d6595d7 wp-block-columns-is-layout-flex\">\n<div class=\"wp-block-column is-layout-flow wp-block-column-is-layout-flow\" style=\"flex-basis:66.66%\"><div class=\"wp-block-image\">\n<figure class=\"alignright size-large is-resized\"><img fetchpriority=\"high\" fetchpriority=\"high\" decoding=\"async\" width=\"1024\" height=\"722\" src=\"https:\/\/www.printmaps.net\/wp-content\/uploads\/2020\/04\/Create-map-with-pins-1-1024x722.png\" alt=\"mapa z pinezkami\" class=\"wp-image-60669\" style=\"width:621px\" srcset=\"https:\/\/www.printmaps.net\/wp-content\/uploads\/2020\/04\/Create-map-with-pins-1-980x691.png 980w, https:\/\/www.printmaps.net\/wp-content\/uploads\/2020\/04\/Create-map-with-pins-1-480x339.png 480w\" sizes=\"(min-width: 0px) and (max-width: 480px) 480px, (min-width: 481px) and (max-width: 980px) 980px, (min-width: 981px) 1024px, 100vw\" \/><\/figure><\/div><\/div>\n\n\n\n<div class=\"wp-block-column is-layout-flow wp-block-column-is-layout-flow\" style=\"flex-basis:33.33%\">\n<p>Oznaczanie punkt\u00f3w zainteresowania na mapie z pinezkami mo\u017ce by\u0107 czasoch\u0142onne, a efekt czasami rozczarowuj\u0105cy. Edytowanie zrzut\u00f3w ekranu powoduje problemy z zachowaniem jako\u015bci obrazu przy jego u\u017cyciu w sieci lub w druku. Tymczasem Ty po prostu chcesz bez wysi\u0142ku przypi\u0105\u0107 te punkty zainteresowania w ich dok\u0142adnych lokalizacjach, pokaza\u0107 chronologiczn\u0105 kolejno\u015b\u0107 trasy i oznaczy\u0107 pinezki odpowiednimi znacznikami i etykietami.<\/p>\n\n\n\n<p>Edytor Printmaps umo\u017cliwia to wszystko.<\/p>\n\n\n\n<div class=\"wp-block-buttons is-content-justification-center is-layout-flex wp-container-core-buttons-is-layout-16018d1d wp-block-buttons-is-layout-flex\">\n<div class=\"wp-block-button has-custom-font-size\" style=\"font-size:18px\"><a class=\"wp-block-button__link has-background wp-element-button\" href=\"https:\/\/www.printmaps.net\/pl\/\" style=\"border-radius:10px;background-color:#e5017e\"><strong>Rozpocznij mapowanie teraz, bez konieczno\u015bci rejestracji<\/strong><\/a><\/div>\n<\/div>\n<\/div>\n<\/div>\n\n<div style=\"height:68px\" aria-hidden=\"true\" class=\"wp-block-spacer\"><\/div>\n\n<div class=\"wp-block-columns is-layout-flex wp-container-core-columns-is-layout-9d6595d7 wp-block-columns-is-layout-flex\">\n<div class=\"wp-block-column is-layout-flow wp-block-column-is-layout-flow\" style=\"flex-basis:33.33%\">\n<h3 class=\"wp-block-heading\" id=\"mark-your-business-locations-on-the-map-with-pins\">Oznacz lokalizacje swojej firmy na mapie za pomoc\u0105 pinezek<\/h3>\n\n\n\n<p><p>Edytor jest bardzo przydatny dla firm, kt\u00f3re chc\u0105 <a href=\"\/pl\/wydrukuj-mape-z-wieloma-lokalizacjami\">oznaczy\u0107 wiele lokalizacji lub sklep\u00f3w<\/a> na mapie w wysokiej rozdzielczo\u015bci, do druku lub u\u017cytku online. Edytor umo\u017cliwia skopiowanie adres\u00f3w pocztowych do narz\u0119dzia do masowego geokodowania, a wszystkie zostan\u0105 przekszta\u0142cone na ich wsp\u00f3\u0142rz\u0119dne geograficzne. Dzi\u0119ki temu lokalizacje firmy pojawi\u0105 si\u0119 na mapie z Twoimi w\u0142asnymi, spersonalizowanymi lub standardowymi znacznikami.<\/p><\/p>\n<\/div>\n\n\n\n<div class=\"wp-block-column is-layout-flow wp-block-column-is-layout-flow\" style=\"flex-basis:66.66%\"><div class=\"wp-block-image\">\n<figure class=\"alignleft size-full\"><img decoding=\"async\" width=\"621\" height=\"438\" src=\"https:\/\/www.printmaps.net\/wp-content\/uploads\/2020\/04\/Map-with-pins.png\" alt=\"Stw&#xF3;rz map&#x119; z pinezkami\" class=\"wp-image-60641\" srcset=\"https:\/\/www.printmaps.net\/wp-content\/uploads\/2020\/04\/Map-with-pins.png 621w, https:\/\/www.printmaps.net\/wp-content\/uploads\/2020\/04\/Map-with-pins-480x339.png 480w\" sizes=\"(min-width: 0px) and (max-width: 480px) 480px, (min-width: 481px) 621px, 100vw\" \/><\/figure><\/div><\/div>\n<\/div>\n\n<div style=\"height:56px\" aria-hidden=\"true\" class=\"wp-block-spacer\"><\/div>\n\n<div class=\"wp-block-columns is-layout-flex wp-container-core-columns-is-layout-9d6595d7 wp-block-columns-is-layout-flex\">\n<div class=\"wp-block-column is-layout-flow wp-block-column-is-layout-flow\" style=\"flex-basis:66.66%\"><div class=\"wp-block-image\">\n<figure class=\"alignright size-large is-resized\"><img decoding=\"async\" width=\"1024\" height=\"722\" src=\"https:\/\/www.printmaps.net\/wp-content\/uploads\/2020\/04\/Create-map-with-pins-2-1024x722.png\" alt=\"stw&#xF3;rz map&#x119; z pinezkami\" class=\"wp-image-60689\" style=\"width:621px\" srcset=\"https:\/\/www.printmaps.net\/wp-content\/uploads\/2020\/04\/Create-map-with-pins-2-980x691.png 980w, https:\/\/www.printmaps.net\/wp-content\/uploads\/2020\/04\/Create-map-with-pins-2-480x339.png 480w\" sizes=\"(min-width: 0px) and (max-width: 480px) 480px, (min-width: 481px) and (max-width: 980px) 980px, (min-width: 981px) 1024px, 100vw\" \/><\/figure><\/div><\/div>\n\n\n\n<div class=\"wp-block-column is-layout-flow wp-block-column-is-layout-flow\" style=\"flex-basis:33.33%\">\n<h3 class=\"wp-block-heading\" id=\"mark-routes-on-existing-roads\">Oznacz trasy na istniej\u0105cych drogach<\/h3>\n\n\n\n<p><p>Nasi klienci <a href=\"\/pl\/planowanie-trasy-na-mapie\/\">tworz\u0105 mapy tras<\/a> z pinezkami, aby pokaza\u0107 szlaki piesze lub rowerowe, albo po prostu wskaz\u00f3wki dojazdu. \u0141atwo rysuj linie na istniej\u0105cych drogach, \u015bcie\u017ckach rowerowych i pieszych. Dzi\u0119ki opcji przypinania punkt\u00f3w zainteresowania z numerami, \u0142atwo mo\u017cna pokaza\u0107 kierunek trasy.<\/p><\/p>\n\n\n\n<p><p>Przeczytaj wi\u0119cej o tym, <a href=\"\/pl\/funkcje\">jak dzia\u0142a edytor i jakie<\/a> ma funkcje.<\/p><\/p>\n<\/div>\n<\/div>\n\n<div style=\"height:66px\" aria-hidden=\"true\" class=\"wp-block-spacer\"><\/div>\n\n<div class=\"wp-block-columns is-layout-flex wp-container-core-columns-is-layout-9d6595d7 wp-block-columns-is-layout-flex\">\n<div class=\"wp-block-column is-layout-flow wp-block-column-is-layout-flow\" style=\"flex-basis:33.33%\">\n<h3 class=\"wp-block-heading\" id=\"create-a-travel-map-for-your-photobook\">Stw\u00f3rz map\u0119 podr\u00f3\u017cy do swojej fotoksi\u0105\u017cki<\/h3>\n\n\n\n<p><p>Oznacz dok\u0142adne miejsca, kt\u00f3re odwiedzi\u0142e\u015b podczas tej niezapomnianej podr\u00f3\u017cy. Mo\u017cesz oznaczy\u0107 swoje punkty zainteresowania kropkami, kwadratami lub dowolnymi standardowymi kszta\u0142tami dost\u0119pnymi w edytorze, albo wy\u015bwietli\u0107 etykiet\u0119 bez otaczaj\u0105cego znacznika, na przyk\u0142ad jako samolot lub prom. Oznacz swoje ulubione restauracje, szlaki piesze lub pla\u017ce. Dzi\u0119ki r\u00f3\u017cnym stylom map i opcji dodawania kolorowych kontur\u00f3w kraj\u00f3w mo\u017cesz \u0142atwo stworzy\u0107 w\u0142asn\u0105 spersonalizowan\u0105 <a href=\"\/pl\/mapa-podrozy-do-fotoksiazki\">map\u0119 podr\u00f3\u017cy do swojej fotoksi\u0105\u017cki.<\/a><\/p><\/p>\n<\/div>\n\n\n\n<div class=\"wp-block-column is-layout-flow wp-block-column-is-layout-flow\" style=\"flex-basis:66.66%\">\n<figure class=\"wp-block-image size-large is-resized\"><img loading=\"lazy\" loading=\"lazy\" decoding=\"async\" width=\"1024\" height=\"722\" src=\"https:\/\/www.printmaps.net\/wp-content\/uploads\/2020\/10\/Create-map-with-pins-1-1024x722.png\" alt=\"\" class=\"wp-image-70246\" style=\"width:621px\" srcset=\"https:\/\/www.printmaps.net\/wp-content\/uploads\/2020\/10\/Create-map-with-pins-1-980x691.png 980w, https:\/\/www.printmaps.net\/wp-content\/uploads\/2020\/10\/Create-map-with-pins-1-480x338.png 480w\" sizes=\"auto, (min-width: 0px) and (max-width: 480px) 480px, (min-width: 481px) and (max-width: 980px) 980px, (min-width: 981px) 1024px, 100vw\" \/><\/figure><\/div>\n<\/div>\n\n<div class=\"wp-block-group\"><div class=\"wp-block-group__inner-container is-layout-constrained wp-block-group-is-layout-constrained\">\n<div style=\"height:130px\" aria-hidden=\"true\" class=\"wp-block-spacer\"><\/div>\n\n\n\n<h2 class=\"wp-block-heading has-x-large-font-size\" style=\"font-style:normal;font-weight:700\">Wci\u0105\u017c potrzebujesz pomocy? Napisz do nas!<\/h2>\n\n\n\n<p style=\"font-size:22px\"><p><a href=\"https:\/\/support.printmaps.net\/pl\/support\/tickets\/new\">Wy\u015blij nam ticket na naszej platformie wsparcia<\/a><\/p><\/p>\n\n\n\n<div style=\"height:150px\" aria-hidden=\"true\" class=\"wp-block-spacer\"><\/div>\n<\/div><\/div>\n\n<div style=\"height:80px\" aria-hidden=\"true\" class=\"wp-block-spacer\"><\/div>\n\n<h3 class=\"wp-block-heading\">Najcz\u0119\u015bciej zadawane pytania<\/h3>\n\n<div class=\"schema-faq wp-block-yoast-faq-block\"><div class=\"schema-faq-section\" id=\"faq-question-1757925419641\"><strong class=\"schema-faq-question\"><strong>Czy mog\u0119 importowa\u0107 wsp\u00f3\u0142rz\u0119dne zamiast adres\u00f3w?<\/strong><\/strong> <p class=\"schema-faq-answer\"><p>Tak. Mo\u017cesz <a href=\"https:\/\/support.printmaps.net\/pl\/support\/solutions\/articles\/204000000551-mam-list%C4%99-adres%C3%B3w-w-excelu-czy-mog%C4%99-j%C4%85-przekonwertowa%C4%87-na-punkty-na-mapie-\">wklei\u0107 dziesi\u0119tne warto\u015bci d\u0142ugo\u015bci i szeroko\u015bci geograficznej bezpo\u015brednio do importera arkuszy<\/a>. Ka\u017cdy element stanie si\u0119 osobn\u0105, nazwan\u0105 warstw\u0105 w pobranym pliku SVG lub PSD.<\/p><\/p> <\/div> <div class=\"schema-faq-section\" id=\"faq-question-1757942421299\"><strong class=\"schema-faq-question\">Czy mog\u0119 stylizowa\u0107 pinezki w edytorze?<\/strong> <p class=\"schema-faq-answer\">Tak. Oferujemy wiele kszta\u0142t\u00f3w do wyboru \u2013 zar\u00f3wno zewn\u0119trznych, jak i wewn\u0119trznych \u2013 a kolory mo\u017cna dowolnie ustawia\u0107. W\u015br\u00f3d kszta\u0142t\u00f3w wewn\u0119trznych dost\u0119pnych jest wiele ikon, kt\u00f3re mo\u017cesz umie\u015bci\u0107 na mapie, aby pokaza\u0107 charakter miejsca, np. koszyk na zakupy dla sklepu lub biegn\u0105c\u0105 posta\u0107 dla centrum sportowego.<\/p> <\/div> <div class=\"schema-faq-section\" id=\"faq-question-1757942575893\"><strong class=\"schema-faq-question\">Czy mog\u0119 importowa\u0107 pinezki, przesy\u0142aj\u0105c plik?<\/strong> <p class=\"schema-faq-answer\">Tak. Mo\u017cesz przes\u0142a\u0107 do edytora pliki GPX, KML lub GeoJSON. Mog\u0105 one zawiera\u0107 trasy, pinezki lub kszta\u0142ty, kt\u00f3re zostan\u0105 od razu zaimportowane na map\u0119. Ka\u017cdy element mo\u017cna p\u00f3\u017aniej stylizowa\u0107 tak samo jak r\u0119cznie dodane pinezki.<\/p> <\/div> <div class=\"schema-faq-section\" id=\"faq-question-1757943989629\"><strong class=\"schema-faq-question\">Czy mapa mo\u017ce by\u0107 pochylona lub obr\u00f3cona?<\/strong> <p class=\"schema-faq-answer\">Tak. Mo\u017cesz dostosowa\u0107 poziom pochylenia lub obrotu w lewym g\u00f3rnym rogu edytora. Jednak po wykonaniu tej operacji mapa nie b\u0119dzie dost\u0119pna do pobrania jako SVG z powod\u00f3w technicznych.<\/p> <\/div> <div class=\"schema-faq-section\" id=\"faq-question-1757944170878\"><strong class=\"schema-faq-question\"><strong>Jakiego formatu eksportu u\u017cy\u0107 do druku i internetu?<\/strong><\/strong> <p class=\"schema-faq-answer\">PNG wystarcz\u0105 do druku i internetu, je\u015bli nie potrzebujesz du\u017cej obr\u00f3bki i, w przypadku druku, nie planujesz wi\u0119kszego formatu ni\u017c 22 cm \u00d7 22 cm. Je\u015bli chcesz ca\u0142kowicie spersonalizowa\u0107 map\u0119 lub wydrukowa\u0107 j\u0105 w wi\u0119kszym formacie, lepiej u\u017cy\u0107 PSD lub SVG.<\/p> <\/div> <div class=\"schema-faq-section\" id=\"faq-question-1757945617450\"><strong class=\"schema-faq-question\">Czy mog\u0119 umie\u015bci\u0107 etykiet\u0119 na mapie bez pinezki?<\/strong> <p class=\"schema-faq-answer\">Tak. Aby to zrobi\u0107, ustaw kolor zewn\u0119trznego i wewn\u0119trznego kszta\u0142tu pinezki jako przezroczysty.<\/p> <\/div> <\/div>\n\n<div style=\"height:66px\" aria-hidden=\"true\" class=\"wp-block-spacer\"><\/div>\n","protected":false},"excerpt":{"rendered":"<p>Oznaczanie punkt\u00f3w zainteresowania na mapie z pinezkami mo\u017ce by\u0107 czasoch\u0142onne, a efekt czasami rozczarowuj\u0105cy. Edytowanie zrzut\u00f3w ekranu powoduje problemy z zachowaniem jako\u015bci obrazu przy jego u\u017cyciu w sieci lub w druku. Tymczasem Ty po prostu chcesz bez wysi\u0142ku przypi\u0105\u0107 te punkty zainteresowania w ich dok\u0142adnych lokalizacjach, pokaza\u0107 chronologiczn\u0105 kolejno\u015b\u0107 trasy i oznaczy\u0107 pinezki odpowiednimi znacznikami [&hellip;]<\/p>\n","protected":false},"author":8,"featured_media":0,"parent":0,"menu_order":0,"comment_status":"closed","ping_status":"closed","template":"","meta":{"_et_pb_use_builder":"","_et_pb_old_content":"","_et_gb_content_width":"","footnotes":""},"class_list":["post-179544","page","type-page","status-publish","hentry"],"_links":{"self":[{"href":"https:\/\/www.printmaps.net\/pl\/wp-json\/wp\/v2\/pages\/179544","targetHints":{"allow":["GET"]}}],"collection":[{"href":"https:\/\/www.printmaps.net\/pl\/wp-json\/wp\/v2\/pages"}],"about":[{"href":"https:\/\/www.printmaps.net\/pl\/wp-json\/wp\/v2\/types\/page"}],"author":[{"embeddable":true,"href":"https:\/\/www.printmaps.net\/pl\/wp-json\/wp\/v2\/users\/8"}],"replies":[{"embeddable":true,"href":"https:\/\/www.printmaps.net\/pl\/wp-json\/wp\/v2\/comments?post=179544"}],"version-history":[{"count":5,"href":"https:\/\/www.printmaps.net\/pl\/wp-json\/wp\/v2\/pages\/179544\/revisions"}],"predecessor-version":[{"id":221976,"href":"https:\/\/www.printmaps.net\/pl\/wp-json\/wp\/v2\/pages\/179544\/revisions\/221976"}],"wp:attachment":[{"href":"https:\/\/www.printmaps.net\/pl\/wp-json\/wp\/v2\/media?parent=179544"}],"curies":[{"name":"wp","href":"https:\/\/api.w.org\/{rel}","templated":true}]}}