{"id":179555,"date":"2024-08-22T13:35:32","date_gmt":"2024-08-22T12:35:32","guid":{"rendered":"https:\/\/www.printmaps.net\/darmowe-mapy-do-druku\/"},"modified":"2025-03-20T14:49:15","modified_gmt":"2025-03-20T13:49:15","slug":"darmowe-mapy-do-druku","status":"publish","type":"page","link":"https:\/\/www.printmaps.net\/pl\/darmowe-mapy-do-druku\/","title":{"rendered":"Darmowe mapy do druku dla organizacji non-profit"},"content":{"rendered":"\n<p><p>Printmaps.net oferuje darmowe mapy do druku do nieograniczonego obiegu (o warto\u015bci oko\u0142o 350 \u20ac). <br\/>Przed <a href=\"\/pl\/\">z\u0142o\u017ceniem wniosku przetestuj edytor Printmaps<\/a>, aby sprawdzi\u0107, czy spe\u0142nia Twoje potrzeby.<\/p><\/p>\n\n<div style=\"height:60px\" aria-hidden=\"true\" class=\"wp-block-spacer\"><\/div>\n\n<div class=\"wp-block-group\"><div class=\"wp-block-group__inner-container is-layout-constrained wp-block-group-is-layout-constrained\">\n<div style=\"height:120px\" aria-hidden=\"true\" class=\"wp-block-spacer\"><\/div>\n\n\n\n<h2 class=\"wp-block-heading has-large-font-size\">Jak sprawdzi\u0107, czy kwalifikujesz si\u0119 do programu?<\/h2>\n\n\n\n<p>Twoja organizacja musi posiada\u0107 wa\u017cny status charytatywny uznany przez lokalny urz\u0105d podatkowy lub komisj\u0119 charytatywn\u0105.<\/p>\n\n\n\n<p>Ponadto, Twoja organizacja musi spe\u0142nia\u0107 nast\u0119puj\u0105ce kryteria:<\/p>\n\n\n\n<ul class=\"wp-block-list\">\n<li>Nie jest organizacj\u0105 prowadz\u0105c\u0105 dzia\u0142alno\u015b\u0107 ustawodawcz\u0105 lub polityczn\u0105<\/li>\n\n\n\n<li>Nie jest ko\u015bcio\u0142em, stowarzyszeniem ko\u015bcio\u0142\u00f3w ani inn\u0105 organizacj\u0105 religijn\u0105 lub ewangelizacyjn\u0105<\/li>\n\n\n\n<li>Nie jest organizacj\u0105 pr\u00f3buj\u0105c\u0105 wp\u0142ywa\u0107 na opini\u0119 publiczn\u0105<\/li>\n\n\n\n<li>Nie jest prywatn\u0105 fundacj\u0105 grantodawcz\u0105, niezale\u017cn\u0105 lub operacyjn\u0105<\/li>\n\n\n\n<li>Nie dyskryminuje ze wzgl\u0119du na p\u0142e\u0107, ras\u0119, pochodzenie etniczne, narodowo\u015b\u0107, religi\u0119, przynale\u017cno\u015b\u0107 polityczn\u0105 lub przekonania, orientacj\u0119 seksualn\u0105, to\u017csamo\u015b\u0107 p\u0142ciow\u0105 ani jej wyra\u017canie<\/li>\n<\/ul>\n\n\n\n<h3 class=\"wp-block-heading has-medium-font-size\">Jak aplikowa\u0107<\/h3>\n\n\n\n<p><p>Prze\u015blij swoje zg\u0142oszenie poprzez <a href=\"https:\/\/support.printmaps.net\/pl\/support\/tickets\/new\">ticket na naszej platformie wsparcia<\/a>. Prosimy o podanie pe\u0142nej nazwy prawnej organizacji, jej lokalizacji, strony internetowej oraz kr\u00f3tkiego opisu produktu drukowanego, do kt\u00f3rego potrzebujesz darmowej mapy do druku.<\/p><\/p>\n\n\n\n<div style=\"height:120px\" aria-hidden=\"true\" class=\"wp-block-spacer\"><\/div>\n<\/div><\/div>\n\n<div style=\"height:20px\" aria-hidden=\"true\" class=\"wp-block-spacer\"><\/div>\n\n<div class=\"wp-block-group\"><div class=\"wp-block-group__inner-container is-layout-constrained wp-block-group-is-layout-constrained\">\n<h2 class=\"wp-block-heading has-text-align-center has-large-font-size\" style=\"font-style:normal;font-weight:700\">Wypr\u00f3buj Printmaps<\/h2>\n\n\n\n<p class=\"has-text-align-center has-medium-font-size\">Nasz edytor map pozwala tworzy\u0107 mapy do druku na ca\u0142ym \u015bwiecie w mgnieniu oka.<\/p>\n\n\n\n<div style=\"height:15px\" aria-hidden=\"true\" class=\"wp-block-spacer\"><\/div>\n\n\n\n<div class=\"wp-block-buttons is-content-justification-center is-layout-flex wp-container-core-buttons-is-layout-16018d1d wp-block-buttons-is-layout-flex\">\n<div class=\"wp-block-button has-custom-font-size\" style=\"font-size:18px\"><a class=\"wp-block-button__link has-background wp-element-button\" href=\"https:\/\/www.printmaps.net\/pl\/\" style=\"border-radius:10px;background-color:#e5017e\"><p><strong>Stw\u00f3rz swoj\u0105 pierwsz\u0105 map\u0119 teraz<\/strong><\/p><\/a><\/div>\n<\/div>\n<\/div><\/div>\n\n<div style=\"height:150px\" aria-hidden=\"true\" class=\"wp-block-spacer\"><\/div>\n\n<p><\/p>\n","protected":false},"excerpt":{"rendered":"<p>Printmaps.net oferuje darmowe mapy do druku do nieograniczonego obiegu (o warto\u015bci oko\u0142o 350 \u20ac). Przed z\u0142o\u017ceniem wniosku przetestuj edytor Printmaps, aby sprawdzi\u0107, czy spe\u0142nia Twoje potrzeby.<\/p>\n","protected":false},"author":23,"featured_media":0,"parent":0,"menu_order":0,"comment_status":"closed","ping_status":"closed","template":"","meta":{"_et_pb_use_builder":"off","_et_pb_old_content":"","_et_gb_content_width":"","footnotes":""},"class_list":["post-179555","page","type-page","status-publish","hentry"],"_links":{"self":[{"href":"https:\/\/www.printmaps.net\/pl\/wp-json\/wp\/v2\/pages\/179555","targetHints":{"allow":["GET"]}}],"collection":[{"href":"https:\/\/www.printmaps.net\/pl\/wp-json\/wp\/v2\/pages"}],"about":[{"href":"https:\/\/www.printmaps.net\/pl\/wp-json\/wp\/v2\/types\/page"}],"author":[{"embeddable":true,"href":"https:\/\/www.printmaps.net\/pl\/wp-json\/wp\/v2\/users\/23"}],"replies":[{"embeddable":true,"href":"https:\/\/www.printmaps.net\/pl\/wp-json\/wp\/v2\/comments?post=179555"}],"version-history":[{"count":3,"href":"https:\/\/www.printmaps.net\/pl\/wp-json\/wp\/v2\/pages\/179555\/revisions"}],"predecessor-version":[{"id":202133,"href":"https:\/\/www.printmaps.net\/pl\/wp-json\/wp\/v2\/pages\/179555\/revisions\/202133"}],"wp:attachment":[{"href":"https:\/\/www.printmaps.net\/pl\/wp-json\/wp\/v2\/media?parent=179555"}],"curies":[{"name":"wp","href":"https:\/\/api.w.org\/{rel}","templated":true}]}}