{"id":179576,"date":"2024-08-22T16:32:26","date_gmt":"2024-08-22T15:32:26","guid":{"rendered":"https:\/\/www.printmaps.net\/wordpress-wtyczka-static-maps-editor\/"},"modified":"2024-08-30T15:51:27","modified_gmt":"2024-08-30T14:51:27","slug":"wordpress-wtyczka-static-maps-editor","status":"publish","type":"page","link":"https:\/\/www.printmaps.net\/pl\/wordpress-wtyczka-static-maps-editor\/","title":{"rendered":"Darmowa wtyczka WordPress: Static Maps Editor"},"content":{"rendered":"\n<p><p>Wtyczka Static Maps Editor pozwala na \u0142atwe tworzenie spersonalizowanych, nieinteraktywnych \u201estatycznych\u201d map. Zmieniaj styl mapy, dodawaj trasy, punkty zainteresowania i kszta\u0142ty geograficzne do w pe\u0142ni dostosowywanych map za pomoc\u0105 edytora map hostowanego przez <a href=\"\/pl\/\">Printmaps.net<\/a> i szybko osad\u017a je na swojej stronie WordPress. Czytaj dalej, aby dowiedzie\u0107 si\u0119, co Static Maps Editor mo\u017ce dla Ciebie zrobi\u0107, lub pobierz wtyczk\u0119 WordPress, korzystaj\u0105c z przycisku poni\u017cej.<\/p><\/p>\n\n<div class=\"wp-block-buttons is-content-justification-center is-layout-flex wp-container-core-buttons-is-layout-16018d1d wp-block-buttons-is-layout-flex\">\n<div class=\"wp-block-button is-style-fill\"><a class=\"wp-block-button__link has-vivid-red-background-color has-background wp-element-button\" href=\"https:\/\/wordpress.org\/plugins\/static-maps-editor\/\" style=\"border-radius:20px\"><p><strong>Pobierz za darmo z katalogu wtyczek WordPress!<\/strong><\/p><\/a><\/div>\n<\/div>\n\n<div style=\"height:37px\" aria-hidden=\"true\" class=\"wp-block-spacer\"><\/div>\n\n<figure class=\"wp-block-image size-large\"><img fetchpriority=\"high\" fetchpriority=\"high\" decoding=\"async\" width=\"1024\" height=\"556\" src=\"https:\/\/www.printmaps.net\/wp-content\/uploads\/2023\/09\/wordpress-plugin-static-maps-editor-1024x556.png\" alt=\"Wtyczka WordPress Static Maps Editor\" class=\"wp-image-153617\" srcset=\"https:\/\/www.printmaps.net\/wp-content\/uploads\/2023\/09\/wordpress-plugin-static-maps-editor-980x532.png 980w, https:\/\/www.printmaps.net\/wp-content\/uploads\/2023\/09\/wordpress-plugin-static-maps-editor-480x261.png 480w\" sizes=\"(min-width: 0px) and (max-width: 480px) 480px, (min-width: 481px) and (max-width: 980px) 980px, (min-width: 981px) 1024px, 100vw\" \/><\/figure>\n<p><\/p>\n\n<h2 class=\"wp-block-heading\">Dlaczego powinienem u\u017cywa\u0107 Static Maps Editor?<\/h2>\n\n<p><\/p>\n\n<h3 class=\"wp-block-heading\">1. Pierwsza wtyczka WordPress do edycji nieinteraktywnych map<\/h3>\n\n<p>Podczas gdy na WordPress dost\u0119pne s\u0105 dziesi\u0105tki wtyczek do interaktywnych map, Static Maps Editor to pierwsza wtyczka, kt\u00f3ra pozwala na edytowanie map bezpo\u015brednio w zapleczu WordPressa.<\/p>\n\n<p><\/p>\n\n<h3 class=\"wp-block-heading\">2. Oszcz\u0119dzaj czas bez utraty jako\u015bci<\/h3>\n\n<p>Je\u015bli cz\u0119sto potrzebujesz map na swojego bloga podr\u00f3\u017cniczego, og\u0142oszenia nieruchomo\u015bci lub stron\u0119 turystyczn\u0105, mo\u017cesz zaoszcz\u0119dzi\u0107 znaczn\u0105 ilo\u015b\u0107 czasu, eliminuj\u0105c zb\u0119dne kroki po\u015brednie. Tworzenie map za pomoc\u0105 Static Maps Editor jest proste i szybkie. Wykorzystaj zaoszcz\u0119dzony czas na dopracowanie map do perfekcji i tworzenie przyci\u0105gaj\u0105cych wzrok dzie\u0142 sztuki, kt\u00f3re zachwyc\u0105 Twoj\u0105 publiczno\u015b\u0107 lub klient\u00f3w.<\/p>\n\n<p><\/p>\n\n<h3 class=\"wp-block-heading\">3. Dodaj warto\u015b\u0107 do swoich tre\u015bci<\/h3>\n\n<p>Atrakcyjne mapy statyczne mog\u0105 poprawi\u0107 do\u015bwiadczenie czytelnika, dostarczaj\u0105c wizualny kontekst do Twoich artyku\u0142\u00f3w i pomagaj\u0105c w zobrazowaniu wspomnianych miejsc. Mog\u0105 upro\u015bci\u0107 z\u0142o\u017cone informacje, pokaza\u0107 trasy podr\u00f3\u017cy, zaprezentowa\u0107 lokalizacje geograficzne i uczyni\u0107 tre\u015bci bardziej anga\u017cuj\u0105cymi.<\/p>\n\n<p><\/p>\n\n<h3 class=\"wp-block-heading\">4. Zwi\u0119ksz ruch na swojej stronie<\/h3>\n\n<p>SEO to wa\u017cny temat dla w\u0142a\u015bcicieli stron internetowych, kt\u00f3rzy chc\u0105 zwi\u0119kszy\u0107 lub utrzyma\u0107 ruch na swojej stronie. Je\u015bli zostanie to wykonane poprawnie, statyczne mapy mog\u0105 w tym pom\u00f3c. Gotowe mapy s\u0105 zapisywane w Twojej Bibliotece Medi\u00f3w WordPress jako pliki PNG, kt\u00f3re mo\u017cesz umie\u015bci\u0107 na swoich stronach powy\u017cej linii zgi\u0119cia, aby urozmaici\u0107 tre\u015bci dla algorytmu wyszukiwania Google oraz doda\u0107 tekst alternatywny, kt\u00f3ry wzmocni s\u0142owa kluczowe, na podstawie kt\u00f3rych mo\u017cna znale\u017a\u0107 Twoj\u0105 stron\u0119. Dodatkowo, statyczne mapy pojawi\u0105 si\u0119 w wynikach wyszukiwania Google Grafika, co zapewni dodatkowy kana\u0142 dla potencjalnych czytelnik\u00f3w.<\/p>\n\n<p><\/p>\n\n<h3 class=\"wp-block-heading\">5. Utrzymaj szybko\u015b\u0107 swojej strony internetowej<\/h3>\n\n<p>Jak wiemy, nic nie zniech\u0119ca ch\u0119tnego czytelnika tak szybko, jak strona internetowa, kt\u00f3ra d\u0142ugo si\u0119 \u0142aduje. Statyczne mapy \u0142aduj\u0105 si\u0119 r\u00f3wnie szybko jak inne pliki PNG, nie obci\u0105\u017caj\u0105 Twojej strony niepotrzebnie i utrzymuj\u0105 jej szybko\u015b\u0107 na wysokim poziomie.<\/p>\n\n<p><\/p>\n\n<h2 class=\"wp-block-heading\">Jak korzysta\u0107 z Static Maps Editor:<\/h2>\n\n<ul class=\"wp-block-list\">\n<li><p>Post\u0119puj zgodnie z instrukcjami pobierania w <a href=\"https:\/\/wordpress.org\/plugins\/static-maps-editor\/\">katalogu wtyczek WordPress<\/a><\/p><\/li>\n\n\n\n<li>Tw\u00f3rz i dostosowuj mapy wed\u0142ug w\u0142asnych upodoba\u0144<\/li>\n\n\n\n<li><p>Obrazy map s\u0105 przechowywane i hostowane przez Twoj\u0105 instalacj\u0119 WordPress, w Twoich <strong>Multimediach<\/strong>.<\/p><\/li>\n\n\n\n<li>Wszystkie obrazy s\u0105 przechowywane lokalnie w folderze z przes\u0142anymi plikami, jak zwykle.<\/li>\n<\/ul>\n\n<p><\/p>\n\n<h3 class=\"wp-block-heading\">Funkcje edytora:<\/h3>\n\n<ul class=\"wp-block-list\">\n<li>Mapa globalnie<\/li>\n\n\n\n<li>Wybierz spo\u015br\u00f3d r\u00f3\u017cnych styl\u00f3w mapy<\/li>\n\n\n\n<li>Tw\u00f3rz trasy<\/li>\n\n\n\n<li>Oznacz punkty na mapie za pomoc\u0105 pinezek<\/li>\n\n\n\n<li>Wyr\u00f3\u017cnij obszary geograficzne<\/li>\n\n\n\n<li>Poka\u017c wysoko\u015b\u0107<\/li>\n\n\n\n<li>Spersonalizuj projekt<\/li>\n\n\n\n<li>Pochyl lub obr\u00f3\u0107<\/li>\n<\/ul>\n\n<p>Static Maps Editor jest kompatybilny ze wszystkimi innymi wtyczkami obs\u0142uguj\u0105cymi obrazy i w 100% zgodny z RODO.<\/p>\n\n<p><\/p>\n\n<h3 class=\"wp-block-heading\">Przyk\u0142ady stworzone za pomoc\u0105 wtyczki Static Maps Editor:<\/h3>\n\n<figure class=\"wp-block-gallery has-nested-images columns-default is-cropped wp-block-gallery-1 is-layout-flex wp-block-gallery-is-layout-flex\">\n<figure class=\"wp-block-image size-large\"><img decoding=\"async\" width=\"1024\" height=\"665\" data-id=\"63054\" src=\"https:\/\/www.printmaps.net\/wp-content\/uploads\/2020\/05\/Real-Estate-Flyers-1024x665.png\" alt=\"Zrzut ekranu mapy z punktami POI\" class=\"wp-image-63054\" srcset=\"https:\/\/www.printmaps.net\/wp-content\/uploads\/2020\/05\/Real-Estate-Flyers-980x636.png 980w, https:\/\/www.printmaps.net\/wp-content\/uploads\/2020\/05\/Real-Estate-Flyers-480x312.png 480w\" sizes=\"(min-width: 0px) and (max-width: 480px) 480px, (min-width: 481px) and (max-width: 980px) 980px, (min-width: 981px) 1024px, 100vw\" \/><\/figure>\n\n\n<figure class=\"wp-block-image size-large\"><img decoding=\"async\" width=\"1024\" height=\"722\" data-id=\"70205\" src=\"https:\/\/www.printmaps.net\/wp-content\/uploads\/2020\/10\/printable-maps-photobook-1-1024x722.png\" alt=\"Zrzut ekranu mapy trasy\" class=\"wp-image-70205\" srcset=\"https:\/\/www.printmaps.net\/wp-content\/uploads\/2020\/10\/printable-maps-photobook-1-980x691.png 980w, https:\/\/www.printmaps.net\/wp-content\/uploads\/2020\/10\/printable-maps-photobook-1-480x339.png 480w\" sizes=\"(min-width: 0px) and (max-width: 480px) 480px, (min-width: 481px) and (max-width: 980px) 980px, (min-width: 981px) 1024px, 100vw\" \/><\/figure>\n\n\n<figure class=\"wp-block-image size-large\"><img loading=\"lazy\" loading=\"lazy\" decoding=\"async\" width=\"1024\" height=\"768\" data-id=\"70226\" src=\"https:\/\/www.printmaps.net\/wp-content\/uploads\/2020\/10\/800x600@2x-1024x768.png\" alt=\"Zrzut ekranu mapy monochromatycznej\" class=\"wp-image-70226\" srcset=\"https:\/\/www.printmaps.net\/wp-content\/uploads\/2020\/10\/800x600@2x-980x735.png 980w, https:\/\/www.printmaps.net\/wp-content\/uploads\/2020\/10\/800x600@2x-480x360.png 480w\" sizes=\"auto, (min-width: 0px) and (max-width: 480px) 480px, (min-width: 481px) and (max-width: 980px) 980px, (min-width: 981px) 1024px, 100vw\" \/><\/figure>\n\n\n<figure class=\"wp-block-image size-large\"><img loading=\"lazy\" loading=\"lazy\" decoding=\"async\" width=\"1024\" height=\"714\" data-id=\"70195\" src=\"https:\/\/www.printmaps.net\/wp-content\/uploads\/2020\/10\/photobook-travel-map-1024x714.png\" alt=\"zrzut ekranu mapy trasy\" class=\"wp-image-70195\" srcset=\"https:\/\/www.printmaps.net\/wp-content\/uploads\/2020\/10\/photobook-travel-map-980x683.png 980w, https:\/\/www.printmaps.net\/wp-content\/uploads\/2020\/10\/photobook-travel-map-480x335.png 480w\" sizes=\"auto, (min-width: 0px) and (max-width: 480px) 480px, (min-width: 481px) and (max-width: 980px) 980px, (min-width: 981px) 1024px, 100vw\" \/><\/figure><\/figure>\n\n<div style=\"height:55px\" aria-hidden=\"true\" class=\"wp-block-spacer\"><\/div>\n\n<div class=\"wp-block-buttons is-content-justification-center is-layout-flex wp-container-core-buttons-is-layout-16018d1d wp-block-buttons-is-layout-flex\">\n<div class=\"wp-block-button is-style-fill\"><a class=\"wp-block-button__link has-vivid-red-background-color has-background wp-element-button\" href=\"https:\/\/wordpress.org\/plugins\/static-maps-editor\/\" style=\"border-radius:20px\"><p><strong>Rozpocznij mapowanie w kilku klikni\u0119ciach!<\/strong><\/p><\/a><\/div>\n<\/div>\n\n<div style=\"height:49px\" aria-hidden=\"true\" class=\"wp-block-spacer\"><\/div>\n","protected":false},"excerpt":{"rendered":"<p>Wtyczka Static Maps Editor pozwala na \u0142atwe tworzenie spersonalizowanych, nieinteraktywnych \u201estatycznych\u201d map. Zmieniaj styl mapy, dodawaj trasy, punkty zainteresowania i kszta\u0142ty geograficzne do w pe\u0142ni dostosowywanych map za pomoc\u0105 edytora map hostowanego przez Printmaps.net i szybko osad\u017a je na swojej stronie WordPress. Czytaj dalej, aby dowiedzie\u0107 si\u0119, co Static Maps Editor mo\u017ce dla Ciebie zrobi\u0107, [&hellip;]<\/p>\n","protected":false},"author":5,"featured_media":0,"parent":0,"menu_order":0,"comment_status":"closed","ping_status":"closed","template":"","meta":{"_et_pb_use_builder":"","_et_pb_old_content":"","_et_gb_content_width":"","footnotes":""},"class_list":["post-179576","page","type-page","status-publish","hentry"],"_links":{"self":[{"href":"https:\/\/www.printmaps.net\/pl\/wp-json\/wp\/v2\/pages\/179576","targetHints":{"allow":["GET"]}}],"collection":[{"href":"https:\/\/www.printmaps.net\/pl\/wp-json\/wp\/v2\/pages"}],"about":[{"href":"https:\/\/www.printmaps.net\/pl\/wp-json\/wp\/v2\/types\/page"}],"author":[{"embeddable":true,"href":"https:\/\/www.printmaps.net\/pl\/wp-json\/wp\/v2\/users\/5"}],"replies":[{"embeddable":true,"href":"https:\/\/www.printmaps.net\/pl\/wp-json\/wp\/v2\/comments?post=179576"}],"version-history":[{"count":1,"href":"https:\/\/www.printmaps.net\/pl\/wp-json\/wp\/v2\/pages\/179576\/revisions"}],"predecessor-version":[{"id":179577,"href":"https:\/\/www.printmaps.net\/pl\/wp-json\/wp\/v2\/pages\/179576\/revisions\/179577"}],"wp:attachment":[{"href":"https:\/\/www.printmaps.net\/pl\/wp-json\/wp\/v2\/media?parent=179576"}],"curies":[{"name":"wp","href":"https:\/\/api.w.org\/{rel}","templated":true}]}}