{"id":179638,"date":"2024-08-23T08:39:53","date_gmt":"2024-08-23T07:39:53","guid":{"rendered":"https:\/\/www.printmaps.net\/drukuj-trasy-z-komoot\/"},"modified":"2024-08-30T15:52:13","modified_gmt":"2024-08-30T14:52:13","slug":"drukuj-trasy-z-komoot","status":"publish","type":"page","link":"https:\/\/www.printmaps.net\/pl\/drukuj-trasy-z-komoot\/","title":{"rendered":"Jak u\u017cytkownicy Komoot drukuj\u0105 trasy za pomoc\u0105 Printmaps, aby informowa\u0107 swoich go\u015bci, czytelnik\u00f3w lub klient\u00f3w"},"content":{"rendered":"\n<hr class=\"wp-block-separator has-css-opacity\"\/>\n\n\n\n<div style=\"height:29px\" aria-hidden=\"true\" class=\"wp-block-spacer\"><\/div>\n\n\n\n<p>Dzi\u0119ki integracji Komoot w edytorze Printmaps, hotele, destynacje turystyczne i wydawcy mog\u0105 \u0142atwo drukowa\u0107 swoje trasy z Komoot w rozdzielczo\u015bci 300 dpi. Wysokiej jako\u015bci wydruk do broszur i ulotek informacyjnych. Go\u015bcie, czytelnicy i klienci, opr\u00f3cz wersji drukowanej, b\u0119d\u0105 mogli od razu znale\u017a\u0107 tras\u0119 na swoim smartfonie, aby korzysta\u0107 z niej w podr\u00f3\u017cy.<\/p>\n\n\n\n<p><\/p>\n\n\n\n<p>Zaloguj si\u0119 na swoje konto Komoot bezpo\u015brednio w edytorze. Naci\u015bnij przycisk z kropkami i wybierz Komoot. Wielk\u0105 zalet\u0105 partnerstwa mi\u0119dzy Printmaps.net a Komoot jest to, \u017ce go\u015bcie, czytelnicy i klienci mog\u0105 korzysta\u0107 z tras nie tylko w wersji drukowanej, ale tak\u017ce bezpo\u015brednio w aplikacji Komoot.<\/p>\n\n\n\n<p><\/p>\n\n\n\n<div class=\"wp-block-buttons is-content-justification-center is-layout-flex wp-container-core-buttons-is-layout-16018d1d wp-block-buttons-is-layout-flex\">\n<div class=\"wp-block-button has-custom-font-size\" style=\"font-size:18px\"><a class=\"wp-block-button__link has-background wp-element-button\" href=\"https:\/\/www.printmaps.net\/pl\/\" style=\"border-radius:10px;background-color:#e5017e\"><strong>Rozpocznij mapowanie teraz, bez konieczno\u015bci rejestracji<\/strong><\/a><\/div>\n<\/div>\n\n\n\n<div style=\"height:34px\" aria-hidden=\"true\" class=\"wp-block-spacer\"><\/div>\n\n\n\n<hr class=\"wp-block-separator has-css-opacity\"\/>\n\n\n\n<div style=\"height:35px\" aria-hidden=\"true\" class=\"wp-block-spacer\"><\/div>\n\n\n\n<div class=\"wp-block-columns is-layout-flex wp-container-core-columns-is-layout-9d6595d7 wp-block-columns-is-layout-flex\">\n<div class=\"wp-block-column is-layout-flow wp-block-column-is-layout-flow\">\n<figure class=\"wp-block-image\"><img fetchpriority=\"high\" fetchpriority=\"high\" decoding=\"async\" width=\"875\" height=\"618\" src=\"https:\/\/www.printmaps.net\/wp-content\/uploads\/2021\/03\/print-komoot-route.png\" alt=\"\" class=\"wp-image-81054\" srcset=\"https:\/\/www.printmaps.net\/wp-content\/uploads\/2021\/03\/print-komoot-route.png 875w, https:\/\/www.printmaps.net\/wp-content\/uploads\/2021\/03\/print-komoot-route-480x339.png 480w\" sizes=\"(min-width: 0px) and (max-width: 480px) 480px, (min-width: 481px) 875px, 100vw\" \/><\/figure>\n<\/div>\n\n\n\n<div class=\"wp-block-column is-layout-flow wp-block-column-is-layout-flow\">\n<p><p>Na przyk\u0142ad <a href=\"https:\/\/alexandersonderegger.wixsite.com\/tourenspuren\/alle-touren\" target=\"_blank\" rel=\"noreferrer noopener\">e-rowerzysta g\u00f3rski Alexander Sonderegger<\/a> przedstawia ka\u017cd\u0105 tras\u0119 z map\u0105, profilem wysoko\u015bci i charakterystyk\u0105 trasy. Jest to dostarczane razem z kodem QR i linkiem do trasy. Dzi\u0119ki temu czytelnik mo\u017ce korzysta\u0107 z informacji o trasie bezpo\u015brednio ze smartfona, u\u017cywa\u0107 Komoot do nawigacji lub wydrukowa\u0107 tras\u0119 z instrukcjami krok po kroku do wykorzystania w podr\u00f3\u017cy.<\/p><\/p>\n<\/div>\n<\/div>\n\n\n\n<div style=\"height:30px\" aria-hidden=\"true\" class=\"wp-block-spacer\"><\/div>\n\n\n\n<div class=\"wp-block-columns is-layout-flex wp-container-core-columns-is-layout-9d6595d7 wp-block-columns-is-layout-flex\">\n<div class=\"wp-block-column is-layout-flow wp-block-column-is-layout-flow\">\n<h2 class=\"wp-block-heading\">Jak drukowa\u0107 trasy z Komoot<\/h2>\n\n\n\n<p>W planowaniu trasy w Komoot, trasy s\u0105 tworzone w kilka klikni\u0119\u0107 i bezpo\u015brednio zintegrowane z edytorem Printmaps. Aby stworzy\u0107 mapy do profesjonalnego druku w rozdzielczo\u015bci 300 dpi, po\u0142\u0105cz Printmaps.net z Komoot. Otw\u00f3rz Printmaps.net, przewi\u0144 w d\u00f3\u0142 do edytora, wybierz rozmiar druku, obszar, kt\u00f3ry ma by\u0107 wy\u015bwietlony na mapie, poziom zoomu, obr\u00f3t i nachylenie. Gdy to zrobisz, wybierz styl mapy i przejd\u017a do zak\u0142adki \u201eDodaj tre\u015b\u0107\u201d, aby znale\u017a\u0107 opcj\u0119 \u201eImport Komoot-Tour\u201d po prawej stronie ekranu. Tutaj mo\u017cesz zalogowa\u0107 si\u0119 do Komoot. Zezw\u00f3l Printmaps na dost\u0119p do Komoot i uzyskaj dost\u0119p do tras na swoim koncie Komoot.<\/p>\n\n\n\n<p><\/p>\n<\/div>\n\n\n\n<div class=\"wp-block-column is-layout-flow wp-block-column-is-layout-flow\">\n<figure class=\"wp-block-image size-full\"><img decoding=\"async\" width=\"421\" height=\"235\" src=\"https:\/\/www.printmaps.net\/wp-content\/uploads\/2024\/03\/image.png\" alt=\"\" class=\"wp-image-165413\" srcset=\"https:\/\/www.printmaps.net\/wp-content\/uploads\/2024\/03\/image.png 421w, https:\/\/www.printmaps.net\/wp-content\/uploads\/2024\/03\/image-300x167.png 300w\" sizes=\"(max-width: 421px) 100vw, 421px\" \/><\/figure>\n\n\n\n<div class=\"wp-block-columns is-layout-flex wp-container-core-columns-is-layout-9d6595d7 wp-block-columns-is-layout-flex\">\n<div class=\"wp-block-column is-layout-flow wp-block-column-is-layout-flow\"><\/div>\n<\/div>\n<\/div>\n<\/div>\n\n\n\n<div class=\"wp-block-columns is-layout-flex wp-container-core-columns-is-layout-9d6595d7 wp-block-columns-is-layout-flex\">\n<div class=\"wp-block-column is-layout-flow wp-block-column-is-layout-flow\">\n<figure class=\"wp-block-image size-large\"><img decoding=\"async\" width=\"699\" height=\"425\" src=\"https:\/\/www.printmaps.net\/wp-content\/uploads\/2021\/03\/printmaps-and-komoot.png\" alt=\"drukuj trasy\" class=\"wp-image-81059\" srcset=\"https:\/\/www.printmaps.net\/wp-content\/uploads\/2021\/03\/printmaps-and-komoot.png 699w, https:\/\/www.printmaps.net\/wp-content\/uploads\/2021\/03\/printmaps-and-komoot-480x292.png 480w\" sizes=\"(min-width: 0px) and (max-width: 480px) 480px, (min-width: 481px) 699px, 100vw\" \/><\/figure>\n<\/div>\n\n\n\n<div class=\"wp-block-column is-layout-flow wp-block-column-is-layout-flow\">\n<p>Teraz mo\u017cna wybra\u0107 jedn\u0105 lub wi\u0119cej tras. Po ich wybraniu s\u0105 one od razu wy\u015bwietlane na mapie. Aby doda\u0107 wi\u0119cej tras z konta Komoot, wystarczy ponownie klikn\u0105\u0107 logo Komoot. Ka\u017cda nowa trasa zapisana w profilu Komoot pojawia si\u0119 bezpo\u015brednio na li\u015bcie i mo\u017ce zosta\u0107 dodana do mapy.<\/p>\n\n\n\n<p><\/p>\n\n\n\n<p>Ostateczna mapa z trasami mo\u017ce by\u0107 dostosowana na r\u00f3\u017cne sposoby. Zmie\u0144 styl mapy, zmie\u0144 kolor trasy, dodaj punkty zainteresowania w edytorze. Sprawd\u017a podgl\u0105d, a nast\u0119pnie zakup map\u0119 bezpo\u015brednio online.<\/p>\n<\/div>\n<\/div>\n\n\n\n<p><\/p>\n\n\n\n<div style=\"height:33px\" aria-hidden=\"true\" class=\"wp-block-spacer\"><\/div>\n\n\n\n<h3 class=\"wp-block-heading\">Inne rozwi\u0105zania partnerskie oferowane przez Komoot, u\u017cywane przez hotele, destynacje turystyczne oraz innych us\u0142ugodawc\u00f3w, autor\u00f3w i wydawc\u00f3w, to:<\/h3>\n\n\n\n<div style=\"height:26px\" aria-hidden=\"true\" class=\"wp-block-spacer\"><\/div>\n\n\n\n<h4 class=\"wp-block-heading\">1. Planer tras Komoot (bezp\u0142atny): do tworzenia tras dla klient\u00f3w w kilka klikni\u0119\u0107.<\/h4>\n\n\n\n<p><\/p>\n\n\n\n<h4 class=\"wp-block-heading\">2. Wtyczka do strony internetowej Komoot (bezp\u0142atna): do integracji tras i map przegl\u0105dowych na w\u0142asnej stronie internetowej.<\/h4>\n\n\n\n<div style=\"height:100px\" aria-hidden=\"true\" class=\"wp-block-spacer\"><\/div>\n\n\n\n<hr class=\"wp-block-separator has-css-opacity\"\/>\n\n\n\n<p><\/p>\n\n\n\n<p><p>Ten wpis na blogu Medium zosta\u0142 napisany przez Markusa Hallermanna, wsp\u00f3\u0142za\u0142o\u017cyciela Komoot. Przeczytaj go po niemiecku tutaj: <a href=\"https:\/\/medium.com\/komoot\/printmaps-net-by-toursprung-komoot-46f0c752883a\" target=\"_blank\" rel=\"noreferrer noopener\">Printmaps.net by Toursprung &amp; Komoot.<\/a><\/p><\/p>\n\n\n\n<div style=\"height:21px\" aria-hidden=\"true\" class=\"wp-block-spacer\"><\/div>\n\n\n\n<p><\/p>\n","protected":false},"excerpt":{"rendered":"<p>Dzi\u0119ki integracji Komoot w edytorze Printmaps, hotele, destynacje turystyczne i wydawcy mog\u0105 \u0142atwo drukowa\u0107 swoje trasy z Komoot w rozdzielczo\u015bci 300 dpi. Wysokiej jako\u015bci wydruk do broszur i ulotek informacyjnych. Go\u015bcie, czytelnicy i klienci, opr\u00f3cz wersji drukowanej, b\u0119d\u0105 mogli od razu znale\u017a\u0107 tras\u0119 na swoim smartfonie, aby korzysta\u0107 z niej w podr\u00f3\u017cy. Zaloguj si\u0119 na [&hellip;]<\/p>\n","protected":false},"author":19,"featured_media":0,"parent":0,"menu_order":0,"comment_status":"closed","ping_status":"closed","template":"","meta":{"_et_pb_use_builder":"","_et_pb_old_content":"","_et_gb_content_width":"","footnotes":""},"class_list":["post-179638","page","type-page","status-publish","hentry"],"_links":{"self":[{"href":"https:\/\/www.printmaps.net\/pl\/wp-json\/wp\/v2\/pages\/179638","targetHints":{"allow":["GET"]}}],"collection":[{"href":"https:\/\/www.printmaps.net\/pl\/wp-json\/wp\/v2\/pages"}],"about":[{"href":"https:\/\/www.printmaps.net\/pl\/wp-json\/wp\/v2\/types\/page"}],"author":[{"embeddable":true,"href":"https:\/\/www.printmaps.net\/pl\/wp-json\/wp\/v2\/users\/19"}],"replies":[{"embeddable":true,"href":"https:\/\/www.printmaps.net\/pl\/wp-json\/wp\/v2\/comments?post=179638"}],"version-history":[{"count":2,"href":"https:\/\/www.printmaps.net\/pl\/wp-json\/wp\/v2\/pages\/179638\/revisions"}],"predecessor-version":[{"id":179640,"href":"https:\/\/www.printmaps.net\/pl\/wp-json\/wp\/v2\/pages\/179638\/revisions\/179640"}],"wp:attachment":[{"href":"https:\/\/www.printmaps.net\/pl\/wp-json\/wp\/v2\/media?parent=179638"}],"curies":[{"name":"wp","href":"https:\/\/api.w.org\/{rel}","templated":true}]}}