{"id":179646,"date":"2024-08-23T10:19:47","date_gmt":"2024-08-23T09:19:47","guid":{"rendered":"https:\/\/www.printmaps.net\/ceny\/"},"modified":"2025-10-24T09:31:01","modified_gmt":"2025-10-24T08:31:01","slug":"ceny","status":"publish","type":"page","link":"https:\/\/www.printmaps.net\/pl\/ceny\/","title":{"rendered":"Nasze ceny"},"content":{"rendered":"<div id=\"tsprintmaps_pricing_table_container\"><\/div>\n<script id=\"tsprintmaps_pricing_table_script\"> \n\t(function () {\n\t\tlet currentLocation = `${location.protocol}\/\/${location.host}${location.pathname}`;\n\t\tjQuery.get(`${currentLocation}?tsprintmaps_get_pricing_table_js=1&`, function(responce) { \n\t\t\tjQuery('#tsprintmaps_pricing_table_container').html(responce); \n\t\t\tdocument.getElementById(\"tsprintmaps_pricing_table_script\").remove();\n\t\t});\n\t})();\n<\/script>\n\n\n<div style=\"height:22px\" aria-hidden=\"true\" class=\"wp-block-spacer\"><\/div>\n\n<figure class=\"wp-block-gallery has-nested-images columns-7 wp-block-gallery-1 is-layout-flex wp-block-gallery-is-layout-flex\">\n<figure class=\"wp-block-image size-large is-style-default\"><img decoding=\"async\" width=\"150\" height=\"30\" data-id=\"220619\" src=\"https:\/\/www.printmaps.net\/wp-content\/uploads\/2025\/10\/visa.svg\" alt=\"VISA\" class=\"wp-image-220619\"\/><\/figure>\n\n\n\n<figure class=\"wp-block-image size-large\"><img decoding=\"async\" width=\"150\" height=\"30\" data-id=\"220620\" src=\"https:\/\/www.printmaps.net\/wp-content\/uploads\/2025\/10\/mastercard.svg\" alt=\"Mastercard\" class=\"wp-image-220620\"\/><\/figure>\n\n\n\n<figure class=\"wp-block-image size-large\"><img decoding=\"async\" width=\"150\" height=\"30\" data-id=\"220623\" src=\"https:\/\/www.printmaps.net\/wp-content\/uploads\/2025\/10\/amex.svg\" alt=\"American Express\" class=\"wp-image-220623\"\/><\/figure>\n\n\n\n<figure class=\"wp-block-image size-large\"><img loading=\"lazy\" loading=\"lazy\" decoding=\"async\" width=\"150\" height=\"30\" data-id=\"220624\" src=\"https:\/\/www.printmaps.net\/wp-content\/uploads\/2025\/10\/applepay.svg\" alt=\"Apple Pay\" class=\"wp-image-220624\"\/><\/figure>\n\n\n\n<figure class=\"wp-block-image size-large\"><img loading=\"lazy\" loading=\"lazy\" decoding=\"async\" width=\"150\" height=\"30\" data-id=\"220625\" src=\"https:\/\/www.printmaps.net\/wp-content\/uploads\/2025\/10\/googlepay.svg\" alt=\"Google Pay\" class=\"wp-image-220625\"\/><\/figure>\n\n\n\n<figure class=\"wp-block-image size-large\"><img loading=\"lazy\" loading=\"lazy\" decoding=\"async\" width=\"150\" height=\"30\" data-id=\"220661\" src=\"https:\/\/www.printmaps.net\/wp-content\/uploads\/2025\/10\/P24.svg\" alt=\"\" class=\"wp-image-220661\"\/><\/figure>\n\n\n\n<figure class=\"wp-block-image size-large\"><img loading=\"lazy\" loading=\"lazy\" decoding=\"async\" width=\"150\" height=\"30\" data-id=\"220668\" src=\"https:\/\/www.printmaps.net\/wp-content\/uploads\/2025\/10\/paypal.svg\" alt=\"paypal\" class=\"wp-image-220668\"\/><\/figure>\n<\/figure>\n\n<div style=\"height:31px\" aria-hidden=\"true\" class=\"wp-block-spacer\"><\/div>\n\n<p class=\"has-text-align-center has-small-font-size\">Automatycznie otrzymaj\u0105 Pa\u0144stwo faktur\u0119, z kt\u00f3rej Pa\u0144stwa ksi\u0119gowy b\u0119dzie zadowolony. Skontaktuj si\u0119 z nami, aby pozna\u0107 opcje subskrypcji.<\/p>\n\n<div style=\"height:55px\" aria-hidden=\"true\" class=\"wp-block-spacer\"><\/div>\n\n<div class=\"wp-block-buttons is-content-justification-center is-layout-flex wp-container-core-buttons-is-layout-16018d1d wp-block-buttons-is-layout-flex\">\n<div class=\"wp-block-button has-custom-font-size\" style=\"font-size:18px\"><a class=\"wp-block-button__link has-background wp-element-button\" href=\"https:\/\/www.printmaps.net\/pl\/\" style=\"border-radius:10px;background-color:#e5017e\"><strong>Rozpocznij mapowanie teraz, bez konieczno\u015bci rejestracji<\/strong><\/a><\/div>\n<\/div>\n\n<div style=\"height:23px\" aria-hidden=\"true\" class=\"wp-block-spacer\"><\/div>\n\n<p class=\"has-text-align-center\">Mo\u017cesz wybra\u0107 typ pliku i licencj\u0119 przy finalizacji zam\u00f3wienia.<\/p>\n\n<div style=\"height:55px\" aria-hidden=\"true\" class=\"wp-block-spacer\"><\/div>\n\n<p><strong>100% satysfakcji gwarantowane<\/strong>: 30-dniowa polityka zwrotu pieni\u0119dzy.<\/p>\n\n<p><strong>P\u0142atno\u015b\u0107<\/strong>: Wszystkie g\u0142\u00f3wne karty kredytowe, PayPal, Apple Pay, Google Pay, Venmo oraz przelew bankowy w wybranych krajach.<\/p>\n\n<p><p><strong>Opcje dla przedsi\u0119biorstw<\/strong>: <a href=\"https:\/\/support.printmaps.net\/pl\/support\/tickets\/new\">Skontaktuj si\u0119 z nami<\/a>, je\u015bli regularnie potrzebujesz map do druku. Mo\u017cemy zaoferowa\u0107 <strong>rabaty na wi\u0119ksze ilo\u015bci<\/strong>, dost\u0119p do <a href=\"https:\/\/www.maptoolkit.com\/api\/printmaps\/\"><strong>Printmaps API<\/strong><\/a> lub us\u0142ugi white labeling dla reseller\u00f3w i zastosowa\u0144 korporacyjnych.<\/p><\/p>\n\n<p><p><strong>Plan dla organizacji NGO<\/strong>: Oferujemy <a href=\"\/pl\/darmowe-mapy-do-druku\">darmowe mapy do druku<\/a> dla wybranych organizacji non-profit dzia\u0142aj\u0105cych w obszarach pomocy rozwojowej, nauki, edukacji lub zdrowia.<\/p><\/p>\n\n<div style=\"height:118px\" aria-hidden=\"true\" class=\"wp-block-spacer\"><\/div>\n","protected":false},"excerpt":{"rendered":"<p>Automatycznie otrzymaj\u0105 Pa\u0144stwo faktur\u0119, z kt\u00f3rej Pa\u0144stwa ksi\u0119gowy b\u0119dzie zadowolony. Skontaktuj si\u0119 z nami, aby pozna\u0107 opcje subskrypcji. Mo\u017cesz wybra\u0107 typ pliku i licencj\u0119 przy finalizacji zam\u00f3wienia. 100% satysfakcji gwarantowane: 30-dniowa polityka zwrotu pieni\u0119dzy. P\u0142atno\u015b\u0107: Wszystkie g\u0142\u00f3wne karty kredytowe, PayPal, Apple Pay, Google Pay, Venmo oraz przelew bankowy w wybranych krajach. Opcje dla przedsi\u0119biorstw: Skontaktuj [&hellip;]<\/p>\n","protected":false},"author":8,"featured_media":0,"parent":0,"menu_order":0,"comment_status":"closed","ping_status":"closed","template":"","meta":{"_et_pb_use_builder":"off","_et_pb_old_content":"","_et_gb_content_width":"","footnotes":""},"class_list":["post-179646","page","type-page","status-publish","hentry"],"_links":{"self":[{"href":"https:\/\/www.printmaps.net\/pl\/wp-json\/wp\/v2\/pages\/179646","targetHints":{"allow":["GET"]}}],"collection":[{"href":"https:\/\/www.printmaps.net\/pl\/wp-json\/wp\/v2\/pages"}],"about":[{"href":"https:\/\/www.printmaps.net\/pl\/wp-json\/wp\/v2\/types\/page"}],"author":[{"embeddable":true,"href":"https:\/\/www.printmaps.net\/pl\/wp-json\/wp\/v2\/users\/8"}],"replies":[{"embeddable":true,"href":"https:\/\/www.printmaps.net\/pl\/wp-json\/wp\/v2\/comments?post=179646"}],"version-history":[{"count":7,"href":"https:\/\/www.printmaps.net\/pl\/wp-json\/wp\/v2\/pages\/179646\/revisions"}],"predecessor-version":[{"id":222056,"href":"https:\/\/www.printmaps.net\/pl\/wp-json\/wp\/v2\/pages\/179646\/revisions\/222056"}],"wp:attachment":[{"href":"https:\/\/www.printmaps.net\/pl\/wp-json\/wp\/v2\/media?parent=179646"}],"curies":[{"name":"wp","href":"https:\/\/api.w.org\/{rel}","templated":true}]}}