{"id":179667,"date":"2024-08-23T11:50:35","date_gmt":"2024-08-23T10:50:35","guid":{"rendered":"https:\/\/www.printmaps.net\/wydrukuj-mape-z-wieloma-lokalizacjami\/"},"modified":"2024-08-30T15:52:21","modified_gmt":"2024-08-30T14:52:21","slug":"wydrukuj-mape-z-wieloma-lokalizacjami","status":"publish","type":"page","link":"https:\/\/www.printmaps.net\/pl\/wydrukuj-mape-z-wieloma-lokalizacjami\/","title":{"rendered":"Jak wydrukowa\u0107 map\u0119 z wieloma lokalizacjami"},"content":{"rendered":"\n<div style=\"height:29px\" aria-hidden=\"true\" class=\"wp-block-spacer\"><\/div>\n\n\n\n<div class=\"wp-block-columns is-layout-flex wp-container-core-columns-is-layout-9d6595d7 wp-block-columns-is-layout-flex\">\n<div class=\"wp-block-column is-layout-flow wp-block-column-is-layout-flow\" style=\"flex-basis:66.66%\">\n<figure class=\"wp-block-image size-large\"><img fetchpriority=\"high\" fetchpriority=\"high\" decoding=\"async\" width=\"621\" height=\"438\" src=\"https:\/\/www.printmaps.net\/wp-content\/uploads\/2018\/03\/FreeWebImage-1.png\" alt=\"Wydrukuj map\u0119 z wieloma lokalizacjami\" class=\"wp-image-61156\"\/><\/figure>\n<\/div>\n\n\n\n<div class=\"wp-block-column is-layout-flow wp-block-column-is-layout-flow\" style=\"flex-basis:33.33%\">\n<p>W przypadku mapowania wielu lokalizacji nale\u017cy wzi\u0105\u0107 pod uwag\u0119 kilka rzeczy. Po pierwsze, jak najszybciej i najefektywniej przypi\u0105\u0107 lokalizacje swojej firmy, sklep\u00f3w i innych wa\u017cnych punkt\u00f3w zainteresowania na w\u0142a\u015bciwe miejsca na mapie. Po drugie, jak zachowa\u0107 jako\u015b\u0107 mapy, aby mo\u017cna by\u0142o j\u0105 wydrukowa\u0107 w wysokiej rozdzielczo\u015bci. Wydrukowanie mapy z wieloma lokalizacjami dla Twojej firmy mo\u017ce \u0142atwo sta\u0107 si\u0119 czasoch\u0142onnym i kosztownym przedsi\u0119wzi\u0119ciem. Zw\u0142aszcza je\u015bli Twoja firma obejmuje wiele sklep\u00f3w stacjonarnych, wy\u015bwietlenie wszystkich tych miejsc na mapie wymaga czasu, wiedzy i sporej dozy cierpliwo\u015bci.<\/p>\n<\/div>\n<\/div>\n\n\n\n<div style=\"height:23px\" aria-hidden=\"true\" class=\"wp-block-spacer\"><\/div>\n\n\n\n<div class=\"wp-block-buttons is-content-justification-center is-layout-flex wp-container-core-buttons-is-layout-16018d1d wp-block-buttons-is-layout-flex\">\n<div class=\"wp-block-button has-custom-font-size\" style=\"font-size:18px\"><a class=\"wp-block-button__link has-background wp-element-button\" href=\"https:\/\/www.printmaps.net\/pl\/\" style=\"border-radius:10px;background-color:#e5017e\"><strong>Rozpocznij mapowanie teraz, bez konieczno\u015bci rejestracji<\/strong><\/a><\/div>\n<\/div>\n\n\n\n<div style=\"height:100px\" aria-hidden=\"true\" class=\"wp-block-spacer\"><\/div>\n\n\n\n<p><p><strong>W tym artykule wyja\u015bnimy, jak znacznie skr\u00f3ci\u0107 czas potrzebny na stworzenie pliku mapy do wydruku mapy z wieloma lokalizacjami, a tak\u017ce poka\u017cemy, jak sprawi\u0107, aby ca\u0142o\u015b\u0107 by\u0142a estetyczna i przyjemna dla oka.<\/strong><\/p><\/p>\n\n\n\n<h3 class=\"wp-block-heading\" id=\"plot-several-locations-at-once\">Zaznacz kilka lokalizacji jednocze\u015bnie<\/h3>\n\n\n\n<p>Mo\u017cliwe, \u017ce znasz poj\u0119cie, \u017ce kupowanie hurtowo to zawsze dobry pomys\u0142. Ale czy wiesz, \u017ce masowe przesy\u0142anie danych geograficznych mo\u017ce by\u0107 r\u00f3wnie korzystne?<\/p>\n\n\n\n<p>Cz\u0119sto firmy maj\u0105 nie tylko jeden, dwa lub trzy sklepy stacjonarne. Mo\u017ce ich by\u0107 tak wiele, \u017ce pomys\u0142 znalezienia ich wsp\u00f3\u0142rz\u0119dnych, aby umie\u015bci\u0107 je na mapie do cel\u00f3w drukowania lub prezentacji, wydaje si\u0119 wyj\u0105tkowo uci\u0105\u017cliwym zadaniem. W\u0142a\u015bnie tutaj wkracza masowe geokodowanie.<\/p>\n\n\n\n<div class=\"wp-block-columns is-layout-flex wp-container-core-columns-is-layout-9d6595d7 wp-block-columns-is-layout-flex\">\n<div class=\"wp-block-column is-layout-flow wp-block-column-is-layout-flow\" style=\"flex-basis:33.33%\">\n<p><p>Wystarczy skopiowa\u0107 adresy pocztowe do <strong>narz\u0119dzia do masowego geokodowania<\/strong>, a wszystkie adresy pocztowe zostan\u0105 przekszta\u0142cone na odpowiadaj\u0105ce im wsp\u00f3\u0142rz\u0119dne geograficzne. Dobre narz\u0119dzie do masowego geokodowania pozwoli Ci wykorzysta\u0107 informacje skopiowane i wklejone z bazy danych lub z arkusza kalkulacyjnego, takiego jak Excel od Microsoftu lub Calc od LibreOffice, i wykona za Ciebie ca\u0142\u0105 ci\u0119\u017ck\u0105 prac\u0119. W rezultacie wszystkie Twoje punkty zainteresowania (POI) zostan\u0105 umieszczone na mapie w ci\u0105gu kilku minut.<\/p><\/p>\n<\/div>\n\n\n\n<div class=\"wp-block-column is-layout-flow wp-block-column-is-layout-flow\" style=\"flex-basis:66.66%\">\n<figure class=\"wp-block-image size-large\"><img decoding=\"async\" width=\"621\" height=\"438\" src=\"https:\/\/www.printmaps.net\/wp-content\/uploads\/2018\/03\/FreeWebImage-3.png\" alt=\"Wydrukuj map\u0119 z wieloma lokalizacjami\" class=\"wp-image-61158\"\/><\/figure>\n<\/div>\n<\/div>\n\n\n\n<div style=\"height:38px\" aria-hidden=\"true\" class=\"wp-block-spacer\"><\/div>\n\n\n\n<h3 class=\"wp-block-heading\" id=\"easily-pin-multiple-locations-on-the-print-map\"><p>\u0141atwo przypnij wiele lokalizacji na mapie do druku<\/p><\/h3>\n\n\n\n<p><p>Opr\u00f3cz wielu innych funkcji, kt\u00f3re oferuje Printmaps, mamy r\u00f3wnie\u017c wbudowany geokoder, kt\u00f3ry pozwala na masowe przesy\u0142anie i konwersj\u0119 adres\u00f3w na odpowiadaj\u0105ce im wsp\u00f3\u0142rz\u0119dne. To naprawd\u0119 tak proste, jak kopiowanie i wklejanie danych z arkusza kalkulacyjnego lub kolumny bazy danych. Wystarczy klikn\u0105\u0107 ten przycisk w edytorze:\u00a0<img decoding=\"async\" src=\"https:\/\/www.printmaps.net\/wp-content\/uploads\/2018\/03\/poibutton.png\" alt=\"\" width=\"58\" height=\"51\"\/> a znajomy widok pojawi si\u0119 przed Tob\u0105. Wystarczy wklei\u0107 swoje tre\u015bci w odpowiednie pola, a Printmaps zajmie si\u0119 reszt\u0105. Je\u015bli chcesz <span style=\"text-decoration: underline;\">zaznaczy\u0107 wiele lokalizacji z Excela<\/span>, wystarczy skopiowa\u0107 i wklei\u0107.<\/p><\/p>\n\n\n\n<div style=\"height:43px\" aria-hidden=\"true\" class=\"wp-block-spacer\"><\/div>\n\n\n\n<figure class=\"wp-block-image size-large\"><img loading=\"lazy\" loading=\"lazy\" decoding=\"async\" width=\"1024\" height=\"517\" src=\"https:\/\/www.printmaps.net\/wp-content\/uploads\/2019\/09\/printable-map-batch-geocode-addresses-excel-1024x517.gif\" alt=\"\" class=\"wp-image-37457\" srcset=\"https:\/\/www.printmaps.net\/wp-content\/uploads\/2019\/09\/printable-map-batch-geocode-addresses-excel-1024x517.gif 1024w, https:\/\/www.printmaps.net\/wp-content\/uploads\/2019\/09\/printable-map-batch-geocode-addresses-excel-980x495.gif 980w, https:\/\/www.printmaps.net\/wp-content\/uploads\/2019\/09\/printable-map-batch-geocode-addresses-excel-480x242.gif 480w\" sizes=\"auto, (min-width: 0px) and (max-width: 480px) 480px, (min-width: 481px) and (max-width: 980px) 980px, (min-width: 981px) 1024px, 100vw\" \/><\/figure>\n\n\n\n<div style=\"height:20px\" aria-hidden=\"true\" class=\"wp-block-spacer\"><\/div>\n\n\n\n<p>Gdy nasz silnik geokodowania przekszta\u0142ci adresy na odpowiadaj\u0105ce im wsp\u00f3\u0142rz\u0119dne, mo\u017cesz zmieni\u0107 typ znacznika, kolor, ikon\u0119 lub ich rozmiar. Wszystkie punkty POI zostan\u0105 zapisane w osobnej warstwie, wi\u0119c po pobraniu mapy w formacie Photoshop mo\u017cesz j\u0105 otworzy\u0107 i precyzyjnie dostosowa\u0107 pozycje swoich POI.<\/p>\n\n\n\n<div style=\"height:20px\" aria-hidden=\"true\" class=\"wp-block-spacer\"><\/div>\n\n\n\n<h3 class=\"wp-block-heading\" id=\"add-custom-pins-to-your-multiple-locations-map\">Dodaj niestandardowe pinezki do swojej mapy z wieloma lokalizacjami<\/h3>\n\n\n\n<p><p>Je\u015bli chcesz wydrukowa\u0107 map\u0119 z wieloma lokalizacjami, by\u0107 mo\u017ce b\u0119dziesz chcia\u0142 oznaczy\u0107 te miejsca pinezkami z logo swojej firmy. W edytorze masz mo\u017cliwo\u015b\u0107 <a href=\"\/pl\/stworz-mape-z-pinezkami\">przes\u0142ania w\u0142asnych niestandardowych pinezek<\/a> i natychmiastowego przypi\u0119cia ich do mapy. Mo\u017cesz r\u00f3wnie\u017c zdecydowa\u0107 si\u0119 na dodanie swoich niestandardowych pinezek p\u00f3\u017aniej, podczas edycji w Photoshopie lub Illustratorze.<\/p><\/p>\n\n\n\n<h2 class=\"wp-block-heading\" id=\"but-wait-there-s-more\">Ale to nie wszystko<\/h2>\n\n\n\n<p><p>Opr\u00f3cz mo\u017cliwo\u015bci umieszczania dowolnej liczby punkt\u00f3w POI, Printmaps oferuje szeroki wachlarz narz\u0119dzi, kt\u00f3re u\u0142atwi\u0105 Ci prac\u0119. Chcesz narysowa\u0107 obrys wok\u00f3\u0142 kraju lub obszaru gminy, kt\u00f3ry chcesz wyr\u00f3\u017cni\u0107? Do tego w\u0142a\u015bnie s\u0142u\u017cy narz\u0119dzie do kszta\u0142t\u00f3w w Printmaps. Kliknij ten przycisk: <img loading=\"lazy\" loading=\"lazy\" decoding=\"async\" src=\"https:\/\/www.printmaps.net\/wp-content\/uploads\/2018\/03\/shapesButton.png\" alt=\"\" width=\"57\" height=\"50\"\/> a nast\u0119pnie po prostu wyszukaj to, czego potrzebujesz.<\/p><\/p>\n\n\n\n<figure class=\"wp-block-image size-large\"><img loading=\"lazy\" loading=\"lazy\" decoding=\"async\" width=\"529\" height=\"417\" src=\"https:\/\/www.printmaps.net\/wp-content\/uploads\/2019\/07\/printable-map-draw-geographic-shape-administrative-1.gif\" alt=\"Wybierz kszta\u0142ty geograficzne\/administracyjne\" class=\"wp-image-37476\"\/><\/figure>\n\n\n\n<div style=\"height:61px\" aria-hidden=\"true\" class=\"wp-block-spacer\"><\/div>\n\n\n\n<div class=\"wp-block-columns is-layout-flex wp-container-core-columns-is-layout-9d6595d7 wp-block-columns-is-layout-flex\">\n<div class=\"wp-block-column is-layout-flow wp-block-column-is-layout-flow\" style=\"flex-basis:33.33%\">\n<p>U\u017cycie kszta\u0142t\u00f3w nie tylko pomo\u017ce skierowa\u0107 uwag\u0119 odbiorcy na obszar, kt\u00f3ry chcesz zaprezentowa\u0107, ale r\u00f3wnie\u017c usunie z mapy miejsca, kt\u00f3re z jakichkolwiek powod\u00f3w nie chcesz, aby by\u0142y widoczne.<\/p>\n<\/div>\n\n\n\n<div class=\"wp-block-column is-layout-flow wp-block-column-is-layout-flow\" style=\"flex-basis:66.66%\">\n<figure class=\"wp-block-image size-large\"><img loading=\"lazy\" loading=\"lazy\" decoding=\"async\" width=\"621\" height=\"438\" src=\"https:\/\/www.printmaps.net\/wp-content\/uploads\/2018\/03\/FreeWebImage-4.png\" alt=\"Wydrukuj map\u0119 z wieloma lokalizacjami\" class=\"wp-image-61152\"\/><\/figure>\n\n\n\n<p><\/p>\n<\/div>\n<\/div>\n\n\n\n<div style=\"height:27px\" aria-hidden=\"true\" class=\"wp-block-spacer\"><\/div>\n\n\n\n<div class=\"wp-block-columns is-layout-flex wp-container-core-columns-is-layout-9d6595d7 wp-block-columns-is-layout-flex\">\n<div class=\"wp-block-column is-layout-flow wp-block-column-is-layout-flow\" style=\"flex-basis:66.66%\">\n<figure class=\"wp-block-image size-large\"><img loading=\"lazy\" loading=\"lazy\" decoding=\"async\" width=\"621\" height=\"438\" src=\"https:\/\/www.printmaps.net\/wp-content\/uploads\/2018\/03\/FreeWebImage-5.png\" alt=\"Wydrukuj map\u0119 z wieloma lokalizacjami\" class=\"wp-image-28654\"\/><\/figure>\n<\/div>\n\n\n\n<div class=\"wp-block-column is-layout-flow wp-block-column-is-layout-flow\" style=\"flex-basis:33.33%\">\n<p>Innym wa\u017cnym i przydatnym narz\u0119dziem do rysowania jest edytor tras. Masz tras\u0119 mi\u0119dzy miejscami, kt\u00f3r\u0105 chcesz pokaza\u0107 na mapie? Mo\u017cesz j\u0105 po prostu narysowa\u0107 lub, je\u015bli masz j\u0105 w formacie GPX, po prostu j\u0105 za\u0142aduj, a zostanie dodana do Twojej mapy. Oczywi\u015bcie, mo\u017cesz narysowa\u0107 na mapie wi\u0119cej ni\u017c jedn\u0105 tras\u0119.<\/p>\n<\/div>\n<\/div>\n\n\n\n<div style=\"height:61px\" aria-hidden=\"true\" class=\"wp-block-spacer\"><\/div>\n\n\n\n<div class=\"wp-block-group\"><div class=\"wp-block-group__inner-container is-layout-constrained wp-block-group-is-layout-constrained\">\n<h2 class=\"wp-block-heading has-text-align-center has-large-font-size\" style=\"font-style:normal;font-weight:700\">Wypr\u00f3buj Printmaps<\/h2>\n\n\n\n<p class=\"has-text-align-center has-medium-font-size\">Nasz edytor map pozwala tworzy\u0107 mapy do druku na ca\u0142ym \u015bwiecie w mgnieniu oka.<\/p>\n\n\n\n<div style=\"height:15px\" aria-hidden=\"true\" class=\"wp-block-spacer\"><\/div>\n\n\n\n<div class=\"wp-block-buttons is-content-justification-center is-layout-flex wp-container-core-buttons-is-layout-16018d1d wp-block-buttons-is-layout-flex\">\n<div class=\"wp-block-button has-custom-font-size\" style=\"font-size:18px\"><a class=\"wp-block-button__link has-background wp-element-button\" href=\"https:\/\/www.printmaps.net\/pl\/\" style=\"border-radius:10px;background-color:#e5017e\"><p><strong>Stw\u00f3rz swoj\u0105 pierwsz\u0105 map\u0119 teraz<\/strong><\/p><\/a><\/div>\n<\/div>\n<\/div><\/div>\n\n\n\n<div style=\"height:150px\" aria-hidden=\"true\" class=\"wp-block-spacer\"><\/div>\n","protected":false},"excerpt":{"rendered":"<p>W przypadku mapowania wielu lokalizacji nale\u017cy wzi\u0105\u0107 pod uwag\u0119 kilka rzeczy. Po pierwsze, jak najszybciej i najefektywniej przypi\u0105\u0107 lokalizacje swojej firmy, sklep\u00f3w i innych wa\u017cnych punkt\u00f3w zainteresowania na w\u0142a\u015bciwe miejsca na mapie. Po drugie, jak zachowa\u0107 jako\u015b\u0107 mapy, aby mo\u017cna by\u0142o j\u0105 wydrukowa\u0107 w wysokiej rozdzielczo\u015bci. Wydrukowanie mapy z wieloma lokalizacjami dla Twojej firmy mo\u017ce [&hellip;]<\/p>\n","protected":false},"author":19,"featured_media":0,"parent":0,"menu_order":0,"comment_status":"closed","ping_status":"closed","template":"","meta":{"_et_pb_use_builder":"off","_et_pb_old_content":"","_et_gb_content_width":"","footnotes":""},"class_list":["post-179667","page","type-page","status-publish","hentry"],"_links":{"self":[{"href":"https:\/\/www.printmaps.net\/pl\/wp-json\/wp\/v2\/pages\/179667","targetHints":{"allow":["GET"]}}],"collection":[{"href":"https:\/\/www.printmaps.net\/pl\/wp-json\/wp\/v2\/pages"}],"about":[{"href":"https:\/\/www.printmaps.net\/pl\/wp-json\/wp\/v2\/types\/page"}],"author":[{"embeddable":true,"href":"https:\/\/www.printmaps.net\/pl\/wp-json\/wp\/v2\/users\/19"}],"replies":[{"embeddable":true,"href":"https:\/\/www.printmaps.net\/pl\/wp-json\/wp\/v2\/comments?post=179667"}],"version-history":[{"count":2,"href":"https:\/\/www.printmaps.net\/pl\/wp-json\/wp\/v2\/pages\/179667\/revisions"}],"predecessor-version":[{"id":179669,"href":"https:\/\/www.printmaps.net\/pl\/wp-json\/wp\/v2\/pages\/179667\/revisions\/179669"}],"wp:attachment":[{"href":"https:\/\/www.printmaps.net\/pl\/wp-json\/wp\/v2\/media?parent=179667"}],"curies":[{"name":"wp","href":"https:\/\/api.w.org\/{rel}","templated":true}]}}