{"id":179681,"date":"2024-08-23T12:58:27","date_gmt":"2024-08-23T11:58:27","guid":{"rendered":"https:\/\/www.printmaps.net\/mairdumont-hubermedia-falk-vs-printmaps\/"},"modified":"2024-08-30T15:51:11","modified_gmt":"2024-08-30T14:51:11","slug":"mairdumont-hubermedia-falk-vs-printmaps","status":"publish","type":"page","link":"https:\/\/www.printmaps.net\/pl\/mairdumont-hubermedia-falk-vs-printmaps\/","title":{"rendered":"Alternatywa dla MairDumont \/ Hubermedia: Printmaps.net"},"content":{"rendered":"\n<p><p>Je\u015bli tworzy\u0142e\u015b mapy za pomoc\u0105 edytora map <a href=\"http:\/\/kartenserver.mairdumont.com\/\">MairDumont Business Solutions<\/a> lub podobnych edytor\u00f3w od <a href=\"https:\/\/www.hubermedia.de\/\">Hubermedia et4<\/a>, z pewno\u015bci\u0105 zainteresuje Ci\u0119, jak Printmaps.net wypada w por\u00f3wnaniu do nich.<\/p><\/p>\n\n\n\n<p><p>Stworzyli\u015bmy poni\u017csz\u0105 tabel\u0119 por\u00f3wnawcz\u0105, aby szybko przedstawi\u0107 najwa\u017cniejsze <a href=\"\/pl\/funkcje\"><strong>funkcje edytora Printmaps<\/strong><\/a> i jak wypadaj\u0105 one w por\u00f3wnaniu z MairDumont \/ Hubermedia \/ Falk.de \/ Kompass \/ Destination.one. Koniecznie zapoznaj si\u0119 z przyk\u0142adami, do czego ju\u017c wykorzystywany jest Printmaps.net, poni\u017cej naszej tabeli por\u00f3wnawczej. (<a href=\"\/pl\/\">Wypr\u00f3buj edytor tutaj<\/a>.)<\/p><\/p>\n\n\n\n<div style=\"height:48px\" aria-hidden=\"true\" class=\"wp-block-spacer\"><\/div>\n\n\n\n<figure class=\"wp-block-table is-style-stripes\"><table class=\"has-fixed-layout\"><thead><tr><th><\/th><th>Printmaps<\/th><th>MairDumont \/ Hubermedia<\/th><\/tr><\/thead><tbody><tr><td><em>Format<\/em><\/td><td>SVG, PSD, PNG<\/td><td>TIFF, PNG, TFW (mapy rastrowe) lub TIFF, PNG, SVG, PDF (mapy wektorowe)<\/td><\/tr><tr><td><p><em>Punkt cenowy<\/em><\/p><\/td><td>Ceny zale\u017c\u0105 od formatu i nak\u0142adu druku. Zaczynaj\u0105 si\u0119 od 7,14 \u20ac (z VAT)<\/td><td>Ceny zale\u017c\u0105 od stylu mapy, formatu, rozmiaru i nak\u0142adu druku. Zaczynaj\u0105 si\u0119 od 68,43 \u20ac (z VAT)<\/td><\/tr><tr><td><p><em>Dane niestandardowe<\/em><\/p><\/td><td><p>* Edytor tras<br\/>* Kszta\u0142ty geograficzne<br\/>* Przesy\u0142anie plik\u00f3w<br\/>* Punkty zainteresowania (r\u0119cznie lub kopiuj\/wklej z Excela)<\/p><\/td><td>Brak mo\u017cliwo\u015bci dodania danych niestandardowych za pomoc\u0105 edytora<\/td><\/tr><tr><td><p><em>Rozmiar wyj\u015bciowy<\/em><\/p><\/td><td>Maksymalnie 133 x 133 cm (15712 x 15712 pikseli)<\/td><td>Maksymalnie oko\u0142o 30 x 30 cm<\/td><\/tr><tr><td><p><em>Poka\u017c\/Ukryj funkcje mapy<\/em><\/p><\/td><td>Tak<\/td><td>Nie<\/td><\/tr><\/tbody><\/table><\/figure>\n\n\n<div style=\"height:150px\" aria-hidden=\"true\" class=\"wp-block-spacer\"><\/div>\n\n\n\n<h3 class=\"wp-block-heading\">Niekt\u00f3re sposoby wykorzystania naszych map do druku<\/h3>\n\n\n\n<div class=\"wp-block-columns is-layout-flex wp-container-core-columns-is-layout-9d6595d7 wp-block-columns-is-layout-flex\">\n<div class=\"wp-block-column is-layout-flow wp-block-column-is-layout-flow\" style=\"flex-basis:66.66%\">\n<div class=\"wp-block-group\"><div class=\"wp-block-group__inner-container is-layout-flow wp-block-group-is-layout-flow\">\n<figure class=\"wp-block-image size-large\"><img fetchpriority=\"high\" fetchpriority=\"high\" decoding=\"async\" width=\"765\" height=\"531\" src=\"https:\/\/www.printmaps.net\/wp-content\/uploads\/2017\/09\/Layers-big.png\" alt=\"\" class=\"wp-image-26345\" srcset=\"https:\/\/www.printmaps.net\/wp-content\/uploads\/2017\/09\/Layers-big.png 765w, https:\/\/www.printmaps.net\/wp-content\/uploads\/2017\/09\/Layers-big-300x208.png 300w\" sizes=\"(max-width: 765px) 100vw, 765px\" \/><\/figure>\n<\/div><\/div>\n<\/div>\n\n\n\n<div class=\"wp-block-column is-layout-flow wp-block-column-is-layout-flow\" style=\"flex-basis:33.33%\">\n<p>Edytor Printmaps tworzy mapy w wysokiej rozdzielczo\u015bci 300 dpi w formatach PNG i PSD (Photoshop) oraz skalowalne mapy wektorowe SVG. Elementy mapy w plikach SVG i PSD s\u0105 umieszczone na oddzielnych warstwach, dzi\u0119ki czemu mo\u017cesz edytowa\u0107 poszczeg\u00f3lne elementy mapy bez uszkadzania tych znajduj\u0105cych si\u0119 poni\u017cej.<\/p>\n<\/div>\n<\/div>\n\n\n\n<div class=\"wp-block-columns is-layout-flex wp-container-core-columns-is-layout-9d6595d7 wp-block-columns-is-layout-flex\">\n<div class=\"wp-block-column is-layout-flow wp-block-column-is-layout-flow\" style=\"flex-basis:66.66%\">\n<figure class=\"wp-block-image size-large\"><img decoding=\"async\" width=\"765\" height=\"531\" src=\"https:\/\/www.printmaps.net\/wp-content\/uploads\/2017\/09\/bodensee-karte.jpg\" alt=\"\" class=\"wp-image-26301\"\/><\/figure>\n<\/div>\n\n\n\n<div class=\"wp-block-column is-layout-flow wp-block-column-is-layout-flow\" style=\"flex-basis:33.33%\">\n<p>Nasi klienci korzystaj\u0105 z edytora Printmaps, aby z \u0142atwo\u015bci\u0105 mapowa\u0107 trasy \u2013 plany podr\u00f3\u017cy, szlaki piesze i rowerowe, spacery po mie\u015bcie lub po prostu wskaz\u00f3wki dojazdu \u2013 oraz nak\u0142ada\u0107 swoje punkty zainteresowania na map\u0119. Edytor sprawia, \u017ce tworzenie map sk\u0142adanych, map do folder\u00f3w turystycznych i broszur lub map do przewodnik\u00f3w jest naprawd\u0119 proste.<\/p>\n<\/div>\n<\/div>\n\n\n\n<div class=\"wp-block-columns is-layout-flex wp-container-core-columns-is-layout-9d6595d7 wp-block-columns-is-layout-flex\">\n<div class=\"wp-block-column is-layout-flow wp-block-column-is-layout-flow\" style=\"flex-basis:66.66%\">\n<figure class=\"wp-block-image size-large\"><img decoding=\"async\" width=\"765\" height=\"531\" src=\"https:\/\/www.printmaps.net\/wp-content\/uploads\/2017\/09\/immo-expose.jpg\" alt=\"\" class=\"wp-image-26308\"\/><\/figure>\n\n\n\n<p><\/p>\n<\/div>\n\n\n\n<div class=\"wp-block-column is-layout-flow wp-block-column-is-layout-flow\" style=\"flex-basis:33.33%\">\n<p><p>Nasze przyst\u0119pne <a href=\"https:\/\/www.printmaps.net\/pl\/ceny\/\">ceny<\/a> podstawowe umo\u017cliwiaj\u0105 klientom z bardzo niskimi nak\u0142adami druku korzystanie z naszych map. Typowe przyk\u0142ady to oferty nieruchomo\u015bci i fotoksi\u0105\u017cki, drukowane w niewielkich ilo\u015bciach, ale wymagaj\u0105ce wysokiej jako\u015bci map lokalizacji lub tras.<\/p><\/p>\n<\/div>\n<\/div>\n\n\n\n<div class=\"wp-block-columns is-layout-flex wp-container-core-columns-is-layout-9d6595d7 wp-block-columns-is-layout-flex\">\n<div class=\"wp-block-column is-layout-flow wp-block-column-is-layout-flow\" style=\"flex-basis:66.66%\">\n<figure class=\"wp-block-image size-large\"><img loading=\"lazy\" loading=\"lazy\" decoding=\"async\" width=\"765\" height=\"531\" src=\"https:\/\/www.printmaps.net\/wp-content\/uploads\/2017\/07\/mallorca.jpg\" alt=\"\" class=\"wp-image-60813\" srcset=\"https:\/\/www.printmaps.net\/wp-content\/uploads\/2017\/07\/mallorca.jpg 765w, https:\/\/www.printmaps.net\/wp-content\/uploads\/2017\/07\/mallorca-300x208.jpg 300w\" sizes=\"auto, (max-width: 765px) 100vw, 765px\" \/><\/figure>\n\n\n\n<p><\/p>\n<\/div>\n\n\n\n<div class=\"wp-block-column is-layout-flow wp-block-column-is-layout-flow\" style=\"flex-basis:33.33%\">\n<p>Wielu wydawc\u00f3w przewodnik\u00f3w ilustruje swoje przewodniki turystyczne i przewodniki pieszych w\u0119dr\u00f3wek wy\u0142\u0105cznie za pomoc\u0105 map Printmaps. Nasze mapy zaspokoj\u0105 wszystkie typowe potrzeby kartograficzne, pocz\u0105wszy od map przegl\u0105dowych i map og\u00f3lnych lokalizacji, po mapy aktywno\u015bci z trasami pieszymi lub rowerowymi, mapy miast\/ulic, a\u017c po mapy z kierunkami.<\/p>\n<\/div>\n<\/div>\n\n\n\n<div style=\"height:100px\" aria-hidden=\"true\" class=\"wp-block-spacer\"><\/div>\n\n\n\n<div class=\"wp-block-group\"><div class=\"wp-block-group__inner-container is-layout-constrained wp-block-group-is-layout-constrained\">\n<h2 class=\"wp-block-heading has-text-align-center has-large-font-size\" style=\"font-style:normal;font-weight:700\">Wypr\u00f3buj Printmaps<\/h2>\n\n\n\n<p class=\"has-text-align-center has-medium-font-size\">Nasz edytor map pozwala tworzy\u0107 mapy do druku na ca\u0142ym \u015bwiecie w mgnieniu oka.<\/p>\n\n\n\n<div style=\"height:15px\" aria-hidden=\"true\" class=\"wp-block-spacer\"><\/div>\n\n\n\n<div class=\"wp-block-buttons is-content-justification-center is-layout-flex wp-container-core-buttons-is-layout-16018d1d wp-block-buttons-is-layout-flex\">\n<div class=\"wp-block-button has-custom-font-size\" style=\"font-size:18px\"><a class=\"wp-block-button__link has-background wp-element-button\" href=\"https:\/\/www.printmaps.net\/pl\/\" style=\"border-radius:10px;background-color:#e5017e\"><p><strong>Stw\u00f3rz swoj\u0105 pierwsz\u0105 map\u0119 teraz<\/strong><\/p><\/a><\/div>\n<\/div>\n<\/div><\/div>\n\n\n\n<div style=\"height:150px\" aria-hidden=\"true\" class=\"wp-block-spacer\"><\/div>\n","protected":false},"excerpt":{"rendered":"<p>Je\u015bli tworzy\u0142e\u015b mapy za pomoc\u0105 edytora map MairDumont Business Solutions lub podobnych edytor\u00f3w od Hubermedia et4, z pewno\u015bci\u0105 zainteresuje Ci\u0119, jak Printmaps.net wypada w por\u00f3wnaniu do nich. Stworzyli\u015bmy poni\u017csz\u0105 tabel\u0119 por\u00f3wnawcz\u0105, aby szybko przedstawi\u0107 najwa\u017cniejsze funkcje edytora Printmaps i jak wypadaj\u0105 one w por\u00f3wnaniu z MairDumont \/ Hubermedia \/ Falk.de \/ Kompass \/ Destination.one. Koniecznie [&hellip;]<\/p>\n","protected":false},"author":5,"featured_media":0,"parent":0,"menu_order":0,"comment_status":"closed","ping_status":"closed","template":"","meta":{"_et_pb_use_builder":"off","_et_pb_old_content":"","_et_gb_content_width":"","footnotes":""},"class_list":["post-179681","page","type-page","status-publish","hentry"],"_links":{"self":[{"href":"https:\/\/www.printmaps.net\/pl\/wp-json\/wp\/v2\/pages\/179681","targetHints":{"allow":["GET"]}}],"collection":[{"href":"https:\/\/www.printmaps.net\/pl\/wp-json\/wp\/v2\/pages"}],"about":[{"href":"https:\/\/www.printmaps.net\/pl\/wp-json\/wp\/v2\/types\/page"}],"author":[{"embeddable":true,"href":"https:\/\/www.printmaps.net\/pl\/wp-json\/wp\/v2\/users\/5"}],"replies":[{"embeddable":true,"href":"https:\/\/www.printmaps.net\/pl\/wp-json\/wp\/v2\/comments?post=179681"}],"version-history":[{"count":3,"href":"https:\/\/www.printmaps.net\/pl\/wp-json\/wp\/v2\/pages\/179681\/revisions"}],"predecessor-version":[{"id":179684,"href":"https:\/\/www.printmaps.net\/pl\/wp-json\/wp\/v2\/pages\/179681\/revisions\/179684"}],"wp:attachment":[{"href":"https:\/\/www.printmaps.net\/pl\/wp-json\/wp\/v2\/media?parent=179681"}],"curies":[{"name":"wp","href":"https:\/\/api.w.org\/{rel}","templated":true}]}}