{"id":179688,"date":"2024-08-23T13:11:20","date_gmt":"2024-08-23T12:11:20","guid":{"rendered":"https:\/\/www.printmaps.net\/edytor-profilu-wysokosci\/"},"modified":"2024-12-12T16:31:12","modified_gmt":"2024-12-12T15:31:12","slug":"edytor-profilu-wysokosci","status":"publish","type":"page","link":"https:\/\/www.printmaps.net\/pl\/edytor-profilu-wysokosci\/","title":{"rendered":"Generator Profili Wysoko\u015bciowych"},"content":{"rendered":"\n<div class=\"wp-block-columns is-layout-flex wp-container-core-columns-is-layout-9d6595d7 wp-block-columns-is-layout-flex\">\n<div class=\"wp-block-column is-layout-flow wp-block-column-is-layout-flow\" style=\"flex-basis:66.66%\">\n<p><p>Tutaj mo\u017cesz <strong>tworzy\u0107 profile wysoko\u015bciowe<\/strong>, kt\u00f3re mo\u017cesz <strong><mark class=\"has-inline-color\" style=\"background-color: #fcfa00;\">bezp\u0142atnie<\/mark><\/strong> wykorzysta\u0107 w materia\u0142ach drukowanych i komunikacji online. Wystarczy przes\u0142a\u0107 plik GPX, KML lub GeoJSON poni\u017cej lub narysowa\u0107 tras\u0119 na mapie, wybra\u0107 ustawienia i klikn\u0105\u0107 &#8222;Pobierz&#8221;. Otrzymasz <strong>plik SVG z warstwami<\/strong>, kt\u00f3ry mo\u017cesz edytowa\u0107 w programach takich jak Adobe Illustrator, Photoshop lub Inkscape, albo wykorzysta\u0107 na stronie internetowej. Zobacz <a href=\"https:\/\/www.printmaps.net\/wp-content\/uploads\/2024\/11\/Elevation-Profile.svg\">ten przyk\u0142adowy plik SVG do pobrania<\/a>.<\/p><\/p>\n\n\n\n<p><p>Wym\u00f3g u\u017cytkowania: Nale\u017cy przypisa\u0107 profilowi wysoko\u015bciowemu oznaczenie <mark class=\"has-inline-color\" style=\"background-color: #f1f1f1;\"><code>\u00a9 Printmaps.net<\/code> <\/mark> (ma\u0142e i blisko obrazu) oraz doda\u0107 link, je\u015bli jest u\u017cywany online.<\/p><\/p>\n<\/div>\n\n\n\n<div class=\"wp-block-column is-vertically-aligned-center is-layout-flow wp-block-column-is-layout-flow\" style=\"flex-basis:33.33%\">\n<p class=\"has-text-align-center\"><p>Potrzebujesz tworzy\u0107 <a href=\"\/pl\/\">mapy do druku<\/a>?<\/p><\/p>\n\n\n\n<div class=\"wp-block-buttons is-content-justification-center is-layout-flex wp-container-core-buttons-is-layout-16018d1d wp-block-buttons-is-layout-flex\">\n<div class=\"wp-block-button\"><a class=\"wp-block-button__link has-background wp-element-button\" href=\"https:\/\/www.printmaps.net\/pl\/\" style=\"background-color:#e5017e\">Wypr\u00f3buj nasz Edytor Map<\/a><\/div>\n<\/div>\n\n\n\n<p class=\"has-text-align-center\"><\/p>\n\n\n\n<p><\/p>\n\n\n\n<p class=\"has-text-align-center\"><p>Potrzebujesz API?<br\/>Sprawd\u017a nasze <a href=\"https:\/\/www.maptoolkit.com\/api\/elevation-api\/\">API Wysoko\u015bciowe<\/a><\/p><\/p>\n<\/div>\n<\/div>\n\n<div style=\"height:17px\" aria-hidden=\"true\" class=\"wp-block-spacer\"><\/div>\n\n<p class=\"has-text-align-center\"><\/p>\n<style>\n  @import \"https:\/\/static.maptoolkit.net\/api\/v8.10\/mtk.css\";\n  @import \"https:\/\/static.maptoolkit.net\/api\/v8.10\/editor.css\";\n  @import \"\/wp-content\/plugins\/printmaps_eprofile_editor\/css\/jquery-ui.min.css\";\n  @import \"\/wp-content\/plugins\/printmaps_eprofile_editor\/css\/spectrum.css\";\n  @import \"\/wp-content\/plugins\/printmaps_eprofile_editor\/css\/printmaps-ui.css\";\n  @import \"\/wp-content\/plugins\/printmaps_eprofile_editor\/css\/index.css\";\n  .bottom-bar { margin-bottom:1em; }\n<\/style>\n<div id=\"editor\"><\/div>\n<div id=\"elevation_profile_main\" style=\"overflow: auto\">\n  <br \/>\n  <h2 class=\"wpml_translation_result\">Wynik:<\/h2>\n  <div class=\"profile-dummy\"><\/div>\n  <div id=\"datapreview\">\n    <div class=\"elevationprofile_container\">\n      <div id=\"eprofile_loader\">\n        <div class=\"printmaps-ui-loader-circle\"><\/div>\n      <\/div>\n      <button\n        id=\"center_profile\"\n        class=\"printmaps-ui-btn printmaps-ui-btn-default\"\n        data-tooltip=\"Reset position back to center\"\n        style=\"display: none\"\n      >\n        <i class=\"printmaps-ui-icon-undo\"><\/i>\n      <\/button>\n      <div id=\"elevation_profile\" style=\"pointer-events: none\">\n        <img decoding=\"async\" id=\"eprofile_placeholder\" alt=\"elevation profile\" src=\"\/wp-content\/plugins\/printmaps_eprofile_editor\/images\/example-profile.png\" \/>\n      <\/div>\n    <\/div>\n    <table style=\"text-align: left\" id=\"profile_info\">\n      <tr>\n        <td class=\"wpml_translation_result_info_altitude_difference\">R\u00f3\u017cnica wysoko\u015bci<\/td>\n        <td><\/td>\n      <\/tr>\n      <tr>\n        <td class=\"wpml_translation_result_info_distance\">Dystans<\/td>\n        <td><\/td>\n      <\/tr>\n      <tr>\n        <td class=\"wpml_translation_result_info_walking_time\">Czas marszu<\/td>\n        <td><\/td>\n      <\/tr>\n      <tr>\n        <td class=\"wpml_translation_result_info_normal_cycling_time\">Czas jazdy na rowerze standardowym<\/td>\n        <td><\/td>\n      <\/tr>\n      <tr>\n        <td class=\"wpml_translation_result_info_offroad_cycling_time\">Czas jazdy na rowerze terenowym<\/td>\n        <td><\/td>\n      <\/tr>\n      <tr>\n        <td class=\"wpml_translation_result_info_race_cycling_time\">Czas jazdy na rowerze wy\u015bcigowym<\/td>\n        <td><\/td>\n      <\/tr>\n    <\/table>\n  <\/div>\n  <br \/>\n  <h2 class=\"wpml_translation_settings\">Ustawienia:<\/h2>\n  <table class=\"editor-settings\">\n    <tr>\n      <td>\n        <b class=\"wpml_translation_settings_printwidth\">Szeroko\u015b\u0107 druku:<\/b>\n      <\/td>\n      <td>\n        <input id=\"width\" class=\"printmaps-ui-input\" type=\"number\" min=\"70\" max=\"300\" value=\"150\" \/>\n        <small class=\"wpml_translation_settings_printwidth_info\" style=\"font-size: 12px\">mm (od 50 do 300 mm) <\/small>\n      <\/td>\n    <\/tr>\n    <tr>\n      <td class=\"wpml_translation_settings_curve\">Krzywa:<\/td>\n      <td>\n        <div>\n          <input id=\"colorpicker\" \/>\n          <div class=\"printmaps-ui-checkbox\">\n            <input type=\"checkbox\" name=\"stroke\" id=\"stroke\" checked \/>\n            <label class=\"wpml_translation_settings_curve_stroke\" for=\"stroke\">Obrys<\/label>\n          <\/div>\n          <div class=\"printmaps-ui-checkbox\">\n            <input type=\"checkbox\" name=\"gradient\" id=\"gradient\" checked \/>\n            <label class=\"wpml_translation_settings_curve_gradient\" for=\"gradient\">Gradient<\/label>\n          <\/div>\n          <span class=\"wpml_translation_settings_curve_gradient_color\">Kolor gradientu<\/span>\n          <div style=\"padding: 0; margin: 0\">\n            <input id=\"colorpicker3\" \/>\n          <\/div>\n        <\/div>\n      <\/td>\n    <\/tr>\n    <tr>\n      <td class=\"wpml_translation_settings_fontsize\">Rozmiar czcionki:<\/td>\n      <td>\n        <input id=\"fontsize\" class=\"printmaps-ui-input\" type=\"number\" min=\"20\" max=\"70\" value=\"40\" \/>\n        <small class=\"wpml_translation_settings_fontsize_info\" style=\"font-size: 12px\">(od 20 do 70)<\/small>\n      <\/td>\n    <\/tr>\n    <tr>\n      <td class=\"wpml_translation_settings_markers\">Znaczniki wysoko\u015bci:<\/td>\n      <td>\n        <div>\n          <div class=\"printmaps-ui-checkbox\" style=\"padding-left: 0px\">\n            <input type=\"checkbox\" name=\"marks\" id=\"marks\" checked \/>\n            <label for=\"marks\"><\/label>\n          <\/div>\n          <span class=\"wpml_translation_settings_markers_color\">Kolor:<\/span>\n          <div style=\"padding: 0; margin: 0\">\n            <input id=\"colorpicker2\" \/>\n          <\/div>\n        <\/div>\n      <\/td>\n    <\/tr>\n    <tr>\n      <td class=\"wpml_translation_settings_grid\">Siatka:<\/td>\n      <td>\n        <div>\n          <div class=\"printmaps-ui-checkbox\" style=\"padding-left: 0px\">\n            <input type=\"checkbox\" name=\"grid_horz\" id=\"grid_horz\" checked \/>\n            <label class=\"wpml_translation_settings_grid_horizontal\" for=\"grid_horz\">Poziomo<\/label>\n          <\/div>\n          <div class=\"printmaps-ui-checkbox\">\n            <input type=\"checkbox\" name=\"grid_vert\" id=\"grid_vert\" checked \/>\n            <label class=\"wpml_translation_settings_grid_vertical\" for=\"grid_vert\">Pionowo<\/label>\n          <\/div>\n        <\/div>\n      <\/td>\n    <\/tr>\n    <tr>\n      <td class=\"wpml_translation_settings_units\">Jednostki:<\/td>\n      <td>\n        <div>\n          <div class=\"printmaps-ui-radio\" style=\"padding-left: 0px\">\n            <input type=\"radio\" name=\"unit\" id=\"unit_km\" value=\"km\" checked \/>\n            <label class=\"wpml_translation_settings_units_metric\" for=\"unit_km\">Metry\/Kilometry<\/label>\n          <\/div>\n          <div class=\"printmaps-ui-radio\">\n            <input type=\"radio\" name=\"unit\" id=\"unit_miles\" value=\"miles\" \/>\n            <label class=\"wpml_translation_settings_units_imperial\" for=\"unit_miles\">Stopy\/Mile<\/label>\n          <\/div>\n        <\/div>\n      <\/td>\n    <\/tr>\n  <\/table>\n  <br \/>\n  <h2 class=\"wpml_translation_upload_draw\">Prze\u015blij lub narysuj swoj\u0105 tras\u0119:<\/h2>\n  <div id=\"addroute\">\n    <div id=\"filedrop\" class=\"printmaps-ui-filedrop\">\n      <input id=\"file\" type=\"file\" pui-filename=\"false\" \/>\n      <div id=\"dropzone\" class=\"printmaps-ui-filedrop-dropzone\">\n        <span class=\"printmaps-ui-filedrop-loader\"><\/span>\n        <span class=\"printmaps-ui-filedrop-info\">\n          <span class=\"printmaps-ui-filedrop-icon\"><\/span>\n          <span class=\"wpml_translation_upload_draw_filedrop printmaps-ui-filedrop-text\">Upu\u015b\u0107 plik GPX\/KML\/GeoJSON tutaj lub kliknij, aby przes\u0142a\u0107<\/span>\n        <\/span>\n      <\/div>\n    <\/div>\n    <span class=\"wpml_translation_upload_draw_info\" style=\"padding: 15px 0; display: block\">lub narysuj tras\u0119 myszk\u0105<\/span>\n    <div id=\"routetype_switch\" class=\"printmaps-ui-routetypeswitch\">\n      <a\n        class=\"wpml_translation_upload_draw_editor_routetype_car printmaps-ui-routetype-btn printmaps-ui-btn-active\"\n        data-routetype=\"car\"\n        data-tooltip=\"Tryb jazdy samochodem\"\n      ><\/a>\n      <a\n        class=\"wpml_translation_upload_draw_editor_routetype_bike printmaps-ui-routetype-btn\"\n        data-routetype=\"bike\"\n        data-tooltip=\"Tryb jazdy na rowerze\"\n      ><\/a>\n      <a\n        class=\"wpml_translation_upload_draw_editor_routetype_foot printmaps-ui-routetype-btn\"\n        data-routetype=\"foot\"\n        data-tooltip=\"Tryb pieszy\"\n      ><\/a>\n    <\/div>\n    <div id=\"locationsearch\" class=\"printmaps-ui-locationsearch\">\n      <span class=\"printmaps-ui-locationsearch-icon\"><\/span>\n      <input\n        type=\"text\"\n        class=\"wpml_translation_upload_draw_editor_locationsearch printmaps-ui-input-locationsearch\"\n        placeholder=\"Wprowad\u017a miejsce lub region...\"\n        autocomplete=\"on\"\n      \/>\n      <a class=\"printmaps-ui-locationsearch-geolocation\"><\/a>\n    <\/div>\n    <div class=\"map printmaps-ui-map-editor\" id=\"map\"><\/div>\n  <\/div>\n  <br \/>\n  <br \/>\n  <div class=\"bottom-bar\" style=\"text-align:right;\">\n    <input type=\"button\" id=\"tsprintmaps_item_button_free_elevation_profile\" onclick=\"tsprintmaps_process_free_elevation_profile();\" class=\"tsprintmaps_button_free_elevation_profile\" value=\"Free Download\">\n    <a id=\"tsprintmaps_item_download_free_elevation_profile\" href=\"#\" download=\"MyElevationProfile-28Apr2026.zip\" style=\"display:none\" class=\"tsprintmaps_button_free_elevation_profile has-background\">Download Profile<\/a>\n    <p style=\"clear:both;\">&nbsp;<\/p>\n    <div id=\"tsprintmaps_item_download_free_elevation_profile_status_message\">&nbsp;<\/div>\n  <\/div>\n<\/div>\n<script src=\"\/wp-content\/plugins\/printmaps_eprofile_editor\/js\/jquery-ui.min.js\"><\/script>\n<script src=\"https:\/\/static.maptoolkit.net\/api\/v8.10\/mtk.de.js\"><\/script>\n<script src=\"https:\/\/static.maptoolkit.net\/api\/v8.10\/editor.js\"><\/script>\n<script src=\"\/wp-content\/plugins\/printmaps_eprofile_editor\/js\/raphael.js\"><\/script>\n<script src=\"\/wp-content\/plugins\/printmaps_eprofile_editor\/js\/ElevationProfile2.js\"><\/script>\n<script src=\"\/wp-content\/plugins\/printmaps_eprofile_editor\/js\/togeojson.min.js\"><\/script>\n<script src=\"\/wp-content\/plugins\/printmaps_eprofile_editor\/js\/spectrum.min.js\"><\/script>\n<script src=\"\/wp-content\/plugins\/printmaps_eprofile_editor\/js\/printmaps-ui.js\"><\/script>\n<script src=\"\/wp-content\/plugins\/printmaps_eprofile_editor\/js\/index.js\"><\/script>\n<script>\nif (undefined === window.pls) {\n\twindow.pls = function() {};\n}\nfunction tsprintmaps_process_free_elevation_profile(id) {\n\tjQuery('#tsprintmaps_item_button_free_elevation_profile').attr('value', 'Processing ...');\n\tvar data = {\n\t\taction: \"tsprintmaps_process_free_elevation_profile\",\n\t\tedd_tsprintmaps_elevation_data: JSON.stringify(getOrder()),\n\t\tlanguage: \"pl\"\n\t};\n\tjQuery.ajax({\n\t\ttype: \"POST\",\n\t\tdata: data,\n\t\tdataType: \"json\",\n\t\turl: edd_scripts.ajaxurl,\n\t\tsuccess: (response) => { tsprintmaps_download_free_elevation_profile(response, id) },\n\t\terror: (jqXHR, status, error) => { tsprintmaps_error_processing_free_elevation_profile(id, status, error) },\n\t});\n}\nfunction tsprintmaps_download_free_elevation_profile(response, id) {\n\tjQuery('#tsprintmaps_item_button_free_elevation_profile').css('background-color', '#e5017e');\n\tpls('Free elevation profile', { props: {\"Product\":\"Printable elevation profile -\",\"Price\":\"single item in cart - please ignore\",\"Quantity\":\"single item in cart - please ignore\",\"Discount\":\"single item in cart - please ignore\"} });\n\tif ('ok' == response.status) {\n\t\tjQuery('#tsprintmaps_item_download_free_elevation_profile').attr('href', response.code);\n\t\tjQuery('#tsprintmaps_item_download_free_elevation_profile_status_message').html('&nbsp;');\n\t\twindow.setTimeout(() => {\n\t\t\tjQuery('#tsprintmaps_item_download_free_elevation_profile').css('display', 'inline-block');\n\t\t\tjQuery('#tsprintmaps_item_button_free_elevation_profile').css('display', 'none');\n\t\t\tdocument.getElementById('tsprintmaps_item_download_free_elevation_profile').click();\n\t\t}, 4000);\n\t} else {\n\t\twindow.setTimeout(() => {\n\t\t\tjQuery('#tsprintmaps_item_button_free_elevation_profile').attr('value', 'Free Download');\n\t\t\tjQuery('#tsprintmaps_item_download_free_elevation_profile_status_message').html(response.code);\n\t\t}, 1000);\n\t}\n}\nfunction tsprintmaps_error_processing_free_elevation_profile(id, status, error) {\n\tjQuery('#tsprintmaps_item_button_free_elevation_profile').css('background-color', 'red');\n\tjQuery('#tsprintmaps_item_button_free_elevation_profile').attr('value', 'An error occured');\n}\n<\/script>\n\n\n<div style=\"height:37px\" aria-hidden=\"true\" class=\"wp-block-spacer\"><\/div>\n\n<h3 class=\"wp-block-heading has-text-align-center\">Czym s\u0105 profile wysoko\u015bciowe?<\/h3>\n\n<div class=\"wp-block-media-text has-media-on-the-right is-stacked-on-mobile\"><div class=\"wp-block-media-text__content\">\n<p>Profil wysoko\u015bciowy, znany r\u00f3wnie\u017c jako profil topograficzny, przekr\u00f3j lub ci\u0119cie topograficzne, to spos\u00f3b przedstawienia ukszta\u0142towania terenu poprzez przeci\u0119cie mapy topograficznej. Ilustruje on zmiany wysoko\u015bci wzd\u0142u\u017c okre\u015blonej trasy. Linie konturowe na mapie reprezentuj\u0105 obszary o jednakowej wysoko\u015bci nad poziomem morza. Cho\u0107 skala pozioma profilu cz\u0119sto odpowiada tej na mapie, skala pionowa jest zazwyczaj przesadzona \u2013 zazwyczaj od trzech do pi\u0119ciu razy wi\u0119ksza \u2013 aby lepiej uwydatni\u0107 r\u00f3\u017cnice wysoko\u015bci. Pomaga to uwidoczni\u0107 cechy terenu, zw\u0142aszcza na obszarach o subtelnych zmianach wysoko\u015bci.<\/p>\n<\/div><figure class=\"wp-block-media-text__media\"><img fetchpriority=\"high\" fetchpriority=\"high\" decoding=\"async\" width=\"540\" height=\"540\" src=\"https:\/\/www.printmaps.net\/wp-content\/uploads\/2024\/11\/free-elevation-profile-1.png\" alt=\"\" class=\"wp-image-187706 size-full\" srcset=\"https:\/\/www.printmaps.net\/wp-content\/uploads\/2024\/11\/free-elevation-profile-1.png 540w, https:\/\/www.printmaps.net\/wp-content\/uploads\/2024\/11\/free-elevation-profile-1-480x480.png 480w\" sizes=\"(min-width: 0px) and (max-width: 480px) 480px, (min-width: 481px) 540px, 100vw\" \/><\/figure><\/div>\n\n<div style=\"height:35px\" aria-hidden=\"true\" class=\"wp-block-spacer\"><\/div>\n\n<h3 class=\"wp-block-heading has-text-align-center\">Dlaczego profile wysoko\u015bci s\u0105 wa\u017cne<\/h3>\n\n<div class=\"wp-block-media-text is-stacked-on-mobile\"><figure class=\"wp-block-media-text__media\"><img decoding=\"async\" width=\"1024\" height=\"631\" src=\"https:\/\/www.printmaps.net\/wp-content\/uploads\/2024\/10\/elevation-profile-4-1024x631.png\" alt=\"profil wysoko\u015bci\" class=\"wp-image-186263 size-full\" srcset=\"https:\/\/www.printmaps.net\/wp-content\/uploads\/2024\/10\/elevation-profile-4-980x604.png 980w, https:\/\/www.printmaps.net\/wp-content\/uploads\/2024\/10\/elevation-profile-4-480x296.png 480w\" sizes=\"(min-width: 0px) and (max-width: 480px) 480px, (min-width: 481px) and (max-width: 980px) 980px, (min-width: 981px) 1024px, 100vw\" \/><\/figure><div class=\"wp-block-media-text__content\">\n<p>Profil wysoko\u015bciowy to graficzne przedstawienie zmian terenu wzd\u0142u\u017c trasy. Dostarcza on kluczowych informacji o nachyleniu, przewy\u017cszeniach i trudno\u015bci trasy, co czyni go niezb\u0119dnym narz\u0119dziem dla mi\u0142o\u015bnik\u00f3w przyg\u00f3d, rowerzyst\u00f3w i pieszych w\u0119dr\u00f3wek. Dzi\u0119ki profilowi wysoko\u015bciowemu u\u017cytkownicy mog\u0105 szybko oceni\u0107, jak wymagaj\u0105ca jest trasa, i odpowiednio zaplanowa\u0107 swoj\u0105 podr\u00f3\u017c.<\/p>\n<\/div><\/div>\n\n<div style=\"height:98px\" aria-hidden=\"true\" class=\"wp-block-spacer\"><\/div>\n\n<h3 class=\"wp-block-heading has-text-align-center\">Tworzenie Profili Wysoko\u015bciowych GPX<\/h3>\n\n<div class=\"wp-block-group is-nowrap is-layout-flex wp-container-core-group-is-layout-ad2f72ca wp-block-group-is-layout-flex\">\n<div class=\"wp-block-media-text has-media-on-the-right is-stacked-on-mobile\"><div class=\"wp-block-media-text__content\">\n<p><p>Nasz edytor profili wysoko\u015bciowych umo\u017cliwia \u0142atwe tworzenie <strong>profilu wysoko\u015bciowego GPX<\/strong> z plik\u00f3w GPX. Wystarczy przes\u0142a\u0107 dane GPX, a edytor wygeneruje czytelny graficzny obraz zmian wysoko\u015bci na trasie. Ta funkcja jest idealna dla os\u00f3b, kt\u00f3re chc\u0105 przekszta\u0142ci\u0107 swoje cyfrowe dane tras w informacyjny i atrakcyjny profil wysoko\u015bciowy do map drukowanych lub przewodnik\u00f3w.<br\/>Dzi\u0119ki naszym narz\u0119dziom tworzenie szczeg\u00f3\u0142owego i atrakcyjnego wizualnie profilu wysoko\u015bciowego jest proste i intuicyjne. Niezale\u017cnie od tego, czy jeste\u015b osob\u0105 planuj\u0105c\u0105 kolejn\u0105 wypraw\u0119, czy organizacj\u0105 tworz\u0105c\u0105 materia\u0142y promocyjne, nasz edytor oferuje wszystko, co potrzebne do przekszta\u0142cenia danych GPX w informacyjn\u0105 reprezentacj\u0119 graficzn\u0105.<\/p><\/p>\n<\/div><figure class=\"wp-block-media-text__media\"><img decoding=\"async\" width=\"652\" height=\"680\" src=\"https:\/\/www.printmaps.net\/wp-content\/uploads\/2024\/10\/gpx-elevation-profile-1.png\" alt=\"profil wysoko\u015bci gpx\" class=\"wp-image-186264 size-full\" srcset=\"https:\/\/www.printmaps.net\/wp-content\/uploads\/2024\/10\/gpx-elevation-profile-1.png 652w, https:\/\/www.printmaps.net\/wp-content\/uploads\/2024\/10\/gpx-elevation-profile-1-480x501.png 480w\" sizes=\"(min-width: 0px) and (max-width: 480px) 480px, (min-width: 481px) 652px, 100vw\" \/><\/figure><\/div>\n<\/div>\n\n<div style=\"height:97px\" aria-hidden=\"true\" class=\"wp-block-spacer\"><\/div>\n\n<h3 class=\"wp-block-heading has-text-align-center\">Profile Wysoko\u015bciowe na Mapach Drukowanych<\/h3>\n\n<div class=\"wp-block-group is-nowrap is-layout-flex wp-container-core-group-is-layout-ad2f72ca wp-block-group-is-layout-flex\">\n<div class=\"wp-block-media-text is-stacked-on-mobile\"><figure class=\"wp-block-media-text__media\"><img loading=\"lazy\" loading=\"lazy\" decoding=\"async\" width=\"701\" height=\"499\" src=\"https:\/\/www.printmaps.net\/wp-content\/uploads\/2024\/10\/elevation-profile-maker.png\" alt=\"kreator profili wysoko\u015bci\" class=\"wp-image-186265 size-full\" srcset=\"https:\/\/www.printmaps.net\/wp-content\/uploads\/2024\/10\/elevation-profile-maker.png 701w, https:\/\/www.printmaps.net\/wp-content\/uploads\/2024\/10\/elevation-profile-maker-480x342.png 480w\" sizes=\"auto, (min-width: 0px) and (max-width: 480px) 480px, (min-width: 481px) 701px, 100vw\" \/><\/figure><div class=\"wp-block-media-text__content\">\n<p><p>Wiele os\u00f3b korzysta z naszego generatora profili wysoko\u015bciowych, aby wzbogaci\u0107 drukowane produkty, w po\u0142\u0105czeniu z <a href=\"\/pl\/\">mapami z naszego edytora<\/a>, takimi jak mapy rowerowe i piesze, broszury wydarze\u0144 oraz przewodniki turystyczne. Profil wysoko\u015bciowy oparty na danych GPX oferuje u\u017cytkownikom pe\u0142en obraz terenu, umo\u017cliwiaj\u0105c im planowanie przerw, przewidywanie wymagaj\u0105cych podjazd\u00f3w i precyzyjniejsze szacowanie czasu podr\u00f3\u017cy.<br\/>Dodanie profili wysoko\u015bciowych do materia\u0142\u00f3w drukowanych nie tylko nadaje im profesjonalny wygl\u0105d, ale tak\u017ce dostarcza u\u017cytkownikom informacji potrzebnych do pewnego poruszania si\u0119 po trasach. Korzystaj\u0105c z naszego edytora profili wysoko\u015bciowych, mo\u017cesz generowa\u0107 pi\u0119kne i praktyczne profile wysoko\u015bciowe z danych GPX, idealne do r\u00f3\u017cnych zastosowa\u0144 drukowanych.<\/p><\/p>\n<\/div><\/div>\n<\/div>\n\n<div style=\"height:66px\" aria-hidden=\"true\" class=\"wp-block-spacer\"><\/div>\n\n<h3 class=\"wp-block-heading\">Cz\u0119sto zadawane pytania<\/h3>\n\n<div class=\"schema-faq wp-block-yoast-faq-block\"><div class=\"schema-faq-section\" id=\"faq-question-1733750258467\"><strong class=\"schema-faq-question\">Czy mog\u0119 stworzy\u0107 profil wysoko\u015bci online bez pobierania oprogramowania?<\/strong> <p class=\"schema-faq-answer\">Nasz Kreator Profili Wysoko\u015bci mo\u017cna u\u017cywa\u0107 w przegl\u0105darce bez konieczno\u015bci pobierania oprogramowania, zak\u0142adania konta czy logowania. Po prostu stw\u00f3rz sw\u00f3j spersonalizowany profil wysoko\u015bci i pobierz go.<\/p> <\/div> <div class=\"schema-faq-section\" id=\"faq-question-1733750364387\"><strong class=\"schema-faq-question\">Czy mog\u0119 generowa\u0107 profile wysoko\u015bci w r\u00f3\u017cnych formatach plik\u00f3w?<\/strong> <p class=\"schema-faq-answer\">Domy\u015blnie po pobraniu otrzymasz sw\u00f3j profil wysoko\u015bci w formacie pliku PDF, pliku SVG do dalszej obr\u00f3bki oraz pliku PNG.<\/p> <\/div> <div class=\"schema-faq-section\" id=\"faq-question-1733750629782\"><strong class=\"schema-faq-question\">Czy mog\u0119 dostosowa\u0107 wygl\u0105d swojego profilu wysoko\u015bci?<\/strong> <p class=\"schema-faq-answer\">Mo\u017cesz dostosowa\u0107 rozmiar wydruku, rozmiar czcionki, kolor gradientu, kolor linii, jednostki oraz kolor marker\u00f3w. Je\u015bli chcesz, mo\u017cesz dostosowa\u0107 profil jeszcze bardziej po pobraniu go w wybranym przez siebie programie do edycji zdj\u0119\u0107.<\/p> <\/div> <div class=\"schema-faq-section\" id=\"faq-question-1733750818088\"><strong class=\"schema-faq-question\">Jaki jest naj\u0142atwiejszy spos\u00f3b na stworzenie profilu wysoko\u015bci dla mojej trasy w\u0119dr\u00f3wki?<\/strong> <p class=\"schema-faq-answer\">Naj\u0142atwiejszym sposobem na \u015bledzenie trasy jest po prostu za\u0142adowanie pliku GPX, je\u015bli go posiadasz. Je\u015bli nie, mo\u017cesz wybra\u0107 punkt pocz\u0105tkowy i ko\u0144cowy trasy za pomoc\u0105 narz\u0119dzia magnesu, kt\u00f3re automatycznie poprowadzi tras\u0119 po istniej\u0105cych drogach. Je\u015bli twoja trasa nie pod\u0105\u017ca wzd\u0142u\u017c istniej\u0105cej drogi, mo\u017cesz narysowa\u0107 j\u0105 r\u0119cznie za pomoc\u0105 narz\u0119dzia do rysowania odr\u0119cznego.<\/p> <\/div> <div class=\"schema-faq-section\" id=\"faq-question-1733750943459\"><strong class=\"schema-faq-question\">Czy musz\u0119 doda\u0107 profil wysoko\u015bci do banera cookies przy u\u017cyciu na stronie internetowej?<\/strong> <p class=\"schema-faq-answer\">Nie. Niezale\u017cnie od tego, czy u\u017cywasz naszych profili wysoko\u015bci jako statycznych obraz\u00f3w w swoich postach, czy u\u017cywasz plik\u00f3w SVG do interakcji, nie jest wymagana \u017cadna zbi\u00f3rka cookies, co zapewnia niezak\u0142\u00f3cone do\u015bwiadczenie u\u017cytkownika.<\/p> <\/div> <\/div>\r\n\n<div style=\"height:80px\" aria-hidden=\"true\" class=\"wp-block-spacer\"><\/div>\n","protected":false},"excerpt":{"rendered":"<p>Tutaj mo\u017cesz tworzy\u0107 profile wysoko\u015bciowe, kt\u00f3re mo\u017cesz bezp\u0142atnie wykorzysta\u0107 w materia\u0142ach drukowanych i komunikacji online. Wystarczy przes\u0142a\u0107 plik GPX, KML lub GeoJSON poni\u017cej lub narysowa\u0107 tras\u0119 na mapie, wybra\u0107 ustawienia i klikn\u0105\u0107 &#8222;Pobierz&#8221;. Otrzymasz plik SVG z warstwami, kt\u00f3ry mo\u017cesz edytowa\u0107 w programach takich jak Adobe Illustrator, Photoshop lub Inkscape, albo wykorzysta\u0107 na stronie internetowej. [&hellip;]<\/p>\n","protected":false},"author":8,"featured_media":0,"parent":0,"menu_order":0,"comment_status":"closed","ping_status":"closed","template":"","meta":{"_et_pb_use_builder":"off","_et_pb_old_content":"","_et_gb_content_width":"","footnotes":""},"class_list":["post-179688","page","type-page","status-publish","hentry"],"_links":{"self":[{"href":"https:\/\/www.printmaps.net\/pl\/wp-json\/wp\/v2\/pages\/179688","targetHints":{"allow":["GET"]}}],"collection":[{"href":"https:\/\/www.printmaps.net\/pl\/wp-json\/wp\/v2\/pages"}],"about":[{"href":"https:\/\/www.printmaps.net\/pl\/wp-json\/wp\/v2\/types\/page"}],"author":[{"embeddable":true,"href":"https:\/\/www.printmaps.net\/pl\/wp-json\/wp\/v2\/users\/8"}],"replies":[{"embeddable":true,"href":"https:\/\/www.printmaps.net\/pl\/wp-json\/wp\/v2\/comments?post=179688"}],"version-history":[{"count":6,"href":"https:\/\/www.printmaps.net\/pl\/wp-json\/wp\/v2\/pages\/179688\/revisions"}],"predecessor-version":[{"id":191102,"href":"https:\/\/www.printmaps.net\/pl\/wp-json\/wp\/v2\/pages\/179688\/revisions\/191102"}],"wp:attachment":[{"href":"https:\/\/www.printmaps.net\/pl\/wp-json\/wp\/v2\/media?parent=179688"}],"curies":[{"name":"wp","href":"https:\/\/api.w.org\/{rel}","templated":true}]}}