{"id":179746,"date":"2024-08-24T12:54:03","date_gmt":"2024-08-24T11:54:03","guid":{"rendered":"https:\/\/www.printmaps.net\/mapz-com-alternative\/"},"modified":"2024-08-30T15:54:11","modified_gmt":"2024-08-30T14:54:11","slug":"mapz-com-alternative","status":"publish","type":"page","link":"https:\/\/www.printmaps.net\/pl\/mapz-com-alternative\/","title":{"rendered":"Mapz.com &#8211; por\u00f3wnanie alternatyw z Printmaps"},"content":{"rendered":"\n<div class=\"wp-block-columns is-layout-flex wp-container-core-columns-is-layout-9d6595d7 wp-block-columns-is-layout-flex\">\n<div class=\"wp-block-column is-layout-flow wp-block-column-is-layout-flow\" style=\"flex-basis:66.66%\">\n<p><p>Je\u015bli pracowa\u0142e\u015b z <a href=\"http:\/\/mapz.com\/\">Mapz.com<\/a> od renomowanych kartograf\u00f3w Kober-K\u00fcmmerly+Frey, z pewno\u015bci\u0105 zainteresuje Ci\u0119, jak Printmaps.net wypada w por\u00f3wnaniu z Mapz.<\/p><\/p>\n\n\n\n<p><p>Stworzyli\u015bmy poni\u017csz\u0105 tabel\u0119 por\u00f3wnawcz\u0105, aby szybko przedstawi\u0107 najwa\u017cniejsze <strong><a href=\"https:\/\/www.printmaps.net\/pl\/funkcje\/\">funkcje edytora Printmaps<\/a><\/strong> i jak wypadaj\u0105 one w por\u00f3wnaniu z Mapz.com. Koniecznie zapoznaj si\u0119 z przyk\u0142adami zastosowa\u0144 Printmaps.net poni\u017cej naszej tabeli por\u00f3wnawczej. (Wypr\u00f3buj edytor tutaj.)<\/p><\/p>\n<\/div>\n\n\n\n<div class=\"wp-block-column is-layout-flow wp-block-column-is-layout-flow\" style=\"flex-basis:33.33%\">\n<figure class=\"wp-block-image size-large is-resized\"><img fetchpriority=\"high\" fetchpriority=\"high\" decoding=\"async\" width=\"251\" height=\"320\" src=\"https:\/\/www.printmaps.net\/wp-content\/uploads\/2018\/02\/mapz-com-stadtplan.png\" alt=\"\" class=\"wp-image-28073\" style=\"width:141px;height:180px\"\/><\/figure>\n<\/div>\n<\/div>\n\n\n\n<figure class=\"wp-block-table is-style-stripes\"><table class=\"has-fixed-layout\"><thead><tr><th><\/th><th>Printmaps<\/th><th>Mapz.com<\/th><\/tr><\/thead><tbody><tr><td><em>Format<\/em><\/td><td>SVG, PSD, PNG<\/td><td>PNG, JPG, PSD, PDF<\/td><\/tr><tr><td><p><em>Rozdzielczo\u015b\u0107<\/em><\/p><\/td><td>75 \/ 300 ppi, Wektor<\/td><td>100 \/ 200 \/ 400 ppi, Wektor<\/td><\/tr><tr><td><p><em>Punkt cenowy<\/em><\/p><\/td><td><p>Zaczyna si\u0119 od oko\u0142o 7 \u20ac. Model cenowy zale\u017cy od formatu pliku i liczby kopii, w kt\u00f3rych mapa jest u\u017cywana.<br\/>Np.: PNG 22 x 22 cm, 300 dpi, 35 000 kopii = 39,27 \u20ac (z VAT)<\/p><\/td><td><p>Cena zale\u017cy od rozmiaru, rozdzielczo\u015bci i formatu mapy.<br\/>Np.: PNG 22 x 22 cm, 400 dpi = 299,50 \u20ac (z VAT)<\/p><\/td><\/tr><tr><td><p><em>Dane niestandardowe<\/em><\/p><\/td><td><p>* Edytor tras<br\/>* Kszta\u0142ty geograficzne<br\/>* Przesy\u0142anie plik\u00f3w<br\/>* Punkty zainteresowania (r\u0119cznie lub kopiuj\/wklej z Excela)<\/p><\/td><td><p>* Przesy\u0142anie plik\u00f3w (GeoJSON, CSV)<br\/>* Standardowe narz\u0119dzia rysowania<\/p><\/td><\/tr><tr><td><p><em>Poka\u017c\/Ukryj funkcje mapy?<\/em><\/p><\/td><td>Tak<\/td><td>Nie<\/td><\/tr><tr><td><p><em>Obr\u00f3\u0107 map\u0119?<\/em><\/p><\/td><td>Tak<\/td><td>Nie<\/td><\/tr><\/tbody><\/table><\/figure>\n\n\n<div style=\"height:100px\" aria-hidden=\"true\" class=\"wp-block-spacer\"><\/div>\n\n\n\n<h3 class=\"wp-block-heading has-text-align-center\">Niekt\u00f3re sposoby wykorzystania naszych map do druku<\/h3>\n\n\n\n<div class=\"wp-block-group\"><div class=\"wp-block-group__inner-container is-layout-constrained wp-block-group-is-layout-constrained\">\n<div class=\"wp-block-columns is-layout-flex wp-container-core-columns-is-layout-9d6595d7 wp-block-columns-is-layout-flex\">\n<div class=\"wp-block-column is-vertically-aligned-top is-layout-flow wp-block-column-is-layout-flow\"><div class=\"wp-block-image is-style-default\">\n<figure class=\"alignright size-full is-resized\"><img decoding=\"async\" src=\"https:\/\/www.printmaps.net\/wp-content\/uploads\/2020\/10\/Layers-big.png\" alt=\"\" class=\"wp-image-70211\" width=\"765\" height=\"531\" srcset=\"https:\/\/www.printmaps.net\/wp-content\/uploads\/2020\/10\/Layers-big.png 765w, https:\/\/www.printmaps.net\/wp-content\/uploads\/2020\/10\/Layers-big-480x333.png 480w\" sizes=\"(min-width: 0px) and (max-width: 480px) 480px, (min-width: 481px) 765px, 100vw\" \/><\/figure><\/div><\/div>\n\n\n\n<div class=\"wp-block-column is-vertically-aligned-top is-layout-flow wp-block-column-is-layout-flow\" style=\"flex-basis:380px\">\n<p>Edytor Printmaps tworzy mapy w wysokiej rozdzielczo\u015bci 300 dpi w formatach PNG, PSD (Photoshop) i SVG. Wszystkie elementy mapy s\u0105 umieszczone na osobnych warstwach, co pozwala na ich edycj\u0119 bez uszkadzania innych element\u00f3w. Zobacz nasz screencast, aby uzyska\u0107 wi\u0119cej szczeg\u00f3\u0142\u00f3w.<\/p>\n<\/div>\n<\/div>\n\n\n\n<div class=\"wp-block-columns is-layout-flex wp-container-core-columns-is-layout-9d6595d7 wp-block-columns-is-layout-flex\">\n<div class=\"wp-block-column is-vertically-aligned-top is-layout-flow wp-block-column-is-layout-flow\"><div class=\"wp-block-image is-style-default\">\n<figure class=\"alignright size-full\"><img decoding=\"async\" width=\"765\" height=\"531\" src=\"https:\/\/www.printmaps.net\/wp-content\/uploads\/2020\/10\/bodensee-karte.jpg\" alt=\"\" class=\"wp-image-70212\" srcset=\"https:\/\/www.printmaps.net\/wp-content\/uploads\/2020\/10\/bodensee-karte.jpg 765w, https:\/\/www.printmaps.net\/wp-content\/uploads\/2020\/10\/bodensee-karte-480x333.jpg 480w\" sizes=\"(min-width: 0px) and (max-width: 480px) 480px, (min-width: 481px) 765px, 100vw\" \/><\/figure><\/div><\/div>\n\n\n\n<div class=\"wp-block-column is-vertically-aligned-top is-layout-flow wp-block-column-is-layout-flow\" style=\"flex-basis:380px\">\n<p>Nasi klienci korzystaj\u0105 z edytora Printmaps, aby z \u0142atwo\u015bci\u0105 mapowa\u0107 trasy \u2013 plany podr\u00f3\u017cy, szlaki piesze i rowerowe, spacery po mie\u015bcie lub po prostu wskaz\u00f3wki dojazdu \u2013 oraz nak\u0142ada\u0107 swoje punkty zainteresowania na map\u0119. Edytor sprawia, \u017ce tworzenie map sk\u0142adanych, map do folder\u00f3w turystycznych i broszur lub map do przewodnik\u00f3w jest naprawd\u0119 proste.<\/p>\n<\/div>\n<\/div>\n\n\n\n<div class=\"wp-block-columns is-layout-flex wp-container-core-columns-is-layout-9d6595d7 wp-block-columns-is-layout-flex\">\n<div class=\"wp-block-column is-vertically-aligned-top is-layout-flow wp-block-column-is-layout-flow\"><div class=\"wp-block-image is-style-default\">\n<figure class=\"alignright size-full\"><img loading=\"lazy\" loading=\"lazy\" decoding=\"async\" width=\"765\" height=\"531\" src=\"https:\/\/www.printmaps.net\/wp-content\/uploads\/2020\/10\/immo-expose.jpg\" alt=\"\" class=\"wp-image-70213\" srcset=\"https:\/\/www.printmaps.net\/wp-content\/uploads\/2020\/10\/immo-expose.jpg 765w, https:\/\/www.printmaps.net\/wp-content\/uploads\/2020\/10\/immo-expose-480x333.jpg 480w\" sizes=\"auto, (min-width: 0px) and (max-width: 480px) 480px, (min-width: 481px) 765px, 100vw\" \/><\/figure><\/div><\/div>\n\n\n\n<div class=\"wp-block-column is-vertically-aligned-top is-layout-flow wp-block-column-is-layout-flow\" style=\"flex-basis:380px\">\n<p><p>Nasze korzystne <a href=\"\/pl\/ceny\">ceny<\/a> na poziomie podstawowym pozwalaj\u0105 klientom z bardzo niskim nak\u0142adem druku na zakup naszych map. Typowe przyk\u0142ady to oferty nieruchomo\u015bci i fotoksi\u0105\u017cki, drukowane w niewielkich ilo\u015bciach, ale wymagaj\u0105ce wysokiej jako\u015bci map lokalizacyjnych lub tras.<\/p><\/p>\n<\/div>\n<\/div>\n\n\n\n<div class=\"wp-block-columns is-layout-flex wp-container-core-columns-is-layout-9d6595d7 wp-block-columns-is-layout-flex\">\n<div class=\"wp-block-column is-vertically-aligned-top is-layout-flow wp-block-column-is-layout-flow\"><div class=\"wp-block-image is-style-default\">\n<figure class=\"alignright size-full\"><img loading=\"lazy\" loading=\"lazy\" decoding=\"async\" width=\"765\" height=\"531\" src=\"https:\/\/www.printmaps.net\/wp-content\/uploads\/2020\/10\/mallorca.jpg\" alt=\"\" class=\"wp-image-70214\" srcset=\"https:\/\/www.printmaps.net\/wp-content\/uploads\/2020\/10\/mallorca.jpg 765w, https:\/\/www.printmaps.net\/wp-content\/uploads\/2020\/10\/mallorca-480x333.jpg 480w\" sizes=\"auto, (min-width: 0px) and (max-width: 480px) 480px, (min-width: 481px) 765px, 100vw\" \/><\/figure><\/div><\/div>\n\n\n\n<div class=\"wp-block-column is-vertically-aligned-top is-layout-flow wp-block-column-is-layout-flow\" style=\"flex-basis:380px\">\n<p>Wielu wydawc\u00f3w przewodnik\u00f3w ilustruje swoje przewodniki turystyczne i przewodniki pieszych w\u0119dr\u00f3wek wy\u0142\u0105cznie za pomoc\u0105 map Printmaps. Nasze mapy zaspokoj\u0105 wszystkie typowe potrzeby kartograficzne, pocz\u0105wszy od map przegl\u0105dowych i map og\u00f3lnych lokalizacji, po mapy aktywno\u015bci z trasami pieszymi lub rowerowymi, mapy miast\/ulic, a\u017c po mapy z kierunkami.<\/p>\n<\/div>\n<\/div>\n<\/div><\/div>\n\n\n\n<div style=\"height:100px\" aria-hidden=\"true\" class=\"wp-block-spacer\"><\/div>\n\n\n\n<div class=\"wp-block-group\"><div class=\"wp-block-group__inner-container is-layout-constrained wp-block-group-is-layout-constrained\">\n<h2 class=\"wp-block-heading has-text-align-center has-large-font-size\" style=\"font-style:normal;font-weight:700\">Wypr\u00f3buj Printmaps<\/h2>\n\n\n\n<p class=\"has-text-align-center has-medium-font-size\">Nasz edytor map pozwala tworzy\u0107 mapy do druku na ca\u0142ym \u015bwiecie w mgnieniu oka.<\/p>\n\n\n\n<div style=\"height:15px\" aria-hidden=\"true\" class=\"wp-block-spacer\"><\/div>\n\n\n\n<div class=\"wp-block-buttons is-content-justification-center is-layout-flex wp-container-core-buttons-is-layout-16018d1d wp-block-buttons-is-layout-flex\">\n<div class=\"wp-block-button has-custom-font-size\" style=\"font-size:18px\"><a class=\"wp-block-button__link has-background wp-element-button\" href=\"https:\/\/www.printmaps.net\/pl\/\" style=\"border-radius:10px;background-color:#e5017e\"><p><strong>Stw\u00f3rz swoj\u0105 pierwsz\u0105 map\u0119 teraz<\/strong><\/p><\/a><\/div>\n<\/div>\n<\/div><\/div>\n\n\n\n<div style=\"height:150px\" aria-hidden=\"true\" class=\"wp-block-spacer\"><\/div>\n","protected":false},"excerpt":{"rendered":"<p>Je\u015bli pracowa\u0142e\u015b z Mapz.com od renomowanych kartograf\u00f3w Kober-K\u00fcmmerly+Frey, z pewno\u015bci\u0105 zainteresuje Ci\u0119, jak Printmaps.net wypada w por\u00f3wnaniu z Mapz. Stworzyli\u015bmy poni\u017csz\u0105 tabel\u0119 por\u00f3wnawcz\u0105, aby szybko przedstawi\u0107 najwa\u017cniejsze funkcje edytora Printmaps i jak wypadaj\u0105 one w por\u00f3wnaniu z Mapz.com. Koniecznie zapoznaj si\u0119 z przyk\u0142adami zastosowa\u0144 Printmaps.net poni\u017cej naszej tabeli por\u00f3wnawczej. (Wypr\u00f3buj edytor tutaj.) Niekt\u00f3re sposoby wykorzystania [&hellip;]<\/p>\n","protected":false},"author":8,"featured_media":0,"parent":0,"menu_order":0,"comment_status":"closed","ping_status":"closed","template":"","meta":{"_et_pb_use_builder":"off","_et_pb_old_content":"","_et_gb_content_width":"","footnotes":""},"class_list":["post-179746","page","type-page","status-publish","hentry"],"_links":{"self":[{"href":"https:\/\/www.printmaps.net\/pl\/wp-json\/wp\/v2\/pages\/179746","targetHints":{"allow":["GET"]}}],"collection":[{"href":"https:\/\/www.printmaps.net\/pl\/wp-json\/wp\/v2\/pages"}],"about":[{"href":"https:\/\/www.printmaps.net\/pl\/wp-json\/wp\/v2\/types\/page"}],"author":[{"embeddable":true,"href":"https:\/\/www.printmaps.net\/pl\/wp-json\/wp\/v2\/users\/8"}],"replies":[{"embeddable":true,"href":"https:\/\/www.printmaps.net\/pl\/wp-json\/wp\/v2\/comments?post=179746"}],"version-history":[{"count":5,"href":"https:\/\/www.printmaps.net\/pl\/wp-json\/wp\/v2\/pages\/179746\/revisions"}],"predecessor-version":[{"id":179762,"href":"https:\/\/www.printmaps.net\/pl\/wp-json\/wp\/v2\/pages\/179746\/revisions\/179762"}],"wp:attachment":[{"href":"https:\/\/www.printmaps.net\/pl\/wp-json\/wp\/v2\/media?parent=179746"}],"curies":[{"name":"wp","href":"https:\/\/api.w.org\/{rel}","templated":true}]}}