{"id":179758,"date":"2024-08-24T13:19:59","date_gmt":"2024-08-24T12:19:59","guid":{"rendered":"https:\/\/www.printmaps.net\/wydruki-tras-strava\/"},"modified":"2024-08-30T15:55:42","modified_gmt":"2024-08-30T14:55:42","slug":"wydruki-tras-strava","status":"publish","type":"page","link":"https:\/\/www.printmaps.net\/pl\/wydruki-tras-strava\/","title":{"rendered":"Wydruki tras Strava: Wydrukuj map\u0119 Strava i uwiecznij swoj\u0105 tras\u0119 rowerow\u0105, szlak pieszy lub maraton na mapie do druku."},"content":{"rendered":"\n<p class=\"has-text-align-center\">Stw\u00f3rz w\u0142asne grafiki na \u015bcian\u0119 ze szlakami pieszymi, trasami rowerowymi lub mapami maraton\u00f3w za pomoc\u0105 edytora Printmaps. Prze\u015blij swoj\u0105 tras\u0119 i stw\u00f3rz spersonalizowane wydruki z aplikacji biegowej.<\/p>\n\n\n\n<hr class=\"wp-block-separator has-css-opacity\"\/>\n\n\n\n<div style=\"height:55px\" aria-hidden=\"true\" class=\"wp-block-spacer\"><\/div>\n\n\n\n<div class=\"wp-block-columns is-layout-flex wp-container-core-columns-is-layout-9d6595d7 wp-block-columns-is-layout-flex\">\n<div class=\"wp-block-column is-layout-flow wp-block-column-is-layout-flow\">\n<p class=\"has-drop-cap\"><p>D\u017awi\u0119k st\u00f3p uderzaj\u0105cych o \u015bcie\u017ck\u0119, \u015bwie\u017ce le\u015bne powietrze w nozdrzach, medytacyjna cisza przerywana od czasu do czasu \u015bpiewem ptak\u00f3w \u2013 jak cz\u0119sto my\u015blami wracasz do swojego ulubionego biegu? Czy\u017c sama my\u015bl o tym nie jest bardzo satysfakcjonuj\u0105ca? Mo\u017ce warto cz\u0119\u015bciej przypomina\u0107 sobie o swoich wysi\u0142kach i nagradza\u0107 si\u0119 za nie. <strong>Dlaczego nie uwieczni\u0107 swoich wydruk\u00f3w trasy Strava w ramce lub na \u015bcianie?<\/strong> Dodaj sw\u00f3j najszybszy czas, \u015bwi\u0119tuj swoje osi\u0105gni\u0119cie i przypominaj sobie o tym we w\u0142asnym domu. Kto wie, mo\u017ce to nawet zainspiruje Ci\u0119 do cz\u0119stszych bieg\u00f3w!<\/p><\/p>\n\n\n\n<div style=\"height:49px\" aria-hidden=\"true\" class=\"wp-block-spacer\"><\/div>\n\n\n\n<p><p>Podczas gdy inni pomagaj\u0105 klientom <a href=\"https:\/\/www.strava.com\/apps\/prints\" target=\"_blank\" rel=\"noreferrer noopener\">nada\u0107 ich trasom Strava inny wymiar<\/a> w najr\u00f3\u017cniejszych kreatywnych formach, dzi\u0119ki Printmaps mo\u017cesz to zrobi\u0107 sam! Edytor Printmaps pozwala na przesy\u0142anie zarejestrowanych tras (KML, GPX, GeoJSON) na mapy w wysokiej rozdzielczo\u015bci, odpowiednie do druku. Wybierz styl mapy swojej ulubionej aplikacji i wydrukuj tras\u0119 dok\u0142adnie tak, jak tam jest wy\u015bwietlana. Chcesz wydrukowa\u0107 swoj\u0105 tras\u0119 rowerow\u0105 we Francji? Po prostu pobierz plik GPX z Bikemap i za\u0142aduj go do edytora Printmaps. To samo dotyczy wydruk\u00f3w tras z Komoot lub ulubionego biegu po okolicy zarejestrowanego w Strava. Poniewa\u017c mapy Printmaps maj\u0105 rozdzielczo\u015b\u0107 300 dpi, mo\u017cna je wydrukowa\u0107 w formacie plakatu bez utraty jakichkolwiek szczeg\u00f3\u0142\u00f3w na mapie.<\/p><\/p>\n\n\n\n<div style=\"height:16px\" aria-hidden=\"true\" class=\"wp-block-spacer\"><\/div>\n<\/div>\n\n\n\n<div class=\"wp-block-column is-layout-flow wp-block-column-is-layout-flow\">\n<figure class=\"wp-block-image size-large is-resized\"><img fetchpriority=\"high\" fetchpriority=\"high\" decoding=\"async\" width=\"819\" height=\"1024\" src=\"https:\/\/www.printmaps.net\/wp-content\/uploads\/2021\/03\/strava-prints-819x1024.jpg\" alt=\"wydruki map maraton\u00f3w\" class=\"wp-image-80974\" style=\"width:523px;height:653px\"\/><\/figure>\n\n\n\n<p><\/p>\n<\/div>\n<\/div>\n\n\n\n<div style=\"height:50px\" aria-hidden=\"true\" class=\"wp-block-spacer\"><\/div>\n\n\n\n<div class=\"wp-block-group\"><div class=\"wp-block-group__inner-container is-layout-constrained wp-block-group-is-layout-constrained\">\n<h2 class=\"wp-block-heading has-text-align-center has-large-font-size\" style=\"font-style:normal;font-weight:700\">Wypr\u00f3buj Printmaps<\/h2>\n\n\n\n<p class=\"has-text-align-center has-medium-font-size\">Nasz edytor map pozwala tworzy\u0107 mapy do druku na ca\u0142ym \u015bwiecie w mgnieniu oka.<\/p>\n\n\n\n<div style=\"height:15px\" aria-hidden=\"true\" class=\"wp-block-spacer\"><\/div>\n\n\n\n<div class=\"wp-block-buttons is-content-justification-center is-layout-flex wp-container-core-buttons-is-layout-16018d1d wp-block-buttons-is-layout-flex\">\n<div class=\"wp-block-button has-custom-font-size\" style=\"font-size:18px\"><a class=\"wp-block-button__link has-background wp-element-button\" href=\"https:\/\/www.printmaps.net\/pl\/\" style=\"border-radius:10px;background-color:#e5017e\"><p><strong>Stw\u00f3rz swoj\u0105 pierwsz\u0105 map\u0119 teraz<\/strong><\/p><\/a><\/div>\n<\/div>\n<\/div><\/div>\n\n\n\n<div style=\"height:100px\" aria-hidden=\"true\" class=\"wp-block-spacer\"><\/div>\n\n\n\n<h2 class=\"wp-block-heading has-text-align-center\">Stw\u00f3rz wydruk mapy maratonu lub innej trasy Strava w 5 prostych krokach:<\/h2>\n\n\n\n<div style=\"height:34px\" aria-hidden=\"true\" class=\"wp-block-spacer\"><\/div>\n\n\n\n<hr class=\"wp-block-separator has-css-opacity\"\/>\n\n\n\n<div style=\"height:50px\" aria-hidden=\"true\" class=\"wp-block-spacer\"><\/div>\n\n\n\n<div class=\"wp-block-columns is-layout-flex wp-container-core-columns-is-layout-9d6595d7 wp-block-columns-is-layout-flex\">\n<div class=\"wp-block-column is-layout-flow wp-block-column-is-layout-flow\">\n<p><\/p>\n\n\n\n<h3 class=\"wp-block-heading\">1. Zarejestruj swoj\u0105 tras\u0119 lub pobierz zarejestrowan\u0105 tras\u0119 na komputer<\/h3>\n\n\n\n<p><\/p>\n\n\n\n<h3 class=\"wp-block-heading\">2. Prze\u015blij t\u0119 tras\u0119 na map\u0119 w edytorze Printmaps<\/h3>\n\n\n\n<p><\/p>\n\n\n\n<h3 class=\"wp-block-heading\">3. Doko\u0144cz map\u0119 w edytorze<\/h3>\n\n\n\n<p><\/p>\n\n\n\n<h3 class=\"wp-block-heading\">4. Wydrukuj swoj\u0105 map\u0119 na papierze lub p\u0142\u00f3tnie<\/h3>\n\n\n\n<p><\/p>\n\n\n\n<h3 class=\"wp-block-heading\">5. Opraw map\u0119 i powie\u015b na \u015bcianie<\/h3>\n<\/div>\n\n\n\n<div class=\"wp-block-column is-layout-flow wp-block-column-is-layout-flow\"><div class=\"wp-block-image\">\n<figure class=\"aligncenter size-large is-resized\"><img decoding=\"async\" width=\"1024\" height=\"683\" src=\"https:\/\/www.printmaps.net\/wp-content\/uploads\/2021\/03\/map-wall-art-1024x683.jpg\" alt=\"wydruki Strava\" class=\"wp-image-80994\" style=\"width:1094px;height:729px\" srcset=\"https:\/\/www.printmaps.net\/wp-content\/uploads\/2021\/03\/map-wall-art-980x653.jpg 980w, https:\/\/www.printmaps.net\/wp-content\/uploads\/2021\/03\/map-wall-art-480x320.jpg 480w\" sizes=\"(min-width: 0px) and (max-width: 480px) 480px, (min-width: 481px) and (max-width: 980px) 980px, (min-width: 981px) 1024px, 100vw\" \/><\/figure><\/div><\/div>\n<\/div>\n\n\n\n<div style=\"height:41px\" aria-hidden=\"true\" class=\"wp-block-spacer\"><\/div>\n\n\n\n<hr class=\"wp-block-separator has-css-opacity\"\/>\n\n\n\n<div style=\"height:81px\" aria-hidden=\"true\" class=\"wp-block-spacer\"><\/div>\n\n\n\n<p><p>Jak przesy\u0142a\u0107 pliki GPX, KML lub GeoJSON na map\u0119, na przyk\u0142ad z zarejestrowan\u0105 tras\u0105. <a href=\"\/pl\/funkcje\">Dowiedz si\u0119 o innych funkcjach<\/a>.<\/p><\/p>\n\n\n\n<figure class=\"wp-block-embed is-type-video is-provider-youtube wp-block-embed-youtube wp-embed-aspect-16-9 wp-has-aspect-ratio\"><div class=\"wp-block-embed__wrapper\">\n<iframe title=\"Upload GPX route on high resolution map in the Printmaps editor | No need for Google maps\" width=\"1080\" height=\"608\" src=\"https:\/\/www.youtube.com\/embed\/aM5W250xMYU?feature=oembed\"  allow=\"accelerometer; autoplay; clipboard-write; encrypted-media; gyroscope; picture-in-picture; web-share\" referrerpolicy=\"strict-origin-when-cross-origin\" allowfullscreen><\/iframe>\n<\/div><\/figure>\n\n\n\n<div style=\"height:30px\" aria-hidden=\"true\" class=\"wp-block-spacer\"><\/div>\n\n\n\n<p><\/p>\n\n\n\n<div style=\"height:66px\" aria-hidden=\"true\" class=\"wp-block-spacer\"><\/div>\n\n\n\n<div style=\"height:22px\" aria-hidden=\"true\" class=\"wp-block-spacer\"><\/div>\n\n\n\n<div class=\"wp-block-columns is-layout-flex wp-container-core-columns-is-layout-9d6595d7 wp-block-columns-is-layout-flex\"><\/div>\n","protected":false},"excerpt":{"rendered":"<p>Stw\u00f3rz w\u0142asne grafiki na \u015bcian\u0119 ze szlakami pieszymi, trasami rowerowymi lub mapami maraton\u00f3w za pomoc\u0105 edytora Printmaps. Prze\u015blij swoj\u0105 tras\u0119 i stw\u00f3rz spersonalizowane wydruki z aplikacji biegowej. D\u017awi\u0119k st\u00f3p uderzaj\u0105cych o \u015bcie\u017ck\u0119, \u015bwie\u017ce le\u015bne powietrze w nozdrzach, medytacyjna cisza przerywana od czasu do czasu \u015bpiewem ptak\u00f3w \u2013 jak cz\u0119sto my\u015blami wracasz do swojego ulubionego biegu? [&hellip;]<\/p>\n","protected":false},"author":19,"featured_media":0,"parent":0,"menu_order":0,"comment_status":"closed","ping_status":"closed","template":"","meta":{"_et_pb_use_builder":"","_et_pb_old_content":"","_et_gb_content_width":"","footnotes":""},"class_list":["post-179758","page","type-page","status-publish","hentry"],"_links":{"self":[{"href":"https:\/\/www.printmaps.net\/pl\/wp-json\/wp\/v2\/pages\/179758","targetHints":{"allow":["GET"]}}],"collection":[{"href":"https:\/\/www.printmaps.net\/pl\/wp-json\/wp\/v2\/pages"}],"about":[{"href":"https:\/\/www.printmaps.net\/pl\/wp-json\/wp\/v2\/types\/page"}],"author":[{"embeddable":true,"href":"https:\/\/www.printmaps.net\/pl\/wp-json\/wp\/v2\/users\/19"}],"replies":[{"embeddable":true,"href":"https:\/\/www.printmaps.net\/pl\/wp-json\/wp\/v2\/comments?post=179758"}],"version-history":[{"count":2,"href":"https:\/\/www.printmaps.net\/pl\/wp-json\/wp\/v2\/pages\/179758\/revisions"}],"predecessor-version":[{"id":179763,"href":"https:\/\/www.printmaps.net\/pl\/wp-json\/wp\/v2\/pages\/179758\/revisions\/179763"}],"wp:attachment":[{"href":"https:\/\/www.printmaps.net\/pl\/wp-json\/wp\/v2\/media?parent=179758"}],"curies":[{"name":"wp","href":"https:\/\/api.w.org\/{rel}","templated":true}]}}