{"id":200275,"date":"2025-03-06T14:43:56","date_gmt":"2025-03-06T13:43:56","guid":{"rendered":"https:\/\/www.printmaps.net\/mapa-do-analizy-terenu\/"},"modified":"2025-10-24T14:14:59","modified_gmt":"2025-10-24T13:14:59","slug":"mapa-do-analizy-terenu","status":"publish","type":"page","link":"https:\/\/www.printmaps.net\/pl\/mapa-do-analizy-terenu\/","title":{"rendered":"Mapa do analizy terenu \u2013 Edytor online dla architektury i designu"},"content":{"rendered":"\n<div class=\"wp-block-columns is-layout-flex wp-container-core-columns-is-layout-9d6595d7 wp-block-columns-is-layout-flex\">\n<div class=\"wp-block-column is-layout-flow wp-block-column-is-layout-flow\" style=\"flex-basis:66.66%\">\n<figure class=\"wp-block-image size-large\"><img fetchpriority=\"high\" fetchpriority=\"high\" decoding=\"async\" width=\"564\" height=\"752\" src=\"https:\/\/www.printmaps.net\/wp-content\/uploads\/2020\/05\/Image-from-FRPO-Rodriguez-Oriol-Architects.jpg\" alt=\"mapa do analizy terenu\" class=\"wp-image-62577\" srcset=\"https:\/\/www.printmaps.net\/wp-content\/uploads\/2020\/05\/Image-from-FRPO-Rodriguez-Oriol-Architects.jpg 564w, https:\/\/www.printmaps.net\/wp-content\/uploads\/2020\/05\/Image-from-FRPO-Rodriguez-Oriol-Architects-480x640.jpg 480w\" sizes=\"(min-width: 0px) and (max-width: 480px) 480px, (min-width: 481px) 564px, 100vw\" \/><\/figure>\n\n\n<div style=\"height:143px\" aria-hidden=\"true\" class=\"wp-block-spacer\"><\/div>\n<\/div>\n\n\n\n<div class=\"wp-block-column is-layout-flow wp-block-column-is-layout-flow\" style=\"flex-basis:33.33%\">\n<p><p><strong>Specjali\u015bci z dziedziny architektury i designu<\/strong> wykorzystuj\u0105 mapy na r\u00f3\u017cne sposoby do analizy terenu. W dzisiejszych czasach nie warto prezentowa\u0107 klientom i wsp\u00f3\u0142pracownikom d\u0142ugich tekst\u00f3w i tabel z danymi. Zastosowanie inspiruj\u0105cych wizualnie map do przedstawienia informacji o terenie pozwala zar\u00f3wno skuteczniej komunikowa\u0107 dane, jak i wspiera\u0107 proces tw\u00f3rczy podczas <strong>analizy terenu<\/strong>.<\/p><\/p>\n\n\n\n<p><p>Edytor Printmaps importuje dane z <a href=\"https:\/\/www.openstreetmap.org\/\">OpenStreetMap<\/a> i udost\u0119pnia je w \u0142atwy spos\u00f3b. Mo\u017cesz dodawa\u0107 kszta\u0142ty, filtrowa\u0107 warstwy, zaznacza\u0107 trasy oraz punkty zainteresowania. Pobierz wynik w formacie PNG o wysokiej rozdzielczo\u015bci lub jako plik PSD lub SVG z warstwami.<\/p><\/p>\n\n\n\n<p><p>Sprawd\u017a <a href=\"\/pl\/funkcje\/\">funkcje naszego edytora online<\/a> i dowiedz si\u0119, jak z nich korzysta\u0107.<\/p><\/p>\n\n\n\n<div style=\"height:100px\" aria-hidden=\"true\" class=\"wp-block-spacer\"><\/div>\n\n\n\n<div class=\"wp-block-buttons is-content-justification-center is-layout-flex wp-container-core-buttons-is-layout-16018d1d wp-block-buttons-is-layout-flex\">\n<div class=\"wp-block-button has-custom-font-size\" style=\"font-size:18px\"><a class=\"wp-block-button__link has-background wp-element-button\" href=\"https:\/\/www.printmaps.net\/pl\/\" style=\"border-radius:10px;background-color:#e5017e\"><strong>Rozpocznij mapowanie teraz, bez konieczno\u015bci rejestracji<\/strong><\/a><\/div>\n<\/div>\n<\/div>\n<\/div>\n\n<div style=\"height:43px\" aria-hidden=\"true\" class=\"wp-block-spacer\"><\/div>\n\n<div class=\"wp-block-columns is-layout-flex wp-container-core-columns-is-layout-9d6595d7 wp-block-columns-is-layout-flex\">\n<div class=\"wp-block-column is-layout-flow wp-block-column-is-layout-flow\" style=\"flex-basis:33.33%\">\n<p><\/p>\n\n\n\n<h3 class=\"wp-block-heading\">Skorzystaj z mapy warstwowej z naszego generatora analizy terenu<\/h3>\n\n\n\n<p><p>Specjali\u015bci z bran\u017cy architektonicznej i projektowej maj\u0105 wiele sposob\u00f3w na przedstawienie analizy terenu, a ka\u017cda z tych metod obejmuje wykorzystanie map. <strong>Adobe Illustrator<\/strong> lub <strong>Photoshop<\/strong> to prawdopodobnie narz\u0119dzia, kt\u00f3re od dawna wspieraj\u0105 Tw\u00f3j proces wizualizacji danych, ale pozostaje pytanie: gdzie znale\u017a\u0107 <strong>map\u0119 w wysokiej rozdzielczo\u015bci<\/strong>, najlepiej ju\u017c z <strong>warstwami i oznaczeniami<\/strong>?<\/p><\/p>\n<\/div>\n\n\n\n<div class=\"wp-block-column is-layout-flow wp-block-column-is-layout-flow\" style=\"flex-basis:66.66%\"><div class=\"wp-block-image\">\n<figure class=\"alignright size-large\"><img decoding=\"async\" width=\"564\" height=\"534\" src=\"https:\/\/www.printmaps.net\/wp-content\/uploads\/2020\/05\/Image-from-Marlon-Blackwell-Architects.jpg\" alt=\"Generator analizy terenu\" class=\"wp-image-62578\" srcset=\"https:\/\/www.printmaps.net\/wp-content\/uploads\/2020\/05\/Image-from-Marlon-Blackwell-Architects.jpg 564w, https:\/\/www.printmaps.net\/wp-content\/uploads\/2020\/05\/Image-from-Marlon-Blackwell-Architects-480x454.jpg 480w\" sizes=\"(min-width: 0px) and (max-width: 480px) 480px, (min-width: 481px) 564px, 100vw\" \/><\/figure><\/div>\n\n\n<div style=\"height:100px\" aria-hidden=\"true\" class=\"wp-block-spacer\"><\/div>\n<\/div>\n<\/div>\n\n<div style=\"height:60px\" aria-hidden=\"true\" class=\"wp-block-spacer\"><\/div>\n\n<div class=\"wp-block-columns is-layout-flex wp-container-core-columns-is-layout-9d6595d7 wp-block-columns-is-layout-flex\">\n<div class=\"wp-block-column is-layout-flow wp-block-column-is-layout-flow\" style=\"flex-basis:66.66%\">\n<figure class=\"wp-block-image size-large\"><img decoding=\"async\" src=\"https:\/\/www.printmaps.net\/wp-content\/uploads\/2020\/06\/layered-map-in-illustrator.png\" alt=\"Mapa do analizy terenu\" class=\"wp-image-64211\"\/><\/figure><\/div>\n\n\n\n<div class=\"wp-block-column is-layout-flow wp-block-column-is-layout-flow\" style=\"flex-basis:33.33%\">\n<h3 class=\"wp-block-heading\">Tu z pomoc\u0105 przychodzi Printmaps<\/h3>\n\n\n\n<p><p>W ci\u0105gu kilku minut mo\u017cesz pobra\u0107 map\u0119 z warstwami. Dzi\u0119ki edytorowi online <strong>wybierasz dowolny teren, ustawiasz filtry, dodajesz kszta\u0142ty i tre\u015bci<\/strong>. Otrzymujesz plik PSD lub SVG z warstwami i mo\u017cesz rozpocz\u0105\u0107 edycj\u0119 w swoim ulubionym programie.<\/p><\/p>\n\n\n\n<p>Ko\u0144cowy efekt to wysokiej jako\u015bci grafika, odpowiednia do druku w du\u017cej rozdzielczo\u015bci, o maksymalnym rozmiarze 1330 mm x 1330 mm.<\/p>\n\n\n\n<p>Dlatego Printmap to doskona\u0142a baza mapowa do analizy terenu.<\/p>\n\n\n\n<p><p><a href=\"https:\/\/support.printmaps.net\/pl\/support\/tickets\/new\">Skontaktuj si\u0119 z nami<\/a> w sprawie <strong>opcji cenowych na sta\u0142\u0105 licencj\u0119<\/strong>.<\/p><\/p>\n<\/div>\n<\/div>\n\n<div style=\"height:72px\" aria-hidden=\"true\" class=\"wp-block-spacer\"><\/div>\n\n<div class=\"wp-block-group\"><div class=\"wp-block-group__inner-container is-layout-constrained wp-block-group-is-layout-constrained\">\n<h2 class=\"wp-block-heading has-text-align-center has-large-font-size\" style=\"font-style:normal;font-weight:700\">Wypr\u00f3buj Printmaps<\/h2>\n\n\n\n<p class=\"has-text-align-center has-medium-font-size\">Nasz edytor map pozwala tworzy\u0107 mapy do druku na ca\u0142ym \u015bwiecie w mgnieniu oka.<\/p>\n\n\n\n<div style=\"height:15px\" aria-hidden=\"true\" class=\"wp-block-spacer\"><\/div>\n\n\n\n<div class=\"wp-block-buttons is-content-justification-center is-layout-flex wp-container-core-buttons-is-layout-16018d1d wp-block-buttons-is-layout-flex\">\n<div class=\"wp-block-button has-custom-font-size\" style=\"font-size:18px\"><a class=\"wp-block-button__link has-background wp-element-button\" href=\"https:\/\/www.printmaps.net\/pl\/\" style=\"border-radius:10px;background-color:#e5017e\"><p><strong>Stw\u00f3rz swoj\u0105 pierwsz\u0105 map\u0119 teraz<\/strong><\/p><\/a><\/div>\n<\/div>\n<\/div><\/div>\n\n<div style=\"height:77px\" aria-hidden=\"true\" class=\"wp-block-spacer\"><\/div>\n\n<div class=\"schema-faq wp-block-yoast-faq-block\"><div class=\"schema-faq-section\" id=\"faq-question-1750417966569\"><strong class=\"schema-faq-question\">Jak zrobi\u0107 map\u0119 analizy terenu?<\/strong> <p class=\"schema-faq-answer\">Zacznij od jasnego zdefiniowania obszaru mapy, kt\u00f3ry chcesz pokaza\u0107. Wybierz poziom powi\u0119kszenia i wielko\u015b\u0107 obszaru zgodnie z zastosowaniem \u2013 przybli\u017cony widok okolicy albo oddalony widok szerszego otoczenia. Wybierz elementy, kt\u00f3re najlepiej podkre\u015bl\u0105 Tw\u00f3j cel: od czynnik\u00f3w \u015brodowiskowych (trajektoria s\u0142o\u0144ca, ekspozycja na wiatr) po granice dzia\u0142ki, istniej\u0105c\u0105 zabudow\u0119 i elementy przyrodnicze.<\/p> <\/div> <div class=\"schema-faq-section\" id=\"faq-question-1757673170091\"><strong class=\"schema-faq-question\">Czym jest mapa analizy terenu?<\/strong> <p class=\"schema-faq-answer\">W architekturze to wizualne podsumowanie terenu inwestycji i jego kontekstu, kt\u00f3re pomaga w podejmowaniu wczesnych decyzji projektowych. Zwykle pokazuje granice, dojazdy, zabudow\u0119, u\u017cytkowanie terenu, topografi\u0119, hydrologi\u0119, ro\u015blinno\u015b\u0107, sieci uzbrojenia terenu i ograniczenia prawne.<\/p> <\/div> <div class=\"schema-faq-section\" id=\"faq-question-1757676678010\"><strong class=\"schema-faq-question\">Czy mapa zawiera budynki i inne warstwy bazowe?<\/strong> <p class=\"schema-faq-answer\">Tak. Edytor korzysta z danych OpenStreetMap i zachowuje warstwy kartograficzne (np. drogi, budynki), kt\u00f3re mo\u017cesz pokazywa\u0107\/ukrywa\u0107 lub upraszcza\u0107.<\/p> <\/div> <div class=\"schema-faq-section\" id=\"faq-question-1757679315520\"><strong class=\"schema-faq-question\">Czy mog\u0119 upro\u015bci\u0107 map\u0119 bazow\u0105, aby zmniejszy\u0107 ba\u0142agan?<\/strong> <p class=\"schema-faq-answer\">Tak. Pokazuj\/ukrywaj elementy i zmniejszaj poziom detali mapy. Ty decydujesz, czy baza ma wygl\u0105da\u0107 minimalistycznie, czy bogato.<\/p> <\/div> <\/div>\n","protected":false},"excerpt":{"rendered":"<p>Specjali\u015bci z dziedziny architektury i designu wykorzystuj\u0105 mapy na r\u00f3\u017cne sposoby do analizy terenu. W dzisiejszych czasach nie warto prezentowa\u0107 klientom i wsp\u00f3\u0142pracownikom d\u0142ugich tekst\u00f3w i tabel z danymi. Zastosowanie inspiruj\u0105cych wizualnie map do przedstawienia informacji o terenie pozwala zar\u00f3wno skuteczniej komunikowa\u0107 dane, jak i wspiera\u0107 proces tw\u00f3rczy podczas analizy terenu. Edytor Printmaps importuje dane [&hellip;]<\/p>\n","protected":false},"author":19,"featured_media":0,"parent":0,"menu_order":0,"comment_status":"closed","ping_status":"closed","template":"","meta":{"_et_pb_use_builder":"off","_et_pb_old_content":"","_et_gb_content_width":"","footnotes":""},"class_list":["post-200275","page","type-page","status-publish","hentry"],"_links":{"self":[{"href":"https:\/\/www.printmaps.net\/pl\/wp-json\/wp\/v2\/pages\/200275","targetHints":{"allow":["GET"]}}],"collection":[{"href":"https:\/\/www.printmaps.net\/pl\/wp-json\/wp\/v2\/pages"}],"about":[{"href":"https:\/\/www.printmaps.net\/pl\/wp-json\/wp\/v2\/types\/page"}],"author":[{"embeddable":true,"href":"https:\/\/www.printmaps.net\/pl\/wp-json\/wp\/v2\/users\/19"}],"replies":[{"embeddable":true,"href":"https:\/\/www.printmaps.net\/pl\/wp-json\/wp\/v2\/comments?post=200275"}],"version-history":[{"count":3,"href":"https:\/\/www.printmaps.net\/pl\/wp-json\/wp\/v2\/pages\/200275\/revisions"}],"predecessor-version":[{"id":222116,"href":"https:\/\/www.printmaps.net\/pl\/wp-json\/wp\/v2\/pages\/200275\/revisions\/222116"}],"wp:attachment":[{"href":"https:\/\/www.printmaps.net\/pl\/wp-json\/wp\/v2\/media?parent=200275"}],"curies":[{"name":"wp","href":"https:\/\/api.w.org\/{rel}","templated":true}]}}