{"id":211696,"date":"2025-06-30T16:39:22","date_gmt":"2025-06-30T15:39:22","guid":{"rendered":"https:\/\/www.printmaps.net\/tworzenie-map-wektorowych\/"},"modified":"2025-06-30T16:39:22","modified_gmt":"2025-06-30T15:39:22","slug":"tworzenie-map-wektorowych","status":"publish","type":"page","link":"https:\/\/www.printmaps.net\/pl\/tworzenie-map-wektorowych\/","title":{"rendered":"Tworzenie map wektorowych online dla grafik\u00f3w"},"content":{"rendered":"\n<p><p>Dzi\u0119ki <a href=\"\/pl\/\">Printmaps<\/a> mo\u017cesz tworzy\u0107 mapy wektorowe online bez znajomo\u015bci GIS czy kartografii. Generuj mapy w wysokiej rozdzielczo\u015bci i eksportuj je jako pliki SVG lub PSD z warstwami, idealne do edycji w <strong>Adobe Illustrator, InDesign, Photoshop lub Figma<\/strong>. <a href=\"\/pl\/agencje\/\">Wielu grafik\u00f3w<\/a> ju\u017c korzysta z Printmaps w swoich projektach.<\/p><\/p>\n\n<div style=\"height:37px\" aria-hidden=\"true\" class=\"wp-block-spacer\"><\/div>\n\n<div class=\"wp-block-buttons is-content-justification-center is-layout-flex wp-container-core-buttons-is-layout-16018d1d wp-block-buttons-is-layout-flex\">\n<div class=\"wp-block-button has-custom-font-size\" style=\"font-size:18px\"><a class=\"wp-block-button__link has-background wp-element-button\" href=\"https:\/\/www.printmaps.net\/pl\/\" style=\"border-radius:10px;background-color:#e5017e\"><strong>Rozpocznij mapowanie teraz, bez konieczno\u015bci rejestracji<\/strong><\/a><\/div>\n<\/div>\n\n<div style=\"height:70px\" aria-hidden=\"true\" class=\"wp-block-spacer\"><\/div>\n<div class=\"wp-block-image\">\n<figure class=\"alignright size-full is-resized\"><img fetchpriority=\"high\" fetchpriority=\"high\" decoding=\"async\" width=\"834\" height=\"670\" src=\"https:\/\/www.printmaps.net\/wp-content\/uploads\/2020\/06\/layered-map-in-illustrator.png\" alt=\"mapa wektorowa illustrator\" class=\"wp-image-63982\" style=\"width:620px;height:auto\" srcset=\"https:\/\/www.printmaps.net\/wp-content\/uploads\/2020\/06\/layered-map-in-illustrator.png 834w, https:\/\/www.printmaps.net\/wp-content\/uploads\/2020\/06\/layered-map-in-illustrator-480x386.png 480w\" sizes=\"(min-width: 0px) and (max-width: 480px) 480px, (min-width: 481px) 834px, 100vw\" \/><\/figure><\/div>\n<h2 class=\"wp-block-heading\">Dlaczego mapy wektorowe s\u0105 idealne dla grafik\u00f3w<\/h2>\n\n<p><p>Dla profesjonalnych projekt\u00f3w, zar\u00f3wno cyfrowych, jak i drukowanych, w pe\u0142ni edytowalne mapy wektorowe zapewniaj\u0105 elastyczno\u015b\u0107 i kontrol\u0119 w procesie projektowania. Pliki SVG idealnie integruj\u0105 si\u0119 z <strong>Illustrator, InDesign i Figma<\/strong>, umo\u017cliwiaj\u0105c dowolne skalowanie i stylizowanie element\u00f3w bez utraty jako\u015bci.<br\/>Dla projekt\u00f3w wymagaj\u0105cych edycji pikselowej, pliki PSD z warstwami oferuj\u0105 t\u0119 sam\u0105 kontrol\u0119 w Photoshopie. Jednak dla wi\u0119kszo\u015bci projekt\u00f3w graficznych mapy wektorowe pozostaj\u0105 najbardziej uniwersalnym rozwi\u0105zaniem.<\/p><\/p>\n\n<p><strong>Obs\u0142ugiwane formaty:<\/strong><\/p>\n\n<ul class=\"wp-block-list\">\n<li>PNG (300 dpi) do 220 mm x 220 mm<\/li>\n\n\n\n<li>PSD (300 dpi) do 660 mm x 660 mm<\/li>\n\n\n\n<li>SVG (skalowalna rozdzielczo\u015b\u0107)<\/li>\n<\/ul>\n\n<div style=\"height:112px\" aria-hidden=\"true\" class=\"wp-block-spacer\"><\/div>\n<div class=\"wp-block-image\">\n<figure class=\"alignleft size-full is-resized\"><img decoding=\"async\" width=\"765\" height=\"531\" src=\"https:\/\/www.printmaps.net\/wp-content\/uploads\/2020\/10\/mallorca.jpg\" alt=\"Przyk&#x142;ad mapy wektorowej SVG\" class=\"wp-image-70214\" style=\"width:700px;height:auto\" srcset=\"https:\/\/www.printmaps.net\/wp-content\/uploads\/2020\/10\/mallorca.jpg 765w, https:\/\/www.printmaps.net\/wp-content\/uploads\/2020\/10\/mallorca-480x333.jpg 480w\" sizes=\"(min-width: 0px) and (max-width: 480px) 480px, (min-width: 481px) 765px, 100vw\" \/><\/figure><\/div>\n<h2 class=\"wp-block-heading\">Elastyczne dla ka\u017cdego projektu graficznego<\/h2>\n\n<p>Narz\u0119dzie online do tworzenia map wektorowych jest u\u017cywane przez grafik\u00f3w z r\u00f3\u017cnych bran\u017c. Od projekt\u00f3w redakcyjnych po materia\u0142y promocyjne, mapy wektorowe stanowi\u0105 uniwersaln\u0105 baz\u0119 do wielu projekt\u00f3w graficznych. Makiety magazyn\u00f3w cz\u0119sto wykorzystuj\u0105 wyra\u017ane mapy lokalizacyjne, a plakaty wydarze\u0144 korzystaj\u0105 z czytelnych map do orientacji uczestnik\u00f3w. W infografikach mapy pomagaj\u0105 wizualizowa\u0107 dane regionalne, trendy i por\u00f3wnania.<\/p>\n\n<div style=\"height:124px\" aria-hidden=\"true\" class=\"wp-block-spacer\"><\/div>\n<div class=\"wp-block-image\">\n<figure class=\"alignright size-large is-resized\"><img decoding=\"async\" width=\"1024\" height=\"576\" src=\"https:\/\/www.printmaps.net\/wp-content\/uploads\/2024\/09\/print-map-1-1024x576.png\" alt=\"tworzenie map wektorowych\" class=\"wp-image-183002\" style=\"width:762px;height:auto\" srcset=\"https:\/\/www.printmaps.net\/wp-content\/uploads\/2024\/09\/print-map-1-980x551.png 980w, https:\/\/www.printmaps.net\/wp-content\/uploads\/2024\/09\/print-map-1-480x270.png 480w\" sizes=\"(min-width: 0px) and (max-width: 480px) 480px, (min-width: 481px) and (max-width: 980px) 980px, (min-width: 981px) 1024px, 100vw\" \/><\/figure><\/div>\n<h2 class=\"wp-block-heading has-text-align-left\">Funkcje naszego narz\u0119dzia do tworzenia map wektorowych<\/h2>\n\n<ul class=\"wp-block-list\">\n<li>Edytor online z globalnym zasi\u0119giem<\/li>\n\n\n\n<li>Wyb\u00f3r styl\u00f3w map<\/li>\n\n\n\n<li>Widoczno\u015b\u0107 element\u00f3w i etykiet do w\u0142\u0105czenia\/wy\u0142\u0105czenia<\/li>\n\n\n\n<li>Dodawanie marker\u00f3w, tras i kszta\u0142t\u00f3w<\/li>\n\n\n\n<li>Wgrywanie plik\u00f3w GPX, KML, GeoJSON<\/li>\n\n\n\n<li><p>Zobacz wi\u0119cej szczeg\u00f3\u0142\u00f3w <a href=\"\/pl\/funkcje\/\">tutaj<\/a><\/p><\/li>\n<\/ul>\n\n<div style=\"height:118px\" aria-hidden=\"true\" class=\"wp-block-spacer\"><\/div>\n\n<div class=\"wp-block-group\"><div class=\"wp-block-group__inner-container is-layout-constrained wp-block-group-is-layout-constrained\">\n<h2 class=\"wp-block-heading has-text-align-center has-large-font-size\" style=\"font-style:normal;font-weight:700\">Wypr\u00f3buj Printmaps<\/h2>\n\n\n\n<p class=\"has-text-align-center has-medium-font-size\">Nasz edytor map pozwala tworzy\u0107 mapy do druku na ca\u0142ym \u015bwiecie w mgnieniu oka.<\/p>\n\n\n\n<div style=\"height:15px\" aria-hidden=\"true\" class=\"wp-block-spacer\"><\/div>\n\n\n\n<div class=\"wp-block-buttons is-content-justification-center is-layout-flex wp-container-core-buttons-is-layout-16018d1d wp-block-buttons-is-layout-flex\">\n<div class=\"wp-block-button has-custom-font-size\" style=\"font-size:18px\"><a class=\"wp-block-button__link has-background wp-element-button\" href=\"https:\/\/www.printmaps.net\/pl\/\" style=\"border-radius:10px;background-color:#e5017e\"><p><strong>Stw\u00f3rz swoj\u0105 pierwsz\u0105 map\u0119 teraz<\/strong><\/p><\/a><\/div>\n<\/div>\n<\/div><\/div>\n\n<div style=\"height:137px\" aria-hidden=\"true\" class=\"wp-block-spacer\"><\/div>\n","protected":false},"excerpt":{"rendered":"<p>Dzi\u0119ki Printmaps mo\u017cesz tworzy\u0107 mapy wektorowe online bez znajomo\u015bci GIS czy kartografii. Generuj mapy w wysokiej rozdzielczo\u015bci i eksportuj je jako pliki SVG lub PSD z warstwami, idealne do edycji w Adobe Illustrator, InDesign, Photoshop lub Figma. Wielu grafik\u00f3w ju\u017c korzysta z Printmaps w swoich projektach. Dlaczego mapy wektorowe s\u0105 idealne dla grafik\u00f3w Dla profesjonalnych [&hellip;]<\/p>\n","protected":false},"author":23,"featured_media":0,"parent":0,"menu_order":0,"comment_status":"closed","ping_status":"closed","template":"","meta":{"_et_pb_use_builder":"","_et_pb_old_content":"","_et_gb_content_width":"","footnotes":""},"class_list":["post-211696","page","type-page","status-publish","hentry"],"_links":{"self":[{"href":"https:\/\/www.printmaps.net\/pl\/wp-json\/wp\/v2\/pages\/211696","targetHints":{"allow":["GET"]}}],"collection":[{"href":"https:\/\/www.printmaps.net\/pl\/wp-json\/wp\/v2\/pages"}],"about":[{"href":"https:\/\/www.printmaps.net\/pl\/wp-json\/wp\/v2\/types\/page"}],"author":[{"embeddable":true,"href":"https:\/\/www.printmaps.net\/pl\/wp-json\/wp\/v2\/users\/23"}],"replies":[{"embeddable":true,"href":"https:\/\/www.printmaps.net\/pl\/wp-json\/wp\/v2\/comments?post=211696"}],"version-history":[{"count":1,"href":"https:\/\/www.printmaps.net\/pl\/wp-json\/wp\/v2\/pages\/211696\/revisions"}],"predecessor-version":[{"id":211697,"href":"https:\/\/www.printmaps.net\/pl\/wp-json\/wp\/v2\/pages\/211696\/revisions\/211697"}],"wp:attachment":[{"href":"https:\/\/www.printmaps.net\/pl\/wp-json\/wp\/v2\/media?parent=211696"}],"curies":[{"name":"wp","href":"https:\/\/api.w.org\/{rel}","templated":true}]}}