{"id":109435,"date":"2022-02-10T12:33:52","date_gmt":"2022-02-10T10:33:52","guid":{"rendered":"https:\/\/www.printmaps.net\/precos-2\/"},"modified":"2025-10-24T09:31:47","modified_gmt":"2025-10-24T08:31:47","slug":"precos","status":"publish","type":"page","link":"https:\/\/www.printmaps.net\/pt-br\/precos\/","title":{"rendered":"Nossos pre\u00e7os"},"content":{"rendered":"<div id=\"tsprintmaps_pricing_table_container\"><\/div>\n<script id=\"tsprintmaps_pricing_table_script\"> \n\t(function () {\n\t\tlet currentLocation = `${location.protocol}\/\/${location.host}${location.pathname}`;\n\t\tjQuery.get(`${currentLocation}?tsprintmaps_get_pricing_table_js=1&`, function(responce) { \n\t\t\tjQuery('#tsprintmaps_pricing_table_container').html(responce); \n\t\t\tdocument.getElementById(\"tsprintmaps_pricing_table_script\").remove();\n\t\t});\n\t})();\n<\/script>\n\n\n<div style=\"height:22px\" aria-hidden=\"true\" class=\"wp-block-spacer\"><\/div>\n\n<figure class=\"wp-block-gallery has-nested-images columns-7 wp-block-gallery-1 is-layout-flex wp-block-gallery-is-layout-flex\">\n<figure class=\"wp-block-image size-large is-style-default\"><img decoding=\"async\" width=\"150\" height=\"30\" data-id=\"220619\" src=\"https:\/\/www.printmaps.net\/wp-content\/uploads\/2025\/10\/visa.svg\" alt=\"VISA\" class=\"wp-image-220619\"\/><\/figure>\n\n\n\n<figure class=\"wp-block-image size-large\"><img decoding=\"async\" width=\"150\" height=\"30\" data-id=\"220620\" src=\"https:\/\/www.printmaps.net\/wp-content\/uploads\/2025\/10\/mastercard.svg\" alt=\"Mastercard\" class=\"wp-image-220620\"\/><\/figure>\n\n\n\n<figure class=\"wp-block-image size-large\"><img decoding=\"async\" width=\"150\" height=\"30\" data-id=\"220623\" src=\"https:\/\/www.printmaps.net\/wp-content\/uploads\/2025\/10\/amex.svg\" alt=\"American Express\" class=\"wp-image-220623\"\/><\/figure>\n\n\n\n<figure class=\"wp-block-image size-large\"><img loading=\"lazy\" loading=\"lazy\" decoding=\"async\" width=\"150\" height=\"30\" data-id=\"220624\" src=\"https:\/\/www.printmaps.net\/wp-content\/uploads\/2025\/10\/applepay.svg\" alt=\"Apple Pay\" class=\"wp-image-220624\"\/><\/figure>\n\n\n\n<figure class=\"wp-block-image size-large\"><img loading=\"lazy\" loading=\"lazy\" decoding=\"async\" width=\"150\" height=\"30\" data-id=\"220625\" src=\"https:\/\/www.printmaps.net\/wp-content\/uploads\/2025\/10\/googlepay.svg\" alt=\"Google Pay\" class=\"wp-image-220625\"\/><\/figure>\n\n\n\n<figure class=\"wp-block-image size-large\"><img loading=\"lazy\" loading=\"lazy\" decoding=\"async\" width=\"150\" height=\"30\" data-id=\"220668\" src=\"https:\/\/www.printmaps.net\/wp-content\/uploads\/2025\/10\/paypal.svg\" alt=\"\" class=\"wp-image-220668\"\/><\/figure>\n<\/figure>\n\n<div style=\"height:31px\" aria-hidden=\"true\" class=\"wp-block-spacer\"><\/div>\n\n<p class=\"has-text-align-center has-small-font-size\">Voc\u00ea receber\u00e1 automaticamente uma fatura que deixar\u00e1 seu contador satisfeito. Entre em contato conosco para op\u00e7\u00f5es de assinatura.<\/p>\n\n<div style=\"height:55px\" aria-hidden=\"true\" class=\"wp-block-spacer\"><\/div>\n\n<div class=\"wp-block-buttons is-content-justification-center is-layout-flex wp-container-core-buttons-is-layout-16018d1d wp-block-buttons-is-layout-flex\">\n<div class=\"wp-block-button has-custom-font-size\" style=\"font-size:18px\"><a class=\"wp-block-button__link has-background wp-element-button\" href=\"https:\/\/www.printmaps.net\/pt-br\/\" style=\"border-radius:10px;background-color:#e5017e\"><p><strong>Comece a mapear agora, sem necessidade de registro<\/strong><\/p><\/a><\/div>\n<\/div>\n\n<div style=\"height:23px\" aria-hidden=\"true\" class=\"wp-block-spacer\"><\/div>\n\n<p class=\"has-text-align-center\">Voc\u00ea pode selecionar o tipo de arquivo e a licen\u00e7a na finaliza\u00e7\u00e3o da compra.<\/p>\n\n<div style=\"height:55px\" aria-hidden=\"true\" class=\"wp-block-spacer\"><\/div>\n\n<p><strong>100% de satisfa\u00e7\u00e3o garantida<\/strong>: pol\u00edtica de reembolso de 30 dias.<\/p>\n\n<p><strong>Pagamento<\/strong>: Todos os principais cart\u00f5es de cr\u00e9dito, PayPal, Apple Pay, Google Pay, Venmo e transfer\u00eancia banc\u00e1ria em pa\u00edses selecionados.<\/p>\n\n<p><p><strong>Op\u00e7\u00f5es corporativas<\/strong>: Por favor <a href=\"https:\/\/support.printmaps.net\/pt-BR\/support\/tickets\/new\">entre em contato<\/a> conosco, caso precise regularmente de mapas para imprimir. N\u00f3s podemos oferecer <strong>descontos por volume,<\/strong> bem como acesso \u00e0 <a href=\"https:\/\/www.maptoolkit.com\/api\/printmaps\/\"><strong>Printmaps API<\/strong><\/a>\u00a0ou marca\u00e7\u00e3o branca para revendedores e casos de uso corporativo.<\/p><\/p>\n\n<p><strong>Plano de ONG<\/strong>: N\u00f3s oferecemos <a href=\"https:\/\/www.printmaps.net\/pt-br\/mapas-gratuitos-para-imprimir\/\">mapas gratuitos para imprimir<\/a> para organiza\u00e7\u00f5es sem fins lucrativos selecionadas nas \u00e1reas de ajuda ao desenvolvimento, ci\u00eancia, educa\u00e7\u00e3o ou sa\u00fade.<\/p>\n\n<div style=\"height:118px\" aria-hidden=\"true\" class=\"wp-block-spacer\"><\/div>\n","protected":false},"excerpt":{"rendered":"<p>Voc\u00ea receber\u00e1 automaticamente uma fatura que deixar\u00e1 seu contador satisfeito. Entre em contato conosco para op\u00e7\u00f5es de assinatura. Voc\u00ea pode selecionar o tipo de arquivo e a licen\u00e7a na finaliza\u00e7\u00e3o da compra. 100% de satisfa\u00e7\u00e3o garantida: pol\u00edtica de reembolso de 30 dias. Pagamento: Todos os principais cart\u00f5es de cr\u00e9dito, PayPal, Apple Pay, Google Pay, Venmo [&hellip;]<\/p>\n","protected":false},"author":8,"featured_media":0,"parent":0,"menu_order":0,"comment_status":"closed","ping_status":"closed","template":"","meta":{"_et_pb_use_builder":"off","_et_pb_old_content":"","_et_gb_content_width":"","footnotes":""},"class_list":["post-109435","page","type-page","status-publish","hentry"],"_links":{"self":[{"href":"https:\/\/www.printmaps.net\/pt-br\/wp-json\/wp\/v2\/pages\/109435","targetHints":{"allow":["GET"]}}],"collection":[{"href":"https:\/\/www.printmaps.net\/pt-br\/wp-json\/wp\/v2\/pages"}],"about":[{"href":"https:\/\/www.printmaps.net\/pt-br\/wp-json\/wp\/v2\/types\/page"}],"author":[{"embeddable":true,"href":"https:\/\/www.printmaps.net\/pt-br\/wp-json\/wp\/v2\/users\/8"}],"replies":[{"embeddable":true,"href":"https:\/\/www.printmaps.net\/pt-br\/wp-json\/wp\/v2\/comments?post=109435"}],"version-history":[{"count":8,"href":"https:\/\/www.printmaps.net\/pt-br\/wp-json\/wp\/v2\/pages\/109435\/revisions"}],"predecessor-version":[{"id":222057,"href":"https:\/\/www.printmaps.net\/pt-br\/wp-json\/wp\/v2\/pages\/109435\/revisions\/222057"}],"wp:attachment":[{"href":"https:\/\/www.printmaps.net\/pt-br\/wp-json\/wp\/v2\/media?parent=109435"}],"curies":[{"name":"wp","href":"https:\/\/api.w.org\/{rel}","templated":true}]}}