{"id":110235,"date":"2022-02-18T14:17:37","date_gmt":"2022-02-18T12:17:37","guid":{"rendered":"https:\/\/www.printmaps.net\/criar-mapa-com-pinos-2\/"},"modified":"2025-10-23T15:18:42","modified_gmt":"2025-10-23T14:18:42","slug":"criar-mapa-com-pinos","status":"publish","type":"page","link":"https:\/\/www.printmaps.net\/pt-br\/criar-mapa-com-pinos\/","title":{"rendered":"Crie facilmente um mapa com pinos com o editor Printmaps"},"content":{"rendered":"\n<div class=\"wp-block-columns is-layout-flex wp-container-core-columns-is-layout-9d6595d7 wp-block-columns-is-layout-flex\">\n<div class=\"wp-block-column is-layout-flow wp-block-column-is-layout-flow\" style=\"flex-basis:66.66%\"><div class=\"wp-block-image\">\n<figure class=\"alignright size-large is-resized\"><img fetchpriority=\"high\" fetchpriority=\"high\" decoding=\"async\" width=\"1024\" height=\"722\" src=\"https:\/\/www.printmaps.net\/wp-content\/uploads\/2020\/04\/Create-map-with-pins-1-1024x722.png\" alt=\"mapa com pinos\" class=\"wp-image-60669\" style=\"width:621px\" srcset=\"https:\/\/www.printmaps.net\/wp-content\/uploads\/2020\/04\/Create-map-with-pins-1-980x691.png 980w, https:\/\/www.printmaps.net\/wp-content\/uploads\/2020\/04\/Create-map-with-pins-1-480x339.png 480w\" sizes=\"(min-width: 0px) and (max-width: 480px) 480px, (min-width: 481px) and (max-width: 980px) 980px, (min-width: 981px) 1024px, 100vw\" \/><\/figure><\/div><\/div>\n\n\n\n<div class=\"wp-block-column is-layout-flow wp-block-column-is-layout-flow\" style=\"flex-basis:33.33%\">\n<p>Marcar pontos de interesse para criar um mapa com pinos pode ser demorado e o resultado \u00e0s vezes decepcionante. A edi\u00e7\u00e3o de telas de impress\u00e3o apresenta problemas com a preserva\u00e7\u00e3o da qualidade da imagem ao utiliz\u00e1-la na web ou na impress\u00e3o. Enquanto voc\u00ea deseja sem esfor\u00e7o fixar esses pontos de interesse em sua localiza\u00e7\u00e3o exata, mostrar a ordem cronol\u00f3gica de uma rota e especificar os pinos com marcadores e r\u00f3tulos adequados.<\/p>\n\n\n\n<p>O editor Printmaps torna tudo isso poss\u00edvel.<\/p>\n\n\n\n<div class=\"wp-block-buttons is-content-justification-center is-layout-flex wp-container-core-buttons-is-layout-16018d1d wp-block-buttons-is-layout-flex\">\n<div class=\"wp-block-button has-custom-font-size\" style=\"font-size:18px\"><a class=\"wp-block-button__link has-background wp-element-button\" href=\"https:\/\/www.printmaps.net\/pt-br\/\" style=\"border-radius:10px;background-color:#e5017e\"><p><strong>Comece a mapear agora, sem necessidade de registro<\/strong><\/p><\/a><\/div>\n<\/div>\n<\/div>\n<\/div>\n\n<div style=\"height:68px\" aria-hidden=\"true\" class=\"wp-block-spacer\"><\/div>\n\n<div class=\"wp-block-columns is-layout-flex wp-container-core-columns-is-layout-9d6595d7 wp-block-columns-is-layout-flex\">\n<div class=\"wp-block-column is-layout-flow wp-block-column-is-layout-flow\" style=\"flex-basis:33.33%\">\n<h3 class=\"wp-block-heading\" id=\"mark-your-business-locations-on-the-map-with-pins\">Marque os locais de sua empresa no mapa com pinos<\/h3>\n\n\n\n<p>O editor \u00e9 muito utilizado para empresas que desejam\u00a0<a href=\"https:\/\/www.printmaps.net\/pt-br\/imprimir-mapa-com-diversas-localizacoes\/\">fixar v\u00e1rias localiza\u00e7\u00f5es<\/a>\u00a0ou lojas em um mapa de alta resolu\u00e7\u00e3o para ser impresso ou utilizado online. O editor torna poss\u00edvel copiar os endere\u00e7os postais em um carregamento de geocodifica\u00e7\u00e3o em massa e todos eles ser\u00e3o convertidos em suas coordenadas geogr\u00e1ficas. Desta forma, as localiza\u00e7\u00f5es da empresa aparecem no mapa com os seus pr\u00f3prios marcadores personalizados ou um dos marcadores padr\u00e3o identificados.<\/p>\n<\/div>\n\n\n\n<div class=\"wp-block-column is-layout-flow wp-block-column-is-layout-flow\" style=\"flex-basis:66.66%\"><div class=\"wp-block-image\">\n<figure class=\"alignleft size-full\"><img decoding=\"async\" width=\"621\" height=\"438\" src=\"https:\/\/www.printmaps.net\/wp-content\/uploads\/2020\/04\/Map-with-pins.png\" alt=\"Crie mapa com pinos\" class=\"wp-image-60641\" srcset=\"https:\/\/www.printmaps.net\/wp-content\/uploads\/2020\/04\/Map-with-pins.png 621w, https:\/\/www.printmaps.net\/wp-content\/uploads\/2020\/04\/Map-with-pins-480x339.png 480w\" sizes=\"(min-width: 0px) and (max-width: 480px) 480px, (min-width: 481px) 621px, 100vw\" \/><\/figure><\/div><\/div>\n<\/div>\n\n<div style=\"height:56px\" aria-hidden=\"true\" class=\"wp-block-spacer\"><\/div>\n\n<div class=\"wp-block-columns is-layout-flex wp-container-core-columns-is-layout-9d6595d7 wp-block-columns-is-layout-flex\">\n<div class=\"wp-block-column is-layout-flow wp-block-column-is-layout-flow\" style=\"flex-basis:66.66%\"><div class=\"wp-block-image\">\n<figure class=\"alignright size-large is-resized\"><img decoding=\"async\" width=\"1024\" height=\"722\" src=\"https:\/\/www.printmaps.net\/wp-content\/uploads\/2020\/04\/Create-map-with-pins-2-1024x722.png\" alt=\"crie mapa com pinos\" class=\"wp-image-60689\" style=\"width:621px\" srcset=\"https:\/\/www.printmaps.net\/wp-content\/uploads\/2020\/04\/Create-map-with-pins-2-980x691.png 980w, https:\/\/www.printmaps.net\/wp-content\/uploads\/2020\/04\/Create-map-with-pins-2-480x339.png 480w\" sizes=\"(min-width: 0px) and (max-width: 480px) 480px, (min-width: 481px) and (max-width: 980px) 980px, (min-width: 981px) 1024px, 100vw\" \/><\/figure><\/div><\/div>\n\n\n\n<div class=\"wp-block-column is-layout-flow wp-block-column-is-layout-flow\" style=\"flex-basis:33.33%\">\n<h3 class=\"wp-block-heading\" id=\"mark-routes-on-existing-roads\">Marcar rotas em estradas existentes<\/h3>\n\n\n\n<p><p>Nossos clientes <a href=\"\/pt-br\/criar-um-mapa-de-rotas\/\">criam mapas de rotas<\/a> com pinos, para exibir caminhadas ou rotas de bicicleta, ou simplesmente dire\u00e7\u00f5es. Desenhe facilmente linhas em estradas existentes, ciclovias e percursos de caminhada. Com a op\u00e7\u00e3o de marcar o ponto de interesse com n\u00fameros, torna-se f\u00e1cil mostrar a dire\u00e7\u00e3o da rota.<\/p><\/p>\n\n\n\n<p>Leia mais sobre\u00a0<a href=\"https:\/\/www.printmaps.net\/pt-br\/recursos\/\">como o editor funciona<\/a>\u00a0e os seus recursos.<\/p>\n<\/div>\n<\/div>\n\n<div style=\"height:66px\" aria-hidden=\"true\" class=\"wp-block-spacer\"><\/div>\n\n<div class=\"wp-block-columns is-layout-flex wp-container-core-columns-is-layout-9d6595d7 wp-block-columns-is-layout-flex\">\n<div class=\"wp-block-column is-layout-flow wp-block-column-is-layout-flow\" style=\"flex-basis:33.33%\">\n<h3 class=\"wp-block-heading\" id=\"create-a-travel-map-for-your-photobook\">Crie um mapa de viagem para o seu \u00e1lbum de fotos<\/h3>\n\n\n\n<p><p>Marque os locais exatos que voc\u00ea visitou durante aquela viagem inesquec\u00edvel. Voc\u00ea pode marcar os seus pontos de interesse com pontos, quadrados ou qualquer uma das formas padr\u00e3o fornecidas no editor. Ou exiba o r\u00f3tulo sem um marcador ao redor, como um avi\u00e3o ou uma balsa. Marque os seus restaurantes favoritos, trilhas ou praias. Com os diferentes estilos de mapa e a op\u00e7\u00e3o de adicionar formas de pa\u00edses coloridas, voc\u00ea pode facilmente criar o seu pr\u00f3prio e personalizado\u00a0<a href=\"https:\/\/www.printmaps.net\/pt-br\/mapa-de-viagem-album-de-fotos\/\">mapa de viagem para o seu \u00e1lbum de fotos<\/a>.<\/p><\/p>\n<\/div>\n\n\n\n<div class=\"wp-block-column is-layout-flow wp-block-column-is-layout-flow\" style=\"flex-basis:66.66%\">\n<figure class=\"wp-block-image size-large is-resized\"><img loading=\"lazy\" loading=\"lazy\" decoding=\"async\" width=\"1024\" height=\"722\" src=\"https:\/\/www.printmaps.net\/wp-content\/uploads\/2020\/10\/Create-map-with-pins-1-1024x722.png\" alt=\"\" class=\"wp-image-70246\" style=\"width:621px\" srcset=\"https:\/\/www.printmaps.net\/wp-content\/uploads\/2020\/10\/Create-map-with-pins-1-980x691.png 980w, https:\/\/www.printmaps.net\/wp-content\/uploads\/2020\/10\/Create-map-with-pins-1-480x338.png 480w\" sizes=\"auto, (min-width: 0px) and (max-width: 480px) 480px, (min-width: 481px) and (max-width: 980px) 980px, (min-width: 981px) 1024px, 100vw\" \/><\/figure><\/div>\n<\/div>\n\n<div class=\"wp-block-group\"><div class=\"wp-block-group__inner-container is-layout-constrained wp-block-group-is-layout-constrained\">\n<div style=\"height:130px\" aria-hidden=\"true\" class=\"wp-block-spacer\"><\/div>\n\n\n\n<h2 class=\"wp-block-heading has-x-large-font-size\" style=\"font-style:normal;font-weight:700\">Ainda precisa de ajuda? Envie-nos uma mensagem!<\/h2>\n\n\n\n<p style=\"font-size:22px\"><p><a href=\"https:\/\/support.printmaps.net\/pt-BR\/support\/tickets\/new\">Envie-nos um ticket em nossa plataforma de suporte<\/a><\/p><\/p>\n\n\n\n<div style=\"height:150px\" aria-hidden=\"true\" class=\"wp-block-spacer\"><\/div>\n<\/div><\/div>\n\n<div style=\"height:80px\" aria-hidden=\"true\" class=\"wp-block-spacer\"><\/div>\n\n<h3 class=\"wp-block-heading\">Perguntas frequentes<\/h3>\n\n<div class=\"schema-faq wp-block-yoast-faq-block\"><div class=\"schema-faq-section\" id=\"faq-question-1757925419641\"><strong class=\"schema-faq-question\"><p><strong>Posso importar coordenadas em vez de endere\u00e7os?<\/strong><\/p><\/strong> <p class=\"schema-faq-answer\"><p>Sim. Voc\u00ea pode <a href=\"https:\/\/support.printmaps.net\/pt-BR\/support\/solutions\/articles\/204000000551-tenho-uma-lista-de-enderecos-no-excel-posso-convert%C3%AA-la-em-pontos-no-mapa-\">colar valores decimais de longitude e latitude diretamente no importador de planilhas<\/a>. Cada elemento se torna uma camada separada e nomeada no download se for baixado como SVG ou PSD.<\/p><\/p> <\/div> <div class=\"schema-faq-section\" id=\"faq-question-1757942421299\"><strong class=\"schema-faq-question\">Posso estilizar os pins no editor?<\/strong> <p class=\"schema-faq-answer\">Sim. Oferecemos v\u00e1rias formas diferentes para escolher, tanto externas quanto internas, e as cores podem ser definidas livremente. Entre as formas internas h\u00e1 muitos \u00edcones que podem ser usados para representar o tema do ponto de interesse \u2014 por exemplo, um carrinho de compras para um mercado ou uma figura correndo para um centro esportivo.<\/p> <\/div> <div class=\"schema-faq-section\" id=\"faq-question-1757942575893\"><strong class=\"schema-faq-question\">Posso importar pins enviando um arquivo?<\/strong> <p class=\"schema-faq-answer\">Sim. Voc\u00ea pode enviar arquivos GPX, KML ou GeoJSON para o editor. Esses arquivos podem conter rotas, pins ou formas e s\u00e3o importados imediatamente para o mapa. Cada elemento pode ser estilizado ap\u00f3s o envio, assim como os pins adicionados manualmente.<\/p> <\/div> <div class=\"schema-faq-section\" id=\"faq-question-1757943989629\"><strong class=\"schema-faq-question\">O mapa pode ser inclinado ou girado?<\/strong> <p class=\"schema-faq-answer\">Sim. Voc\u00ea pode ajustar o n\u00edvel de inclina\u00e7\u00e3o ou rota\u00e7\u00e3o no canto superior esquerdo do editor. No entanto, nesse caso, o mapa n\u00e3o poder\u00e1 ser comprado como SVG por limita\u00e7\u00f5es t\u00e9cnicas.<\/p> <\/div> <div class=\"schema-faq-section\" id=\"faq-question-1757944170878\"><strong class=\"schema-faq-question\"><p><strong>Qual formato de exporta\u00e7\u00e3o devo usar para impress\u00e3o e web?<\/strong><\/p><\/strong> <p class=\"schema-faq-answer\">PNGs s\u00e3o suficientes para web e impress\u00e3o se n\u00e3o houver necessidade de muita p\u00f3s-edi\u00e7\u00e3o e, no caso da impress\u00e3o, se o tamanho n\u00e3o ultrapassar 22 cm \u00d7 22 cm. Se quiser personalizar completamente o mapa ou imprimir em tamanho maior, PSDs e SVGs s\u00e3o mais adequados.<\/p> <\/div> <div class=\"schema-faq-section\" id=\"faq-question-1757945617450\"><strong class=\"schema-faq-question\">Posso colocar um r\u00f3tulo no mapa sem um pin?<\/strong> <p class=\"schema-faq-answer\">Sim. Para isso, basta tornar transparentes as cores das formas externa e interna do pin.<\/p> <\/div> <\/div>\n\n<div style=\"height:66px\" aria-hidden=\"true\" class=\"wp-block-spacer\"><\/div>\n","protected":false},"excerpt":{"rendered":"<p>Marcar pontos de interesse para criar um mapa com pinos pode ser demorado e o resultado \u00e0s vezes decepcionante. A edi\u00e7\u00e3o de telas de impress\u00e3o apresenta problemas com a preserva\u00e7\u00e3o da qualidade da imagem ao utiliz\u00e1-la na web ou na impress\u00e3o. Enquanto voc\u00ea deseja sem esfor\u00e7o fixar esses pontos de interesse em sua localiza\u00e7\u00e3o exata, [&hellip;]<\/p>\n","protected":false},"author":8,"featured_media":0,"parent":0,"menu_order":0,"comment_status":"closed","ping_status":"closed","template":"","meta":{"_et_pb_use_builder":"","_et_pb_old_content":"","_et_gb_content_width":"","footnotes":""},"class_list":["post-110235","page","type-page","status-publish","hentry"],"_links":{"self":[{"href":"https:\/\/www.printmaps.net\/pt-br\/wp-json\/wp\/v2\/pages\/110235","targetHints":{"allow":["GET"]}}],"collection":[{"href":"https:\/\/www.printmaps.net\/pt-br\/wp-json\/wp\/v2\/pages"}],"about":[{"href":"https:\/\/www.printmaps.net\/pt-br\/wp-json\/wp\/v2\/types\/page"}],"author":[{"embeddable":true,"href":"https:\/\/www.printmaps.net\/pt-br\/wp-json\/wp\/v2\/users\/8"}],"replies":[{"embeddable":true,"href":"https:\/\/www.printmaps.net\/pt-br\/wp-json\/wp\/v2\/comments?post=110235"}],"version-history":[{"count":9,"href":"https:\/\/www.printmaps.net\/pt-br\/wp-json\/wp\/v2\/pages\/110235\/revisions"}],"predecessor-version":[{"id":221978,"href":"https:\/\/www.printmaps.net\/pt-br\/wp-json\/wp\/v2\/pages\/110235\/revisions\/221978"}],"wp:attachment":[{"href":"https:\/\/www.printmaps.net\/pt-br\/wp-json\/wp\/v2\/media?parent=110235"}],"curies":[{"name":"wp","href":"https:\/\/api.w.org\/{rel}","templated":true}]}}