{"id":174960,"date":"2024-06-24T18:38:08","date_gmt":"2024-06-24T17:38:08","guid":{"rendered":"https:\/\/www.printmaps.net\/wordpress-plugin-static-maps-editor\/"},"modified":"2024-06-25T22:07:40","modified_gmt":"2024-06-25T21:07:40","slug":"wordpress-plugin-static-maps-editor","status":"publish","type":"page","link":"https:\/\/www.printmaps.net\/pt-br\/wordpress-plugin-static-maps-editor\/","title":{"rendered":"Plugin WordPress Gratuito: Static Maps Editor"},"content":{"rendered":"\n<p><p>O plugin Static Maps Editor permite criar mapas \u201cest\u00e1ticos\u201d personalizados e n\u00e3o interativos com facilidade. Altere o estilo do mapa, adicione rotas, pontos de interesse e formas geogr\u00e1ficas aos seus mapas totalmente personaliz\u00e1veis, usando o editor de mapas hospedado por <a href=\"\/pt-br\/\">Printmaps.net<\/a>, e integre-os rapidamente ao seu site WordPress. Continue lendo para descobrir o que o Static Maps Editor pode fazer por voc\u00ea ou acesse o download do plugin para WordPress atrav\u00e9s do bot\u00e3o abaixo.<\/p><\/p>\n\n<div class=\"wp-block-buttons is-content-justification-center is-layout-flex wp-container-core-buttons-is-layout-16018d1d wp-block-buttons-is-layout-flex\">\n<div class=\"wp-block-button is-style-fill\"><a class=\"wp-block-button__link has-vivid-red-background-color has-background wp-element-button\" href=\"https:\/\/wordpress.org\/plugins\/static-maps-editor\/\" style=\"border-radius:20px\"><p><strong>Baixe gratuitamente da WordPress Plugin Directory!<\/strong><\/p><\/a><\/div>\n<\/div>\n\n<div style=\"height:37px\" aria-hidden=\"true\" class=\"wp-block-spacer\"><\/div>\n\n<figure class=\"wp-block-image size-large\"><img fetchpriority=\"high\" fetchpriority=\"high\" decoding=\"async\" width=\"1024\" height=\"556\" src=\"https:\/\/www.printmaps.net\/wp-content\/uploads\/2023\/09\/wordpress-plugin-static-maps-editor-1024x556.png\" alt=\"Wordpress Plugin Static Maps Editor\" class=\"wp-image-153617\" srcset=\"https:\/\/www.printmaps.net\/wp-content\/uploads\/2023\/09\/wordpress-plugin-static-maps-editor-980x532.png 980w, https:\/\/www.printmaps.net\/wp-content\/uploads\/2023\/09\/wordpress-plugin-static-maps-editor-480x261.png 480w\" sizes=\"(min-width: 0px) and (max-width: 480px) 480px, (min-width: 481px) and (max-width: 980px) 980px, (min-width: 981px) 1024px, 100vw\" \/><\/figure>\n<p><\/p>\n\n<h2 class=\"wp-block-heading\">Por que devo usar o Static Maps Editor?<\/h2>\n\n<p><\/p>\n\n<h3 class=\"wp-block-heading\">1. O Primeiro Plugin WordPress para Editar Mapas N\u00e3o Interativos<\/h3>\n\n<p>Embora existam dezenas de plugins no WordPress para escolher e atender \u00e0s suas necessidades de mapas interativos, o Static Maps Editor \u00e9 o primeiro plugin que permite editar mapas totalmente dentro do back-end do WordPress.<\/p>\n\n<p><\/p>\n\n<h3 class=\"wp-block-heading\">2. Economize Tempo Sem Perder Qualidade<\/h3>\n\n<p>Se voc\u00ea precisa de mapas frequentemente para seu blog de viagens, an\u00fancios imobili\u00e1rios ou site de turismo, pode economizar uma quantidade significativa de tempo em seus fluxos de trabalho eliminando etapas desnecess\u00e1rias. Criar mapas com o Static Maps Editor \u00e9 simples e r\u00e1pido. Use o tempo extra para refinar seus mapas conforme desejar e criar obras impressionantes que beneficiar\u00e3o seu p\u00fablico ou clientes.<\/p>\n\n<p><\/p>\n\n<h3 class=\"wp-block-heading\">3. Adicione Valor ao Seu Conte\u00fado<\/h3>\n\n<p>Mapas est\u00e1ticos atraentes podem melhorar a experi\u00eancia do leitor, proporcionando contexto visual aos seus artigos e ajudando os leitores a visualizar os lugares mencionados. Eles podem simplificar informa\u00e7\u00f5es complexas, mostrar rotas de viagem, destacar localiza\u00e7\u00f5es geogr\u00e1ficas e tornar o conte\u00fado mais envolvente.<\/p>\n\n<p><\/p>\n\n<h3 class=\"wp-block-heading\">4. Gere Mais Tr\u00e1fego para o Seu Site<\/h3>\n\n<p>SEO \u00e9 um tema importante para os propriet\u00e1rios de dom\u00ednios de sites que desejam aumentar ou manter o tr\u00e1fego. Se feito corretamente, os mapas est\u00e1ticos podem ajudar voc\u00ea a alcan\u00e7ar esse objetivo. Os mapas finalizados s\u00e3o salvos em sua Biblioteca de M\u00eddia do WordPress como arquivos PNG, que voc\u00ea pode integrar em suas p\u00e1ginas na parte superior para oferecer variedade de conte\u00fado ao algoritmo de busca do Google e adicionar um texto alternativo para refor\u00e7ar os termos-chave pelos quais seu site pode ser encontrado. Al\u00e9m disso, os mapas est\u00e1ticos aparecer\u00e3o na busca de Imagens do Google, fornecendo uma via adicional para atrair leitores potenciais.<\/p>\n\n<p><\/p>\n\n<h3 class=\"wp-block-heading\">5. Mantenha Seu Site R\u00e1pido<\/h3>\n\n<p>Como sabemos, nada desencoraja um leitor interessado t\u00e3o rapidamente quanto um site que n\u00e3o carrega rapidamente. Os mapas est\u00e1ticos carregam t\u00e3o rapidamente quanto qualquer outro arquivo PNG e n\u00e3o sobrecarregam seu site desnecessariamente, mantendo-o t\u00e3o r\u00e1pido quanto sempre.<\/p>\n\n<p><\/p>\n\n<h2 class=\"wp-block-heading\">Como usar o Static Maps Editor:<\/h2>\n\n<ul class=\"wp-block-list\">\n<li><p>Siga as instru\u00e7\u00f5es de download no <a href=\"https:\/\/wordpress.org\/plugins\/static-maps-editor\/\">WordPress Plugin Directory<\/a><\/p><\/li>\n\n\n\n<li>Crie e personalize mapas conforme desejar<\/li>\n\n\n\n<li><p>As imagens dos mapas s\u00e3o armazenadas e hospedadas pela sua instala\u00e7\u00e3o do WordPress, dentro da sua <strong>Biblioteca de M\u00eddia<\/strong>.<\/p><\/li>\n\n\n\n<li>Todas as imagens s\u00e3o armazenadas localmente na sua pasta de uploads, como de costume<\/li>\n<\/ul>\n\n<p><\/p>\n\n<h3 class=\"wp-block-heading\">Recursos do Editor:<\/h3>\n\n<ul class=\"wp-block-list\">\n<li>Mapeie globalmente<\/li>\n\n\n\n<li>Escolha entre diferentes estilos de mapa<\/li>\n\n\n\n<li>Crie rotas<\/li>\n\n\n\n<li>Marque pontos no mapa com pinos<\/li>\n\n\n\n<li>Destaque \u00e1reas geogr\u00e1ficas<\/li>\n\n\n\n<li>Mostre eleva\u00e7\u00f5es<\/li>\n\n\n\n<li>Personalize o design<\/li>\n\n\n\n<li>Incline ou gire<\/li>\n<\/ul>\n\n<p>O Static Maps Editor \u00e9 compat\u00edvel com todos os outros plugins que lidam com imagens e est\u00e1 100% em conformidade com o GDPR.<\/p>\n\n<p><\/p>\n\n<h3 class=\"wp-block-heading\">Exemplos criados com o plugin Static Maps Editor:<\/h3>\n\n<figure class=\"wp-block-gallery has-nested-images columns-default is-cropped wp-block-gallery-1 is-layout-flex wp-block-gallery-is-layout-flex\">\n<figure class=\"wp-block-image size-large\"><img decoding=\"async\" width=\"1024\" height=\"665\" data-id=\"63054\" src=\"https:\/\/www.printmaps.net\/wp-content\/uploads\/2020\/05\/Real-Estate-Flyers-1024x665.png\" alt=\"Captura de tela de mapa de POI\" class=\"wp-image-63054\" srcset=\"https:\/\/www.printmaps.net\/wp-content\/uploads\/2020\/05\/Real-Estate-Flyers-980x636.png 980w, https:\/\/www.printmaps.net\/wp-content\/uploads\/2020\/05\/Real-Estate-Flyers-480x312.png 480w\" sizes=\"(min-width: 0px) and (max-width: 480px) 480px, (min-width: 481px) and (max-width: 980px) 980px, (min-width: 981px) 1024px, 100vw\" \/><\/figure>\n\n\n<figure class=\"wp-block-image size-large\"><img decoding=\"async\" width=\"1024\" height=\"722\" data-id=\"70205\" src=\"https:\/\/www.printmaps.net\/wp-content\/uploads\/2020\/10\/printable-maps-photobook-1-1024x722.png\" alt=\"Captura de tela de mapa de rotas\" class=\"wp-image-70205\" srcset=\"https:\/\/www.printmaps.net\/wp-content\/uploads\/2020\/10\/printable-maps-photobook-1-980x691.png 980w, https:\/\/www.printmaps.net\/wp-content\/uploads\/2020\/10\/printable-maps-photobook-1-480x339.png 480w\" sizes=\"(min-width: 0px) and (max-width: 480px) 480px, (min-width: 481px) and (max-width: 980px) 980px, (min-width: 981px) 1024px, 100vw\" \/><\/figure>\n\n\n<figure class=\"wp-block-image size-large\"><img loading=\"lazy\" loading=\"lazy\" decoding=\"async\" width=\"1024\" height=\"768\" data-id=\"70226\" src=\"https:\/\/www.printmaps.net\/wp-content\/uploads\/2020\/10\/800x600@2x-1024x768.png\" alt=\"Captura de tela de mapa monocrom&#xE1;tico\" class=\"wp-image-70226\" srcset=\"https:\/\/www.printmaps.net\/wp-content\/uploads\/2020\/10\/800x600@2x-980x735.png 980w, https:\/\/www.printmaps.net\/wp-content\/uploads\/2020\/10\/800x600@2x-480x360.png 480w\" sizes=\"auto, (min-width: 0px) and (max-width: 480px) 480px, (min-width: 481px) and (max-width: 980px) 980px, (min-width: 981px) 1024px, 100vw\" \/><\/figure>\n\n\n<figure class=\"wp-block-image size-large\"><img loading=\"lazy\" loading=\"lazy\" decoding=\"async\" width=\"1024\" height=\"714\" data-id=\"70195\" src=\"https:\/\/www.printmaps.net\/wp-content\/uploads\/2020\/10\/photobook-travel-map-1024x714.png\" alt=\"captura de tela de mapa de rotas\" class=\"wp-image-70195\" srcset=\"https:\/\/www.printmaps.net\/wp-content\/uploads\/2020\/10\/photobook-travel-map-980x683.png 980w, https:\/\/www.printmaps.net\/wp-content\/uploads\/2020\/10\/photobook-travel-map-480x335.png 480w\" sizes=\"auto, (min-width: 0px) and (max-width: 480px) 480px, (min-width: 481px) and (max-width: 980px) 980px, (min-width: 981px) 1024px, 100vw\" \/><\/figure><\/figure>\n\n<div style=\"height:55px\" aria-hidden=\"true\" class=\"wp-block-spacer\"><\/div>\n\n<div class=\"wp-block-buttons is-content-justification-center is-layout-flex wp-container-core-buttons-is-layout-16018d1d wp-block-buttons-is-layout-flex\">\n<div class=\"wp-block-button is-style-fill\"><a class=\"wp-block-button__link has-vivid-red-background-color has-background wp-element-button\" href=\"https:\/\/wordpress.org\/plugins\/static-maps-editor\/\" style=\"border-radius:20px\"><p>Comece a mapear em poucos cliques!<\/p><\/a><\/div>\n<\/div>\n\n<div style=\"height:49px\" aria-hidden=\"true\" class=\"wp-block-spacer\"><\/div>\n","protected":false},"excerpt":{"rendered":"<p>O plugin Static Maps Editor permite criar mapas \u201cest\u00e1ticos\u201d personalizados e n\u00e3o interativos com facilidade. Altere o estilo do mapa, adicione rotas, pontos de interesse e formas geogr\u00e1ficas aos seus mapas totalmente personaliz\u00e1veis, usando o editor de mapas hospedado por Printmaps.net, e integre-os rapidamente ao seu site WordPress. Continue lendo para descobrir o que o [&hellip;]<\/p>\n","protected":false},"author":5,"featured_media":0,"parent":0,"menu_order":0,"comment_status":"closed","ping_status":"closed","template":"","meta":{"_et_pb_use_builder":"","_et_pb_old_content":"","_et_gb_content_width":"","footnotes":""},"class_list":["post-174960","page","type-page","status-publish","hentry"],"_links":{"self":[{"href":"https:\/\/www.printmaps.net\/pt-br\/wp-json\/wp\/v2\/pages\/174960","targetHints":{"allow":["GET"]}}],"collection":[{"href":"https:\/\/www.printmaps.net\/pt-br\/wp-json\/wp\/v2\/pages"}],"about":[{"href":"https:\/\/www.printmaps.net\/pt-br\/wp-json\/wp\/v2\/types\/page"}],"author":[{"embeddable":true,"href":"https:\/\/www.printmaps.net\/pt-br\/wp-json\/wp\/v2\/users\/5"}],"replies":[{"embeddable":true,"href":"https:\/\/www.printmaps.net\/pt-br\/wp-json\/wp\/v2\/comments?post=174960"}],"version-history":[{"count":1,"href":"https:\/\/www.printmaps.net\/pt-br\/wp-json\/wp\/v2\/pages\/174960\/revisions"}],"predecessor-version":[{"id":174961,"href":"https:\/\/www.printmaps.net\/pt-br\/wp-json\/wp\/v2\/pages\/174960\/revisions\/174961"}],"wp:attachment":[{"href":"https:\/\/www.printmaps.net\/pt-br\/wp-json\/wp\/v2\/media?parent=174960"}],"curies":[{"name":"wp","href":"https:\/\/api.w.org\/{rel}","templated":true}]}}