{"id":211701,"date":"2025-06-30T17:04:42","date_gmt":"2025-06-30T16:04:42","guid":{"rendered":"https:\/\/www.printmaps.net\/criar-mapas-vetoriais\/"},"modified":"2025-06-30T17:04:43","modified_gmt":"2025-06-30T16:04:43","slug":"criar-mapas-vetoriais","status":"publish","type":"page","link":"https:\/\/www.printmaps.net\/pt-br\/criar-mapas-vetoriais\/","title":{"rendered":"Criar mapas vetoriais online para design gr\u00e1fico"},"content":{"rendered":"\n<p><p>Com o <a href=\"\/pt-br\/\">Printmaps<\/a>, voc\u00ea pode criar mapas vetoriais online sem precisar de conhecimentos em GIS ou cartografia. Gere mapas em alta resolu\u00e7\u00e3o e exporte como arquivos SVG ou PSD com camadas, ideais para edi\u00e7\u00e3o no <strong>Adobe Illustrator, InDesign, Photoshop ou Figma<\/strong>. <a href=\"\/pt-br\/agencias\/\">Muitos designers gr\u00e1ficos<\/a> j\u00e1 usam o Printmaps em seus projetos.<\/p><\/p>\n\n<div style=\"height:37px\" aria-hidden=\"true\" class=\"wp-block-spacer\"><\/div>\n\n<div class=\"wp-block-buttons is-content-justification-center is-layout-flex wp-container-core-buttons-is-layout-16018d1d wp-block-buttons-is-layout-flex\">\n<div class=\"wp-block-button has-custom-font-size\" style=\"font-size:18px\"><a class=\"wp-block-button__link has-background wp-element-button\" href=\"https:\/\/www.printmaps.net\/pt-br\/\" style=\"border-radius:10px;background-color:#e5017e\"><p><strong>Comece a mapear agora, sem necessidade de registro<\/strong><\/p><\/a><\/div>\n<\/div>\n\n<div style=\"height:70px\" aria-hidden=\"true\" class=\"wp-block-spacer\"><\/div>\n<div class=\"wp-block-image\">\n<figure class=\"alignright size-full is-resized\"><img fetchpriority=\"high\" fetchpriority=\"high\" decoding=\"async\" width=\"834\" height=\"670\" src=\"https:\/\/www.printmaps.net\/wp-content\/uploads\/2020\/06\/layered-map-in-illustrator.png\" alt=\"mapa vetorial illustrator\" class=\"wp-image-63982\" style=\"width:620px;height:auto\" srcset=\"https:\/\/www.printmaps.net\/wp-content\/uploads\/2020\/06\/layered-map-in-illustrator.png 834w, https:\/\/www.printmaps.net\/wp-content\/uploads\/2020\/06\/layered-map-in-illustrator-480x386.png 480w\" sizes=\"(min-width: 0px) and (max-width: 480px) 480px, (min-width: 481px) 834px, 100vw\" \/><\/figure><\/div>\n<h2 class=\"wp-block-heading\">Por que os mapas vetoriais s\u00e3o ideais para design gr\u00e1fico<\/h2>\n\n<p><p>Para layouts profissionais digitais ou impressos, mapas vetoriais totalmente personaliz\u00e1veis oferecem flexibilidade no processo de design. Arquivos SVG se integram facilmente ao <strong>Illustrator, InDesign e Figma<\/strong>, permitindo escalar e estilizar elementos sem perder qualidade.<br\/>Para edi\u00e7\u00f5es baseadas em pixel, arquivos PSD com camadas oferecem o mesmo controle no Photoshop. Para a maioria dos projetos gr\u00e1ficos, mapas vetoriais continuam sendo a op\u00e7\u00e3o mais vers\u00e1til.<\/p><\/p>\n\n<p><p><strong>Formatos suportados:<\/strong><\/p><\/p>\n\n<ul class=\"wp-block-list\">\n<li>PNG (300 dpi) at\u00e9 220 mm x 220 mm<\/li>\n\n\n\n<li>PSD (300 dpi) at\u00e9 660 mm x 660 mm<\/li>\n\n\n\n<li>SVG (dpi escal\u00e1vel)<\/li>\n<\/ul>\n\n<div style=\"height:112px\" aria-hidden=\"true\" class=\"wp-block-spacer\"><\/div>\n<div class=\"wp-block-image\">\n<figure class=\"alignleft size-full is-resized\"><img decoding=\"async\" width=\"765\" height=\"531\" src=\"https:\/\/www.printmaps.net\/wp-content\/uploads\/2020\/10\/mallorca.jpg\" alt=\"Exemplo de mapa vetorial SVG\" class=\"wp-image-70214\" style=\"width:700px;height:auto\" srcset=\"https:\/\/www.printmaps.net\/wp-content\/uploads\/2020\/10\/mallorca.jpg 765w, https:\/\/www.printmaps.net\/wp-content\/uploads\/2020\/10\/mallorca-480x333.jpg 480w\" sizes=\"(min-width: 0px) and (max-width: 480px) 480px, (min-width: 481px) 765px, 100vw\" \/><\/figure><\/div>\n<h2 class=\"wp-block-heading\">Flex\u00edvel para qualquer projeto gr\u00e1fico<\/h2>\n\n<p>Nossa ferramenta online para criar mapas vetoriais \u00e9 utilizada por designers de diversas \u00e1reas. De editoriais a materiais de marketing, os mapas vetoriais servem como base vers\u00e1til em diferentes projetos gr\u00e1ficos. Layouts de revistas utilizam mapas claros para ilustrar artigos, enquanto cartazes de eventos se beneficiam de mapas leg\u00edveis para orientar os participantes. Em infogr\u00e1ficos, os mapas ajudam a visualizar dados por regi\u00e3o e identificar tend\u00eancias.<\/p>\n\n<div style=\"height:124px\" aria-hidden=\"true\" class=\"wp-block-spacer\"><\/div>\n<div class=\"wp-block-image\">\n<figure class=\"alignright size-large is-resized\"><img decoding=\"async\" width=\"1024\" height=\"576\" src=\"https:\/\/www.printmaps.net\/wp-content\/uploads\/2024\/09\/print-map-1-1024x576.png\" alt=\"criar mapas vetoriais\" class=\"wp-image-183002\" style=\"width:762px;height:auto\" srcset=\"https:\/\/www.printmaps.net\/wp-content\/uploads\/2024\/09\/print-map-1-980x551.png 980w, https:\/\/www.printmaps.net\/wp-content\/uploads\/2024\/09\/print-map-1-480x270.png 480w\" sizes=\"(min-width: 0px) and (max-width: 480px) 480px, (min-width: 481px) and (max-width: 980px) 980px, (min-width: 981px) 1024px, 100vw\" \/><\/figure><\/div>\n<h2 class=\"wp-block-heading has-text-align-left\">Funcionalidades da nossa ferramenta para criar mapas vetoriais<\/h2>\n\n<ul class=\"wp-block-list\">\n<li>Editor online com cobertura mundial<\/li>\n\n\n\n<li>V\u00e1rios estilos de mapas dispon\u00edveis<\/li>\n\n\n\n<li>Mostrar ou ocultar elementos e r\u00f3tulos<\/li>\n\n\n\n<li>Adicionar marcadores, rotas e formas<\/li>\n\n\n\n<li>Importar arquivos GPX, KML ou GeoJSON<\/li>\n\n\n\n<li><p>Saiba mais detalhes <a href=\"\/pt-br\/recursos\/\">aqui<\/a><\/p><\/li>\n<\/ul>\n\n<div style=\"height:118px\" aria-hidden=\"true\" class=\"wp-block-spacer\"><\/div>\n\n<div class=\"wp-block-group\"><div class=\"wp-block-group__inner-container is-layout-constrained wp-block-group-is-layout-constrained\">\n<h2 class=\"wp-block-heading has-text-align-center has-large-font-size\" style=\"font-style:normal;font-weight:700\">Experimente Printmaps<\/h2>\n\n\n\n<p class=\"has-text-align-center has-medium-font-size\">O nosso editor de mapas permite que voc\u00ea crie mapas de todo o mundo para impress\u00e3o em um instante.<\/p>\n\n\n\n<div style=\"height:15px\" aria-hidden=\"true\" class=\"wp-block-spacer\"><\/div>\n\n\n\n<div class=\"wp-block-buttons is-content-justification-center is-layout-flex wp-container-core-buttons-is-layout-16018d1d wp-block-buttons-is-layout-flex\">\n<div class=\"wp-block-button has-custom-font-size\" style=\"font-size:18px\"><a class=\"wp-block-button__link has-background wp-element-button\" href=\"https:\/\/www.printmaps.net\/pt-br\/\" style=\"border-radius:10px;background-color:#e5017e\"><p><strong>Crie o seu primeiro mapa agora<\/strong><\/p><\/a><\/div>\n<\/div>\n<\/div><\/div>\n\n<div style=\"height:137px\" aria-hidden=\"true\" class=\"wp-block-spacer\"><\/div>\n","protected":false},"excerpt":{"rendered":"<p>Com o Printmaps, voc\u00ea pode criar mapas vetoriais online sem precisar de conhecimentos em GIS ou cartografia. Gere mapas em alta resolu\u00e7\u00e3o e exporte como arquivos SVG ou PSD com camadas, ideais para edi\u00e7\u00e3o no Adobe Illustrator, InDesign, Photoshop ou Figma. Muitos designers gr\u00e1ficos j\u00e1 usam o Printmaps em seus projetos. Por que os mapas [&hellip;]<\/p>\n","protected":false},"author":23,"featured_media":0,"parent":0,"menu_order":0,"comment_status":"closed","ping_status":"closed","template":"","meta":{"_et_pb_use_builder":"","_et_pb_old_content":"","_et_gb_content_width":"","footnotes":""},"class_list":["post-211701","page","type-page","status-publish","hentry"],"_links":{"self":[{"href":"https:\/\/www.printmaps.net\/pt-br\/wp-json\/wp\/v2\/pages\/211701","targetHints":{"allow":["GET"]}}],"collection":[{"href":"https:\/\/www.printmaps.net\/pt-br\/wp-json\/wp\/v2\/pages"}],"about":[{"href":"https:\/\/www.printmaps.net\/pt-br\/wp-json\/wp\/v2\/types\/page"}],"author":[{"embeddable":true,"href":"https:\/\/www.printmaps.net\/pt-br\/wp-json\/wp\/v2\/users\/23"}],"replies":[{"embeddable":true,"href":"https:\/\/www.printmaps.net\/pt-br\/wp-json\/wp\/v2\/comments?post=211701"}],"version-history":[{"count":1,"href":"https:\/\/www.printmaps.net\/pt-br\/wp-json\/wp\/v2\/pages\/211701\/revisions"}],"predecessor-version":[{"id":211702,"href":"https:\/\/www.printmaps.net\/pt-br\/wp-json\/wp\/v2\/pages\/211701\/revisions\/211702"}],"wp:attachment":[{"href":"https:\/\/www.printmaps.net\/pt-br\/wp-json\/wp\/v2\/media?parent=211701"}],"curies":[{"name":"wp","href":"https:\/\/api.w.org\/{rel}","templated":true}]}}