{"id":92991,"date":"2021-07-14T10:37:08","date_gmt":"2021-07-14T08:37:08","guid":{"rendered":"https:\/\/www.printmaps.net\/elevacao-perfil-editor\/"},"modified":"2024-12-12T16:42:01","modified_gmt":"2024-12-12T15:42:01","slug":"perfil-de-elevacao-editor","status":"publish","type":"page","link":"https:\/\/www.printmaps.net\/pt-br\/perfil-de-elevacao-editor\/","title":{"rendered":"Gerador de Perfis de Eleva\u00e7\u00e3o"},"content":{"rendered":"\n<div class=\"wp-block-columns is-layout-flex wp-container-core-columns-is-layout-9d6595d7 wp-block-columns-is-layout-flex\">\n<div class=\"wp-block-column is-layout-flow wp-block-column-is-layout-flow\" style=\"flex-basis:66.66%\">\n<p><p>Aqui voc\u00ea pode <strong>criar perfis de eleva\u00e7\u00e3o<\/strong> que podem ser usados <strong><mark class=\"has-inline-color\" style=\"background-color: #fcfa00;\">gratuitamente<\/mark><\/strong> em materiais impressos e na comunica\u00e7\u00e3o online. Basta enviar o seu arquivo GPX, KML ou GeoJSON abaixo ou desenhar sua rota no mapa, escolher suas configura\u00e7\u00f5es e clicar em &#8220;Baixar Arquivo&#8221;. Voc\u00ea receber\u00e1 um <strong>arquivo SVG com camadas<\/strong>, que pode ser editado no Adobe Illustrator, Photoshop ou Inkscape \u2013 ou usado em uma p\u00e1gina da web. Confira <a href=\"https:\/\/www.printmaps.net\/wp-content\/uploads\/2024\/11\/Elevation-Profile.svg\">este exemplo de SVG para download<\/a>.<\/p><\/p>\n\n\n\n<p><p>Requisito de uso: \u00c9 necess\u00e1rio creditar o perfil de eleva\u00e7\u00e3o com <mark class=\"has-inline-color\" style=\"background-color: #f1f1f1;\"><code>\u00a9 Printmaps.net<\/code> <\/mark> (pequeno e pr\u00f3ximo \u00e0 imagem) e incluir um link para uso online.<\/p><\/p>\n<\/div>\n\n\n\n<div class=\"wp-block-column is-vertically-aligned-center is-layout-flow wp-block-column-is-layout-flow\" style=\"flex-basis:33.33%\">\n<p class=\"has-text-align-center\"><p>Precisa criar <a href=\"\/pt-br\/\">cartografia para impress\u00e3o<\/a>?<\/p><\/p>\n\n\n\n<div class=\"wp-block-buttons is-content-justification-center is-layout-flex wp-container-core-buttons-is-layout-16018d1d wp-block-buttons-is-layout-flex\">\n<div class=\"wp-block-button\"><a class=\"wp-block-button__link has-background wp-element-button\" href=\"https:\/\/www.printmaps.net\/pt-br\/\" style=\"background-color:#e5017e\">Experimente nosso Editor de Mapas<\/a><\/div>\n<\/div>\n\n\n\n<p class=\"has-text-align-center\"><\/p>\n\n\n\n<p><\/p>\n\n\n\n<p class=\"has-text-align-center\"><p>Precisa de uma API?<br\/>Confira nossa <a href=\"https:\/\/www.maptoolkit.com\/api\/elevation-api\/\">API de Eleva\u00e7\u00e3o<\/a><\/p><\/p>\n<\/div>\n<\/div>\n\n<div style=\"height:17px\" aria-hidden=\"true\" class=\"wp-block-spacer\"><\/div>\n\n<p class=\"has-text-align-center\"><\/p>\n<style>\n  @import \"https:\/\/static.maptoolkit.net\/api\/v8.10\/mtk.css\";\n  @import \"https:\/\/static.maptoolkit.net\/api\/v8.10\/editor.css\";\n  @import \"\/wp-content\/plugins\/printmaps_eprofile_editor\/css\/jquery-ui.min.css\";\n  @import \"\/wp-content\/plugins\/printmaps_eprofile_editor\/css\/spectrum.css\";\n  @import \"\/wp-content\/plugins\/printmaps_eprofile_editor\/css\/printmaps-ui.css\";\n  @import \"\/wp-content\/plugins\/printmaps_eprofile_editor\/css\/index.css\";\n  .bottom-bar { margin-bottom:1em; }\n<\/style>\n<div id=\"editor\"><\/div>\n<div id=\"elevation_profile_main\" style=\"overflow: auto\">\n  <br \/>\n  <h2 class=\"wpml_translation_result\">Resultado:<\/h2>\n  <div class=\"profile-dummy\"><\/div>\n  <div id=\"datapreview\">\n    <div class=\"elevationprofile_container\">\n      <div id=\"eprofile_loader\">\n        <div class=\"printmaps-ui-loader-circle\"><\/div>\n      <\/div>\n      <button\n        id=\"center_profile\"\n        class=\"printmaps-ui-btn printmaps-ui-btn-default\"\n        data-tooltip=\"Reset position back to center\"\n        style=\"display: none\"\n      >\n        <i class=\"printmaps-ui-icon-undo\"><\/i>\n      <\/button>\n      <div id=\"elevation_profile\" style=\"pointer-events: none\">\n        <img decoding=\"async\" id=\"eprofile_placeholder\" alt=\"elevation profile\" src=\"\/wp-content\/plugins\/printmaps_eprofile_editor\/images\/example-profile.png\" \/>\n      <\/div>\n    <\/div>\n    <table style=\"text-align: left\" id=\"profile_info\">\n      <tr>\n        <td class=\"wpml_translation_result_info_altitude_difference\">Diferen\u00e7a de Altitude<\/td>\n        <td><\/td>\n      <\/tr>\n      <tr>\n        <td class=\"wpml_translation_result_info_distance\">Dist\u00e2ncia<\/td>\n        <td><\/td>\n      <\/tr>\n      <tr>\n        <td class=\"wpml_translation_result_info_walking_time\">Tempo de Caminhada<\/td>\n        <td><\/td>\n      <\/tr>\n      <tr>\n        <td class=\"wpml_translation_result_info_normal_cycling_time\">Tempo Normal de Ciclismo<\/td>\n        <td><\/td>\n      <\/tr>\n      <tr>\n        <td class=\"wpml_translation_result_info_offroad_cycling_time\">Tempo de Ciclismo fora da estrada<\/td>\n        <td><\/td>\n      <\/tr>\n      <tr>\n        <td class=\"wpml_translation_result_info_race_cycling_time\">Tempo de Ciclismo de Corrida<\/td>\n        <td><\/td>\n      <\/tr>\n    <\/table>\n  <\/div>\n  <br \/>\n  <h2 class=\"wpml_translation_settings\">Configura\u00e7\u00f5es:<\/h2>\n  <table class=\"editor-settings\">\n    <tr>\n      <td>\n        <b class=\"wpml_translation_settings_printwidth\">Largura de impress\u00e3o:<\/b>\n      <\/td>\n      <td>\n        <input id=\"width\" class=\"printmaps-ui-input\" type=\"number\" min=\"70\" max=\"300\" value=\"150\" \/>\n        <small class=\"wpml_translation_settings_printwidth_info\" style=\"font-size: 12px\">mm (de 50 a 300mm) <\/small>\n      <\/td>\n    <\/tr>\n    <tr>\n      <td class=\"wpml_translation_settings_curve\">Curva:<\/td>\n      <td>\n        <div>\n          <input id=\"colorpicker\" \/>\n          <div class=\"printmaps-ui-checkbox\">\n            <input type=\"checkbox\" name=\"stroke\" id=\"stroke\" checked \/>\n            <label class=\"wpml_translation_settings_curve_stroke\" for=\"stroke\">Tra\u00e7o<\/label>\n          <\/div>\n          <div class=\"printmaps-ui-checkbox\">\n            <input type=\"checkbox\" name=\"gradient\" id=\"gradient\" checked \/>\n            <label class=\"wpml_translation_settings_curve_gradient\" for=\"gradient\">Declive<\/label>\n          <\/div>\n          <span class=\"wpml_translation_settings_curve_gradient_color\">Cor do declive<\/span>\n          <div style=\"padding: 0; margin: 0\">\n            <input id=\"colorpicker3\" \/>\n          <\/div>\n        <\/div>\n      <\/td>\n    <\/tr>\n    <tr>\n      <td class=\"wpml_translation_settings_fontsize\">Tamanho da fonte:<\/td>\n      <td>\n        <input id=\"fontsize\" class=\"printmaps-ui-input\" type=\"number\" min=\"20\" max=\"70\" value=\"40\" \/>\n        <small class=\"wpml_translation_settings_fontsize_info\" style=\"font-size: 12px\">(de 20 a 70)<\/small>\n      <\/td>\n    <\/tr>\n    <tr>\n      <td class=\"wpml_translation_settings_markers\">Marcadores de eleva\u00e7\u00e3o:<\/td>\n      <td>\n        <div>\n          <div class=\"printmaps-ui-checkbox\" style=\"padding-left: 0px\">\n            <input type=\"checkbox\" name=\"marks\" id=\"marks\" checked \/>\n            <label for=\"marks\"><\/label>\n          <\/div>\n          <span class=\"wpml_translation_settings_markers_color\">Cor:<\/span>\n          <div style=\"padding: 0; margin: 0\">\n            <input id=\"colorpicker2\" \/>\n          <\/div>\n        <\/div>\n      <\/td>\n    <\/tr>\n    <tr>\n      <td class=\"wpml_translation_settings_grid\">Matriz:<\/td>\n      <td>\n        <div>\n          <div class=\"printmaps-ui-checkbox\" style=\"padding-left: 0px\">\n            <input type=\"checkbox\" name=\"grid_horz\" id=\"grid_horz\" checked \/>\n            <label class=\"wpml_translation_settings_grid_horizontal\" for=\"grid_horz\">Horizontal<\/label>\n          <\/div>\n          <div class=\"printmaps-ui-checkbox\">\n            <input type=\"checkbox\" name=\"grid_vert\" id=\"grid_vert\" checked \/>\n            <label class=\"wpml_translation_settings_grid_vertical\" for=\"grid_vert\">Vertical<\/label>\n          <\/div>\n        <\/div>\n      <\/td>\n    <\/tr>\n    <tr>\n      <td class=\"wpml_translation_settings_units\">Unidades:<\/td>\n      <td>\n        <div>\n          <div class=\"printmaps-ui-radio\" style=\"padding-left: 0px\">\n            <input type=\"radio\" name=\"unit\" id=\"unit_km\" value=\"km\" checked \/>\n            <label class=\"wpml_translation_settings_units_metric\" for=\"unit_km\">Metro\/Quil\u00f4metro<\/label>\n          <\/div>\n          <div class=\"printmaps-ui-radio\">\n            <input type=\"radio\" name=\"unit\" id=\"unit_miles\" value=\"miles\" \/>\n            <label class=\"wpml_translation_settings_units_imperial\" for=\"unit_miles\">P\u00e9s\/Milhas<\/label>\n          <\/div>\n        <\/div>\n      <\/td>\n    <\/tr>\n  <\/table>\n  <br \/>\n  <h2 class=\"wpml_translation_upload_draw\">Carregue ou desenhe a sua rota:<\/h2>\n  <div id=\"addroute\">\n    <div id=\"filedrop\" class=\"printmaps-ui-filedrop\">\n      <input id=\"file\" type=\"file\" pui-filename=\"false\" \/>\n      <div id=\"dropzone\" class=\"printmaps-ui-filedrop-dropzone\">\n        <span class=\"printmaps-ui-filedrop-loader\"><\/span>\n        <span class=\"printmaps-ui-filedrop-info\">\n          <span class=\"printmaps-ui-filedrop-icon\"><\/span>\n          <span class=\"wpml_translation_upload_draw_filedrop printmaps-ui-filedrop-text\">Solte um arquivo GPX \/ KML \/ GeoJSON aqui ou clique para carregar<\/span>\n        <\/span>\n      <\/div>\n    <\/div>\n    <span class=\"wpml_translation_upload_draw_info\" style=\"padding: 15px 0; display: block\">ou desenhe uma rota com o seu mouse<\/span>\n    <div id=\"routetype_switch\" class=\"printmaps-ui-routetypeswitch\">\n      <a\n        class=\"wpml_translation_upload_draw_editor_routetype_car printmaps-ui-routetype-btn printmaps-ui-btn-active\"\n        data-routetype=\"car\"\n        data-tooltip=\"Modo de condu\u00e7\u00e3o\"\n      ><\/a>\n      <a\n        class=\"wpml_translation_upload_draw_editor_routetype_bike printmaps-ui-routetype-btn\"\n        data-routetype=\"bike\"\n        data-tooltip=\"Modo de ciclismo\"\n      ><\/a>\n      <a\n        class=\"wpml_translation_upload_draw_editor_routetype_foot printmaps-ui-routetype-btn\"\n        data-routetype=\"foot\"\n        data-tooltip=\"Modo de caminhada\"\n      ><\/a>\n    <\/div>\n    <div id=\"locationsearch\" class=\"printmaps-ui-locationsearch\">\n      <span class=\"printmaps-ui-locationsearch-icon\"><\/span>\n      <input\n        type=\"text\"\n        class=\"wpml_translation_upload_draw_editor_locationsearch printmaps-ui-input-locationsearch\"\n        placeholder=\"Insira um lugar ou regi\u00e3o...\"\n        autocomplete=\"on\"\n      \/>\n      <a class=\"printmaps-ui-locationsearch-geolocation\"><\/a>\n    <\/div>\n    <div class=\"map printmaps-ui-map-editor\" id=\"map\"><\/div>\n  <\/div>\n  <br \/>\n  <br \/>\n  <div class=\"bottom-bar\" style=\"text-align:right;\">\n    <input type=\"button\" id=\"tsprintmaps_item_button_free_elevation_profile\" onclick=\"tsprintmaps_process_free_elevation_profile();\" class=\"tsprintmaps_button_free_elevation_profile\" value=\"Free Download\">\n    <a id=\"tsprintmaps_item_download_free_elevation_profile\" href=\"#\" download=\"MyElevationProfile-28Apr2026.zip\" style=\"display:none\" class=\"tsprintmaps_button_free_elevation_profile has-background\">Download Profile<\/a>\n    <p style=\"clear:both;\">&nbsp;<\/p>\n    <div id=\"tsprintmaps_item_download_free_elevation_profile_status_message\">&nbsp;<\/div>\n  <\/div>\n<\/div>\n<script src=\"\/wp-content\/plugins\/printmaps_eprofile_editor\/js\/jquery-ui.min.js\"><\/script>\n<script src=\"https:\/\/static.maptoolkit.net\/api\/v8.10\/mtk.de.js\"><\/script>\n<script src=\"https:\/\/static.maptoolkit.net\/api\/v8.10\/editor.js\"><\/script>\n<script src=\"\/wp-content\/plugins\/printmaps_eprofile_editor\/js\/raphael.js\"><\/script>\n<script src=\"\/wp-content\/plugins\/printmaps_eprofile_editor\/js\/ElevationProfile2.js\"><\/script>\n<script src=\"\/wp-content\/plugins\/printmaps_eprofile_editor\/js\/togeojson.min.js\"><\/script>\n<script src=\"\/wp-content\/plugins\/printmaps_eprofile_editor\/js\/spectrum.min.js\"><\/script>\n<script src=\"\/wp-content\/plugins\/printmaps_eprofile_editor\/js\/printmaps-ui.js\"><\/script>\n<script src=\"\/wp-content\/plugins\/printmaps_eprofile_editor\/js\/index.js\"><\/script>\n<script>\nif (undefined === window.pls) {\n\twindow.pls = function() {};\n}\nfunction tsprintmaps_process_free_elevation_profile(id) {\n\tjQuery('#tsprintmaps_item_button_free_elevation_profile').attr('value', 'Processing ...');\n\tvar data = {\n\t\taction: \"tsprintmaps_process_free_elevation_profile\",\n\t\tedd_tsprintmaps_elevation_data: JSON.stringify(getOrder()),\n\t\tlanguage: \"pt-br\"\n\t};\n\tjQuery.ajax({\n\t\ttype: \"POST\",\n\t\tdata: data,\n\t\tdataType: \"json\",\n\t\turl: edd_scripts.ajaxurl,\n\t\tsuccess: (response) => { tsprintmaps_download_free_elevation_profile(response, id) },\n\t\terror: (jqXHR, status, error) => { tsprintmaps_error_processing_free_elevation_profile(id, status, error) },\n\t});\n}\nfunction tsprintmaps_download_free_elevation_profile(response, id) {\n\tjQuery('#tsprintmaps_item_button_free_elevation_profile').css('background-color', '#e5017e');\n\tpls('Free elevation profile', { props: {\"Product\":\"Printable elevation profile -\",\"Price\":\"single item in cart - please ignore\",\"Quantity\":\"single item in cart - please ignore\",\"Discount\":\"single item in cart - please ignore\"} });\n\tif ('ok' == response.status) {\n\t\tjQuery('#tsprintmaps_item_download_free_elevation_profile').attr('href', response.code);\n\t\tjQuery('#tsprintmaps_item_download_free_elevation_profile_status_message').html('&nbsp;');\n\t\twindow.setTimeout(() => {\n\t\t\tjQuery('#tsprintmaps_item_download_free_elevation_profile').css('display', 'inline-block');\n\t\t\tjQuery('#tsprintmaps_item_button_free_elevation_profile').css('display', 'none');\n\t\t\tdocument.getElementById('tsprintmaps_item_download_free_elevation_profile').click();\n\t\t}, 4000);\n\t} else {\n\t\twindow.setTimeout(() => {\n\t\t\tjQuery('#tsprintmaps_item_button_free_elevation_profile').attr('value', 'Free Download');\n\t\t\tjQuery('#tsprintmaps_item_download_free_elevation_profile_status_message').html(response.code);\n\t\t}, 1000);\n\t}\n}\nfunction tsprintmaps_error_processing_free_elevation_profile(id, status, error) {\n\tjQuery('#tsprintmaps_item_button_free_elevation_profile').css('background-color', 'red');\n\tjQuery('#tsprintmaps_item_button_free_elevation_profile').attr('value', 'An error occured');\n}\n<\/script>\n\n\n<div style=\"height:37px\" aria-hidden=\"true\" class=\"wp-block-spacer\"><\/div>\n\n<h3 class=\"wp-block-heading has-text-align-center\">O que s\u00e3o perfis de eleva\u00e7\u00e3o?<\/h3>\n\n<div class=\"wp-block-media-text has-media-on-the-right is-stacked-on-mobile\"><div class=\"wp-block-media-text__content\">\n<p>Um perfil de eleva\u00e7\u00e3o, tamb\u00e9m conhecido como perfil topogr\u00e1fico, se\u00e7\u00e3o transversal ou corte topogr\u00e1fico, \u00e9 uma maneira de mostrar a forma do terreno ao fazer um corte em um mapa topogr\u00e1fico. Ele ilustra as mudan\u00e7as de eleva\u00e7\u00e3o ao longo de um caminho espec\u00edfico. As linhas de contorno no mapa representam \u00e1reas de igual altura acima do n\u00edvel do mar. Embora a escala horizontal do perfil geralmente corresponda \u00e0 do mapa, a escala vertical costuma ser exagerada \u2013 normalmente de tr\u00eas a cinco vezes maior \u2013 para destacar melhor as diferen\u00e7as de eleva\u00e7\u00e3o. Isso ajuda a tornar as caracter\u00edsticas do terreno mais vis\u00edveis, especialmente em \u00e1reas com mudan\u00e7as sutis de altura.<\/p>\n<\/div><figure class=\"wp-block-media-text__media\"><img fetchpriority=\"high\" fetchpriority=\"high\" decoding=\"async\" width=\"540\" height=\"540\" src=\"https:\/\/www.printmaps.net\/wp-content\/uploads\/2024\/11\/free-elevation-profile-1.png\" alt=\"\" class=\"wp-image-187706 size-full\" srcset=\"https:\/\/www.printmaps.net\/wp-content\/uploads\/2024\/11\/free-elevation-profile-1.png 540w, https:\/\/www.printmaps.net\/wp-content\/uploads\/2024\/11\/free-elevation-profile-1-480x480.png 480w\" sizes=\"(min-width: 0px) and (max-width: 480px) 480px, (min-width: 481px) 540px, 100vw\" \/><\/figure><\/div>\n\n<div style=\"height:35px\" aria-hidden=\"true\" class=\"wp-block-spacer\"><\/div>\n\n<h3 class=\"wp-block-heading has-text-align-center\">Por que os perfis de eleva\u00e7\u00e3o s\u00e3o importantes<\/h3>\n\n<div class=\"wp-block-media-text is-stacked-on-mobile\"><figure class=\"wp-block-media-text__media\"><img decoding=\"async\" width=\"1024\" height=\"631\" src=\"https:\/\/www.printmaps.net\/wp-content\/uploads\/2024\/10\/elevation-profile-4-1024x631.png\" alt=\"perfil de eleva\u00e7\u00e3o\" class=\"wp-image-186263 size-full\" srcset=\"https:\/\/www.printmaps.net\/wp-content\/uploads\/2024\/10\/elevation-profile-4-980x604.png 980w, https:\/\/www.printmaps.net\/wp-content\/uploads\/2024\/10\/elevation-profile-4-480x296.png 480w\" sizes=\"(min-width: 0px) and (max-width: 480px) 480px, (min-width: 481px) and (max-width: 980px) 980px, (min-width: 981px) 1024px, 100vw\" \/><\/figure><div class=\"wp-block-media-text__content\">\n<p>Um perfil de eleva\u00e7\u00e3o \u00e9 uma representa\u00e7\u00e3o visual das varia\u00e7\u00f5es de terreno ao longo de uma rota. Ele fornece informa\u00e7\u00f5es essenciais sobre a inclina\u00e7\u00e3o, o ganho de altitude e a dificuldade de um caminho, tornando-se uma ferramenta indispens\u00e1vel para amantes de atividades ao ar livre, ciclistas e caminhantes. Com um perfil de eleva\u00e7\u00e3o, os usu\u00e1rios podem avaliar rapidamente o n\u00edvel de desafio de uma rota e planejar sua jornada de acordo.<\/p>\n<\/div><\/div>\n\n<div style=\"height:98px\" aria-hidden=\"true\" class=\"wp-block-spacer\"><\/div>\n\n<h3 class=\"wp-block-heading has-text-align-center\">Cria\u00e7\u00e3o de Perfis de Eleva\u00e7\u00e3o GPX<\/h3>\n\n<div class=\"wp-block-group is-nowrap is-layout-flex wp-container-core-group-is-layout-ad2f72ca wp-block-group-is-layout-flex\">\n<div class=\"wp-block-media-text has-media-on-the-right is-stacked-on-mobile\"><div class=\"wp-block-media-text__content\">\n<p><p>Nosso editor de perfis de eleva\u00e7\u00e3o permite que voc\u00ea crie facilmente um <strong>perfil de eleva\u00e7\u00e3o GPX<\/strong> a partir de seus arquivos GPX. Basta enviar seus dados GPX, e o editor gerar\u00e1 uma representa\u00e7\u00e3o gr\u00e1fica clara das mudan\u00e7as de eleva\u00e7\u00e3o ao longo do trajeto. Essa funcionalidade \u00e9 ideal para aqueles que desejam converter seus dados de rota digital em um perfil de eleva\u00e7\u00e3o informativo e atraente para mapas impressos ou guias.<br\/>Com nossas ferramentas, criar um perfil de eleva\u00e7\u00e3o detalhado e visualmente atraente \u00e9 simples e intuitivo. Seja voc\u00ea uma pessoa planejando sua pr\u00f3xima aventura ou uma organiza\u00e7\u00e3o desenvolvendo material promocional, nosso editor oferece tudo o que voc\u00ea precisa para transformar seus dados GPX em uma representa\u00e7\u00e3o visual informativa.<\/p><\/p>\n<\/div><figure class=\"wp-block-media-text__media\"><img decoding=\"async\" width=\"652\" height=\"680\" src=\"https:\/\/www.printmaps.net\/wp-content\/uploads\/2024\/10\/gpx-elevation-profile-1.png\" alt=\"perfil de eleva\u00e7\u00e3o GPX\" class=\"wp-image-186264 size-full\" srcset=\"https:\/\/www.printmaps.net\/wp-content\/uploads\/2024\/10\/gpx-elevation-profile-1.png 652w, https:\/\/www.printmaps.net\/wp-content\/uploads\/2024\/10\/gpx-elevation-profile-1-480x501.png 480w\" sizes=\"(min-width: 0px) and (max-width: 480px) 480px, (min-width: 481px) 652px, 100vw\" \/><\/figure><\/div>\n<\/div>\n\n<div style=\"height:97px\" aria-hidden=\"true\" class=\"wp-block-spacer\"><\/div>\n\n<h3 class=\"wp-block-heading has-text-align-center\">Perfis de Eleva\u00e7\u00e3o em Mapas Impressos<\/h3>\n\n<div class=\"wp-block-group is-nowrap is-layout-flex wp-container-core-group-is-layout-ad2f72ca wp-block-group-is-layout-flex\">\n<div class=\"wp-block-media-text is-stacked-on-mobile\"><figure class=\"wp-block-media-text__media\"><img loading=\"lazy\" loading=\"lazy\" decoding=\"async\" width=\"701\" height=\"499\" src=\"https:\/\/www.printmaps.net\/wp-content\/uploads\/2024\/10\/elevation-profile-maker.png\" alt=\"Criador de perfis de eleva\u00e7\u00e3o\" class=\"wp-image-186265 size-full\" srcset=\"https:\/\/www.printmaps.net\/wp-content\/uploads\/2024\/10\/elevation-profile-maker.png 701w, https:\/\/www.printmaps.net\/wp-content\/uploads\/2024\/10\/elevation-profile-maker-480x342.png 480w\" sizes=\"auto, (min-width: 0px) and (max-width: 480px) 480px, (min-width: 481px) 701px, 100vw\" \/><\/figure><div class=\"wp-block-media-text__content\">\n<p><p>Muitas pessoas utilizam nosso gerador de perfis de eleva\u00e7\u00e3o para enriquecer produtos impressos em conjunto com os <a href=\"\/pt-br\/\">mapas do nosso editor<\/a>, como mapas de ciclismo e caminhada, brochuras de eventos e guias de viagem. Um perfil de eleva\u00e7\u00e3o baseado em dados GPX oferece aos usu\u00e1rios uma vis\u00e3o completa do terreno, permitindo planejar pausas, antecipar subidas desafiadoras e estimar tempos de viagem com mais precis\u00e3o.<br\/>Incluir perfis de eleva\u00e7\u00e3o em materiais impressos n\u00e3o s\u00f3 agrega um toque profissional, mas tamb\u00e9m fornece aos usu\u00e1rios as informa\u00e7\u00f5es necess\u00e1rias para navegar com confian\u00e7a nas rotas. Usando nosso editor de perfis de eleva\u00e7\u00e3o, voc\u00ea pode gerar perfis de eleva\u00e7\u00e3o bonitos e pr\u00e1ticos a partir de dados GPX, ideais para uma variedade de aplica\u00e7\u00f5es impressas.<\/p><\/p>\n<\/div><\/div>\n<\/div>\n\n<div style=\"height:66px\" aria-hidden=\"true\" class=\"wp-block-spacer\"><\/div>\n\n<h3 class=\"wp-block-heading\">Perguntas frequentes<\/h3>\n\n<div class=\"schema-faq wp-block-yoast-faq-block\"><div class=\"schema-faq-section\" id=\"faq-question-1733750258467\"><strong class=\"schema-faq-question\">Posso criar um perfil de eleva\u00e7\u00e3o online sem baixar nenhum software?<\/strong> <p class=\"schema-faq-answer\">Nosso Gerador de Perfis de Eleva\u00e7\u00e3o pode ser usado diretamente no navegador, sem a necessidade de baixar software, criar uma conta ou fazer login. Basta criar seu perfil de eleva\u00e7\u00e3o personalizado e baix\u00e1-lo.<\/p> <\/div> <div class=\"schema-faq-section\" id=\"faq-question-1733750364387\"><strong class=\"schema-faq-question\">Posso gerar perfis de eleva\u00e7\u00e3o em diferentes formatos de arquivo?<\/strong> <p class=\"schema-faq-answer\">Por padr\u00e3o, ap\u00f3s o download, voc\u00ea receber\u00e1 seu perfil de eleva\u00e7\u00e3o nos formatos PDF, SVG para edi\u00e7\u00f5es posteriores, e PNG.<\/p> <\/div> <div class=\"schema-faq-section\" id=\"faq-question-1733750629782\"><strong class=\"schema-faq-question\">Posso personalizar a apar\u00eancia do meu perfil de eleva\u00e7\u00e3o?<\/strong> <p class=\"schema-faq-answer\">Voc\u00ea pode personalizar o tamanho de impress\u00e3o, o tamanho da fonte, a cor do gradiente, a cor do tra\u00e7o, as unidades e a cor dos marcadores. Se desejar, \u00e9 poss\u00edvel personalizar ainda mais ap\u00f3s baix\u00e1-lo em um software de edi\u00e7\u00e3o de imagem de sua escolha.<\/p> <\/div> <div class=\"schema-faq-section\" id=\"faq-question-1733750818088\"><strong class=\"schema-faq-question\">Qual \u00e9 a maneira mais f\u00e1cil de criar um perfil de eleva\u00e7\u00e3o para minha rota de caminhada?<\/strong> <p class=\"schema-faq-answer\">A maneira mais f\u00e1cil de tra\u00e7ar uma rota \u00e9 simplesmente carregando um arquivo GPX, se voc\u00ea tiver um. Caso contr\u00e1rio, voc\u00ea pode selecionar o ponto de partida e o ponto final da sua rota usando a ferramenta de \u00edm\u00e3, que seguir\u00e1 automaticamente as estradas existentes. Se sua rota n\u00e3o seguir uma estrada existente, voc\u00ea pode desenh\u00e1-la manualmente usando a ferramenta de desenho livre.<\/p> <\/div> <div class=\"schema-faq-section\" id=\"faq-question-1733750943459\"><strong class=\"schema-faq-question\">Preciso adicionar o perfil de eleva\u00e7\u00e3o ao meu banner de cookies para uso na web?<\/strong> <p class=\"schema-faq-answer\">No. N\u00e3o. Seja usando nossos perfis de eleva\u00e7\u00e3o como imagens est\u00e1ticas em suas publica\u00e7\u00f5es ou tornando os arquivos SVG interativos, n\u00e3o \u00e9 necess\u00e1ria a coleta de cookies, garantindo uma experi\u00eancia de usu\u00e1rio sem interrup\u00e7\u00f5es.<\/p> <\/div> <\/div>\r\n\n<div style=\"height:80px\" aria-hidden=\"true\" class=\"wp-block-spacer\"><\/div>\n","protected":false},"excerpt":{"rendered":"<p>Aqui voc\u00ea pode criar perfis de eleva\u00e7\u00e3o que podem ser usados gratuitamente em materiais impressos e na comunica\u00e7\u00e3o online. Basta enviar o seu arquivo GPX, KML ou GeoJSON abaixo ou desenhar sua rota no mapa, escolher suas configura\u00e7\u00f5es e clicar em &#8220;Baixar Arquivo&#8221;. Voc\u00ea receber\u00e1 um arquivo SVG com camadas, que pode ser editado no [&hellip;]<\/p>\n","protected":false},"author":8,"featured_media":0,"parent":0,"menu_order":0,"comment_status":"closed","ping_status":"closed","template":"","meta":{"_et_pb_use_builder":"off","_et_pb_old_content":"","_et_gb_content_width":"","footnotes":""},"class_list":["post-92991","page","type-page","status-publish","hentry"],"_links":{"self":[{"href":"https:\/\/www.printmaps.net\/pt-br\/wp-json\/wp\/v2\/pages\/92991","targetHints":{"allow":["GET"]}}],"collection":[{"href":"https:\/\/www.printmaps.net\/pt-br\/wp-json\/wp\/v2\/pages"}],"about":[{"href":"https:\/\/www.printmaps.net\/pt-br\/wp-json\/wp\/v2\/types\/page"}],"author":[{"embeddable":true,"href":"https:\/\/www.printmaps.net\/pt-br\/wp-json\/wp\/v2\/users\/8"}],"replies":[{"embeddable":true,"href":"https:\/\/www.printmaps.net\/pt-br\/wp-json\/wp\/v2\/comments?post=92991"}],"version-history":[{"count":9,"href":"https:\/\/www.printmaps.net\/pt-br\/wp-json\/wp\/v2\/pages\/92991\/revisions"}],"predecessor-version":[{"id":191110,"href":"https:\/\/www.printmaps.net\/pt-br\/wp-json\/wp\/v2\/pages\/92991\/revisions\/191110"}],"wp:attachment":[{"href":"https:\/\/www.printmaps.net\/pt-br\/wp-json\/wp\/v2\/media?parent=92991"}],"curies":[{"name":"wp","href":"https:\/\/api.w.org\/{rel}","templated":true}]}}