{"id":93113,"date":"2021-07-15T08:37:36","date_gmt":"2021-07-15T06:37:36","guid":{"rendered":"https:\/\/www.printmaps.net\/folhetos-imobiliarios\/"},"modified":"2025-10-24T10:30:18","modified_gmt":"2025-10-24T09:30:18","slug":"folhetos-imobiliarios","status":"publish","type":"page","link":"https:\/\/www.printmaps.net\/pt-br\/folhetos-imobiliarios\/","title":{"rendered":"Mapas Imobili\u00e1rios para seus Flyers e Expos\u00e9s Imobili\u00e1rios"},"content":{"rendered":"\n<div style=\"height:32px\" aria-hidden=\"true\" class=\"wp-block-spacer\"><\/div>\n<div class=\"wp-block-image\">\n<figure class=\"alignleft size-large is-resized\"><img fetchpriority=\"high\" fetchpriority=\"high\" decoding=\"async\" width=\"1024\" height=\"729\" src=\"https:\/\/www.printmaps.net\/wp-content\/uploads\/2020\/05\/images2-1-1024x729.png\" alt=\"folhetos imobili&#xE1;rios\" class=\"wp-image-63048\" style=\"width:680px;height:484px\" srcset=\"https:\/\/www.printmaps.net\/wp-content\/uploads\/2020\/05\/images2-1-1024x729.png 1024w, https:\/\/www.printmaps.net\/wp-content\/uploads\/2020\/05\/images2-1-980x698.png 980w, https:\/\/www.printmaps.net\/wp-content\/uploads\/2020\/05\/images2-1-480x342.png 480w\" sizes=\"(min-width: 0px) and (max-width: 480px) 480px, (min-width: 481px) and (max-width: 980px) 980px, (min-width: 981px) 1024px, 100vw\" \/><\/figure><\/div>\n<p><p>Os <strong>flyers imobili\u00e1rios<\/strong> mais eficazes costumam incluir <strong>mapas imobili\u00e1rios<\/strong> meticulosamente elaborados. Se voc\u00ea \u00e9 um corretor de im\u00f3veis experiente buscando aumentar as vendas ou um designer gr\u00e1fico especializado em <strong>marketing imobili\u00e1rio<\/strong>, seu objetivo \u00e9 criar <strong>expos\u00e9s e flyers imobili\u00e1rios<\/strong> cativantes que atraiam e informem potenciais compradores. \u00c9 aqui que entra o Printmaps. Nosso editor de mapas permite personalizar mapas facilmente, enriquecendo seus convites para open house, atualiza\u00e7\u00f5es de mercado, an\u00fancios de im\u00f3veis vendidos e flyers de novas listagens.<\/p><\/p>\n\n<p><p>Descubra os <a href=\"\/pt-br\/recursos\/\">recursos abrangentes do editor do Printmaps<\/a> para desbloquear todo o seu potencial para os seus empreendimentos de marketing imobili\u00e1rio!<\/p><\/p>\n\n<div class=\"wp-block-buttons is-content-justification-center is-layout-flex wp-container-core-buttons-is-layout-16018d1d wp-block-buttons-is-layout-flex\">\n<div class=\"wp-block-button has-custom-font-size\" style=\"font-size:18px\"><a class=\"wp-block-button__link has-background wp-element-button\" href=\"https:\/\/www.printmaps.net\/pt-br\/\" style=\"border-radius:10px;background-color:#e5017e\"><p><strong>Comece a mapear agora, sem necessidade de registro<\/strong><\/p><\/a><\/div>\n<\/div>\n\n<div style=\"height:54px\" aria-hidden=\"true\" class=\"wp-block-spacer\"><\/div>\n\n<h2 class=\"wp-block-heading\">O papel dos mapas nos flyers imobili\u00e1rios<\/h2>\n\n<p><p>No mercado imobili\u00e1rio atual, os flyers e <strong>expos\u00e9s<\/strong> continuam sendo ferramentas poderosas para apresentar open houses, relat\u00f3rios de mercado e vendas anteriores. Eles oferecem uma oportunidade de destacar sua marca por meio de fotografias de alta qualidade, uso consistente das cores da marca e, principalmente, <strong>mapas imobili\u00e1rios<\/strong> personalizados.<\/p><\/p>\n\n<p><p>Com o Printmaps, voc\u00ea pode baixar <strong>mapas de alta resolu\u00e7\u00e3o<\/strong> de qualquer local em 300 dpi e incorporar pontos de interesse essenciais nos bairros. Isso garante que a qualidade dos mapas permane\u00e7a impec\u00e1vel quando usados em impress\u00e3o para seus <strong>flyers<\/strong> ou <strong>expos\u00e9s imobili\u00e1rios<\/strong>.<\/p><\/p>\n\n<h2 class=\"wp-block-heading\">Exemplos de folhetos Imobili\u00e1rios com mapas<\/h2>\n<div class=\"wp-block-image\">\n<figure class=\"aligncenter size-large\"><img decoding=\"async\" width=\"1024\" height=\"458\" src=\"https:\/\/www.printmaps.net\/wp-content\/uploads\/2020\/05\/images-1024x458.png\" alt=\"Mapas Imobili&#xE1;rios\" class=\"wp-image-63047\" srcset=\"https:\/\/www.printmaps.net\/wp-content\/uploads\/2020\/05\/images-980x439.png 980w, https:\/\/www.printmaps.net\/wp-content\/uploads\/2020\/05\/images-480x215.png 480w\" sizes=\"(min-width: 0px) and (max-width: 480px) 480px, (min-width: 481px) and (max-width: 980px) 980px, (min-width: 981px) 1024px, 100vw\" \/><\/figure><\/div>\n<p><p>Para os folhetos imobili\u00e1rios, brochuras ou descri\u00e7\u00f5es de propriedades, \u00e9 crucial que as imagens dos mapas sejam de alta resolu\u00e7\u00e3o. Isso garante clareza e evita a impress\u00e3o de mapas pixelizados. Ao <a href=\"https:\/\/www.zillow.com\/blog\/15-words-that-add-value-171182\/\" target=\"_blank\" rel=\"noreferrer noopener\">otimizar seus folhetos imobili\u00e1rios<\/a>, o uso estrat\u00e9gico de palavras como &#8220;luxuoso&#8221; pode aumentar significativamente os pre\u00e7os de venda. Naturalmente, voc\u00ea n\u00e3o gostaria de comprometer o valor dos seus folhetos imobili\u00e1rios de luxo com imagens de baixa qualidade.<\/p><\/p>\n\n<div style=\"height:44px\" aria-hidden=\"true\" class=\"wp-block-spacer\"><\/div>\n<div class=\"wp-block-image\">\n<figure class=\"alignleft size-large is-resized\"><img decoding=\"async\" width=\"1024\" height=\"665\" src=\"https:\/\/www.printmaps.net\/wp-content\/uploads\/2020\/05\/Real-Estate-Flyers-1024x665.png\" alt=\"Mapas Imobili&#xE1;rios\" class=\"wp-image-63054\" style=\"width:617px;height:401px\" srcset=\"https:\/\/www.printmaps.net\/wp-content\/uploads\/2020\/05\/Real-Estate-Flyers-980x636.png 980w, https:\/\/www.printmaps.net\/wp-content\/uploads\/2020\/05\/Real-Estate-Flyers-480x312.png 480w\" sizes=\"(min-width: 0px) and (max-width: 480px) 480px, (min-width: 481px) and (max-width: 980px) 980px, (min-width: 981px) 1024px, 100vw\" \/><\/figure><\/div>\n<h3 class=\"wp-block-heading\">A import\u00e2ncia dos mapas em folhetos imobili\u00e1rios<\/h3>\n\n<p><p>Os mapas imobili\u00e1rios s\u00e3o uma parte insubstitu\u00edvel do marketing imobili\u00e1rio. Pessoas em busca de uma nova casa est\u00e3o curiosas para saber mais sobre os arredores de sua potencial nova casa. Exemplos do que eles querem saber s\u00e3o: H\u00e1 uma boa escola pr\u00f3xima onde os seus filhos possam frequentar, um <strong>parque <\/strong>para passear com o cachorro e quais <strong>restaurantes<\/strong> existem na vizinhan\u00e7a? Qual \u00e9 o <strong>hospital<\/strong> mais pr\u00f3ximo? Como est\u00e1 a rede vi\u00e1ria? Eles podem facilmente alcan\u00e7ar seu trabalho? Se voc\u00ea quer fazer \u00f3timos folhetos imobili\u00e1rios, \u00e9 muito importante mapear o meio ambiente.<\/p><\/p>\n\n<p><\/p>\n\n<div style=\"height:44px\" aria-hidden=\"true\" class=\"wp-block-spacer\"><\/div>\n\n<h3 class=\"wp-block-heading\">Criatividade sem fim ao editar no Illustrator ou Photoshop <\/h3>\n\n<p><p>Quando o objetivo \u00e9 criar folhetos imobili\u00e1rios verdadeiramente excepcionais e atrativos, optar por um formato padr\u00e3o escolhido por seus concorrentes n\u00e3o ser\u00e1 suficiente. Voc\u00ea provavelmente j\u00e1 est\u00e1 utilizando ferramentas de edi\u00e7\u00e3o como o Illustrator ou o Photoshop. Com o Printmaps, voc\u00ea pode baixar facilmente um arquivo PSD ou SVG em camadas, que voc\u00ea pode ent\u00e3o abrir no Illustrator ou no Photoshop para <strong>personalizar o mapa conforme desejar<\/strong>.<\/p><\/p>\n\n<p>Se voc\u00ea n\u00e3o est\u00e1 familiarizado com esses programas, mas ainda deseja um design de mapa simples e elegante, o Printmaps tem a solu\u00e7\u00e3o para voc\u00ea. Voc\u00ea pode finalizar o mapa diretamente no editor do Printmaps e baix\u00e1-lo como um PNG. Incorpore isso ao seu folheto de bairro imobili\u00e1rio e observe como ele cativa in\u00fameros potenciais compradores, despertando o interesse e a admira\u00e7\u00e3o deles.<\/p>\n<div class=\"wp-block-image\">\n<figure class=\"aligncenter size-large\"><img decoding=\"async\" src=\"https:\/\/www.printmaps.net\/wp-content\/uploads\/2020\/06\/layered-map-in-illustrator.png\" alt=\"mapa em camadas\" class=\"wp-image-64211\"\/><\/figure><\/div>\n<div style=\"height:51px\" aria-hidden=\"true\" class=\"wp-block-spacer\"><\/div>\n\n<div class=\"wp-block-group\"><div class=\"wp-block-group__inner-container is-layout-constrained wp-block-group-is-layout-constrained\">\n<h2 class=\"wp-block-heading has-text-align-center has-large-font-size\" style=\"font-style:normal;font-weight:700\">Experimente Printmaps<\/h2>\n\n\n\n<p class=\"has-text-align-center has-medium-font-size\">O nosso editor de mapas permite que voc\u00ea crie mapas de todo o mundo para impress\u00e3o em um instante.<\/p>\n\n\n\n<div style=\"height:15px\" aria-hidden=\"true\" class=\"wp-block-spacer\"><\/div>\n\n\n\n<div class=\"wp-block-buttons is-content-justification-center is-layout-flex wp-container-core-buttons-is-layout-16018d1d wp-block-buttons-is-layout-flex\">\n<div class=\"wp-block-button has-custom-font-size\" style=\"font-size:18px\"><a class=\"wp-block-button__link has-background wp-element-button\" href=\"https:\/\/www.printmaps.net\/pt-br\/\" style=\"border-radius:10px;background-color:#e5017e\"><p><strong>Crie o seu primeiro mapa agora<\/strong><\/p><\/a><\/div>\n<\/div>\n<\/div><\/div>\n<div class=\"wp-block-image\">\n<figure class=\"alignright size-large is-resized\"><img decoding=\"async\" src=\"https:\/\/www.printmaps.net\/wp-content\/uploads\/2020\/05\/Real-Estate-expose2-1024x746.png\" alt=\"\" class=\"wp-image-63051\" style=\"width:667px;height:486px\"\/><\/figure><\/div>\n<p><p>Embora a impress\u00e3o continue sendo uma ferramenta vital para o marketing imobili\u00e1rio, as estrat\u00e9gias modernas frequentemente envolvem uma combina\u00e7\u00e3o de abordagens. O <strong>marketing por e-mail<\/strong>, em particular, pode se mostrar altamente eficaz na <a href=\"https:\/\/www.wordstream.com\/blog\/ws\/2015\/04\/16\/real-estate-marketing\">constru\u00e7\u00e3o de relacionamentos com os clientes<\/a> dentro da ind\u00fastria imobili\u00e1ria. Por exemplo, fazer o acompanhamento com um boletim informativo ap\u00f3s um potencial comprador visitar uma das suas visitas abertas apresenta uma excelente oportunidade para mostrar outras propriedades dispon\u00edveis no mesmo bairro.<\/p><\/p>\n\n<p>Aprimorar seus boletins informativos com mapas imobili\u00e1rios de alta qualidade adiciona uma camada extra de engajamento e apelo visual, mostrando efetivamente visitas abertas, listagens e os bairros circundantes.<\/p>\n\n<div style=\"height:100px\" aria-hidden=\"true\" class=\"wp-block-spacer\"><\/div>\n<div class=\"wp-block-image\">\n<figure class=\"alignleft size-large is-resized\"><img loading=\"lazy\" loading=\"lazy\" decoding=\"async\" width=\"1024\" height=\"665\" src=\"https:\/\/www.printmaps.net\/wp-content\/uploads\/2020\/05\/biking-route-map-1024x665.png\" alt=\"criar um mapa de rotas\" class=\"wp-image-62793\" style=\"width:593px;height:385px\" srcset=\"https:\/\/www.printmaps.net\/wp-content\/uploads\/2020\/05\/biking-route-map-980x636.png 980w, https:\/\/www.printmaps.net\/wp-content\/uploads\/2020\/05\/biking-route-map-480x312.png 480w\" sizes=\"auto, (min-width: 0px) and (max-width: 480px) 480px, (min-width: 481px) and (max-width: 980px) 980px, (min-width: 981px) 1024px, 100vw\" \/><\/figure><\/div>\n<h3 class=\"wp-block-heading\">Use o editor para mostrar as dire\u00e7\u00f5es<\/h3>\n\n<p>Nosso editor de rotas oferece mais do que apenas a capacidade de desenhar rotas \u00e0 m\u00e3o livre. Ele apresenta um assistente que se ajusta magneticamente \u00e0s estradas existentes, permitindo que voc\u00ea crie rotas em quest\u00e3o de segundos. Essa ferramenta inovadora n\u00e3o apenas destaca pontos de interesse no bairro ou na rede vi\u00e1ria para ilustrar a acessibilidade, mas tamb\u00e9m facilita a inclus\u00e3o de dire\u00e7\u00f5es nos folhetos imobili\u00e1rios.<\/p>\n\n<p>Ao incorporar dire\u00e7\u00f5es em seus folhetos, voc\u00ea garante que os potenciais compradores tenham orienta\u00e7\u00f5es claras sobre como encontr\u00e1-lo, melhorando sua experi\u00eancia geral e reduzindo qualquer confus\u00e3o potencial.<\/p>\n\n<div style=\"height:100px\" aria-hidden=\"true\" class=\"wp-block-spacer\"><\/div>\n\n<p class=\"has-large-font-size\">\u00c9 o que voc\u00ea faz dele<\/p>\n\n<p>Criar mapas imprim\u00edveis para publica\u00e7\u00f5es envolve mais do que apenas ter as ferramentas geogr\u00e1ficas certas; trata-se de alavancar seus pr\u00f3prios designs e ideias. Com o Printmaps, voc\u00ea tem total flexibilidade, seja escolhendo o tipo de cartografia ou selecionando os recursos a serem inclu\u00eddos no seu mapa.<\/p>\n\n<p>Mas a personaliza\u00e7\u00e3o n\u00e3o para por a\u00ed. Depois de criar e baixar seu mapa, as possibilidades s\u00e3o infinitas. Quer real\u00e7ar pontos de interesse com detalhes adicionais? Adicionar seus pr\u00f3prios logotipos, gr\u00e1ficos ou texto? Nossos mapas s\u00e3o entregues em um formato PSD em camadas, permitindo que voc\u00ea modifique todos os aspectos, at\u00e9 mesmo pontos de interesse individuais.<\/p>\n\n<p>Por que n\u00e3o experimentar nosso editor e descobrir como voc\u00ea pode transformar suas ideias facilmente no mapa perfeito sob medida para publica\u00e7\u00e3o?<\/p>\n\n<div style=\"height:97px\" aria-hidden=\"true\" class=\"wp-block-spacer\"><\/div>\n\n<div class=\"wp-block-group\"><div class=\"wp-block-group__inner-container is-layout-constrained wp-block-group-is-layout-constrained\">\n<h2 class=\"wp-block-heading has-text-align-center has-large-font-size\" style=\"font-style:normal;font-weight:700\">Experimente Printmaps<\/h2>\n\n\n\n<p class=\"has-text-align-center has-medium-font-size\">O nosso editor de mapas permite que voc\u00ea crie mapas de todo o mundo para impress\u00e3o em um instante.<\/p>\n\n\n\n<div style=\"height:15px\" aria-hidden=\"true\" class=\"wp-block-spacer\"><\/div>\n\n\n\n<div class=\"wp-block-buttons is-content-justification-center is-layout-flex wp-container-core-buttons-is-layout-16018d1d wp-block-buttons-is-layout-flex\">\n<div class=\"wp-block-button has-custom-font-size\" style=\"font-size:18px\"><a class=\"wp-block-button__link has-background wp-element-button\" href=\"https:\/\/www.printmaps.net\/pt-br\/\" style=\"border-radius:10px;background-color:#e5017e\"><p><strong>Crie o seu primeiro mapa agora<\/strong><\/p><\/a><\/div>\n<\/div>\n<\/div><\/div>\n\n<div style=\"height:155px\" aria-hidden=\"true\" class=\"wp-block-spacer\"><\/div>\n\n<h3 class=\"wp-block-heading has-text-align-center\">Perguntas frequentes<\/h3>\n\n<div class=\"schema-faq wp-block-yoast-faq-block\"><div class=\"schema-faq-section\" id=\"faq-question-1759748884275\"><strong class=\"schema-faq-question\">Qual \u00e9 a forma mais r\u00e1pida de adicionar escolas, parques, transporte e hospitais a um mapa de panfleto?<\/strong> <p class=\"schema-faq-answer\">Nossa ferramenta de pins permite usar v\u00e1rios s\u00edmbolos diferentes para indicar o contexto dos locais que voc\u00ea deseja destacar. Para adicionar o pin, basta arrast\u00e1-lo para o mapa e depois editar a cor, a forma e o s\u00edmbolo, dando mais clareza visual aos diferentes locais.<\/p> <\/div> <div class=\"schema-faq-section\" id=\"faq-question-1759748912351\"><strong class=\"schema-faq-question\">Quais elementos do mapa em um panfleto mais influenciam o interesse e a convers\u00e3o de compradores?<\/strong> <p class=\"schema-faq-answer\">Um marcador de propriedade distinto e um conjunto selecionado de 4 a 8 POIs (escolas, transporte, parques, mercados) influenciam mais o interesse dos compradores. Use \u00edcones simples, com cores diferenciadas e r\u00f3tulos curtos para manter o pin da propriedade como ponto visual principal.<\/p> <\/div> <div class=\"schema-faq-section\" id=\"faq-question-1759748923929\"><strong class=\"schema-faq-question\">Como posso colar v\u00e1rios endere\u00e7os de im\u00f3veis para criar pins rapidamente?<\/strong> <p class=\"schema-faq-answer\"><p>Voc\u00ea pode criar um arquivo Excel seguindo o layout do nosso batch-geocoder e col\u00e1-lo para criar os pins rapidamente. Leia <a href=\"\/pt-br\/imprimir-mapa-com-diversas-localizacoes\/\">este artigo<\/a> para saber mais.<\/p><\/p> <\/div> <\/div>\n\n<div class=\"wp-block-group\"><div class=\"wp-block-group__inner-container is-layout-constrained wp-block-group-is-layout-constrained\">\n<div style=\"height:130px\" aria-hidden=\"true\" class=\"wp-block-spacer\"><\/div>\n\n\n\n<h2 class=\"wp-block-heading has-x-large-font-size\" style=\"font-style:normal;font-weight:700\">Ainda precisa de ajuda? Envie-nos uma mensagem!<\/h2>\n\n\n\n<p style=\"font-size:22px\"><p><a href=\"https:\/\/support.printmaps.net\/pt-BR\/support\/tickets\/new\">Envie-nos um ticket em nossa plataforma de suporte<\/a><\/p><\/p>\n\n\n\n<div style=\"height:150px\" aria-hidden=\"true\" class=\"wp-block-spacer\"><\/div>\n<\/div><\/div>\n","protected":false},"excerpt":{"rendered":"<p>Os flyers imobili\u00e1rios mais eficazes costumam incluir mapas imobili\u00e1rios meticulosamente elaborados. Se voc\u00ea \u00e9 um corretor de im\u00f3veis experiente buscando aumentar as vendas ou um designer gr\u00e1fico especializado em marketing imobili\u00e1rio, seu objetivo \u00e9 criar expos\u00e9s e flyers imobili\u00e1rios cativantes que atraiam e informem potenciais compradores. \u00c9 aqui que entra o Printmaps. Nosso editor de [&hellip;]<\/p>\n","protected":false},"author":19,"featured_media":0,"parent":0,"menu_order":0,"comment_status":"closed","ping_status":"closed","template":"","meta":{"_et_pb_use_builder":"off","_et_pb_old_content":"","_et_gb_content_width":"","footnotes":""},"class_list":["post-93113","page","type-page","status-publish","hentry"],"_links":{"self":[{"href":"https:\/\/www.printmaps.net\/pt-br\/wp-json\/wp\/v2\/pages\/93113","targetHints":{"allow":["GET"]}}],"collection":[{"href":"https:\/\/www.printmaps.net\/pt-br\/wp-json\/wp\/v2\/pages"}],"about":[{"href":"https:\/\/www.printmaps.net\/pt-br\/wp-json\/wp\/v2\/types\/page"}],"author":[{"embeddable":true,"href":"https:\/\/www.printmaps.net\/pt-br\/wp-json\/wp\/v2\/users\/19"}],"replies":[{"embeddable":true,"href":"https:\/\/www.printmaps.net\/pt-br\/wp-json\/wp\/v2\/comments?post=93113"}],"version-history":[{"count":30,"href":"https:\/\/www.printmaps.net\/pt-br\/wp-json\/wp\/v2\/pages\/93113\/revisions"}],"predecessor-version":[{"id":222084,"href":"https:\/\/www.printmaps.net\/pt-br\/wp-json\/wp\/v2\/pages\/93113\/revisions\/222084"}],"wp:attachment":[{"href":"https:\/\/www.printmaps.net\/pt-br\/wp-json\/wp\/v2\/media?parent=93113"}],"curies":[{"name":"wp","href":"https:\/\/api.w.org\/{rel}","templated":true}]}}