{"id":93117,"date":"2021-07-15T09:04:49","date_gmt":"2021-07-15T07:04:49","guid":{"rendered":"https:\/\/www.printmaps.net\/criar-um-mapa-de-rotas\/"},"modified":"2025-10-21T14:02:52","modified_gmt":"2025-10-21T13:02:52","slug":"criar-um-mapa-de-rotas","status":"publish","type":"page","link":"https:\/\/www.printmaps.net\/pt-br\/criar-um-mapa-de-rotas\/","title":{"rendered":"Criar um mapa de rotas com o editor Printmaps"},"content":{"rendered":"\n<div style=\"height:37px\" aria-hidden=\"true\" class=\"wp-block-spacer\"><\/div>\n\n<div class=\"wp-block-columns is-layout-flex wp-container-core-columns-is-layout-9d6595d7 wp-block-columns-is-layout-flex\">\n<div class=\"wp-block-column is-layout-flow wp-block-column-is-layout-flow\" style=\"flex-basis:66.66%\">\n<figure class=\"wp-block-image size-large is-resized\"><img fetchpriority=\"high\" fetchpriority=\"high\" decoding=\"async\" width=\"1024\" height=\"665\" src=\"https:\/\/www.printmaps.net\/wp-content\/uploads\/2020\/05\/biking-route-map-1024x665.png\" alt=\"criar um mapa de rotas\" class=\"wp-image-62793\" style=\"width:693px;height:449px\" srcset=\"https:\/\/www.printmaps.net\/wp-content\/uploads\/2020\/05\/biking-route-map-980x636.png 980w, https:\/\/www.printmaps.net\/wp-content\/uploads\/2020\/05\/biking-route-map-480x312.png 480w\" sizes=\"(min-width: 0px) and (max-width: 480px) 480px, (min-width: 481px) and (max-width: 980px) 980px, (min-width: 981px) 1024px, 100vw\" \/><\/figure>\n\n\n<div style=\"height:35px\" aria-hidden=\"true\" class=\"wp-block-spacer\"><\/div>\n<\/div>\n\n\n\n<div class=\"wp-block-column is-layout-flow wp-block-column-is-layout-flow\" style=\"flex-basis:33.33%\">\n<p>O nosso editor de mapas ajuda voc\u00ea a criar um mapa de rotas em segundos. Utilizando o editor de rotas, voc\u00ea pode desenhar uma rota de A a B onde quiser no mapa mundial. Selecione se voc\u00ea deseja tra\u00e7ar a rota nas estradas para caminhar, andar de bicicleta ou dirigir. <\/p>\n\n\n\n<div style=\"height:100px\" aria-hidden=\"true\" class=\"wp-block-spacer\"><\/div>\n\n\n\n<div class=\"wp-block-buttons is-content-justification-center is-layout-flex wp-container-core-buttons-is-layout-16018d1d wp-block-buttons-is-layout-flex\">\n<div class=\"wp-block-button has-custom-font-size\" style=\"font-size:18px\"><a class=\"wp-block-button__link has-background wp-element-button\" href=\"https:\/\/www.printmaps.net\/pt-br\/\" style=\"border-radius:10px;background-color:#e5017e\"><p><strong>Comece a mapear agora, sem necessidade de registro<\/strong><\/p><\/a><\/div>\n<\/div>\n<\/div>\n<\/div>\n\n<div style=\"height:71px\" aria-hidden=\"true\" class=\"wp-block-spacer\"><\/div>\n\n<h2 class=\"wp-block-heading\">Desenhar rotas em estradas existentes<\/h2>\n\n<div class=\"wp-block-columns is-layout-flex wp-container-core-columns-is-layout-9d6595d7 wp-block-columns-is-layout-flex\">\n<div class=\"wp-block-column is-layout-flow wp-block-column-is-layout-flow\" style=\"flex-basis:33.33%\">\n<p><p>Escolha a cor e a espessura da linha ou carregue a sua pr\u00f3pria rota anterior gravada. O nosso editor de rotas n\u00e3o s\u00f3 permite que voc\u00ea desenhe suas rotas \u00e0 m\u00e3o livre, como tamb\u00e9m utiliza um assistente que se ajusta magneticamente \u00e0s estradas existentes. Desta forma, voc\u00ea cria um mapa de rota exato.<\/p><\/p>\n<\/div>\n\n\n\n<div class=\"wp-block-column is-layout-flow wp-block-column-is-layout-flow\" style=\"flex-basis:66.66%\"><div class=\"wp-block-image\">\n<figure class=\"alignright size-large is-resized\"><img decoding=\"async\" width=\"1024\" height=\"666\" src=\"https:\/\/www.printmaps.net\/wp-content\/uploads\/2020\/05\/route-map-1024x666.png\" alt=\"criar um mapa de rotas\" class=\"wp-image-62795\" style=\"width:690px;height:448px\" srcset=\"https:\/\/www.printmaps.net\/wp-content\/uploads\/2020\/05\/route-map-980x637.png 980w, https:\/\/www.printmaps.net\/wp-content\/uploads\/2020\/05\/route-map-480x312.png 480w\" sizes=\"(min-width: 0px) and (max-width: 480px) 480px, (min-width: 481px) and (max-width: 980px) 980px, (min-width: 981px) 1024px, 100vw\" \/><\/figure><\/div><\/div>\n<\/div>\n\n<div style=\"height:61px\" aria-hidden=\"true\" class=\"wp-block-spacer\"><\/div>\n\n<div class=\"wp-block-columns is-layout-flex wp-container-core-columns-is-layout-9d6595d7 wp-block-columns-is-layout-flex\">\n<div class=\"wp-block-column is-layout-flow wp-block-column-is-layout-flow\" style=\"flex-basis:66.66%\">\n<figure class=\"wp-block-image size-large\"><img decoding=\"async\" width=\"1024\" height=\"665\" src=\"https:\/\/www.printmaps.net\/wp-content\/uploads\/2020\/05\/create-a-route-map-1024x665.png\" alt=\"criar um mapa de rotas\" class=\"wp-image-62794\" srcset=\"https:\/\/www.printmaps.net\/wp-content\/uploads\/2020\/05\/create-a-route-map-980x636.png 980w, https:\/\/www.printmaps.net\/wp-content\/uploads\/2020\/05\/create-a-route-map-480x312.png 480w\" sizes=\"(min-width: 0px) and (max-width: 480px) 480px, (min-width: 481px) and (max-width: 980px) 980px, (min-width: 981px) 1024px, 100vw\" \/><\/figure><\/div>\n\n\n\n<div class=\"wp-block-column is-layout-flow wp-block-column-is-layout-flow\" style=\"flex-basis:33.33%\">\n<h3 class=\"wp-block-heading\">Carregar os seus pr\u00f3prios Dados Geogr\u00e1ficos<\/h3>\n\n\n\n<p>A sua rota foi registrada com um dispositivo habilitado para GPS? Voc\u00ea pode carregar esses arquivos (GPX, KML, GeoJSON) para o editor e eles ser\u00e3o exibidos em seu mapa. O mais legal sobre isso? Voc\u00ea pode carregar quantas rotas voc\u00ea quiser &#8211; e pode ajust\u00e1-las em seu mapa. Excelente recurso, por exemplo, para exibir um trajeto de bicicleta! <\/p>\n<\/div>\n<\/div>\n\n<div style=\"height:84px\" aria-hidden=\"true\" class=\"wp-block-spacer\"><\/div>\n\n<div class=\"wp-block-columns is-layout-flex wp-container-core-columns-is-layout-9d6595d7 wp-block-columns-is-layout-flex\">\n<div class=\"wp-block-column is-layout-flow wp-block-column-is-layout-flow\" style=\"flex-basis:66.66%\">\n<figure class=\"wp-block-image size-large\"><img loading=\"lazy\" loading=\"lazy\" decoding=\"async\" width=\"1024\" height=\"714\" src=\"https:\/\/www.printmaps.net\/wp-content\/uploads\/2020\/06\/photobook-travel-map-1024x714.png\" alt=\"mapa de viagem para &#xE1;lbum de fotos\" class=\"wp-image-63746\" srcset=\"https:\/\/www.printmaps.net\/wp-content\/uploads\/2020\/06\/photobook-travel-map-980x683.png 980w, https:\/\/www.printmaps.net\/wp-content\/uploads\/2020\/06\/photobook-travel-map-480x335.png 480w\" sizes=\"auto, (min-width: 0px) and (max-width: 480px) 480px, (min-width: 481px) and (max-width: 980px) 980px, (min-width: 981px) 1024px, 100vw\" \/><\/figure><\/div>\n\n\n\n<div class=\"wp-block-column is-layout-flow wp-block-column-is-layout-flow\" style=\"flex-basis:33.33%\">\n<h3 class=\"wp-block-heading\">Combine diferentes modos de viagem em um mapa de rota <\/h3>\n\n\n\n<p>Criar um mapa de rotas nunca foi t\u00e3o f\u00e1cil. Com o nosso editor voc\u00ea pode combinar diferentes modos de viagem e desenhar as rotas de carro, barco ou trem.<\/p>\n<\/div>\n<\/div>\n\n<div style=\"height:63px\" aria-hidden=\"true\" class=\"wp-block-spacer\"><\/div>\n\n<h3 class=\"wp-block-heading\">Criar um mapa de rotas em segundos<\/h3>\n\n<p>Al\u00e9m de muitos outros recursos que o Printmaps oferece, tamb\u00e9m temos um geocodificador integrado que permite carregamento em remessa e converter os seus endere\u00e7os em suas respectivas coordenadas. \u00c9 realmente t\u00e3o f\u00e1cil quanto copiar e colar dados de uma planilha ou coluna de banco de dados. Basta clicar nesse bot\u00e3o em nosso editor:\u00a0 \u00a0<img loading=\"lazy\" loading=\"lazy\" decoding=\"async\" src=\"https:\/\/www.printmaps.net\/wp-content\/uploads\/2018\/03\/poibutton.png\" alt=\"\" width=\"58\" height=\"51\"\/> e voc\u00ea ter\u00e1 uma vis\u00e3o familiar bem na sua frente. Tudo o que voc\u00ea precisa fazer \u00e9 colar o conte\u00fado nos respectivos campos e o Printmaps far\u00e1 o resto.<\/p>\n\n<p>Uma vez que o nosso mecanismo de geocodifica\u00e7\u00e3o converteu os endere\u00e7os em suas respectivas coordenadas, voc\u00ea pode prosseguir e alterar o tipo de marcador, a cor, o \u00edcone ou o seu tamanho. Todos os Pontos de Interesse ser\u00e3o salvos em uma camada separada, portanto, depois de baixar o seu mapa no formato Photoshop, voc\u00ea pode abri-lo e ajustar o posicionamento de seus Pontos de Interesse. <\/p>\n\n<div style=\"height:61px\" aria-hidden=\"true\" class=\"wp-block-spacer\"><\/div>\n\n<h3 class=\"wp-block-heading\">Baixar o seu mapa de rotas em camadas<\/h3>\n\n<p><p>Baixe o seu mapa de rotas como um arquivo PSD em camadas ou SVG e abra esse arquivo no <strong>Photoshop ou Illustrator<\/strong>. <span class=\"VIiyi\" lang=\"pt\"><span class=\"JLqJ4b\" data-language-for-alternatives=\"pt\" data-language-to-translate-into=\"en\" data-phrase-index=\"0\">Dessa forma, voc\u00ea ainda pode ajustar facilmente quais camadas gostaria de visualizar no mapa e onde exatamente gostaria de coloc\u00e1-las. Remova, mova ou adicione texto, altere cores e mostre ou oculte camadas. As op\u00e7\u00f5es s\u00e3o infinitas e as mais ben\u00e9ficas para voc\u00ea depender\u00e3o muito do seu projeto espec\u00edfico!<\/span><\/span><\/p><\/p>\n\n<div class=\"wp-block-columns is-layout-flex wp-container-core-columns-is-layout-9d6595d7 wp-block-columns-is-layout-flex\">\n<div class=\"wp-block-column is-layout-flow wp-block-column-is-layout-flow\">\n<figure class=\"wp-block-image size-large\"><img decoding=\"async\" src=\"https:\/\/www.printmaps.net\/wp-content\/uploads\/2020\/06\/layered-map-in-illustrator.png\" alt=\"mapa em camadas\" class=\"wp-image-64211\"\/><\/figure><\/div>\n\n\n\n<div class=\"wp-block-column is-layout-flow wp-block-column-is-layout-flow\">\n<figure class=\"wp-block-image size-large is-resized\"><img loading=\"lazy\" loading=\"lazy\" decoding=\"async\" width=\"1024\" height=\"550\" src=\"https:\/\/www.printmaps.net\/wp-content\/uploads\/2020\/05\/london-map-with-layers-1024x550.png\" alt=\"Mapa com camadas\" class=\"wp-image-63106\" style=\"width:824px;height:442px\" srcset=\"https:\/\/www.printmaps.net\/wp-content\/uploads\/2020\/05\/london-map-with-layers-980x526.png 980w, https:\/\/www.printmaps.net\/wp-content\/uploads\/2020\/05\/london-map-with-layers-480x258.png 480w\" sizes=\"auto, (min-width: 0px) and (max-width: 480px) 480px, (min-width: 481px) and (max-width: 980px) 980px, (min-width: 981px) 1024px, 100vw\" \/><\/figure><\/div>\n<\/div>\n\n<div style=\"height:69px\" aria-hidden=\"true\" class=\"wp-block-spacer\"><\/div>\n\n<h4 class=\"wp-block-heading\">\u00c9 o que voc\u00ea faz dele<\/h4>\n\n<p>Criar mapas para impress\u00e3o em uma publica\u00e7\u00e3o n\u00e3o se resume apenas a ter as ferramentas geogr\u00e1ficas corretas, mas tamb\u00e9m a utilizar seus pr\u00f3prios designs ou ideias. Com o Printmaps, voc\u00ea obt\u00e9m total flexibilidade, seja no tipo de cartografia utilizado ou nos tipos de recursos inclu\u00eddos em seu mapa. E ap\u00f3s criar e baixar seu mapa, a personaliza\u00e7\u00e3o n\u00e3o termina por a\u00ed. Voc\u00ea deseja adicionar mais detalhes aos Pontos de Interesse, incluir seus pr\u00f3prios logotipos, mais gr\u00e1ficos ou algum texto? \u00c9 por isso que criamos seu mapa em um formato PSD em camadas, permitindo que voc\u00ea altere praticamente qualquer coisa que tenha adicionado ao seu mapa, at\u00e9 mesmo Pontos de Interesse individuais. Ent\u00e3o, por que n\u00e3o experimentar nosso editor e ver como voc\u00ea pode transformar suas ideias em seu mapa ideal para publica\u00e7\u00e3o?<\/p>\n\n<div style=\"height:20px\" aria-hidden=\"true\" class=\"wp-block-spacer\"><\/div>\n\n<div style=\"height:38px\" aria-hidden=\"true\" class=\"wp-block-spacer\"><\/div>\n\n<div class=\"wp-block-group\"><div class=\"wp-block-group__inner-container is-layout-constrained wp-block-group-is-layout-constrained\">\n<h2 class=\"wp-block-heading has-text-align-center has-large-font-size\" style=\"font-style:normal;font-weight:700\">Experimente Printmaps<\/h2>\n\n\n\n<p class=\"has-text-align-center has-medium-font-size\">O nosso editor de mapas permite que voc\u00ea crie mapas de todo o mundo para impress\u00e3o em um instante.<\/p>\n\n\n\n<div style=\"height:15px\" aria-hidden=\"true\" class=\"wp-block-spacer\"><\/div>\n\n\n\n<div class=\"wp-block-buttons is-content-justification-center is-layout-flex wp-container-core-buttons-is-layout-16018d1d wp-block-buttons-is-layout-flex\">\n<div class=\"wp-block-button has-custom-font-size\" style=\"font-size:18px\"><a class=\"wp-block-button__link has-background wp-element-button\" href=\"https:\/\/www.printmaps.net\/pt-br\/\" style=\"border-radius:10px;background-color:#e5017e\"><p><strong>Crie o seu primeiro mapa agora<\/strong><\/p><\/a><\/div>\n<\/div>\n<\/div><\/div>\n\n<div style=\"height:150px\" aria-hidden=\"true\" class=\"wp-block-spacer\"><\/div>\n\n<div class=\"schema-faq wp-block-yoast-faq-block\"><div class=\"schema-faq-section\" id=\"faq-question-1757594535611\"><strong class=\"schema-faq-question\">Como criar um mapa de rota para impress\u00e3o a partir do meu GPX?<\/strong> <p class=\"schema-faq-answer\">Envie seu GPX (ou KML\/GeoJSON) para o editor da Printmaps, defina o estilo da linha, adicione POIs se necess\u00e1rio e depois fa\u00e7a o download de um PSD, SVG ou PNG em alta resolu\u00e7\u00e3o para impress\u00e3o.<\/p> <\/div> <div class=\"schema-faq-section\" id=\"faq-question-1757594613061\"><strong class=\"schema-faq-question\">Posso desenhar rotas que n\u00e3o seguem uma trilha ou estrada existente?<\/strong> <p class=\"schema-faq-answer\">Sim. Voc\u00ea pode desenhar linhas retas ou curvas no mapa simplesmente clicando no mapa na ferramenta de rotas.<\/p> <\/div> <div class=\"schema-faq-section\" id=\"faq-question-1757594734392\"><strong class=\"schema-faq-question\">Quais formatos posso exportar para impress\u00e3o profissional?<\/strong> <p class=\"schema-faq-answer\">Oferecemos nossos mapas como PNG, PSD e SVG. Todos os formatos s\u00e3o adequados para impress\u00e3o profissional, mas PSD\/SVG mant\u00eam camadas edit\u00e1veis para p\u00f3s-edi\u00e7\u00e3o precisa.<\/p> <\/div> <div class=\"schema-faq-section\" id=\"faq-question-1757594812985\"><strong class=\"schema-faq-question\">Qual resolu\u00e7\u00e3o de impress\u00e3o voc\u00eas entregam?<\/strong> <p class=\"schema-faq-answer\">PNGs e PSDs v\u00eam com 300 dpi, enquanto SVGs s\u00e3o escal\u00e1veis para qualquer tamanho.<\/p> <\/div> <div class=\"schema-faq-section\" id=\"faq-question-1757596674420\"><strong class=\"schema-faq-question\">Posso enviar v\u00e1rias rotas para um tour de v\u00e1rios dias?<\/strong> <p class=\"schema-faq-answer\">Sim, voc\u00ea pode enviar quantas rotas quiser. Apenas evite deixar o mapa muito carregado e mantenha a legibilidade.<\/p> <\/div> <div class=\"schema-faq-section\" id=\"faq-question-1757596706754\"><strong class=\"schema-faq-question\">Como imprimo uma rota do Strava ou do Komoot?<\/strong> <p class=\"schema-faq-answer\"><p>Para qualquer uma das op\u00e7\u00f5es, voc\u00ea pode exportar a rota como GPX e inseri-la no nosso editor de mapas. No Komoot, voc\u00ea pode entrar na sua conta pelo editor e acessar suas rotas salvas, conforme explicado mais <a href=\"\/pt-br\/imprimir-trajetos-komoot\/\">adiante neste artigo<\/a>.<\/p><\/p> <\/div> <div class=\"schema-faq-section\" id=\"faq-question-1757596913662\"><strong class=\"schema-faq-question\">O editor preserva camadas para r\u00f3tulos, rotas e formas?<\/strong> <p class=\"schema-faq-answer\">Sim. Cada elemento que voc\u00ea v\u00ea no mapa \u00e9 salvo em uma camada separada se voc\u00ea optar por PSD ou SVG. Isso vale para elementos do mapa, como vias, corpos d\u2019\u00e1gua ou relevo, e tamb\u00e9m para cada elemento que voc\u00ea adicionar, como rotas, pins ou formas.<\/p> <\/div> <div class=\"schema-faq-section\" id=\"faq-question-1757597038576\"><strong class=\"schema-faq-question\">Posso personalizar cor, espessura e estilo da rota?<\/strong> <p class=\"schema-faq-answer\">Com certeza. Voc\u00ea pode escolher a cor desejada por clique ou c\u00f3digo hex, definir a espessura da linha e escolher ocultar ou mostrar o modo de transporte utilizado.<\/p> <\/div> <div class=\"schema-faq-section\" id=\"faq-question-1757598652999\"><strong class=\"schema-faq-question\">Como adiciono um perfil de eleva\u00e7\u00e3o ao meu mapa de rota?<\/strong> <p class=\"schema-faq-answer\"><p>Voc\u00ea pode criar gratuitamente um perfil de eleva\u00e7\u00e3o que acompanhe o seu mapa no nosso <a href=\"\/pt-br\/perfil-de-elevacao-editor\/\">Generador de Perfis de Eleva\u00e7\u00e3o<\/a>. Voc\u00ea pode enviar sua rota em GPX, KML ou GeoJSON e receber\u00e1 o resultado em PNG, PDF e SVG, com possibilidade de personalizar antes.<\/p><\/p> <\/div> <\/div>\n","protected":false},"excerpt":{"rendered":"<p>O nosso editor de mapas ajuda voc\u00ea a criar um mapa de rotas em segundos. Utilizando o editor de rotas, voc\u00ea pode desenhar uma rota de A a B onde quiser no mapa mundial. Selecione se voc\u00ea deseja tra\u00e7ar a rota nas estradas para caminhar, andar de bicicleta ou dirigir. Desenhar rotas em estradas existentes [&hellip;]<\/p>\n","protected":false},"author":19,"featured_media":0,"parent":0,"menu_order":0,"comment_status":"closed","ping_status":"closed","template":"","meta":{"_et_pb_use_builder":"off","_et_pb_old_content":"","_et_gb_content_width":"","footnotes":""},"class_list":["post-93117","page","type-page","status-publish","hentry"],"_links":{"self":[{"href":"https:\/\/www.printmaps.net\/pt-br\/wp-json\/wp\/v2\/pages\/93117","targetHints":{"allow":["GET"]}}],"collection":[{"href":"https:\/\/www.printmaps.net\/pt-br\/wp-json\/wp\/v2\/pages"}],"about":[{"href":"https:\/\/www.printmaps.net\/pt-br\/wp-json\/wp\/v2\/types\/page"}],"author":[{"embeddable":true,"href":"https:\/\/www.printmaps.net\/pt-br\/wp-json\/wp\/v2\/users\/19"}],"replies":[{"embeddable":true,"href":"https:\/\/www.printmaps.net\/pt-br\/wp-json\/wp\/v2\/comments?post=93117"}],"version-history":[{"count":15,"href":"https:\/\/www.printmaps.net\/pt-br\/wp-json\/wp\/v2\/pages\/93117\/revisions"}],"predecessor-version":[{"id":221721,"href":"https:\/\/www.printmaps.net\/pt-br\/wp-json\/wp\/v2\/pages\/93117\/revisions\/221721"}],"wp:attachment":[{"href":"https:\/\/www.printmaps.net\/pt-br\/wp-json\/wp\/v2\/media?parent=93117"}],"curies":[{"name":"wp","href":"https:\/\/api.w.org\/{rel}","templated":true}]}}