{"id":93427,"date":"2021-07-19T09:01:14","date_gmt":"2021-07-19T07:01:14","guid":{"rendered":"https:\/\/www.printmaps.net\/crie-um-cartaz-do-mapa\/"},"modified":"2025-10-21T12:18:59","modified_gmt":"2025-10-21T11:18:59","slug":"crie-um-cartaz-do-mapa","status":"publish","type":"page","link":"https:\/\/www.printmaps.net\/pt-br\/crie-um-cartaz-do-mapa\/","title":{"rendered":"Criar um cartaz do mapa com o editor Printmaps"},"content":{"rendered":"\n<div style=\"height:100px\" aria-hidden=\"true\" class=\"wp-block-spacer\"><\/div>\n\n<div class=\"wp-block-columns is-layout-flex wp-container-core-columns-is-layout-9d6595d7 wp-block-columns-is-layout-flex\">\n<div class=\"wp-block-column is-layout-flow wp-block-column-is-layout-flow\" style=\"flex-basis:66.66%\">\n<figure class=\"wp-block-image size-large is-resized\"><img fetchpriority=\"high\" fetchpriority=\"high\" decoding=\"async\" width=\"887\" height=\"1024\" src=\"https:\/\/www.printmaps.net\/wp-content\/uploads\/2020\/04\/create-map-poster-887x1024.png\" alt=\"criar um cartaz do mapa\" class=\"wp-image-61074\" style=\"width:451px;height:520px\"\/><\/figure>\n\n\n<p><\/p>\n\n\n\n<div style=\"height:20px\" aria-hidden=\"true\" class=\"wp-block-spacer\"><\/div>\n<\/div>\n\n\n\n<div class=\"wp-block-column is-layout-flow wp-block-column-is-layout-flow\" style=\"flex-basis:33.33%\">\n<p>Com o editor de mapas online da Printmaps, criar um p\u00f4ster de mapa \u00e9 t\u00e3o f\u00e1cil quanto um passeio relaxante no parque \u2014 ou represent\u00e1-lo! Seja tra\u00e7ando itiner\u00e1rios, trilhas ou passeios c\u00eanicos, ou fazendo o upload de dados geogr\u00e1ficos para mostrar rotas existentes, nosso editor simplifica o processo.<\/p>\n\n\n\n<p><p>Ideal para designers gr\u00e1ficos, profissionais do turismo e indiv\u00edduos, o editor da Printmaps oferece versatilidade tanto para aplica\u00e7\u00f5es pessoais quanto profissionais. Produza <strong>p\u00f4steres de mapas impressionantes e de alta resolu\u00e7\u00e3o<\/strong> adaptados \u00e0s suas necessidades com facilidade.<\/p><\/p>\n\n\n\n<p><p>Explore os <a href=\"\/pt-br\/recursos\/\">recursos do editor da Printmaps<\/a> e aprenda como aproveitar todo o seu potencial para seus projetos de p\u00f4steres de mapas.<\/p><\/p>\n\n\n\n<div style=\"height:55px\" aria-hidden=\"true\" class=\"wp-block-spacer\"><\/div>\n\n\n\n<div class=\"wp-block-buttons is-content-justification-center is-layout-flex wp-container-core-buttons-is-layout-16018d1d wp-block-buttons-is-layout-flex\">\n<div class=\"wp-block-button has-custom-font-size\" style=\"font-size:18px\"><a class=\"wp-block-button__link has-background wp-element-button\" href=\"https:\/\/www.printmaps.net\/pt-br\/\" style=\"border-radius:10px;background-color:#e5017e\"><p><strong>Comece a mapear agora, sem necessidade de registro<\/strong><\/p><\/a><\/div>\n<\/div>\n<\/div>\n<\/div>\n\n<div style=\"height:45px\" aria-hidden=\"true\" class=\"wp-block-spacer\"><\/div>\n<div class=\"wp-block-image\">\n<figure class=\"alignright size-large is-resized\"><img decoding=\"async\" width=\"1024\" height=\"683\" src=\"https:\/\/www.printmaps.net\/wp-content\/uploads\/2020\/04\/Map-poster-1024x683.jpeg\" alt=\"\" class=\"wp-image-60865\" style=\"width:599px;height:400px\" srcset=\"https:\/\/www.printmaps.net\/wp-content\/uploads\/2020\/04\/Map-poster-980x653.jpeg 980w, https:\/\/www.printmaps.net\/wp-content\/uploads\/2020\/04\/Map-poster-480x320.jpeg 480w\" sizes=\"(min-width: 0px) and (max-width: 480px) 480px, (min-width: 481px) and (max-width: 980px) 980px, (min-width: 981px) 1024px, 100vw\" \/><\/figure><\/div>\n<h3 class=\"wp-block-heading\">Dire\u00e7\u00e3o e rota do cartaz do mapa<\/h3>\n\n<p><p>Os clientes confiam na Printmaps para exibir efetivamente dire\u00e7\u00f5es e rotas. Com nosso editor f\u00e1cil de usar, ajustar o tamanho de impress\u00e3o \u00e9 simples, garantindo qualidade de impress\u00e3o impec\u00e1vel. Voc\u00ea pode adaptar o tamanho de impress\u00e3o \u00e0s suas necessidades, com a flexibilidade de aumentar at\u00e9 um <strong>m\u00e1ximo de 1330x1330mm<\/strong>.<\/p><\/p>\n\n<p>Mapas com tamanho de lado maior do que 220mm n\u00e3o est\u00e3o dispon\u00edveis como arquivos PNG. Em vez disso, eles ser\u00e3o fornecidos em um arquivo PSD (Photoshop) em camadas ou SVG (Illustrator), permitindo personaliza\u00e7\u00e3o cont\u00ednua e preserva\u00e7\u00e3o da qualidade.<\/p>\n\n<div style=\"height:100px\" aria-hidden=\"true\" class=\"wp-block-spacer\"><\/div>\n<div class=\"wp-block-image\">\n<figure class=\"alignleft size-large is-resized\"><img decoding=\"async\" width=\"621\" height=\"438\" src=\"https:\/\/www.printmaps.net\/wp-content\/uploads\/2020\/04\/Make-a-poster-map.png\" alt=\"\" class=\"wp-image-60849\" style=\"width:522px;height:368px\" srcset=\"https:\/\/www.printmaps.net\/wp-content\/uploads\/2020\/04\/Make-a-poster-map.png 621w, https:\/\/www.printmaps.net\/wp-content\/uploads\/2020\/04\/Make-a-poster-map-480x339.png 480w\" sizes=\"(min-width: 0px) and (max-width: 480px) 480px, (min-width: 481px) 621px, 100vw\" \/><\/figure><\/div>\n<h3 class=\"wp-block-heading\">Cartazes de mapas de cidade <\/h3>\n\n<p><p>Crie facilmente mapas de rotas com pinos, para exibir caminhadas ou rotas de bicicleta, ou simplesmente dire\u00e7\u00f5es. Desenhe linhas nas estradas existentes, ciclovias e trilhas para caminhada. <strong>Incline o mapa<\/strong> para obter a perspectiva ideal do mapa da cidade.<\/p><\/p>\n\n<p><p>Crie <a href=\"https:\/\/www.printmaps.net\/route-map-maker\/\" data-mce-href=\"https:\/\/www.printmaps.net\/pt-br\/criar-um-mapa-de-rotas\/\">facilmente um mapa de rota<\/a> com o editor de rotas que desenha nas estradas exatas que voc\u00ea viajou!<\/p><\/p>\n\n<div style=\"height:70px\" aria-hidden=\"true\" class=\"wp-block-spacer\"><\/div>\n<div class=\"wp-block-image\">\n<figure class=\"alignright size-large is-resized\"><img loading=\"lazy\" loading=\"lazy\" decoding=\"async\" width=\"1024\" height=\"932\" src=\"https:\/\/www.printmaps.net\/wp-content\/uploads\/2020\/04\/Poster-map-1024x932.png\" alt=\"\" class=\"wp-image-60855\" style=\"width:353px;height:321px\" srcset=\"https:\/\/www.printmaps.net\/wp-content\/uploads\/2020\/04\/Poster-map-980x892.png 980w, https:\/\/www.printmaps.net\/wp-content\/uploads\/2020\/04\/Poster-map-480x437.png 480w\" sizes=\"auto, (min-width: 0px) and (max-width: 480px) 480px, (min-width: 481px) and (max-width: 980px) 980px, (min-width: 981px) 1024px, 100vw\" \/><\/figure><\/div>\n<h3 class=\"wp-block-heading\">Mapear locais de valor para voc\u00ea<\/h3>\n\n<p>Sejam lembran\u00e7as queridas, experi\u00eancias extraordin\u00e1rias ou simplesmente a sensa\u00e7\u00e3o de lar, certos lugares t\u00eam um valor pessoal imenso. Crie um p\u00f4ster de mapa do seu pr\u00f3prio lugar feliz para decorar sua casa ou presentear algu\u00e9m especial.<\/p>\n\n<p><p>O editor da Printmaps obt\u00e9m seus dados do <a href=\"https:\/\/www.openstreetmap.org\/\" target=\"_blank\" rel=\"noreferrer noopener\">OpenStreetMap<\/a>, permitindo que voc\u00ea personalize seu p\u00f4ster de mapa com facilidade. Adicione ou remova camadas como nomes de cidades ou estradas, aplique diversos estilos de mapa e incorpore formas coloridas. Essa flexibilidade permite que voc\u00ea crie um p\u00f4ster de mapa que reflita perfeitamente suas prefer\u00eancias, seja voc\u00ea f\u00e3 de um design detalhado ou minimalista.<\/p><\/p>\n\n<p><\/p>\n\n<p><\/p>\n\n<div style=\"height:67px\" aria-hidden=\"true\" class=\"wp-block-spacer\"><\/div>\n\n<div class=\"wp-block-group\"><div class=\"wp-block-group__inner-container is-layout-constrained wp-block-group-is-layout-constrained\">\n<h2 class=\"wp-block-heading has-text-align-center has-large-font-size\" style=\"font-style:normal;font-weight:700\">Experimente Printmaps<\/h2>\n\n\n\n<p class=\"has-text-align-center has-medium-font-size\">O nosso editor de mapas permite que voc\u00ea crie mapas de todo o mundo para impress\u00e3o em um instante.<\/p>\n\n\n\n<div style=\"height:15px\" aria-hidden=\"true\" class=\"wp-block-spacer\"><\/div>\n\n\n\n<div class=\"wp-block-buttons is-content-justification-center is-layout-flex wp-container-core-buttons-is-layout-16018d1d wp-block-buttons-is-layout-flex\">\n<div class=\"wp-block-button has-custom-font-size\" style=\"font-size:18px\"><a class=\"wp-block-button__link has-background wp-element-button\" href=\"https:\/\/www.printmaps.net\/pt-br\/\" style=\"border-radius:10px;background-color:#e5017e\"><p><strong>Crie o seu primeiro mapa agora<\/strong><\/p><\/a><\/div>\n<\/div>\n<\/div><\/div>\n\n<div style=\"height:150px\" aria-hidden=\"true\" class=\"wp-block-spacer\"><\/div>\n\n<h3 class=\"wp-block-heading\">Perguntas frequentes<\/h3>\n\n<div class=\"schema-faq wp-block-yoast-faq-block\"><div class=\"schema-faq-section\" id=\"faq-question-1757951802995\"><strong class=\"schema-faq-question\">Qual \u00e9 o melhor tamanho de p\u00f4ster e DPI para um mapa de alta qualidade para impress\u00e3o?<\/strong> <p class=\"schema-faq-answer\">A melhor pr\u00e1tica \u00e9 escolher primeiro o tamanho da moldura e depois ajustar o mapa \u00e0 moldura. Voc\u00ea pode fazer isso facilmente definindo os comprimentos dos lados no canto superior esquerdo do editor de mapas. Nossos mapas v\u00eam com 300 dpi para PNGs e PSDs, o que \u00e9 ideal para impress\u00e3o. Os SVGs s\u00e3o escal\u00e1veis, ent\u00e3o voc\u00ea define o dpi conforme preferir.<\/p> <\/div> <div class=\"schema-faq-section\" id=\"faq-question-1757952097323\"><strong class=\"schema-faq-question\">Como escolher entre PNG, PSD e SVG para um p\u00f4ster de mapa?<\/strong> <p class=\"schema-faq-answer\">Depende de alguns fatores. Se voc\u00ea pretende personalizar bastante o mapa na p\u00f3s-edi\u00e7\u00e3o, PSDs e SVGs s\u00e3o a melhor op\u00e7\u00e3o, pois cada elemento \u00e9 edit\u00e1vel como uma camada separada. PNGs s\u00e3o adequados para tamanho de impress\u00e3o de at\u00e9 22 cm \u00d7 22 cm, PSDs at\u00e9 66 cm \u00d7 66 cm e SVGs podem ser usados em qualquer tamanho devido \u00e0 escalabilidade.<\/p> <\/div> <div class=\"schema-faq-section\" id=\"faq-question-1757952313290\"><strong class=\"schema-faq-question\">Posso destacar determinadas \u00e1reas no mapa?<\/strong> <p class=\"schema-faq-answer\">Sim. Com a ferramenta \u201cAdicionar forma geogr\u00e1fica\u201d, voc\u00ea pode destacar formas administrativas de qualquer n\u00edvel, seja distrito, cidade, estado ou pa\u00eds. Em seguida, \u00e9 poss\u00edvel inverter a sele\u00e7\u00e3o e escolher a cor e a opacidade.<\/p> <\/div> <div class=\"schema-faq-section\" id=\"faq-question-1757952489628\"><strong class=\"schema-faq-question\">Posso criar um p\u00f4ster minimalista que oculte estradas, r\u00f3tulos ou pontos?<\/strong> <p class=\"schema-faq-answer\">Sim. Nas configura\u00e7\u00f5es avan\u00e7adas de estilo do editor, voc\u00ea pode escolher se deseja exibir ou ocultar cada r\u00f3tulo e cada elemento do mapa.<\/p> <\/div> <\/div>\n\n<div class=\"schema-how-to wp-block-yoast-how-to-block\"><p class=\"schema-how-to-description\">Como criar um p\u00f4ster de mapa com o Printmaps<\/p> <ol class=\"schema-how-to-steps\"><li class=\"schema-how-to-step\" id=\"how-to-step-1750419063043\"><strong class=\"schema-how-to-step-name\">Escolha o tamanho desejado para o p\u00f4ster<\/strong> <p class=\"schema-how-to-step-text\">Nosso editor oferece tamanhos padr\u00e3o (A5, A4, A3, &#8230;) ou medidas personalizadas de at\u00e9 1330 mm. Esses tamanhos indicam at\u00e9 que tamanho voc\u00ea pode imprimir o p\u00f4ster mantendo alta resolu\u00e7\u00e3o, mesmo de perto.<\/p> <\/li><li class=\"schema-how-to-step\" id=\"how-to-step-1750419288154\"><strong class=\"schema-how-to-step-name\">Defina a \u00e1rea do mapa e o n\u00edvel de zoom<\/strong> <p class=\"schema-how-to-step-text\">Selecione a \u00e1rea desejada digitando o local na barra de busca ou arrastando o mapa com o mouse e usando o zoom. Quanto maior o n\u00edvel de zoom, mais detalhes s\u00e3o exibidos.<\/p> <\/li><li class=\"schema-how-to-step\" id=\"how-to-step-1750419407511\"><strong class=\"schema-how-to-step-name\">Escolha o estilo do mapa e os detalhes a serem exibidos<\/strong> <p class=\"schema-how-to-step-text\">Oferecemos v\u00e1rios estilos prontos e, na aba \u201cProjetar Mapa\u201d, voc\u00ea pode escolher os elementos a serem exibidos, ativando ou desativando caixas de sele\u00e7\u00e3o. Tamb\u00e9m \u00e9 poss\u00edvel ocultar r\u00f3tulos.<\/p> <\/li><li class=\"schema-how-to-step\" id=\"how-to-step-1750419532387\"><strong class=\"schema-how-to-step-name\">Adicione rotas, marcadores ou formas geogr\u00e1ficas<\/strong> <p class=\"schema-how-to-step-text\">Destaque locais favoritos com marcadores na aba \u201cAdicionar conte\u00fado\u201d, mostre rotas percorridas e destaque cidades, estados ou pa\u00edses.<\/p> <\/li><li class=\"schema-how-to-step\" id=\"how-to-step-1750419661403\"><strong class=\"schema-how-to-step-name\">Compre seu mapa e imprima em uma gr\u00e1fica<\/strong> <p class=\"schema-how-to-step-text\"><\/p> <\/li><\/ol><\/div>\n\n<div style=\"height:95px\" aria-hidden=\"true\" class=\"wp-block-spacer\"><\/div>\n","protected":false},"excerpt":{"rendered":"<p>Com o editor de mapas online da Printmaps, criar um p\u00f4ster de mapa \u00e9 t\u00e3o f\u00e1cil quanto um passeio relaxante no parque \u2014 ou represent\u00e1-lo! Seja tra\u00e7ando itiner\u00e1rios, trilhas ou passeios c\u00eanicos, ou fazendo o upload de dados geogr\u00e1ficos para mostrar rotas existentes, nosso editor simplifica o processo. Ideal para designers gr\u00e1ficos, profissionais do turismo [&hellip;]<\/p>\n","protected":false},"author":19,"featured_media":0,"parent":0,"menu_order":0,"comment_status":"closed","ping_status":"closed","template":"","meta":{"_et_pb_use_builder":"off","_et_pb_old_content":"","_et_gb_content_width":"","footnotes":""},"class_list":["post-93427","page","type-page","status-publish","hentry"],"_links":{"self":[{"href":"https:\/\/www.printmaps.net\/pt-br\/wp-json\/wp\/v2\/pages\/93427","targetHints":{"allow":["GET"]}}],"collection":[{"href":"https:\/\/www.printmaps.net\/pt-br\/wp-json\/wp\/v2\/pages"}],"about":[{"href":"https:\/\/www.printmaps.net\/pt-br\/wp-json\/wp\/v2\/types\/page"}],"author":[{"embeddable":true,"href":"https:\/\/www.printmaps.net\/pt-br\/wp-json\/wp\/v2\/users\/19"}],"replies":[{"embeddable":true,"href":"https:\/\/www.printmaps.net\/pt-br\/wp-json\/wp\/v2\/comments?post=93427"}],"version-history":[{"count":20,"href":"https:\/\/www.printmaps.net\/pt-br\/wp-json\/wp\/v2\/pages\/93427\/revisions"}],"predecessor-version":[{"id":221703,"href":"https:\/\/www.printmaps.net\/pt-br\/wp-json\/wp\/v2\/pages\/93427\/revisions\/221703"}],"wp:attachment":[{"href":"https:\/\/www.printmaps.net\/pt-br\/wp-json\/wp\/v2\/media?parent=93427"}],"curies":[{"name":"wp","href":"https:\/\/api.w.org\/{rel}","templated":true}]}}