{"id":93436,"date":"2021-07-19T10:40:37","date_gmt":"2021-07-19T08:40:37","guid":{"rendered":"https:\/\/www.printmaps.net\/mapa-de-viagem-album-de-fotos\/"},"modified":"2025-10-21T14:26:02","modified_gmt":"2025-10-21T13:26:02","slug":"mapa-de-viagem-album-de-fotos","status":"publish","type":"page","link":"https:\/\/www.printmaps.net\/pt-br\/mapa-de-viagem-album-de-fotos\/","title":{"rendered":"Criar um mapa de viagem para o seu \u00e1lbum de fotos"},"content":{"rendered":"\n<div style=\"height:30px\" aria-hidden=\"true\" class=\"wp-block-spacer\"><\/div>\n<div class=\"wp-block-image\">\n<figure class=\"alignleft size-large is-resized\"><img fetchpriority=\"high\" fetchpriority=\"high\" decoding=\"async\" width=\"1024\" height=\"714\" src=\"https:\/\/www.printmaps.net\/wp-content\/uploads\/2020\/06\/photobook-travel-map-1024x714.png\" alt=\"mapa de viagem para &#xE1;lbum de fotos\" class=\"wp-image-63746\" style=\"width:479px;height:332px\" srcset=\"https:\/\/www.printmaps.net\/wp-content\/uploads\/2020\/06\/photobook-travel-map-980x683.png 980w, https:\/\/www.printmaps.net\/wp-content\/uploads\/2020\/06\/photobook-travel-map-480x335.png 480w\" sizes=\"(min-width: 0px) and (max-width: 480px) 480px, (min-width: 481px) and (max-width: 980px) 980px, (min-width: 981px) 1024px, 100vw\" \/><\/figure><\/div>\n<p>Voc\u00ea est\u00e1 procurando criar um mapa de viagem para o seu \u00e1lbum de fotos ou blog de viagem? Reunir todas as belas lembran\u00e7as de suas viagens \u00e9 uma \u00f3tima maneira de manter essas experi\u00eancias valiosas. Reveja a sua jornada e aventuras com um mapa desenhado individualmente que mostra a sua rota de viagem exata.<\/p>\n\n<p>Com o editor de mapas online Printmaps <span class=\"JLqJ4b ChMk0b\" data-language-for-alternatives=\"pt\" data-language-to-translate-into=\"en\" data-phrase-index=\"0\">voc\u00ea pode facilmente desenhar uma rota em estradas existentes em sua \u00e1rea de mapa selecionada.<\/span> <span class=\"JLqJ4b ChMk0b\" data-language-for-alternatives=\"pt\" data-language-to-translate-into=\"en\" data-phrase-index=\"1\">Adicione pontos de interesse, formas de pa\u00edses e cidades em cores diferentes e receba um mapa de alta resolu\u00e7\u00e3o, pronto para qualquer edi\u00e7\u00e3o e impress\u00e3o<\/span>. Leia mais sobre <a href=\"https:\/\/www.printmaps.net\/pt-br\/recursos\/\">os recursos do editor Printmaps<\/a> e em como utiliz\u00e1-los.<\/p>\n\n<div style=\"height:20px\" aria-hidden=\"true\" class=\"wp-block-spacer\"><\/div>\n\n<p><\/p>\n\n<p><\/p>\n\n<div class=\"wp-block-buttons is-content-justification-center is-layout-flex wp-container-core-buttons-is-layout-16018d1d wp-block-buttons-is-layout-flex\">\n<div class=\"wp-block-button has-custom-font-size\" style=\"font-size:18px\"><a class=\"wp-block-button__link has-background wp-element-button\" href=\"https:\/\/www.printmaps.net\/pt-br\/\" style=\"border-radius:10px;background-color:#e5017e\"><p><strong>Comece a mapear agora, sem necessidade de registro<\/strong><\/p><\/a><\/div>\n<\/div>\n\n<div style=\"height:100px\" aria-hidden=\"true\" class=\"wp-block-spacer\"><\/div>\n\n<p class=\"has-text-align-center\">Estamos felizes em compartilhar algumas ideias e dicas para ajud\u00e1-lo a tornar o seu mapa de viagem t\u00e3o incr\u00edvel quanto a pr\u00f3pria viagem!<\/p>\n\n<div style=\"height:44px\" aria-hidden=\"true\" class=\"wp-block-spacer\"><\/div>\n<div class=\"wp-block-image\">\n<figure class=\"alignright size-large is-resized\"><img decoding=\"async\" width=\"1024\" height=\"722\" src=\"https:\/\/www.printmaps.net\/wp-content\/uploads\/2020\/04\/printable-maps-photobook-1024x722.png\" alt=\"mapa para &#xE1;lbum de fotos\" class=\"wp-image-60401\" style=\"width:399px;height:281px\" srcset=\"https:\/\/www.printmaps.net\/wp-content\/uploads\/2020\/04\/printable-maps-photobook-980x691.png 980w, https:\/\/www.printmaps.net\/wp-content\/uploads\/2020\/04\/printable-maps-photobook-480x339.png 480w\" sizes=\"(min-width: 0px) and (max-width: 480px) 480px, (min-width: 481px) and (max-width: 980px) 980px, (min-width: 981px) 1024px, 100vw\" \/><\/figure><\/div>\n<h3 class=\"wp-block-heading\">Projete o seu mapa de viagem do \u00e1lbum de fotos com formas coloridas <\/h3>\n\n<p>Adicione a forma de um pa\u00eds e escolha &#8220;inverter\u201d. Assim, com um \u00fanico clique, os arredores do pa\u00eds, tanto de \u00e1gua como de terra, passam \u00e0 cor de sua escolha. Por exemplo, voc\u00ea pode torn\u00e1-los da cor da \u00e1gua (RGB, 173, 255, 209) ou branco, para separar o pa\u00eds dos pa\u00edses vizinhos e criar um efeito flutuante. Com a op\u00e7\u00e3o de ajustar a transpar\u00eancia da forma, voc\u00ea pode colorir pa\u00edses sem perder a exibi\u00e7\u00e3o de estradas, rios e montanhas. Voc\u00ea gostaria de criar um mapa mundial e mostrar todos os pa\u00edses que visitou? D\u00ea a todos eles uma cor diferente.<\/p>\n\n<p><\/p>\n\n<p><\/p>\n\n<div style=\"height:30px\" aria-hidden=\"true\" class=\"wp-block-spacer\"><\/div>\n\n<div style=\"height:20px\" aria-hidden=\"true\" class=\"wp-block-spacer\"><\/div>\n<div class=\"wp-block-image\">\n<figure class=\"alignleft size-large is-resized\"><img decoding=\"async\" width=\"1024\" height=\"722\" src=\"https:\/\/www.printmaps.net\/wp-content\/uploads\/2020\/04\/Travel-map-for-photobook-1024x722.png\" alt=\"Criar mapa de viagem\" class=\"wp-image-60420\" style=\"width:493px;height:348px\" srcset=\"https:\/\/www.printmaps.net\/wp-content\/uploads\/2020\/04\/Travel-map-for-photobook-980x691.png 980w, https:\/\/www.printmaps.net\/wp-content\/uploads\/2020\/04\/Travel-map-for-photobook-480x338.png 480w\" sizes=\"(min-width: 0px) and (max-width: 480px) 480px, (min-width: 481px) and (max-width: 980px) 980px, (min-width: 981px) 1024px, 100vw\" \/><\/figure><\/div>\n<h3 class=\"wp-block-heading\">Utilizar diferentes marcadores de Pontos de Interesse para fixar viagens diferentes <\/h3>\n\n<p>Voc\u00ea pode marcar os seus pontos de interesse com pontos, quadrados ou qualquer uma das formas padr\u00e3o fornecidas no editor. Adicione um r\u00f3tulo aos marcadores ou numere-os para exibir a ordem cronol\u00f3gica de sua viagem. Ou exiba o r\u00f3tulo sem um marcador ao redor, como um avi\u00e3o ou balsa. Marque os seus restaurantes favoritos, trilhas ou praias. Se voc\u00ea n\u00e3o conseguir encontrar o que procura no editor, carregue facilmente os seus pr\u00f3prios marcadores personalizados! <\/p>\n\n<p>Crie <a href=\"https:\/\/www.printmaps.net\/pt-br\/criar-um-mapa-de-rotas\/\">facilmente um mapa de rota<\/a> com o editor de rota que desenha nas estradas exatas que voc\u00ea viajou!<\/p>\n\n<div style=\"height:100px\" aria-hidden=\"true\" class=\"wp-block-spacer\"><\/div>\n<div class=\"wp-block-image\">\n<figure class=\"alignright size-large is-resized\"><img loading=\"lazy\" loading=\"lazy\" decoding=\"async\" width=\"1024\" height=\"722\" src=\"https:\/\/www.printmaps.net\/wp-content\/uploads\/2020\/04\/Create-map-with-pins-1024x722.png\" alt=\"mapa com pinos\" class=\"wp-image-60651\" style=\"width:494px;height:348px\" srcset=\"https:\/\/www.printmaps.net\/wp-content\/uploads\/2020\/04\/Create-map-with-pins-980x691.png 980w, https:\/\/www.printmaps.net\/wp-content\/uploads\/2020\/04\/Create-map-with-pins-480x338.png 480w\" sizes=\"auto, (min-width: 0px) and (max-width: 480px) 480px, (min-width: 481px) and (max-width: 980px) 980px, (min-width: 981px) 1024px, 100vw\" \/><\/figure><\/div>\n<h3 class=\"wp-block-heading\">Combine Printmaps para exibir a sua viagem em uma vis\u00e3o do mundo <\/h3>\n\n<p>Se voc\u00ea deseja exibir uma vista de perto de sua rota de viagem e uma vis\u00e3o do mundo com o seu destino em destaque, ent\u00e3o combine dois Printmaps! Depois de criar os seus mapas, voc\u00ea recebe um arquivo que est\u00e1 pronto para a edi\u00e7\u00e3o no Photoshop ou Illustrator, ou qualquer outro programa de edi\u00e7\u00e3o que voc\u00ea possa utilizar, para adicionar os toques finais aos mapas e junt\u00e1-los em seu incr\u00edvel mapa de viagem personalizado. <\/p>\n\n<p><\/p>\n\n<p><\/p>\n\n<p><\/p>\n\n<div style=\"height:48px\" aria-hidden=\"true\" class=\"wp-block-spacer\"><\/div>\n\n<div class=\"wp-block-group\"><div class=\"wp-block-group__inner-container is-layout-constrained wp-block-group-is-layout-constrained\">\n<h2 class=\"wp-block-heading has-text-align-center has-large-font-size\" style=\"font-style:normal;font-weight:700\">Experimente Printmaps<\/h2>\n\n\n\n<p class=\"has-text-align-center has-medium-font-size\">O nosso editor de mapas permite que voc\u00ea crie mapas de todo o mundo para impress\u00e3o em um instante.<\/p>\n\n\n\n<div style=\"height:15px\" aria-hidden=\"true\" class=\"wp-block-spacer\"><\/div>\n\n\n\n<div class=\"wp-block-buttons is-content-justification-center is-layout-flex wp-container-core-buttons-is-layout-16018d1d wp-block-buttons-is-layout-flex\">\n<div class=\"wp-block-button has-custom-font-size\" style=\"font-size:18px\"><a class=\"wp-block-button__link has-background wp-element-button\" href=\"https:\/\/www.printmaps.net\/pt-br\/\" style=\"border-radius:10px;background-color:#e5017e\"><p><strong>Crie o seu primeiro mapa agora<\/strong><\/p><\/a><\/div>\n<\/div>\n<\/div><\/div>\n\n<div style=\"height:150px\" aria-hidden=\"true\" class=\"wp-block-spacer\"><\/div>\n\n<div class=\"schema-faq wp-block-yoast-faq-block\"><div class=\"schema-faq-section\" id=\"faq-question-1756799870664\"><strong class=\"schema-faq-question\">O que \u00e9 um mapa de viagem?<\/strong> <p class=\"schema-faq-answer\">Um mapa de viagem \u00e9 uma representa\u00e7\u00e3o visual de uma jornada em um mapa. Ele pode incluir elementos como \u00e1reas destacadas, marcadores apontando para pontos de interesse ou rotas. Pode servir como di\u00e1rio cont\u00ednuo para documenta\u00e7\u00e3o, como plano para viagens futuras ou como lembran\u00e7a de uma viagem conclu\u00edda.<\/p> <\/div> <div class=\"schema-faq-section\" id=\"faq-question-1756802782886\"><strong class=\"schema-faq-question\"><\/strong> <p class=\"schema-faq-answer\"><\/p> <\/div> <\/div>\n","protected":false},"excerpt":{"rendered":"<p>Voc\u00ea est\u00e1 procurando criar um mapa de viagem para o seu \u00e1lbum de fotos ou blog de viagem? Reunir todas as belas lembran\u00e7as de suas viagens \u00e9 uma \u00f3tima maneira de manter essas experi\u00eancias valiosas. Reveja a sua jornada e aventuras com um mapa desenhado individualmente que mostra a sua rota de viagem exata. Com [&hellip;]<\/p>\n","protected":false},"author":19,"featured_media":0,"parent":0,"menu_order":0,"comment_status":"closed","ping_status":"closed","template":"","meta":{"_et_pb_use_builder":"off","_et_pb_old_content":"","_et_gb_content_width":"","footnotes":""},"class_list":["post-93436","page","type-page","status-publish","hentry"],"_links":{"self":[{"href":"https:\/\/www.printmaps.net\/pt-br\/wp-json\/wp\/v2\/pages\/93436","targetHints":{"allow":["GET"]}}],"collection":[{"href":"https:\/\/www.printmaps.net\/pt-br\/wp-json\/wp\/v2\/pages"}],"about":[{"href":"https:\/\/www.printmaps.net\/pt-br\/wp-json\/wp\/v2\/types\/page"}],"author":[{"embeddable":true,"href":"https:\/\/www.printmaps.net\/pt-br\/wp-json\/wp\/v2\/users\/19"}],"replies":[{"embeddable":true,"href":"https:\/\/www.printmaps.net\/pt-br\/wp-json\/wp\/v2\/comments?post=93436"}],"version-history":[{"count":14,"href":"https:\/\/www.printmaps.net\/pt-br\/wp-json\/wp\/v2\/pages\/93436\/revisions"}],"predecessor-version":[{"id":221730,"href":"https:\/\/www.printmaps.net\/pt-br\/wp-json\/wp\/v2\/pages\/93436\/revisions\/221730"}],"wp:attachment":[{"href":"https:\/\/www.printmaps.net\/pt-br\/wp-json\/wp\/v2\/media?parent=93436"}],"curies":[{"name":"wp","href":"https:\/\/api.w.org\/{rel}","templated":true}]}}