{"id":93577,"date":"2021-07-20T12:08:35","date_gmt":"2021-07-20T10:08:35","guid":{"rendered":"https:\/\/www.printmaps.net\/mapas-para-impressao-gratuita\/"},"modified":"2025-03-20T14:49:40","modified_gmt":"2025-03-20T13:49:40","slug":"mapas-gratuitos-para-imprimir","status":"publish","type":"page","link":"https:\/\/www.printmaps.net\/pt-br\/mapas-gratuitos-para-imprimir\/","title":{"rendered":"Mapas gratuitos para imprimir para organiza\u00e7\u00f5es sem fins lucrativos"},"content":{"rendered":"\n<p>Printmaps.net oferece mapas gratuitos para imprimir para tiragem ilimitada (no valor de cerca de \u20ac350).&#13;\nPor favor <a href=\"https:\/\/www.printmaps.net\/pt-br\/\">teste o editor Printmaps<\/a> <span class=\"VIiyi\" lang=\"pt\"><span class=\"JLqJ4b ChMk0b\" data-language-for-alternatives=\"pt\" data-language-to-translate-into=\"en\" data-phrase-index=\"2\">antes de se inscrever, para ver se ele \u00e9 adequado \u00e0s suas necessidades.<\/span><\/span><\/p>\n\n<div style=\"height:60px\" aria-hidden=\"true\" class=\"wp-block-spacer\"><\/div>\n\n<div class=\"wp-block-group\"><div class=\"wp-block-group__inner-container is-layout-constrained wp-block-group-is-layout-constrained\">\n<div style=\"height:120px\" aria-hidden=\"true\" class=\"wp-block-spacer\"><\/div>\n\n\n\n<h2 class=\"wp-block-heading has-large-font-size\">Como voc\u00ea sabe que \u00e9 eleg\u00edvel?<\/h2>\n\n\n\n<p>A sua organiza\u00e7\u00e3o precisa ter um status v\u00e1lido de institui\u00e7\u00e3o de caridade com um servi\u00e7o de impostos local\/ comiss\u00e3o de caridade.<\/p>\n\n\n\n<p>Al\u00e9m disso, a sua organiza\u00e7\u00e3o deve atender aos seguintes crit\u00e9rios:<\/p>\n\n\n\n<ul class=\"wp-block-list\">\n<li>N\u00e3o \u00e9 uma organiza\u00e7\u00e3o de atividade legislativa ou pol\u00edtica<\/li>\n\n\n\n<li>N\u00e3o \u00e9 uma igreja, associa\u00e7\u00e3o de igrejas ou outra organiza\u00e7\u00e3o religiosa ou evang\u00e9lica<\/li>\n\n\n\n<li>N\u00e3o \u00e9 uma organiza\u00e7\u00e3o que tenta influenciar a opini\u00e3o p\u00fablica<\/li>\n\n\n\n<li>N\u00e3o \u00e9 uma funda\u00e7\u00e3o privada, independente ou operacional<\/li>\n\n\n\n<li>N\u00e3o discrimina com base em g\u00eanero, ra\u00e7a, etnia, nacionalidade, religi\u00e3o, filia\u00e7\u00e3o pol\u00edtica ou cren\u00e7as, orienta\u00e7\u00e3o sexual ou identidade ou express\u00e3o de g\u00eanero<\/li>\n<\/ul>\n\n\n\n<h3 class=\"wp-block-heading has-medium-font-size\">Como aplicar<\/h3>\n\n\n\n<p><p>Envie sua solicita\u00e7\u00e3o via um <a href=\"https:\/\/support.printmaps.net\/pt-BR\/support\/tickets\/new\">ticket em nossa plataforma de suporte<\/a>. Forne\u00e7a o nome legal da sua organiza\u00e7\u00e3o, localiza\u00e7\u00e3o, site e uma breve descri\u00e7\u00e3o do produto de impress\u00e3o para o qual voc\u00ea precisar\u00e1 de seu mapa para imprimir gratuitamente.<\/p><\/p>\n\n\n\n<div style=\"height:120px\" aria-hidden=\"true\" class=\"wp-block-spacer\"><\/div>\n<\/div><\/div>\n\n<div style=\"height:20px\" aria-hidden=\"true\" class=\"wp-block-spacer\"><\/div>\n\n<div class=\"wp-block-group\"><div class=\"wp-block-group__inner-container is-layout-constrained wp-block-group-is-layout-constrained\">\n<h2 class=\"wp-block-heading has-text-align-center has-large-font-size\" style=\"font-style:normal;font-weight:700\">Experimente Printmaps<\/h2>\n\n\n\n<p class=\"has-text-align-center has-medium-font-size\">O nosso editor de mapas permite que voc\u00ea crie mapas de todo o mundo para impress\u00e3o em um instante.<\/p>\n\n\n\n<div style=\"height:15px\" aria-hidden=\"true\" class=\"wp-block-spacer\"><\/div>\n\n\n\n<div class=\"wp-block-buttons is-content-justification-center is-layout-flex wp-container-core-buttons-is-layout-16018d1d wp-block-buttons-is-layout-flex\">\n<div class=\"wp-block-button has-custom-font-size\" style=\"font-size:18px\"><a class=\"wp-block-button__link has-background wp-element-button\" href=\"https:\/\/www.printmaps.net\/pt-br\/\" style=\"border-radius:10px;background-color:#e5017e\"><p><strong>Crie o seu primeiro mapa agora<\/strong><\/p><\/a><\/div>\n<\/div>\n<\/div><\/div>\n\n<div style=\"height:150px\" aria-hidden=\"true\" class=\"wp-block-spacer\"><\/div>\n\n<p><\/p>\n","protected":false},"excerpt":{"rendered":"<p>Printmaps.net oferece mapas gratuitos para imprimir para tiragem ilimitada (no valor de cerca de \u20ac350).&#13; Por favor teste o editor Printmaps antes de se inscrever, para ver se ele \u00e9 adequado \u00e0s suas necessidades.<\/p>\n","protected":false},"author":23,"featured_media":0,"parent":0,"menu_order":0,"comment_status":"closed","ping_status":"closed","template":"","meta":{"_et_pb_use_builder":"off","_et_pb_old_content":"","_et_gb_content_width":"","footnotes":""},"class_list":["post-93577","page","type-page","status-publish","hentry"],"_links":{"self":[{"href":"https:\/\/www.printmaps.net\/pt-br\/wp-json\/wp\/v2\/pages\/93577","targetHints":{"allow":["GET"]}}],"collection":[{"href":"https:\/\/www.printmaps.net\/pt-br\/wp-json\/wp\/v2\/pages"}],"about":[{"href":"https:\/\/www.printmaps.net\/pt-br\/wp-json\/wp\/v2\/types\/page"}],"author":[{"embeddable":true,"href":"https:\/\/www.printmaps.net\/pt-br\/wp-json\/wp\/v2\/users\/23"}],"replies":[{"embeddable":true,"href":"https:\/\/www.printmaps.net\/pt-br\/wp-json\/wp\/v2\/comments?post=93577"}],"version-history":[{"count":10,"href":"https:\/\/www.printmaps.net\/pt-br\/wp-json\/wp\/v2\/pages\/93577\/revisions"}],"predecessor-version":[{"id":167280,"href":"https:\/\/www.printmaps.net\/pt-br\/wp-json\/wp\/v2\/pages\/93577\/revisions\/167280"}],"wp:attachment":[{"href":"https:\/\/www.printmaps.net\/pt-br\/wp-json\/wp\/v2\/media?parent=93577"}],"curies":[{"name":"wp","href":"https:\/\/api.w.org\/{rel}","templated":true}]}}