{"id":93627,"date":"2021-07-20T19:54:38","date_gmt":"2021-07-20T17:54:38","guid":{"rendered":"https:\/\/www.printmaps.net\/strava-impressoes-de-rota\/"},"modified":"2024-07-10T13:14:22","modified_gmt":"2024-07-10T12:14:22","slug":"impressoes-de-rota-strava","status":"publish","type":"page","link":"https:\/\/www.printmaps.net\/pt-br\/impressoes-de-rota-strava\/","title":{"rendered":"Impress\u00f5es de rota Strava: Imprima um mapa Strava e eternize as suas impress\u00f5es de mapa de rotas de ciclismo, trilhas de caminhada ou maratonas"},"content":{"rendered":"\n<p class=\"has-text-align-center\">Crie facilmente a arte de parede da trilha de caminhada, a rota de ciclismo ou o mapa da maratona com o editor Printmaps. Carregue a sua rota e crie impress\u00f5es pessoais de aplicativos de corrida.<\/p>\n\n<hr class=\"wp-block-separator has-css-opacity\"\/>\n\n<div style=\"height:55px\" aria-hidden=\"true\" class=\"wp-block-spacer\"><\/div>\n\n<div class=\"wp-block-columns is-layout-flex wp-container-core-columns-is-layout-9d6595d7 wp-block-columns-is-layout-flex\">\n<div class=\"wp-block-column is-layout-flow wp-block-column-is-layout-flow\">\n<p class=\"has-drop-cap\"><p>O som dos seus p\u00e9s em determinado caminho, o ar fresco da floresta em suas narinas, o sil\u00eancio meditativo interrompido ocasionalmente pelo chilrear dos p\u00e1ssaros, com que frequ\u00eancia os seus pensamentos o desviam de sua corrida favorita? N\u00e3o \u00e9 apenas o pensamento disto muito satisfat\u00f3rio? Talvez devemos lembrar e recompensar com mais frequ\u00eancia por seus exerc\u00edcios. <strong>Por que n\u00e3o eternizar as suas impress\u00f5es de rota strava em um quadro ou na parede? <\/strong>Adicione o seu tempo mais r\u00e1pido, celebre as suas conquistas e lembre voc\u00ea mesmo disso dentro de casa. Quem sabe, isto possa despertar a sua motiva\u00e7\u00e3o de fazer isso com mais frequ\u00eancia!<\/p><\/p>\n\n\n\n<div style=\"height:49px\" aria-hidden=\"true\" class=\"wp-block-spacer\"><\/div>\n\n\n\n<p>Enquanto uns ajudam os seus clientes <a href=\"https:\/\/www.strava.com\/apps\/prints\" target=\"_blank\" rel=\"noreferrer noopener\">a dar outra dimens\u00e3o \u00e0s suas rotas strava<\/a> em todos os tipos de formas criativas, com Printmaps voc\u00ea pode fazer isso sozinho! O editor Printmaps permite que voc\u00ea carregue rotas registradas (KML, GPX, GeoJSON) para mapas de alta resolu\u00e7\u00e3o, adequados para impress\u00e3o. Escolha o estilo de mapa do seu aplicativo favorito e imprima a rota exatamente como \u00e9 exibida l\u00e1. Voc\u00ea gostaria de imprimir o seu trajeto de ciclismo na Fran\u00e7a? Basta baixar o GPX do <a href=\"http:\/\/www.bikemap.net\/\" target=\"_blank\" rel=\"noreferrer noopener\">Bikemap <\/a>e carreg\u00e1-lo no editor Printmaps. O mesmo vale para <a href=\"http:\/\/www.printmaps.net\/print-komoot-tours\">as impress\u00f5es de trajetos Komoot<\/a>, ou a sua corrida favorita no bairro, gravado no Strava. Como os Printmaps t\u00eam 300dpi eles podem ser impressos em formatos de p\u00f4ster e voc\u00ea n\u00e3o perder\u00e1 nenhum detalhe do mapa.<\/p>\n\n\n\n<div style=\"height:16px\" aria-hidden=\"true\" class=\"wp-block-spacer\"><\/div>\n<\/div>\n\n\n\n<div class=\"wp-block-column is-layout-flow wp-block-column-is-layout-flow\">\n<figure class=\"wp-block-image size-large is-resized\"><img fetchpriority=\"high\" fetchpriority=\"high\" decoding=\"async\" width=\"819\" height=\"1024\" src=\"https:\/\/www.printmaps.net\/wp-content\/uploads\/2021\/03\/strava-prints-819x1024.jpg\" alt=\"impress&#xF5;es de mapa de maratona\" class=\"wp-image-80974\" style=\"width:523px;height:653px\"\/><\/figure>\n\n\n<p><\/p>\n<\/div>\n<\/div>\n\n<div style=\"height:50px\" aria-hidden=\"true\" class=\"wp-block-spacer\"><\/div>\n\n<div class=\"wp-block-group\"><div class=\"wp-block-group__inner-container is-layout-constrained wp-block-group-is-layout-constrained\">\n<h2 class=\"wp-block-heading has-text-align-center has-large-font-size\" style=\"font-style:normal;font-weight:700\">Experimente Printmaps<\/h2>\n\n\n\n<p class=\"has-text-align-center has-medium-font-size\">O nosso editor de mapas permite que voc\u00ea crie mapas de todo o mundo para impress\u00e3o em um instante.<\/p>\n\n\n\n<div style=\"height:15px\" aria-hidden=\"true\" class=\"wp-block-spacer\"><\/div>\n\n\n\n<div class=\"wp-block-buttons is-content-justification-center is-layout-flex wp-container-core-buttons-is-layout-16018d1d wp-block-buttons-is-layout-flex\">\n<div class=\"wp-block-button has-custom-font-size\" style=\"font-size:18px\"><a class=\"wp-block-button__link has-background wp-element-button\" href=\"https:\/\/www.printmaps.net\/pt-br\/\" style=\"border-radius:10px;background-color:#e5017e\"><p><strong>Crie o seu primeiro mapa agora<\/strong><\/p><\/a><\/div>\n<\/div>\n<\/div><\/div>\n\n<div style=\"height:100px\" aria-hidden=\"true\" class=\"wp-block-spacer\"><\/div>\n\n<h2 class=\"wp-block-heading has-text-align-center\">Crie a sua impress\u00e3o de mapa de maratona ou qualquer outra impress\u00e3o de rota Strava em 5 etapas simples:<\/h2>\n\n<div style=\"height:34px\" aria-hidden=\"true\" class=\"wp-block-spacer\"><\/div>\n\n<hr class=\"wp-block-separator has-css-opacity\"\/>\n\n<div style=\"height:50px\" aria-hidden=\"true\" class=\"wp-block-spacer\"><\/div>\n\n<div class=\"wp-block-columns is-layout-flex wp-container-core-columns-is-layout-9d6595d7 wp-block-columns-is-layout-flex\">\n<div class=\"wp-block-column is-layout-flow wp-block-column-is-layout-flow\">\n<p><\/p>\n\n\n\n<h3 class=\"wp-block-heading\">1. Grave a sua rota ou baixe uma rota gravada em seu computador<\/h3>\n\n\n\n<p><\/p>\n\n\n\n<h3 class=\"wp-block-heading\">2. Carregue essa rota para o mapa no editor Printmaps<\/h3>\n\n\n\n<p><\/p>\n\n\n\n<h3 class=\"wp-block-heading\">3. Finalize o seu mapa no editor<\/h3>\n\n\n\n<p><\/p>\n\n\n\n<h3 class=\"wp-block-heading\">4. Tenha o seu mapa impresso, plano ou em tela<\/h3>\n\n\n\n<p><\/p>\n\n\n\n<h3 class=\"wp-block-heading\">5. Enquadre o mapa e pendure na parede<\/h3>\n<\/div>\n\n\n\n<div class=\"wp-block-column is-layout-flow wp-block-column-is-layout-flow\"><div class=\"wp-block-image\">\n<figure class=\"aligncenter size-large is-resized\"><img decoding=\"async\" width=\"1024\" height=\"683\" src=\"https:\/\/www.printmaps.net\/wp-content\/uploads\/2021\/03\/map-wall-art-1024x683.jpg\" alt=\"impress&#xF5;es strava\" class=\"wp-image-80994\" style=\"width:1094px;height:729px\" srcset=\"https:\/\/www.printmaps.net\/wp-content\/uploads\/2021\/03\/map-wall-art-980x653.jpg 980w, https:\/\/www.printmaps.net\/wp-content\/uploads\/2021\/03\/map-wall-art-480x320.jpg 480w\" sizes=\"(min-width: 0px) and (max-width: 480px) 480px, (min-width: 481px) and (max-width: 980px) 980px, (min-width: 981px) 1024px, 100vw\" \/><\/figure><\/div><\/div>\n<\/div>\n\n<div style=\"height:41px\" aria-hidden=\"true\" class=\"wp-block-spacer\"><\/div>\n\n<hr class=\"wp-block-separator has-css-opacity\"\/>\n\n<div style=\"height:81px\" aria-hidden=\"true\" class=\"wp-block-spacer\"><\/div>\n\n<p>Como carregar arquivos GPX, KML ou GeoJSON para o mapa, por exemplo, com uma rota gravada. <a href=\"http:\/\/www.printmaps.net\/features\">Descubra mais sobre outros recursos.<\/a><\/p>\n\n<figure class=\"wp-block-embed is-type-video is-provider-youtube wp-block-embed-youtube wp-embed-aspect-16-9 wp-has-aspect-ratio\"><div class=\"wp-block-embed__wrapper\">\r\n<iframe title=\"Upload GPX route on high resolution map in the Printmaps editor | No need for Google maps\" width=\"1080\" height=\"608\" src=\"https:\/\/www.youtube.com\/embed\/aM5W250xMYU?feature=oembed\"  allow=\"accelerometer; autoplay; clipboard-write; encrypted-media; gyroscope; picture-in-picture\" allowfullscreen><\/iframe>\r\n<\/div><\/figure>\r\n\n<div style=\"height:30px\" aria-hidden=\"true\" class=\"wp-block-spacer\"><\/div>\n\n<p><\/p>\n\n<div style=\"height:66px\" aria-hidden=\"true\" class=\"wp-block-spacer\"><\/div>\n\n<div style=\"height:22px\" aria-hidden=\"true\" class=\"wp-block-spacer\"><\/div>\n\n<div class=\"wp-block-columns is-layout-flex wp-container-core-columns-is-layout-9d6595d7 wp-block-columns-is-layout-flex\"><\/div>\n","protected":false},"excerpt":{"rendered":"<p>Crie facilmente a arte de parede da trilha de caminhada, a rota de ciclismo ou o mapa da maratona com o editor Printmaps. Carregue a sua rota e crie impress\u00f5es pessoais de aplicativos de corrida. O som dos seus p\u00e9s em determinado caminho, o ar fresco da floresta em suas narinas, o sil\u00eancio meditativo interrompido [&hellip;]<\/p>\n","protected":false},"author":19,"featured_media":0,"parent":0,"menu_order":0,"comment_status":"closed","ping_status":"closed","template":"","meta":{"_et_pb_use_builder":"","_et_pb_old_content":"","_et_gb_content_width":"","footnotes":""},"class_list":["post-93627","page","type-page","status-publish","hentry"],"_links":{"self":[{"href":"https:\/\/www.printmaps.net\/pt-br\/wp-json\/wp\/v2\/pages\/93627","targetHints":{"allow":["GET"]}}],"collection":[{"href":"https:\/\/www.printmaps.net\/pt-br\/wp-json\/wp\/v2\/pages"}],"about":[{"href":"https:\/\/www.printmaps.net\/pt-br\/wp-json\/wp\/v2\/types\/page"}],"author":[{"embeddable":true,"href":"https:\/\/www.printmaps.net\/pt-br\/wp-json\/wp\/v2\/users\/19"}],"replies":[{"embeddable":true,"href":"https:\/\/www.printmaps.net\/pt-br\/wp-json\/wp\/v2\/comments?post=93627"}],"version-history":[{"count":26,"href":"https:\/\/www.printmaps.net\/pt-br\/wp-json\/wp\/v2\/pages\/93627\/revisions"}],"predecessor-version":[{"id":176200,"href":"https:\/\/www.printmaps.net\/pt-br\/wp-json\/wp\/v2\/pages\/93627\/revisions\/176200"}],"wp:attachment":[{"href":"https:\/\/www.printmaps.net\/pt-br\/wp-json\/wp\/v2\/media?parent=93627"}],"curies":[{"name":"wp","href":"https:\/\/api.w.org\/{rel}","templated":true}]}}