{"id":93633,"date":"2021-07-20T20:26:04","date_gmt":"2021-07-20T18:26:04","guid":{"rendered":"https:\/\/www.printmaps.net\/imprimir-passeios-komoot\/"},"modified":"2024-06-03T15:30:33","modified_gmt":"2024-06-03T14:30:33","slug":"imprimir-trajetos-komoot","status":"publish","type":"page","link":"https:\/\/www.printmaps.net\/pt-br\/imprimir-trajetos-komoot\/","title":{"rendered":"Como os usu\u00e1rios da Komoot imprimem trajetos com Printmaps para informar os seus visitantes, leitores ou clientes"},"content":{"rendered":"\n<hr class=\"wp-block-separator has-css-opacity\"\/>\n\n<div style=\"height:29px\" aria-hidden=\"true\" class=\"wp-block-spacer\"><\/div>\n\n<p>Com a integra\u00e7\u00e3o do Komoot no editor Printmaps, hot\u00e9is, destinos tur\u00edsticos e editoras imprimem facilmente os seus trajetos Komoot em 300dpi. Uma impress\u00e3o de alta qualidade para brochuras e folhetos informativos. Visitantes, leitores e clientes poder\u00e3o assim, al\u00e9m da vers\u00e3o impressa, encontrar imediatamente no seu smartphone o percurso para o caminho. <\/p>\n\n<p><\/p>\n\n<p>Acesse com o seu perfil Komoot diretamente no editor. Pressione o bot\u00e3o com pontos e escolha Komoot. A grande vantagem da parceria entre Printmaps.net e Komoot \u00e9 que visitantes, leitores e clientes podem utilizar os trajetos n\u00e3o apenas impressos, mas diretamente no aplicativo l\u00edder Komoot. <\/p>\n\n<p><\/p>\n\n<div class=\"wp-block-buttons is-content-justification-center is-layout-flex wp-container-core-buttons-is-layout-16018d1d wp-block-buttons-is-layout-flex\">\n<div class=\"wp-block-button has-custom-font-size\" style=\"font-size:18px\"><a class=\"wp-block-button__link has-background wp-element-button\" href=\"https:\/\/www.printmaps.net\/pt-br\/\" style=\"border-radius:10px;background-color:#e5017e\"><p><strong>Comece a mapear agora, sem necessidade de registro<\/strong><\/p><\/a><\/div>\n<\/div>\n\n<div style=\"height:34px\" aria-hidden=\"true\" class=\"wp-block-spacer\"><\/div>\n\n<hr class=\"wp-block-separator has-css-opacity\"\/>\n\n<div style=\"height:35px\" aria-hidden=\"true\" class=\"wp-block-spacer\"><\/div>\n\n<div class=\"wp-block-columns is-layout-flex wp-container-core-columns-is-layout-9d6595d7 wp-block-columns-is-layout-flex\">\n<div class=\"wp-block-column is-layout-flow wp-block-column-is-layout-flow\">\n<figure class=\"wp-block-image\"><img fetchpriority=\"high\" fetchpriority=\"high\" decoding=\"async\" width=\"875\" height=\"618\" src=\"https:\/\/www.printmaps.net\/wp-content\/uploads\/2021\/03\/print-komoot-route.png\" alt=\"\" class=\"wp-image-81054\" srcset=\"https:\/\/www.printmaps.net\/wp-content\/uploads\/2021\/03\/print-komoot-route.png 875w, https:\/\/www.printmaps.net\/wp-content\/uploads\/2021\/03\/print-komoot-route-480x339.png 480w\" sizes=\"(min-width: 0px) and (max-width: 480px) 480px, (min-width: 481px) 875px, 100vw\" \/><\/figure><\/div>\n\n\n\n<div class=\"wp-block-column is-layout-flow wp-block-column-is-layout-flow\">\n<p><p>Por exemplo, <a href=\"https:\/\/alexandersonderegger.wixsite.com\/tourenspuren\/alle-touren\" target=\"_blank\" rel=\"noreferrer noopener\">o ciclista de montanha Alexander Sonderegger\u2019s<\/a>, mostra cada trajeto com um mapa, perfil de eleva\u00e7\u00e3o e caracter\u00edsticas da rota. Isso \u00e9 fornecido junto com um c\u00f3digo QR e um link para o trajeto. Desta forma, o leitor pode utilizar as informa\u00e7\u00f5es do trajeto diretamente do smartphone, utilizar Komoot para a navega\u00e7\u00e3o ou imprimir o trajeto com instru\u00e7\u00f5es passo a passo para a atividade.<\/p><\/p>\n<\/div>\n<\/div>\n\n<div style=\"height:30px\" aria-hidden=\"true\" class=\"wp-block-spacer\"><\/div>\n\n<div class=\"wp-block-columns is-layout-flex wp-container-core-columns-is-layout-9d6595d7 wp-block-columns-is-layout-flex\">\n<div class=\"wp-block-column is-layout-flow wp-block-column-is-layout-flow\">\n<h2 class=\"wp-block-heading\">Como imprimir trajetos Komoot<\/h2>\n\n\n\n<p>No planejador de rotas Komoot, as rotas s\u00e3o criadas com apenas alguns cliques e integradas diretamente ao editor da Printmaps. Para criar mapas para impress\u00e3o profissional em 300 dpi, conecte Printmaps.net ao Komoot. Abra Printmaps.net, role at\u00e9 o editor, selecione o tamanho de impress\u00e3o, a \u00e1rea a ser exibida no mapa, n\u00edvel de zoom, rota\u00e7\u00e3o e inclina\u00e7\u00e3o. Depois disso, selecione seu estilo de mapa e v\u00e1 para a guia &#8220;Adicionar Conte\u00fado&#8221; para encontrar a op\u00e7\u00e3o no lado direito da tela para &#8220;Importar Rota do Komoot&#8221;. Aqui voc\u00ea pode fazer login no Komoot. Permita que a Printmaps acesse o Komoot e acesse as rotas em sua conta do Komoot.<\/p>\n\n\n\n<p><\/p>\n<\/div>\n\n\n\n<div class=\"wp-block-column is-layout-flow wp-block-column-is-layout-flow\">\n<figure class=\"wp-block-image size-full\"><img decoding=\"async\" width=\"421\" height=\"235\" src=\"https:\/\/www.printmaps.net\/wp-content\/uploads\/2024\/03\/image.png\" alt=\"\" class=\"wp-image-165413\" srcset=\"https:\/\/www.printmaps.net\/wp-content\/uploads\/2024\/03\/image.png 421w, https:\/\/www.printmaps.net\/wp-content\/uploads\/2024\/03\/image-300x167.png 300w\" sizes=\"(max-width: 421px) 100vw, 421px\" \/><\/figure>\n\n\n<div class=\"wp-block-columns is-layout-flex wp-container-core-columns-is-layout-9d6595d7 wp-block-columns-is-layout-flex\">\n<div class=\"wp-block-column is-layout-flow wp-block-column-is-layout-flow\"><\/div>\n<\/div>\n<\/div>\n<\/div>\n\n<div class=\"wp-block-columns is-layout-flex wp-container-core-columns-is-layout-9d6595d7 wp-block-columns-is-layout-flex\">\n<div class=\"wp-block-column is-layout-flow wp-block-column-is-layout-flow\">\n<figure class=\"wp-block-image size-large\"><img decoding=\"async\" width=\"699\" height=\"425\" src=\"https:\/\/www.printmaps.net\/wp-content\/uploads\/2021\/03\/printmaps-and-komoot.png\" alt=\"imprimir trajetos\" class=\"wp-image-81059\" srcset=\"https:\/\/www.printmaps.net\/wp-content\/uploads\/2021\/03\/printmaps-and-komoot.png 699w, https:\/\/www.printmaps.net\/wp-content\/uploads\/2021\/03\/printmaps-and-komoot-480x292.png 480w\" sizes=\"(min-width: 0px) and (max-width: 480px) 480px, (min-width: 481px) 699px, 100vw\" \/><\/figure><\/div>\n\n\n\n<div class=\"wp-block-column is-layout-flow wp-block-column-is-layout-flow\">\n<p>Um ou v\u00e1rios trajetos podem ser agora selecionados. Uma vez selecionados, eles s\u00e3o mostrados diretamente no mapa. Para adicionar mais trajetos da conta Komoot, basta clicar no logotipo Komoot novamente. Cada novo trajeto salvo no perfil Komoot aparece diretamente na lista e pode ser adicionado ao mapa. <\/p>\n\n\n\n<p><\/p>\n\n\n\n<p>O mapa final com as rotas pode ser adaptado de diferentes maneiras. Ajuste o estilo do mapa, mude a cor da rota, adicione pontos de interesse no editor. D\u00ea uma olhada na pr\u00e9-visualiza\u00e7\u00e3o e compre o mapa diretamente online. <\/p>\n<\/div>\n<\/div>\n\n<p><\/p>\n\n<div style=\"height:33px\" aria-hidden=\"true\" class=\"wp-block-spacer\"><\/div>\n\n<h3 class=\"wp-block-heading\">Outras solu\u00e7\u00f5es de parceiros, oferecidas pelo Komoot, utilizados por hot\u00e9is, destinos tur\u00edsticos e outros prestadores de servi\u00e7o, autores e editores s\u00e3o:<\/h3>\n\n<div style=\"height:26px\" aria-hidden=\"true\" class=\"wp-block-spacer\"><\/div>\n\n<h4 class=\"wp-block-heading\">1. Planejador de rotas Komoot (gratuito): para criar rotas para clientes com apenas alguns cliques.<\/h4>\n\n<p><\/p>\n\n<h4 class=\"wp-block-heading\">2. Conecte no site Komoot (gratuito): para integrar trajetos e mapas de vis\u00e3o geral em seu pr\u00f3prio site.<\/h4>\n\n<div style=\"height:100px\" aria-hidden=\"true\" class=\"wp-block-spacer\"><\/div>\n\n<hr class=\"wp-block-separator has-css-opacity\"\/>\n\n<p><\/p>\n\n<p>Esta postagem do blog do Medium foi escrita por Markus Hallermann, cofundador da Komoot. Leia em alem\u00e3o aqui: <a href=\"https:\/\/medium.com\/komoot\/printmaps-net-by-toursprung-komoot-46f0c752883a\" target=\"_blank\" rel=\"noreferrer noopener\">Printmaps.net da Toursprung &amp; Komoot.<\/a><\/p>\n\n<div style=\"height:21px\" aria-hidden=\"true\" class=\"wp-block-spacer\"><\/div>\n\n<p><\/p>\n","protected":false},"excerpt":{"rendered":"<p>Com a integra\u00e7\u00e3o do Komoot no editor Printmaps, hot\u00e9is, destinos tur\u00edsticos e editoras imprimem facilmente os seus trajetos Komoot em 300dpi. Uma impress\u00e3o de alta qualidade para brochuras e folhetos informativos. Visitantes, leitores e clientes poder\u00e3o assim, al\u00e9m da vers\u00e3o impressa, encontrar imediatamente no seu smartphone o percurso para o caminho. Acesse com o seu [&hellip;]<\/p>\n","protected":false},"author":19,"featured_media":0,"parent":0,"menu_order":0,"comment_status":"closed","ping_status":"closed","template":"","meta":{"_et_pb_use_builder":"","_et_pb_old_content":"","_et_gb_content_width":"","footnotes":""},"class_list":["post-93633","page","type-page","status-publish","hentry"],"_links":{"self":[{"href":"https:\/\/www.printmaps.net\/pt-br\/wp-json\/wp\/v2\/pages\/93633","targetHints":{"allow":["GET"]}}],"collection":[{"href":"https:\/\/www.printmaps.net\/pt-br\/wp-json\/wp\/v2\/pages"}],"about":[{"href":"https:\/\/www.printmaps.net\/pt-br\/wp-json\/wp\/v2\/types\/page"}],"author":[{"embeddable":true,"href":"https:\/\/www.printmaps.net\/pt-br\/wp-json\/wp\/v2\/users\/19"}],"replies":[{"embeddable":true,"href":"https:\/\/www.printmaps.net\/pt-br\/wp-json\/wp\/v2\/comments?post=93633"}],"version-history":[{"count":18,"href":"https:\/\/www.printmaps.net\/pt-br\/wp-json\/wp\/v2\/pages\/93633\/revisions"}],"predecessor-version":[{"id":173346,"href":"https:\/\/www.printmaps.net\/pt-br\/wp-json\/wp\/v2\/pages\/93633\/revisions\/173346"}],"wp:attachment":[{"href":"https:\/\/www.printmaps.net\/pt-br\/wp-json\/wp\/v2\/media?parent=93633"}],"curies":[{"name":"wp","href":"https:\/\/api.w.org\/{rel}","templated":true}]}}