{"id":95696,"date":"2021-08-05T09:41:43","date_gmt":"2021-08-05T07:41:43","guid":{"rendered":"https:\/\/www.printmaps.net\/google-maps-versus-printmaps\/"},"modified":"2024-07-10T16:02:00","modified_gmt":"2024-07-10T15:02:00","slug":"google-maps-versus-printmaps","status":"publish","type":"page","link":"https:\/\/www.printmaps.net\/pt-br\/google-maps-versus-printmaps\/","title":{"rendered":"Alternativa para imprimir do Google Maps: Printmaps.net"},"content":{"rendered":"\n<div style=\"height:20px\" aria-hidden=\"true\" class=\"wp-block-spacer\"><\/div>\n\n<p>Se voc\u00ea tem utilizado capturas de tela do <a href=\"http:\/\/maps.google.com\/\">maps.google.com<\/a> at\u00e9 agora para obter os seus mapas para imprimir, ficar\u00e1 interessado em ver como Printmaps.net se compara \u00e0 impress\u00e3o do Google Maps.<\/p>\n\n<p>N\u00f3s criamos a grade de compara\u00e7\u00e3o abaixo para oferecer uma vis\u00e3o geral r\u00e1pida de alguns dos mais importantes <a href=\"https:\/\/www.printmaps.net\/pt-br\/recursos\/\"><strong>recursos do editor Printmaps<\/strong><\/a> e como eles se comparam \u00e0 utiliza\u00e7\u00e3o de capturas de tela do Google Maps para imprimir os seus mapas. (<a href=\"https:\/\/www.printmaps.net\/pt-br\/\">Experimente o editor aqui.<\/a>)<\/p>\n\n<div style=\"height:73px\" aria-hidden=\"true\" class=\"wp-block-spacer\"><\/div>\n\n<figure class=\"wp-block-table is-style-stripes\"><table class=\"has-fixed-layout\"><thead><tr><th><\/th><th>Printmaps<\/th><th>Capturas de tela do Google Maps<\/th><\/tr><\/thead><tbody><tr><td><em><em>Resolu\u00e7\u00e3o<\/em><\/em><\/td><td>300 dpi, que \u00e9 a alta resolu\u00e7\u00e3o comumente usada para produtos impressos. Totalmente escal\u00e1vel no formato SVG.<\/td><td>A resolu\u00e7\u00e3o das capturas de tela n\u00e3o foi projetada para produtos impressos, portanto, os mapas resultantes geralmente ficam borrados quando impressos.<\/td><\/tr><tr><td><em>Legalidade<\/em><\/td><td>A cria\u00e7\u00e3o de mapas imprim\u00edveis com a Printmaps \u00e9 totalmente legal<\/td><td>O uso de capturas de tela do Google Maps para fins comerciais sem a permiss\u00e3o do Google \u00e9 contra os Termos de Servi\u00e7o do Google Maps, especialmente quando usado como material de navega\u00e7\u00e3o impresso.<\/td><\/tr><tr><td><em>Pre\u00e7o<\/em><\/td><td>Os mapas custam a partir de \u20ac 7<\/td><td>Gratuito (mas com risco de consequ\u00eancias legais)<\/td><\/tr><tr><td><em>Formato<\/em><\/td><td>SVG, PSD, PNG<\/td><td>PNG ou JPEG de baixa resolu\u00e7\u00e3o<\/td><\/tr><tr><td><em>Ferramentas de dados personalizadas<\/em><\/td><td>* Editor de rotas<br\/>* Formas geogr\u00e1ficas<br\/>* Upload de arquivos (GPX\/KML\/GeoJSON)<br\/>*  POIs (manualmente ou copiar\/colar do Excel)<\/td><td>* Roteamento e POIs padr\u00e3o do Google Maps<\/td><\/tr><tr><td><em>Mostrar\/ocultar recursos do mapa?<\/em><\/td><td>Sim<\/td><td>N\u00e3o<\/td><\/tr><tr><td><em><em><em>Girar ou inclinar o mapa?<\/em><\/em><\/em><\/td><td>Sim<\/td><td>Somente em dispositivos m\u00f3veis<\/td><\/tr><\/tbody><\/table><\/figure>\n<div style=\"height:71px\" aria-hidden=\"true\" class=\"wp-block-spacer\"><\/div>\n\n<h3 class=\"wp-block-heading has-text-align-center\">Algumas das maneiras como os nossos mapas para imprimir s\u00e3o utilizados <\/h3>\n\n<div class=\"wp-block-group\"><div class=\"wp-block-group__inner-container is-layout-constrained wp-block-group-is-layout-constrained\">\n<div class=\"wp-block-columns is-layout-flex wp-container-core-columns-is-layout-9d6595d7 wp-block-columns-is-layout-flex\">\n<div class=\"wp-block-column is-vertically-aligned-top is-layout-flow wp-block-column-is-layout-flow\"><div class=\"wp-block-image is-style-default\">\n<figure class=\"alignright size-full is-resized\"><img fetchpriority=\"high\" fetchpriority=\"high\" decoding=\"async\" src=\"https:\/\/www.printmaps.net\/wp-content\/uploads\/2020\/10\/Layers-big.png\" alt=\"\" class=\"wp-image-70211\" width=\"765\" height=\"531\" srcset=\"https:\/\/www.printmaps.net\/wp-content\/uploads\/2020\/10\/Layers-big.png 765w, https:\/\/www.printmaps.net\/wp-content\/uploads\/2020\/10\/Layers-big-480x333.png 480w\" sizes=\"(min-width: 0px) and (max-width: 480px) 480px, (min-width: 481px) 765px, 100vw\" \/><\/figure><\/div><\/div>\n\n\n\n<div class=\"wp-block-column is-vertically-aligned-top is-layout-flow wp-block-column-is-layout-flow\" style=\"flex-basis:380px\">\n<p>O editor Printmaps produz mapas de alta resolu\u00e7\u00e3o e 300 dpi nos formatos PNG, PSD (Photoshop) e SVG. Todos os recursos do mapa v\u00eam em camadas separadas para que voc\u00ea possa editar os recursos do mapa sem danificar os recursos abaixo.<\/p>\n<\/div>\n<\/div>\n\n\n\n<div class=\"wp-block-columns is-layout-flex wp-container-core-columns-is-layout-9d6595d7 wp-block-columns-is-layout-flex\">\n<div class=\"wp-block-column is-vertically-aligned-top is-layout-flow wp-block-column-is-layout-flow\"><div class=\"wp-block-image is-style-default\">\n<figure class=\"alignright size-full\"><img decoding=\"async\" width=\"765\" height=\"531\" src=\"https:\/\/www.printmaps.net\/wp-content\/uploads\/2020\/10\/bodensee-karte.jpg\" alt=\"\" class=\"wp-image-70212\" srcset=\"https:\/\/www.printmaps.net\/wp-content\/uploads\/2020\/10\/bodensee-karte.jpg 765w, https:\/\/www.printmaps.net\/wp-content\/uploads\/2020\/10\/bodensee-karte-480x333.jpg 480w\" sizes=\"(min-width: 0px) and (max-width: 480px) 480px, (min-width: 481px) 765px, 100vw\" \/><\/figure><\/div><\/div>\n\n\n\n<div class=\"wp-block-column is-vertically-aligned-top is-layout-flow wp-block-column-is-layout-flow\" style=\"flex-basis:380px\">\n<p>Nossos clientes usam o editor Printmaps para mapear rotas sem esfor\u00e7o &#8211; itiner\u00e1rios de viagem, trilhas para caminhadas e ciclismo, passeios pela cidade ou simplesmente dire\u00e7\u00f5es &#8211; e para sobrepor seus pontos de interesse em um mapa. O editor facilita muito a cria\u00e7\u00e3o de mapas dobr\u00e1veis, mapas para folders e folhetos tur\u00edsticos ou mapas de guias.<\/p>\n<\/div>\n<\/div>\n\n\n\n<div class=\"wp-block-columns is-layout-flex wp-container-core-columns-is-layout-9d6595d7 wp-block-columns-is-layout-flex\">\n<div class=\"wp-block-column is-vertically-aligned-top is-layout-flow wp-block-column-is-layout-flow\"><div class=\"wp-block-image is-style-default\">\n<figure class=\"alignright size-full\"><img decoding=\"async\" width=\"765\" height=\"531\" src=\"https:\/\/www.printmaps.net\/wp-content\/uploads\/2020\/10\/immo-expose.jpg\" alt=\"\" class=\"wp-image-70213\" srcset=\"https:\/\/www.printmaps.net\/wp-content\/uploads\/2020\/10\/immo-expose.jpg 765w, https:\/\/www.printmaps.net\/wp-content\/uploads\/2020\/10\/immo-expose-480x333.jpg 480w\" sizes=\"(min-width: 0px) and (max-width: 480px) 480px, (min-width: 481px) 765px, 100vw\" \/><\/figure><\/div><\/div>\n\n\n\n<div class=\"wp-block-column is-vertically-aligned-top is-layout-flow wp-block-column-is-layout-flow\" style=\"flex-basis:380px\">\n<p><p><a href=\"\/pt-br\/precos\/\">Nosso pre\u00e7o<\/a> de entrada barato permite que os clientes com n\u00fameros muito baixos de circula\u00e7\u00e3o impressa tenham acesso aos nossos mapas. Os exemplos t\u00edpicos incluem exposi\u00e7\u00f5es imobili\u00e1rias e \u00e1lbuns de fotos, impressos em baixa tiragem, mas que precisam de mapas de localiza\u00e7\u00e3o ou de rotas de alta qualidade.<\/p><\/p>\n<\/div>\n<\/div>\n\n\n\n<div class=\"wp-block-columns is-layout-flex wp-container-core-columns-is-layout-9d6595d7 wp-block-columns-is-layout-flex\">\n<div class=\"wp-block-column is-vertically-aligned-top is-layout-flow wp-block-column-is-layout-flow\"><div class=\"wp-block-image is-style-default\">\n<figure class=\"alignright size-full\"><img loading=\"lazy\" loading=\"lazy\" decoding=\"async\" width=\"765\" height=\"531\" src=\"https:\/\/www.printmaps.net\/wp-content\/uploads\/2020\/10\/mallorca.jpg\" alt=\"\" class=\"wp-image-70214\" srcset=\"https:\/\/www.printmaps.net\/wp-content\/uploads\/2020\/10\/mallorca.jpg 765w, https:\/\/www.printmaps.net\/wp-content\/uploads\/2020\/10\/mallorca-480x333.jpg 480w\" sizes=\"auto, (min-width: 0px) and (max-width: 480px) 480px, (min-width: 481px) 765px, 100vw\" \/><\/figure><\/div><\/div>\n\n\n\n<div class=\"wp-block-column is-vertically-aligned-top is-layout-flow wp-block-column-is-layout-flow\" style=\"flex-basis:380px\">\n<p>Muitas editoras de livros-guia ilustram seus guias de viagem e guias de caminhada inteiramente com mapas da Printmaps. Voc\u00ea pode satisfazer todas as necessidades t\u00edpicas de mapeamento com nossos mapas, que v\u00e3o desde mapas de vis\u00e3o geral e mapas de localiza\u00e7\u00e3o geral at\u00e9 mapas de atividades com rotas de caminhada ou ciclismo, mapas de cidades \/ mapas de ruas e mapas de dire\u00e7\u00e3o.<\/p>\n<\/div>\n<\/div>\n<\/div><\/div>\n\n<p><\/p>\n\n<div style=\"height:100px\" aria-hidden=\"true\" class=\"wp-block-spacer\"><\/div>\n\n<div class=\"wp-block-group\"><div class=\"wp-block-group__inner-container is-layout-constrained wp-block-group-is-layout-constrained\">\n<h2 class=\"wp-block-heading has-text-align-center has-large-font-size\" style=\"font-style:normal;font-weight:700\">Experimente Printmaps<\/h2>\n\n\n\n<p class=\"has-text-align-center has-medium-font-size\">O nosso editor de mapas permite que voc\u00ea crie mapas de todo o mundo para impress\u00e3o em um instante.<\/p>\n\n\n\n<div style=\"height:15px\" aria-hidden=\"true\" class=\"wp-block-spacer\"><\/div>\n\n\n\n<div class=\"wp-block-buttons is-content-justification-center is-layout-flex wp-container-core-buttons-is-layout-16018d1d wp-block-buttons-is-layout-flex\">\n<div class=\"wp-block-button has-custom-font-size\" style=\"font-size:18px\"><a class=\"wp-block-button__link has-background wp-element-button\" href=\"https:\/\/www.printmaps.net\/pt-br\/\" style=\"border-radius:10px;background-color:#e5017e\"><p><strong>Crie o seu primeiro mapa agora<\/strong><\/p><\/a><\/div>\n<\/div>\n<\/div><\/div>\n\n<p><\/p>\n\n<div style=\"height:150px\" aria-hidden=\"true\" class=\"wp-block-spacer\"><\/div>\n","protected":false},"excerpt":{"rendered":"<p>Se voc\u00ea tem utilizado capturas de tela do maps.google.com at\u00e9 agora para obter os seus mapas para imprimir, ficar\u00e1 interessado em ver como Printmaps.net se compara \u00e0 impress\u00e3o do Google Maps. N\u00f3s criamos a grade de compara\u00e7\u00e3o abaixo para oferecer uma vis\u00e3o geral r\u00e1pida de alguns dos mais importantes recursos do editor Printmaps e como [&hellip;]<\/p>\n","protected":false},"author":5,"featured_media":0,"parent":0,"menu_order":0,"comment_status":"closed","ping_status":"closed","template":"","meta":{"_et_pb_use_builder":"off","_et_pb_old_content":"","_et_gb_content_width":"","footnotes":""},"class_list":["post-95696","page","type-page","status-publish","hentry"],"_links":{"self":[{"href":"https:\/\/www.printmaps.net\/pt-br\/wp-json\/wp\/v2\/pages\/95696","targetHints":{"allow":["GET"]}}],"collection":[{"href":"https:\/\/www.printmaps.net\/pt-br\/wp-json\/wp\/v2\/pages"}],"about":[{"href":"https:\/\/www.printmaps.net\/pt-br\/wp-json\/wp\/v2\/types\/page"}],"author":[{"embeddable":true,"href":"https:\/\/www.printmaps.net\/pt-br\/wp-json\/wp\/v2\/users\/5"}],"replies":[{"embeddable":true,"href":"https:\/\/www.printmaps.net\/pt-br\/wp-json\/wp\/v2\/comments?post=95696"}],"version-history":[{"count":9,"href":"https:\/\/www.printmaps.net\/pt-br\/wp-json\/wp\/v2\/pages\/95696\/revisions"}],"predecessor-version":[{"id":167631,"href":"https:\/\/www.printmaps.net\/pt-br\/wp-json\/wp\/v2\/pages\/95696\/revisions\/167631"}],"wp:attachment":[{"href":"https:\/\/www.printmaps.net\/pt-br\/wp-json\/wp\/v2\/media?parent=95696"}],"curies":[{"name":"wp","href":"https:\/\/api.w.org\/{rel}","templated":true}]}}