{"id":95821,"date":"2021-08-05T14:32:20","date_gmt":"2021-08-05T12:32:20","guid":{"rendered":"https:\/\/www.printmaps.net\/criacao-de-mapas-para-guias-turisticos\/"},"modified":"2025-10-23T11:41:06","modified_gmt":"2025-10-23T10:41:06","slug":"criacao-de-mapas-para-guias-turisticos","status":"publish","type":"page","link":"https:\/\/www.printmaps.net\/pt-br\/criacao-de-mapas-para-guias-turisticos\/","title":{"rendered":"Cria\u00e7\u00e3o de Mapas para Guias Tur\u00edsticos"},"content":{"rendered":"\n<div style=\"height:32px\" aria-hidden=\"true\" class=\"wp-block-spacer\"><\/div>\n<div class=\"wp-block-image\">\n<figure class=\"alignleft size-large is-resized\"><img fetchpriority=\"high\" fetchpriority=\"high\" decoding=\"async\" width=\"953\" height=\"718\" src=\"https:\/\/www.printmaps.net\/wp-content\/uploads\/2018\/03\/touristmap.png\" alt=\"mapas de guia tur&#xED;stico\" class=\"wp-image-28689\" style=\"width:648px;height:486px\"\/><figcaption class=\"wp-element-caption\">\u00a9 Maremonto<\/figcaption><\/figure><\/div>\n<p>Quer se trate de uma metr\u00f3pole como Nova York ou do interior acidentado das remotas Terras Altas da Esc\u00f3cia: viajar para lugares distantes sempre ser\u00e1 um fasc\u00ednio para as pessoas. Para garantir que as pessoas se orientem nesses lugares, os editores produzem uma quantidade impressionante de guias tur\u00edsticos. E qual guia tur\u00edstico estaria completo sem mapas abrangentes para ilustrar as rotas, pontos de interesse e similares? <\/p>\n\n<p>Neste guia, mostraremos como criar mapas de guias tur\u00edsticos perfeitos. <\/p>\n\n<div style=\"height:60px\" aria-hidden=\"true\" class=\"wp-block-spacer\"><\/div>\n\n<div class=\"wp-block-buttons is-content-justification-center is-layout-flex wp-container-core-buttons-is-layout-16018d1d wp-block-buttons-is-layout-flex\">\n<div class=\"wp-block-button has-custom-font-size\" style=\"font-size:18px\"><a class=\"wp-block-button__link has-background wp-element-button\" href=\"https:\/\/www.printmaps.net\/pt-br\/\" style=\"border-radius:10px;background-color:#e5017e\"><p><strong>Comece a mapear agora, sem necessidade de registro<\/strong><\/p><\/a><\/div>\n<\/div>\n\n<div style=\"height:150px\" aria-hidden=\"true\" class=\"wp-block-spacer\"><\/div>\n\n<h3 class=\"wp-block-heading\">O que ver em um mapa de guia tur\u00edstico<\/h3>\n\n<p>Os Pontos de Interesse, ou abreviados POIs, s\u00e3o locais geralmente indicados por um marcador no mapa. No turismo, os POIs s\u00e3o vitais, pois mostram ao turista onde se encontram as atra\u00e7\u00f5es, a gastronomia ou as acomoda\u00e7\u00f5es.<\/p>\n<div class=\"wp-block-image\">\n<figure class=\"alignright size-large is-resized\"><img decoding=\"async\" width=\"765\" height=\"531\" src=\"https:\/\/www.printmaps.net\/wp-content\/uploads\/2020\/10\/bodensee-karte.jpg\" alt=\"\" class=\"wp-image-70212\" style=\"width:483px;height:335px\" srcset=\"https:\/\/www.printmaps.net\/wp-content\/uploads\/2020\/10\/bodensee-karte.jpg 765w, https:\/\/www.printmaps.net\/wp-content\/uploads\/2020\/10\/bodensee-karte-480x333.jpg 480w\" sizes=\"(min-width: 0px) and (max-width: 480px) 480px, (min-width: 481px) 765px, 100vw\" \/><\/figure><\/div>\n<p>Como acontece com qualquer mapa que deve ajudar as pessoas a se localizarem, a cartografia b\u00e1sica utilizada deve incluir pelo menos a rede de estradas e os nomes dos lugares, permitindo que as pessoas vejam rapidamente como chegar l\u00e1. A topografia, isto \u00e9, o sombreamento de morros e semelhantes, tem apenas uma import\u00e2ncia menor nesse aspecto. <\/p>\n\n<p>Al\u00e9m disso, para indicar rapidamente que tipo de POI ele \u00e9, \u00e9 vital indicar sua fun\u00e7\u00e3o com o \u00edcone correto. Para fazer isso, certifique-se de utilizar s\u00edmbolos geralmente reconhec\u00edveis, como um avi\u00e3o para aeroportos, um hamb\u00farguer para lugares para comer ou, para os mais interessados \u200b\u200bem alimentos l\u00edquidos, uma garrafa de vinho com um copo para lugares para beber.<\/p>\n\n<div style=\"height:100px\" aria-hidden=\"true\" class=\"wp-block-spacer\"><\/div>\n<div class=\"wp-block-image\">\n<figure class=\"alignleft size-large is-resized\"><img decoding=\"async\" width=\"621\" height=\"438\" src=\"https:\/\/www.printmaps.net\/wp-content\/uploads\/2018\/03\/FreeWebImage-8.png\" alt=\"mapa de guia tur&#xED;stico\" class=\"wp-image-28695\" style=\"width:614px;height:433px\"\/><\/figure><\/div>\n<h3 class=\"wp-block-heading\">Rotas de caminhada<\/h3>\n\n<p>Muitos destinos tur\u00edsticos s\u00e3o utilizados \u200b\u200bpelos visitantes para sair e desfrutar da natureza. Para encontrar as melhores rotas para caminhadas ou passeios, \u00e9 uma boa ideia mapear os percursos. Ao contr\u00e1rio dos mapas descritos acima para os POIs, o mais importante nestes tipos de mapas \u00e9 a inclus\u00e3o da topografia, para que os visitantes vejam, rapidamente, se ir\u00e3o subir uma colina ou ao longo de um plano que n\u00e3o teste suas aptid\u00f5es f\u00edsicas. <\/p>\n\n<div style=\"height:44px\" aria-hidden=\"true\" class=\"wp-block-spacer\"><\/div>\n\n<h3 class=\"wp-block-heading\">Aproveitando o Printmaps<\/h3>\n\n<p>Al\u00e9m de muitos outros recursos que o Printmaps oferece, tamb\u00e9m temos um geocodificador integrado que permite carregar arquivos em lote e converter os seus endere\u00e7os em suas respectivas coordenadas. \u00c9 realmente t\u00e3o f\u00e1cil quanto copiar e colar dados de uma planilha ou coluna de banco de dados. Basta clicar neste bot\u00e3o no editor: <img loading=\"lazy\" loading=\"lazy\" decoding=\"async\" src=\"https:\/\/www.printmaps.net\/wp-content\/uploads\/2018\/03\/poibutton.png\" alt=\"\" width=\"58\" height=\"51\"\/>e voc\u00ea ter\u00e1 uma vis\u00e3o familiar bem na sua frente. Tudo o que voc\u00ea precisa fazer \u00e9 colar o conte\u00fado nos respectivos campos e o Printmaps far\u00e1 o resto.<\/p>\n<div class=\"wp-block-image\">\n<figure class=\"aligncenter size-large\"><img loading=\"lazy\" loading=\"lazy\" decoding=\"async\" width=\"1024\" height=\"517\" src=\"https:\/\/www.printmaps.net\/wp-content\/uploads\/2019\/07\/printable-map-batch-geocode-addresses-excel-2-1024x517.gif\" alt=\"Endere&#xE7;os de geocodifica&#xE7;&#xE3;o em remessa para mapas para imprimir\" class=\"wp-image-37475\" srcset=\"https:\/\/www.printmaps.net\/wp-content\/uploads\/2019\/07\/printable-map-batch-geocode-addresses-excel-2-1024x517.gif 1024w, https:\/\/www.printmaps.net\/wp-content\/uploads\/2019\/07\/printable-map-batch-geocode-addresses-excel-2-980x495.gif 980w, https:\/\/www.printmaps.net\/wp-content\/uploads\/2019\/07\/printable-map-batch-geocode-addresses-excel-2-480x242.gif 480w\" sizes=\"auto, (min-width: 0px) and (max-width: 480px) 480px, (min-width: 481px) and (max-width: 980px) 980px, (min-width: 981px) 1024px, 100vw\" \/><\/figure><\/div>\n<p>Uma vez que o nosso mecanismo de geocodifica\u00e7\u00e3o converteu os endere\u00e7os em suas respectivas coordenadas, voc\u00ea pode prosseguir e alterar o tipo de marcador, a cor, o \u00edcone ou o seu tamanho. Todos os Pontos de Interesse ser\u00e3o salvos em uma camada separada, portanto, depois de baixar o seu mapa no formato Photoshop, voc\u00ea pode abri-lo e ajustar o posicionamento de seus Pontos de Interesse. <\/p>\n\n<div style=\"height:30px\" aria-hidden=\"true\" class=\"wp-block-spacer\"><\/div>\n\n<h3 class=\"wp-block-heading\">Mas espere, tem mais<\/h3>\n\n<p><p>Al\u00e9m da capacidade de posicionar quantos Pontos de Interesse voc\u00ea desejar, o Printmaps oferece uma variedade de ferramentas para facilitar sua experi\u00eancia. Por exemplo, se voc\u00ea deseja chamar a aten\u00e7\u00e3o para um pa\u00eds ou \u00e1rea municipal espec\u00edfica, pode utilizar a ferramenta de formas do Printmaps. Basta clicar neste bot\u00e3o <img loading=\"lazy\" loading=\"lazy\" decoding=\"async\" src=\"https:\/\/www.printmaps.net\/wp-content\/uploads\/2018\/03\/shapesButton.png\" alt=\"\" width=\"57\" height=\"50\"\/> e pesquisar o que voc\u00ea precisa.<\/p><\/p>\n\n<figure class=\"wp-block-image size-large\"><img loading=\"lazy\" loading=\"lazy\" decoding=\"async\" width=\"993\" height=\"580\" src=\"https:\/\/www.printmaps.net\/wp-content\/uploads\/2018\/03\/shapetool.png\" alt=\"\" class=\"wp-image-61153\"\/><\/figure>\n<div style=\"height:100px\" aria-hidden=\"true\" class=\"wp-block-spacer\"><\/div>\n<div class=\"wp-block-image\">\n<figure class=\"alignright size-large\"><img loading=\"lazy\" loading=\"lazy\" decoding=\"async\" width=\"621\" height=\"438\" src=\"https:\/\/www.printmaps.net\/wp-content\/uploads\/2018\/03\/FreeWebImage-4.png\" alt=\"\" class=\"wp-image-28655\"\/><\/figure><\/div>\n<p>A utiliza\u00e7\u00e3o de formas n\u00e3o s\u00f3 ajudar\u00e1 a orientar o foco do visualizador para a \u00e1rea que voc\u00ea deseja exibir, mas tamb\u00e9m remover\u00e1 as \u00e1reas que voc\u00ea n\u00e3o deseja que fiquem vis\u00edveis em seu mapa, quaisquer que sejam os seus motivos. <\/p>\n\n<div style=\"height:100px\" aria-hidden=\"true\" class=\"wp-block-spacer\"><\/div>\n<div class=\"wp-block-image\">\n<figure class=\"alignleft size-large is-resized\"><img loading=\"lazy\" loading=\"lazy\" decoding=\"async\" width=\"1200\" height=\"800\" src=\"https:\/\/www.printmaps.net\/wp-content\/uploads\/2018\/01\/bodensee-karte.jpg\" alt=\"mapa de guia tur&#xED;stico\" class=\"wp-image-27849\" style=\"width:579px;height:385px\"\/><\/figure><\/div>\n<h3 class=\"wp-block-heading\">Cria\u00e7\u00e3o de rotas com poucos cliques<\/h3>\n\n<p>Adicionar mapas com rotas de caminhada tamb\u00e9m \u00e9 um passeio no parque. O nosso editor de rotas n\u00e3o apenas permite que voc\u00ea desenhe suas rotas \u00e0 m\u00e3o livre, mas tamb\u00e9m utiliza um assistente que se ajusta magneticamente \u00e0s estradas existentes, permitindo que voc\u00ea literalmente crie rotas em segundos. <\/p>\n\n<p>Mas isso n\u00e3o \u00e9 tudo. Se voc\u00ea j\u00e1 gravou suas rotas com um dispositivo habilitado para GPS, voc\u00ea pode carregar esses arquivos &#8211; geralmente no formato GPX &#8211; para o editor e eles ser\u00e3o exibidos em seu mapa. O mais legal disso tudo: Voc\u00ea pode carregar quantas rotas quiser &#8211; e podem caber no seu mapa.<\/p>\n\n<div style=\"height:100px\" aria-hidden=\"true\" class=\"wp-block-spacer\"><\/div>\n\n<p class=\"has-large-font-size\">\u00c9 o que voc\u00ea faz dele<\/p>\n\n<p>Criar mapas para impress\u00e3o em publica\u00e7\u00f5es envolve mais do que apenas ter as ferramentas geogr\u00e1ficas corretas; trata-se de aproveitar seus pr\u00f3prios designs e ideias. Com o Printmaps, voc\u00ea tem total flexibilidade, seja escolhendo o tipo de cartografia ou selecionando os recursos a serem inclu\u00eddos em seu mapa.<\/p>\n\n<p>Mas a personaliza\u00e7\u00e3o n\u00e3o para por a\u00ed. Depois de criar e baixar seu mapa, as possibilidades s\u00e3o infinitas. Quer real\u00e7ar pontos de interesse com detalhes adicionais? Adicionar seus pr\u00f3prios logotipos, gr\u00e1ficos ou texto? Nossos mapas s\u00e3o entregues em um formato PSD em camadas, permitindo que voc\u00ea modifique todos os aspectos, at\u00e9 mesmo pontos de interesse individuais.<\/p>\n\n<p>Por que n\u00e3o experimentar nosso editor e descobrir como voc\u00ea pode transformar suas ideias facilmente no mapa perfeito adaptado para publica\u00e7\u00e3o?<\/p>\n\n<div style=\"height:48px\" aria-hidden=\"true\" class=\"wp-block-spacer\"><\/div>\n\n<div class=\"wp-block-group\"><div class=\"wp-block-group__inner-container is-layout-constrained wp-block-group-is-layout-constrained\">\n<h2 class=\"wp-block-heading has-text-align-center has-large-font-size\" style=\"font-style:normal;font-weight:700\">Experimente Printmaps<\/h2>\n\n\n\n<p class=\"has-text-align-center has-medium-font-size\">O nosso editor de mapas permite que voc\u00ea crie mapas de todo o mundo para impress\u00e3o em um instante.<\/p>\n\n\n\n<div style=\"height:15px\" aria-hidden=\"true\" class=\"wp-block-spacer\"><\/div>\n\n\n\n<div class=\"wp-block-buttons is-content-justification-center is-layout-flex wp-container-core-buttons-is-layout-16018d1d wp-block-buttons-is-layout-flex\">\n<div class=\"wp-block-button has-custom-font-size\" style=\"font-size:18px\"><a class=\"wp-block-button__link has-background wp-element-button\" href=\"https:\/\/www.printmaps.net\/pt-br\/\" style=\"border-radius:10px;background-color:#e5017e\"><p><strong>Crie o seu primeiro mapa agora<\/strong><\/p><\/a><\/div>\n<\/div>\n<\/div><\/div>\n\n<div style=\"height:150px\" aria-hidden=\"true\" class=\"wp-block-spacer\"><\/div>\n\n<div class=\"schema-faq wp-block-yoast-faq-block\"><div class=\"schema-faq-section\" id=\"faq-question-1757946994908\"><strong class=\"schema-faq-question\">Posso criar o mesmo mapa em v\u00e1rios idiomas?<\/strong> <p class=\"schema-faq-answer\">Sim. Use as fun\u00e7\u00f5es \u201cSalvar\u201d e \u201cAbrir\u201d no canto superior direito do editor para reabrir o mesmo mapa. Depois, voc\u00ea pode alterar o idioma dos r\u00f3tulos em \u201cConfigura\u00e7\u00f5es de Estilo Avan\u00e7adas\u201d. Se os r\u00f3tulos n\u00e3o estiverem dispon\u00edveis no idioma escolhido, eles ser\u00e3o exibidos no idioma local.<\/p> <\/div> <div class=\"schema-faq-section\" id=\"faq-question-1757947141133\"><strong class=\"schema-faq-question\"><strong>Como visualizar rotas a p\u00e9 e transporte juntos?<\/strong><\/strong> <p class=\"schema-faq-answer\">Voc\u00ea pode mostrar diferentes modos de transporte na mesma rota exibindo, ao lado dela, um \u00edcone do modo. Isso \u00e9 simples no nosso editor com a ferramenta de desenho de rotas. Selecione o modo, ative \u201cMostrar \u00edcones\u201d e ent\u00e3o desenhe sua rota. \u00c9 poss\u00edvel exibir modos diferentes para trechos distintos. Para rotas desenhadas com a ferramenta magnet, h\u00e1 \u00edcones de pedestre, bicicleta e carro. Com a ferramenta arc-line, h\u00e1 avi\u00f5es, navios e trens. Com a ferramenta straight line, \u00e9 poss\u00edvel selecionar todos os modos.<\/p> <\/div> <div class=\"schema-faq-section\" id=\"faq-question-1757947701254\"><strong class=\"schema-faq-question\">O que mais ajuda visitantes de primeira viagem em um mapa para caminhada?<\/strong> <p class=\"schema-faq-answer\">Hierarquia clara: POIs numerados, nomes curtos, formatos de \u00edcones consistentes e uma legenda simples. Forne\u00e7a estimativas de tempo entre agrupamentos, n\u00e3o minutos exatos.<\/p> <\/div> <div class=\"schema-faq-section\" id=\"faq-question-1757948908032\"><strong class=\"schema-faq-question\">Como destacar a \u00e1rea de interesse de forma elegante?<\/strong> <p class=\"schema-faq-answer\">A maneira mais f\u00e1cil \u00e9 destacar a \u00e1rea administrativa com a ferramenta \u201cAdicionar forma geogr\u00e1fica\u201d e inverter a sele\u00e7\u00e3o. Depois, mude a cor para branco (ou a que preferir) e ajuste a opacidade alterando o valor \u201cA\u201d na ferramenta de cor. Ao clarear as outras \u00e1reas, a \u00e1rea desejada ganha destaque.<\/p> <\/div> <\/div>\n","protected":false},"excerpt":{"rendered":"<p>Quer se trate de uma metr\u00f3pole como Nova York ou do interior acidentado das remotas Terras Altas da Esc\u00f3cia: viajar para lugares distantes sempre ser\u00e1 um fasc\u00ednio para as pessoas. Para garantir que as pessoas se orientem nesses lugares, os editores produzem uma quantidade impressionante de guias tur\u00edsticos. E qual guia tur\u00edstico estaria completo sem [&hellip;]<\/p>\n","protected":false},"author":6,"featured_media":0,"parent":0,"menu_order":0,"comment_status":"closed","ping_status":"closed","template":"","meta":{"_et_pb_use_builder":"off","_et_pb_old_content":"","_et_gb_content_width":"","footnotes":""},"class_list":["post-95821","page","type-page","status-publish","hentry"],"_links":{"self":[{"href":"https:\/\/www.printmaps.net\/pt-br\/wp-json\/wp\/v2\/pages\/95821","targetHints":{"allow":["GET"]}}],"collection":[{"href":"https:\/\/www.printmaps.net\/pt-br\/wp-json\/wp\/v2\/pages"}],"about":[{"href":"https:\/\/www.printmaps.net\/pt-br\/wp-json\/wp\/v2\/types\/page"}],"author":[{"embeddable":true,"href":"https:\/\/www.printmaps.net\/pt-br\/wp-json\/wp\/v2\/users\/6"}],"replies":[{"embeddable":true,"href":"https:\/\/www.printmaps.net\/pt-br\/wp-json\/wp\/v2\/comments?post=95821"}],"version-history":[{"count":11,"href":"https:\/\/www.printmaps.net\/pt-br\/wp-json\/wp\/v2\/pages\/95821\/revisions"}],"predecessor-version":[{"id":221926,"href":"https:\/\/www.printmaps.net\/pt-br\/wp-json\/wp\/v2\/pages\/95821\/revisions\/221926"}],"wp:attachment":[{"href":"https:\/\/www.printmaps.net\/pt-br\/wp-json\/wp\/v2\/media?parent=95821"}],"curies":[{"name":"wp","href":"https:\/\/api.w.org\/{rel}","templated":true}]}}