{"id":95838,"date":"2021-08-05T14:49:31","date_gmt":"2021-08-05T12:49:31","guid":{"rendered":"https:\/\/www.printmaps.net\/imprimir-mapa-com-diversas-localizacoes\/"},"modified":"2024-06-04T12:49:03","modified_gmt":"2024-06-04T11:49:03","slug":"imprimir-mapa-com-diversas-localizacoes","status":"publish","type":"page","link":"https:\/\/www.printmaps.net\/pt-br\/imprimir-mapa-com-diversas-localizacoes\/","title":{"rendered":"Como imprimir um mapa com diversas localiza\u00e7\u00f5es"},"content":{"rendered":"\n<div style=\"height:29px\" aria-hidden=\"true\" class=\"wp-block-spacer\"><\/div>\n\n<div class=\"wp-block-columns is-layout-flex wp-container-core-columns-is-layout-9d6595d7 wp-block-columns-is-layout-flex\">\n<div class=\"wp-block-column is-layout-flow wp-block-column-is-layout-flow\" style=\"flex-basis:66.66%\">\n<figure class=\"wp-block-image size-large\"><img fetchpriority=\"high\" fetchpriority=\"high\" decoding=\"async\" width=\"621\" height=\"438\" src=\"https:\/\/www.printmaps.net\/wp-content\/uploads\/2018\/03\/FreeWebImage-1.png\" alt=\"Imprimir mapa com diversas localiza&#xE7;&#xF5;es\" class=\"wp-image-61156\"\/><\/figure><\/div>\n\n\n\n<div class=\"wp-block-column is-layout-flow wp-block-column-is-layout-flow\" style=\"flex-basis:33.33%\">\n<p>Quando se trata de mapear diversas localiza\u00e7\u00f5es, h\u00e1 algumas coisas a serem levadas em considera\u00e7\u00e3o. Primeiro, como fixar os locais de sua empresa, lojas e qualquer outro Ponto de Interesse importante da maneira mais r\u00e1pida e eficiente poss\u00edvel em sua localiza\u00e7\u00e3o correta no mapa. Em segundo lugar, como preservar a qualidade do mapa para que ele possa ser impresso em alta resolu\u00e7\u00e3o. Imprimir um mapa com diversas localiza\u00e7\u00f5es para a sua empresa pode facilmente se tornar um consumo de tempo e um pr\u00f3prio neg\u00f3cio caro. Especialmente se o seu neg\u00f3cio compreende muitas lojas f\u00edsicas, exibir todas elas em um mapa exigir\u00e1 tempo, conhecimento e um pouco de paci\u00eancia.<\/p>\n<\/div>\n<\/div>\n\n<div style=\"height:23px\" aria-hidden=\"true\" class=\"wp-block-spacer\"><\/div>\n\n<div class=\"wp-block-buttons is-content-justification-center is-layout-flex wp-container-core-buttons-is-layout-16018d1d wp-block-buttons-is-layout-flex\">\n<div class=\"wp-block-button has-custom-font-size\" style=\"font-size:18px\"><a class=\"wp-block-button__link has-background wp-element-button\" href=\"https:\/\/www.printmaps.net\/pt-br\/\" style=\"border-radius:10px;background-color:#e5017e\"><p><strong>Comece a mapear agora, sem necessidade de registro<\/strong><\/p><\/a><\/div>\n<\/div>\n\n<div style=\"height:100px\" aria-hidden=\"true\" class=\"wp-block-spacer\"><\/div>\n\n<p><strong>In this article we will explain how to cut down drastically on the time it takes to create a map file to print a map with multiple locations while also showing you how to make the whole thing easy on the eyes.<\/strong><\/p>\n\n<h3 class=\"wp-block-heading\" id=\"plot-several-locations-at-once\">Tra\u00e7ar v\u00e1rias localiza\u00e7\u00f5es de uma s\u00f3 vez<\/h3>\n\n<p>Voc\u00ea deve estar familiarizado com a no\u00e7\u00e3o de que comprar em volume \u00e9 sempre uma boa ideia. Mas voc\u00ea sabia que enviar os seus geo-dados em massa pode ser t\u00e3o vantajoso?<\/p>\n\n<p>\u00c9 comum que as companhias n\u00e3o tenham apenas uma, duas ou talvez tr\u00eas lojas f\u00edsicas. Muitas vezes s\u00e3o tantas que a ideia de descobrir suas coordenadas para localiz\u00e1-las em um mapa para imprimir ou fins de apresenta\u00e7\u00e3o parece a mais complicada das tarefas. \u00c9 aqui que entra a geocodifica\u00e7\u00e3o em massa.<\/p>\n\n<div class=\"wp-block-columns is-layout-flex wp-container-core-columns-is-layout-9d6595d7 wp-block-columns-is-layout-flex\">\n<div class=\"wp-block-column is-layout-flow wp-block-column-is-layout-flow\" style=\"flex-basis:33.33%\">\n<p><p>By merely copying the postal addresses into a\u00a0<strong>bulk-geocoding uploader<\/strong>, all the postal addresses will be converted to their respective geographical coordinates. A good bulk-geocoding tool will let you use information copy and pasted from a database or from a spreadsheet like Microsoft\u2019s Excel or Libreoffice\u2019s Calc and do all the heavy lifting for you. The result will be all your points of interest (POIs) located on the map within minutes.<\/p><\/p>\n<\/div>\n\n\n\n<div class=\"wp-block-column is-layout-flow wp-block-column-is-layout-flow\" style=\"flex-basis:66.66%\">\n<figure class=\"wp-block-image size-large\"><img decoding=\"async\" width=\"621\" height=\"438\" src=\"https:\/\/www.printmaps.net\/wp-content\/uploads\/2018\/03\/FreeWebImage-3.png\" alt=\"Imprimir mapa com diversas localiza&#xE7;&#xF5;es\" class=\"wp-image-61158\"\/><\/figure><\/div>\n<\/div>\n\n<div style=\"height:38px\" aria-hidden=\"true\" class=\"wp-block-spacer\"><\/div>\n\n<h3 class=\"wp-block-heading\" id=\"easily-pin-multiple-locations-on-the-print-map\">Easily pin multiple locations on the print map<br\/><\/h3>\n\n<p>Apart from the many other features Printmaps offers, we also have a built-in geocoder that allows you to batch-upload and convert your addresses to their respective coordinates. It really is as easy as copying and then pasting data from a spreadsheet or a database column. Just click this Button in the editor:\u00a0<img decoding=\"async\" width=\"58\" height=\"51\" src=\"https:\/\/www.printmaps.net\/wp-content\/uploads\/2018\/03\/poibutton.png\" alt=\"\"\/>and you\u2019ll have a familiar sight right in front of you. All you need to do is paste your content into the respective fields, and Printmaps will do the rest. Just copy and paste if you&#8217;d like to <span style=\"text-decoration: underline;\">map multiple locations from excel<\/span>. <\/p>\n\n<div style=\"height:43px\" aria-hidden=\"true\" class=\"wp-block-spacer\"><\/div>\n\n<figure class=\"wp-block-image size-large\"><img loading=\"lazy\" loading=\"lazy\" decoding=\"async\" width=\"1024\" height=\"517\" src=\"https:\/\/www.printmaps.net\/wp-content\/uploads\/2019\/09\/printable-map-batch-geocode-addresses-excel-1024x517.gif\" alt=\"\" class=\"wp-image-37457\" srcset=\"https:\/\/www.printmaps.net\/wp-content\/uploads\/2019\/09\/printable-map-batch-geocode-addresses-excel-1024x517.gif 1024w, https:\/\/www.printmaps.net\/wp-content\/uploads\/2019\/09\/printable-map-batch-geocode-addresses-excel-980x495.gif 980w, https:\/\/www.printmaps.net\/wp-content\/uploads\/2019\/09\/printable-map-batch-geocode-addresses-excel-480x242.gif 480w\" sizes=\"auto, (min-width: 0px) and (max-width: 480px) 480px, (min-width: 481px) and (max-width: 980px) 980px, (min-width: 981px) 1024px, 100vw\" \/><\/figure>\n<div style=\"height:20px\" aria-hidden=\"true\" class=\"wp-block-spacer\"><\/div>\n\n<p>Uma vez que o nosso mecanismo de geocodifica\u00e7\u00e3o tenha convertido os endere\u00e7os em suas respectivas coordenadas, voc\u00ea pode seguir em frente e alterar o tipo de marcador, a cor, o \u00edcone ou o seu tamanho. Todos os POIs ser\u00e3o salvos em uma camada separada, ent\u00e3o, depois de baixar seu mapa no formato Photoshop, voc\u00ea pode abri-lo e ajustar o posicionamento de seus POIs.<\/p>\n\n<div style=\"height:20px\" aria-hidden=\"true\" class=\"wp-block-spacer\"><\/div>\n\n<h3 class=\"wp-block-heading\" id=\"add-custom-pins-to-your-multiple-locations-map\">Adicione pinos personalizados ao seu mapa de diversas localiza\u00e7\u00f5es<\/h3>\n\n<p><p>If you want to print a map with multiple locations, perhaps you want to pin these locations with pins that show your business logo. Within the editor you have the option to\u00a0<a href=\"https:\/\/www.printmaps.net\/pt-br\/criar-mapa-com-pinos\/\">upload your own customized pins<\/a>, and pin those immediately onto your map. You can also decide to add your custom pins later while you edit in Photoshop or Illustrator.<\/p><\/p>\n\n<h2 class=\"wp-block-heading\" id=\"but-wait-there-s-more\">Mas espere, tem mais<\/h2>\n\n<p>Apart from being able to position as many POIs as you want, Printmaps offers a wide array of tools to make your life easier. Say you want to draw a border around the country or municipal area you want to emphasize? That\u2019s what the Printmaps shapes tool is for. Click this button\u00a0<img loading=\"lazy\" loading=\"lazy\" decoding=\"async\" width=\"57\" height=\"50\" src=\"https:\/\/www.printmaps.net\/wp-content\/uploads\/2018\/03\/shapesButton.png\" alt=\"\"\/>\u00a0and then simply search what you\u2019re looking for.<\/p>\n\n<figure class=\"wp-block-image size-large\"><img loading=\"lazy\" loading=\"lazy\" decoding=\"async\" width=\"529\" height=\"417\" src=\"https:\/\/www.printmaps.net\/wp-content\/uploads\/2019\/07\/printable-map-draw-geographic-shape-administrative-1.gif\" alt=\"Selecionar formas geogr&#xE1;ficas\/administrativas\" class=\"wp-image-37476\"\/><\/figure>\n<div style=\"height:61px\" aria-hidden=\"true\" class=\"wp-block-spacer\"><\/div>\n\n<div class=\"wp-block-columns is-layout-flex wp-container-core-columns-is-layout-9d6595d7 wp-block-columns-is-layout-flex\">\n<div class=\"wp-block-column is-layout-flow wp-block-column-is-layout-flow\" style=\"flex-basis:33.33%\">\n<p>A utiliza\u00e7\u00e3o de formas n\u00e3o s\u00f3 ajudar\u00e1 a orientar o foco do visualizador para a \u00e1rea que voc\u00ea deseja exibir, mas tamb\u00e9m remover\u00e1 as \u00e1reas que voc\u00ea n\u00e3o deseja que fiquem vis\u00edveis em seu mapa, quaisquer que sejam os seus motivos. <\/p>\n<\/div>\n\n\n\n<div class=\"wp-block-column is-layout-flow wp-block-column-is-layout-flow\" style=\"flex-basis:66.66%\">\n<figure class=\"wp-block-image size-large\"><img loading=\"lazy\" loading=\"lazy\" decoding=\"async\" width=\"621\" height=\"438\" src=\"https:\/\/www.printmaps.net\/wp-content\/uploads\/2018\/03\/FreeWebImage-4.png\" alt=\"Imprimir mapa com diversas localiza&#xE7;&#xF5;es\" class=\"wp-image-61152\"\/><\/figure>\n\n\n<p><\/p>\n<\/div>\n<\/div>\n\n<div style=\"height:27px\" aria-hidden=\"true\" class=\"wp-block-spacer\"><\/div>\n\n<div class=\"wp-block-columns is-layout-flex wp-container-core-columns-is-layout-9d6595d7 wp-block-columns-is-layout-flex\">\n<div class=\"wp-block-column is-layout-flow wp-block-column-is-layout-flow\" style=\"flex-basis:66.66%\">\n<figure class=\"wp-block-image size-large\"><img loading=\"lazy\" loading=\"lazy\" decoding=\"async\" width=\"621\" height=\"438\" src=\"https:\/\/www.printmaps.net\/wp-content\/uploads\/2018\/03\/FreeWebImage-5.png\" alt=\"Imprimir mapa com diversas localiza&#xE7;&#xF5;es\" class=\"wp-image-28654\"\/><\/figure><\/div>\n\n\n\n<div class=\"wp-block-column is-layout-flow wp-block-column-is-layout-flow\" style=\"flex-basis:33.33%\">\n<p>Outra ferramenta de desenho importante e \u00fatil \u00e9 o editor de rotas. H\u00e1 uma rota entre os lugares que deseja exibir no mapa? Basta desenh\u00e1-la ou, se a tiver como um arquivo GPX, simplesmente carregue-a e ela ser\u00e1 adicionada ao seu mapa. E sim, \u00e9 claro que voc\u00ea pode desenhar mais do que apenas uma rota em seu mapa. <\/p>\n<\/div>\n<\/div>\n\n<div style=\"height:61px\" aria-hidden=\"true\" class=\"wp-block-spacer\"><\/div>\n\n<div class=\"wp-block-group\"><div class=\"wp-block-group__inner-container is-layout-constrained wp-block-group-is-layout-constrained\">\n<h2 class=\"wp-block-heading has-text-align-center has-large-font-size\" style=\"font-style:normal;font-weight:700\">Experimente Printmaps<\/h2>\n\n\n\n<p class=\"has-text-align-center has-medium-font-size\">O nosso editor de mapas permite que voc\u00ea crie mapas de todo o mundo para impress\u00e3o em um instante.<\/p>\n\n\n\n<div style=\"height:15px\" aria-hidden=\"true\" class=\"wp-block-spacer\"><\/div>\n\n\n\n<div class=\"wp-block-buttons is-content-justification-center is-layout-flex wp-container-core-buttons-is-layout-16018d1d wp-block-buttons-is-layout-flex\">\n<div class=\"wp-block-button has-custom-font-size\" style=\"font-size:18px\"><a class=\"wp-block-button__link has-background wp-element-button\" href=\"https:\/\/www.printmaps.net\/pt-br\/\" style=\"border-radius:10px;background-color:#e5017e\"><p><strong>Crie o seu primeiro mapa agora<\/strong><\/p><\/a><\/div>\n<\/div>\n<\/div><\/div>\n\n<div style=\"height:150px\" aria-hidden=\"true\" class=\"wp-block-spacer\"><\/div>\n","protected":false},"excerpt":{"rendered":"<p>Quando se trata de mapear diversas localiza\u00e7\u00f5es, h\u00e1 algumas coisas a serem levadas em considera\u00e7\u00e3o. Primeiro, como fixar os locais de sua empresa, lojas e qualquer outro Ponto de Interesse importante da maneira mais r\u00e1pida e eficiente poss\u00edvel em sua localiza\u00e7\u00e3o correta no mapa. Em segundo lugar, como preservar a qualidade do mapa para que [&hellip;]<\/p>\n","protected":false},"author":19,"featured_media":0,"parent":0,"menu_order":0,"comment_status":"closed","ping_status":"closed","template":"","meta":{"_et_pb_use_builder":"off","_et_pb_old_content":"","_et_gb_content_width":"","footnotes":""},"class_list":["post-95838","page","type-page","status-publish","hentry"],"_links":{"self":[{"href":"https:\/\/www.printmaps.net\/pt-br\/wp-json\/wp\/v2\/pages\/95838","targetHints":{"allow":["GET"]}}],"collection":[{"href":"https:\/\/www.printmaps.net\/pt-br\/wp-json\/wp\/v2\/pages"}],"about":[{"href":"https:\/\/www.printmaps.net\/pt-br\/wp-json\/wp\/v2\/types\/page"}],"author":[{"embeddable":true,"href":"https:\/\/www.printmaps.net\/pt-br\/wp-json\/wp\/v2\/users\/19"}],"replies":[{"embeddable":true,"href":"https:\/\/www.printmaps.net\/pt-br\/wp-json\/wp\/v2\/comments?post=95838"}],"version-history":[{"count":9,"href":"https:\/\/www.printmaps.net\/pt-br\/wp-json\/wp\/v2\/pages\/95838\/revisions"}],"predecessor-version":[{"id":173429,"href":"https:\/\/www.printmaps.net\/pt-br\/wp-json\/wp\/v2\/pages\/95838\/revisions\/173429"}],"wp:attachment":[{"href":"https:\/\/www.printmaps.net\/pt-br\/wp-json\/wp\/v2\/media?parent=95838"}],"curies":[{"name":"wp","href":"https:\/\/api.w.org\/{rel}","templated":true}]}}