{"id":95864,"date":"2021-08-05T15:36:49","date_gmt":"2021-08-05T13:36:49","guid":{"rendered":"https:\/\/www.printmaps.net\/recursos\/"},"modified":"2024-10-23T15:04:09","modified_gmt":"2024-10-23T14:04:09","slug":"recursos","status":"publish","type":"page","link":"https:\/\/www.printmaps.net\/pt-br\/recursos\/","title":{"rendered":"Como o editor de mapas Printmaps funciona"},"content":{"rendered":"\n<p><p>Voc\u00ea n\u00e3o precisa ser um cart\u00f3grafo profissional ou um designer para criar mapas impressionantes e atraentes em minutos \u2013 sendo eles\u00a0<b>mapas de cidade, mapas de trilhas, mapas de dire\u00e7\u00e3o, mapas tur\u00edsticos\u00a0<\/b>ou\u00a0<strong>mapas de vis\u00e3o geral<\/strong>.<\/p><\/p>\n\n<figure class=\"wp-block-image\"><a href=\"\/pt-br\/\"><img decoding=\"async\" src=\"https:\/\/www.printmaps.net\/wp-content\/uploads\/2024\/09\/print-map-1.png\" alt=\"mapa para imprimir\" title=\"mapa para imprimir editor\"\/><\/a><\/figure>\n<p><p>N\u00f3s prometemos: O\u00a0<a href=\"https:\/\/www.printmaps.net\/pt-br\/\">editor de mapas<\/a>\u00a0<a href=\"https:\/\/www.printmaps.net\/pt-br\/\">Printmaps<\/a>\u00a0vai economizar muitas horas no desenho do mapa e no tra\u00e7ado da rota. Voc\u00ea est\u00e1 procurando\u00a0<strong>imprimir mapas em alta resolu\u00e7\u00e3o<\/strong>\u00a0para Mercado Imobili\u00e1rio ou guias tur\u00edsticos,\u00a0 precisa de\u00a0<strong>um arquivo de mapas em camadas para edi\u00e7\u00e3o posterior<\/strong>\u00a0ou para criar\u00a0<strong>um mapa de viagem personalizado<\/strong>? Deixe-nos detalhar sobre os diferentes recursos que voc\u00ea pode encontrar conforme as tr\u00eas guias do editor: Projetar mapa, Adicionar Conte\u00fado &amp; Baixar Arquivos de maps, para que nada fique no caminho entre voc\u00ea e o seu Printmap!<\/p><\/p>\n\n<h2 class=\"wp-block-heading\">\u00a0<\/h2>\n\n<h2 class=\"wp-block-heading\">1. Projetar o seu mapa<\/h2>\n\n<hr class=\"wp-block-separator has-alpha-channel-opacity\"\/>\n\n<p><p>Conforme a guia projetar mapa no editor, voc\u00ea pode ajustar os elementos b\u00e1sicos do mapa. Decida o tamanho de impress\u00e3o de seu mapa e rotacione ou incline o mapa. Ajuste a escala de texto para alterar\u00a0<strong>o tamanho do texto<\/strong>\u00a0exibido no mapa e\u00a0<strong>selecione quais t\u00edtulos voc\u00ea gostaria de exibir<\/strong>\u00a0ou ocultar.\u00a0<strong>Altere o idioma exibido<\/strong>\u00a0no mapa e escolha um dos\u00a0<strong>v\u00e1rios estilos de mapa<\/strong>.<\/p><\/p>\n\n<figure class=\"wp-block-image\"><img decoding=\"async\" src=\"https:\/\/www.printmaps.net\/wp-content\/uploads\/2019\/07\/printable-map-editor-1-1024x681.gif\" alt=\"Desenhe uma rota com a ferramenta magn&#xE9;tica\"\/><\/figure>\n<div style=\"height:26px\" aria-hidden=\"true\" class=\"wp-block-spacer\"><\/div>\n\n<h3 class=\"wp-block-heading\">Mapa mundial em todos os n\u00edveis de zoom<\/h3>\n\n<p>N\u00f3s fornecemos cartografia mundial com todos os n\u00edveis de zoom. Ent\u00e3o v\u00e1 t\u00e3o alto ou t\u00e3o intenso quanto voc\u00ea quiser!<\/p>\n\n<h3 class=\"wp-block-heading\"><p><strong>Redimensionar o mapa<\/strong><\/p><\/h3>\n\n<p><p>Insira o tamanho da impress\u00e3o conforme a guia Projetar Mapa. Selecione um dos tamanhos padr\u00e3o ou insira um tamanho personalizado em mm de largura e altura.\u00a0<em>Observa\u00e7\u00e3o: mapas com comprimento lateral maior que 220mm n\u00e3o est\u00e3o dispon\u00edveis como PNG, somente como PSD ou SVG.<\/em>\u00a0D\u00ea uma olhada no efeito disso em\u00a0<a href=\"https:\/\/www.printmaps.net\/pt-br\/precos\/\" target=\"_blank\" rel=\"noreferrer noopener\">nossos pre\u00e7os<\/a>.<\/p><\/p>\n\n<p><p>Arraste o mapa com o cursor para determinar o enquadramento do mapa desejado.\u00a0<em>Observa\u00e7\u00e3o: o tamanho m\u00e1ximo de um mapa de impress\u00e3o \u00e9 1330x1330mm<\/em>. N\u00e3o se esque\u00e7a\u00a0<strong>de bloquear a \u00e1rea do mapa<\/strong> quando tiver determinado o enquadramento de imagem correto. Desta forma, a moldura do seu mapa n\u00e3o se mover\u00e1 mais!<\/p><\/p>\n\n<figure class=\"wp-block-image\"><img decoding=\"async\" src=\"https:\/\/www.printmaps.net\/wp-content\/uploads\/2021\/01\/Online-map-editor-1024x560.png\" alt=\"\"\/><\/figure>\n<figure class=\"wp-block-image\"><img decoding=\"async\" src=\"https:\/\/www.printmaps.net\/wp-content\/uploads\/2021\/01\/map-styles.png\" alt=\"\"\/><\/figure>\n<div style=\"height:34px\" aria-hidden=\"true\" class=\"wp-block-spacer\"><\/div>\n\n<h3 class=\"wp-block-heading\">Escolha o estilo de seu mapa<\/h3>\n\n<p><p>O seu mapa, o seu estilo. Escolha entre v\u00e1rios estilos de mapa, desde terreno completo at\u00e9 inverno e estilos de cidade. Eternize facilmente\u00a0<a href=\"http:\/\/www.komoot.com\/\" target=\"_blank\" rel=\"noreferrer noopener\">caminhadas Komoot,<\/a>\u00a0<a href=\"http:\/\/www.bikemap.net\/\" target=\"_blank\" rel=\"noreferrer noopener\">roteiros de ciclismo Bikemap<\/a>\u00a0ou\u00a0<a href=\"https:\/\/www.facebook.com\/ulmon\/\" target=\"_blank\" rel=\"noreferrer noopener\">mapas de visitas tur\u00edstica CityMaps2Go<\/a> no mesmo estilo de mapa do aplicativo.<\/p><\/p>\n\n<figure class=\"wp-block-image\"><img decoding=\"async\" src=\"https:\/\/www.printmaps.net\/wp-content\/uploads\/2019\/09\/printable-map-features-layers-styles-edit.gif\" alt=\"\"\/><\/figure>\n<div style=\"height:35px\" aria-hidden=\"true\" class=\"wp-block-spacer\"><\/div>\n\n<h3 class=\"wp-block-heading\">Projete-o voc\u00ea mesmo<\/h3>\n\n<p>Escolha o seu pr\u00f3prio design marcando ou desmarcando os itens que deseja incluir no mapa. Voc\u00ea pode torn\u00e1-lo t\u00e3o inclusivo ou vazio quanto precisar. Com apenas alguns cliques, voc\u00ea cria mapas de estados, prov\u00edncias ou pa\u00edses em branco.<\/p>\n\n<figure class=\"wp-block-image\"><img decoding=\"async\" src=\"https:\/\/www.printmaps.net\/wp-content\/uploads\/2019\/09\/printable-map-3d-tilted-citymap-streets-1-1024x725.png\" alt=\"\"\/><\/figure>\n<div style=\"height:33px\" aria-hidden=\"true\" class=\"wp-block-spacer\"><\/div>\n\n<h3 class=\"wp-block-heading\"><p><strong>Inclinar e girar o mapa<\/strong><\/p><\/h3>\n\n<p><p>Gire o mapa ao redor para mostr\u00e1-lo na dire\u00e7\u00e3o de sua prefer\u00eancia. Incline o mapa em at\u00e9 60\u00b0 para adicionar perspectiva. Ideal para mapas imobili\u00e1rios, mapas de localiza\u00e7\u00e3o de hot\u00e9is ou passeios pela cidade.\u00a0<em>Observa\u00e7\u00e3o: os mapas inclinados e girados n\u00e3o est\u00e3o dispon\u00edveis como SVG, apenas como PSD ou PNG<\/em>.<\/p><\/p>\n\n<h2 class=\"wp-block-heading\"><p>2.\u00a0<strong>Adicionar conte\u00fado ao seu mapa<\/strong><\/p><\/h2>\n\n<hr class=\"wp-block-separator has-alpha-channel-opacity\"\/>\n\n<p><p>Na guia adicionar conte\u00fado, voc\u00ea pode d<strong>esenhar uma rota, carregar um arquivo GPX, KML ou GeoJSON (rota registrada), adicionar Pontos de interesse\u00a0<\/strong>e<strong> editar com formas geogr\u00e1ficas.<\/strong><\/p><\/p>\n\n<figure class=\"wp-block-image\"><img decoding=\"async\" src=\"https:\/\/www.printmaps.net\/wp-content\/uploads\/2020\/05\/biking-route-map-1024x665.png\" alt=\"criar mapa de rotas\"\/><\/figure>\n<div style=\"height:34px\" aria-hidden=\"true\" class=\"wp-block-spacer\"><\/div>\n\n<h3 class=\"wp-block-heading\">Desenhar uma rota<\/h3>\n\n<p>Quer incluir uma rota em seu mapa? \u00c9 t\u00e3o f\u00e1cil quanto usar nossa ferramenta de desenho magn\u00e9tico. Mais interessado em m\u00e3o livre? N\u00e3o se preocupe, tamb\u00e9m apoiamos isso. No \u201cModo F\u00e1cil\u201d voc\u00ea pode tra\u00e7ar rotas inserindo os pontos de destino na barra de pesquisa. No \u201cModo Especialista\u201d voc\u00ea pode desenhar clicando nos pontos de destino no mapa. Em ambos os modos, voc\u00ea pode desenhar linhas retas ou curvas ou desenhar uma linha que se encaixe magneticamente nas estradas existentes. Ajuste a espessura e a cor da linha. Decida mostrar os \u00edcones do modo de viagem (avi\u00e3o, trem, carro, caminhada, bicicleta, navio) ou ocult\u00e1-los.<\/p>\n\n<figure class=\"wp-block-image\"><img decoding=\"async\" src=\"https:\/\/www.printmaps.net\/wp-content\/uploads\/2020\/10\/maps-with-layers-for-adobe-photoshop-illustrator.gif\" alt=\"\"\/><\/figure>\n<div style=\"height:36px\" aria-hidden=\"true\" class=\"wp-block-spacer\"><\/div>\n\n<h3 class=\"wp-block-heading\"><p><strong>Como carregar rotas registradas para o mapa<\/strong><\/p><\/h3>\n\n<p>Voc\u00ea tem um GPX ou KML que deseja incluir em seu mapa? N\u00e3o tem problema, voc\u00ea pode carregar quantos quiser e exib\u00ed-los em seu mapa.<\/p>\n\n<p>Na guia \u201cCarregue Arquivos\u201d voc\u00ea encontrar\u00e1 a op\u00e7\u00e3o para carregar arquivos GPX, KML ou GeoJSON para o mapa. Desta forma, voc\u00ea pode visualizar a sua rota registrada em um mapa para imprimir em alta resolu\u00e7\u00e3o. Uma maneira f\u00e1cil de imprimir um mapa gpx.<\/p>\n\n<p>Frequentemente utilizado por revistas de rotas automobil\u00edsticas, perfeito para guias com mapas de caminhadas e bicicletas ou blogs de viagens. Eternize a sua corrida favorita no bairro ou uma maratona na parede. D\u00ea uma olhada nesses exemplos impressionantes de impress\u00f5es strava.<\/p>\n\n<iframe width=\"560\" height=\"315\" src=\"https:\/\/www.youtube.com\/embed\/aM5W250xMYU?si=mXwtWV4P2VcECvM8\" title=\"YouTube video player\" frameborder=\"0\" allow=\"accelerometer; autoplay; clipboard-write; encrypted-media; gyroscope; picture-in-picture; web-share\" referrerpolicy=\"strict-origin-when-cross-origin\" allowfullscreen=\"\"><\/iframe>\r\n\n<div style=\"height:42px\" aria-hidden=\"true\" class=\"wp-block-spacer\"><\/div>\n\n<figure class=\"wp-block-image\"><img decoding=\"async\" src=\"https:\/\/www.printmaps.net\/wp-content\/uploads\/2019\/09\/printable-map-batch-geocode-addresses-POI-1024x725.gif\" alt=\"\"\/><\/figure>\n<div style=\"height:41px\" aria-hidden=\"true\" class=\"wp-block-spacer\"><\/div>\n\n<h3 class=\"wp-block-heading\"><p><strong>Criar um mapa com pinos e marcadores<\/strong><\/p><\/h3>\n\n<p>Trace um \u00fanico Ponto de Interesse no mapa arrastando-o e colocando-o no mapa ou insira a sua localiza\u00e7\u00e3o exata na planilha. Ajuste facilmente os seus tamanhos e escolha entre uma s\u00e9rie de cores e \u00edcones para estiliz\u00e1-los.<\/p>\n\n<p><p><strong>Mapa com marcadores personalizados<\/strong><\/p><\/p>\n\n<p><p>Escolha um dos marcadores e r\u00f3tulos padr\u00e3o ou carregue os seus pr\u00f3prios pinos personalizados. Encontre e baixe pinos personalizados online ou crie os seus pr\u00f3prios. Mapa com o logotipo de sua empresa ou qualquer outra imagem que voc\u00ea gostaria de exibir no mapa.\u00a0<em>Observa\u00e7\u00e3o: o tamanho m\u00ednimo da imagem de pino personalizada \u00e9 100x100px.<\/em><\/p><\/p>\n\n<figure class=\"wp-block-image\"><img decoding=\"async\" src=\"https:\/\/www.printmaps.net\/wp-content\/uploads\/2019\/09\/printable-map-custom-markers-1024x723.gif\" alt=\"\"\/><\/figure>\n<div style=\"height:38px\" aria-hidden=\"true\" class=\"wp-block-spacer\"><\/div>\n\n<h3 class=\"wp-block-heading\"><p><strong>Mapeando diversas localiza\u00e7\u00f5es<\/strong><\/p><\/h3>\n\n<p><p><a href=\"https:\/\/www.printmaps.net\/pt-br\/imprimir-mapa-com-diversas-localizacoes\/\" target=\"_blank\" rel=\"noreferrer noopener\">Trace diversos endere\u00e7os de uma s\u00f3 vez<\/a>, colando a lista de localiza\u00e7\u00f5es na planilha. Copie e cole facilmente do Excel.<\/p><\/p>\n\n<figure class=\"wp-block-image\"><img decoding=\"async\" src=\"https:\/\/www.printmaps.net\/wp-content\/uploads\/2019\/07\/printable-map-batch-geocode-addresses-excel-2-1024x517.gif\" alt=\"Realize o geocodifica&#xE7;&#xE3;o em lote de endere&#xE7;os para mapas imprim&#xED;veis\"\/><\/figure>\n<figure class=\"wp-block-image\"><img decoding=\"async\" src=\"https:\/\/www.printmaps.net\/wp-content\/uploads\/2019\/09\/printable-map-regions-areas-1024x636.gif\" alt=\"\"\/><\/figure>\n<div style=\"height:50px\" aria-hidden=\"true\" class=\"wp-block-spacer\"><\/div>\n\n<h3 class=\"wp-block-heading\"><p><strong>Como colorir diferentes pa\u00edses, regi\u00f5es ou cidades em um mapa<\/strong><\/p><\/h3>\n\n<p><p>Com o editor Printmaps, voc\u00ea pode colorir diferentes \u00e1reas, colocando uma forma geogr\u00e1fica em cima delas. Escolha \u00e1reas administrativas (pa\u00edses, munic\u00edpios, regi\u00f5es) de nosso banco de dados. Destacar pa\u00edses em um mapa se torna f\u00e1cil, basta colorir os pa\u00edses no mapa mundial.\u00a0<em>Observa\u00e7\u00e3o: at\u00e9 agora n\u00e3o \u00e9 (ainda) poss\u00edvel colorir continentes inteiros de uma s\u00f3 vez.<\/em><\/p><\/p>\n\n<p><p>Voc\u00ea quer dar uma cor diferente aos arredores da \u00e1rea? Clique em\u00a0<strong>inverter<\/strong>. Voc\u00ea pode alterar tanto a\u00a0<strong>cor<\/strong>\u00a0quanto a\u00a0<strong>transpar\u00eancia<\/strong>\u00a0da forma. Escolha uma das cores padr\u00e3o ou insira o c\u00f3digo HEX ou os valores RGB da cor que voc\u00ea gostaria de exibir!<\/p><\/p>\n\n<p><p>O recurso perfeito para ajud\u00e1-lo a destacar o seu destino, por exemplo, ao\u00a0<a href=\"https:\/\/www.printmaps.net\/pt-br\/mapa-de-viagem-album-de-fotos\/\">criar um mapa de viagem para o seu \u00b4album de fotos<\/a>.<\/p><\/p>\n\n<figure class=\"wp-block-image\"><img decoding=\"async\" src=\"https:\/\/www.printmaps.net\/wp-content\/uploads\/2019\/09\/printable-map-draw-geographic-shape-administrative.gif\" alt=\"\"\/><\/figure>\n<figure class=\"wp-block-image\"><img decoding=\"async\" src=\"https:\/\/www.printmaps.net\/wp-content\/uploads\/2021\/01\/Austria-map-1024x722.png\" alt=\"\"\/><\/figure>\n<h3 class=\"wp-block-heading\"><p><strong>Destacar bordas<\/strong><\/p><\/h3>\n\n<p><p>Voc\u00ea gostaria de mostrar uma\u00a0<strong>borda<\/strong>\u00a0em uma cor diferente ao redor da forma? Primeiro coloque uma forma geogr\u00e1fica com borda (selecione \u201ctra\u00e7o\u201d) sobre a \u00e1rea e, em seguida, uma forma geogr\u00e1fica sem tra\u00e7o em cima dela.<\/p><\/p>\n\n<figure class=\"wp-block-image\"><img decoding=\"async\" src=\"https:\/\/www.printmaps.net\/wp-content\/uploads\/2020\/05\/Image-from-Marlon-Blackwell-Architects.jpg\" alt=\"Mapa para an&#xE1;lise de local\"\/><\/figure>\n<div style=\"height:42px\" aria-hidden=\"true\" class=\"wp-block-spacer\"><\/div>\n\n<h2 class=\"wp-block-heading\"><p><strong>Lista de Camadas<\/strong><\/p><\/h2>\n\n<p><p>O editor Printmaps funciona com camadas de conte\u00fado. As camadas podem conter, por exemplo, os marcadores de texto, a rota ou uma forma colorida. Como em outros editores, como Photoshop e Illustrator, voc\u00ea pode mover as camadas em volta. Selecione uma camada e arraste-a para cima para exibi-la sobre a outra.\u00a0<strong>Quando voc\u00ea posiciona o cursor em uma camada nas listas de camadas, ele acende no mapa<\/strong>. Desta forma, as diferentes camadas s\u00e3o f\u00e1ceis de encontrar e voc\u00ea pode remover, ocultar, editar ou substitu\u00ed-las.<\/p><\/p>\n\n<p>Baixe o mapa como arquivo SVG ou PSD e voc\u00ea manter\u00e1 essas camadas de conte\u00fado adicionadas e as outras camadas de conte\u00fado que o mapa cont\u00e9m (sombreamento, estradas, edif\u00edcios, \u2026). Os marcadores s\u00e3o exibidos com nomes claros quando voc\u00ea abre no Photoshop ou Illustrator.<\/p>\n\n<p>Digamos que voc\u00ea queira mudar um marcador ao redor \u2013 sem problemas. O conte\u00fado abaixo do marcador n\u00e3o ser\u00e1 afetado. Bom come\u00e7o como camadas de mapa GIS.<\/p>\n\n<figure class=\"wp-block-image\"><img decoding=\"async\" src=\"https:\/\/www.printmaps.net\/wp-content\/uploads\/2020\/06\/layered-map-in-illustrator.png\" alt=\"\"\/><\/figure>\n<div style=\"height:41px\" aria-hidden=\"true\" class=\"wp-block-spacer\"><\/div>\n\n<h2 class=\"wp-block-heading\">3. Baixar o seu mapa<\/h2>\n\n<hr class=\"wp-block-separator has-alpha-channel-opacity\"\/>\n\n<p>Com o editor Printmaps, voc\u00ea baixar\u00e1 arquivos de mapas em alta resolu\u00e7\u00e3o (300dpi) que n\u00e3o perder\u00e3o nenhum detalhe ao serem impressos. Voc\u00ea tem a op\u00e7\u00e3o de baixar o mapa como um arquivo PNG, PSD ou SVG. A escolha do tipo de arquivo e quantidade de c\u00f3pias para tiragem influenciam os nossos pre\u00e7os.&#13;\n&#13;\n<\/p>\n\n<figure class=\"wp-block-image\"><img decoding=\"async\" src=\"https:\/\/www.printmaps.net\/wp-content\/uploads\/2019\/09\/printable-map-routes-trails-itineraries-1024x722.gif\" alt=\"\"\/><\/figure>\n<div style=\"height:41px\" aria-hidden=\"true\" class=\"wp-block-spacer\"><\/div>\n\n<h3 class=\"wp-block-heading\"><p><strong>Mapa PNG<\/strong><\/p><\/h3>\n\n<p><p>Caso voc\u00ea n\u00e3o precise de camadas de mapa ap\u00f3s baixar o mapa; voc\u00ea pode escolher baixar um arquivo PNG simples. O seu mapa ainda precisa de um toque final? Obviamente, continua sendo poss\u00edvel adicionar detalhes extras ao mapa com outros programas de edi\u00e7\u00e3o ap\u00f3s baix\u00e1-lo! Perfeito para um mapa de viagem em seu \u00e1lbum de fotos ou qualquer outro mapa simples para imprimir ou utiliza\u00e7\u00e3o online. Observa\u00e7\u00e3o: os mapas com um comprimento lateral superior a 220mm n\u00e3o est\u00e3o dispon\u00edveis como PNG.<\/p><\/p>\n\n<figure class=\"wp-block-image\"><img decoding=\"async\" src=\"https:\/\/www.printmaps.net\/wp-content\/uploads\/2021\/01\/Peru-1024x723.png\" alt=\"\"\/><\/figure>\n<div style=\"height:39px\" aria-hidden=\"true\" class=\"wp-block-spacer\"><\/div>\n\n<h3 class=\"wp-block-heading\">Mapa PSD<\/h3>\n\n<p>Para usu\u00e1rios do Photoshop, um arquivo PSD (Documento do Photoshop) \u00e9 \u00fatil. Aqui voc\u00ea permanecer\u00e1 as camadas do mapa e as encontrar\u00e1 claramente nomeadas ao abrir o arquivo no Photoshop (ou Illustrator). Altere, por exemplo, as cores dos rios e arraste a camada de \u00e1gua para cima para exibi-los em um pa\u00eds colorido, adicione marcadores de texto em sua fonte favorita.<\/p>\n\n<figure class=\"wp-block-image\"><img decoding=\"async\" src=\"https:\/\/www.printmaps.net\/wp-content\/uploads\/2019\/09\/printable-map-countries-outline-overview-1024x722.gif\" alt=\"\"\/><\/figure>\n<div style=\"height:41px\" aria-hidden=\"true\" class=\"wp-block-spacer\"><\/div>\n\n<h3 class=\"wp-block-heading\"><p><strong>Mapa SVG<\/strong><\/p><\/h3>\n\n<p>Se voc\u00ea est\u00e1 procurando baixar um mapa SVG, o editor Printmaps pode ser uma boa op\u00e7\u00e3o para voc\u00ea. As imagens SVG e os seus comportamentos s\u00e3o definidos em arquivos de texto XML. Isso significa que eles podem ser pesquisados, indexados, programados e compactados. SVGs s\u00e3o mapas base perfeitos para criar mapas interativos.<\/p>\n\n<p><p><em>Observa\u00e7\u00e3o: Os mapas inclinados e girados n\u00e3o est\u00e3o dispon\u00edveis como SVG.<\/em><\/p><\/p>\n\n<h2 class=\"wp-block-heading\">Lista de Recursos<\/h2>\n\n<figure class=\"wp-block-table is-style-stripes\"><table><tbody><tr><td><p><strong>Projetar mapa<\/strong><\/p><\/td><\/tr><tr><td><p>\u00a0<img decoding=\"async\" src=\"https:\/\/www.printmaps.net\/wp-content\/uploads\/2017\/12\/check.png\" alt=\"ok\" width=\"16\" height=\"16\"\/>\u00a0 Escalas de mapa de todo o mundo at\u00e9 1:1000 (casas individuais)<\/p><\/td><\/tr><tr><td><p>\u00a0<img decoding=\"async\" src=\"https:\/\/www.printmaps.net\/wp-content\/uploads\/2017\/12\/check.png\" alt=\"ok\" width=\"16\" height=\"16\"\/>\u00a0 Escolha entre muitos estilos de mapa predefinidos<\/p><\/td><\/tr><tr><td><p><img decoding=\"async\" src=\"https:\/\/www.printmaps.net\/wp-content\/uploads\/2017\/12\/check.png\" alt=\"ok\" width=\"16\" height=\"16\"\/>\u00a0 Utilize fotos a\u00e9reas para impress\u00e3o como plano de fundo do mapa (pa\u00edses selecionados)<\/p><\/td><\/tr><tr><td><p>\u00a0<img decoding=\"async\" src=\"https:\/\/www.printmaps.net\/wp-content\/uploads\/2017\/12\/check.png\" alt=\"ok\" width=\"16\" height=\"16\"\/>\u00a0 Exiba ou oculte individualmente todos os recursos do mapa<\/p><\/td><\/tr><tr><td><p>\u00a0<img decoding=\"async\" src=\"https:\/\/www.printmaps.net\/wp-content\/uploads\/2017\/12\/check.png\" alt=\"ok\" width=\"16\" height=\"16\"\/>\u00a0 Reduza os detalhes do mapa at\u00e9 50%<\/p><\/td><\/tr><tr><td><p>\u00a0<img decoding=\"async\" src=\"https:\/\/www.printmaps.net\/wp-content\/uploads\/2017\/12\/check.png\" alt=\"ok\" width=\"16\" height=\"16\"\/>\u00a0 Inclinar e girar o mapa<\/p><\/td><\/tr><tr><td><p>\u00a0<img decoding=\"async\" src=\"https:\/\/www.printmaps.net\/wp-content\/uploads\/2017\/12\/check.png\" alt=\"ok\" width=\"16\" height=\"16\"\/>\u00a0 Imprima um mapa de qualquer lugar do mundo<\/p><\/td><\/tr><tr><td><p><br\/><strong>Conte\u00fados<\/strong><\/p><\/td><\/tr><tr><td><p>\u00a0<img decoding=\"async\" src=\"https:\/\/www.printmaps.net\/wp-content\/uploads\/2017\/12\/check.png\" alt=\"ok\" width=\"16\" height=\"16\"\/>\u00a0 \u00a0Desenhe uma rota com a ferramenta magn\u00e9tica<\/p><\/td><\/tr><tr><td><p>\u00a0<img decoding=\"async\" src=\"https:\/\/www.printmaps.net\/wp-content\/uploads\/2017\/12\/check.png\" alt=\"ok\" width=\"16\" height=\"16\"\/>\u00a0 \u00a0Carregue um arquivo GPX<\/p><\/td><\/tr><tr><td><p>\u00a0<img decoding=\"async\" src=\"https:\/\/www.printmaps.net\/wp-content\/uploads\/2017\/12\/check.png\" alt=\"ok\" width=\"16\" height=\"16\"\/>\u00a0 \u00a0Carregue um arquivo GeoJSON<\/p><\/td><\/tr><tr><td><p>\u00a0<img decoding=\"async\" src=\"https:\/\/www.printmaps.net\/wp-content\/uploads\/2017\/12\/check.png\" alt=\"ok\" width=\"16\" height=\"16\"\/>\u00a0 \u00a0Carregue um arquivo KML<\/p><\/td><\/tr><tr><td><p>\u00a0<img decoding=\"async\" src=\"https:\/\/www.printmaps.net\/wp-content\/uploads\/2017\/12\/check.png\" alt=\"ok\" width=\"16\" height=\"16\"\/>\u00a0 \u00a0Adicione Pontos de Interesse (POIs)<\/p><\/td><\/tr><tr><td><p>\u00a0<img decoding=\"async\" src=\"https:\/\/www.printmaps.net\/wp-content\/uploads\/2017\/12\/check.png\" alt=\"ok\" width=\"16\" height=\"16\"\/>\u00a0 \u00a0Geocodifica\u00e7\u00e3o em remessa<\/p><\/td><\/tr><tr><td><p>\u00a0<img decoding=\"async\" src=\"https:\/\/www.printmaps.net\/wp-content\/uploads\/2017\/12\/check.png\" alt=\"ok\" width=\"16\" height=\"16\"\/>\u00a0 \u00a0Adicione formas geogr\u00e1ficas<\/p><\/td><\/tr><tr><td><p><br\/><strong>Sa\u00edda<\/strong><\/p><\/td><\/tr><tr><td><p>\u00a0<img decoding=\"async\" src=\"https:\/\/www.printmaps.net\/wp-content\/uploads\/2017\/12\/check.png\" alt=\"ok\" width=\"16\" height=\"16\"\/>\u00a0 \u00a0Mapas de at\u00e9 330mm x 330mm de tamanho<\/p><\/td><\/tr><tr><td><p>\u00a0<img decoding=\"async\" src=\"https:\/\/www.printmaps.net\/wp-content\/uploads\/2017\/12\/check.png\" alt=\"ok\" width=\"16\" height=\"16\"\/>\u00a0\u00a0 300 dpi<\/p><\/td><\/tr><tr><td><p>\u00a0<img decoding=\"async\" src=\"https:\/\/www.printmaps.net\/wp-content\/uploads\/2017\/12\/check.png\" alt=\"ok\" width=\"16\" height=\"16\"\/>\u00a0 \u00a0PNG de alta resolu\u00e7\u00e3o<\/p><\/td><\/tr><tr><td><p>\u00a0<img decoding=\"async\" src=\"https:\/\/www.printmaps.net\/wp-content\/uploads\/2017\/12\/check.png\" alt=\"ok\" width=\"16\" height=\"16\"\/>\u00a0 \u00a0PSD em camadas<\/p><\/td><\/tr><tr><td><p>\u00a0<img decoding=\"async\" src=\"https:\/\/www.printmaps.net\/wp-content\/uploads\/2017\/12\/check.png\" alt=\"ok\" width=\"16\" height=\"16\"\/>\u00a0 \u00a0Todo conte\u00fado (incluindo cada POI) como uma camada separada<\/p><\/td><\/tr><\/tbody><\/table><\/figure>\n<div style=\"height:43px\" aria-hidden=\"true\" class=\"wp-block-spacer\"><\/div>\n\n<figure class=\"wp-block-table is-style-stripes\"><table class=\"has-fixed-layout\"><thead><tr><th class=\"has-text-align-center\" data-align=\"center\"><a href=\"https:\/\/www.printmaps.net\/pt-br\/precos\/\">Op\u00e7\u00f5es de licen\u00e7a<\/a><\/th><th class=\"has-text-align-center\" data-align=\"center\">Unlimited<\/th><th class=\"has-text-align-center\" data-align=\"center\">Standard<\/th><th class=\"has-text-align-center\" data-align=\"center\">Mini<\/th><\/tr><\/thead><tbody><tr><td class=\"has-text-align-center\" data-align=\"center\">Circula\u00e7\u00e3o m\u00e1xima de impress\u00e3o<\/td><td class=\"has-text-align-center\" data-align=\"center\">ilimitado<\/td><td class=\"has-text-align-center\" data-align=\"center\">35,000<\/td><td class=\"has-text-align-center\" data-align=\"center\">1,000<\/td><\/tr><\/tbody><\/table><\/figure>\n<div style=\"height:46px\" aria-hidden=\"true\" class=\"wp-block-spacer\"><\/div>\n\n<p><p>Para recursos avan\u00e7ados, como acesso \u00e0 API, marca\u00e7\u00e3o branca ou acesso afiliado, por favor <a dir=\"ltr\" href=\"https:\/\/support.printmaps.net\/pt-BR\/support\/tickets\/new\">entre em contato conosco<\/a>.<\/p><\/p>\n\n<div style=\"height:67px\" aria-hidden=\"true\" class=\"wp-block-spacer\"><\/div>\n\n<div class=\"wp-block-group\"><div class=\"wp-block-group__inner-container is-layout-constrained wp-block-group-is-layout-constrained\">\n<h2 class=\"wp-block-heading has-text-align-center has-large-font-size\" style=\"font-style:normal;font-weight:700\">Experimente Printmaps<\/h2>\n\n\n\n<p class=\"has-text-align-center has-medium-font-size\">O nosso editor de mapas permite que voc\u00ea crie mapas de todo o mundo para impress\u00e3o em um instante.<\/p>\n\n\n\n<div style=\"height:15px\" aria-hidden=\"true\" class=\"wp-block-spacer\"><\/div>\n\n\n\n<div class=\"wp-block-buttons is-content-justification-center is-layout-flex wp-container-core-buttons-is-layout-16018d1d wp-block-buttons-is-layout-flex\">\n<div class=\"wp-block-button has-custom-font-size\" style=\"font-size:18px\"><a class=\"wp-block-button__link has-background wp-element-button\" href=\"https:\/\/www.printmaps.net\/pt-br\/\" style=\"border-radius:10px;background-color:#e5017e\"><p><strong>Crie o seu primeiro mapa agora<\/strong><\/p><\/a><\/div>\n<\/div>\n<\/div><\/div>\n\n<div style=\"height:71px\" aria-hidden=\"true\" class=\"wp-block-spacer\"><\/div>\n","protected":false},"excerpt":{"rendered":"<p>Voc\u00ea n\u00e3o precisa ser um cart\u00f3grafo profissional ou um designer para criar mapas impressionantes e atraentes em minutos \u2013 sendo eles\u00a0mapas de cidade, mapas de trilhas, mapas de dire\u00e7\u00e3o, mapas tur\u00edsticos\u00a0ou\u00a0mapas de vis\u00e3o geral. N\u00f3s prometemos: O\u00a0editor de mapas\u00a0Printmaps\u00a0vai economizar muitas horas no desenho do mapa e no tra\u00e7ado da rota. Voc\u00ea est\u00e1 procurando\u00a0imprimir mapas [&hellip;]<\/p>\n","protected":false},"author":5,"featured_media":0,"parent":0,"menu_order":0,"comment_status":"closed","ping_status":"closed","template":"","meta":{"_et_pb_use_builder":"off","_et_pb_old_content":"","_et_gb_content_width":"","footnotes":""},"class_list":["post-95864","page","type-page","status-publish","hentry"],"_links":{"self":[{"href":"https:\/\/www.printmaps.net\/pt-br\/wp-json\/wp\/v2\/pages\/95864","targetHints":{"allow":["GET"]}}],"collection":[{"href":"https:\/\/www.printmaps.net\/pt-br\/wp-json\/wp\/v2\/pages"}],"about":[{"href":"https:\/\/www.printmaps.net\/pt-br\/wp-json\/wp\/v2\/types\/page"}],"author":[{"embeddable":true,"href":"https:\/\/www.printmaps.net\/pt-br\/wp-json\/wp\/v2\/users\/5"}],"replies":[{"embeddable":true,"href":"https:\/\/www.printmaps.net\/pt-br\/wp-json\/wp\/v2\/comments?post=95864"}],"version-history":[{"count":105,"href":"https:\/\/www.printmaps.net\/pt-br\/wp-json\/wp\/v2\/pages\/95864\/revisions"}],"predecessor-version":[{"id":185833,"href":"https:\/\/www.printmaps.net\/pt-br\/wp-json\/wp\/v2\/pages\/95864\/revisions\/185833"}],"wp:attachment":[{"href":"https:\/\/www.printmaps.net\/pt-br\/wp-json\/wp\/v2\/media?parent=95864"}],"curies":[{"name":"wp","href":"https:\/\/api.w.org\/{rel}","templated":true}]}}